{"id":1610361,"date":"2026-04-12T13:50:21","date_gmt":"2026-04-12T11:50:21","guid":{"rendered":"https:\/\/dev6.erresse-shop.it\/shop\/non%20class\u00e9\/riedel-set-summer-drinks\/"},"modified":"2025-07-04T20:02:17","modified_gmt":"2025-07-04T18:02:17","slug":"riedel-set-summer-drinks","status":"publish","type":"product","link":"https:\/\/dev6.erresse-shop.it\/fr\/shop\/table-fr-2\/verres\/riedel-set-summer-drinks\/","title":{"rendered":"RIEDEL Set Summer Drinks"},"content":{"rendered":"<p>Coffret de 4 verres \u00e0 cocktail et \u00e0 ap\u00e9ritif RIEDEL Pi\u00e8ces<\/p>\n<p>Cr\u00e9ez des cocktails et ap\u00e9ritifs d\u2019\u00e9t\u00e9 uniques avec cet \u00e9l\u00e9gant service, con\u00e7u pour servir parfaitement vos boissons pr\u00e9f\u00e9r\u00e9es en toute occasion. Ce service comprend des verres parfaits pour d\u00e9guster du vin blanc, du champagne et des spritz, garantissant une exp\u00e9rience de d\u00e9gustation agr\u00e9able et raffin\u00e9e.<\/p>\n<p>Id\u00e9al pour pr\u00e9parer des cocktails \u00e9l\u00e9gants, servir des ap\u00e9ritifs rafra\u00eechissants, d\u00e9guster un vin blanc p\u00e9tillant ou savourer un gin tonic classique, chaque verre est con\u00e7u pour sublimer les caract\u00e9ristiques uniques de chaque boisson. Avec son design polyvalent et raffin\u00e9, ce service est un incontournable pour tout amateur de boissons, id\u00e9al pour la maison ou comme cadeau id\u00e9al pour les amateurs de cocktails et de spiritueux.<\/p>\n<p>Caract\u00e9ristiques du produit\u00a0:<\/p>\n<p>Coffret de 4 verres parfaits pour les cocktails, les ap\u00e9ritifs, le vin blanc et le champagne<br \/>\nFabriqu\u00e9 en cristal transparent de haute qualit\u00e9<br \/>\nFabriqu\u00e9 \u00e0 la machine pour une pr\u00e9cision irr\u00e9prochable<br \/>\nPasse au lave-vaisselle pour un entretien facile<br \/>\nDesign polyvalent, id\u00e9al pour les cocktails, les ap\u00e9ritifs et les spiritueux.<br \/>\nParfait pour une utilisation \u00e0 la maison ou comme cadeau \u00e9l\u00e9gant.<\/p>\n<p>Faites passer vos boissons au niveau sup\u00e9rieur avec le coffret \u00e0 cocktails, spiritueux et cocktails RIEDEL. Avec une gamme de styles pour tous les go\u00fbts, ce service sera le compagnon id\u00e9al en toute occasion, ajoutant style et sophistication \u00e0 vos moments de d\u00e9tente.<\/p>\n<p>Capacit\u00e9\u00a0: 550,0\u00a0cm\u00b3<br \/>\nHauteur\u00a0: 236,0\u00a0mm<\/p>\n","protected":false},"excerpt":{"rendered":"<p>Coffret de 4 verres \u00e0 cocktail et \u00e0 ap\u00e9ritif RIEDEL Pi\u00e8ces Cr\u00e9ez des cocktails et ap\u00e9ritifs d\u2019\u00e9t\u00e9 uniques avec cet \u00e9l\u00e9gant service, con\u00e7u pour servir parfaitement vos boissons pr\u00e9f\u00e9r\u00e9es en toute occasion. Ce service comprend des verres parfaits pour d\u00e9guster du vin blanc, du champagne et des spritz, garantissant une exp\u00e9rience de d\u00e9gustation agr\u00e9able et [&hellip;]<\/p>\n","protected":false},"featured_media":6378590,"template":"","meta":{"_acf_changed":false},"product_cat":[11995,12009],"product_tag":[],"class_list":{"0":"post-1610361","1":"product","2":"type-product","3":"status-publish","4":"has-post-thumbnail","6":"product_cat-table-fr-2","7":"product_cat-verres","9":"first","10":"instock","11":"taxable","12":"shipping-taxable","13":"purchasable","14":"product-type-simple","swatches":"rey-swatches","show_selected":"","stretch_labels":"rey-swatches--stretch-labels"},"acf":[],"yoast_head":"<!-- This site is optimized with the Yoast SEO plugin v25.4 - https:\/\/yoast.com\/wordpress\/plugins\/seo\/ -->\n<title>RIEDEL Set Summer Drinks - dev6 Erresse<\/title>\n<meta name=\"description\" content=\"Coffret de 4 verres \u00e0 cocktail et \u00e0 ap\u00e9ritif RIEDEL Pi\u00e8ces Cr\u00e9ez des cocktails et ap\u00e9ritifs d\u2019\u00e9t\u00e9 uniques avec cet \u00e9l\u00e9gant service, con\u00e7u pour servir\" \/>\n<meta name=\"robots\" content=\"noindex, follow, max-snippet:-1, max-image-preview:large, max-video-preview:-1\" \/>\n<meta property=\"og:locale\" content=\"fr_FR\" \/>\n<meta property=\"og:type\" content=\"article\" \/>\n<meta property=\"og:title\" content=\"RIEDEL Set Summer Drinks - dev6 Erresse\" \/>\n<meta property=\"og:description\" content=\"Coffret de 4 verres \u00e0 cocktail et \u00e0 ap\u00e9ritif RIEDEL Pi\u00e8ces Cr\u00e9ez des cocktails et ap\u00e9ritifs d\u2019\u00e9t\u00e9 uniques avec cet \u00e9l\u00e9gant service, con\u00e7u pour servir\" \/>\n<meta property=\"og:url\" content=\"https:\/\/dev6.erresse-shop.it\/fr\/shop\/table-fr-2\/verres\/riedel-set-summer-drinks\/\" \/>\n<meta property=\"og:site_name\" content=\"dev6 Erresse\" \/>\n<meta property=\"og:image\" content=\"https:\/\/interpim.erresse-shop.it\/Import\/Prodotti\/riedel-set-summer-drinks.jpg\" \/><meta property=\"og:image\" content=\"https:\/\/interpim.erresse-shop.it\/Import\/Prodotti\/riedel-set-summer-drinks.jpg\" \/>\n\t<meta property=\"og:image:width\" content=\"1024\" \/>\n\t<meta property=\"og:image:height\" content=\"1024\" \/>\n\t<meta property=\"og:image:type\" content=\"image\/jpeg\" \/>\n<meta name=\"twitter:card\" content=\"summary_large_image\" \/>\n<meta name=\"twitter:image\" content=\"https:\/\/interpim.erresse-shop.it\/Import\/Prodotti\/riedel-set-summer-drinks.jpg\" \/>\n<script type=\"application\/ld+json\" class=\"yoast-schema-graph\">{\"@context\":\"https:\/\/schema.org\",\"@graph\":[{\"@type\":\"WebPage\",\"@id\":\"https:\/\/dev6.erresse-shop.it\/fr\/shop\/table-fr-2\/verres\/riedel-set-summer-drinks\/\",\"url\":\"https:\/\/dev6.erresse-shop.it\/fr\/shop\/table-fr-2\/verres\/riedel-set-summer-drinks\/\",\"name\":\"RIEDEL Set Summer Drinks - dev6 Erresse\",\"isPartOf\":{\"@id\":\"https:\/\/dev6.erresse-shop.it\/#website\"},\"primaryImageOfPage\":{\"@id\":\"https:\/\/dev6.erresse-shop.it\/fr\/shop\/table-fr-2\/verres\/riedel-set-summer-drinks\/#primaryimage\"},\"image\":{\"@id\":\"https:\/\/dev6.erresse-shop.it\/fr\/shop\/table-fr-2\/verres\/riedel-set-summer-drinks\/#primaryimage\"},\"thumbnailUrl\":\"https:\/\/i3.wp.com\/interpim.erresse-shop.it\/Import\/Prodotti\/riedel-set-summer-drinks.jpg?ssl=1\",\"datePublished\":\"2026-04-12T11:50:21+00:00\",\"description\":\"Coffret de 4 verres \u00e0 cocktail et \u00e0 ap\u00e9ritif RIEDEL Pi\u00e8ces Cr\u00e9ez des cocktails et ap\u00e9ritifs d\u2019\u00e9t\u00e9 uniques avec cet \u00e9l\u00e9gant service, con\u00e7u pour servir\",\"breadcrumb\":{\"@id\":\"https:\/\/dev6.erresse-shop.it\/fr\/shop\/table-fr-2\/verres\/riedel-set-summer-drinks\/#breadcrumb\"},\"inLanguage\":\"fr-FR\",\"potentialAction\":[{\"@type\":\"ReadAction\",\"target\":[\"https:\/\/dev6.erresse-shop.it\/fr\/shop\/table-fr-2\/verres\/riedel-set-summer-drinks\/\"]}]},{\"@type\":\"ImageObject\",\"inLanguage\":\"fr-FR\",\"@id\":\"https:\/\/dev6.erresse-shop.it\/fr\/shop\/table-fr-2\/verres\/riedel-set-summer-drinks\/#primaryimage\",\"url\":\"https:\/\/i3.wp.com\/interpim.erresse-shop.it\/Import\/Prodotti\/riedel-set-summer-drinks.jpg?ssl=1\",\"contentUrl\":\"https:\/\/i3.wp.com\/interpim.erresse-shop.it\/Import\/Prodotti\/riedel-set-summer-drinks.jpg?ssl=1\"},{\"@type\":\"BreadcrumbList\",\"@id\":\"https:\/\/dev6.erresse-shop.it\/fr\/shop\/table-fr-2\/verres\/riedel-set-summer-drinks\/#breadcrumb\",\"itemListElement\":[{\"@type\":\"ListItem\",\"position\":1,\"name\":\"Home\",\"item\":\"https:\/\/dev6.erresse-shop.it\/\"},{\"@type\":\"ListItem\",\"position\":2,\"name\":\"Boutique\",\"item\":\"https:\/\/dev6.erresse-shop.it\/shop\/\"},{\"@type\":\"ListItem\",\"position\":3,\"name\":\"RIEDEL Set Summer Drinks\"}]},{\"@type\":\"WebSite\",\"@id\":\"https:\/\/dev6.erresse-shop.it\/#website\",\"url\":\"https:\/\/dev6.erresse-shop.it\/\",\"name\":\"Erresse Shop\",\"description\":\"\",\"publisher\":{\"@id\":\"https:\/\/dev6.erresse-shop.it\/#organization\"},\"potentialAction\":[{\"@type\":\"SearchAction\",\"target\":{\"@type\":\"EntryPoint\",\"urlTemplate\":\"https:\/\/dev6.erresse-shop.it\/?s={search_term_string}\"},\"query-input\":{\"@type\":\"PropertyValueSpecification\",\"valueRequired\":true,\"valueName\":\"search_term_string\"}}],\"inLanguage\":\"fr-FR\"},{\"@type\":\"Organization\",\"@id\":\"https:\/\/dev6.erresse-shop.it\/#organization\",\"name\":\"Erresse Shop\",\"url\":\"https:\/\/dev6.erresse-shop.it\/\",\"logo\":{\"@type\":\"ImageObject\",\"inLanguage\":\"fr-FR\",\"@id\":\"https:\/\/dev6.erresse-shop.it\/#\/schema\/logo\/image\/\",\"url\":\"https:\/\/dev6.erresse-shop.it\/wp-content\/uploads\/2025\/01\/LOGO-ERRESSE-CLASSICO.svg\",\"contentUrl\":\"https:\/\/dev6.erresse-shop.it\/wp-content\/uploads\/2025\/01\/LOGO-ERRESSE-CLASSICO.svg\",\"caption\":\"Erresse Shop\"},\"image\":{\"@id\":\"https:\/\/dev6.erresse-shop.it\/#\/schema\/logo\/image\/\"}}]}<\/script>\n<!-- \/ Yoast SEO plugin. -->","yoast_head_json":{"title":"RIEDEL Set Summer Drinks - dev6 Erresse","description":"Coffret de 4 verres \u00e0 cocktail et \u00e0 ap\u00e9ritif RIEDEL Pi\u00e8ces Cr\u00e9ez des cocktails et ap\u00e9ritifs d\u2019\u00e9t\u00e9 uniques avec cet \u00e9l\u00e9gant service, con\u00e7u pour servir","robots":{"index":"noindex","follow":"follow","max-snippet":"max-snippet:-1","max-image-preview":"max-image-preview:large","max-video-preview":"max-video-preview:-1"},"og_locale":"fr_FR","og_type":"article","og_title":"RIEDEL Set Summer Drinks - dev6 Erresse","og_description":"Coffret de 4 verres \u00e0 cocktail et \u00e0 ap\u00e9ritif RIEDEL Pi\u00e8ces Cr\u00e9ez des cocktails et ap\u00e9ritifs d\u2019\u00e9t\u00e9 uniques avec cet \u00e9l\u00e9gant service, con\u00e7u pour servir","og_url":"https:\/\/dev6.erresse-shop.it\/fr\/shop\/table-fr-2\/verres\/riedel-set-summer-drinks\/","og_site_name":"dev6 Erresse","og_image":[{"url":"https:\/\/interpim.erresse-shop.it\/Import\/Prodotti\/riedel-set-summer-drinks.jpg","type":"","width":"","height":""},{"url":"https:\/\/interpim.erresse-shop.it\/Import\/Prodotti\/riedel-set-summer-drinks.jpg","width":1024,"height":1024,"type":"image\/jpeg"}],"twitter_card":"summary_large_image","twitter_image":"https:\/\/interpim.erresse-shop.it\/Import\/Prodotti\/riedel-set-summer-drinks.jpg","schema":{"@context":"https:\/\/schema.org","@graph":[{"@type":"WebPage","@id":"https:\/\/dev6.erresse-shop.it\/fr\/shop\/table-fr-2\/verres\/riedel-set-summer-drinks\/","url":"https:\/\/dev6.erresse-shop.it\/fr\/shop\/table-fr-2\/verres\/riedel-set-summer-drinks\/","name":"RIEDEL Set Summer Drinks - dev6 Erresse","isPartOf":{"@id":"https:\/\/dev6.erresse-shop.it\/#website"},"primaryImageOfPage":{"@id":"https:\/\/dev6.erresse-shop.it\/fr\/shop\/table-fr-2\/verres\/riedel-set-summer-drinks\/#primaryimage"},"image":{"@id":"https:\/\/dev6.erresse-shop.it\/fr\/shop\/table-fr-2\/verres\/riedel-set-summer-drinks\/#primaryimage"},"thumbnailUrl":"https:\/\/i3.wp.com\/interpim.erresse-shop.it\/Import\/Prodotti\/riedel-set-summer-drinks.jpg?ssl=1","datePublished":"2026-04-12T11:50:21+00:00","description":"Coffret de 4 verres \u00e0 cocktail et \u00e0 ap\u00e9ritif RIEDEL Pi\u00e8ces Cr\u00e9ez des cocktails et ap\u00e9ritifs d\u2019\u00e9t\u00e9 uniques avec cet \u00e9l\u00e9gant service, con\u00e7u pour servir","breadcrumb":{"@id":"https:\/\/dev6.erresse-shop.it\/fr\/shop\/table-fr-2\/verres\/riedel-set-summer-drinks\/#breadcrumb"},"inLanguage":"fr-FR","potentialAction":[{"@type":"ReadAction","target":["https:\/\/dev6.erresse-shop.it\/fr\/shop\/table-fr-2\/verres\/riedel-set-summer-drinks\/"]}]},{"@type":"ImageObject","inLanguage":"fr-FR","@id":"https:\/\/dev6.erresse-shop.it\/fr\/shop\/table-fr-2\/verres\/riedel-set-summer-drinks\/#primaryimage","url":"https:\/\/i3.wp.com\/interpim.erresse-shop.it\/Import\/Prodotti\/riedel-set-summer-drinks.jpg?ssl=1","contentUrl":"https:\/\/i3.wp.com\/interpim.erresse-shop.it\/Import\/Prodotti\/riedel-set-summer-drinks.jpg?ssl=1"},{"@type":"BreadcrumbList","@id":"https:\/\/dev6.erresse-shop.it\/fr\/shop\/table-fr-2\/verres\/riedel-set-summer-drinks\/#breadcrumb","itemListElement":[{"@type":"ListItem","position":1,"name":"Home","item":"https:\/\/dev6.erresse-shop.it\/"},{"@type":"ListItem","position":2,"name":"Boutique","item":"https:\/\/dev6.erresse-shop.it\/shop\/"},{"@type":"ListItem","position":3,"name":"RIEDEL Set Summer Drinks"}]},{"@type":"WebSite","@id":"https:\/\/dev6.erresse-shop.it\/#website","url":"https:\/\/dev6.erresse-shop.it\/","name":"Erresse Shop","description":"","publisher":{"@id":"https:\/\/dev6.erresse-shop.it\/#organization"},"potentialAction":[{"@type":"SearchAction","target":{"@type":"EntryPoint","urlTemplate":"https:\/\/dev6.erresse-shop.it\/?s={search_term_string}"},"query-input":{"@type":"PropertyValueSpecification","valueRequired":true,"valueName":"search_term_string"}}],"inLanguage":"fr-FR"},{"@type":"Organization","@id":"https:\/\/dev6.erresse-shop.it\/#organization","name":"Erresse Shop","url":"https:\/\/dev6.erresse-shop.it\/","logo":{"@type":"ImageObject","inLanguage":"fr-FR","@id":"https:\/\/dev6.erresse-shop.it\/#\/schema\/logo\/image\/","url":"https:\/\/dev6.erresse-shop.it\/wp-content\/uploads\/2025\/01\/LOGO-ERRESSE-CLASSICO.svg","contentUrl":"https:\/\/dev6.erresse-shop.it\/wp-content\/uploads\/2025\/01\/LOGO-ERRESSE-CLASSICO.svg","caption":"Erresse Shop"},"image":{"@id":"https:\/\/dev6.erresse-shop.it\/#\/schema\/logo\/image\/"}}]}},"df_price":45,"df_sale_price":"","df_regular_price":45,"df_image_link":"https:\/\/i3.wp.com\/interpim.erresse-shop.it\/Import\/Prodotti\/riedel-set-summer-drinks.jpg?resize=300,300&ssl=1","fifu_image_url":"https:\/\/interpim.erresse-shop.it\/Import\/Prodotti\/riedel-set-summer-drinks.jpg","_links":{"self":[{"href":"https:\/\/dev6.erresse-shop.it\/fr\/wp-json\/wp\/v2\/product\/1610361","targetHints":{"allow":["GET"]}}],"collection":[{"href":"https:\/\/dev6.erresse-shop.it\/fr\/wp-json\/wp\/v2\/product"}],"about":[{"href":"https:\/\/dev6.erresse-shop.it\/fr\/wp-json\/wp\/v2\/types\/product"}],"wp:featuredmedia":[{"embeddable":true,"href":"https:\/\/dev6.erresse-shop.it\/fr\/wp-json\/wp\/v2\/media\/6378590"}],"wp:attachment":[{"href":"https:\/\/dev6.erresse-shop.it\/fr\/wp-json\/wp\/v2\/media?parent=1610361"}],"wp:term":[{"taxonomy":"product_cat","embeddable":true,"href":"https:\/\/dev6.erresse-shop.it\/fr\/wp-json\/wp\/v2\/product_cat?post=1610361"},{"taxonomy":"product_tag","embeddable":true,"href":"https:\/\/dev6.erresse-shop.it\/fr\/wp-json\/wp\/v2\/product_tag?post=1610361"}],"curies":[{"name":"wp","href":"https:\/\/api.w.org\/{rel}","templated":true}]}}