{"id":1610359,"date":"2026-04-12T13:50:21","date_gmt":"2026-04-12T11:50:21","guid":{"rendered":"https:\/\/dev6.erresse-shop.it\/shop\/non%20class\u00e9\/riedel-ouverture-verres-a-biere\/"},"modified":"2025-07-04T20:02:10","modified_gmt":"2025-07-04T18:02:10","slug":"riedel-ouverture-verres-a-biere","status":"publish","type":"product","link":"https:\/\/dev6.erresse-shop.it\/fr\/shop\/table-fr-2\/verres\/riedel-ouverture-verres-a-biere\/","title":{"rendered":"RIEDEL Ouverture Verres \u00e0 bi\u00e8re"},"content":{"rendered":"<p>Ensemble de verres \u00e0 bi\u00e8re RIEDEL Ouverture \u2013 2 pi\u00e8ces<\/p>\n<p>Am\u00e9liorez votre exp\u00e9rience gustative avec le verre \u00e0 bi\u00e8re RIEDEL Ouverture, id\u00e9al pour r\u00e9v\u00e9ler la couleur, d\u00e9velopper les ar\u00f4mes et prolonger la sensation en bouche. Sa forme tulipe capture toute la palette aromatique de la bi\u00e8re, dissipe l\u2019exc\u00e8s de carbonatation et contribue \u00e0 maintenir la mousse, sublimant chaque gorg\u00e9e.<\/p>\n<p>Issu de la s\u00e9rie RIEDEL Ouverture, ce verre est con\u00e7u pour ceux qui recherchent la qualit\u00e9 sans se limiter \u00e0 un seul c\u00e9page. Ouverture propose des verres polyvalents pour le vin, la bi\u00e8re et les spiritueux, tous fabriqu\u00e9s en cristal clair, pour une d\u00e9gustation parfaite \u00e0 chaque fois.<\/p>\n<p>Caract\u00e9ristiques du produit\u00a0:<\/p>\n<p>Lot de 2 verres \u00e0 bi\u00e8re RIEDEL Ouverture<br \/>\nForme tulipe pour capturer les ar\u00f4mes et prolonger la sensation en bouche<br \/>\nFabriqu\u00e9 en cristal clair de haute qualit\u00e9<br \/>\nFabriqu\u00e9 \u00e0 la machine pour une pr\u00e9cision irr\u00e9prochable<br \/>\nCompatible lave-vaisselle pour un entretien facile.<br \/>\nParfait pour ceux qui recherchent des verres polyvalents pour la bi\u00e8re, le vin et les spiritueux.<\/p>\n<p>Ajoutez le service RIEDEL Ouverture \u00e0 votre collection pour d\u00e9guster bi\u00e8re, vin et spiritueux avec un confort et une qualit\u00e9 optimaux.<\/p>\n<p>Capacit\u00e9\u00a0: 500,0\u00a0cm\u00b3<br \/>\nHauteur\u00a0: 170,0\u00a0mm<\/p>\n","protected":false},"excerpt":{"rendered":"<p>Ensemble de verres \u00e0 bi\u00e8re RIEDEL Ouverture \u2013 2 pi\u00e8ces Am\u00e9liorez votre exp\u00e9rience gustative avec le verre \u00e0 bi\u00e8re RIEDEL Ouverture, id\u00e9al pour r\u00e9v\u00e9ler la couleur, d\u00e9velopper les ar\u00f4mes et prolonger la sensation en bouche. Sa forme tulipe capture toute la palette aromatique de la bi\u00e8re, dissipe l\u2019exc\u00e8s de carbonatation et contribue \u00e0 maintenir la [&hellip;]<\/p>\n","protected":false},"featured_media":6378579,"template":"","meta":{"_acf_changed":false},"product_cat":[11995,12009],"product_tag":[],"class_list":{"0":"post-1610359","1":"product","2":"type-product","3":"status-publish","4":"has-post-thumbnail","6":"product_cat-table-fr-2","7":"product_cat-verres","9":"first","10":"instock","11":"taxable","12":"shipping-taxable","13":"purchasable","14":"product-type-simple","swatches":"rey-swatches","show_selected":"","stretch_labels":"rey-swatches--stretch-labels"},"acf":[],"yoast_head":"<!-- This site is optimized with the Yoast SEO plugin v25.4 - https:\/\/yoast.com\/wordpress\/plugins\/seo\/ -->\n<title>RIEDEL Ouverture Verres \u00e0 bi\u00e8re - dev6 Erresse<\/title>\n<meta name=\"description\" content=\"Ensemble de verres \u00e0 bi\u00e8re RIEDEL Ouverture \u2013 2 pi\u00e8ces Am\u00e9liorez votre exp\u00e9rience gustative avec le verre \u00e0 bi\u00e8re RIEDEL Ouverture, id\u00e9al pour r\u00e9v\u00e9ler la\" \/>\n<meta name=\"robots\" content=\"noindex, follow, max-snippet:-1, max-image-preview:large, max-video-preview:-1\" \/>\n<meta property=\"og:locale\" content=\"fr_FR\" \/>\n<meta property=\"og:type\" content=\"article\" \/>\n<meta property=\"og:title\" content=\"RIEDEL Ouverture Verres \u00e0 bi\u00e8re - dev6 Erresse\" \/>\n<meta property=\"og:description\" content=\"Ensemble de verres \u00e0 bi\u00e8re RIEDEL Ouverture \u2013 2 pi\u00e8ces Am\u00e9liorez votre exp\u00e9rience gustative avec le verre \u00e0 bi\u00e8re RIEDEL Ouverture, id\u00e9al pour r\u00e9v\u00e9ler la\" \/>\n<meta property=\"og:url\" content=\"https:\/\/dev6.erresse-shop.it\/fr\/shop\/table-fr-2\/verres\/riedel-ouverture-verres-a-biere\/\" \/>\n<meta property=\"og:site_name\" content=\"dev6 Erresse\" \/>\n<meta property=\"og:image\" content=\"https:\/\/interpim.erresse-shop.it\/Import\/Prodotti\/riedel-ouverture-bicchieri-birra.jpg\" \/><meta property=\"og:image\" content=\"https:\/\/interpim.erresse-shop.it\/Import\/Prodotti\/riedel-ouverture-bicchieri-birra.jpg\" \/>\n\t<meta property=\"og:image:width\" content=\"1024\" \/>\n\t<meta property=\"og:image:height\" content=\"1024\" \/>\n\t<meta property=\"og:image:type\" content=\"image\/jpeg\" \/>\n<meta name=\"twitter:card\" content=\"summary_large_image\" \/>\n<meta name=\"twitter:image\" content=\"https:\/\/interpim.erresse-shop.it\/Import\/Prodotti\/riedel-ouverture-bicchieri-birra.jpg\" \/>\n<script type=\"application\/ld+json\" class=\"yoast-schema-graph\">{\"@context\":\"https:\/\/schema.org\",\"@graph\":[{\"@type\":\"WebPage\",\"@id\":\"https:\/\/dev6.erresse-shop.it\/fr\/shop\/table-fr-2\/verres\/riedel-ouverture-verres-a-biere\/\",\"url\":\"https:\/\/dev6.erresse-shop.it\/fr\/shop\/table-fr-2\/verres\/riedel-ouverture-verres-a-biere\/\",\"name\":\"RIEDEL Ouverture Verres \u00e0 bi\u00e8re - dev6 Erresse\",\"isPartOf\":{\"@id\":\"https:\/\/dev6.erresse-shop.it\/#website\"},\"primaryImageOfPage\":{\"@id\":\"https:\/\/dev6.erresse-shop.it\/fr\/shop\/table-fr-2\/verres\/riedel-ouverture-verres-a-biere\/#primaryimage\"},\"image\":{\"@id\":\"https:\/\/dev6.erresse-shop.it\/fr\/shop\/table-fr-2\/verres\/riedel-ouverture-verres-a-biere\/#primaryimage\"},\"thumbnailUrl\":\"https:\/\/i2.wp.com\/interpim.erresse-shop.it\/Import\/Prodotti\/riedel-ouverture-bicchieri-birra.jpg?ssl=1\",\"datePublished\":\"2026-04-12T11:50:21+00:00\",\"description\":\"Ensemble de verres \u00e0 bi\u00e8re RIEDEL Ouverture \u2013 2 pi\u00e8ces Am\u00e9liorez votre exp\u00e9rience gustative avec le verre \u00e0 bi\u00e8re RIEDEL Ouverture, id\u00e9al pour r\u00e9v\u00e9ler la\",\"breadcrumb\":{\"@id\":\"https:\/\/dev6.erresse-shop.it\/fr\/shop\/table-fr-2\/verres\/riedel-ouverture-verres-a-biere\/#breadcrumb\"},\"inLanguage\":\"fr-FR\",\"potentialAction\":[{\"@type\":\"ReadAction\",\"target\":[\"https:\/\/dev6.erresse-shop.it\/fr\/shop\/table-fr-2\/verres\/riedel-ouverture-verres-a-biere\/\"]}]},{\"@type\":\"ImageObject\",\"inLanguage\":\"fr-FR\",\"@id\":\"https:\/\/dev6.erresse-shop.it\/fr\/shop\/table-fr-2\/verres\/riedel-ouverture-verres-a-biere\/#primaryimage\",\"url\":\"https:\/\/i2.wp.com\/interpim.erresse-shop.it\/Import\/Prodotti\/riedel-ouverture-bicchieri-birra.jpg?ssl=1\",\"contentUrl\":\"https:\/\/i2.wp.com\/interpim.erresse-shop.it\/Import\/Prodotti\/riedel-ouverture-bicchieri-birra.jpg?ssl=1\"},{\"@type\":\"BreadcrumbList\",\"@id\":\"https:\/\/dev6.erresse-shop.it\/fr\/shop\/table-fr-2\/verres\/riedel-ouverture-verres-a-biere\/#breadcrumb\",\"itemListElement\":[{\"@type\":\"ListItem\",\"position\":1,\"name\":\"Home\",\"item\":\"https:\/\/dev6.erresse-shop.it\/\"},{\"@type\":\"ListItem\",\"position\":2,\"name\":\"Boutique\",\"item\":\"https:\/\/dev6.erresse-shop.it\/shop\/\"},{\"@type\":\"ListItem\",\"position\":3,\"name\":\"RIEDEL Ouverture Verres \u00e0 bi\u00e8re\"}]},{\"@type\":\"WebSite\",\"@id\":\"https:\/\/dev6.erresse-shop.it\/#website\",\"url\":\"https:\/\/dev6.erresse-shop.it\/\",\"name\":\"Erresse Shop\",\"description\":\"\",\"publisher\":{\"@id\":\"https:\/\/dev6.erresse-shop.it\/#organization\"},\"potentialAction\":[{\"@type\":\"SearchAction\",\"target\":{\"@type\":\"EntryPoint\",\"urlTemplate\":\"https:\/\/dev6.erresse-shop.it\/?s={search_term_string}\"},\"query-input\":{\"@type\":\"PropertyValueSpecification\",\"valueRequired\":true,\"valueName\":\"search_term_string\"}}],\"inLanguage\":\"fr-FR\"},{\"@type\":\"Organization\",\"@id\":\"https:\/\/dev6.erresse-shop.it\/#organization\",\"name\":\"Erresse Shop\",\"url\":\"https:\/\/dev6.erresse-shop.it\/\",\"logo\":{\"@type\":\"ImageObject\",\"inLanguage\":\"fr-FR\",\"@id\":\"https:\/\/dev6.erresse-shop.it\/#\/schema\/logo\/image\/\",\"url\":\"https:\/\/dev6.erresse-shop.it\/wp-content\/uploads\/2025\/01\/LOGO-ERRESSE-CLASSICO.svg\",\"contentUrl\":\"https:\/\/dev6.erresse-shop.it\/wp-content\/uploads\/2025\/01\/LOGO-ERRESSE-CLASSICO.svg\",\"caption\":\"Erresse Shop\"},\"image\":{\"@id\":\"https:\/\/dev6.erresse-shop.it\/#\/schema\/logo\/image\/\"}}]}<\/script>\n<!-- \/ Yoast SEO plugin. -->","yoast_head_json":{"title":"RIEDEL Ouverture Verres \u00e0 bi\u00e8re - dev6 Erresse","description":"Ensemble de verres \u00e0 bi\u00e8re RIEDEL Ouverture \u2013 2 pi\u00e8ces Am\u00e9liorez votre exp\u00e9rience gustative avec le verre \u00e0 bi\u00e8re RIEDEL Ouverture, id\u00e9al pour r\u00e9v\u00e9ler la","robots":{"index":"noindex","follow":"follow","max-snippet":"max-snippet:-1","max-image-preview":"max-image-preview:large","max-video-preview":"max-video-preview:-1"},"og_locale":"fr_FR","og_type":"article","og_title":"RIEDEL Ouverture Verres \u00e0 bi\u00e8re - dev6 Erresse","og_description":"Ensemble de verres \u00e0 bi\u00e8re RIEDEL Ouverture \u2013 2 pi\u00e8ces Am\u00e9liorez votre exp\u00e9rience gustative avec le verre \u00e0 bi\u00e8re RIEDEL Ouverture, id\u00e9al pour r\u00e9v\u00e9ler la","og_url":"https:\/\/dev6.erresse-shop.it\/fr\/shop\/table-fr-2\/verres\/riedel-ouverture-verres-a-biere\/","og_site_name":"dev6 Erresse","og_image":[{"url":"https:\/\/interpim.erresse-shop.it\/Import\/Prodotti\/riedel-ouverture-bicchieri-birra.jpg","type":"","width":"","height":""},{"url":"https:\/\/interpim.erresse-shop.it\/Import\/Prodotti\/riedel-ouverture-bicchieri-birra.jpg","width":1024,"height":1024,"type":"image\/jpeg"}],"twitter_card":"summary_large_image","twitter_image":"https:\/\/interpim.erresse-shop.it\/Import\/Prodotti\/riedel-ouverture-bicchieri-birra.jpg","schema":{"@context":"https:\/\/schema.org","@graph":[{"@type":"WebPage","@id":"https:\/\/dev6.erresse-shop.it\/fr\/shop\/table-fr-2\/verres\/riedel-ouverture-verres-a-biere\/","url":"https:\/\/dev6.erresse-shop.it\/fr\/shop\/table-fr-2\/verres\/riedel-ouverture-verres-a-biere\/","name":"RIEDEL Ouverture Verres \u00e0 bi\u00e8re - dev6 Erresse","isPartOf":{"@id":"https:\/\/dev6.erresse-shop.it\/#website"},"primaryImageOfPage":{"@id":"https:\/\/dev6.erresse-shop.it\/fr\/shop\/table-fr-2\/verres\/riedel-ouverture-verres-a-biere\/#primaryimage"},"image":{"@id":"https:\/\/dev6.erresse-shop.it\/fr\/shop\/table-fr-2\/verres\/riedel-ouverture-verres-a-biere\/#primaryimage"},"thumbnailUrl":"https:\/\/i2.wp.com\/interpim.erresse-shop.it\/Import\/Prodotti\/riedel-ouverture-bicchieri-birra.jpg?ssl=1","datePublished":"2026-04-12T11:50:21+00:00","description":"Ensemble de verres \u00e0 bi\u00e8re RIEDEL Ouverture \u2013 2 pi\u00e8ces Am\u00e9liorez votre exp\u00e9rience gustative avec le verre \u00e0 bi\u00e8re RIEDEL Ouverture, id\u00e9al pour r\u00e9v\u00e9ler la","breadcrumb":{"@id":"https:\/\/dev6.erresse-shop.it\/fr\/shop\/table-fr-2\/verres\/riedel-ouverture-verres-a-biere\/#breadcrumb"},"inLanguage":"fr-FR","potentialAction":[{"@type":"ReadAction","target":["https:\/\/dev6.erresse-shop.it\/fr\/shop\/table-fr-2\/verres\/riedel-ouverture-verres-a-biere\/"]}]},{"@type":"ImageObject","inLanguage":"fr-FR","@id":"https:\/\/dev6.erresse-shop.it\/fr\/shop\/table-fr-2\/verres\/riedel-ouverture-verres-a-biere\/#primaryimage","url":"https:\/\/i2.wp.com\/interpim.erresse-shop.it\/Import\/Prodotti\/riedel-ouverture-bicchieri-birra.jpg?ssl=1","contentUrl":"https:\/\/i2.wp.com\/interpim.erresse-shop.it\/Import\/Prodotti\/riedel-ouverture-bicchieri-birra.jpg?ssl=1"},{"@type":"BreadcrumbList","@id":"https:\/\/dev6.erresse-shop.it\/fr\/shop\/table-fr-2\/verres\/riedel-ouverture-verres-a-biere\/#breadcrumb","itemListElement":[{"@type":"ListItem","position":1,"name":"Home","item":"https:\/\/dev6.erresse-shop.it\/"},{"@type":"ListItem","position":2,"name":"Boutique","item":"https:\/\/dev6.erresse-shop.it\/shop\/"},{"@type":"ListItem","position":3,"name":"RIEDEL Ouverture Verres \u00e0 bi\u00e8re"}]},{"@type":"WebSite","@id":"https:\/\/dev6.erresse-shop.it\/#website","url":"https:\/\/dev6.erresse-shop.it\/","name":"Erresse Shop","description":"","publisher":{"@id":"https:\/\/dev6.erresse-shop.it\/#organization"},"potentialAction":[{"@type":"SearchAction","target":{"@type":"EntryPoint","urlTemplate":"https:\/\/dev6.erresse-shop.it\/?s={search_term_string}"},"query-input":{"@type":"PropertyValueSpecification","valueRequired":true,"valueName":"search_term_string"}}],"inLanguage":"fr-FR"},{"@type":"Organization","@id":"https:\/\/dev6.erresse-shop.it\/#organization","name":"Erresse Shop","url":"https:\/\/dev6.erresse-shop.it\/","logo":{"@type":"ImageObject","inLanguage":"fr-FR","@id":"https:\/\/dev6.erresse-shop.it\/#\/schema\/logo\/image\/","url":"https:\/\/dev6.erresse-shop.it\/wp-content\/uploads\/2025\/01\/LOGO-ERRESSE-CLASSICO.svg","contentUrl":"https:\/\/dev6.erresse-shop.it\/wp-content\/uploads\/2025\/01\/LOGO-ERRESSE-CLASSICO.svg","caption":"Erresse Shop"},"image":{"@id":"https:\/\/dev6.erresse-shop.it\/#\/schema\/logo\/image\/"}}]}},"df_price":37.5,"df_sale_price":"","df_regular_price":37.5,"df_image_link":"https:\/\/i2.wp.com\/interpim.erresse-shop.it\/Import\/Prodotti\/riedel-ouverture-bicchieri-birra.jpg?resize=300,300&ssl=1","fifu_image_url":"https:\/\/interpim.erresse-shop.it\/Import\/Prodotti\/riedel-ouverture-bicchieri-birra.jpg","_links":{"self":[{"href":"https:\/\/dev6.erresse-shop.it\/fr\/wp-json\/wp\/v2\/product\/1610359","targetHints":{"allow":["GET"]}}],"collection":[{"href":"https:\/\/dev6.erresse-shop.it\/fr\/wp-json\/wp\/v2\/product"}],"about":[{"href":"https:\/\/dev6.erresse-shop.it\/fr\/wp-json\/wp\/v2\/types\/product"}],"wp:featuredmedia":[{"embeddable":true,"href":"https:\/\/dev6.erresse-shop.it\/fr\/wp-json\/wp\/v2\/media\/6378579"}],"wp:attachment":[{"href":"https:\/\/dev6.erresse-shop.it\/fr\/wp-json\/wp\/v2\/media?parent=1610359"}],"wp:term":[{"taxonomy":"product_cat","embeddable":true,"href":"https:\/\/dev6.erresse-shop.it\/fr\/wp-json\/wp\/v2\/product_cat?post=1610359"},{"taxonomy":"product_tag","embeddable":true,"href":"https:\/\/dev6.erresse-shop.it\/fr\/wp-json\/wp\/v2\/product_tag?post=1610359"}],"curies":[{"name":"wp","href":"https:\/\/api.w.org\/{rel}","templated":true}]}}