{"id":1610343,"date":"2026-04-12T13:47:32","date_gmt":"2026-04-12T11:47:32","guid":{"rendered":"https:\/\/dev6.erresse-shop.it\/shop\/non%20class\u00e9\/riedel-black-tie-riesling\/"},"modified":"2025-09-14T06:53:28","modified_gmt":"2025-09-14T04:53:28","slug":"riedel-black-tie-riesling","status":"publish","type":"product","link":"https:\/\/dev6.erresse-shop.it\/fr\/shop\/table-fr-2\/verres\/riedel-black-tie-riesling\/","title":{"rendered":"RIEDEL Black Tie Riesling"},"content":{"rendered":"<p>Verre \u00e0 Riesling RIEDEL Black Tie artisanal<\/p>\n<p>Le verre \u00e0 Riesling RIEDEL a \u00e9t\u00e9 con\u00e7u pour \u00e9quilibrer l\u2019acidit\u00e9 \u00e9lev\u00e9e et les sucres r\u00e9siduels des vins blancs fruit\u00e9s. Sa forme \u00e9volu\u00e9e am\u00e9liore l\u2019exp\u00e9rience sensorielle, soulignant la fra\u00eecheur et la min\u00e9ralit\u00e9 des vins, tandis que sa taille plus grande permet une d\u00e9gustation plus aromatique et plus compl\u00e8te. Parfait pour le Riesling et autres vins blancs aromatiques, ce verre est id\u00e9al pour sublimer les notes fra\u00eeches et fruit\u00e9es.<\/p>\n<p>Caract\u00e9ristiques\u00a0:<\/p>\n<p>Design exclusif\u00a0: Forme qui sublime l\u2019exp\u00e9rience aromatique et \u00e9quilibre acidit\u00e9-doux.<br \/>\nBase noire d\u00e9corative\u00a0: \u00c9l\u00e9gante base en cristal noir fabriqu\u00e9e \u00e0 la main.<br \/>\nPied transparent\u00a0: Fin et \u00e9l\u00e9gant<br \/>\nFait main\u00a0: Chaque verre est unique, fabriqu\u00e9 par des verriers experts (chaque pi\u00e8ce \u00e9tant fabriqu\u00e9e \u00e0 la main, de l\u00e9g\u00e8res diff\u00e9rences de taille et de poids peuvent appara\u00eetre).<br \/>\nPasse au lave-vaisselle pour un entretien facile<\/p>\n<p>Contenu de l\u2019emballage\u00a0: 1 pi\u00e8ce.<\/p>\n<p>\u00c9l\u00e9gant et fonctionnel, ce verre est l\u2019alli\u00e9 id\u00e9al d\u2019une d\u00e9gustation raffin\u00e9e et de chaque occasion sp\u00e9ciale.<\/p>\n<p class=\"product-info__characteristics-paragraph flex justify-between\">Capacit\u00e9\u00a0: 400,0\u00a0cc<br \/>\nHauteur\u00a0: 252,0\u00a0mm<\/p>\n","protected":false},"excerpt":{"rendered":"<p>Verre \u00e0 Riesling RIEDEL Black Tie artisanal Le verre \u00e0 Riesling RIEDEL a \u00e9t\u00e9 con\u00e7u pour \u00e9quilibrer l\u2019acidit\u00e9 \u00e9lev\u00e9e et les sucres r\u00e9siduels des vins blancs fruit\u00e9s. Sa forme \u00e9volu\u00e9e am\u00e9liore l\u2019exp\u00e9rience sensorielle, soulignant la fra\u00eecheur et la min\u00e9ralit\u00e9 des vins, tandis que sa taille plus grande permet une d\u00e9gustation plus aromatique et plus compl\u00e8te. [&hellip;]<\/p>\n","protected":false},"featured_media":6378490,"template":"","meta":{"_acf_changed":false},"product_cat":[11995,12009],"product_tag":[],"class_list":{"0":"post-1610343","1":"product","2":"type-product","3":"status-publish","4":"has-post-thumbnail","6":"product_cat-table-fr-2","7":"product_cat-verres","9":"first","10":"instock","11":"sale","12":"taxable","13":"shipping-taxable","14":"purchasable","15":"product-type-simple","swatches":"rey-swatches","show_selected":"","stretch_labels":"rey-swatches--stretch-labels"},"acf":[],"yoast_head":"<!-- This site is optimized with the Yoast SEO plugin v25.4 - https:\/\/yoast.com\/wordpress\/plugins\/seo\/ -->\n<title>RIEDEL Black Tie Riesling - dev6 Erresse<\/title>\n<meta name=\"description\" content=\"Verre \u00e0 Riesling RIEDEL Black Tie artisanal Le verre \u00e0 Riesling RIEDEL a \u00e9t\u00e9 con\u00e7u pour \u00e9quilibrer l\u2019acidit\u00e9 \u00e9lev\u00e9e et les sucres r\u00e9siduels des vins\" \/>\n<meta name=\"robots\" content=\"noindex, follow, max-snippet:-1, max-image-preview:large, max-video-preview:-1\" \/>\n<meta property=\"og:locale\" content=\"fr_FR\" \/>\n<meta property=\"og:type\" content=\"article\" \/>\n<meta property=\"og:title\" content=\"RIEDEL Black Tie Riesling - dev6 Erresse\" \/>\n<meta property=\"og:description\" content=\"Verre \u00e0 Riesling RIEDEL Black Tie artisanal Le verre \u00e0 Riesling RIEDEL a \u00e9t\u00e9 con\u00e7u pour \u00e9quilibrer l\u2019acidit\u00e9 \u00e9lev\u00e9e et les sucres r\u00e9siduels des vins\" \/>\n<meta property=\"og:url\" content=\"https:\/\/dev6.erresse-shop.it\/fr\/shop\/table-fr-2\/verres\/riedel-black-tie-riesling\/\" \/>\n<meta property=\"og:site_name\" content=\"dev6 Erresse\" \/>\n<meta property=\"og:image\" content=\"https:\/\/interpim.erresse-shop.it\/Import\/Prodotti\/riedel-black-tie-riesling.jpg\" \/><meta property=\"og:image\" content=\"https:\/\/interpim.erresse-shop.it\/Import\/Prodotti\/riedel-black-tie-riesling.jpg\" \/>\n\t<meta property=\"og:image:width\" content=\"1024\" \/>\n\t<meta property=\"og:image:height\" content=\"1024\" \/>\n\t<meta property=\"og:image:type\" content=\"image\/jpeg\" \/>\n<meta name=\"twitter:card\" content=\"summary_large_image\" \/>\n<meta name=\"twitter:image\" content=\"https:\/\/interpim.erresse-shop.it\/Import\/Prodotti\/riedel-black-tie-riesling.jpg\" \/>\n<script type=\"application\/ld+json\" class=\"yoast-schema-graph\">{\"@context\":\"https:\/\/schema.org\",\"@graph\":[{\"@type\":\"WebPage\",\"@id\":\"https:\/\/dev6.erresse-shop.it\/fr\/shop\/table-fr-2\/verres\/riedel-black-tie-riesling\/\",\"url\":\"https:\/\/dev6.erresse-shop.it\/fr\/shop\/table-fr-2\/verres\/riedel-black-tie-riesling\/\",\"name\":\"RIEDEL Black Tie Riesling - dev6 Erresse\",\"isPartOf\":{\"@id\":\"https:\/\/dev6.erresse-shop.it\/#website\"},\"primaryImageOfPage\":{\"@id\":\"https:\/\/dev6.erresse-shop.it\/fr\/shop\/table-fr-2\/verres\/riedel-black-tie-riesling\/#primaryimage\"},\"image\":{\"@id\":\"https:\/\/dev6.erresse-shop.it\/fr\/shop\/table-fr-2\/verres\/riedel-black-tie-riesling\/#primaryimage\"},\"thumbnailUrl\":\"https:\/\/i0.wp.com\/interpim.erresse-shop.it\/Import\/Prodotti\/riedel-black-tie-riesling.jpg?ssl=1\",\"datePublished\":\"2026-04-12T11:47:32+00:00\",\"description\":\"Verre \u00e0 Riesling RIEDEL Black Tie artisanal Le verre \u00e0 Riesling RIEDEL a \u00e9t\u00e9 con\u00e7u pour \u00e9quilibrer l\u2019acidit\u00e9 \u00e9lev\u00e9e et les sucres r\u00e9siduels des vins\",\"breadcrumb\":{\"@id\":\"https:\/\/dev6.erresse-shop.it\/fr\/shop\/table-fr-2\/verres\/riedel-black-tie-riesling\/#breadcrumb\"},\"inLanguage\":\"fr-FR\",\"potentialAction\":[{\"@type\":\"ReadAction\",\"target\":[\"https:\/\/dev6.erresse-shop.it\/fr\/shop\/table-fr-2\/verres\/riedel-black-tie-riesling\/\"]}]},{\"@type\":\"ImageObject\",\"inLanguage\":\"fr-FR\",\"@id\":\"https:\/\/dev6.erresse-shop.it\/fr\/shop\/table-fr-2\/verres\/riedel-black-tie-riesling\/#primaryimage\",\"url\":\"https:\/\/i0.wp.com\/interpim.erresse-shop.it\/Import\/Prodotti\/riedel-black-tie-riesling.jpg?ssl=1\",\"contentUrl\":\"https:\/\/i0.wp.com\/interpim.erresse-shop.it\/Import\/Prodotti\/riedel-black-tie-riesling.jpg?ssl=1\"},{\"@type\":\"BreadcrumbList\",\"@id\":\"https:\/\/dev6.erresse-shop.it\/fr\/shop\/table-fr-2\/verres\/riedel-black-tie-riesling\/#breadcrumb\",\"itemListElement\":[{\"@type\":\"ListItem\",\"position\":1,\"name\":\"Home\",\"item\":\"https:\/\/dev6.erresse-shop.it\/\"},{\"@type\":\"ListItem\",\"position\":2,\"name\":\"Boutique\",\"item\":\"https:\/\/dev6.erresse-shop.it\/shop\/\"},{\"@type\":\"ListItem\",\"position\":3,\"name\":\"RIEDEL Black Tie Riesling\"}]},{\"@type\":\"WebSite\",\"@id\":\"https:\/\/dev6.erresse-shop.it\/#website\",\"url\":\"https:\/\/dev6.erresse-shop.it\/\",\"name\":\"Erresse Shop\",\"description\":\"\",\"publisher\":{\"@id\":\"https:\/\/dev6.erresse-shop.it\/#organization\"},\"potentialAction\":[{\"@type\":\"SearchAction\",\"target\":{\"@type\":\"EntryPoint\",\"urlTemplate\":\"https:\/\/dev6.erresse-shop.it\/?s={search_term_string}\"},\"query-input\":{\"@type\":\"PropertyValueSpecification\",\"valueRequired\":true,\"valueName\":\"search_term_string\"}}],\"inLanguage\":\"fr-FR\"},{\"@type\":\"Organization\",\"@id\":\"https:\/\/dev6.erresse-shop.it\/#organization\",\"name\":\"Erresse Shop\",\"url\":\"https:\/\/dev6.erresse-shop.it\/\",\"logo\":{\"@type\":\"ImageObject\",\"inLanguage\":\"fr-FR\",\"@id\":\"https:\/\/dev6.erresse-shop.it\/#\/schema\/logo\/image\/\",\"url\":\"https:\/\/dev6.erresse-shop.it\/wp-content\/uploads\/2025\/01\/LOGO-ERRESSE-CLASSICO.svg\",\"contentUrl\":\"https:\/\/dev6.erresse-shop.it\/wp-content\/uploads\/2025\/01\/LOGO-ERRESSE-CLASSICO.svg\",\"caption\":\"Erresse Shop\"},\"image\":{\"@id\":\"https:\/\/dev6.erresse-shop.it\/#\/schema\/logo\/image\/\"}}]}<\/script>\n<!-- \/ Yoast SEO plugin. -->","yoast_head_json":{"title":"RIEDEL Black Tie Riesling - dev6 Erresse","description":"Verre \u00e0 Riesling RIEDEL Black Tie artisanal Le verre \u00e0 Riesling RIEDEL a \u00e9t\u00e9 con\u00e7u pour \u00e9quilibrer l\u2019acidit\u00e9 \u00e9lev\u00e9e et les sucres r\u00e9siduels des vins","robots":{"index":"noindex","follow":"follow","max-snippet":"max-snippet:-1","max-image-preview":"max-image-preview:large","max-video-preview":"max-video-preview:-1"},"og_locale":"fr_FR","og_type":"article","og_title":"RIEDEL Black Tie Riesling - dev6 Erresse","og_description":"Verre \u00e0 Riesling RIEDEL Black Tie artisanal Le verre \u00e0 Riesling RIEDEL a \u00e9t\u00e9 con\u00e7u pour \u00e9quilibrer l\u2019acidit\u00e9 \u00e9lev\u00e9e et les sucres r\u00e9siduels des vins","og_url":"https:\/\/dev6.erresse-shop.it\/fr\/shop\/table-fr-2\/verres\/riedel-black-tie-riesling\/","og_site_name":"dev6 Erresse","og_image":[{"url":"https:\/\/interpim.erresse-shop.it\/Import\/Prodotti\/riedel-black-tie-riesling.jpg","type":"","width":"","height":""},{"url":"https:\/\/interpim.erresse-shop.it\/Import\/Prodotti\/riedel-black-tie-riesling.jpg","width":1024,"height":1024,"type":"image\/jpeg"}],"twitter_card":"summary_large_image","twitter_image":"https:\/\/interpim.erresse-shop.it\/Import\/Prodotti\/riedel-black-tie-riesling.jpg","schema":{"@context":"https:\/\/schema.org","@graph":[{"@type":"WebPage","@id":"https:\/\/dev6.erresse-shop.it\/fr\/shop\/table-fr-2\/verres\/riedel-black-tie-riesling\/","url":"https:\/\/dev6.erresse-shop.it\/fr\/shop\/table-fr-2\/verres\/riedel-black-tie-riesling\/","name":"RIEDEL Black Tie Riesling - dev6 Erresse","isPartOf":{"@id":"https:\/\/dev6.erresse-shop.it\/#website"},"primaryImageOfPage":{"@id":"https:\/\/dev6.erresse-shop.it\/fr\/shop\/table-fr-2\/verres\/riedel-black-tie-riesling\/#primaryimage"},"image":{"@id":"https:\/\/dev6.erresse-shop.it\/fr\/shop\/table-fr-2\/verres\/riedel-black-tie-riesling\/#primaryimage"},"thumbnailUrl":"https:\/\/i0.wp.com\/interpim.erresse-shop.it\/Import\/Prodotti\/riedel-black-tie-riesling.jpg?ssl=1","datePublished":"2026-04-12T11:47:32+00:00","description":"Verre \u00e0 Riesling RIEDEL Black Tie artisanal Le verre \u00e0 Riesling RIEDEL a \u00e9t\u00e9 con\u00e7u pour \u00e9quilibrer l\u2019acidit\u00e9 \u00e9lev\u00e9e et les sucres r\u00e9siduels des vins","breadcrumb":{"@id":"https:\/\/dev6.erresse-shop.it\/fr\/shop\/table-fr-2\/verres\/riedel-black-tie-riesling\/#breadcrumb"},"inLanguage":"fr-FR","potentialAction":[{"@type":"ReadAction","target":["https:\/\/dev6.erresse-shop.it\/fr\/shop\/table-fr-2\/verres\/riedel-black-tie-riesling\/"]}]},{"@type":"ImageObject","inLanguage":"fr-FR","@id":"https:\/\/dev6.erresse-shop.it\/fr\/shop\/table-fr-2\/verres\/riedel-black-tie-riesling\/#primaryimage","url":"https:\/\/i0.wp.com\/interpim.erresse-shop.it\/Import\/Prodotti\/riedel-black-tie-riesling.jpg?ssl=1","contentUrl":"https:\/\/i0.wp.com\/interpim.erresse-shop.it\/Import\/Prodotti\/riedel-black-tie-riesling.jpg?ssl=1"},{"@type":"BreadcrumbList","@id":"https:\/\/dev6.erresse-shop.it\/fr\/shop\/table-fr-2\/verres\/riedel-black-tie-riesling\/#breadcrumb","itemListElement":[{"@type":"ListItem","position":1,"name":"Home","item":"https:\/\/dev6.erresse-shop.it\/"},{"@type":"ListItem","position":2,"name":"Boutique","item":"https:\/\/dev6.erresse-shop.it\/shop\/"},{"@type":"ListItem","position":3,"name":"RIEDEL Black Tie Riesling"}]},{"@type":"WebSite","@id":"https:\/\/dev6.erresse-shop.it\/#website","url":"https:\/\/dev6.erresse-shop.it\/","name":"Erresse Shop","description":"","publisher":{"@id":"https:\/\/dev6.erresse-shop.it\/#organization"},"potentialAction":[{"@type":"SearchAction","target":{"@type":"EntryPoint","urlTemplate":"https:\/\/dev6.erresse-shop.it\/?s={search_term_string}"},"query-input":{"@type":"PropertyValueSpecification","valueRequired":true,"valueName":"search_term_string"}}],"inLanguage":"fr-FR"},{"@type":"Organization","@id":"https:\/\/dev6.erresse-shop.it\/#organization","name":"Erresse Shop","url":"https:\/\/dev6.erresse-shop.it\/","logo":{"@type":"ImageObject","inLanguage":"fr-FR","@id":"https:\/\/dev6.erresse-shop.it\/#\/schema\/logo\/image\/","url":"https:\/\/dev6.erresse-shop.it\/wp-content\/uploads\/2025\/01\/LOGO-ERRESSE-CLASSICO.svg","contentUrl":"https:\/\/dev6.erresse-shop.it\/wp-content\/uploads\/2025\/01\/LOGO-ERRESSE-CLASSICO.svg","caption":"Erresse Shop"},"image":{"@id":"https:\/\/dev6.erresse-shop.it\/#\/schema\/logo\/image\/"}}]}},"df_price":59.95,"df_sale_price":59.95,"df_regular_price":69,"df_image_link":"https:\/\/i0.wp.com\/interpim.erresse-shop.it\/Import\/Prodotti\/riedel-black-tie-riesling.jpg?resize=300,300&ssl=1","fifu_image_url":"https:\/\/interpim.erresse-shop.it\/Import\/Prodotti\/riedel-black-tie-riesling.jpg","_links":{"self":[{"href":"https:\/\/dev6.erresse-shop.it\/fr\/wp-json\/wp\/v2\/product\/1610343","targetHints":{"allow":["GET"]}}],"collection":[{"href":"https:\/\/dev6.erresse-shop.it\/fr\/wp-json\/wp\/v2\/product"}],"about":[{"href":"https:\/\/dev6.erresse-shop.it\/fr\/wp-json\/wp\/v2\/types\/product"}],"wp:featuredmedia":[{"embeddable":true,"href":"https:\/\/dev6.erresse-shop.it\/fr\/wp-json\/wp\/v2\/media\/6378490"}],"wp:attachment":[{"href":"https:\/\/dev6.erresse-shop.it\/fr\/wp-json\/wp\/v2\/media?parent=1610343"}],"wp:term":[{"taxonomy":"product_cat","embeddable":true,"href":"https:\/\/dev6.erresse-shop.it\/fr\/wp-json\/wp\/v2\/product_cat?post=1610343"},{"taxonomy":"product_tag","embeddable":true,"href":"https:\/\/dev6.erresse-shop.it\/fr\/wp-json\/wp\/v2\/product_tag?post=1610343"}],"curies":[{"name":"wp","href":"https:\/\/api.w.org\/{rel}","templated":true}]}}