{"id":1610337,"date":"2026-04-12T13:47:32","date_gmt":"2026-04-12T11:47:32","guid":{"rendered":"https:\/\/dev6.erresse-shop.it\/shop\/non%20class\u00e9\/riedel-lot-de-2-verres-a-martini-cocktail\/"},"modified":"2025-07-04T20:01:00","modified_gmt":"2025-07-04T18:01:00","slug":"riedel-lot-de-2-verres-a-martini-cocktail","status":"publish","type":"product","link":"https:\/\/dev6.erresse-shop.it\/fr\/shop\/table-fr-2\/vin\/verres-a-vin\/riedel-lot-de-2-verres-a-martini-cocktail\/","title":{"rendered":"RIEDEL Lot de 2 verres \u00e0 Martini\/Cocktail"},"content":{"rendered":"<p>Le verre \u00e0 cocktail usin\u00e9 en forme de diamant est le cadeau id\u00e9al ou un ajout parfait \u00e0 votre collection. Ses parois inclin\u00e9es et abruptes sont sp\u00e9cialement con\u00e7ues pour sublimer les saveurs et les ar\u00f4mes du Martini classique et d\u2019autres cocktails similaires.<\/p>\n<p>Parfait pour une vari\u00e9t\u00e9 de vins, boissons et cocktails. Fabriqu\u00e9s avec soin pour garantir une pr\u00e9cision maximale selon la vari\u00e9t\u00e9, ces verres offrent le meilleur de la mixologie et du plaisir de la d\u00e9gustation.<\/p>\n<p>D\u00e9tails du produit\u00a0:<\/p>\n<p>Ce produit est usin\u00e9.<br \/>\nCe produit passe au lave-vaisselle.<br \/>\nLot de 2.<br \/>\nCe produit est en cristal transparent.<\/p>\n<p class=\"product-info__characteristics-paragraph flex justify-between\">Capacit\u00e9\u00a0: 650,0\u00a0cm\u00b3<br \/>\nHauteur\u00a0: 215,0\u00a0mm<\/p>\n","protected":false},"excerpt":{"rendered":"<p>Le verre \u00e0 cocktail usin\u00e9 en forme de diamant est le cadeau id\u00e9al ou un ajout parfait \u00e0 votre collection. Ses parois inclin\u00e9es et abruptes sont sp\u00e9cialement con\u00e7ues pour sublimer les saveurs et les ar\u00f4mes du Martini classique et d\u2019autres cocktails similaires. Parfait pour une vari\u00e9t\u00e9 de vins, boissons et cocktails. Fabriqu\u00e9s avec soin pour [&hellip;]<\/p>\n","protected":false},"featured_media":6378462,"template":"","meta":{"_acf_changed":false},"product_cat":[12078,12069],"product_tag":[],"class_list":{"0":"post-1610337","1":"product","2":"type-product","3":"status-publish","4":"has-post-thumbnail","6":"product_cat-verres-a-vin","7":"product_cat-vin","9":"first","10":"instock","11":"taxable","12":"shipping-taxable","13":"purchasable","14":"product-type-simple","swatches":"rey-swatches","show_selected":"","stretch_labels":"rey-swatches--stretch-labels"},"acf":[],"yoast_head":"<!-- This site is optimized with the Yoast SEO plugin v25.4 - https:\/\/yoast.com\/wordpress\/plugins\/seo\/ -->\n<title>RIEDEL Lot de 2 verres \u00e0 Martini\/Cocktail - dev6 Erresse<\/title>\n<meta name=\"description\" content=\"Le verre \u00e0 cocktail usin\u00e9 en forme de diamant est le cadeau id\u00e9al ou un ajout parfait \u00e0 votre collection. Ses parois inclin\u00e9es et abruptes sont\" \/>\n<meta name=\"robots\" content=\"noindex, follow, max-snippet:-1, max-image-preview:large, max-video-preview:-1\" \/>\n<meta property=\"og:locale\" content=\"fr_FR\" \/>\n<meta property=\"og:type\" content=\"article\" \/>\n<meta property=\"og:title\" content=\"RIEDEL Lot de 2 verres \u00e0 Martini\/Cocktail - dev6 Erresse\" \/>\n<meta property=\"og:description\" content=\"Le verre \u00e0 cocktail usin\u00e9 en forme de diamant est le cadeau id\u00e9al ou un ajout parfait \u00e0 votre collection. Ses parois inclin\u00e9es et abruptes sont\" \/>\n<meta property=\"og:url\" content=\"https:\/\/dev6.erresse-shop.it\/fr\/shop\/table-fr-2\/vin\/verres-a-vin\/riedel-lot-de-2-verres-a-martini-cocktail\/\" \/>\n<meta property=\"og:site_name\" content=\"dev6 Erresse\" \/>\n<meta property=\"og:image\" content=\"https:\/\/interpim.erresse-shop.it\/Import\/Prodotti\/riedel-set-2-bicchieri-martini_cocktail.jpg\" \/><meta property=\"og:image\" content=\"https:\/\/interpim.erresse-shop.it\/Import\/Prodotti\/riedel-set-2-bicchieri-martini_cocktail.jpg\" \/>\n\t<meta property=\"og:image:width\" content=\"1024\" \/>\n\t<meta property=\"og:image:height\" content=\"1024\" \/>\n\t<meta property=\"og:image:type\" content=\"image\/jpeg\" \/>\n<meta name=\"twitter:card\" content=\"summary_large_image\" \/>\n<meta name=\"twitter:image\" content=\"https:\/\/interpim.erresse-shop.it\/Import\/Prodotti\/riedel-set-2-bicchieri-martini_cocktail.jpg\" \/>\n<script type=\"application\/ld+json\" class=\"yoast-schema-graph\">{\"@context\":\"https:\/\/schema.org\",\"@graph\":[{\"@type\":\"WebPage\",\"@id\":\"https:\/\/dev6.erresse-shop.it\/fr\/shop\/table-fr-2\/vin\/verres-a-vin\/riedel-lot-de-2-verres-a-martini-cocktail\/\",\"url\":\"https:\/\/dev6.erresse-shop.it\/fr\/shop\/table-fr-2\/vin\/verres-a-vin\/riedel-lot-de-2-verres-a-martini-cocktail\/\",\"name\":\"RIEDEL Lot de 2 verres \u00e0 Martini\/Cocktail - dev6 Erresse\",\"isPartOf\":{\"@id\":\"https:\/\/dev6.erresse-shop.it\/#website\"},\"primaryImageOfPage\":{\"@id\":\"https:\/\/dev6.erresse-shop.it\/fr\/shop\/table-fr-2\/vin\/verres-a-vin\/riedel-lot-de-2-verres-a-martini-cocktail\/#primaryimage\"},\"image\":{\"@id\":\"https:\/\/dev6.erresse-shop.it\/fr\/shop\/table-fr-2\/vin\/verres-a-vin\/riedel-lot-de-2-verres-a-martini-cocktail\/#primaryimage\"},\"thumbnailUrl\":\"https:\/\/i3.wp.com\/interpim.erresse-shop.it\/Import\/Prodotti\/riedel-set-2-bicchieri-martini_cocktail.jpg?ssl=1\",\"datePublished\":\"2026-04-12T11:47:32+00:00\",\"description\":\"Le verre \u00e0 cocktail usin\u00e9 en forme de diamant est le cadeau id\u00e9al ou un ajout parfait \u00e0 votre collection. Ses parois inclin\u00e9es et abruptes sont\",\"breadcrumb\":{\"@id\":\"https:\/\/dev6.erresse-shop.it\/fr\/shop\/table-fr-2\/vin\/verres-a-vin\/riedel-lot-de-2-verres-a-martini-cocktail\/#breadcrumb\"},\"inLanguage\":\"fr-FR\",\"potentialAction\":[{\"@type\":\"ReadAction\",\"target\":[\"https:\/\/dev6.erresse-shop.it\/fr\/shop\/table-fr-2\/vin\/verres-a-vin\/riedel-lot-de-2-verres-a-martini-cocktail\/\"]}]},{\"@type\":\"ImageObject\",\"inLanguage\":\"fr-FR\",\"@id\":\"https:\/\/dev6.erresse-shop.it\/fr\/shop\/table-fr-2\/vin\/verres-a-vin\/riedel-lot-de-2-verres-a-martini-cocktail\/#primaryimage\",\"url\":\"https:\/\/i3.wp.com\/interpim.erresse-shop.it\/Import\/Prodotti\/riedel-set-2-bicchieri-martini_cocktail.jpg?ssl=1\",\"contentUrl\":\"https:\/\/i3.wp.com\/interpim.erresse-shop.it\/Import\/Prodotti\/riedel-set-2-bicchieri-martini_cocktail.jpg?ssl=1\"},{\"@type\":\"BreadcrumbList\",\"@id\":\"https:\/\/dev6.erresse-shop.it\/fr\/shop\/table-fr-2\/vin\/verres-a-vin\/riedel-lot-de-2-verres-a-martini-cocktail\/#breadcrumb\",\"itemListElement\":[{\"@type\":\"ListItem\",\"position\":1,\"name\":\"Home\",\"item\":\"https:\/\/dev6.erresse-shop.it\/\"},{\"@type\":\"ListItem\",\"position\":2,\"name\":\"Boutique\",\"item\":\"https:\/\/dev6.erresse-shop.it\/shop\/\"},{\"@type\":\"ListItem\",\"position\":3,\"name\":\"RIEDEL Lot de 2 verres \u00e0 Martini\/Cocktail\"}]},{\"@type\":\"WebSite\",\"@id\":\"https:\/\/dev6.erresse-shop.it\/#website\",\"url\":\"https:\/\/dev6.erresse-shop.it\/\",\"name\":\"Erresse Shop\",\"description\":\"\",\"publisher\":{\"@id\":\"https:\/\/dev6.erresse-shop.it\/#organization\"},\"potentialAction\":[{\"@type\":\"SearchAction\",\"target\":{\"@type\":\"EntryPoint\",\"urlTemplate\":\"https:\/\/dev6.erresse-shop.it\/?s={search_term_string}\"},\"query-input\":{\"@type\":\"PropertyValueSpecification\",\"valueRequired\":true,\"valueName\":\"search_term_string\"}}],\"inLanguage\":\"fr-FR\"},{\"@type\":\"Organization\",\"@id\":\"https:\/\/dev6.erresse-shop.it\/#organization\",\"name\":\"Erresse Shop\",\"url\":\"https:\/\/dev6.erresse-shop.it\/\",\"logo\":{\"@type\":\"ImageObject\",\"inLanguage\":\"fr-FR\",\"@id\":\"https:\/\/dev6.erresse-shop.it\/#\/schema\/logo\/image\/\",\"url\":\"https:\/\/dev6.erresse-shop.it\/wp-content\/uploads\/2025\/01\/LOGO-ERRESSE-CLASSICO.svg\",\"contentUrl\":\"https:\/\/dev6.erresse-shop.it\/wp-content\/uploads\/2025\/01\/LOGO-ERRESSE-CLASSICO.svg\",\"caption\":\"Erresse Shop\"},\"image\":{\"@id\":\"https:\/\/dev6.erresse-shop.it\/#\/schema\/logo\/image\/\"}}]}<\/script>\n<!-- \/ Yoast SEO plugin. -->","yoast_head_json":{"title":"RIEDEL Lot de 2 verres \u00e0 Martini\/Cocktail - dev6 Erresse","description":"Le verre \u00e0 cocktail usin\u00e9 en forme de diamant est le cadeau id\u00e9al ou un ajout parfait \u00e0 votre collection. Ses parois inclin\u00e9es et abruptes sont","robots":{"index":"noindex","follow":"follow","max-snippet":"max-snippet:-1","max-image-preview":"max-image-preview:large","max-video-preview":"max-video-preview:-1"},"og_locale":"fr_FR","og_type":"article","og_title":"RIEDEL Lot de 2 verres \u00e0 Martini\/Cocktail - dev6 Erresse","og_description":"Le verre \u00e0 cocktail usin\u00e9 en forme de diamant est le cadeau id\u00e9al ou un ajout parfait \u00e0 votre collection. Ses parois inclin\u00e9es et abruptes sont","og_url":"https:\/\/dev6.erresse-shop.it\/fr\/shop\/table-fr-2\/vin\/verres-a-vin\/riedel-lot-de-2-verres-a-martini-cocktail\/","og_site_name":"dev6 Erresse","og_image":[{"url":"https:\/\/interpim.erresse-shop.it\/Import\/Prodotti\/riedel-set-2-bicchieri-martini_cocktail.jpg","type":"","width":"","height":""},{"url":"https:\/\/interpim.erresse-shop.it\/Import\/Prodotti\/riedel-set-2-bicchieri-martini_cocktail.jpg","width":1024,"height":1024,"type":"image\/jpeg"}],"twitter_card":"summary_large_image","twitter_image":"https:\/\/interpim.erresse-shop.it\/Import\/Prodotti\/riedel-set-2-bicchieri-martini_cocktail.jpg","schema":{"@context":"https:\/\/schema.org","@graph":[{"@type":"WebPage","@id":"https:\/\/dev6.erresse-shop.it\/fr\/shop\/table-fr-2\/vin\/verres-a-vin\/riedel-lot-de-2-verres-a-martini-cocktail\/","url":"https:\/\/dev6.erresse-shop.it\/fr\/shop\/table-fr-2\/vin\/verres-a-vin\/riedel-lot-de-2-verres-a-martini-cocktail\/","name":"RIEDEL Lot de 2 verres \u00e0 Martini\/Cocktail - dev6 Erresse","isPartOf":{"@id":"https:\/\/dev6.erresse-shop.it\/#website"},"primaryImageOfPage":{"@id":"https:\/\/dev6.erresse-shop.it\/fr\/shop\/table-fr-2\/vin\/verres-a-vin\/riedel-lot-de-2-verres-a-martini-cocktail\/#primaryimage"},"image":{"@id":"https:\/\/dev6.erresse-shop.it\/fr\/shop\/table-fr-2\/vin\/verres-a-vin\/riedel-lot-de-2-verres-a-martini-cocktail\/#primaryimage"},"thumbnailUrl":"https:\/\/i3.wp.com\/interpim.erresse-shop.it\/Import\/Prodotti\/riedel-set-2-bicchieri-martini_cocktail.jpg?ssl=1","datePublished":"2026-04-12T11:47:32+00:00","description":"Le verre \u00e0 cocktail usin\u00e9 en forme de diamant est le cadeau id\u00e9al ou un ajout parfait \u00e0 votre collection. Ses parois inclin\u00e9es et abruptes sont","breadcrumb":{"@id":"https:\/\/dev6.erresse-shop.it\/fr\/shop\/table-fr-2\/vin\/verres-a-vin\/riedel-lot-de-2-verres-a-martini-cocktail\/#breadcrumb"},"inLanguage":"fr-FR","potentialAction":[{"@type":"ReadAction","target":["https:\/\/dev6.erresse-shop.it\/fr\/shop\/table-fr-2\/vin\/verres-a-vin\/riedel-lot-de-2-verres-a-martini-cocktail\/"]}]},{"@type":"ImageObject","inLanguage":"fr-FR","@id":"https:\/\/dev6.erresse-shop.it\/fr\/shop\/table-fr-2\/vin\/verres-a-vin\/riedel-lot-de-2-verres-a-martini-cocktail\/#primaryimage","url":"https:\/\/i3.wp.com\/interpim.erresse-shop.it\/Import\/Prodotti\/riedel-set-2-bicchieri-martini_cocktail.jpg?ssl=1","contentUrl":"https:\/\/i3.wp.com\/interpim.erresse-shop.it\/Import\/Prodotti\/riedel-set-2-bicchieri-martini_cocktail.jpg?ssl=1"},{"@type":"BreadcrumbList","@id":"https:\/\/dev6.erresse-shop.it\/fr\/shop\/table-fr-2\/vin\/verres-a-vin\/riedel-lot-de-2-verres-a-martini-cocktail\/#breadcrumb","itemListElement":[{"@type":"ListItem","position":1,"name":"Home","item":"https:\/\/dev6.erresse-shop.it\/"},{"@type":"ListItem","position":2,"name":"Boutique","item":"https:\/\/dev6.erresse-shop.it\/shop\/"},{"@type":"ListItem","position":3,"name":"RIEDEL Lot de 2 verres \u00e0 Martini\/Cocktail"}]},{"@type":"WebSite","@id":"https:\/\/dev6.erresse-shop.it\/#website","url":"https:\/\/dev6.erresse-shop.it\/","name":"Erresse Shop","description":"","publisher":{"@id":"https:\/\/dev6.erresse-shop.it\/#organization"},"potentialAction":[{"@type":"SearchAction","target":{"@type":"EntryPoint","urlTemplate":"https:\/\/dev6.erresse-shop.it\/?s={search_term_string}"},"query-input":{"@type":"PropertyValueSpecification","valueRequired":true,"valueName":"search_term_string"}}],"inLanguage":"fr-FR"},{"@type":"Organization","@id":"https:\/\/dev6.erresse-shop.it\/#organization","name":"Erresse Shop","url":"https:\/\/dev6.erresse-shop.it\/","logo":{"@type":"ImageObject","inLanguage":"fr-FR","@id":"https:\/\/dev6.erresse-shop.it\/#\/schema\/logo\/image\/","url":"https:\/\/dev6.erresse-shop.it\/wp-content\/uploads\/2025\/01\/LOGO-ERRESSE-CLASSICO.svg","contentUrl":"https:\/\/dev6.erresse-shop.it\/wp-content\/uploads\/2025\/01\/LOGO-ERRESSE-CLASSICO.svg","caption":"Erresse Shop"},"image":{"@id":"https:\/\/dev6.erresse-shop.it\/#\/schema\/logo\/image\/"}}]}},"df_price":45,"df_sale_price":"","df_regular_price":45,"df_image_link":"https:\/\/i3.wp.com\/interpim.erresse-shop.it\/Import\/Prodotti\/riedel-set-2-bicchieri-martini_cocktail.jpg?resize=300,300&ssl=1","fifu_image_url":"https:\/\/interpim.erresse-shop.it\/Import\/Prodotti\/riedel-set-2-bicchieri-martini_cocktail.jpg","_links":{"self":[{"href":"https:\/\/dev6.erresse-shop.it\/fr\/wp-json\/wp\/v2\/product\/1610337","targetHints":{"allow":["GET"]}}],"collection":[{"href":"https:\/\/dev6.erresse-shop.it\/fr\/wp-json\/wp\/v2\/product"}],"about":[{"href":"https:\/\/dev6.erresse-shop.it\/fr\/wp-json\/wp\/v2\/types\/product"}],"wp:featuredmedia":[{"embeddable":true,"href":"https:\/\/dev6.erresse-shop.it\/fr\/wp-json\/wp\/v2\/media\/6378462"}],"wp:attachment":[{"href":"https:\/\/dev6.erresse-shop.it\/fr\/wp-json\/wp\/v2\/media?parent=1610337"}],"wp:term":[{"taxonomy":"product_cat","embeddable":true,"href":"https:\/\/dev6.erresse-shop.it\/fr\/wp-json\/wp\/v2\/product_cat?post=1610337"},{"taxonomy":"product_tag","embeddable":true,"href":"https:\/\/dev6.erresse-shop.it\/fr\/wp-json\/wp\/v2\/product_tag?post=1610337"}],"curies":[{"name":"wp","href":"https:\/\/api.w.org\/{rel}","templated":true}]}}