{"id":1610333,"date":"2026-04-04T13:45:07","date_gmt":"2026-04-04T11:45:07","guid":{"rendered":"https:\/\/dev6.erresse-shop.it\/shop\/non%20class\u00e9\/riedel-amedeo-decanteur-bleu-blanc-rouge\/"},"modified":"2025-07-04T20:00:48","modified_gmt":"2025-07-04T18:00:48","slug":"riedel-amedeo-decanteur-bleu-blanc-rouge","status":"publish","type":"product","link":"https:\/\/dev6.erresse-shop.it\/fr\/shop\/table-fr-2\/vin\/decanteurs\/riedel-amedeo-decanteur-bleu-blanc-rouge\/","title":{"rendered":"RIEDEL Amedeo D\u00e9canteur Bleu Blanc Rouge"},"content":{"rendered":"<p>RIEDEL propose une large gamme d\u2019\u00e9l\u00e9gantes carafes souffl\u00e9es \u00e0 la bouche, adapt\u00e9es \u00e0 tous les styles de vie. Une carafe est un incontournable pour tout amateur de vin, et toutes les carafes RIEDEL sont fabriqu\u00e9es en cristal fin pour offrir aux grands vins le traitement qu\u2019ils m\u00e9ritent. Les vins, jeunes comme vieux, peuvent b\u00e9n\u00e9ficier d\u2019une d\u00e9cantation, que ce soit pour \u00e9liminer les d\u00e9p\u00f4ts ou pour les rendre plus onctueux et ronds.<\/p>\n<p>La carafe Amadeo a \u00e9t\u00e9 lanc\u00e9e en 2006 pour c\u00e9l\u00e9brer le 250e anniversaire de RIEDEL. Elle porte le nom du compositeur autrichien Wolfgang Amadeus Mozart, qui a \u00e9galement f\u00eat\u00e9 son 250e anniversaire cette ann\u00e9e-l\u00e0. Cette carafe souffl\u00e9e \u00e0 la bouche, en forme de lyre, permet de verser le vin avec une grande fluidit\u00e9. Le vin se d\u00e9cante facilement par l\u2019ouverture plus large du r\u00e9cipient et se d\u00e9verse dans le verre par le goulot plus \u00e9troit.<\/p>\n<p>Cette carafe peut contenir une bouteille de vin standard.<\/p>\n<p>Cette version arbore un design sophistiqu\u00e9 avec trois bandes altern\u00e9es aux nuances attrayantes de bleu, blanc et rouge, s\u2019int\u00e9grant parfaitement \u00e0 la silhouette embl\u00e9matique d\u2019Amadeo. Cette combinaison de couleurs \u00e0 la fois audacieuse et \u00e9l\u00e9gante met en valeur la forme unique de la carafe, la transformant en une pi\u00e8ce ma\u00eetresse \u00e9l\u00e9gante et intemporelle de votre verrerie.<\/p>\n<p>Fabriqu\u00e9 \u00e0 la main. Lavage \u00e0 la main uniquement.<\/p>\n<p class=\"product-info__characteristics-paragraph flex justify-between\">Hauteur\u00a0: 350,0 mm<br \/>\nCapacit\u00e9\u00a0: 750,0 cm3<\/p>\n","protected":false},"excerpt":{"rendered":"<p>RIEDEL propose une large gamme d\u2019\u00e9l\u00e9gantes carafes souffl\u00e9es \u00e0 la bouche, adapt\u00e9es \u00e0 tous les styles de vie. Une carafe est un incontournable pour tout amateur de vin, et toutes les carafes RIEDEL sont fabriqu\u00e9es en cristal fin pour offrir aux grands vins le traitement qu\u2019ils m\u00e9ritent. Les vins, jeunes comme vieux, peuvent b\u00e9n\u00e9ficier d\u2019une [&hellip;]<\/p>\n","protected":false},"featured_media":6295178,"template":"","meta":{"_acf_changed":false},"product_cat":[12083,11995,12069],"product_tag":[],"class_list":{"0":"post-1610333","1":"product","2":"type-product","3":"status-publish","4":"has-post-thumbnail","6":"product_cat-decanteurs","7":"product_cat-table-fr-2","8":"product_cat-vin","10":"first","11":"instock","12":"taxable","13":"shipping-taxable","14":"purchasable","15":"product-type-simple","swatches":"rey-swatches","show_selected":"","stretch_labels":"rey-swatches--stretch-labels"},"acf":[],"yoast_head":"<!-- This site is optimized with the Yoast SEO plugin v25.4 - https:\/\/yoast.com\/wordpress\/plugins\/seo\/ -->\n<title>RIEDEL Amedeo D\u00e9canteur Bleu Blanc Rouge - dev6 Erresse<\/title>\n<meta name=\"description\" content=\"RIEDEL propose une large gamme d\u2019\u00e9l\u00e9gantes carafes souffl\u00e9es \u00e0 la bouche, adapt\u00e9es \u00e0 tous les styles de vie. Une carafe est un incontournable pour tout\" \/>\n<meta name=\"robots\" content=\"noindex, follow, max-snippet:-1, max-image-preview:large, max-video-preview:-1\" \/>\n<meta property=\"og:locale\" content=\"fr_FR\" \/>\n<meta property=\"og:type\" content=\"article\" \/>\n<meta property=\"og:title\" content=\"RIEDEL Amedeo D\u00e9canteur Bleu Blanc Rouge - dev6 Erresse\" \/>\n<meta property=\"og:description\" content=\"RIEDEL propose une large gamme d\u2019\u00e9l\u00e9gantes carafes souffl\u00e9es \u00e0 la bouche, adapt\u00e9es \u00e0 tous les styles de vie. Une carafe est un incontournable pour tout\" \/>\n<meta property=\"og:url\" content=\"https:\/\/dev6.erresse-shop.it\/fr\/shop\/table-fr-2\/vin\/decanteurs\/riedel-amedeo-decanteur-bleu-blanc-rouge\/\" \/>\n<meta property=\"og:site_name\" content=\"dev6 Erresse\" \/>\n<meta property=\"og:image\" content=\"https:\/\/interpim.erresse-shop.it\/Import\/Prodotti\/riedel-amadeo-decanter-blu-bianco-rosso.jpg\" \/><meta property=\"og:image\" content=\"https:\/\/interpim.erresse-shop.it\/Import\/Prodotti\/riedel-amadeo-decanter-blu-bianco-rosso.jpg\" \/>\n\t<meta property=\"og:image:width\" content=\"1024\" \/>\n\t<meta property=\"og:image:height\" content=\"1024\" \/>\n\t<meta property=\"og:image:type\" content=\"image\/jpeg\" \/>\n<meta name=\"twitter:card\" content=\"summary_large_image\" \/>\n<meta name=\"twitter:image\" content=\"https:\/\/interpim.erresse-shop.it\/Import\/Prodotti\/riedel-amadeo-decanter-blu-bianco-rosso.jpg\" \/>\n<script type=\"application\/ld+json\" class=\"yoast-schema-graph\">{\"@context\":\"https:\/\/schema.org\",\"@graph\":[{\"@type\":\"WebPage\",\"@id\":\"https:\/\/dev6.erresse-shop.it\/fr\/shop\/table-fr-2\/vin\/decanteurs\/riedel-amedeo-decanteur-bleu-blanc-rouge\/\",\"url\":\"https:\/\/dev6.erresse-shop.it\/fr\/shop\/table-fr-2\/vin\/decanteurs\/riedel-amedeo-decanteur-bleu-blanc-rouge\/\",\"name\":\"RIEDEL Amedeo D\u00e9canteur Bleu Blanc Rouge - dev6 Erresse\",\"isPartOf\":{\"@id\":\"https:\/\/dev6.erresse-shop.it\/#website\"},\"primaryImageOfPage\":{\"@id\":\"https:\/\/dev6.erresse-shop.it\/fr\/shop\/table-fr-2\/vin\/decanteurs\/riedel-amedeo-decanteur-bleu-blanc-rouge\/#primaryimage\"},\"image\":{\"@id\":\"https:\/\/dev6.erresse-shop.it\/fr\/shop\/table-fr-2\/vin\/decanteurs\/riedel-amedeo-decanteur-bleu-blanc-rouge\/#primaryimage\"},\"thumbnailUrl\":\"https:\/\/i0.wp.com\/interpim.erresse-shop.it\/Import\/Prodotti\/riedel-amadeo-decanter-blu-bianco-rosso.jpg?ssl=1\",\"datePublished\":\"2026-04-04T11:45:07+00:00\",\"description\":\"RIEDEL propose une large gamme d\u2019\u00e9l\u00e9gantes carafes souffl\u00e9es \u00e0 la bouche, adapt\u00e9es \u00e0 tous les styles de vie. Une carafe est un incontournable pour tout\",\"breadcrumb\":{\"@id\":\"https:\/\/dev6.erresse-shop.it\/fr\/shop\/table-fr-2\/vin\/decanteurs\/riedel-amedeo-decanteur-bleu-blanc-rouge\/#breadcrumb\"},\"inLanguage\":\"fr-FR\",\"potentialAction\":[{\"@type\":\"ReadAction\",\"target\":[\"https:\/\/dev6.erresse-shop.it\/fr\/shop\/table-fr-2\/vin\/decanteurs\/riedel-amedeo-decanteur-bleu-blanc-rouge\/\"]}]},{\"@type\":\"ImageObject\",\"inLanguage\":\"fr-FR\",\"@id\":\"https:\/\/dev6.erresse-shop.it\/fr\/shop\/table-fr-2\/vin\/decanteurs\/riedel-amedeo-decanteur-bleu-blanc-rouge\/#primaryimage\",\"url\":\"https:\/\/i0.wp.com\/interpim.erresse-shop.it\/Import\/Prodotti\/riedel-amadeo-decanter-blu-bianco-rosso.jpg?ssl=1\",\"contentUrl\":\"https:\/\/i0.wp.com\/interpim.erresse-shop.it\/Import\/Prodotti\/riedel-amadeo-decanter-blu-bianco-rosso.jpg?ssl=1\"},{\"@type\":\"BreadcrumbList\",\"@id\":\"https:\/\/dev6.erresse-shop.it\/fr\/shop\/table-fr-2\/vin\/decanteurs\/riedel-amedeo-decanteur-bleu-blanc-rouge\/#breadcrumb\",\"itemListElement\":[{\"@type\":\"ListItem\",\"position\":1,\"name\":\"Home\",\"item\":\"https:\/\/dev6.erresse-shop.it\/\"},{\"@type\":\"ListItem\",\"position\":2,\"name\":\"Boutique\",\"item\":\"https:\/\/dev6.erresse-shop.it\/shop\/\"},{\"@type\":\"ListItem\",\"position\":3,\"name\":\"RIEDEL Amedeo D\u00e9canteur Bleu Blanc Rouge\"}]},{\"@type\":\"WebSite\",\"@id\":\"https:\/\/dev6.erresse-shop.it\/#website\",\"url\":\"https:\/\/dev6.erresse-shop.it\/\",\"name\":\"Erresse Shop\",\"description\":\"\",\"publisher\":{\"@id\":\"https:\/\/dev6.erresse-shop.it\/#organization\"},\"potentialAction\":[{\"@type\":\"SearchAction\",\"target\":{\"@type\":\"EntryPoint\",\"urlTemplate\":\"https:\/\/dev6.erresse-shop.it\/?s={search_term_string}\"},\"query-input\":{\"@type\":\"PropertyValueSpecification\",\"valueRequired\":true,\"valueName\":\"search_term_string\"}}],\"inLanguage\":\"fr-FR\"},{\"@type\":\"Organization\",\"@id\":\"https:\/\/dev6.erresse-shop.it\/#organization\",\"name\":\"Erresse Shop\",\"url\":\"https:\/\/dev6.erresse-shop.it\/\",\"logo\":{\"@type\":\"ImageObject\",\"inLanguage\":\"fr-FR\",\"@id\":\"https:\/\/dev6.erresse-shop.it\/#\/schema\/logo\/image\/\",\"url\":\"https:\/\/dev6.erresse-shop.it\/wp-content\/uploads\/2025\/01\/LOGO-ERRESSE-CLASSICO.svg\",\"contentUrl\":\"https:\/\/dev6.erresse-shop.it\/wp-content\/uploads\/2025\/01\/LOGO-ERRESSE-CLASSICO.svg\",\"caption\":\"Erresse Shop\"},\"image\":{\"@id\":\"https:\/\/dev6.erresse-shop.it\/#\/schema\/logo\/image\/\"}}]}<\/script>\n<!-- \/ Yoast SEO plugin. -->","yoast_head_json":{"title":"RIEDEL Amedeo D\u00e9canteur Bleu Blanc Rouge - dev6 Erresse","description":"RIEDEL propose une large gamme d\u2019\u00e9l\u00e9gantes carafes souffl\u00e9es \u00e0 la bouche, adapt\u00e9es \u00e0 tous les styles de vie. Une carafe est un incontournable pour tout","robots":{"index":"noindex","follow":"follow","max-snippet":"max-snippet:-1","max-image-preview":"max-image-preview:large","max-video-preview":"max-video-preview:-1"},"og_locale":"fr_FR","og_type":"article","og_title":"RIEDEL Amedeo D\u00e9canteur Bleu Blanc Rouge - dev6 Erresse","og_description":"RIEDEL propose une large gamme d\u2019\u00e9l\u00e9gantes carafes souffl\u00e9es \u00e0 la bouche, adapt\u00e9es \u00e0 tous les styles de vie. Une carafe est un incontournable pour tout","og_url":"https:\/\/dev6.erresse-shop.it\/fr\/shop\/table-fr-2\/vin\/decanteurs\/riedel-amedeo-decanteur-bleu-blanc-rouge\/","og_site_name":"dev6 Erresse","og_image":[{"url":"https:\/\/interpim.erresse-shop.it\/Import\/Prodotti\/riedel-amadeo-decanter-blu-bianco-rosso.jpg","type":"","width":"","height":""},{"url":"https:\/\/interpim.erresse-shop.it\/Import\/Prodotti\/riedel-amadeo-decanter-blu-bianco-rosso.jpg","width":1024,"height":1024,"type":"image\/jpeg"}],"twitter_card":"summary_large_image","twitter_image":"https:\/\/interpim.erresse-shop.it\/Import\/Prodotti\/riedel-amadeo-decanter-blu-bianco-rosso.jpg","schema":{"@context":"https:\/\/schema.org","@graph":[{"@type":"WebPage","@id":"https:\/\/dev6.erresse-shop.it\/fr\/shop\/table-fr-2\/vin\/decanteurs\/riedel-amedeo-decanteur-bleu-blanc-rouge\/","url":"https:\/\/dev6.erresse-shop.it\/fr\/shop\/table-fr-2\/vin\/decanteurs\/riedel-amedeo-decanteur-bleu-blanc-rouge\/","name":"RIEDEL Amedeo D\u00e9canteur Bleu Blanc Rouge - dev6 Erresse","isPartOf":{"@id":"https:\/\/dev6.erresse-shop.it\/#website"},"primaryImageOfPage":{"@id":"https:\/\/dev6.erresse-shop.it\/fr\/shop\/table-fr-2\/vin\/decanteurs\/riedel-amedeo-decanteur-bleu-blanc-rouge\/#primaryimage"},"image":{"@id":"https:\/\/dev6.erresse-shop.it\/fr\/shop\/table-fr-2\/vin\/decanteurs\/riedel-amedeo-decanteur-bleu-blanc-rouge\/#primaryimage"},"thumbnailUrl":"https:\/\/i0.wp.com\/interpim.erresse-shop.it\/Import\/Prodotti\/riedel-amadeo-decanter-blu-bianco-rosso.jpg?ssl=1","datePublished":"2026-04-04T11:45:07+00:00","description":"RIEDEL propose une large gamme d\u2019\u00e9l\u00e9gantes carafes souffl\u00e9es \u00e0 la bouche, adapt\u00e9es \u00e0 tous les styles de vie. Une carafe est un incontournable pour tout","breadcrumb":{"@id":"https:\/\/dev6.erresse-shop.it\/fr\/shop\/table-fr-2\/vin\/decanteurs\/riedel-amedeo-decanteur-bleu-blanc-rouge\/#breadcrumb"},"inLanguage":"fr-FR","potentialAction":[{"@type":"ReadAction","target":["https:\/\/dev6.erresse-shop.it\/fr\/shop\/table-fr-2\/vin\/decanteurs\/riedel-amedeo-decanteur-bleu-blanc-rouge\/"]}]},{"@type":"ImageObject","inLanguage":"fr-FR","@id":"https:\/\/dev6.erresse-shop.it\/fr\/shop\/table-fr-2\/vin\/decanteurs\/riedel-amedeo-decanteur-bleu-blanc-rouge\/#primaryimage","url":"https:\/\/i0.wp.com\/interpim.erresse-shop.it\/Import\/Prodotti\/riedel-amadeo-decanter-blu-bianco-rosso.jpg?ssl=1","contentUrl":"https:\/\/i0.wp.com\/interpim.erresse-shop.it\/Import\/Prodotti\/riedel-amadeo-decanter-blu-bianco-rosso.jpg?ssl=1"},{"@type":"BreadcrumbList","@id":"https:\/\/dev6.erresse-shop.it\/fr\/shop\/table-fr-2\/vin\/decanteurs\/riedel-amedeo-decanteur-bleu-blanc-rouge\/#breadcrumb","itemListElement":[{"@type":"ListItem","position":1,"name":"Home","item":"https:\/\/dev6.erresse-shop.it\/"},{"@type":"ListItem","position":2,"name":"Boutique","item":"https:\/\/dev6.erresse-shop.it\/shop\/"},{"@type":"ListItem","position":3,"name":"RIEDEL Amedeo D\u00e9canteur Bleu Blanc Rouge"}]},{"@type":"WebSite","@id":"https:\/\/dev6.erresse-shop.it\/#website","url":"https:\/\/dev6.erresse-shop.it\/","name":"Erresse Shop","description":"","publisher":{"@id":"https:\/\/dev6.erresse-shop.it\/#organization"},"potentialAction":[{"@type":"SearchAction","target":{"@type":"EntryPoint","urlTemplate":"https:\/\/dev6.erresse-shop.it\/?s={search_term_string}"},"query-input":{"@type":"PropertyValueSpecification","valueRequired":true,"valueName":"search_term_string"}}],"inLanguage":"fr-FR"},{"@type":"Organization","@id":"https:\/\/dev6.erresse-shop.it\/#organization","name":"Erresse Shop","url":"https:\/\/dev6.erresse-shop.it\/","logo":{"@type":"ImageObject","inLanguage":"fr-FR","@id":"https:\/\/dev6.erresse-shop.it\/#\/schema\/logo\/image\/","url":"https:\/\/dev6.erresse-shop.it\/wp-content\/uploads\/2025\/01\/LOGO-ERRESSE-CLASSICO.svg","contentUrl":"https:\/\/dev6.erresse-shop.it\/wp-content\/uploads\/2025\/01\/LOGO-ERRESSE-CLASSICO.svg","caption":"Erresse Shop"},"image":{"@id":"https:\/\/dev6.erresse-shop.it\/#\/schema\/logo\/image\/"}}]}},"df_price":24.9,"df_sale_price":"","df_regular_price":24.9,"df_image_link":"https:\/\/i0.wp.com\/interpim.erresse-shop.it\/Import\/Prodotti\/riedel-amadeo-decanter-blu-bianco-rosso.jpg?resize=300,300&ssl=1","fifu_image_url":"https:\/\/interpim.erresse-shop.it\/Import\/Prodotti\/riedel-amadeo-decanter-blu-bianco-rosso.jpg","_links":{"self":[{"href":"https:\/\/dev6.erresse-shop.it\/fr\/wp-json\/wp\/v2\/product\/1610333","targetHints":{"allow":["GET"]}}],"collection":[{"href":"https:\/\/dev6.erresse-shop.it\/fr\/wp-json\/wp\/v2\/product"}],"about":[{"href":"https:\/\/dev6.erresse-shop.it\/fr\/wp-json\/wp\/v2\/types\/product"}],"wp:featuredmedia":[{"embeddable":true,"href":"https:\/\/dev6.erresse-shop.it\/fr\/wp-json\/wp\/v2\/media\/6295178"}],"wp:attachment":[{"href":"https:\/\/dev6.erresse-shop.it\/fr\/wp-json\/wp\/v2\/media?parent=1610333"}],"wp:term":[{"taxonomy":"product_cat","embeddable":true,"href":"https:\/\/dev6.erresse-shop.it\/fr\/wp-json\/wp\/v2\/product_cat?post=1610333"},{"taxonomy":"product_tag","embeddable":true,"href":"https:\/\/dev6.erresse-shop.it\/fr\/wp-json\/wp\/v2\/product_tag?post=1610333"}],"curies":[{"name":"wp","href":"https:\/\/api.w.org\/{rel}","templated":true}]}}