{"id":1610323,"date":"2026-04-12T13:47:32","date_gmt":"2026-04-12T11:47:32","guid":{"rendered":"https:\/\/dev6.erresse-shop.it\/shop\/non%20class\u00e9\/riedel-highland-ensemble-de-4-gobelets\/"},"modified":"2025-07-04T20:00:19","modified_gmt":"2025-07-04T18:00:19","slug":"riedel-highland-ensemble-de-4-gobelets","status":"publish","type":"product","link":"https:\/\/dev6.erresse-shop.it\/fr\/shop\/table-fr-2\/verres\/riedel-highland-ensemble-de-4-gobelets\/","title":{"rendered":"RIEDEL Highland Ensemble de 4 gobelets"},"content":{"rendered":"<p>Ces gobelets sont parfaits pour ajouter une touche de luxe \u00e0 votre maison.<br \/>\nCes splendides verres, en cristal fin, sont un incontournable pour tous ceux qui souhaitent faire briller leur coin bar d\u2019une lumi\u00e8re nouvelle.<\/p>\n<p>La s\u00e9rie Highland est parfaite pour les d\u00eeners, car chaque ensemble comprend quatre mod\u00e8les distincts : \u00ab Cross \u00bb, \u00ab Diamond \u00bb, \u00ab Square \u00bb et \u00ab Straight \u00bb. De conception classique mais originale, ils sont la v\u00e9ritable expression de votre style de vie personnel. Ces verres \u00e9l\u00e9gants et de haute qualit\u00e9 ajoutent une touche de classe et de lumi\u00e8re suppl\u00e9mentaire \u00e0 votre coin bar ou \u00e0 votre table.<\/p>\n<p>D\u00e9tails du produit\u00a0:<\/p>\n<p>Ce produit est fabriqu\u00e9 \u00e0 la machine. Il peut y avoir des tol\u00e9rances minimales dans les dimensions en raison du processus de fabrication.<br \/>\nCe produit est fabriqu\u00e9 en verre, qui peut se briser et cr\u00e9er des fragments tranchants en cas de basculement ou de chute.<br \/>\nCet article va au lave-vaisselle.<\/p>\n<p>Cylindr\u00e9e : 345,0 cm3<br \/>\nHauteur : 102,0 mm<\/p>\n","protected":false},"excerpt":{"rendered":"<p>Ces gobelets sont parfaits pour ajouter une touche de luxe \u00e0 votre maison. Ces splendides verres, en cristal fin, sont un incontournable pour tous ceux qui souhaitent faire briller leur coin bar d\u2019une lumi\u00e8re nouvelle. La s\u00e9rie Highland est parfaite pour les d\u00eeners, car chaque ensemble comprend quatre mod\u00e8les distincts : \u00ab Cross \u00bb, \u00ab [&hellip;]<\/p>\n","protected":false},"featured_media":6378405,"template":"","meta":{"_acf_changed":false},"product_cat":[11995,12009],"product_tag":[],"class_list":{"0":"post-1610323","1":"product","2":"type-product","3":"status-publish","4":"has-post-thumbnail","6":"product_cat-table-fr-2","7":"product_cat-verres","9":"first","10":"instock","11":"taxable","12":"shipping-taxable","13":"purchasable","14":"product-type-simple","swatches":"rey-swatches","show_selected":"","stretch_labels":"rey-swatches--stretch-labels"},"acf":[],"yoast_head":"<!-- This site is optimized with the Yoast SEO plugin v25.4 - https:\/\/yoast.com\/wordpress\/plugins\/seo\/ -->\n<title>RIEDEL Highland Ensemble de 4 gobelets - dev6 Erresse<\/title>\n<meta name=\"description\" content=\"Ces gobelets sont parfaits pour ajouter une touche de luxe \u00e0 votre maison. Ces splendides verres, en cristal fin, sont un incontournable pour tous ceux\" \/>\n<meta name=\"robots\" content=\"noindex, follow, max-snippet:-1, max-image-preview:large, max-video-preview:-1\" \/>\n<meta property=\"og:locale\" content=\"fr_FR\" \/>\n<meta property=\"og:type\" content=\"article\" \/>\n<meta property=\"og:title\" content=\"RIEDEL Highland Ensemble de 4 gobelets - dev6 Erresse\" \/>\n<meta property=\"og:description\" content=\"Ces gobelets sont parfaits pour ajouter une touche de luxe \u00e0 votre maison. Ces splendides verres, en cristal fin, sont un incontournable pour tous ceux\" \/>\n<meta property=\"og:url\" content=\"https:\/\/dev6.erresse-shop.it\/fr\/shop\/table-fr-2\/verres\/riedel-highland-ensemble-de-4-gobelets\/\" \/>\n<meta property=\"og:site_name\" content=\"dev6 Erresse\" \/>\n<meta property=\"og:image\" content=\"https:\/\/interpim.erresse-shop.it\/Import\/Prodotti\/riedel-highland-set-4-tumbler.jpg\" \/><meta property=\"og:image\" content=\"https:\/\/interpim.erresse-shop.it\/Import\/Prodotti\/riedel-highland-set-4-tumbler.jpg\" \/>\n\t<meta property=\"og:image:width\" content=\"1024\" \/>\n\t<meta property=\"og:image:height\" content=\"1024\" \/>\n\t<meta property=\"og:image:type\" content=\"image\/jpeg\" \/>\n<meta name=\"twitter:card\" content=\"summary_large_image\" \/>\n<meta name=\"twitter:image\" content=\"https:\/\/interpim.erresse-shop.it\/Import\/Prodotti\/riedel-highland-set-4-tumbler.jpg\" \/>\n<script type=\"application\/ld+json\" class=\"yoast-schema-graph\">{\"@context\":\"https:\/\/schema.org\",\"@graph\":[{\"@type\":\"WebPage\",\"@id\":\"https:\/\/dev6.erresse-shop.it\/fr\/shop\/table-fr-2\/verres\/riedel-highland-ensemble-de-4-gobelets\/\",\"url\":\"https:\/\/dev6.erresse-shop.it\/fr\/shop\/table-fr-2\/verres\/riedel-highland-ensemble-de-4-gobelets\/\",\"name\":\"RIEDEL Highland Ensemble de 4 gobelets - dev6 Erresse\",\"isPartOf\":{\"@id\":\"https:\/\/dev6.erresse-shop.it\/#website\"},\"primaryImageOfPage\":{\"@id\":\"https:\/\/dev6.erresse-shop.it\/fr\/shop\/table-fr-2\/verres\/riedel-highland-ensemble-de-4-gobelets\/#primaryimage\"},\"image\":{\"@id\":\"https:\/\/dev6.erresse-shop.it\/fr\/shop\/table-fr-2\/verres\/riedel-highland-ensemble-de-4-gobelets\/#primaryimage\"},\"thumbnailUrl\":\"https:\/\/i2.wp.com\/interpim.erresse-shop.it\/Import\/Prodotti\/riedel-highland-set-4-tumbler.jpg?ssl=1\",\"datePublished\":\"2026-04-12T11:47:32+00:00\",\"description\":\"Ces gobelets sont parfaits pour ajouter une touche de luxe \u00e0 votre maison. Ces splendides verres, en cristal fin, sont un incontournable pour tous ceux\",\"breadcrumb\":{\"@id\":\"https:\/\/dev6.erresse-shop.it\/fr\/shop\/table-fr-2\/verres\/riedel-highland-ensemble-de-4-gobelets\/#breadcrumb\"},\"inLanguage\":\"fr-FR\",\"potentialAction\":[{\"@type\":\"ReadAction\",\"target\":[\"https:\/\/dev6.erresse-shop.it\/fr\/shop\/table-fr-2\/verres\/riedel-highland-ensemble-de-4-gobelets\/\"]}]},{\"@type\":\"ImageObject\",\"inLanguage\":\"fr-FR\",\"@id\":\"https:\/\/dev6.erresse-shop.it\/fr\/shop\/table-fr-2\/verres\/riedel-highland-ensemble-de-4-gobelets\/#primaryimage\",\"url\":\"https:\/\/i2.wp.com\/interpim.erresse-shop.it\/Import\/Prodotti\/riedel-highland-set-4-tumbler.jpg?ssl=1\",\"contentUrl\":\"https:\/\/i2.wp.com\/interpim.erresse-shop.it\/Import\/Prodotti\/riedel-highland-set-4-tumbler.jpg?ssl=1\"},{\"@type\":\"BreadcrumbList\",\"@id\":\"https:\/\/dev6.erresse-shop.it\/fr\/shop\/table-fr-2\/verres\/riedel-highland-ensemble-de-4-gobelets\/#breadcrumb\",\"itemListElement\":[{\"@type\":\"ListItem\",\"position\":1,\"name\":\"Home\",\"item\":\"https:\/\/dev6.erresse-shop.it\/\"},{\"@type\":\"ListItem\",\"position\":2,\"name\":\"Boutique\",\"item\":\"https:\/\/dev6.erresse-shop.it\/shop\/\"},{\"@type\":\"ListItem\",\"position\":3,\"name\":\"RIEDEL Highland Ensemble de 4 gobelets\"}]},{\"@type\":\"WebSite\",\"@id\":\"https:\/\/dev6.erresse-shop.it\/#website\",\"url\":\"https:\/\/dev6.erresse-shop.it\/\",\"name\":\"Erresse Shop\",\"description\":\"\",\"publisher\":{\"@id\":\"https:\/\/dev6.erresse-shop.it\/#organization\"},\"potentialAction\":[{\"@type\":\"SearchAction\",\"target\":{\"@type\":\"EntryPoint\",\"urlTemplate\":\"https:\/\/dev6.erresse-shop.it\/?s={search_term_string}\"},\"query-input\":{\"@type\":\"PropertyValueSpecification\",\"valueRequired\":true,\"valueName\":\"search_term_string\"}}],\"inLanguage\":\"fr-FR\"},{\"@type\":\"Organization\",\"@id\":\"https:\/\/dev6.erresse-shop.it\/#organization\",\"name\":\"Erresse Shop\",\"url\":\"https:\/\/dev6.erresse-shop.it\/\",\"logo\":{\"@type\":\"ImageObject\",\"inLanguage\":\"fr-FR\",\"@id\":\"https:\/\/dev6.erresse-shop.it\/#\/schema\/logo\/image\/\",\"url\":\"https:\/\/dev6.erresse-shop.it\/wp-content\/uploads\/2025\/01\/LOGO-ERRESSE-CLASSICO.svg\",\"contentUrl\":\"https:\/\/dev6.erresse-shop.it\/wp-content\/uploads\/2025\/01\/LOGO-ERRESSE-CLASSICO.svg\",\"caption\":\"Erresse Shop\"},\"image\":{\"@id\":\"https:\/\/dev6.erresse-shop.it\/#\/schema\/logo\/image\/\"}}]}<\/script>\n<!-- \/ Yoast SEO plugin. -->","yoast_head_json":{"title":"RIEDEL Highland Ensemble de 4 gobelets - dev6 Erresse","description":"Ces gobelets sont parfaits pour ajouter une touche de luxe \u00e0 votre maison. Ces splendides verres, en cristal fin, sont un incontournable pour tous ceux","robots":{"index":"noindex","follow":"follow","max-snippet":"max-snippet:-1","max-image-preview":"max-image-preview:large","max-video-preview":"max-video-preview:-1"},"og_locale":"fr_FR","og_type":"article","og_title":"RIEDEL Highland Ensemble de 4 gobelets - dev6 Erresse","og_description":"Ces gobelets sont parfaits pour ajouter une touche de luxe \u00e0 votre maison. Ces splendides verres, en cristal fin, sont un incontournable pour tous ceux","og_url":"https:\/\/dev6.erresse-shop.it\/fr\/shop\/table-fr-2\/verres\/riedel-highland-ensemble-de-4-gobelets\/","og_site_name":"dev6 Erresse","og_image":[{"url":"https:\/\/interpim.erresse-shop.it\/Import\/Prodotti\/riedel-highland-set-4-tumbler.jpg","type":"","width":"","height":""},{"url":"https:\/\/interpim.erresse-shop.it\/Import\/Prodotti\/riedel-highland-set-4-tumbler.jpg","width":1024,"height":1024,"type":"image\/jpeg"}],"twitter_card":"summary_large_image","twitter_image":"https:\/\/interpim.erresse-shop.it\/Import\/Prodotti\/riedel-highland-set-4-tumbler.jpg","schema":{"@context":"https:\/\/schema.org","@graph":[{"@type":"WebPage","@id":"https:\/\/dev6.erresse-shop.it\/fr\/shop\/table-fr-2\/verres\/riedel-highland-ensemble-de-4-gobelets\/","url":"https:\/\/dev6.erresse-shop.it\/fr\/shop\/table-fr-2\/verres\/riedel-highland-ensemble-de-4-gobelets\/","name":"RIEDEL Highland Ensemble de 4 gobelets - dev6 Erresse","isPartOf":{"@id":"https:\/\/dev6.erresse-shop.it\/#website"},"primaryImageOfPage":{"@id":"https:\/\/dev6.erresse-shop.it\/fr\/shop\/table-fr-2\/verres\/riedel-highland-ensemble-de-4-gobelets\/#primaryimage"},"image":{"@id":"https:\/\/dev6.erresse-shop.it\/fr\/shop\/table-fr-2\/verres\/riedel-highland-ensemble-de-4-gobelets\/#primaryimage"},"thumbnailUrl":"https:\/\/i2.wp.com\/interpim.erresse-shop.it\/Import\/Prodotti\/riedel-highland-set-4-tumbler.jpg?ssl=1","datePublished":"2026-04-12T11:47:32+00:00","description":"Ces gobelets sont parfaits pour ajouter une touche de luxe \u00e0 votre maison. Ces splendides verres, en cristal fin, sont un incontournable pour tous ceux","breadcrumb":{"@id":"https:\/\/dev6.erresse-shop.it\/fr\/shop\/table-fr-2\/verres\/riedel-highland-ensemble-de-4-gobelets\/#breadcrumb"},"inLanguage":"fr-FR","potentialAction":[{"@type":"ReadAction","target":["https:\/\/dev6.erresse-shop.it\/fr\/shop\/table-fr-2\/verres\/riedel-highland-ensemble-de-4-gobelets\/"]}]},{"@type":"ImageObject","inLanguage":"fr-FR","@id":"https:\/\/dev6.erresse-shop.it\/fr\/shop\/table-fr-2\/verres\/riedel-highland-ensemble-de-4-gobelets\/#primaryimage","url":"https:\/\/i2.wp.com\/interpim.erresse-shop.it\/Import\/Prodotti\/riedel-highland-set-4-tumbler.jpg?ssl=1","contentUrl":"https:\/\/i2.wp.com\/interpim.erresse-shop.it\/Import\/Prodotti\/riedel-highland-set-4-tumbler.jpg?ssl=1"},{"@type":"BreadcrumbList","@id":"https:\/\/dev6.erresse-shop.it\/fr\/shop\/table-fr-2\/verres\/riedel-highland-ensemble-de-4-gobelets\/#breadcrumb","itemListElement":[{"@type":"ListItem","position":1,"name":"Home","item":"https:\/\/dev6.erresse-shop.it\/"},{"@type":"ListItem","position":2,"name":"Boutique","item":"https:\/\/dev6.erresse-shop.it\/shop\/"},{"@type":"ListItem","position":3,"name":"RIEDEL Highland Ensemble de 4 gobelets"}]},{"@type":"WebSite","@id":"https:\/\/dev6.erresse-shop.it\/#website","url":"https:\/\/dev6.erresse-shop.it\/","name":"Erresse Shop","description":"","publisher":{"@id":"https:\/\/dev6.erresse-shop.it\/#organization"},"potentialAction":[{"@type":"SearchAction","target":{"@type":"EntryPoint","urlTemplate":"https:\/\/dev6.erresse-shop.it\/?s={search_term_string}"},"query-input":{"@type":"PropertyValueSpecification","valueRequired":true,"valueName":"search_term_string"}}],"inLanguage":"fr-FR"},{"@type":"Organization","@id":"https:\/\/dev6.erresse-shop.it\/#organization","name":"Erresse Shop","url":"https:\/\/dev6.erresse-shop.it\/","logo":{"@type":"ImageObject","inLanguage":"fr-FR","@id":"https:\/\/dev6.erresse-shop.it\/#\/schema\/logo\/image\/","url":"https:\/\/dev6.erresse-shop.it\/wp-content\/uploads\/2025\/01\/LOGO-ERRESSE-CLASSICO.svg","contentUrl":"https:\/\/dev6.erresse-shop.it\/wp-content\/uploads\/2025\/01\/LOGO-ERRESSE-CLASSICO.svg","caption":"Erresse Shop"},"image":{"@id":"https:\/\/dev6.erresse-shop.it\/#\/schema\/logo\/image\/"}}]}},"df_price":30.9,"df_sale_price":"","df_regular_price":30.9,"df_image_link":"https:\/\/i2.wp.com\/interpim.erresse-shop.it\/Import\/Prodotti\/riedel-highland-set-4-tumbler.jpg?resize=300,300&ssl=1","fifu_image_url":"https:\/\/interpim.erresse-shop.it\/Import\/Prodotti\/riedel-highland-set-4-tumbler.jpg","_links":{"self":[{"href":"https:\/\/dev6.erresse-shop.it\/fr\/wp-json\/wp\/v2\/product\/1610323","targetHints":{"allow":["GET"]}}],"collection":[{"href":"https:\/\/dev6.erresse-shop.it\/fr\/wp-json\/wp\/v2\/product"}],"about":[{"href":"https:\/\/dev6.erresse-shop.it\/fr\/wp-json\/wp\/v2\/types\/product"}],"wp:featuredmedia":[{"embeddable":true,"href":"https:\/\/dev6.erresse-shop.it\/fr\/wp-json\/wp\/v2\/media\/6378405"}],"wp:attachment":[{"href":"https:\/\/dev6.erresse-shop.it\/fr\/wp-json\/wp\/v2\/media?parent=1610323"}],"wp:term":[{"taxonomy":"product_cat","embeddable":true,"href":"https:\/\/dev6.erresse-shop.it\/fr\/wp-json\/wp\/v2\/product_cat?post=1610323"},{"taxonomy":"product_tag","embeddable":true,"href":"https:\/\/dev6.erresse-shop.it\/fr\/wp-json\/wp\/v2\/product_tag?post=1610323"}],"curies":[{"name":"wp","href":"https:\/\/api.w.org\/{rel}","templated":true}]}}