{"id":1610315,"date":"2026-04-12T13:47:32","date_gmt":"2026-04-12T11:47:32","guid":{"rendered":"https:\/\/dev6.erresse-shop.it\/shop\/non%20class\u00e9\/le-creuset-lot-de-4-mini-cocottes-10-cm-couleurs-froides\/"},"modified":"2025-09-14T06:52:40","modified_gmt":"2025-09-14T04:52:40","slug":"le-creuset-lot-de-4-mini-cocottes-10-cm-couleurs-froides","status":"publish","type":"product","link":"https:\/\/dev6.erresse-shop.it\/fr\/shop\/poeles-pots\/marmites-et-cocottes-poeles-pots\/le-creuset-lot-de-4-mini-cocottes-10-cm-couleurs-froides\/","title":{"rendered":"LE CREUSET Lot de 4 Mini Cocottes 10 cm Couleurs froides"},"content":{"rendered":"<p>Ce coffret de quatre mini-cocottes originales r\u00e9unit une palette de couleurs uniques Le Creuset\u00a0: Bleu Cara\u00efbes, Bleu Marseille, Vert Palmier et Menthe Fra\u00eeche. Utilisez-les comme pots de confiture, pour servir des en-cas, des desserts ou une petite entr\u00e9e. Pr\u00e9sent\u00e9es dans un joli coffret, elles constituent une id\u00e9e cadeau id\u00e9ale. <\/p>\n<p style=\"text-align: justify;\">D\u00e9tails du produit\u00a0:<\/p>\n<p>Toujours impeccable\u00a0: Notre c\u00e9ramique est r\u00e9sistante aux rayures et facile \u00e0 nettoyer.<br \/>\nFabriqu\u00e9es avec soin\u00a0: Fabriqu\u00e9es en c\u00e9ramique de haute qualit\u00e9, nos c\u00e9ramiques maintiennent une temp\u00e9rature uniforme et sont durables.<br \/>\nUne ic\u00f4ne moderne\u00a0: Avec son design distinctif \u00e0 trois anneaux, ce produit s\u2019harmonise avec nos ustensiles de cuisine embl\u00e9matiques en fonte, ce qui en fait le compl\u00e9ment id\u00e9al de votre collection Le Creuset.<br \/>\nAdapt\u00e9 au chaud comme au froid\u00a0: Notre c\u00e9ramique r\u00e9siste \u00e0 des temp\u00e9ratures allant de -23\u00a0\u00b0C \u00e0 &#43;260\u00a0\u00b0C.<br \/>\nLe meilleur de sa cat\u00e9gorie\u00a0: Nos produits sont fabriqu\u00e9s \u00e0 partir des meilleurs mat\u00e9riaux, dans des usines du monde entier, pour garantir la qualit\u00e9 que vous attendez de Le Creuset.<\/p>\n<p>Mat\u00e9riau\u00a0: Gr\u00e8s<br \/>\nFabriqu\u00e9 en Tha\u00eflande<br \/>\nGarantie\u00a0: 10\u00a0ans<\/p>\n<p>Capacit\u00e9\u00a0: 0,25\u00a0L<\/p>\n<p>Source de chaleur\u00a0:<\/p>\n<p>Four<br \/>\nFour \u00e0 micro-ondes<br \/>\nNettoyage et entretien\u00a0:<\/p>\n<p>Attendez que le produit ait compl\u00e8tement refroidi avant de commencer le nettoyage.<br \/>\nEnlevez tout r\u00e9sidu de la base et des parois du produit. Pour les r\u00e9sidus alimentaires tenaces, remplissez le produit d\u2019eau chaude savonneuse et laissez-le tremper 15 \u00e0 20\u00a0minutes avant de le laver comme d\u2019habitude.<br \/>\nLavez et s\u00e9chez \u00e0 la main. Ou passez votre produit en gr\u00e8s vitrifi\u00e9 au lave-vaisselle pour un cycle complet.<\/p>\n","protected":false},"excerpt":{"rendered":"<p>Ce coffret de quatre mini-cocottes originales r\u00e9unit une palette de couleurs uniques Le Creuset\u00a0: Bleu Cara\u00efbes, Bleu Marseille, Vert Palmier et Menthe Fra\u00eeche. Utilisez-les comme pots de confiture, pour servir des en-cas, des desserts ou une petite entr\u00e9e. Pr\u00e9sent\u00e9es dans un joli coffret, elles constituent une id\u00e9e cadeau id\u00e9ale. D\u00e9tails du produit\u00a0: Toujours impeccable\u00a0: Notre [&hellip;]<\/p>\n","protected":false},"featured_media":6378355,"template":"","meta":{"_acf_changed":false},"product_cat":[12000,11991],"product_tag":[],"class_list":{"0":"post-1610315","1":"product","2":"type-product","3":"status-publish","4":"has-post-thumbnail","6":"product_cat-marmites-et-cocottes-poeles-pots","7":"product_cat-poeles-pots","9":"first","10":"instock","11":"sale","12":"taxable","13":"shipping-taxable","14":"purchasable","15":"product-type-simple","swatches":"rey-swatches","show_selected":"","stretch_labels":"rey-swatches--stretch-labels"},"acf":[],"yoast_head":"<!-- This site is optimized with the Yoast SEO plugin v25.4 - https:\/\/yoast.com\/wordpress\/plugins\/seo\/ -->\n<title>LE CREUSET Lot de 4 Mini Cocottes 10 cm Couleurs froides - dev6 Erresse<\/title>\n<meta name=\"description\" content=\"Ce coffret de quatre mini-cocottes originales r\u00e9unit une palette de couleurs uniques Le Creuset\u00a0: Bleu Cara\u00efbes, Bleu Marseille, Vert Palmier et Menthe\" \/>\n<meta name=\"robots\" content=\"noindex, follow, max-snippet:-1, max-image-preview:large, max-video-preview:-1\" \/>\n<meta property=\"og:locale\" content=\"fr_FR\" \/>\n<meta property=\"og:type\" content=\"article\" \/>\n<meta property=\"og:title\" content=\"LE CREUSET Lot de 4 Mini Cocottes 10 cm Couleurs froides - dev6 Erresse\" \/>\n<meta property=\"og:description\" content=\"Ce coffret de quatre mini-cocottes originales r\u00e9unit une palette de couleurs uniques Le Creuset\u00a0: Bleu Cara\u00efbes, Bleu Marseille, Vert Palmier et Menthe\" \/>\n<meta property=\"og:url\" content=\"https:\/\/dev6.erresse-shop.it\/fr\/shop\/poeles-pots\/marmites-et-cocottes-poeles-pots\/le-creuset-lot-de-4-mini-cocottes-10-cm-couleurs-froides\/\" \/>\n<meta property=\"og:site_name\" content=\"dev6 Erresse\" \/>\n<meta property=\"og:image\" content=\"https:\/\/interpim.erresse-shop.it\/Import\/Prodotti\/le-creuset-set-4-mini-cocotte-10-cm-colori-freddi.jpg\" \/><meta property=\"og:image\" content=\"https:\/\/interpim.erresse-shop.it\/Import\/Prodotti\/le-creuset-set-4-mini-cocotte-10-cm-colori-freddi.jpg\" \/>\n\t<meta property=\"og:image:width\" content=\"1024\" \/>\n\t<meta property=\"og:image:height\" content=\"1024\" \/>\n\t<meta property=\"og:image:type\" content=\"image\/jpeg\" \/>\n<meta name=\"twitter:card\" content=\"summary_large_image\" \/>\n<meta name=\"twitter:image\" content=\"https:\/\/interpim.erresse-shop.it\/Import\/Prodotti\/le-creuset-set-4-mini-cocotte-10-cm-colori-freddi.jpg\" \/>\n<script type=\"application\/ld+json\" class=\"yoast-schema-graph\">{\"@context\":\"https:\/\/schema.org\",\"@graph\":[{\"@type\":\"WebPage\",\"@id\":\"https:\/\/dev6.erresse-shop.it\/fr\/shop\/poeles-pots\/marmites-et-cocottes-poeles-pots\/le-creuset-lot-de-4-mini-cocottes-10-cm-couleurs-froides\/\",\"url\":\"https:\/\/dev6.erresse-shop.it\/fr\/shop\/poeles-pots\/marmites-et-cocottes-poeles-pots\/le-creuset-lot-de-4-mini-cocottes-10-cm-couleurs-froides\/\",\"name\":\"LE CREUSET Lot de 4 Mini Cocottes 10 cm Couleurs froides - dev6 Erresse\",\"isPartOf\":{\"@id\":\"https:\/\/dev6.erresse-shop.it\/#website\"},\"primaryImageOfPage\":{\"@id\":\"https:\/\/dev6.erresse-shop.it\/fr\/shop\/poeles-pots\/marmites-et-cocottes-poeles-pots\/le-creuset-lot-de-4-mini-cocottes-10-cm-couleurs-froides\/#primaryimage\"},\"image\":{\"@id\":\"https:\/\/dev6.erresse-shop.it\/fr\/shop\/poeles-pots\/marmites-et-cocottes-poeles-pots\/le-creuset-lot-de-4-mini-cocottes-10-cm-couleurs-froides\/#primaryimage\"},\"thumbnailUrl\":\"https:\/\/i2.wp.com\/interpim.erresse-shop.it\/Import\/Prodotti\/le-creuset-set-4-mini-cocotte-10-cm-colori-freddi.jpg?ssl=1\",\"datePublished\":\"2026-04-12T11:47:32+00:00\",\"description\":\"Ce coffret de quatre mini-cocottes originales r\u00e9unit une palette de couleurs uniques Le Creuset\u00a0: Bleu Cara\u00efbes, Bleu Marseille, Vert Palmier et Menthe\",\"breadcrumb\":{\"@id\":\"https:\/\/dev6.erresse-shop.it\/fr\/shop\/poeles-pots\/marmites-et-cocottes-poeles-pots\/le-creuset-lot-de-4-mini-cocottes-10-cm-couleurs-froides\/#breadcrumb\"},\"inLanguage\":\"fr-FR\",\"potentialAction\":[{\"@type\":\"ReadAction\",\"target\":[\"https:\/\/dev6.erresse-shop.it\/fr\/shop\/poeles-pots\/marmites-et-cocottes-poeles-pots\/le-creuset-lot-de-4-mini-cocottes-10-cm-couleurs-froides\/\"]}]},{\"@type\":\"ImageObject\",\"inLanguage\":\"fr-FR\",\"@id\":\"https:\/\/dev6.erresse-shop.it\/fr\/shop\/poeles-pots\/marmites-et-cocottes-poeles-pots\/le-creuset-lot-de-4-mini-cocottes-10-cm-couleurs-froides\/#primaryimage\",\"url\":\"https:\/\/i2.wp.com\/interpim.erresse-shop.it\/Import\/Prodotti\/le-creuset-set-4-mini-cocotte-10-cm-colori-freddi.jpg?ssl=1\",\"contentUrl\":\"https:\/\/i2.wp.com\/interpim.erresse-shop.it\/Import\/Prodotti\/le-creuset-set-4-mini-cocotte-10-cm-colori-freddi.jpg?ssl=1\"},{\"@type\":\"BreadcrumbList\",\"@id\":\"https:\/\/dev6.erresse-shop.it\/fr\/shop\/poeles-pots\/marmites-et-cocottes-poeles-pots\/le-creuset-lot-de-4-mini-cocottes-10-cm-couleurs-froides\/#breadcrumb\",\"itemListElement\":[{\"@type\":\"ListItem\",\"position\":1,\"name\":\"Home\",\"item\":\"https:\/\/dev6.erresse-shop.it\/\"},{\"@type\":\"ListItem\",\"position\":2,\"name\":\"Boutique\",\"item\":\"https:\/\/dev6.erresse-shop.it\/shop\/\"},{\"@type\":\"ListItem\",\"position\":3,\"name\":\"LE CREUSET Lot de 4 Mini Cocottes 10 cm Couleurs froides\"}]},{\"@type\":\"WebSite\",\"@id\":\"https:\/\/dev6.erresse-shop.it\/#website\",\"url\":\"https:\/\/dev6.erresse-shop.it\/\",\"name\":\"Erresse Shop\",\"description\":\"\",\"publisher\":{\"@id\":\"https:\/\/dev6.erresse-shop.it\/#organization\"},\"potentialAction\":[{\"@type\":\"SearchAction\",\"target\":{\"@type\":\"EntryPoint\",\"urlTemplate\":\"https:\/\/dev6.erresse-shop.it\/?s={search_term_string}\"},\"query-input\":{\"@type\":\"PropertyValueSpecification\",\"valueRequired\":true,\"valueName\":\"search_term_string\"}}],\"inLanguage\":\"fr-FR\"},{\"@type\":\"Organization\",\"@id\":\"https:\/\/dev6.erresse-shop.it\/#organization\",\"name\":\"Erresse Shop\",\"url\":\"https:\/\/dev6.erresse-shop.it\/\",\"logo\":{\"@type\":\"ImageObject\",\"inLanguage\":\"fr-FR\",\"@id\":\"https:\/\/dev6.erresse-shop.it\/#\/schema\/logo\/image\/\",\"url\":\"https:\/\/dev6.erresse-shop.it\/wp-content\/uploads\/2025\/01\/LOGO-ERRESSE-CLASSICO.svg\",\"contentUrl\":\"https:\/\/dev6.erresse-shop.it\/wp-content\/uploads\/2025\/01\/LOGO-ERRESSE-CLASSICO.svg\",\"caption\":\"Erresse Shop\"},\"image\":{\"@id\":\"https:\/\/dev6.erresse-shop.it\/#\/schema\/logo\/image\/\"}}]}<\/script>\n<!-- \/ Yoast SEO plugin. -->","yoast_head_json":{"title":"LE CREUSET Lot de 4 Mini Cocottes 10 cm Couleurs froides - dev6 Erresse","description":"Ce coffret de quatre mini-cocottes originales r\u00e9unit une palette de couleurs uniques Le Creuset\u00a0: Bleu Cara\u00efbes, Bleu Marseille, Vert Palmier et Menthe","robots":{"index":"noindex","follow":"follow","max-snippet":"max-snippet:-1","max-image-preview":"max-image-preview:large","max-video-preview":"max-video-preview:-1"},"og_locale":"fr_FR","og_type":"article","og_title":"LE CREUSET Lot de 4 Mini Cocottes 10 cm Couleurs froides - dev6 Erresse","og_description":"Ce coffret de quatre mini-cocottes originales r\u00e9unit une palette de couleurs uniques Le Creuset\u00a0: Bleu Cara\u00efbes, Bleu Marseille, Vert Palmier et Menthe","og_url":"https:\/\/dev6.erresse-shop.it\/fr\/shop\/poeles-pots\/marmites-et-cocottes-poeles-pots\/le-creuset-lot-de-4-mini-cocottes-10-cm-couleurs-froides\/","og_site_name":"dev6 Erresse","og_image":[{"url":"https:\/\/interpim.erresse-shop.it\/Import\/Prodotti\/le-creuset-set-4-mini-cocotte-10-cm-colori-freddi.jpg","type":"","width":"","height":""},{"url":"https:\/\/interpim.erresse-shop.it\/Import\/Prodotti\/le-creuset-set-4-mini-cocotte-10-cm-colori-freddi.jpg","width":1024,"height":1024,"type":"image\/jpeg"}],"twitter_card":"summary_large_image","twitter_image":"https:\/\/interpim.erresse-shop.it\/Import\/Prodotti\/le-creuset-set-4-mini-cocotte-10-cm-colori-freddi.jpg","schema":{"@context":"https:\/\/schema.org","@graph":[{"@type":"WebPage","@id":"https:\/\/dev6.erresse-shop.it\/fr\/shop\/poeles-pots\/marmites-et-cocottes-poeles-pots\/le-creuset-lot-de-4-mini-cocottes-10-cm-couleurs-froides\/","url":"https:\/\/dev6.erresse-shop.it\/fr\/shop\/poeles-pots\/marmites-et-cocottes-poeles-pots\/le-creuset-lot-de-4-mini-cocottes-10-cm-couleurs-froides\/","name":"LE CREUSET Lot de 4 Mini Cocottes 10 cm Couleurs froides - dev6 Erresse","isPartOf":{"@id":"https:\/\/dev6.erresse-shop.it\/#website"},"primaryImageOfPage":{"@id":"https:\/\/dev6.erresse-shop.it\/fr\/shop\/poeles-pots\/marmites-et-cocottes-poeles-pots\/le-creuset-lot-de-4-mini-cocottes-10-cm-couleurs-froides\/#primaryimage"},"image":{"@id":"https:\/\/dev6.erresse-shop.it\/fr\/shop\/poeles-pots\/marmites-et-cocottes-poeles-pots\/le-creuset-lot-de-4-mini-cocottes-10-cm-couleurs-froides\/#primaryimage"},"thumbnailUrl":"https:\/\/i2.wp.com\/interpim.erresse-shop.it\/Import\/Prodotti\/le-creuset-set-4-mini-cocotte-10-cm-colori-freddi.jpg?ssl=1","datePublished":"2026-04-12T11:47:32+00:00","description":"Ce coffret de quatre mini-cocottes originales r\u00e9unit une palette de couleurs uniques Le Creuset\u00a0: Bleu Cara\u00efbes, Bleu Marseille, Vert Palmier et Menthe","breadcrumb":{"@id":"https:\/\/dev6.erresse-shop.it\/fr\/shop\/poeles-pots\/marmites-et-cocottes-poeles-pots\/le-creuset-lot-de-4-mini-cocottes-10-cm-couleurs-froides\/#breadcrumb"},"inLanguage":"fr-FR","potentialAction":[{"@type":"ReadAction","target":["https:\/\/dev6.erresse-shop.it\/fr\/shop\/poeles-pots\/marmites-et-cocottes-poeles-pots\/le-creuset-lot-de-4-mini-cocottes-10-cm-couleurs-froides\/"]}]},{"@type":"ImageObject","inLanguage":"fr-FR","@id":"https:\/\/dev6.erresse-shop.it\/fr\/shop\/poeles-pots\/marmites-et-cocottes-poeles-pots\/le-creuset-lot-de-4-mini-cocottes-10-cm-couleurs-froides\/#primaryimage","url":"https:\/\/i2.wp.com\/interpim.erresse-shop.it\/Import\/Prodotti\/le-creuset-set-4-mini-cocotte-10-cm-colori-freddi.jpg?ssl=1","contentUrl":"https:\/\/i2.wp.com\/interpim.erresse-shop.it\/Import\/Prodotti\/le-creuset-set-4-mini-cocotte-10-cm-colori-freddi.jpg?ssl=1"},{"@type":"BreadcrumbList","@id":"https:\/\/dev6.erresse-shop.it\/fr\/shop\/poeles-pots\/marmites-et-cocottes-poeles-pots\/le-creuset-lot-de-4-mini-cocottes-10-cm-couleurs-froides\/#breadcrumb","itemListElement":[{"@type":"ListItem","position":1,"name":"Home","item":"https:\/\/dev6.erresse-shop.it\/"},{"@type":"ListItem","position":2,"name":"Boutique","item":"https:\/\/dev6.erresse-shop.it\/shop\/"},{"@type":"ListItem","position":3,"name":"LE CREUSET Lot de 4 Mini Cocottes 10 cm Couleurs froides"}]},{"@type":"WebSite","@id":"https:\/\/dev6.erresse-shop.it\/#website","url":"https:\/\/dev6.erresse-shop.it\/","name":"Erresse Shop","description":"","publisher":{"@id":"https:\/\/dev6.erresse-shop.it\/#organization"},"potentialAction":[{"@type":"SearchAction","target":{"@type":"EntryPoint","urlTemplate":"https:\/\/dev6.erresse-shop.it\/?s={search_term_string}"},"query-input":{"@type":"PropertyValueSpecification","valueRequired":true,"valueName":"search_term_string"}}],"inLanguage":"fr-FR"},{"@type":"Organization","@id":"https:\/\/dev6.erresse-shop.it\/#organization","name":"Erresse Shop","url":"https:\/\/dev6.erresse-shop.it\/","logo":{"@type":"ImageObject","inLanguage":"fr-FR","@id":"https:\/\/dev6.erresse-shop.it\/#\/schema\/logo\/image\/","url":"https:\/\/dev6.erresse-shop.it\/wp-content\/uploads\/2025\/01\/LOGO-ERRESSE-CLASSICO.svg","contentUrl":"https:\/\/dev6.erresse-shop.it\/wp-content\/uploads\/2025\/01\/LOGO-ERRESSE-CLASSICO.svg","caption":"Erresse Shop"},"image":{"@id":"https:\/\/dev6.erresse-shop.it\/#\/schema\/logo\/image\/"}}]}},"df_price":72.95,"df_sale_price":72.95,"df_regular_price":89,"df_image_link":"https:\/\/i2.wp.com\/interpim.erresse-shop.it\/Import\/Prodotti\/le-creuset-set-4-mini-cocotte-10-cm-colori-freddi.jpg?resize=300,300&ssl=1","fifu_image_url":"https:\/\/interpim.erresse-shop.it\/Import\/Prodotti\/le-creuset-set-4-mini-cocotte-10-cm-colori-freddi.jpg","_links":{"self":[{"href":"https:\/\/dev6.erresse-shop.it\/fr\/wp-json\/wp\/v2\/product\/1610315","targetHints":{"allow":["GET"]}}],"collection":[{"href":"https:\/\/dev6.erresse-shop.it\/fr\/wp-json\/wp\/v2\/product"}],"about":[{"href":"https:\/\/dev6.erresse-shop.it\/fr\/wp-json\/wp\/v2\/types\/product"}],"wp:featuredmedia":[{"embeddable":true,"href":"https:\/\/dev6.erresse-shop.it\/fr\/wp-json\/wp\/v2\/media\/6378355"}],"wp:attachment":[{"href":"https:\/\/dev6.erresse-shop.it\/fr\/wp-json\/wp\/v2\/media?parent=1610315"}],"wp:term":[{"taxonomy":"product_cat","embeddable":true,"href":"https:\/\/dev6.erresse-shop.it\/fr\/wp-json\/wp\/v2\/product_cat?post=1610315"},{"taxonomy":"product_tag","embeddable":true,"href":"https:\/\/dev6.erresse-shop.it\/fr\/wp-json\/wp\/v2\/product_tag?post=1610315"}],"curies":[{"name":"wp","href":"https:\/\/api.w.org\/{rel}","templated":true}]}}