{"id":1610305,"date":"2026-04-04T13:42:19","date_gmt":"2026-04-04T11:42:19","guid":{"rendered":"https:\/\/dev6.erresse-shop.it\/shop\/non%20class\u00e9\/le-creuset-mini-cocotte-14-cm-sea-salt\/"},"modified":"2025-11-27T16:58:48","modified_gmt":"2025-11-27T15:58:48","slug":"le-creuset-mini-cocotte-14-cm-sea-salt","status":"publish","type":"product","link":"https:\/\/dev6.erresse-shop.it\/fr\/shop\/poeles-pots\/marmites-et-cocottes-poeles-pots\/le-creuset-mini-cocotte-14-cm-sea-salt\/","title":{"rendered":"LE CREUSET Mini Cocotte 14 cm Sea Salt"},"content":{"rendered":"<p>Pratique et esth\u00e9tique, cette cocotte moyenne apporte fonctionnalit\u00e9 et style \u00e0 votre cuisine. Id\u00e9ale pour les portions individuelles, sucr\u00e9es ou sal\u00e9es, et pour servir de petits plats lors de vos d\u00eeners entre amis ou en famille. Dot\u00e9e d\u2019un couvercle et de poign\u00e9es pratiques, elle est fabriqu\u00e9e en gr\u00e8s vitrifi\u00e9 de qualit\u00e9 sup\u00e9rieure qui r\u00e9partit uniform\u00e9ment la chaleur et maintient les aliments au chaud plus longtemps.<\/p>\n<p style=\"text-align: justify;\">D\u00e9tails du produit\u00a0:<\/p>\n<p>Toujours impeccable\u00a0: Notre c\u00e9ramique est r\u00e9sistante aux rayures et facile \u00e0 nettoyer.<br \/>\nConstruction parfaite\u00a0: Fabriqu\u00e9s en c\u00e9ramique de haute qualit\u00e9, nos produits en c\u00e9ramique maintiennent une temp\u00e9rature uniforme et sont r\u00e9sistants et durables.<br \/>\nAdapt\u00e9s au chaud comme au froid\u00a0: Notre c\u00e9ramique r\u00e9siste \u00e0 des temp\u00e9ratures allant de -23\u00a0\u00b0C \u00e0 &#43;260\u00a0\u00b0C.<br \/>\nLe meilleur de sa cat\u00e9gorie\u00a0: Nos produits sont fabriqu\u00e9s \u00e0 partir des meilleurs mat\u00e9riaux dans des usines du monde entier pour garantir la qualit\u00e9 que vous attendez de Le Creuset.<\/p>\n<p>Mat\u00e9riau\u00a0: C\u00e9ramique<br \/>\nFabriqu\u00e9 en\u00a0: Tha\u00eflande<br \/>\nGarantie\u00a0: 10\u00a0ans<\/p>\n<p>Capacit\u00e9\u00a0: 0,65\u00a0L<\/p>\n<p>Chaleur Source\u00a0:<\/p>\n<p>Four<br \/>\nFour grill<br \/>\nMicro-ondes<\/p>\n<p>Nettoyage et entretien\u00a0:<\/p>\n<p>Attendez que le produit ait compl\u00e8tement refroidi avant de commencer le nettoyage.<br \/>\nEnlevez tout r\u00e9sidu de la base et des parois du produit. Pour les r\u00e9sidus alimentaires tenaces, remplissez le produit d\u2019eau chaude savonneuse et laissez-le tremper 15 \u00e0 20 minutes avant de le laver comme d\u2019habitude.<br \/>\nLavez et s\u00e9chez \u00e0 la main. Vous pouvez \u00e9galement mettre votre produit en gr\u00e8s au lave-vaisselle pour un cycle complet.<\/p>\n","protected":false},"excerpt":{"rendered":"<p>Pratique et esth\u00e9tique, cette cocotte moyenne apporte fonctionnalit\u00e9 et style \u00e0 votre cuisine. Id\u00e9ale pour les portions individuelles, sucr\u00e9es ou sal\u00e9es, et pour servir de petits plats lors de vos d\u00eeners entre amis ou en famille. Dot\u00e9e d\u2019un couvercle et de poign\u00e9es pratiques, elle est fabriqu\u00e9e en gr\u00e8s vitrifi\u00e9 de qualit\u00e9 sup\u00e9rieure qui r\u00e9partit uniform\u00e9ment [&hellip;]<\/p>\n","protected":false},"featured_media":6295013,"template":"","meta":{"_acf_changed":false},"product_cat":[12000,11991],"product_tag":[],"class_list":{"0":"post-1610305","1":"product","2":"type-product","3":"status-publish","4":"has-post-thumbnail","6":"product_cat-marmites-et-cocottes-poeles-pots","7":"product_cat-poeles-pots","9":"first","10":"instock","11":"taxable","12":"shipping-taxable","13":"purchasable","14":"product-type-simple","swatches":"rey-swatches","show_selected":"","stretch_labels":"rey-swatches--stretch-labels"},"acf":[],"yoast_head":"<!-- This site is optimized with the Yoast SEO plugin v25.4 - https:\/\/yoast.com\/wordpress\/plugins\/seo\/ -->\n<title>LE CREUSET Mini Cocotte 14 cm Sea Salt - dev6 Erresse<\/title>\n<meta name=\"description\" content=\"Pratique et esth\u00e9tique, cette cocotte moyenne apporte fonctionnalit\u00e9 et style \u00e0 votre cuisine. Id\u00e9ale pour les portions individuelles, sucr\u00e9es ou sal\u00e9es,\" \/>\n<meta name=\"robots\" content=\"noindex, follow, max-snippet:-1, max-image-preview:large, max-video-preview:-1\" \/>\n<meta property=\"og:locale\" content=\"fr_FR\" \/>\n<meta property=\"og:type\" content=\"article\" \/>\n<meta property=\"og:title\" content=\"LE CREUSET Mini Cocotte 14 cm Sea Salt - dev6 Erresse\" \/>\n<meta property=\"og:description\" content=\"Pratique et esth\u00e9tique, cette cocotte moyenne apporte fonctionnalit\u00e9 et style \u00e0 votre cuisine. Id\u00e9ale pour les portions individuelles, sucr\u00e9es ou sal\u00e9es,\" \/>\n<meta property=\"og:url\" content=\"https:\/\/dev6.erresse-shop.it\/fr\/shop\/poeles-pots\/marmites-et-cocottes-poeles-pots\/le-creuset-mini-cocotte-14-cm-sea-salt\/\" \/>\n<meta property=\"og:site_name\" content=\"dev6 Erresse\" \/>\n<meta property=\"og:image\" content=\"https:\/\/interpim.erresse-shop.it\/wp-content\/uploads\/2025\/03\/LE-CREUSET-Mini-Cocotte-14-cm-Sea-Salt.jpg\/le-creuset-mini-cocotte-14-cm-sea-salt.jpg\" \/><meta property=\"og:image\" content=\"https:\/\/interpim.erresse-shop.it\/wp-content\/uploads\/2025\/03\/LE-CREUSET-Mini-Cocotte-14-cm-Sea-Salt.jpg\/le-creuset-mini-cocotte-14-cm-sea-salt.jpg\" \/>\n\t<meta property=\"og:image:width\" content=\"1024\" \/>\n\t<meta property=\"og:image:height\" content=\"1024\" \/>\n\t<meta property=\"og:image:type\" content=\"image\/jpeg\" \/>\n<meta name=\"twitter:card\" content=\"summary_large_image\" \/>\n<meta name=\"twitter:image\" content=\"https:\/\/interpim.erresse-shop.it\/wp-content\/uploads\/2025\/03\/LE-CREUSET-Mini-Cocotte-14-cm-Sea-Salt.jpg\/le-creuset-mini-cocotte-14-cm-sea-salt.jpg\" \/>\n<script type=\"application\/ld+json\" class=\"yoast-schema-graph\">{\"@context\":\"https:\/\/schema.org\",\"@graph\":[{\"@type\":\"WebPage\",\"@id\":\"https:\/\/dev6.erresse-shop.it\/fr\/shop\/poeles-pots\/marmites-et-cocottes-poeles-pots\/le-creuset-mini-cocotte-14-cm-sea-salt\/\",\"url\":\"https:\/\/dev6.erresse-shop.it\/fr\/shop\/poeles-pots\/marmites-et-cocottes-poeles-pots\/le-creuset-mini-cocotte-14-cm-sea-salt\/\",\"name\":\"LE CREUSET Mini Cocotte 14 cm Sea Salt - dev6 Erresse\",\"isPartOf\":{\"@id\":\"https:\/\/dev6.erresse-shop.it\/#website\"},\"primaryImageOfPage\":{\"@id\":\"https:\/\/dev6.erresse-shop.it\/fr\/shop\/poeles-pots\/marmites-et-cocottes-poeles-pots\/le-creuset-mini-cocotte-14-cm-sea-salt\/#primaryimage\"},\"image\":{\"@id\":\"https:\/\/dev6.erresse-shop.it\/fr\/shop\/poeles-pots\/marmites-et-cocottes-poeles-pots\/le-creuset-mini-cocotte-14-cm-sea-salt\/#primaryimage\"},\"thumbnailUrl\":\"https:\/\/i2.wp.com\/interpim.erresse-shop.it\/wp-content\/uploads\/2025\/03\/LE-CREUSET-Mini-Cocotte-14-cm-Sea-Salt.jpg\/le-creuset-mini-cocotte-14-cm-sea-salt.jpg?ssl=1\",\"datePublished\":\"2026-04-04T11:42:19+00:00\",\"description\":\"Pratique et esth\u00e9tique, cette cocotte moyenne apporte fonctionnalit\u00e9 et style \u00e0 votre cuisine. Id\u00e9ale pour les portions individuelles, sucr\u00e9es ou sal\u00e9es,\",\"breadcrumb\":{\"@id\":\"https:\/\/dev6.erresse-shop.it\/fr\/shop\/poeles-pots\/marmites-et-cocottes-poeles-pots\/le-creuset-mini-cocotte-14-cm-sea-salt\/#breadcrumb\"},\"inLanguage\":\"fr-FR\",\"potentialAction\":[{\"@type\":\"ReadAction\",\"target\":[\"https:\/\/dev6.erresse-shop.it\/fr\/shop\/poeles-pots\/marmites-et-cocottes-poeles-pots\/le-creuset-mini-cocotte-14-cm-sea-salt\/\"]}]},{\"@type\":\"ImageObject\",\"inLanguage\":\"fr-FR\",\"@id\":\"https:\/\/dev6.erresse-shop.it\/fr\/shop\/poeles-pots\/marmites-et-cocottes-poeles-pots\/le-creuset-mini-cocotte-14-cm-sea-salt\/#primaryimage\",\"url\":\"https:\/\/i2.wp.com\/interpim.erresse-shop.it\/wp-content\/uploads\/2025\/03\/LE-CREUSET-Mini-Cocotte-14-cm-Sea-Salt.jpg\/le-creuset-mini-cocotte-14-cm-sea-salt.jpg?ssl=1\",\"contentUrl\":\"https:\/\/i2.wp.com\/interpim.erresse-shop.it\/wp-content\/uploads\/2025\/03\/LE-CREUSET-Mini-Cocotte-14-cm-Sea-Salt.jpg\/le-creuset-mini-cocotte-14-cm-sea-salt.jpg?ssl=1\"},{\"@type\":\"BreadcrumbList\",\"@id\":\"https:\/\/dev6.erresse-shop.it\/fr\/shop\/poeles-pots\/marmites-et-cocottes-poeles-pots\/le-creuset-mini-cocotte-14-cm-sea-salt\/#breadcrumb\",\"itemListElement\":[{\"@type\":\"ListItem\",\"position\":1,\"name\":\"Home\",\"item\":\"https:\/\/dev6.erresse-shop.it\/\"},{\"@type\":\"ListItem\",\"position\":2,\"name\":\"Boutique\",\"item\":\"https:\/\/dev6.erresse-shop.it\/shop\/\"},{\"@type\":\"ListItem\",\"position\":3,\"name\":\"LE CREUSET Mini Cocotte 14 cm Sea Salt\"}]},{\"@type\":\"WebSite\",\"@id\":\"https:\/\/dev6.erresse-shop.it\/#website\",\"url\":\"https:\/\/dev6.erresse-shop.it\/\",\"name\":\"Erresse Shop\",\"description\":\"\",\"publisher\":{\"@id\":\"https:\/\/dev6.erresse-shop.it\/#organization\"},\"potentialAction\":[{\"@type\":\"SearchAction\",\"target\":{\"@type\":\"EntryPoint\",\"urlTemplate\":\"https:\/\/dev6.erresse-shop.it\/?s={search_term_string}\"},\"query-input\":{\"@type\":\"PropertyValueSpecification\",\"valueRequired\":true,\"valueName\":\"search_term_string\"}}],\"inLanguage\":\"fr-FR\"},{\"@type\":\"Organization\",\"@id\":\"https:\/\/dev6.erresse-shop.it\/#organization\",\"name\":\"Erresse Shop\",\"url\":\"https:\/\/dev6.erresse-shop.it\/\",\"logo\":{\"@type\":\"ImageObject\",\"inLanguage\":\"fr-FR\",\"@id\":\"https:\/\/dev6.erresse-shop.it\/#\/schema\/logo\/image\/\",\"url\":\"https:\/\/dev6.erresse-shop.it\/wp-content\/uploads\/2025\/01\/LOGO-ERRESSE-CLASSICO.svg\",\"contentUrl\":\"https:\/\/dev6.erresse-shop.it\/wp-content\/uploads\/2025\/01\/LOGO-ERRESSE-CLASSICO.svg\",\"caption\":\"Erresse Shop\"},\"image\":{\"@id\":\"https:\/\/dev6.erresse-shop.it\/#\/schema\/logo\/image\/\"}}]}<\/script>\n<!-- \/ Yoast SEO plugin. -->","yoast_head_json":{"title":"LE CREUSET Mini Cocotte 14 cm Sea Salt - dev6 Erresse","description":"Pratique et esth\u00e9tique, cette cocotte moyenne apporte fonctionnalit\u00e9 et style \u00e0 votre cuisine. Id\u00e9ale pour les portions individuelles, sucr\u00e9es ou sal\u00e9es,","robots":{"index":"noindex","follow":"follow","max-snippet":"max-snippet:-1","max-image-preview":"max-image-preview:large","max-video-preview":"max-video-preview:-1"},"og_locale":"fr_FR","og_type":"article","og_title":"LE CREUSET Mini Cocotte 14 cm Sea Salt - dev6 Erresse","og_description":"Pratique et esth\u00e9tique, cette cocotte moyenne apporte fonctionnalit\u00e9 et style \u00e0 votre cuisine. Id\u00e9ale pour les portions individuelles, sucr\u00e9es ou sal\u00e9es,","og_url":"https:\/\/dev6.erresse-shop.it\/fr\/shop\/poeles-pots\/marmites-et-cocottes-poeles-pots\/le-creuset-mini-cocotte-14-cm-sea-salt\/","og_site_name":"dev6 Erresse","og_image":[{"url":"https:\/\/interpim.erresse-shop.it\/wp-content\/uploads\/2025\/03\/LE-CREUSET-Mini-Cocotte-14-cm-Sea-Salt.jpg\/le-creuset-mini-cocotte-14-cm-sea-salt.jpg","type":"","width":"","height":""},{"url":"https:\/\/interpim.erresse-shop.it\/wp-content\/uploads\/2025\/03\/LE-CREUSET-Mini-Cocotte-14-cm-Sea-Salt.jpg\/le-creuset-mini-cocotte-14-cm-sea-salt.jpg","width":1024,"height":1024,"type":"image\/jpeg"}],"twitter_card":"summary_large_image","twitter_image":"https:\/\/interpim.erresse-shop.it\/wp-content\/uploads\/2025\/03\/LE-CREUSET-Mini-Cocotte-14-cm-Sea-Salt.jpg\/le-creuset-mini-cocotte-14-cm-sea-salt.jpg","schema":{"@context":"https:\/\/schema.org","@graph":[{"@type":"WebPage","@id":"https:\/\/dev6.erresse-shop.it\/fr\/shop\/poeles-pots\/marmites-et-cocottes-poeles-pots\/le-creuset-mini-cocotte-14-cm-sea-salt\/","url":"https:\/\/dev6.erresse-shop.it\/fr\/shop\/poeles-pots\/marmites-et-cocottes-poeles-pots\/le-creuset-mini-cocotte-14-cm-sea-salt\/","name":"LE CREUSET Mini Cocotte 14 cm Sea Salt - dev6 Erresse","isPartOf":{"@id":"https:\/\/dev6.erresse-shop.it\/#website"},"primaryImageOfPage":{"@id":"https:\/\/dev6.erresse-shop.it\/fr\/shop\/poeles-pots\/marmites-et-cocottes-poeles-pots\/le-creuset-mini-cocotte-14-cm-sea-salt\/#primaryimage"},"image":{"@id":"https:\/\/dev6.erresse-shop.it\/fr\/shop\/poeles-pots\/marmites-et-cocottes-poeles-pots\/le-creuset-mini-cocotte-14-cm-sea-salt\/#primaryimage"},"thumbnailUrl":"https:\/\/i2.wp.com\/interpim.erresse-shop.it\/wp-content\/uploads\/2025\/03\/LE-CREUSET-Mini-Cocotte-14-cm-Sea-Salt.jpg\/le-creuset-mini-cocotte-14-cm-sea-salt.jpg?ssl=1","datePublished":"2026-04-04T11:42:19+00:00","description":"Pratique et esth\u00e9tique, cette cocotte moyenne apporte fonctionnalit\u00e9 et style \u00e0 votre cuisine. Id\u00e9ale pour les portions individuelles, sucr\u00e9es ou sal\u00e9es,","breadcrumb":{"@id":"https:\/\/dev6.erresse-shop.it\/fr\/shop\/poeles-pots\/marmites-et-cocottes-poeles-pots\/le-creuset-mini-cocotte-14-cm-sea-salt\/#breadcrumb"},"inLanguage":"fr-FR","potentialAction":[{"@type":"ReadAction","target":["https:\/\/dev6.erresse-shop.it\/fr\/shop\/poeles-pots\/marmites-et-cocottes-poeles-pots\/le-creuset-mini-cocotte-14-cm-sea-salt\/"]}]},{"@type":"ImageObject","inLanguage":"fr-FR","@id":"https:\/\/dev6.erresse-shop.it\/fr\/shop\/poeles-pots\/marmites-et-cocottes-poeles-pots\/le-creuset-mini-cocotte-14-cm-sea-salt\/#primaryimage","url":"https:\/\/i2.wp.com\/interpim.erresse-shop.it\/wp-content\/uploads\/2025\/03\/LE-CREUSET-Mini-Cocotte-14-cm-Sea-Salt.jpg\/le-creuset-mini-cocotte-14-cm-sea-salt.jpg?ssl=1","contentUrl":"https:\/\/i2.wp.com\/interpim.erresse-shop.it\/wp-content\/uploads\/2025\/03\/LE-CREUSET-Mini-Cocotte-14-cm-Sea-Salt.jpg\/le-creuset-mini-cocotte-14-cm-sea-salt.jpg?ssl=1"},{"@type":"BreadcrumbList","@id":"https:\/\/dev6.erresse-shop.it\/fr\/shop\/poeles-pots\/marmites-et-cocottes-poeles-pots\/le-creuset-mini-cocotte-14-cm-sea-salt\/#breadcrumb","itemListElement":[{"@type":"ListItem","position":1,"name":"Home","item":"https:\/\/dev6.erresse-shop.it\/"},{"@type":"ListItem","position":2,"name":"Boutique","item":"https:\/\/dev6.erresse-shop.it\/shop\/"},{"@type":"ListItem","position":3,"name":"LE CREUSET Mini Cocotte 14 cm Sea Salt"}]},{"@type":"WebSite","@id":"https:\/\/dev6.erresse-shop.it\/#website","url":"https:\/\/dev6.erresse-shop.it\/","name":"Erresse Shop","description":"","publisher":{"@id":"https:\/\/dev6.erresse-shop.it\/#organization"},"potentialAction":[{"@type":"SearchAction","target":{"@type":"EntryPoint","urlTemplate":"https:\/\/dev6.erresse-shop.it\/?s={search_term_string}"},"query-input":{"@type":"PropertyValueSpecification","valueRequired":true,"valueName":"search_term_string"}}],"inLanguage":"fr-FR"},{"@type":"Organization","@id":"https:\/\/dev6.erresse-shop.it\/#organization","name":"Erresse Shop","url":"https:\/\/dev6.erresse-shop.it\/","logo":{"@type":"ImageObject","inLanguage":"fr-FR","@id":"https:\/\/dev6.erresse-shop.it\/#\/schema\/logo\/image\/","url":"https:\/\/dev6.erresse-shop.it\/wp-content\/uploads\/2025\/01\/LOGO-ERRESSE-CLASSICO.svg","contentUrl":"https:\/\/dev6.erresse-shop.it\/wp-content\/uploads\/2025\/01\/LOGO-ERRESSE-CLASSICO.svg","caption":"Erresse Shop"},"image":{"@id":"https:\/\/dev6.erresse-shop.it\/#\/schema\/logo\/image\/"}}]}},"df_price":48,"df_sale_price":"","df_regular_price":48,"df_image_link":"https:\/\/i2.wp.com\/interpim.erresse-shop.it\/wp-content\/uploads\/2025\/03\/LE-CREUSET-Mini-Cocotte-14-cm-Sea-Salt.jpg\/le-creuset-mini-cocotte-14-cm-sea-salt.jpg?resize=300,300&ssl=1","fifu_image_url":"https:\/\/interpim.erresse-shop.it\/wp-content\/uploads\/2025\/03\/LE-CREUSET-Mini-Cocotte-14-cm-Sea-Salt.jpg\/le-creuset-mini-cocotte-14-cm-sea-salt.jpg","_links":{"self":[{"href":"https:\/\/dev6.erresse-shop.it\/fr\/wp-json\/wp\/v2\/product\/1610305","targetHints":{"allow":["GET"]}}],"collection":[{"href":"https:\/\/dev6.erresse-shop.it\/fr\/wp-json\/wp\/v2\/product"}],"about":[{"href":"https:\/\/dev6.erresse-shop.it\/fr\/wp-json\/wp\/v2\/types\/product"}],"wp:featuredmedia":[{"embeddable":true,"href":"https:\/\/dev6.erresse-shop.it\/fr\/wp-json\/wp\/v2\/media\/6295013"}],"wp:attachment":[{"href":"https:\/\/dev6.erresse-shop.it\/fr\/wp-json\/wp\/v2\/media?parent=1610305"}],"wp:term":[{"taxonomy":"product_cat","embeddable":true,"href":"https:\/\/dev6.erresse-shop.it\/fr\/wp-json\/wp\/v2\/product_cat?post=1610305"},{"taxonomy":"product_tag","embeddable":true,"href":"https:\/\/dev6.erresse-shop.it\/fr\/wp-json\/wp\/v2\/product_tag?post=1610305"}],"curies":[{"name":"wp","href":"https:\/\/api.w.org\/{rel}","templated":true}]}}