{"id":1610273,"date":"2026-04-12T13:42:00","date_gmt":"2026-04-12T11:42:00","guid":{"rendered":"https:\/\/dev6.erresse-shop.it\/shop\/non%20class\u00e9\/le-creuset-bouilloire-tradition-sea-salt\/"},"modified":"2025-09-14T06:50:56","modified_gmt":"2025-09-14T04:50:56","slug":"le-creuset-bouilloire-tradition-sea-salt","status":"publish","type":"product","link":"https:\/\/dev6.erresse-shop.it\/fr\/shop\/cuisine\/bouilloires\/le-creuset-bouilloire-tradition-sea-salt\/","title":{"rendered":"LE CREUSET Bouilloire Tradition Sea Salt"},"content":{"rendered":"<p>Notre bouilloire Tradition pr\u00e9sente une ligne iconique. V\u00e9ritable classique, il est dot\u00e9 d\u2019un fond magn\u00e9tique extra r\u00e9sistant (\u00e9galement pour induction), adapt\u00e9 pour un chauffage rapide et efficace. Et bien s\u00fbr, il siffle pour vous faire savoir quand l\u2019eau est pr\u00eate. Lorsqu\u2019il est temps de verser, la poign\u00e9e ergonomique et r\u00e9sistante \u00e0 la chaleur offre une prise s\u00fbre.<\/p>\n<p>D\u00e9tails du produit<br \/>\nD\u00e9tails<\/p>\n<p class=\"mb-3\">Efficacit\u00e9 avanc\u00e9e : nos bouilloires ont une base large pour un chauffage plus efficace.<br \/>\nLe meilleur de sa cat\u00e9gorie : nos produits sont fabriqu\u00e9s \u00e0 partir des meilleurs mat\u00e9riaux dans des usines du monde entier pour offrir la qualit\u00e9 que vous attendez de Le Creuset.<\/p>\n<p>Mat\u00e9riau\u00a0: acier inoxydable<br \/>\nFabriqu\u00e9 en\u00a0: Chine<br \/>\nGarantie\u00a0: 5 ans<\/p>\n<p>Source de chaleur<br \/>\nPlaque de cuisson \u00e9lectrique<br \/>\nVerre c\u00e9ramique<br \/>\nPlaque de cuisson \u00e0 gaz<br \/>\nPlaque \u00e0 induction<\/p>\n<p>Dimensions<br \/>\nCapacit\u00e9 : 2,1 L<br \/>\nLongueur : 27,7 cm<br \/>\nLargeur : 21,1 cm<br \/>\nHauteur : 25,4 cm<\/p>\n<p>Conseils d\u2019utilisation<br \/>\nAvant la premi\u00e8re utilisation<\/p>\n<p class=\"mb-3\">Profitez du moment de d\u00e9baller votre nouvel achat ! Et assurez-vous de retirer toutes les \u00e9tiquettes et tous les emballages.<br \/>\nLavez votre produit Le Creuset \u00e0 l\u2019eau ti\u00e8de savonneuse, puis rincez et s\u00e9chez soigneusement.<br \/>\nAvant d\u2019utiliser la bouilloire pour la premi\u00e8re fois, retirez le couvercle, remplissez-la d\u2019eau propre, portez \u00e0 \u00e9bullition et jetez l\u2019eau.<br \/>\nNe pas remplir au-del\u00e0 de l\u2019indicateur.<\/p>\n<p>Cuisine<\/p>\n<p class=\"mb-3\">Pour les plaques \u00e0 induction, \u00e9vitez d\u2019utiliser la fonction \u00ab booster \u00bb car elle ne doit \u00eatre utilis\u00e9e que pour chauffer rapidement de grands volumes d\u2019eau.<br \/>\nSoulevez la bouilloire lorsque vous la d\u00e9placez, ne la faites pas glisser sur la surface pour \u00e9viter d\u2019endommager la base de la bouilloire ou la surface.<br \/>\nNe faites pas glisser le produit sur une plaque de cuisson en verre car cela pourrait endommager la base du produit et le verre. Soulevez toujours le produit lorsque vous le posez, le d\u00e9placez ou le retirez de la surface.<br \/>\nLorsqu\u2019il est chaud, placez-le sur une surface r\u00e9sistante \u00e0 la chaleur.<\/p>\n<p>Propre<\/p>\n<p class=\"mb-3\">Nettoyez la bouilloire apr\u00e8s chaque utilisation en la lavant \u00e0 la main avec un d\u00e9tergent neutre. N\u2019utilisez jamais de produits abrasifs ou de d\u00e9tergents agressifs, car ils pourraient endommager la surface. Fait? S\u00e9chez soigneusement la bouilloire pour \u00e9viter les d\u00e9p\u00f4ts min\u00e9raux.<br \/>\nNe laissez pas d\u2019eau dans la bouilloire lorsqu\u2019elle n\u2019est pas utilis\u00e9e.<br \/>\nUn nettoyant pour acier inoxydable peut \u00eatre utilis\u00e9 pour \u00e9liminer le calcaire et d\u2019autres marques, et pour traiter, polir et prot\u00e9ger les surfaces en acier inoxydable.<\/p>\n<p>Utilisation<\/p>\n<p class=\"mb-3\">Utilisez le produit sur la plaque de cuisson la plus adapt\u00e9e pour \u00e9viter tout dommage ou surchauffe.<br \/>\nSur les tables de cuisson \u00e0 induction, ne vous fiez pas \u00e0 la fonction d\u2019arr\u00eat automatique. En cas de dysfonctionnement, toute l\u2019eau de la bouilloire peut s\u2019\u00e9vaporer, provoquant des dommages par surchauffe.<br \/>\nPour les bouilloires avec une poign\u00e9e rabattable, pour \u00e9viter de surchauffer la poign\u00e9e, assurez-vous qu\u2019elle est solidement fix\u00e9e en position verticale avant de placer la bouilloire sur la source de chaleur.<br \/>\nFermez herm\u00e9tiquement le couvercle pour prot\u00e9ger la poign\u00e9e de la vapeur.<br \/>\nAssurez-vous toujours que les encoches du bec verseur et du couvercle sont orient\u00e9es vers l\u2019ext\u00e9rieur, \u00e0 l\u2019oppos\u00e9 de vous et des autres.<br \/>\nNe laissez pas la bouilloire sur la source de chaleur jusqu\u2019\u00e0 ce que l\u2019eau soit \u00e9puis\u00e9e, car cela provoquerait une surchauffe rapide.<br \/>\nN\u2019oubliez pas d\u2019\u00e9teindre la source de chaleur lorsque l\u2019eau commence \u00e0 bouillir et de retirer la bouilloire de la source de chaleur.<br \/>\nL\u2019eau bout-elle ? Attendez 10 \u00e0 15 secondes avant de retirer la bouilloire de la source de chaleur, puis versez. Ne jamais retourner la bouilloire. Assurez-vous de fermer le couvercle en appuyant fermement sur le bouton.<br \/>\nLaissez la bouilloire refroidir compl\u00e8tement avant de la remplir d\u2019eau froide.<\/p>\n","protected":false},"excerpt":{"rendered":"<p>Notre bouilloire Tradition pr\u00e9sente une ligne iconique. V\u00e9ritable classique, il est dot\u00e9 d\u2019un fond magn\u00e9tique extra r\u00e9sistant (\u00e9galement pour induction), adapt\u00e9 pour un chauffage rapide et efficace. Et bien s\u00fbr, il siffle pour vous faire savoir quand l\u2019eau est pr\u00eate. Lorsqu\u2019il est temps de verser, la poign\u00e9e ergonomique et r\u00e9sistante \u00e0 la chaleur offre une [&hellip;]<\/p>\n","protected":false},"featured_media":6378107,"template":"","meta":{"_acf_changed":false},"product_cat":[12005,11992],"product_tag":[],"class_list":{"0":"post-1610273","1":"product","2":"type-product","3":"status-publish","4":"has-post-thumbnail","6":"product_cat-bouilloires","7":"product_cat-cuisine","9":"first","10":"instock","11":"sale","12":"taxable","13":"shipping-taxable","14":"purchasable","15":"product-type-simple","swatches":"rey-swatches","show_selected":"","stretch_labels":"rey-swatches--stretch-labels"},"acf":[],"yoast_head":"<!-- This site is optimized with the Yoast SEO plugin v25.4 - https:\/\/yoast.com\/wordpress\/plugins\/seo\/ -->\n<title>LE CREUSET Bouilloire Tradition Sea Salt - dev6 Erresse<\/title>\n<meta name=\"description\" content=\"Notre bouilloire Tradition pr\u00e9sente une ligne iconique. V\u00e9ritable classique, il est dot\u00e9 d\u2019un fond magn\u00e9tique extra r\u00e9sistant (\u00e9galement pour induction),\" \/>\n<meta name=\"robots\" content=\"noindex, follow, max-snippet:-1, max-image-preview:large, max-video-preview:-1\" \/>\n<meta property=\"og:locale\" content=\"fr_FR\" \/>\n<meta property=\"og:type\" content=\"article\" \/>\n<meta property=\"og:title\" content=\"LE CREUSET Bouilloire Tradition Sea Salt - dev6 Erresse\" \/>\n<meta property=\"og:description\" content=\"Notre bouilloire Tradition pr\u00e9sente une ligne iconique. V\u00e9ritable classique, il est dot\u00e9 d\u2019un fond magn\u00e9tique extra r\u00e9sistant (\u00e9galement pour induction),\" \/>\n<meta property=\"og:url\" content=\"https:\/\/dev6.erresse-shop.it\/fr\/shop\/cuisine\/bouilloires\/le-creuset-bouilloire-tradition-sea-salt\/\" \/>\n<meta property=\"og:site_name\" content=\"dev6 Erresse\" \/>\n<meta property=\"og:image\" content=\"https:\/\/interpim.erresse-shop.it\/wp-content\/uploads\/2025\/03\/LE-CREUSET-Bollitore-Tradition-Sea-Salt.jpg\/le-creuset-bollitore-tradition-sea-salt.jpg\" \/><meta property=\"og:image\" content=\"https:\/\/interpim.erresse-shop.it\/wp-content\/uploads\/2025\/03\/LE-CREUSET-Bollitore-Tradition-Sea-Salt.jpg\/le-creuset-bollitore-tradition-sea-salt.jpg\" \/>\n\t<meta property=\"og:image:width\" content=\"1024\" \/>\n\t<meta property=\"og:image:height\" content=\"1024\" \/>\n\t<meta property=\"og:image:type\" content=\"image\/jpeg\" \/>\n<meta name=\"twitter:card\" content=\"summary_large_image\" \/>\n<meta name=\"twitter:image\" content=\"https:\/\/interpim.erresse-shop.it\/wp-content\/uploads\/2025\/03\/LE-CREUSET-Bollitore-Tradition-Sea-Salt.jpg\/le-creuset-bollitore-tradition-sea-salt.jpg\" \/>\n<script type=\"application\/ld+json\" class=\"yoast-schema-graph\">{\"@context\":\"https:\/\/schema.org\",\"@graph\":[{\"@type\":\"WebPage\",\"@id\":\"https:\/\/dev6.erresse-shop.it\/fr\/shop\/cuisine\/bouilloires\/le-creuset-bouilloire-tradition-sea-salt\/\",\"url\":\"https:\/\/dev6.erresse-shop.it\/fr\/shop\/cuisine\/bouilloires\/le-creuset-bouilloire-tradition-sea-salt\/\",\"name\":\"LE CREUSET Bouilloire Tradition Sea Salt - dev6 Erresse\",\"isPartOf\":{\"@id\":\"https:\/\/dev6.erresse-shop.it\/#website\"},\"primaryImageOfPage\":{\"@id\":\"https:\/\/dev6.erresse-shop.it\/fr\/shop\/cuisine\/bouilloires\/le-creuset-bouilloire-tradition-sea-salt\/#primaryimage\"},\"image\":{\"@id\":\"https:\/\/dev6.erresse-shop.it\/fr\/shop\/cuisine\/bouilloires\/le-creuset-bouilloire-tradition-sea-salt\/#primaryimage\"},\"thumbnailUrl\":\"https:\/\/i3.wp.com\/interpim.erresse-shop.it\/wp-content\/uploads\/2025\/03\/LE-CREUSET-Bollitore-Tradition-Sea-Salt.jpg\/le-creuset-bollitore-tradition-sea-salt.jpg?ssl=1\",\"datePublished\":\"2026-04-12T11:42:00+00:00\",\"description\":\"Notre bouilloire Tradition pr\u00e9sente une ligne iconique. V\u00e9ritable classique, il est dot\u00e9 d\u2019un fond magn\u00e9tique extra r\u00e9sistant (\u00e9galement pour induction),\",\"breadcrumb\":{\"@id\":\"https:\/\/dev6.erresse-shop.it\/fr\/shop\/cuisine\/bouilloires\/le-creuset-bouilloire-tradition-sea-salt\/#breadcrumb\"},\"inLanguage\":\"fr-FR\",\"potentialAction\":[{\"@type\":\"ReadAction\",\"target\":[\"https:\/\/dev6.erresse-shop.it\/fr\/shop\/cuisine\/bouilloires\/le-creuset-bouilloire-tradition-sea-salt\/\"]}]},{\"@type\":\"ImageObject\",\"inLanguage\":\"fr-FR\",\"@id\":\"https:\/\/dev6.erresse-shop.it\/fr\/shop\/cuisine\/bouilloires\/le-creuset-bouilloire-tradition-sea-salt\/#primaryimage\",\"url\":\"https:\/\/i3.wp.com\/interpim.erresse-shop.it\/wp-content\/uploads\/2025\/03\/LE-CREUSET-Bollitore-Tradition-Sea-Salt.jpg\/le-creuset-bollitore-tradition-sea-salt.jpg?ssl=1\",\"contentUrl\":\"https:\/\/i3.wp.com\/interpim.erresse-shop.it\/wp-content\/uploads\/2025\/03\/LE-CREUSET-Bollitore-Tradition-Sea-Salt.jpg\/le-creuset-bollitore-tradition-sea-salt.jpg?ssl=1\"},{\"@type\":\"BreadcrumbList\",\"@id\":\"https:\/\/dev6.erresse-shop.it\/fr\/shop\/cuisine\/bouilloires\/le-creuset-bouilloire-tradition-sea-salt\/#breadcrumb\",\"itemListElement\":[{\"@type\":\"ListItem\",\"position\":1,\"name\":\"Home\",\"item\":\"https:\/\/dev6.erresse-shop.it\/\"},{\"@type\":\"ListItem\",\"position\":2,\"name\":\"Boutique\",\"item\":\"https:\/\/dev6.erresse-shop.it\/shop\/\"},{\"@type\":\"ListItem\",\"position\":3,\"name\":\"LE CREUSET Bouilloire Tradition Sea Salt\"}]},{\"@type\":\"WebSite\",\"@id\":\"https:\/\/dev6.erresse-shop.it\/#website\",\"url\":\"https:\/\/dev6.erresse-shop.it\/\",\"name\":\"Erresse Shop\",\"description\":\"\",\"publisher\":{\"@id\":\"https:\/\/dev6.erresse-shop.it\/#organization\"},\"potentialAction\":[{\"@type\":\"SearchAction\",\"target\":{\"@type\":\"EntryPoint\",\"urlTemplate\":\"https:\/\/dev6.erresse-shop.it\/?s={search_term_string}\"},\"query-input\":{\"@type\":\"PropertyValueSpecification\",\"valueRequired\":true,\"valueName\":\"search_term_string\"}}],\"inLanguage\":\"fr-FR\"},{\"@type\":\"Organization\",\"@id\":\"https:\/\/dev6.erresse-shop.it\/#organization\",\"name\":\"Erresse Shop\",\"url\":\"https:\/\/dev6.erresse-shop.it\/\",\"logo\":{\"@type\":\"ImageObject\",\"inLanguage\":\"fr-FR\",\"@id\":\"https:\/\/dev6.erresse-shop.it\/#\/schema\/logo\/image\/\",\"url\":\"https:\/\/dev6.erresse-shop.it\/wp-content\/uploads\/2025\/01\/LOGO-ERRESSE-CLASSICO.svg\",\"contentUrl\":\"https:\/\/dev6.erresse-shop.it\/wp-content\/uploads\/2025\/01\/LOGO-ERRESSE-CLASSICO.svg\",\"caption\":\"Erresse Shop\"},\"image\":{\"@id\":\"https:\/\/dev6.erresse-shop.it\/#\/schema\/logo\/image\/\"}}]}<\/script>\n<!-- \/ Yoast SEO plugin. -->","yoast_head_json":{"title":"LE CREUSET Bouilloire Tradition Sea Salt - dev6 Erresse","description":"Notre bouilloire Tradition pr\u00e9sente une ligne iconique. V\u00e9ritable classique, il est dot\u00e9 d\u2019un fond magn\u00e9tique extra r\u00e9sistant (\u00e9galement pour induction),","robots":{"index":"noindex","follow":"follow","max-snippet":"max-snippet:-1","max-image-preview":"max-image-preview:large","max-video-preview":"max-video-preview:-1"},"og_locale":"fr_FR","og_type":"article","og_title":"LE CREUSET Bouilloire Tradition Sea Salt - dev6 Erresse","og_description":"Notre bouilloire Tradition pr\u00e9sente une ligne iconique. V\u00e9ritable classique, il est dot\u00e9 d\u2019un fond magn\u00e9tique extra r\u00e9sistant (\u00e9galement pour induction),","og_url":"https:\/\/dev6.erresse-shop.it\/fr\/shop\/cuisine\/bouilloires\/le-creuset-bouilloire-tradition-sea-salt\/","og_site_name":"dev6 Erresse","og_image":[{"url":"https:\/\/interpim.erresse-shop.it\/wp-content\/uploads\/2025\/03\/LE-CREUSET-Bollitore-Tradition-Sea-Salt.jpg\/le-creuset-bollitore-tradition-sea-salt.jpg","type":"","width":"","height":""},{"url":"https:\/\/interpim.erresse-shop.it\/wp-content\/uploads\/2025\/03\/LE-CREUSET-Bollitore-Tradition-Sea-Salt.jpg\/le-creuset-bollitore-tradition-sea-salt.jpg","width":1024,"height":1024,"type":"image\/jpeg"}],"twitter_card":"summary_large_image","twitter_image":"https:\/\/interpim.erresse-shop.it\/wp-content\/uploads\/2025\/03\/LE-CREUSET-Bollitore-Tradition-Sea-Salt.jpg\/le-creuset-bollitore-tradition-sea-salt.jpg","schema":{"@context":"https:\/\/schema.org","@graph":[{"@type":"WebPage","@id":"https:\/\/dev6.erresse-shop.it\/fr\/shop\/cuisine\/bouilloires\/le-creuset-bouilloire-tradition-sea-salt\/","url":"https:\/\/dev6.erresse-shop.it\/fr\/shop\/cuisine\/bouilloires\/le-creuset-bouilloire-tradition-sea-salt\/","name":"LE CREUSET Bouilloire Tradition Sea Salt - dev6 Erresse","isPartOf":{"@id":"https:\/\/dev6.erresse-shop.it\/#website"},"primaryImageOfPage":{"@id":"https:\/\/dev6.erresse-shop.it\/fr\/shop\/cuisine\/bouilloires\/le-creuset-bouilloire-tradition-sea-salt\/#primaryimage"},"image":{"@id":"https:\/\/dev6.erresse-shop.it\/fr\/shop\/cuisine\/bouilloires\/le-creuset-bouilloire-tradition-sea-salt\/#primaryimage"},"thumbnailUrl":"https:\/\/i3.wp.com\/interpim.erresse-shop.it\/wp-content\/uploads\/2025\/03\/LE-CREUSET-Bollitore-Tradition-Sea-Salt.jpg\/le-creuset-bollitore-tradition-sea-salt.jpg?ssl=1","datePublished":"2026-04-12T11:42:00+00:00","description":"Notre bouilloire Tradition pr\u00e9sente une ligne iconique. V\u00e9ritable classique, il est dot\u00e9 d\u2019un fond magn\u00e9tique extra r\u00e9sistant (\u00e9galement pour induction),","breadcrumb":{"@id":"https:\/\/dev6.erresse-shop.it\/fr\/shop\/cuisine\/bouilloires\/le-creuset-bouilloire-tradition-sea-salt\/#breadcrumb"},"inLanguage":"fr-FR","potentialAction":[{"@type":"ReadAction","target":["https:\/\/dev6.erresse-shop.it\/fr\/shop\/cuisine\/bouilloires\/le-creuset-bouilloire-tradition-sea-salt\/"]}]},{"@type":"ImageObject","inLanguage":"fr-FR","@id":"https:\/\/dev6.erresse-shop.it\/fr\/shop\/cuisine\/bouilloires\/le-creuset-bouilloire-tradition-sea-salt\/#primaryimage","url":"https:\/\/i3.wp.com\/interpim.erresse-shop.it\/wp-content\/uploads\/2025\/03\/LE-CREUSET-Bollitore-Tradition-Sea-Salt.jpg\/le-creuset-bollitore-tradition-sea-salt.jpg?ssl=1","contentUrl":"https:\/\/i3.wp.com\/interpim.erresse-shop.it\/wp-content\/uploads\/2025\/03\/LE-CREUSET-Bollitore-Tradition-Sea-Salt.jpg\/le-creuset-bollitore-tradition-sea-salt.jpg?ssl=1"},{"@type":"BreadcrumbList","@id":"https:\/\/dev6.erresse-shop.it\/fr\/shop\/cuisine\/bouilloires\/le-creuset-bouilloire-tradition-sea-salt\/#breadcrumb","itemListElement":[{"@type":"ListItem","position":1,"name":"Home","item":"https:\/\/dev6.erresse-shop.it\/"},{"@type":"ListItem","position":2,"name":"Boutique","item":"https:\/\/dev6.erresse-shop.it\/shop\/"},{"@type":"ListItem","position":3,"name":"LE CREUSET Bouilloire Tradition Sea Salt"}]},{"@type":"WebSite","@id":"https:\/\/dev6.erresse-shop.it\/#website","url":"https:\/\/dev6.erresse-shop.it\/","name":"Erresse Shop","description":"","publisher":{"@id":"https:\/\/dev6.erresse-shop.it\/#organization"},"potentialAction":[{"@type":"SearchAction","target":{"@type":"EntryPoint","urlTemplate":"https:\/\/dev6.erresse-shop.it\/?s={search_term_string}"},"query-input":{"@type":"PropertyValueSpecification","valueRequired":true,"valueName":"search_term_string"}}],"inLanguage":"fr-FR"},{"@type":"Organization","@id":"https:\/\/dev6.erresse-shop.it\/#organization","name":"Erresse Shop","url":"https:\/\/dev6.erresse-shop.it\/","logo":{"@type":"ImageObject","inLanguage":"fr-FR","@id":"https:\/\/dev6.erresse-shop.it\/#\/schema\/logo\/image\/","url":"https:\/\/dev6.erresse-shop.it\/wp-content\/uploads\/2025\/01\/LOGO-ERRESSE-CLASSICO.svg","contentUrl":"https:\/\/dev6.erresse-shop.it\/wp-content\/uploads\/2025\/01\/LOGO-ERRESSE-CLASSICO.svg","caption":"Erresse Shop"},"image":{"@id":"https:\/\/dev6.erresse-shop.it\/#\/schema\/logo\/image\/"}}]}},"df_price":99.95,"df_sale_price":99.95,"df_regular_price":135,"df_image_link":"https:\/\/i3.wp.com\/interpim.erresse-shop.it\/wp-content\/uploads\/2025\/03\/LE-CREUSET-Bollitore-Tradition-Sea-Salt.jpg\/le-creuset-bollitore-tradition-sea-salt.jpg?resize=300,300&ssl=1","fifu_image_url":"https:\/\/interpim.erresse-shop.it\/wp-content\/uploads\/2025\/03\/LE-CREUSET-Bollitore-Tradition-Sea-Salt.jpg\/le-creuset-bollitore-tradition-sea-salt.jpg","_links":{"self":[{"href":"https:\/\/dev6.erresse-shop.it\/fr\/wp-json\/wp\/v2\/product\/1610273","targetHints":{"allow":["GET"]}}],"collection":[{"href":"https:\/\/dev6.erresse-shop.it\/fr\/wp-json\/wp\/v2\/product"}],"about":[{"href":"https:\/\/dev6.erresse-shop.it\/fr\/wp-json\/wp\/v2\/types\/product"}],"wp:featuredmedia":[{"embeddable":true,"href":"https:\/\/dev6.erresse-shop.it\/fr\/wp-json\/wp\/v2\/media\/6378107"}],"wp:attachment":[{"href":"https:\/\/dev6.erresse-shop.it\/fr\/wp-json\/wp\/v2\/media?parent=1610273"}],"wp:term":[{"taxonomy":"product_cat","embeddable":true,"href":"https:\/\/dev6.erresse-shop.it\/fr\/wp-json\/wp\/v2\/product_cat?post=1610273"},{"taxonomy":"product_tag","embeddable":true,"href":"https:\/\/dev6.erresse-shop.it\/fr\/wp-json\/wp\/v2\/product_tag?post=1610273"}],"curies":[{"name":"wp","href":"https:\/\/api.w.org\/{rel}","templated":true}]}}