{"id":1610267,"date":"2026-04-12T13:42:00","date_gmt":"2026-04-12T11:42:00","guid":{"rendered":"https:\/\/dev6.erresse-shop.it\/shop\/non%20class\u00e9\/le-creuset-amour-poele-basse-en-fonte-en-forme-de-coeur-20-cm-cerise\/"},"modified":"2025-09-14T06:50:41","modified_gmt":"2025-09-14T04:50:41","slug":"le-creuset-amour-poele-basse-en-fonte-en-forme-de-coeur-20-cm-cerise","status":"publish","type":"product","link":"https:\/\/dev6.erresse-shop.it\/fr\/shop\/poeles-pots\/sauteuses-et-faitout\/le-creuset-amour-poele-basse-en-fonte-en-forme-de-coeur-20-cm-cerise\/","title":{"rendered":"LE CREUSET Amour Po\u00eale basse en fonte en forme de c\u0153ur 20 cm Cerise"},"content":{"rendered":"<p>De mijoter des rago\u00fbts r\u00e9confortants \u00e0 cuire des pains plats a\u00e9riens, cette cocotte en forme de c\u0153ur est polyvalente. Fabriqu\u00e9e en fonte \u00e9maill\u00e9e de qualit\u00e9 sup\u00e9rieure et dot\u00e9e d\u2019un bouton en forme de c\u0153ur, cette cocotte passe de la cuisini\u00e8re au four et apportera une touche romantique \u00e0 toutes les tables.<\/p>\n<p>D\u00e9tails du produit\u00a0:<\/p>\n<p>Notre bouton r\u00e9sistant \u00e0 la chaleur (jusqu\u2019\u00e0 260\u00a0\u00b0C) est con\u00e7u pour assurer une excellente prise en main, m\u00eame avec une manique.<br \/>\nNettoyage rapide\u00a0: une fine couche d\u2019\u00e9mail interne facilite le nettoyage.<br \/>\nUne v\u00e9ritable machine \u00e0 tout faire\u00a0: convient au four, \u00e0 la plaque de cuisson, \u00e0 l\u2019induction ou au gril.<br \/>\nExcellentes saveurs\u00a0: la fonte \u00e9maill\u00e9e retient la chaleur pour une cuisson et un brunissement uniformes. Vos d\u00e9licieuses cr\u00e9ations resteront chaudes plus longtemps, m\u00eame \u00e0 table.<br \/>\nPr\u00e9serve le go\u00fbt\u00a0: Notre couvercle retient la vapeur g\u00e9n\u00e9r\u00e9e par la cuisson des aliments et sublime les saveurs, pour des r\u00e9sultats de cuisson exceptionnels.<br \/>\nPrise en main facile\u00a0: Les poign\u00e9es \u00e9l\u00e9gantes et confortables vous permettent de soulever le produit en toute s\u00e9curit\u00e9.<br \/>\nPas trop chaud\u00a0: Cuisez \u00e0 feu constant, de doux \u00e0 moyen, pour pr\u00e9server votre produit en fonte et obtenir des r\u00e9sultats d\u00e9licieux.<br \/>\nLe meilleur de sa cat\u00e9gorie\u00a0: Nos produits sont fabriqu\u00e9s avec les meilleurs mat\u00e9riaux pour garantir une qualit\u00e9 optimale.<\/p>\n<p>Mat\u00e9riau\u00a0: Fonte<br \/>\nFabriqu\u00e9 en\u00a0: France<br \/>\nGarantie\u00a0: \u00c0 vie<\/p>\n<p>Source de chaleur\u00a0:<\/p>\n<p>Four<br \/>\nFour en mode gril<br \/>\nPlaque de cuisson \u00e9lectrique<br \/>\nVerre Vitroc\u00e9ramique<br \/>\nPlaque de cuisson \u00e0 gaz<br \/>\nPlaque de cuisson \u00e0 induction<\/p>\n<p>Nettoyage et entretien\u00a0:<\/p>\n<p>Attendez que le produit refroidisse avant de commencer le nettoyage.<br \/>\nNettoyez les r\u00e9sidus alimentaires sur la base et les parois du produit. En cas de r\u00e9sidus alimentaires, remplissez le produit d\u2019eau chaude savonneuse et laissez-le tremper 15 \u00e0 20 minutes avant de le laver comme d\u2019habitude.<br \/>\nN\u2019utilisez pas de nettoyants abrasifs, ni d\u2019\u00e9ponges ou de brosses m\u00e9talliques, abrasives ou tr\u00e8s dures sur les surfaces.<br \/>\nS\u00e9chez soigneusement apr\u00e8s le lavage et rangez-le dans un endroit sec.<\/p>\n","protected":false},"excerpt":{"rendered":"<p>De mijoter des rago\u00fbts r\u00e9confortants \u00e0 cuire des pains plats a\u00e9riens, cette cocotte en forme de c\u0153ur est polyvalente. Fabriqu\u00e9e en fonte \u00e9maill\u00e9e de qualit\u00e9 sup\u00e9rieure et dot\u00e9e d\u2019un bouton en forme de c\u0153ur, cette cocotte passe de la cuisini\u00e8re au four et apportera une touche romantique \u00e0 toutes les tables. D\u00e9tails du produit\u00a0: Notre [&hellip;]<\/p>\n","protected":false},"featured_media":6378072,"template":"","meta":{"_acf_changed":false},"product_cat":[11991,12012],"product_tag":[],"class_list":{"0":"post-1610267","1":"product","2":"type-product","3":"status-publish","4":"has-post-thumbnail","6":"product_cat-poeles-pots","7":"product_cat-sauteuses-et-faitout","9":"first","10":"instock","11":"sale","12":"taxable","13":"shipping-taxable","14":"purchasable","15":"product-type-simple","swatches":"rey-swatches","show_selected":"","stretch_labels":"rey-swatches--stretch-labels"},"acf":[],"yoast_head":"<!-- This site is optimized with the Yoast SEO plugin v25.4 - https:\/\/yoast.com\/wordpress\/plugins\/seo\/ -->\n<title>LE CREUSET Amour Po\u00eale basse en fonte en forme de c\u0153ur 20 cm Cerise - dev6 Erresse<\/title>\n<meta name=\"description\" content=\"De mijoter des rago\u00fbts r\u00e9confortants \u00e0 cuire des pains plats a\u00e9riens, cette cocotte en forme de c\u0153ur est polyvalente. Fabriqu\u00e9e en fonte \u00e9maill\u00e9e de\" \/>\n<meta name=\"robots\" content=\"noindex, follow, max-snippet:-1, max-image-preview:large, max-video-preview:-1\" \/>\n<meta property=\"og:locale\" content=\"fr_FR\" \/>\n<meta property=\"og:type\" content=\"article\" \/>\n<meta property=\"og:title\" content=\"LE CREUSET Amour Po\u00eale basse en fonte en forme de c\u0153ur 20 cm Cerise - dev6 Erresse\" \/>\n<meta property=\"og:description\" content=\"De mijoter des rago\u00fbts r\u00e9confortants \u00e0 cuire des pains plats a\u00e9riens, cette cocotte en forme de c\u0153ur est polyvalente. Fabriqu\u00e9e en fonte \u00e9maill\u00e9e de\" \/>\n<meta property=\"og:url\" content=\"https:\/\/dev6.erresse-shop.it\/fr\/shop\/poeles-pots\/sauteuses-et-faitout\/le-creuset-amour-poele-basse-en-fonte-en-forme-de-coeur-20-cm-cerise\/\" \/>\n<meta property=\"og:site_name\" content=\"dev6 Erresse\" \/>\n<meta property=\"og:image\" content=\"https:\/\/interpim.erresse-shop.it\/Import\/Prodotti\/le-creuset-amour-tegame-basso-a-cuore-in-ghisa-20-cm-ciliegia.jpg\" \/><meta property=\"og:image\" content=\"https:\/\/interpim.erresse-shop.it\/Import\/Prodotti\/le-creuset-amour-tegame-basso-a-cuore-in-ghisa-20-cm-ciliegia.jpg\" \/>\n\t<meta property=\"og:image:width\" content=\"1024\" \/>\n\t<meta property=\"og:image:height\" content=\"1024\" \/>\n\t<meta property=\"og:image:type\" content=\"image\/jpeg\" \/>\n<meta name=\"twitter:card\" content=\"summary_large_image\" \/>\n<meta name=\"twitter:image\" content=\"https:\/\/interpim.erresse-shop.it\/Import\/Prodotti\/le-creuset-amour-tegame-basso-a-cuore-in-ghisa-20-cm-ciliegia.jpg\" \/>\n<script type=\"application\/ld+json\" class=\"yoast-schema-graph\">{\"@context\":\"https:\/\/schema.org\",\"@graph\":[{\"@type\":\"WebPage\",\"@id\":\"https:\/\/dev6.erresse-shop.it\/fr\/shop\/poeles-pots\/sauteuses-et-faitout\/le-creuset-amour-poele-basse-en-fonte-en-forme-de-coeur-20-cm-cerise\/\",\"url\":\"https:\/\/dev6.erresse-shop.it\/fr\/shop\/poeles-pots\/sauteuses-et-faitout\/le-creuset-amour-poele-basse-en-fonte-en-forme-de-coeur-20-cm-cerise\/\",\"name\":\"LE CREUSET Amour Po\u00eale basse en fonte en forme de c\u0153ur 20 cm Cerise - dev6 Erresse\",\"isPartOf\":{\"@id\":\"https:\/\/dev6.erresse-shop.it\/#website\"},\"primaryImageOfPage\":{\"@id\":\"https:\/\/dev6.erresse-shop.it\/fr\/shop\/poeles-pots\/sauteuses-et-faitout\/le-creuset-amour-poele-basse-en-fonte-en-forme-de-coeur-20-cm-cerise\/#primaryimage\"},\"image\":{\"@id\":\"https:\/\/dev6.erresse-shop.it\/fr\/shop\/poeles-pots\/sauteuses-et-faitout\/le-creuset-amour-poele-basse-en-fonte-en-forme-de-coeur-20-cm-cerise\/#primaryimage\"},\"thumbnailUrl\":\"https:\/\/i0.wp.com\/interpim.erresse-shop.it\/Import\/Prodotti\/le-creuset-amour-tegame-basso-a-cuore-in-ghisa-20-cm-ciliegia.jpg?ssl=1\",\"datePublished\":\"2026-04-12T11:42:00+00:00\",\"description\":\"De mijoter des rago\u00fbts r\u00e9confortants \u00e0 cuire des pains plats a\u00e9riens, cette cocotte en forme de c\u0153ur est polyvalente. Fabriqu\u00e9e en fonte \u00e9maill\u00e9e de\",\"breadcrumb\":{\"@id\":\"https:\/\/dev6.erresse-shop.it\/fr\/shop\/poeles-pots\/sauteuses-et-faitout\/le-creuset-amour-poele-basse-en-fonte-en-forme-de-coeur-20-cm-cerise\/#breadcrumb\"},\"inLanguage\":\"fr-FR\",\"potentialAction\":[{\"@type\":\"ReadAction\",\"target\":[\"https:\/\/dev6.erresse-shop.it\/fr\/shop\/poeles-pots\/sauteuses-et-faitout\/le-creuset-amour-poele-basse-en-fonte-en-forme-de-coeur-20-cm-cerise\/\"]}]},{\"@type\":\"ImageObject\",\"inLanguage\":\"fr-FR\",\"@id\":\"https:\/\/dev6.erresse-shop.it\/fr\/shop\/poeles-pots\/sauteuses-et-faitout\/le-creuset-amour-poele-basse-en-fonte-en-forme-de-coeur-20-cm-cerise\/#primaryimage\",\"url\":\"https:\/\/i0.wp.com\/interpim.erresse-shop.it\/Import\/Prodotti\/le-creuset-amour-tegame-basso-a-cuore-in-ghisa-20-cm-ciliegia.jpg?ssl=1\",\"contentUrl\":\"https:\/\/i0.wp.com\/interpim.erresse-shop.it\/Import\/Prodotti\/le-creuset-amour-tegame-basso-a-cuore-in-ghisa-20-cm-ciliegia.jpg?ssl=1\"},{\"@type\":\"BreadcrumbList\",\"@id\":\"https:\/\/dev6.erresse-shop.it\/fr\/shop\/poeles-pots\/sauteuses-et-faitout\/le-creuset-amour-poele-basse-en-fonte-en-forme-de-coeur-20-cm-cerise\/#breadcrumb\",\"itemListElement\":[{\"@type\":\"ListItem\",\"position\":1,\"name\":\"Home\",\"item\":\"https:\/\/dev6.erresse-shop.it\/\"},{\"@type\":\"ListItem\",\"position\":2,\"name\":\"Boutique\",\"item\":\"https:\/\/dev6.erresse-shop.it\/shop\/\"},{\"@type\":\"ListItem\",\"position\":3,\"name\":\"LE CREUSET Amour Po\u00eale basse en fonte en forme de c\u0153ur 20 cm Cerise\"}]},{\"@type\":\"WebSite\",\"@id\":\"https:\/\/dev6.erresse-shop.it\/#website\",\"url\":\"https:\/\/dev6.erresse-shop.it\/\",\"name\":\"Erresse Shop\",\"description\":\"\",\"publisher\":{\"@id\":\"https:\/\/dev6.erresse-shop.it\/#organization\"},\"potentialAction\":[{\"@type\":\"SearchAction\",\"target\":{\"@type\":\"EntryPoint\",\"urlTemplate\":\"https:\/\/dev6.erresse-shop.it\/?s={search_term_string}\"},\"query-input\":{\"@type\":\"PropertyValueSpecification\",\"valueRequired\":true,\"valueName\":\"search_term_string\"}}],\"inLanguage\":\"fr-FR\"},{\"@type\":\"Organization\",\"@id\":\"https:\/\/dev6.erresse-shop.it\/#organization\",\"name\":\"Erresse Shop\",\"url\":\"https:\/\/dev6.erresse-shop.it\/\",\"logo\":{\"@type\":\"ImageObject\",\"inLanguage\":\"fr-FR\",\"@id\":\"https:\/\/dev6.erresse-shop.it\/#\/schema\/logo\/image\/\",\"url\":\"https:\/\/dev6.erresse-shop.it\/wp-content\/uploads\/2025\/01\/LOGO-ERRESSE-CLASSICO.svg\",\"contentUrl\":\"https:\/\/dev6.erresse-shop.it\/wp-content\/uploads\/2025\/01\/LOGO-ERRESSE-CLASSICO.svg\",\"caption\":\"Erresse Shop\"},\"image\":{\"@id\":\"https:\/\/dev6.erresse-shop.it\/#\/schema\/logo\/image\/\"}}]}<\/script>\n<!-- \/ Yoast SEO plugin. -->","yoast_head_json":{"title":"LE CREUSET Amour Po\u00eale basse en fonte en forme de c\u0153ur 20 cm Cerise - dev6 Erresse","description":"De mijoter des rago\u00fbts r\u00e9confortants \u00e0 cuire des pains plats a\u00e9riens, cette cocotte en forme de c\u0153ur est polyvalente. Fabriqu\u00e9e en fonte \u00e9maill\u00e9e de","robots":{"index":"noindex","follow":"follow","max-snippet":"max-snippet:-1","max-image-preview":"max-image-preview:large","max-video-preview":"max-video-preview:-1"},"og_locale":"fr_FR","og_type":"article","og_title":"LE CREUSET Amour Po\u00eale basse en fonte en forme de c\u0153ur 20 cm Cerise - dev6 Erresse","og_description":"De mijoter des rago\u00fbts r\u00e9confortants \u00e0 cuire des pains plats a\u00e9riens, cette cocotte en forme de c\u0153ur est polyvalente. Fabriqu\u00e9e en fonte \u00e9maill\u00e9e de","og_url":"https:\/\/dev6.erresse-shop.it\/fr\/shop\/poeles-pots\/sauteuses-et-faitout\/le-creuset-amour-poele-basse-en-fonte-en-forme-de-coeur-20-cm-cerise\/","og_site_name":"dev6 Erresse","og_image":[{"url":"https:\/\/interpim.erresse-shop.it\/Import\/Prodotti\/le-creuset-amour-tegame-basso-a-cuore-in-ghisa-20-cm-ciliegia.jpg","type":"","width":"","height":""},{"url":"https:\/\/interpim.erresse-shop.it\/Import\/Prodotti\/le-creuset-amour-tegame-basso-a-cuore-in-ghisa-20-cm-ciliegia.jpg","width":1024,"height":1024,"type":"image\/jpeg"}],"twitter_card":"summary_large_image","twitter_image":"https:\/\/interpim.erresse-shop.it\/Import\/Prodotti\/le-creuset-amour-tegame-basso-a-cuore-in-ghisa-20-cm-ciliegia.jpg","schema":{"@context":"https:\/\/schema.org","@graph":[{"@type":"WebPage","@id":"https:\/\/dev6.erresse-shop.it\/fr\/shop\/poeles-pots\/sauteuses-et-faitout\/le-creuset-amour-poele-basse-en-fonte-en-forme-de-coeur-20-cm-cerise\/","url":"https:\/\/dev6.erresse-shop.it\/fr\/shop\/poeles-pots\/sauteuses-et-faitout\/le-creuset-amour-poele-basse-en-fonte-en-forme-de-coeur-20-cm-cerise\/","name":"LE CREUSET Amour Po\u00eale basse en fonte en forme de c\u0153ur 20 cm Cerise - dev6 Erresse","isPartOf":{"@id":"https:\/\/dev6.erresse-shop.it\/#website"},"primaryImageOfPage":{"@id":"https:\/\/dev6.erresse-shop.it\/fr\/shop\/poeles-pots\/sauteuses-et-faitout\/le-creuset-amour-poele-basse-en-fonte-en-forme-de-coeur-20-cm-cerise\/#primaryimage"},"image":{"@id":"https:\/\/dev6.erresse-shop.it\/fr\/shop\/poeles-pots\/sauteuses-et-faitout\/le-creuset-amour-poele-basse-en-fonte-en-forme-de-coeur-20-cm-cerise\/#primaryimage"},"thumbnailUrl":"https:\/\/i0.wp.com\/interpim.erresse-shop.it\/Import\/Prodotti\/le-creuset-amour-tegame-basso-a-cuore-in-ghisa-20-cm-ciliegia.jpg?ssl=1","datePublished":"2026-04-12T11:42:00+00:00","description":"De mijoter des rago\u00fbts r\u00e9confortants \u00e0 cuire des pains plats a\u00e9riens, cette cocotte en forme de c\u0153ur est polyvalente. Fabriqu\u00e9e en fonte \u00e9maill\u00e9e de","breadcrumb":{"@id":"https:\/\/dev6.erresse-shop.it\/fr\/shop\/poeles-pots\/sauteuses-et-faitout\/le-creuset-amour-poele-basse-en-fonte-en-forme-de-coeur-20-cm-cerise\/#breadcrumb"},"inLanguage":"fr-FR","potentialAction":[{"@type":"ReadAction","target":["https:\/\/dev6.erresse-shop.it\/fr\/shop\/poeles-pots\/sauteuses-et-faitout\/le-creuset-amour-poele-basse-en-fonte-en-forme-de-coeur-20-cm-cerise\/"]}]},{"@type":"ImageObject","inLanguage":"fr-FR","@id":"https:\/\/dev6.erresse-shop.it\/fr\/shop\/poeles-pots\/sauteuses-et-faitout\/le-creuset-amour-poele-basse-en-fonte-en-forme-de-coeur-20-cm-cerise\/#primaryimage","url":"https:\/\/i0.wp.com\/interpim.erresse-shop.it\/Import\/Prodotti\/le-creuset-amour-tegame-basso-a-cuore-in-ghisa-20-cm-ciliegia.jpg?ssl=1","contentUrl":"https:\/\/i0.wp.com\/interpim.erresse-shop.it\/Import\/Prodotti\/le-creuset-amour-tegame-basso-a-cuore-in-ghisa-20-cm-ciliegia.jpg?ssl=1"},{"@type":"BreadcrumbList","@id":"https:\/\/dev6.erresse-shop.it\/fr\/shop\/poeles-pots\/sauteuses-et-faitout\/le-creuset-amour-poele-basse-en-fonte-en-forme-de-coeur-20-cm-cerise\/#breadcrumb","itemListElement":[{"@type":"ListItem","position":1,"name":"Home","item":"https:\/\/dev6.erresse-shop.it\/"},{"@type":"ListItem","position":2,"name":"Boutique","item":"https:\/\/dev6.erresse-shop.it\/shop\/"},{"@type":"ListItem","position":3,"name":"LE CREUSET Amour Po\u00eale basse en fonte en forme de c\u0153ur 20 cm Cerise"}]},{"@type":"WebSite","@id":"https:\/\/dev6.erresse-shop.it\/#website","url":"https:\/\/dev6.erresse-shop.it\/","name":"Erresse Shop","description":"","publisher":{"@id":"https:\/\/dev6.erresse-shop.it\/#organization"},"potentialAction":[{"@type":"SearchAction","target":{"@type":"EntryPoint","urlTemplate":"https:\/\/dev6.erresse-shop.it\/?s={search_term_string}"},"query-input":{"@type":"PropertyValueSpecification","valueRequired":true,"valueName":"search_term_string"}}],"inLanguage":"fr-FR"},{"@type":"Organization","@id":"https:\/\/dev6.erresse-shop.it\/#organization","name":"Erresse Shop","url":"https:\/\/dev6.erresse-shop.it\/","logo":{"@type":"ImageObject","inLanguage":"fr-FR","@id":"https:\/\/dev6.erresse-shop.it\/#\/schema\/logo\/image\/","url":"https:\/\/dev6.erresse-shop.it\/wp-content\/uploads\/2025\/01\/LOGO-ERRESSE-CLASSICO.svg","contentUrl":"https:\/\/dev6.erresse-shop.it\/wp-content\/uploads\/2025\/01\/LOGO-ERRESSE-CLASSICO.svg","caption":"Erresse Shop"},"image":{"@id":"https:\/\/dev6.erresse-shop.it\/#\/schema\/logo\/image\/"}}]}},"df_price":149.95,"df_sale_price":149.95,"df_regular_price":215,"df_image_link":"https:\/\/i0.wp.com\/interpim.erresse-shop.it\/Import\/Prodotti\/le-creuset-amour-tegame-basso-a-cuore-in-ghisa-20-cm-ciliegia.jpg?resize=300,300&ssl=1","fifu_image_url":"https:\/\/interpim.erresse-shop.it\/Import\/Prodotti\/le-creuset-amour-tegame-basso-a-cuore-in-ghisa-20-cm-ciliegia.jpg","_links":{"self":[{"href":"https:\/\/dev6.erresse-shop.it\/fr\/wp-json\/wp\/v2\/product\/1610267","targetHints":{"allow":["GET"]}}],"collection":[{"href":"https:\/\/dev6.erresse-shop.it\/fr\/wp-json\/wp\/v2\/product"}],"about":[{"href":"https:\/\/dev6.erresse-shop.it\/fr\/wp-json\/wp\/v2\/types\/product"}],"wp:featuredmedia":[{"embeddable":true,"href":"https:\/\/dev6.erresse-shop.it\/fr\/wp-json\/wp\/v2\/media\/6378072"}],"wp:attachment":[{"href":"https:\/\/dev6.erresse-shop.it\/fr\/wp-json\/wp\/v2\/media?parent=1610267"}],"wp:term":[{"taxonomy":"product_cat","embeddable":true,"href":"https:\/\/dev6.erresse-shop.it\/fr\/wp-json\/wp\/v2\/product_cat?post=1610267"},{"taxonomy":"product_tag","embeddable":true,"href":"https:\/\/dev6.erresse-shop.it\/fr\/wp-json\/wp\/v2\/product_tag?post=1610267"}],"curies":[{"name":"wp","href":"https:\/\/api.w.org\/{rel}","templated":true}]}}