{"id":1610263,"date":"2026-04-12T13:42:00","date_gmt":"2026-04-12T11:42:00","guid":{"rendered":"https:\/\/dev6.erresse-shop.it\/shop\/non%20class\u00e9\/le-creuset-marmite-de-cuisine-avec-couvercle-haut-evolution-26-cm-meringue\/"},"modified":"2025-11-27T16:58:34","modified_gmt":"2025-11-27T15:58:34","slug":"le-creuset-marmite-de-cuisine-avec-couvercle-haut-evolution-26-cm-meringue","status":"publish","type":"product","link":"https:\/\/dev6.erresse-shop.it\/fr\/shop\/poeles-pots\/marmites-et-cocottes-poeles-pots\/le-creuset-marmite-de-cuisine-avec-couvercle-haut-evolution-26-cm-meringue\/","title":{"rendered":"LE CREUSET marmite de cuisine avec couvercle haut Evolution 26 cm Meringue"},"content":{"rendered":"<p>Faites mijoter un rago\u00fbt sur la plaque de cuisson ou au four pour que ses d\u00e9licieuses saveurs s\u2019intensifient et se marient harmonieusement. Avec ses parois inclin\u00e9es, son couvercle bomb\u00e9 et sa r\u00e9partition homog\u00e8ne de la chaleur, cette cocotte Evolution en fonte \u00e9maill\u00e9e rend vos plats uniques encore plus agr\u00e9ables \u00e0 cuisiner.<\/p>\n<p>Notre bouton r\u00e9sistant \u00e0 la chaleur (jusqu\u2019\u00e0 260 \u00b0C) est con\u00e7u pour offrir une excellente prise en main, m\u00eame avec une manique.<br \/>\nNettoyage rapide\u00a0: une fine couche int\u00e9rieure \u00e9maill\u00e9e facilite le nettoyage.<br \/>\nPoign\u00e9es de r\u00eave\u00a0: gr\u00e2ce \u00e0 nos larges poign\u00e9es, vous pouvez facilement passer de la plaque de cuisson \u00e0 la table, m\u00eame avec des gants de cuisine.<br \/>\nPolyvalence\u00a0: Ce produit convient au four, au gril et \u00e0 la cuisini\u00e8re.<br \/>\nDes plats savoureux\u00a0: la fonte \u00e9maill\u00e9e retient la chaleur pour une cuisson et un brunissement uniformes. Vos d\u00e9licieuses cr\u00e9ations resteront chaudes plus longtemps \u00e0 table.<br \/>\nPr\u00e9serve la jutosit\u00e9\u00a0: Notre couvercle retient la vapeur g\u00e9n\u00e9r\u00e9e par la cuisson des aliments et sublime les saveurs, pour des r\u00e9sultats de cuisson exceptionnels.<br \/>\nPrise en main facile\u00a0: Les poign\u00e9es \u00e9l\u00e9gantes et confortables vous permettent de soulever le produit en toute s\u00e9curit\u00e9.<br \/>\nLe meilleur de sa cat\u00e9gorie\u00a0: Nos produits sont fabriqu\u00e9s \u00e0 partir des meilleurs mat\u00e9riaux dans des usines du monde entier, garantissant ainsi la qualit\u00e9 que vous attendez de Le Creuset.<\/p>\n<p>Mat\u00e9riau\u00a0: Fonte vitrifi\u00e9e<br \/>\nFabriqu\u00e9 en\u00a0: France<br \/>\nGarantie\u00a0: \u00c0 vie<\/p>\n<p>Source de chaleur\u00a0:<\/p>\n<p>Four<br \/>\nFour en mode gril<br \/>\nPlaque de cuisson \u00e9lectrique<br \/>\nVitroc\u00e9ramique<br \/>\nPlaque de cuisson au gaz<br \/>\nPlaque de cuisson \u00e0 induction<\/p>\n<p>Nettoyage Entretien\u00a0:<\/p>\n<p>Attendez que le produit refroidisse avant de commencer le nettoyage.<br \/>\nNettoyez les r\u00e9sidus alimentaires de la base et des parois du produit. En cas de r\u00e9sidus alimentaires, remplissez le produit d\u2019eau chaude savonneuse et laissez-le tremper 15 \u00e0 20 minutes avant de le laver comme d\u2019habitude.<br \/>\nN\u2019utilisez pas de nettoyants abrasifs, ni d\u2019\u00e9ponges ou de brosses m\u00e9talliques, abrasives ou tr\u00e8s dures sur les surfaces.<br \/>\nS\u00e9chez soigneusement apr\u00e8s le lavage et rangez-le dans un endroit sec.<\/p>\n","protected":false},"excerpt":{"rendered":"<p>Faites mijoter un rago\u00fbt sur la plaque de cuisson ou au four pour que ses d\u00e9licieuses saveurs s\u2019intensifient et se marient harmonieusement. Avec ses parois inclin\u00e9es, son couvercle bomb\u00e9 et sa r\u00e9partition homog\u00e8ne de la chaleur, cette cocotte Evolution en fonte \u00e9maill\u00e9e rend vos plats uniques encore plus agr\u00e9ables \u00e0 cuisiner. Notre bouton r\u00e9sistant \u00e0 [&hellip;]<\/p>\n","protected":false},"featured_media":6378046,"template":"","meta":{"_acf_changed":false},"product_cat":[12000,11991],"product_tag":[],"class_list":{"0":"post-1610263","1":"product","2":"type-product","3":"status-publish","4":"has-post-thumbnail","6":"product_cat-marmites-et-cocottes-poeles-pots","7":"product_cat-poeles-pots","9":"first","10":"instock","11":"sale","12":"taxable","13":"shipping-taxable","14":"purchasable","15":"product-type-simple","swatches":"rey-swatches","show_selected":"","stretch_labels":"rey-swatches--stretch-labels"},"acf":[],"yoast_head":"<!-- This site is optimized with the Yoast SEO plugin v25.4 - https:\/\/yoast.com\/wordpress\/plugins\/seo\/ -->\n<title>LE CREUSET marmite de cuisine avec couvercle haut Evolution 26 cm Meringue - dev6 Erresse<\/title>\n<meta name=\"description\" content=\"Faites mijoter un rago\u00fbt sur la plaque de cuisson ou au four pour que ses d\u00e9licieuses saveurs s\u2019intensifient et se marient harmonieusement. Avec ses\" \/>\n<meta name=\"robots\" content=\"noindex, follow, max-snippet:-1, max-image-preview:large, max-video-preview:-1\" \/>\n<meta property=\"og:locale\" content=\"fr_FR\" \/>\n<meta property=\"og:type\" content=\"article\" \/>\n<meta property=\"og:title\" content=\"LE CREUSET marmite de cuisine avec couvercle haut Evolution 26 cm Meringue - dev6 Erresse\" \/>\n<meta property=\"og:description\" content=\"Faites mijoter un rago\u00fbt sur la plaque de cuisson ou au four pour que ses d\u00e9licieuses saveurs s\u2019intensifient et se marient harmonieusement. Avec ses\" \/>\n<meta property=\"og:url\" content=\"https:\/\/dev6.erresse-shop.it\/fr\/shop\/poeles-pots\/marmites-et-cocottes-poeles-pots\/le-creuset-marmite-de-cuisine-avec-couvercle-haut-evolution-26-cm-meringue\/\" \/>\n<meta property=\"og:site_name\" content=\"dev6 Erresse\" \/>\n<meta property=\"og:image\" content=\"https:\/\/interpim.erresse-shop.it\/Import\/Prodotti\/le-creuset-marmitta-con-coperchio-alto-evolution-in-ghisa-26-cm-meringa.jpg\" \/><meta property=\"og:image\" content=\"https:\/\/interpim.erresse-shop.it\/Import\/Prodotti\/le-creuset-marmitta-con-coperchio-alto-evolution-in-ghisa-26-cm-meringa.jpg\" \/>\n\t<meta property=\"og:image:width\" content=\"1024\" \/>\n\t<meta property=\"og:image:height\" content=\"1024\" \/>\n\t<meta property=\"og:image:type\" content=\"image\/jpeg\" \/>\n<meta name=\"twitter:card\" content=\"summary_large_image\" \/>\n<meta name=\"twitter:image\" content=\"https:\/\/interpim.erresse-shop.it\/Import\/Prodotti\/le-creuset-marmitta-con-coperchio-alto-evolution-in-ghisa-26-cm-meringa.jpg\" \/>\n<script type=\"application\/ld+json\" class=\"yoast-schema-graph\">{\"@context\":\"https:\/\/schema.org\",\"@graph\":[{\"@type\":\"WebPage\",\"@id\":\"https:\/\/dev6.erresse-shop.it\/fr\/shop\/poeles-pots\/marmites-et-cocottes-poeles-pots\/le-creuset-marmite-de-cuisine-avec-couvercle-haut-evolution-26-cm-meringue\/\",\"url\":\"https:\/\/dev6.erresse-shop.it\/fr\/shop\/poeles-pots\/marmites-et-cocottes-poeles-pots\/le-creuset-marmite-de-cuisine-avec-couvercle-haut-evolution-26-cm-meringue\/\",\"name\":\"LE CREUSET marmite de cuisine avec couvercle haut Evolution 26 cm Meringue - dev6 Erresse\",\"isPartOf\":{\"@id\":\"https:\/\/dev6.erresse-shop.it\/#website\"},\"primaryImageOfPage\":{\"@id\":\"https:\/\/dev6.erresse-shop.it\/fr\/shop\/poeles-pots\/marmites-et-cocottes-poeles-pots\/le-creuset-marmite-de-cuisine-avec-couvercle-haut-evolution-26-cm-meringue\/#primaryimage\"},\"image\":{\"@id\":\"https:\/\/dev6.erresse-shop.it\/fr\/shop\/poeles-pots\/marmites-et-cocottes-poeles-pots\/le-creuset-marmite-de-cuisine-avec-couvercle-haut-evolution-26-cm-meringue\/#primaryimage\"},\"thumbnailUrl\":\"https:\/\/i2.wp.com\/interpim.erresse-shop.it\/Import\/Prodotti\/le-creuset-marmitta-con-coperchio-alto-evolution-in-ghisa-26-cm-meringa.jpg?ssl=1\",\"datePublished\":\"2026-04-12T11:42:00+00:00\",\"description\":\"Faites mijoter un rago\u00fbt sur la plaque de cuisson ou au four pour que ses d\u00e9licieuses saveurs s\u2019intensifient et se marient harmonieusement. Avec ses\",\"breadcrumb\":{\"@id\":\"https:\/\/dev6.erresse-shop.it\/fr\/shop\/poeles-pots\/marmites-et-cocottes-poeles-pots\/le-creuset-marmite-de-cuisine-avec-couvercle-haut-evolution-26-cm-meringue\/#breadcrumb\"},\"inLanguage\":\"fr-FR\",\"potentialAction\":[{\"@type\":\"ReadAction\",\"target\":[\"https:\/\/dev6.erresse-shop.it\/fr\/shop\/poeles-pots\/marmites-et-cocottes-poeles-pots\/le-creuset-marmite-de-cuisine-avec-couvercle-haut-evolution-26-cm-meringue\/\"]}]},{\"@type\":\"ImageObject\",\"inLanguage\":\"fr-FR\",\"@id\":\"https:\/\/dev6.erresse-shop.it\/fr\/shop\/poeles-pots\/marmites-et-cocottes-poeles-pots\/le-creuset-marmite-de-cuisine-avec-couvercle-haut-evolution-26-cm-meringue\/#primaryimage\",\"url\":\"https:\/\/i2.wp.com\/interpim.erresse-shop.it\/Import\/Prodotti\/le-creuset-marmitta-con-coperchio-alto-evolution-in-ghisa-26-cm-meringa.jpg?ssl=1\",\"contentUrl\":\"https:\/\/i2.wp.com\/interpim.erresse-shop.it\/Import\/Prodotti\/le-creuset-marmitta-con-coperchio-alto-evolution-in-ghisa-26-cm-meringa.jpg?ssl=1\"},{\"@type\":\"BreadcrumbList\",\"@id\":\"https:\/\/dev6.erresse-shop.it\/fr\/shop\/poeles-pots\/marmites-et-cocottes-poeles-pots\/le-creuset-marmite-de-cuisine-avec-couvercle-haut-evolution-26-cm-meringue\/#breadcrumb\",\"itemListElement\":[{\"@type\":\"ListItem\",\"position\":1,\"name\":\"Home\",\"item\":\"https:\/\/dev6.erresse-shop.it\/\"},{\"@type\":\"ListItem\",\"position\":2,\"name\":\"Boutique\",\"item\":\"https:\/\/dev6.erresse-shop.it\/shop\/\"},{\"@type\":\"ListItem\",\"position\":3,\"name\":\"LE CREUSET marmite de cuisine avec couvercle haut Evolution 26 cm Meringue\"}]},{\"@type\":\"WebSite\",\"@id\":\"https:\/\/dev6.erresse-shop.it\/#website\",\"url\":\"https:\/\/dev6.erresse-shop.it\/\",\"name\":\"Erresse Shop\",\"description\":\"\",\"publisher\":{\"@id\":\"https:\/\/dev6.erresse-shop.it\/#organization\"},\"potentialAction\":[{\"@type\":\"SearchAction\",\"target\":{\"@type\":\"EntryPoint\",\"urlTemplate\":\"https:\/\/dev6.erresse-shop.it\/?s={search_term_string}\"},\"query-input\":{\"@type\":\"PropertyValueSpecification\",\"valueRequired\":true,\"valueName\":\"search_term_string\"}}],\"inLanguage\":\"fr-FR\"},{\"@type\":\"Organization\",\"@id\":\"https:\/\/dev6.erresse-shop.it\/#organization\",\"name\":\"Erresse Shop\",\"url\":\"https:\/\/dev6.erresse-shop.it\/\",\"logo\":{\"@type\":\"ImageObject\",\"inLanguage\":\"fr-FR\",\"@id\":\"https:\/\/dev6.erresse-shop.it\/#\/schema\/logo\/image\/\",\"url\":\"https:\/\/dev6.erresse-shop.it\/wp-content\/uploads\/2025\/01\/LOGO-ERRESSE-CLASSICO.svg\",\"contentUrl\":\"https:\/\/dev6.erresse-shop.it\/wp-content\/uploads\/2025\/01\/LOGO-ERRESSE-CLASSICO.svg\",\"caption\":\"Erresse Shop\"},\"image\":{\"@id\":\"https:\/\/dev6.erresse-shop.it\/#\/schema\/logo\/image\/\"}}]}<\/script>\n<!-- \/ Yoast SEO plugin. -->","yoast_head_json":{"title":"LE CREUSET marmite de cuisine avec couvercle haut Evolution 26 cm Meringue - dev6 Erresse","description":"Faites mijoter un rago\u00fbt sur la plaque de cuisson ou au four pour que ses d\u00e9licieuses saveurs s\u2019intensifient et se marient harmonieusement. Avec ses","robots":{"index":"noindex","follow":"follow","max-snippet":"max-snippet:-1","max-image-preview":"max-image-preview:large","max-video-preview":"max-video-preview:-1"},"og_locale":"fr_FR","og_type":"article","og_title":"LE CREUSET marmite de cuisine avec couvercle haut Evolution 26 cm Meringue - dev6 Erresse","og_description":"Faites mijoter un rago\u00fbt sur la plaque de cuisson ou au four pour que ses d\u00e9licieuses saveurs s\u2019intensifient et se marient harmonieusement. Avec ses","og_url":"https:\/\/dev6.erresse-shop.it\/fr\/shop\/poeles-pots\/marmites-et-cocottes-poeles-pots\/le-creuset-marmite-de-cuisine-avec-couvercle-haut-evolution-26-cm-meringue\/","og_site_name":"dev6 Erresse","og_image":[{"url":"https:\/\/interpim.erresse-shop.it\/Import\/Prodotti\/le-creuset-marmitta-con-coperchio-alto-evolution-in-ghisa-26-cm-meringa.jpg","type":"","width":"","height":""},{"url":"https:\/\/interpim.erresse-shop.it\/Import\/Prodotti\/le-creuset-marmitta-con-coperchio-alto-evolution-in-ghisa-26-cm-meringa.jpg","width":1024,"height":1024,"type":"image\/jpeg"}],"twitter_card":"summary_large_image","twitter_image":"https:\/\/interpim.erresse-shop.it\/Import\/Prodotti\/le-creuset-marmitta-con-coperchio-alto-evolution-in-ghisa-26-cm-meringa.jpg","schema":{"@context":"https:\/\/schema.org","@graph":[{"@type":"WebPage","@id":"https:\/\/dev6.erresse-shop.it\/fr\/shop\/poeles-pots\/marmites-et-cocottes-poeles-pots\/le-creuset-marmite-de-cuisine-avec-couvercle-haut-evolution-26-cm-meringue\/","url":"https:\/\/dev6.erresse-shop.it\/fr\/shop\/poeles-pots\/marmites-et-cocottes-poeles-pots\/le-creuset-marmite-de-cuisine-avec-couvercle-haut-evolution-26-cm-meringue\/","name":"LE CREUSET marmite de cuisine avec couvercle haut Evolution 26 cm Meringue - dev6 Erresse","isPartOf":{"@id":"https:\/\/dev6.erresse-shop.it\/#website"},"primaryImageOfPage":{"@id":"https:\/\/dev6.erresse-shop.it\/fr\/shop\/poeles-pots\/marmites-et-cocottes-poeles-pots\/le-creuset-marmite-de-cuisine-avec-couvercle-haut-evolution-26-cm-meringue\/#primaryimage"},"image":{"@id":"https:\/\/dev6.erresse-shop.it\/fr\/shop\/poeles-pots\/marmites-et-cocottes-poeles-pots\/le-creuset-marmite-de-cuisine-avec-couvercle-haut-evolution-26-cm-meringue\/#primaryimage"},"thumbnailUrl":"https:\/\/i2.wp.com\/interpim.erresse-shop.it\/Import\/Prodotti\/le-creuset-marmitta-con-coperchio-alto-evolution-in-ghisa-26-cm-meringa.jpg?ssl=1","datePublished":"2026-04-12T11:42:00+00:00","description":"Faites mijoter un rago\u00fbt sur la plaque de cuisson ou au four pour que ses d\u00e9licieuses saveurs s\u2019intensifient et se marient harmonieusement. Avec ses","breadcrumb":{"@id":"https:\/\/dev6.erresse-shop.it\/fr\/shop\/poeles-pots\/marmites-et-cocottes-poeles-pots\/le-creuset-marmite-de-cuisine-avec-couvercle-haut-evolution-26-cm-meringue\/#breadcrumb"},"inLanguage":"fr-FR","potentialAction":[{"@type":"ReadAction","target":["https:\/\/dev6.erresse-shop.it\/fr\/shop\/poeles-pots\/marmites-et-cocottes-poeles-pots\/le-creuset-marmite-de-cuisine-avec-couvercle-haut-evolution-26-cm-meringue\/"]}]},{"@type":"ImageObject","inLanguage":"fr-FR","@id":"https:\/\/dev6.erresse-shop.it\/fr\/shop\/poeles-pots\/marmites-et-cocottes-poeles-pots\/le-creuset-marmite-de-cuisine-avec-couvercle-haut-evolution-26-cm-meringue\/#primaryimage","url":"https:\/\/i2.wp.com\/interpim.erresse-shop.it\/Import\/Prodotti\/le-creuset-marmitta-con-coperchio-alto-evolution-in-ghisa-26-cm-meringa.jpg?ssl=1","contentUrl":"https:\/\/i2.wp.com\/interpim.erresse-shop.it\/Import\/Prodotti\/le-creuset-marmitta-con-coperchio-alto-evolution-in-ghisa-26-cm-meringa.jpg?ssl=1"},{"@type":"BreadcrumbList","@id":"https:\/\/dev6.erresse-shop.it\/fr\/shop\/poeles-pots\/marmites-et-cocottes-poeles-pots\/le-creuset-marmite-de-cuisine-avec-couvercle-haut-evolution-26-cm-meringue\/#breadcrumb","itemListElement":[{"@type":"ListItem","position":1,"name":"Home","item":"https:\/\/dev6.erresse-shop.it\/"},{"@type":"ListItem","position":2,"name":"Boutique","item":"https:\/\/dev6.erresse-shop.it\/shop\/"},{"@type":"ListItem","position":3,"name":"LE CREUSET marmite de cuisine avec couvercle haut Evolution 26 cm Meringue"}]},{"@type":"WebSite","@id":"https:\/\/dev6.erresse-shop.it\/#website","url":"https:\/\/dev6.erresse-shop.it\/","name":"Erresse Shop","description":"","publisher":{"@id":"https:\/\/dev6.erresse-shop.it\/#organization"},"potentialAction":[{"@type":"SearchAction","target":{"@type":"EntryPoint","urlTemplate":"https:\/\/dev6.erresse-shop.it\/?s={search_term_string}"},"query-input":{"@type":"PropertyValueSpecification","valueRequired":true,"valueName":"search_term_string"}}],"inLanguage":"fr-FR"},{"@type":"Organization","@id":"https:\/\/dev6.erresse-shop.it\/#organization","name":"Erresse Shop","url":"https:\/\/dev6.erresse-shop.it\/","logo":{"@type":"ImageObject","inLanguage":"fr-FR","@id":"https:\/\/dev6.erresse-shop.it\/#\/schema\/logo\/image\/","url":"https:\/\/dev6.erresse-shop.it\/wp-content\/uploads\/2025\/01\/LOGO-ERRESSE-CLASSICO.svg","contentUrl":"https:\/\/dev6.erresse-shop.it\/wp-content\/uploads\/2025\/01\/LOGO-ERRESSE-CLASSICO.svg","caption":"Erresse Shop"},"image":{"@id":"https:\/\/dev6.erresse-shop.it\/#\/schema\/logo\/image\/"}}]}},"df_price":219.95,"df_sale_price":219.95,"df_regular_price":329,"df_image_link":"https:\/\/i2.wp.com\/interpim.erresse-shop.it\/Import\/Prodotti\/le-creuset-marmitta-con-coperchio-alto-evolution-in-ghisa-26-cm-meringa.jpg?resize=300,300&ssl=1","fifu_image_url":"https:\/\/interpim.erresse-shop.it\/Import\/Prodotti\/le-creuset-marmitta-con-coperchio-alto-evolution-in-ghisa-26-cm-meringa.jpg","_links":{"self":[{"href":"https:\/\/dev6.erresse-shop.it\/fr\/wp-json\/wp\/v2\/product\/1610263","targetHints":{"allow":["GET"]}}],"collection":[{"href":"https:\/\/dev6.erresse-shop.it\/fr\/wp-json\/wp\/v2\/product"}],"about":[{"href":"https:\/\/dev6.erresse-shop.it\/fr\/wp-json\/wp\/v2\/types\/product"}],"wp:featuredmedia":[{"embeddable":true,"href":"https:\/\/dev6.erresse-shop.it\/fr\/wp-json\/wp\/v2\/media\/6378046"}],"wp:attachment":[{"href":"https:\/\/dev6.erresse-shop.it\/fr\/wp-json\/wp\/v2\/media?parent=1610263"}],"wp:term":[{"taxonomy":"product_cat","embeddable":true,"href":"https:\/\/dev6.erresse-shop.it\/fr\/wp-json\/wp\/v2\/product_cat?post=1610263"},{"taxonomy":"product_tag","embeddable":true,"href":"https:\/\/dev6.erresse-shop.it\/fr\/wp-json\/wp\/v2\/product_tag?post=1610263"}],"curies":[{"name":"wp","href":"https:\/\/api.w.org\/{rel}","templated":true}]}}