{"id":1610247,"date":"2026-04-12T13:42:00","date_gmt":"2026-04-12T11:42:00","guid":{"rendered":"https:\/\/dev6.erresse-shop.it\/shop\/non%20class\u00e9\/le-creuset-plaque-de-gril-rectangulaire-bbq-outdoor-en-fonte-40-cm-noir\/"},"modified":"2025-09-14T06:49:52","modified_gmt":"2025-09-14T04:49:52","slug":"le-creuset-plaque-de-gril-rectangulaire-bbq-outdoor-en-fonte-40-cm-noir","status":"publish","type":"product","link":"https:\/\/dev6.erresse-shop.it\/fr\/shop\/poeles-pots\/grils-a-steak\/le-creuset-plaque-de-gril-rectangulaire-bbq-outdoor-en-fonte-40-cm-noir\/","title":{"rendered":"LE CREUSET Plaque de gril rectangulaire BBQ Outdoor en fonte 40 cm Noir"},"content":{"rendered":"<p>Allez au-del\u00e0 de la cuisine avec la plaque de cuisson rectangulaire pour barbecue\u00a0: id\u00e9ale pour cuire des cr\u00eapes, faire frire des \u0153ufs et du bacon, et pr\u00e9parer des hamburgers. Avec sa surface g\u00e9n\u00e9reuse et ses c\u00f4t\u00e9s inclin\u00e9s, elle est id\u00e9ale pour remuer et retourner les aliments, tout en conservant une taille id\u00e9ale pour le gril.<\/p>\n<p>Des saveurs exquises\u00a0: La fonte \u00e9maill\u00e9e retient la chaleur pour une cuisson et un brunissement uniformes. Vos d\u00e9licieuses cr\u00e9ations resteront chaudes plus longtemps, m\u00eame \u00e0 table.<br \/>\nSe bonifie avec le temps\u00a0: L\u2019int\u00e9rieur \u00e9maill\u00e9 se patine naturellement. Sa finition emp\u00eache les aliments d\u2019attacher, m\u00eame avec un l\u00e9ger assaisonnement. Laver le produit de pr\u00e9f\u00e9rence \u00e0 l\u2019eau uniquement.<br \/>\nLe meilleur de sa cat\u00e9gorie\u00a0: nos produits sont fabriqu\u00e9s \u00e0 partir des meilleurs mat\u00e9riaux, dans des usines du monde entier, pour garantir la qualit\u00e9 que vous attendez de Le Creuset.<\/p>\n<p>Mat\u00e9riau\u00a0: fonte \u00e9maill\u00e9e<br \/>\nFabriqu\u00e9 en\u00a0: France<br \/>\nGarantie\u00a0: \u00e0 vie<\/p>\n<p>Source de chaleur\u00a0:<\/p>\n<p>Four<br \/>\nBarbecue<br \/>\nFour \u00e0 bois<br \/>\nFour \u00e0 pizza<\/p>\n<p>Nettoyage et entretien\u00a0:<\/p>\n<p>Attendre que le produit ait compl\u00e8tement refroidi avant de commencer le nettoyage.<br \/>\nEnlever tout r\u00e9sidu du fond et des bords du produit. Pour les r\u00e9sidus alimentaires tenaces, remplissez le produit d\u2019eau chaude savonneuse et laissez-le tremper 15 \u00e0 20 minutes avant de le laver.<br \/>\nN\u2019utilisez pas de d\u00e9tergents agressifs, d\u2019\u00e9ponges abrasives et\/ou m\u00e9talliques, ni de brosses tr\u00e8s dures et rigides pour nettoyer les surfaces.<br \/>\nApr\u00e8s le lavage, s\u00e9chez soigneusement le produit et rangez-le dans un endroit sec.<\/p>\n","protected":false},"excerpt":{"rendered":"<p>Allez au-del\u00e0 de la cuisine avec la plaque de cuisson rectangulaire pour barbecue\u00a0: id\u00e9ale pour cuire des cr\u00eapes, faire frire des \u0153ufs et du bacon, et pr\u00e9parer des hamburgers. Avec sa surface g\u00e9n\u00e9reuse et ses c\u00f4t\u00e9s inclin\u00e9s, elle est id\u00e9ale pour remuer et retourner les aliments, tout en conservant une taille id\u00e9ale pour le gril. [&hellip;]<\/p>\n","protected":false},"featured_media":6377945,"template":"","meta":{"_acf_changed":false},"product_cat":[12020,11991],"product_tag":[],"class_list":{"0":"post-1610247","1":"product","2":"type-product","3":"status-publish","4":"has-post-thumbnail","6":"product_cat-grils-a-steak","7":"product_cat-poeles-pots","9":"first","10":"instock","11":"sale","12":"taxable","13":"shipping-taxable","14":"purchasable","15":"product-type-simple","swatches":"rey-swatches","show_selected":"","stretch_labels":"rey-swatches--stretch-labels"},"acf":[],"yoast_head":"<!-- This site is optimized with the Yoast SEO plugin v25.4 - https:\/\/yoast.com\/wordpress\/plugins\/seo\/ -->\n<title>LE CREUSET Plaque de gril rectangulaire BBQ Outdoor en fonte 40 cm Noir - dev6 Erresse<\/title>\n<meta name=\"description\" content=\"Allez au-del\u00e0 de la cuisine avec la plaque de cuisson rectangulaire pour barbecue\u00a0: id\u00e9ale pour cuire des cr\u00eapes, faire frire des \u0153ufs et du bacon, et\" \/>\n<meta name=\"robots\" content=\"noindex, follow, max-snippet:-1, max-image-preview:large, max-video-preview:-1\" \/>\n<meta property=\"og:locale\" content=\"fr_FR\" \/>\n<meta property=\"og:type\" content=\"article\" \/>\n<meta property=\"og:title\" content=\"LE CREUSET Plaque de gril rectangulaire BBQ Outdoor en fonte 40 cm Noir - dev6 Erresse\" \/>\n<meta property=\"og:description\" content=\"Allez au-del\u00e0 de la cuisine avec la plaque de cuisson rectangulaire pour barbecue\u00a0: id\u00e9ale pour cuire des cr\u00eapes, faire frire des \u0153ufs et du bacon, et\" \/>\n<meta property=\"og:url\" content=\"https:\/\/dev6.erresse-shop.it\/fr\/shop\/poeles-pots\/grils-a-steak\/le-creuset-plaque-de-gril-rectangulaire-bbq-outdoor-en-fonte-40-cm-noir\/\" \/>\n<meta property=\"og:site_name\" content=\"dev6 Erresse\" \/>\n<meta property=\"og:image\" content=\"https:\/\/interpim.erresse-shop.it\/Import\/Prodotti\/le-creuset-piastra-quadrata-bbq-outdoor-in-ghisa-40-cm-nero.jpg\" \/><meta property=\"og:image\" content=\"https:\/\/interpim.erresse-shop.it\/Import\/Prodotti\/le-creuset-piastra-quadrata-bbq-outdoor-in-ghisa-40-cm-nero.jpg\" \/>\n\t<meta property=\"og:image:width\" content=\"1024\" \/>\n\t<meta property=\"og:image:height\" content=\"1024\" \/>\n\t<meta property=\"og:image:type\" content=\"image\/jpeg\" \/>\n<meta name=\"twitter:card\" content=\"summary_large_image\" \/>\n<meta name=\"twitter:image\" content=\"https:\/\/interpim.erresse-shop.it\/Import\/Prodotti\/le-creuset-piastra-quadrata-bbq-outdoor-in-ghisa-40-cm-nero.jpg\" \/>\n<script type=\"application\/ld+json\" class=\"yoast-schema-graph\">{\"@context\":\"https:\/\/schema.org\",\"@graph\":[{\"@type\":\"WebPage\",\"@id\":\"https:\/\/dev6.erresse-shop.it\/fr\/shop\/poeles-pots\/grils-a-steak\/le-creuset-plaque-de-gril-rectangulaire-bbq-outdoor-en-fonte-40-cm-noir\/\",\"url\":\"https:\/\/dev6.erresse-shop.it\/fr\/shop\/poeles-pots\/grils-a-steak\/le-creuset-plaque-de-gril-rectangulaire-bbq-outdoor-en-fonte-40-cm-noir\/\",\"name\":\"LE CREUSET Plaque de gril rectangulaire BBQ Outdoor en fonte 40 cm Noir - dev6 Erresse\",\"isPartOf\":{\"@id\":\"https:\/\/dev6.erresse-shop.it\/#website\"},\"primaryImageOfPage\":{\"@id\":\"https:\/\/dev6.erresse-shop.it\/fr\/shop\/poeles-pots\/grils-a-steak\/le-creuset-plaque-de-gril-rectangulaire-bbq-outdoor-en-fonte-40-cm-noir\/#primaryimage\"},\"image\":{\"@id\":\"https:\/\/dev6.erresse-shop.it\/fr\/shop\/poeles-pots\/grils-a-steak\/le-creuset-plaque-de-gril-rectangulaire-bbq-outdoor-en-fonte-40-cm-noir\/#primaryimage\"},\"thumbnailUrl\":\"https:\/\/i3.wp.com\/interpim.erresse-shop.it\/Import\/Prodotti\/le-creuset-piastra-quadrata-bbq-outdoor-in-ghisa-40-cm-nero.jpg?ssl=1\",\"datePublished\":\"2026-04-12T11:42:00+00:00\",\"description\":\"Allez au-del\u00e0 de la cuisine avec la plaque de cuisson rectangulaire pour barbecue\u00a0: id\u00e9ale pour cuire des cr\u00eapes, faire frire des \u0153ufs et du bacon, et\",\"breadcrumb\":{\"@id\":\"https:\/\/dev6.erresse-shop.it\/fr\/shop\/poeles-pots\/grils-a-steak\/le-creuset-plaque-de-gril-rectangulaire-bbq-outdoor-en-fonte-40-cm-noir\/#breadcrumb\"},\"inLanguage\":\"fr-FR\",\"potentialAction\":[{\"@type\":\"ReadAction\",\"target\":[\"https:\/\/dev6.erresse-shop.it\/fr\/shop\/poeles-pots\/grils-a-steak\/le-creuset-plaque-de-gril-rectangulaire-bbq-outdoor-en-fonte-40-cm-noir\/\"]}]},{\"@type\":\"ImageObject\",\"inLanguage\":\"fr-FR\",\"@id\":\"https:\/\/dev6.erresse-shop.it\/fr\/shop\/poeles-pots\/grils-a-steak\/le-creuset-plaque-de-gril-rectangulaire-bbq-outdoor-en-fonte-40-cm-noir\/#primaryimage\",\"url\":\"https:\/\/i3.wp.com\/interpim.erresse-shop.it\/Import\/Prodotti\/le-creuset-piastra-quadrata-bbq-outdoor-in-ghisa-40-cm-nero.jpg?ssl=1\",\"contentUrl\":\"https:\/\/i3.wp.com\/interpim.erresse-shop.it\/Import\/Prodotti\/le-creuset-piastra-quadrata-bbq-outdoor-in-ghisa-40-cm-nero.jpg?ssl=1\"},{\"@type\":\"BreadcrumbList\",\"@id\":\"https:\/\/dev6.erresse-shop.it\/fr\/shop\/poeles-pots\/grils-a-steak\/le-creuset-plaque-de-gril-rectangulaire-bbq-outdoor-en-fonte-40-cm-noir\/#breadcrumb\",\"itemListElement\":[{\"@type\":\"ListItem\",\"position\":1,\"name\":\"Home\",\"item\":\"https:\/\/dev6.erresse-shop.it\/\"},{\"@type\":\"ListItem\",\"position\":2,\"name\":\"Boutique\",\"item\":\"https:\/\/dev6.erresse-shop.it\/shop\/\"},{\"@type\":\"ListItem\",\"position\":3,\"name\":\"LE CREUSET Plaque de gril rectangulaire BBQ Outdoor en fonte 40 cm Noir\"}]},{\"@type\":\"WebSite\",\"@id\":\"https:\/\/dev6.erresse-shop.it\/#website\",\"url\":\"https:\/\/dev6.erresse-shop.it\/\",\"name\":\"Erresse Shop\",\"description\":\"\",\"publisher\":{\"@id\":\"https:\/\/dev6.erresse-shop.it\/#organization\"},\"potentialAction\":[{\"@type\":\"SearchAction\",\"target\":{\"@type\":\"EntryPoint\",\"urlTemplate\":\"https:\/\/dev6.erresse-shop.it\/?s={search_term_string}\"},\"query-input\":{\"@type\":\"PropertyValueSpecification\",\"valueRequired\":true,\"valueName\":\"search_term_string\"}}],\"inLanguage\":\"fr-FR\"},{\"@type\":\"Organization\",\"@id\":\"https:\/\/dev6.erresse-shop.it\/#organization\",\"name\":\"Erresse Shop\",\"url\":\"https:\/\/dev6.erresse-shop.it\/\",\"logo\":{\"@type\":\"ImageObject\",\"inLanguage\":\"fr-FR\",\"@id\":\"https:\/\/dev6.erresse-shop.it\/#\/schema\/logo\/image\/\",\"url\":\"https:\/\/dev6.erresse-shop.it\/wp-content\/uploads\/2025\/01\/LOGO-ERRESSE-CLASSICO.svg\",\"contentUrl\":\"https:\/\/dev6.erresse-shop.it\/wp-content\/uploads\/2025\/01\/LOGO-ERRESSE-CLASSICO.svg\",\"caption\":\"Erresse Shop\"},\"image\":{\"@id\":\"https:\/\/dev6.erresse-shop.it\/#\/schema\/logo\/image\/\"}}]}<\/script>\n<!-- \/ Yoast SEO plugin. -->","yoast_head_json":{"title":"LE CREUSET Plaque de gril rectangulaire BBQ Outdoor en fonte 40 cm Noir - dev6 Erresse","description":"Allez au-del\u00e0 de la cuisine avec la plaque de cuisson rectangulaire pour barbecue\u00a0: id\u00e9ale pour cuire des cr\u00eapes, faire frire des \u0153ufs et du bacon, et","robots":{"index":"noindex","follow":"follow","max-snippet":"max-snippet:-1","max-image-preview":"max-image-preview:large","max-video-preview":"max-video-preview:-1"},"og_locale":"fr_FR","og_type":"article","og_title":"LE CREUSET Plaque de gril rectangulaire BBQ Outdoor en fonte 40 cm Noir - dev6 Erresse","og_description":"Allez au-del\u00e0 de la cuisine avec la plaque de cuisson rectangulaire pour barbecue\u00a0: id\u00e9ale pour cuire des cr\u00eapes, faire frire des \u0153ufs et du bacon, et","og_url":"https:\/\/dev6.erresse-shop.it\/fr\/shop\/poeles-pots\/grils-a-steak\/le-creuset-plaque-de-gril-rectangulaire-bbq-outdoor-en-fonte-40-cm-noir\/","og_site_name":"dev6 Erresse","og_image":[{"url":"https:\/\/interpim.erresse-shop.it\/Import\/Prodotti\/le-creuset-piastra-quadrata-bbq-outdoor-in-ghisa-40-cm-nero.jpg","type":"","width":"","height":""},{"url":"https:\/\/interpim.erresse-shop.it\/Import\/Prodotti\/le-creuset-piastra-quadrata-bbq-outdoor-in-ghisa-40-cm-nero.jpg","width":1024,"height":1024,"type":"image\/jpeg"}],"twitter_card":"summary_large_image","twitter_image":"https:\/\/interpim.erresse-shop.it\/Import\/Prodotti\/le-creuset-piastra-quadrata-bbq-outdoor-in-ghisa-40-cm-nero.jpg","schema":{"@context":"https:\/\/schema.org","@graph":[{"@type":"WebPage","@id":"https:\/\/dev6.erresse-shop.it\/fr\/shop\/poeles-pots\/grils-a-steak\/le-creuset-plaque-de-gril-rectangulaire-bbq-outdoor-en-fonte-40-cm-noir\/","url":"https:\/\/dev6.erresse-shop.it\/fr\/shop\/poeles-pots\/grils-a-steak\/le-creuset-plaque-de-gril-rectangulaire-bbq-outdoor-en-fonte-40-cm-noir\/","name":"LE CREUSET Plaque de gril rectangulaire BBQ Outdoor en fonte 40 cm Noir - dev6 Erresse","isPartOf":{"@id":"https:\/\/dev6.erresse-shop.it\/#website"},"primaryImageOfPage":{"@id":"https:\/\/dev6.erresse-shop.it\/fr\/shop\/poeles-pots\/grils-a-steak\/le-creuset-plaque-de-gril-rectangulaire-bbq-outdoor-en-fonte-40-cm-noir\/#primaryimage"},"image":{"@id":"https:\/\/dev6.erresse-shop.it\/fr\/shop\/poeles-pots\/grils-a-steak\/le-creuset-plaque-de-gril-rectangulaire-bbq-outdoor-en-fonte-40-cm-noir\/#primaryimage"},"thumbnailUrl":"https:\/\/i3.wp.com\/interpim.erresse-shop.it\/Import\/Prodotti\/le-creuset-piastra-quadrata-bbq-outdoor-in-ghisa-40-cm-nero.jpg?ssl=1","datePublished":"2026-04-12T11:42:00+00:00","description":"Allez au-del\u00e0 de la cuisine avec la plaque de cuisson rectangulaire pour barbecue\u00a0: id\u00e9ale pour cuire des cr\u00eapes, faire frire des \u0153ufs et du bacon, et","breadcrumb":{"@id":"https:\/\/dev6.erresse-shop.it\/fr\/shop\/poeles-pots\/grils-a-steak\/le-creuset-plaque-de-gril-rectangulaire-bbq-outdoor-en-fonte-40-cm-noir\/#breadcrumb"},"inLanguage":"fr-FR","potentialAction":[{"@type":"ReadAction","target":["https:\/\/dev6.erresse-shop.it\/fr\/shop\/poeles-pots\/grils-a-steak\/le-creuset-plaque-de-gril-rectangulaire-bbq-outdoor-en-fonte-40-cm-noir\/"]}]},{"@type":"ImageObject","inLanguage":"fr-FR","@id":"https:\/\/dev6.erresse-shop.it\/fr\/shop\/poeles-pots\/grils-a-steak\/le-creuset-plaque-de-gril-rectangulaire-bbq-outdoor-en-fonte-40-cm-noir\/#primaryimage","url":"https:\/\/i3.wp.com\/interpim.erresse-shop.it\/Import\/Prodotti\/le-creuset-piastra-quadrata-bbq-outdoor-in-ghisa-40-cm-nero.jpg?ssl=1","contentUrl":"https:\/\/i3.wp.com\/interpim.erresse-shop.it\/Import\/Prodotti\/le-creuset-piastra-quadrata-bbq-outdoor-in-ghisa-40-cm-nero.jpg?ssl=1"},{"@type":"BreadcrumbList","@id":"https:\/\/dev6.erresse-shop.it\/fr\/shop\/poeles-pots\/grils-a-steak\/le-creuset-plaque-de-gril-rectangulaire-bbq-outdoor-en-fonte-40-cm-noir\/#breadcrumb","itemListElement":[{"@type":"ListItem","position":1,"name":"Home","item":"https:\/\/dev6.erresse-shop.it\/"},{"@type":"ListItem","position":2,"name":"Boutique","item":"https:\/\/dev6.erresse-shop.it\/shop\/"},{"@type":"ListItem","position":3,"name":"LE CREUSET Plaque de gril rectangulaire BBQ Outdoor en fonte 40 cm Noir"}]},{"@type":"WebSite","@id":"https:\/\/dev6.erresse-shop.it\/#website","url":"https:\/\/dev6.erresse-shop.it\/","name":"Erresse Shop","description":"","publisher":{"@id":"https:\/\/dev6.erresse-shop.it\/#organization"},"potentialAction":[{"@type":"SearchAction","target":{"@type":"EntryPoint","urlTemplate":"https:\/\/dev6.erresse-shop.it\/?s={search_term_string}"},"query-input":{"@type":"PropertyValueSpecification","valueRequired":true,"valueName":"search_term_string"}}],"inLanguage":"fr-FR"},{"@type":"Organization","@id":"https:\/\/dev6.erresse-shop.it\/#organization","name":"Erresse Shop","url":"https:\/\/dev6.erresse-shop.it\/","logo":{"@type":"ImageObject","inLanguage":"fr-FR","@id":"https:\/\/dev6.erresse-shop.it\/#\/schema\/logo\/image\/","url":"https:\/\/dev6.erresse-shop.it\/wp-content\/uploads\/2025\/01\/LOGO-ERRESSE-CLASSICO.svg","contentUrl":"https:\/\/dev6.erresse-shop.it\/wp-content\/uploads\/2025\/01\/LOGO-ERRESSE-CLASSICO.svg","caption":"Erresse Shop"},"image":{"@id":"https:\/\/dev6.erresse-shop.it\/#\/schema\/logo\/image\/"}}]}},"df_price":159.95,"df_sale_price":159.95,"df_regular_price":219,"df_image_link":"https:\/\/i3.wp.com\/interpim.erresse-shop.it\/Import\/Prodotti\/le-creuset-piastra-quadrata-bbq-outdoor-in-ghisa-40-cm-nero.jpg?resize=300,300&ssl=1","fifu_image_url":"https:\/\/interpim.erresse-shop.it\/Import\/Prodotti\/le-creuset-piastra-quadrata-bbq-outdoor-in-ghisa-40-cm-nero.jpg","_links":{"self":[{"href":"https:\/\/dev6.erresse-shop.it\/fr\/wp-json\/wp\/v2\/product\/1610247","targetHints":{"allow":["GET"]}}],"collection":[{"href":"https:\/\/dev6.erresse-shop.it\/fr\/wp-json\/wp\/v2\/product"}],"about":[{"href":"https:\/\/dev6.erresse-shop.it\/fr\/wp-json\/wp\/v2\/types\/product"}],"wp:featuredmedia":[{"embeddable":true,"href":"https:\/\/dev6.erresse-shop.it\/fr\/wp-json\/wp\/v2\/media\/6377945"}],"wp:attachment":[{"href":"https:\/\/dev6.erresse-shop.it\/fr\/wp-json\/wp\/v2\/media?parent=1610247"}],"wp:term":[{"taxonomy":"product_cat","embeddable":true,"href":"https:\/\/dev6.erresse-shop.it\/fr\/wp-json\/wp\/v2\/product_cat?post=1610247"},{"taxonomy":"product_tag","embeddable":true,"href":"https:\/\/dev6.erresse-shop.it\/fr\/wp-json\/wp\/v2\/product_tag?post=1610247"}],"curies":[{"name":"wp","href":"https:\/\/api.w.org\/{rel}","templated":true}]}}