{"id":1610243,"date":"2026-04-12T13:42:00","date_gmt":"2026-04-12T11:42:00","guid":{"rendered":"https:\/\/dev6.erresse-shop.it\/shop\/non%20class\u00e9\/le-creuset-amour-cocotte-coeur-20-cm-sea-salt\/"},"modified":"2025-09-14T06:49:42","modified_gmt":"2025-09-14T04:49:42","slug":"le-creuset-amour-cocotte-coeur-20-cm-sea-salt","status":"publish","type":"product","link":"https:\/\/dev6.erresse-shop.it\/fr\/shop\/poeles-pots\/casseroles\/le-creuset-amour-cocotte-coeur-20-cm-sea-salt\/","title":{"rendered":"LE CREUSET Amour Cocotte C\u0153ur 20 cm Sea Salt"},"content":{"rendered":"<p>Fabriqu\u00e9e avec amour, cette pi\u00e8ce embl\u00e9matique est une id\u00e9e cadeau id\u00e9ale pour la f\u00eate des M\u00e8res, la Saint-Valentin, un anniversaire ou un mariage. Sa jolie forme de c\u0153ur la distingue des autres casseroles et po\u00eales de la collection en fonte \u00e9maill\u00e9e, mais sa fonctionnalit\u00e9 reste la m\u00eame. La fonte \u00e9maill\u00e9e chauffe uniform\u00e9ment pour des saveurs all\u00e9chantes et garde les aliments au chaud plus longtemps lorsqu\u2019ils sont servis \u00e0 table. Elle est parfaite pour les rago\u00fbts, les r\u00f4tis, les soupes et les g\u00e2teaux en forme de c\u0153ur. De plus, son joli bouton en forme de c\u0153ur r\u00e9sistant \u00e0 la chaleur ajoute une touche d\u2019\u00e9l\u00e9gance suppl\u00e9mentaire.<\/p>\n<p>D\u00e9tails du produit\u00a0:<\/p>\n<p>Notre bouton r\u00e9sistant \u00e0 la chaleur (jusqu\u2019\u00e0 260 \u00b0C) est con\u00e7u pour offrir une excellente prise en main, m\u00eame avec une manique.<br \/>\nNettoyage rapide\u00a0: une fine couche d\u2019\u00e9mail interne facilite le nettoyage.<br \/>\nPolyvalence\u00a0: Ce produit convient au four, \u00e0 la cuisini\u00e8re, \u00e0 l\u2019induction et au gril.<br \/>\nExcellentes saveurs\u00a0: La fonte \u00e9maill\u00e9e retient la chaleur pour une cuisson et un brunissement uniformes. Vos d\u00e9licieuses cr\u00e9ations resteront chaudes plus longtemps, m\u00eame \u00e0 table.<br \/>\nRetient l\u2019humidit\u00e9\u00a0: Notre couvercle retient la vapeur g\u00e9n\u00e9r\u00e9e par la cuisson des aliments et sublime les saveurs, pour des r\u00e9sultats de cuisson exceptionnels.<br \/>\nPrise en main facile\u00a0: Les poign\u00e9es \u00e9l\u00e9gantes et confortables vous permettent de soulever le produit en toute s\u00e9curit\u00e9.<br \/>\nPas trop chaud\u00a0: Cuisez \u00e0 feu constant, de doux \u00e0 moyen, pour prendre soin de votre produit en fonte et obtenir des r\u00e9sultats d\u00e9licieux.<br \/>\nLe meilleur de sa cat\u00e9gorie\u00a0: Nos produits sont fabriqu\u00e9s avec des mat\u00e9riaux de la plus haute qualit\u00e9 pour garantir une qualit\u00e9 optimale.<\/p>\n<p>Mat\u00e9riau\u00a0: Fonte<br \/>\nFabriqu\u00e9 en\u00a0: France<br \/>\nGarantie\u00a0: \u00c0 vie<\/p>\n<p>Source de chaleur\u00a0:<\/p>\n<p>Four<br \/>\nMode gril<br \/>\nPlaque de cuisson \u00e9lectrique<br \/>\nVerre Vitroc\u00e9ramique<br \/>\nPlaque de cuisson \u00e0 gaz<br \/>\nPlaque de cuisson \u00e0 induction<\/p>\n<p>Nettoyage et entretien\u00a0:<\/p>\n<p>Attendez que le produit refroidisse avant de commencer le nettoyage.<br \/>\nNettoyez les r\u00e9sidus alimentaires sur la base et les parois du produit. En cas de r\u00e9sidus alimentaires, remplissez le produit d\u2019eau chaude savonneuse et laissez-le tremper 15 \u00e0 20 minutes avant de le laver comme d\u2019habitude.<br \/>\nN\u2019utilisez pas de nettoyants abrasifs, ni d\u2019\u00e9ponges ou de brosses m\u00e9talliques, abrasives ou tr\u00e8s dures sur les surfaces.<br \/>\nS\u00e9chez soigneusement apr\u00e8s le lavage et rangez-le dans un endroit sec.<\/p>\n","protected":false},"excerpt":{"rendered":"<p>Fabriqu\u00e9e avec amour, cette pi\u00e8ce embl\u00e9matique est une id\u00e9e cadeau id\u00e9ale pour la f\u00eate des M\u00e8res, la Saint-Valentin, un anniversaire ou un mariage. Sa jolie forme de c\u0153ur la distingue des autres casseroles et po\u00eales de la collection en fonte \u00e9maill\u00e9e, mais sa fonctionnalit\u00e9 reste la m\u00eame. La fonte \u00e9maill\u00e9e chauffe uniform\u00e9ment pour des saveurs [&hellip;]<\/p>\n","protected":false},"featured_media":6377919,"template":"","meta":{"_acf_changed":false},"product_cat":[12001,11991],"product_tag":[],"class_list":{"0":"post-1610243","1":"product","2":"type-product","3":"status-publish","4":"has-post-thumbnail","6":"product_cat-casseroles","7":"product_cat-poeles-pots","9":"first","10":"instock","11":"sale","12":"taxable","13":"shipping-taxable","14":"purchasable","15":"product-type-simple","swatches":"rey-swatches","show_selected":"","stretch_labels":"rey-swatches--stretch-labels"},"acf":[],"yoast_head":"<!-- This site is optimized with the Yoast SEO plugin v25.4 - https:\/\/yoast.com\/wordpress\/plugins\/seo\/ -->\n<title>LE CREUSET Amour Cocotte C\u0153ur 20 cm Sea Salt - dev6 Erresse<\/title>\n<meta name=\"description\" content=\"Fabriqu\u00e9e avec amour, cette pi\u00e8ce embl\u00e9matique est une id\u00e9e cadeau id\u00e9ale pour la f\u00eate des M\u00e8res, la Saint-Valentin, un anniversaire ou un mariage. Sa\" \/>\n<meta name=\"robots\" content=\"noindex, follow, max-snippet:-1, max-image-preview:large, max-video-preview:-1\" \/>\n<meta property=\"og:locale\" content=\"fr_FR\" \/>\n<meta property=\"og:type\" content=\"article\" \/>\n<meta property=\"og:title\" content=\"LE CREUSET Amour Cocotte C\u0153ur 20 cm Sea Salt - dev6 Erresse\" \/>\n<meta property=\"og:description\" content=\"Fabriqu\u00e9e avec amour, cette pi\u00e8ce embl\u00e9matique est une id\u00e9e cadeau id\u00e9ale pour la f\u00eate des M\u00e8res, la Saint-Valentin, un anniversaire ou un mariage. Sa\" \/>\n<meta property=\"og:url\" content=\"https:\/\/dev6.erresse-shop.it\/fr\/shop\/poeles-pots\/casseroles\/le-creuset-amour-cocotte-coeur-20-cm-sea-salt\/\" \/>\n<meta property=\"og:site_name\" content=\"dev6 Erresse\" \/>\n<meta property=\"og:image\" content=\"https:\/\/interpim.erresse-shop.it\/wp-content\/uploads\/2025\/03\/LE-CREUSET-Amour-Casseruola-Cuore-20-cm-Sea-Salt.jpg\/le-creuset-amour-casseruola-cuore-20-cm-sea-salt.jpg\" \/><meta property=\"og:image\" content=\"https:\/\/interpim.erresse-shop.it\/wp-content\/uploads\/2025\/03\/LE-CREUSET-Amour-Casseruola-Cuore-20-cm-Sea-Salt.jpg\/le-creuset-amour-casseruola-cuore-20-cm-sea-salt.jpg\" \/>\n\t<meta property=\"og:image:width\" content=\"1024\" \/>\n\t<meta property=\"og:image:height\" content=\"1024\" \/>\n\t<meta property=\"og:image:type\" content=\"image\/jpeg\" \/>\n<meta name=\"twitter:card\" content=\"summary_large_image\" \/>\n<meta name=\"twitter:image\" content=\"https:\/\/interpim.erresse-shop.it\/wp-content\/uploads\/2025\/03\/LE-CREUSET-Amour-Casseruola-Cuore-20-cm-Sea-Salt.jpg\/le-creuset-amour-casseruola-cuore-20-cm-sea-salt.jpg\" \/>\n<script type=\"application\/ld+json\" class=\"yoast-schema-graph\">{\"@context\":\"https:\/\/schema.org\",\"@graph\":[{\"@type\":\"WebPage\",\"@id\":\"https:\/\/dev6.erresse-shop.it\/fr\/shop\/poeles-pots\/casseroles\/le-creuset-amour-cocotte-coeur-20-cm-sea-salt\/\",\"url\":\"https:\/\/dev6.erresse-shop.it\/fr\/shop\/poeles-pots\/casseroles\/le-creuset-amour-cocotte-coeur-20-cm-sea-salt\/\",\"name\":\"LE CREUSET Amour Cocotte C\u0153ur 20 cm Sea Salt - dev6 Erresse\",\"isPartOf\":{\"@id\":\"https:\/\/dev6.erresse-shop.it\/#website\"},\"primaryImageOfPage\":{\"@id\":\"https:\/\/dev6.erresse-shop.it\/fr\/shop\/poeles-pots\/casseroles\/le-creuset-amour-cocotte-coeur-20-cm-sea-salt\/#primaryimage\"},\"image\":{\"@id\":\"https:\/\/dev6.erresse-shop.it\/fr\/shop\/poeles-pots\/casseroles\/le-creuset-amour-cocotte-coeur-20-cm-sea-salt\/#primaryimage\"},\"thumbnailUrl\":\"https:\/\/i2.wp.com\/interpim.erresse-shop.it\/wp-content\/uploads\/2025\/03\/LE-CREUSET-Amour-Casseruola-Cuore-20-cm-Sea-Salt.jpg\/le-creuset-amour-casseruola-cuore-20-cm-sea-salt.jpg?ssl=1\",\"datePublished\":\"2026-04-12T11:42:00+00:00\",\"description\":\"Fabriqu\u00e9e avec amour, cette pi\u00e8ce embl\u00e9matique est une id\u00e9e cadeau id\u00e9ale pour la f\u00eate des M\u00e8res, la Saint-Valentin, un anniversaire ou un mariage. Sa\",\"breadcrumb\":{\"@id\":\"https:\/\/dev6.erresse-shop.it\/fr\/shop\/poeles-pots\/casseroles\/le-creuset-amour-cocotte-coeur-20-cm-sea-salt\/#breadcrumb\"},\"inLanguage\":\"fr-FR\",\"potentialAction\":[{\"@type\":\"ReadAction\",\"target\":[\"https:\/\/dev6.erresse-shop.it\/fr\/shop\/poeles-pots\/casseroles\/le-creuset-amour-cocotte-coeur-20-cm-sea-salt\/\"]}]},{\"@type\":\"ImageObject\",\"inLanguage\":\"fr-FR\",\"@id\":\"https:\/\/dev6.erresse-shop.it\/fr\/shop\/poeles-pots\/casseroles\/le-creuset-amour-cocotte-coeur-20-cm-sea-salt\/#primaryimage\",\"url\":\"https:\/\/i2.wp.com\/interpim.erresse-shop.it\/wp-content\/uploads\/2025\/03\/LE-CREUSET-Amour-Casseruola-Cuore-20-cm-Sea-Salt.jpg\/le-creuset-amour-casseruola-cuore-20-cm-sea-salt.jpg?ssl=1\",\"contentUrl\":\"https:\/\/i2.wp.com\/interpim.erresse-shop.it\/wp-content\/uploads\/2025\/03\/LE-CREUSET-Amour-Casseruola-Cuore-20-cm-Sea-Salt.jpg\/le-creuset-amour-casseruola-cuore-20-cm-sea-salt.jpg?ssl=1\"},{\"@type\":\"BreadcrumbList\",\"@id\":\"https:\/\/dev6.erresse-shop.it\/fr\/shop\/poeles-pots\/casseroles\/le-creuset-amour-cocotte-coeur-20-cm-sea-salt\/#breadcrumb\",\"itemListElement\":[{\"@type\":\"ListItem\",\"position\":1,\"name\":\"Home\",\"item\":\"https:\/\/dev6.erresse-shop.it\/\"},{\"@type\":\"ListItem\",\"position\":2,\"name\":\"Boutique\",\"item\":\"https:\/\/dev6.erresse-shop.it\/shop\/\"},{\"@type\":\"ListItem\",\"position\":3,\"name\":\"LE CREUSET Amour Cocotte C\u0153ur 20 cm Sea Salt\"}]},{\"@type\":\"WebSite\",\"@id\":\"https:\/\/dev6.erresse-shop.it\/#website\",\"url\":\"https:\/\/dev6.erresse-shop.it\/\",\"name\":\"Erresse Shop\",\"description\":\"\",\"publisher\":{\"@id\":\"https:\/\/dev6.erresse-shop.it\/#organization\"},\"potentialAction\":[{\"@type\":\"SearchAction\",\"target\":{\"@type\":\"EntryPoint\",\"urlTemplate\":\"https:\/\/dev6.erresse-shop.it\/?s={search_term_string}\"},\"query-input\":{\"@type\":\"PropertyValueSpecification\",\"valueRequired\":true,\"valueName\":\"search_term_string\"}}],\"inLanguage\":\"fr-FR\"},{\"@type\":\"Organization\",\"@id\":\"https:\/\/dev6.erresse-shop.it\/#organization\",\"name\":\"Erresse Shop\",\"url\":\"https:\/\/dev6.erresse-shop.it\/\",\"logo\":{\"@type\":\"ImageObject\",\"inLanguage\":\"fr-FR\",\"@id\":\"https:\/\/dev6.erresse-shop.it\/#\/schema\/logo\/image\/\",\"url\":\"https:\/\/dev6.erresse-shop.it\/wp-content\/uploads\/2025\/01\/LOGO-ERRESSE-CLASSICO.svg\",\"contentUrl\":\"https:\/\/dev6.erresse-shop.it\/wp-content\/uploads\/2025\/01\/LOGO-ERRESSE-CLASSICO.svg\",\"caption\":\"Erresse Shop\"},\"image\":{\"@id\":\"https:\/\/dev6.erresse-shop.it\/#\/schema\/logo\/image\/\"}}]}<\/script>\n<!-- \/ Yoast SEO plugin. -->","yoast_head_json":{"title":"LE CREUSET Amour Cocotte C\u0153ur 20 cm Sea Salt - dev6 Erresse","description":"Fabriqu\u00e9e avec amour, cette pi\u00e8ce embl\u00e9matique est une id\u00e9e cadeau id\u00e9ale pour la f\u00eate des M\u00e8res, la Saint-Valentin, un anniversaire ou un mariage. Sa","robots":{"index":"noindex","follow":"follow","max-snippet":"max-snippet:-1","max-image-preview":"max-image-preview:large","max-video-preview":"max-video-preview:-1"},"og_locale":"fr_FR","og_type":"article","og_title":"LE CREUSET Amour Cocotte C\u0153ur 20 cm Sea Salt - dev6 Erresse","og_description":"Fabriqu\u00e9e avec amour, cette pi\u00e8ce embl\u00e9matique est une id\u00e9e cadeau id\u00e9ale pour la f\u00eate des M\u00e8res, la Saint-Valentin, un anniversaire ou un mariage. Sa","og_url":"https:\/\/dev6.erresse-shop.it\/fr\/shop\/poeles-pots\/casseroles\/le-creuset-amour-cocotte-coeur-20-cm-sea-salt\/","og_site_name":"dev6 Erresse","og_image":[{"url":"https:\/\/interpim.erresse-shop.it\/wp-content\/uploads\/2025\/03\/LE-CREUSET-Amour-Casseruola-Cuore-20-cm-Sea-Salt.jpg\/le-creuset-amour-casseruola-cuore-20-cm-sea-salt.jpg","type":"","width":"","height":""},{"url":"https:\/\/interpim.erresse-shop.it\/wp-content\/uploads\/2025\/03\/LE-CREUSET-Amour-Casseruola-Cuore-20-cm-Sea-Salt.jpg\/le-creuset-amour-casseruola-cuore-20-cm-sea-salt.jpg","width":1024,"height":1024,"type":"image\/jpeg"}],"twitter_card":"summary_large_image","twitter_image":"https:\/\/interpim.erresse-shop.it\/wp-content\/uploads\/2025\/03\/LE-CREUSET-Amour-Casseruola-Cuore-20-cm-Sea-Salt.jpg\/le-creuset-amour-casseruola-cuore-20-cm-sea-salt.jpg","schema":{"@context":"https:\/\/schema.org","@graph":[{"@type":"WebPage","@id":"https:\/\/dev6.erresse-shop.it\/fr\/shop\/poeles-pots\/casseroles\/le-creuset-amour-cocotte-coeur-20-cm-sea-salt\/","url":"https:\/\/dev6.erresse-shop.it\/fr\/shop\/poeles-pots\/casseroles\/le-creuset-amour-cocotte-coeur-20-cm-sea-salt\/","name":"LE CREUSET Amour Cocotte C\u0153ur 20 cm Sea Salt - dev6 Erresse","isPartOf":{"@id":"https:\/\/dev6.erresse-shop.it\/#website"},"primaryImageOfPage":{"@id":"https:\/\/dev6.erresse-shop.it\/fr\/shop\/poeles-pots\/casseroles\/le-creuset-amour-cocotte-coeur-20-cm-sea-salt\/#primaryimage"},"image":{"@id":"https:\/\/dev6.erresse-shop.it\/fr\/shop\/poeles-pots\/casseroles\/le-creuset-amour-cocotte-coeur-20-cm-sea-salt\/#primaryimage"},"thumbnailUrl":"https:\/\/i2.wp.com\/interpim.erresse-shop.it\/wp-content\/uploads\/2025\/03\/LE-CREUSET-Amour-Casseruola-Cuore-20-cm-Sea-Salt.jpg\/le-creuset-amour-casseruola-cuore-20-cm-sea-salt.jpg?ssl=1","datePublished":"2026-04-12T11:42:00+00:00","description":"Fabriqu\u00e9e avec amour, cette pi\u00e8ce embl\u00e9matique est une id\u00e9e cadeau id\u00e9ale pour la f\u00eate des M\u00e8res, la Saint-Valentin, un anniversaire ou un mariage. Sa","breadcrumb":{"@id":"https:\/\/dev6.erresse-shop.it\/fr\/shop\/poeles-pots\/casseroles\/le-creuset-amour-cocotte-coeur-20-cm-sea-salt\/#breadcrumb"},"inLanguage":"fr-FR","potentialAction":[{"@type":"ReadAction","target":["https:\/\/dev6.erresse-shop.it\/fr\/shop\/poeles-pots\/casseroles\/le-creuset-amour-cocotte-coeur-20-cm-sea-salt\/"]}]},{"@type":"ImageObject","inLanguage":"fr-FR","@id":"https:\/\/dev6.erresse-shop.it\/fr\/shop\/poeles-pots\/casseroles\/le-creuset-amour-cocotte-coeur-20-cm-sea-salt\/#primaryimage","url":"https:\/\/i2.wp.com\/interpim.erresse-shop.it\/wp-content\/uploads\/2025\/03\/LE-CREUSET-Amour-Casseruola-Cuore-20-cm-Sea-Salt.jpg\/le-creuset-amour-casseruola-cuore-20-cm-sea-salt.jpg?ssl=1","contentUrl":"https:\/\/i2.wp.com\/interpim.erresse-shop.it\/wp-content\/uploads\/2025\/03\/LE-CREUSET-Amour-Casseruola-Cuore-20-cm-Sea-Salt.jpg\/le-creuset-amour-casseruola-cuore-20-cm-sea-salt.jpg?ssl=1"},{"@type":"BreadcrumbList","@id":"https:\/\/dev6.erresse-shop.it\/fr\/shop\/poeles-pots\/casseroles\/le-creuset-amour-cocotte-coeur-20-cm-sea-salt\/#breadcrumb","itemListElement":[{"@type":"ListItem","position":1,"name":"Home","item":"https:\/\/dev6.erresse-shop.it\/"},{"@type":"ListItem","position":2,"name":"Boutique","item":"https:\/\/dev6.erresse-shop.it\/shop\/"},{"@type":"ListItem","position":3,"name":"LE CREUSET Amour Cocotte C\u0153ur 20 cm Sea Salt"}]},{"@type":"WebSite","@id":"https:\/\/dev6.erresse-shop.it\/#website","url":"https:\/\/dev6.erresse-shop.it\/","name":"Erresse Shop","description":"","publisher":{"@id":"https:\/\/dev6.erresse-shop.it\/#organization"},"potentialAction":[{"@type":"SearchAction","target":{"@type":"EntryPoint","urlTemplate":"https:\/\/dev6.erresse-shop.it\/?s={search_term_string}"},"query-input":{"@type":"PropertyValueSpecification","valueRequired":true,"valueName":"search_term_string"}}],"inLanguage":"fr-FR"},{"@type":"Organization","@id":"https:\/\/dev6.erresse-shop.it\/#organization","name":"Erresse Shop","url":"https:\/\/dev6.erresse-shop.it\/","logo":{"@type":"ImageObject","inLanguage":"fr-FR","@id":"https:\/\/dev6.erresse-shop.it\/#\/schema\/logo\/image\/","url":"https:\/\/dev6.erresse-shop.it\/wp-content\/uploads\/2025\/01\/LOGO-ERRESSE-CLASSICO.svg","contentUrl":"https:\/\/dev6.erresse-shop.it\/wp-content\/uploads\/2025\/01\/LOGO-ERRESSE-CLASSICO.svg","caption":"Erresse Shop"},"image":{"@id":"https:\/\/dev6.erresse-shop.it\/#\/schema\/logo\/image\/"}}]}},"df_price":169.95,"df_sale_price":169.95,"df_regular_price":239,"df_image_link":"https:\/\/i2.wp.com\/interpim.erresse-shop.it\/wp-content\/uploads\/2025\/03\/LE-CREUSET-Amour-Casseruola-Cuore-20-cm-Sea-Salt.jpg\/le-creuset-amour-casseruola-cuore-20-cm-sea-salt.jpg?resize=300,300&ssl=1","fifu_image_url":"https:\/\/interpim.erresse-shop.it\/wp-content\/uploads\/2025\/03\/LE-CREUSET-Amour-Casseruola-Cuore-20-cm-Sea-Salt.jpg\/le-creuset-amour-casseruola-cuore-20-cm-sea-salt.jpg","_links":{"self":[{"href":"https:\/\/dev6.erresse-shop.it\/fr\/wp-json\/wp\/v2\/product\/1610243","targetHints":{"allow":["GET"]}}],"collection":[{"href":"https:\/\/dev6.erresse-shop.it\/fr\/wp-json\/wp\/v2\/product"}],"about":[{"href":"https:\/\/dev6.erresse-shop.it\/fr\/wp-json\/wp\/v2\/types\/product"}],"wp:featuredmedia":[{"embeddable":true,"href":"https:\/\/dev6.erresse-shop.it\/fr\/wp-json\/wp\/v2\/media\/6377919"}],"wp:attachment":[{"href":"https:\/\/dev6.erresse-shop.it\/fr\/wp-json\/wp\/v2\/media?parent=1610243"}],"wp:term":[{"taxonomy":"product_cat","embeddable":true,"href":"https:\/\/dev6.erresse-shop.it\/fr\/wp-json\/wp\/v2\/product_cat?post=1610243"},{"taxonomy":"product_tag","embeddable":true,"href":"https:\/\/dev6.erresse-shop.it\/fr\/wp-json\/wp\/v2\/product_tag?post=1610243"}],"curies":[{"name":"wp","href":"https:\/\/api.w.org\/{rel}","templated":true}]}}