{"id":1610217,"date":"2026-04-12T13:39:33","date_gmt":"2026-04-12T11:39:33","guid":{"rendered":"https:\/\/dev6.erresse-shop.it\/shop\/non%20class\u00e9\/le-creuset-cocotte-oval-evolution-en-fonte-emaillee-27-cm-sea-salt\/"},"modified":"2025-09-14T06:48:39","modified_gmt":"2025-09-14T04:48:39","slug":"le-creuset-cocotte-oval-evolution-en-fonte-emaillee-27-cm-sea-salt","status":"publish","type":"product","link":"https:\/\/dev6.erresse-shop.it\/fr\/shop\/poeles-pots\/marmites-et-cocottes-poeles-pots\/le-creuset-cocotte-oval-evolution-en-fonte-emaillee-27-cm-sea-salt\/","title":{"rendered":"LE CREUSET Cocotte Oval Evolution en Fonte \u00e9maill\u00e9e 27 cm Sea Salt"},"content":{"rendered":"<p>TOUS \u00c0 TABLE\u00a0!<\/p>\n<p>Aussi polyvalente que le mod\u00e8le rond classique, cette cocotte ovale peut accueillir un gigot d\u2019agneau entier sans occuper tout le four, vous aurez donc \u00e9galement de la place pour les accompagnements. O\u00f9 que vous m\u00e8ne votre inspiration culinaire, vous avez trouv\u00e9 le compagnon id\u00e9al pour un voyage enivrant de go\u00fbts et d\u2019ar\u00f4mes.<\/p>\n<p style=\"text-align: justify;\">D\u00e9tails du produit\u00a0:<\/p>\n<p>Notre bouton r\u00e9sistant \u00e0 la chaleur (jusqu\u2019\u00e0 260\u00b0C) est con\u00e7u pour une excellente prise en main, m\u00eame en utilisant une manique pour soulever le couvercle.<br \/>\nNettoyage rapide : une fine couche \u00e9maill\u00e9e interne facilite le nettoyage.<br \/>\nPoign\u00e9es de r\u00eave : Gr\u00e2ce \u00e0 nos grandes poign\u00e9es, vous pouvez facilement passer de la plaque de cuisson \u00e0 la table, m\u00eame en utilisant des gants de cuisine.<br \/>\nPolyvalence : Ce produit convient au four, \u00e0 la cuisini\u00e8re et au four en mode grill.<br \/>\nDes plats savoureux : la fonte \u00e9maill\u00e9e retient la chaleur pour une cuisson et un brunissement uniformes. Vos d\u00e9licieuses cr\u00e9ations resteront \u00e9galement chaudes plus longtemps \u00e0 table.<br \/>\nPr\u00e9serve la jutosit\u00e9 : notre couvercle retient la vapeur g\u00e9n\u00e9r\u00e9e par la cuisson des aliments et rehausse les saveurs, pour des r\u00e9sultats de cuisson extraordinaires.<br \/>\nFacile \u00e0 saisir : les poign\u00e9es \u00e9l\u00e9gantes et confortables vous permettent de soulever le produit en toute s\u00e9curit\u00e9.<br \/>\nUn arc-en-ciel de couleurs : Disponible dans un large choix de couleurs, notre gamme ajoutera une touche de couleur \u00e0 votre cuisine.<br \/>\nPas trop chaud : faites cuire \u00e0 feu doux \u00e0 moyen constant pour prendre soin de votre produit en fonte et obtenir des r\u00e9sultats d\u00e9licieux.<br \/>\nLe choix vous appartient : disponible en diff\u00e9rentes tailles pour r\u00e9pondre aux besoins de votre cuisine.<br \/>\nLe meilleur de sa cat\u00e9gorie\u00a0: nos produits sont fabriqu\u00e9s \u00e0 partir des meilleurs mat\u00e9riaux dans des usines du monde entier pour offrir la qualit\u00e9 que vous attendez de Le Creuset.<\/p>\n<p>Mat\u00e9riau : fonte vitrifi\u00e9e<br \/>\nFabriqu\u00e9 en: France<br \/>\nGarantie : \u00c0 vie<\/p>\n<p>Capacit\u00e9 : 4,1 L<\/p>\n<p>Source de chaleur\u00a0:<\/p>\n<p>Four<br \/>\nFour en mode gril<br \/>\nPlaque de cuisson \u00e9lectrique<br \/>\nC\u00e9ramique en verre<br \/>\nPlan gaz<br \/>\nPlaque \u00e0 induction<\/p>\n<p>Nettoyage et entretien\u00a0:<\/p>\n<p>Attendez que le produit refroidisse avant de commencer \u00e0 le nettoyer.<br \/>\nNettoyez tous les d\u00e9bris de la base et des c\u00f4t\u00e9s du produit. S\u2019il y a des aliments coll\u00e9s, remplissez le produit d\u2019eau chaude savonneuse et laissez-le tremper pendant 15 \u00e0 20 minutes avant de le laver comme d\u2019habitude.<br \/>\nN\u2019utilisez pas de nettoyants abrasifs ni d\u2019\u00e9ponges ou de brosses m\u00e9talliques, abrasives ou tr\u00e8s dures sur aucune des surfaces.<br \/>\nS\u00e9chez soigneusement apr\u00e8s le lavage et rangez-le dans un endroit sec.<\/p>\n","protected":false},"excerpt":{"rendered":"<p>TOUS \u00c0 TABLE\u00a0! Aussi polyvalente que le mod\u00e8le rond classique, cette cocotte ovale peut accueillir un gigot d\u2019agneau entier sans occuper tout le four, vous aurez donc \u00e9galement de la place pour les accompagnements. O\u00f9 que vous m\u00e8ne votre inspiration culinaire, vous avez trouv\u00e9 le compagnon id\u00e9al pour un voyage enivrant de go\u00fbts et d\u2019ar\u00f4mes. [&hellip;]<\/p>\n","protected":false},"featured_media":6377750,"template":"","meta":{"_acf_changed":false},"product_cat":[12000,11991],"product_tag":[],"class_list":{"0":"post-1610217","1":"product","2":"type-product","3":"status-publish","4":"has-post-thumbnail","6":"product_cat-marmites-et-cocottes-poeles-pots","7":"product_cat-poeles-pots","9":"first","10":"instock","11":"sale","12":"taxable","13":"shipping-taxable","14":"purchasable","15":"product-type-simple","swatches":"rey-swatches","show_selected":"","stretch_labels":"rey-swatches--stretch-labels"},"acf":[],"yoast_head":"<!-- This site is optimized with the Yoast SEO plugin v25.4 - https:\/\/yoast.com\/wordpress\/plugins\/seo\/ -->\n<title>LE CREUSET Cocotte Oval Evolution en Fonte \u00e9maill\u00e9e 27 cm Sea Salt - dev6 Erresse<\/title>\n<meta name=\"description\" content=\"TOUS \u00c0 TABLE\u00a0! Aussi polyvalente que le mod\u00e8le rond classique, cette cocotte ovale peut accueillir un gigot d\u2019agneau entier sans occuper tout le four,\" \/>\n<meta name=\"robots\" content=\"noindex, follow, max-snippet:-1, max-image-preview:large, max-video-preview:-1\" \/>\n<meta property=\"og:locale\" content=\"fr_FR\" \/>\n<meta property=\"og:type\" content=\"article\" \/>\n<meta property=\"og:title\" content=\"LE CREUSET Cocotte Oval Evolution en Fonte \u00e9maill\u00e9e 27 cm Sea Salt - dev6 Erresse\" \/>\n<meta property=\"og:description\" content=\"TOUS \u00c0 TABLE\u00a0! Aussi polyvalente que le mod\u00e8le rond classique, cette cocotte ovale peut accueillir un gigot d\u2019agneau entier sans occuper tout le four,\" \/>\n<meta property=\"og:url\" content=\"https:\/\/dev6.erresse-shop.it\/fr\/shop\/poeles-pots\/marmites-et-cocottes-poeles-pots\/le-creuset-cocotte-oval-evolution-en-fonte-emaillee-27-cm-sea-salt\/\" \/>\n<meta property=\"og:site_name\" content=\"dev6 Erresse\" \/>\n<meta property=\"og:image\" content=\"https:\/\/interpim.erresse-shop.it\/wp-content\/uploads\/2025\/03\/LE-CREUSET-Cocotte-Ovale-Evolution-in-Ghisa-27-cm-Sea-Salt.jpg\/le-creuset-cocotte-ovale-evolution-in-ghisa-27-cm-sea-salt.jpg\" \/><meta property=\"og:image\" content=\"https:\/\/interpim.erresse-shop.it\/wp-content\/uploads\/2025\/03\/LE-CREUSET-Cocotte-Ovale-Evolution-in-Ghisa-27-cm-Sea-Salt.jpg\/le-creuset-cocotte-ovale-evolution-in-ghisa-27-cm-sea-salt.jpg\" \/>\n\t<meta property=\"og:image:width\" content=\"1024\" \/>\n\t<meta property=\"og:image:height\" content=\"1024\" \/>\n\t<meta property=\"og:image:type\" content=\"image\/jpeg\" \/>\n<meta name=\"twitter:card\" content=\"summary_large_image\" \/>\n<meta name=\"twitter:image\" content=\"https:\/\/interpim.erresse-shop.it\/wp-content\/uploads\/2025\/03\/LE-CREUSET-Cocotte-Ovale-Evolution-in-Ghisa-27-cm-Sea-Salt.jpg\/le-creuset-cocotte-ovale-evolution-in-ghisa-27-cm-sea-salt.jpg\" \/>\n<script type=\"application\/ld+json\" class=\"yoast-schema-graph\">{\"@context\":\"https:\/\/schema.org\",\"@graph\":[{\"@type\":\"WebPage\",\"@id\":\"https:\/\/dev6.erresse-shop.it\/fr\/shop\/poeles-pots\/marmites-et-cocottes-poeles-pots\/le-creuset-cocotte-oval-evolution-en-fonte-emaillee-27-cm-sea-salt\/\",\"url\":\"https:\/\/dev6.erresse-shop.it\/fr\/shop\/poeles-pots\/marmites-et-cocottes-poeles-pots\/le-creuset-cocotte-oval-evolution-en-fonte-emaillee-27-cm-sea-salt\/\",\"name\":\"LE CREUSET Cocotte Oval Evolution en Fonte \u00e9maill\u00e9e 27 cm Sea Salt - dev6 Erresse\",\"isPartOf\":{\"@id\":\"https:\/\/dev6.erresse-shop.it\/#website\"},\"primaryImageOfPage\":{\"@id\":\"https:\/\/dev6.erresse-shop.it\/fr\/shop\/poeles-pots\/marmites-et-cocottes-poeles-pots\/le-creuset-cocotte-oval-evolution-en-fonte-emaillee-27-cm-sea-salt\/#primaryimage\"},\"image\":{\"@id\":\"https:\/\/dev6.erresse-shop.it\/fr\/shop\/poeles-pots\/marmites-et-cocottes-poeles-pots\/le-creuset-cocotte-oval-evolution-en-fonte-emaillee-27-cm-sea-salt\/#primaryimage\"},\"thumbnailUrl\":\"https:\/\/i0.wp.com\/interpim.erresse-shop.it\/wp-content\/uploads\/2025\/03\/LE-CREUSET-Cocotte-Ovale-Evolution-in-Ghisa-27-cm-Sea-Salt.jpg\/le-creuset-cocotte-ovale-evolution-in-ghisa-27-cm-sea-salt.jpg?ssl=1\",\"datePublished\":\"2026-04-12T11:39:33+00:00\",\"description\":\"TOUS \u00c0 TABLE\u00a0! Aussi polyvalente que le mod\u00e8le rond classique, cette cocotte ovale peut accueillir un gigot d\u2019agneau entier sans occuper tout le four,\",\"breadcrumb\":{\"@id\":\"https:\/\/dev6.erresse-shop.it\/fr\/shop\/poeles-pots\/marmites-et-cocottes-poeles-pots\/le-creuset-cocotte-oval-evolution-en-fonte-emaillee-27-cm-sea-salt\/#breadcrumb\"},\"inLanguage\":\"fr-FR\",\"potentialAction\":[{\"@type\":\"ReadAction\",\"target\":[\"https:\/\/dev6.erresse-shop.it\/fr\/shop\/poeles-pots\/marmites-et-cocottes-poeles-pots\/le-creuset-cocotte-oval-evolution-en-fonte-emaillee-27-cm-sea-salt\/\"]}]},{\"@type\":\"ImageObject\",\"inLanguage\":\"fr-FR\",\"@id\":\"https:\/\/dev6.erresse-shop.it\/fr\/shop\/poeles-pots\/marmites-et-cocottes-poeles-pots\/le-creuset-cocotte-oval-evolution-en-fonte-emaillee-27-cm-sea-salt\/#primaryimage\",\"url\":\"https:\/\/i0.wp.com\/interpim.erresse-shop.it\/wp-content\/uploads\/2025\/03\/LE-CREUSET-Cocotte-Ovale-Evolution-in-Ghisa-27-cm-Sea-Salt.jpg\/le-creuset-cocotte-ovale-evolution-in-ghisa-27-cm-sea-salt.jpg?ssl=1\",\"contentUrl\":\"https:\/\/i0.wp.com\/interpim.erresse-shop.it\/wp-content\/uploads\/2025\/03\/LE-CREUSET-Cocotte-Ovale-Evolution-in-Ghisa-27-cm-Sea-Salt.jpg\/le-creuset-cocotte-ovale-evolution-in-ghisa-27-cm-sea-salt.jpg?ssl=1\"},{\"@type\":\"BreadcrumbList\",\"@id\":\"https:\/\/dev6.erresse-shop.it\/fr\/shop\/poeles-pots\/marmites-et-cocottes-poeles-pots\/le-creuset-cocotte-oval-evolution-en-fonte-emaillee-27-cm-sea-salt\/#breadcrumb\",\"itemListElement\":[{\"@type\":\"ListItem\",\"position\":1,\"name\":\"Home\",\"item\":\"https:\/\/dev6.erresse-shop.it\/\"},{\"@type\":\"ListItem\",\"position\":2,\"name\":\"Boutique\",\"item\":\"https:\/\/dev6.erresse-shop.it\/shop\/\"},{\"@type\":\"ListItem\",\"position\":3,\"name\":\"LE CREUSET Cocotte Oval Evolution en Fonte \u00e9maill\u00e9e 27 cm Sea Salt\"}]},{\"@type\":\"WebSite\",\"@id\":\"https:\/\/dev6.erresse-shop.it\/#website\",\"url\":\"https:\/\/dev6.erresse-shop.it\/\",\"name\":\"Erresse Shop\",\"description\":\"\",\"publisher\":{\"@id\":\"https:\/\/dev6.erresse-shop.it\/#organization\"},\"potentialAction\":[{\"@type\":\"SearchAction\",\"target\":{\"@type\":\"EntryPoint\",\"urlTemplate\":\"https:\/\/dev6.erresse-shop.it\/?s={search_term_string}\"},\"query-input\":{\"@type\":\"PropertyValueSpecification\",\"valueRequired\":true,\"valueName\":\"search_term_string\"}}],\"inLanguage\":\"fr-FR\"},{\"@type\":\"Organization\",\"@id\":\"https:\/\/dev6.erresse-shop.it\/#organization\",\"name\":\"Erresse Shop\",\"url\":\"https:\/\/dev6.erresse-shop.it\/\",\"logo\":{\"@type\":\"ImageObject\",\"inLanguage\":\"fr-FR\",\"@id\":\"https:\/\/dev6.erresse-shop.it\/#\/schema\/logo\/image\/\",\"url\":\"https:\/\/dev6.erresse-shop.it\/wp-content\/uploads\/2025\/01\/LOGO-ERRESSE-CLASSICO.svg\",\"contentUrl\":\"https:\/\/dev6.erresse-shop.it\/wp-content\/uploads\/2025\/01\/LOGO-ERRESSE-CLASSICO.svg\",\"caption\":\"Erresse Shop\"},\"image\":{\"@id\":\"https:\/\/dev6.erresse-shop.it\/#\/schema\/logo\/image\/\"}}]}<\/script>\n<!-- \/ Yoast SEO plugin. -->","yoast_head_json":{"title":"LE CREUSET Cocotte Oval Evolution en Fonte \u00e9maill\u00e9e 27 cm Sea Salt - dev6 Erresse","description":"TOUS \u00c0 TABLE\u00a0! Aussi polyvalente que le mod\u00e8le rond classique, cette cocotte ovale peut accueillir un gigot d\u2019agneau entier sans occuper tout le four,","robots":{"index":"noindex","follow":"follow","max-snippet":"max-snippet:-1","max-image-preview":"max-image-preview:large","max-video-preview":"max-video-preview:-1"},"og_locale":"fr_FR","og_type":"article","og_title":"LE CREUSET Cocotte Oval Evolution en Fonte \u00e9maill\u00e9e 27 cm Sea Salt - dev6 Erresse","og_description":"TOUS \u00c0 TABLE\u00a0! Aussi polyvalente que le mod\u00e8le rond classique, cette cocotte ovale peut accueillir un gigot d\u2019agneau entier sans occuper tout le four,","og_url":"https:\/\/dev6.erresse-shop.it\/fr\/shop\/poeles-pots\/marmites-et-cocottes-poeles-pots\/le-creuset-cocotte-oval-evolution-en-fonte-emaillee-27-cm-sea-salt\/","og_site_name":"dev6 Erresse","og_image":[{"url":"https:\/\/interpim.erresse-shop.it\/wp-content\/uploads\/2025\/03\/LE-CREUSET-Cocotte-Ovale-Evolution-in-Ghisa-27-cm-Sea-Salt.jpg\/le-creuset-cocotte-ovale-evolution-in-ghisa-27-cm-sea-salt.jpg","type":"","width":"","height":""},{"url":"https:\/\/interpim.erresse-shop.it\/wp-content\/uploads\/2025\/03\/LE-CREUSET-Cocotte-Ovale-Evolution-in-Ghisa-27-cm-Sea-Salt.jpg\/le-creuset-cocotte-ovale-evolution-in-ghisa-27-cm-sea-salt.jpg","width":1024,"height":1024,"type":"image\/jpeg"}],"twitter_card":"summary_large_image","twitter_image":"https:\/\/interpim.erresse-shop.it\/wp-content\/uploads\/2025\/03\/LE-CREUSET-Cocotte-Ovale-Evolution-in-Ghisa-27-cm-Sea-Salt.jpg\/le-creuset-cocotte-ovale-evolution-in-ghisa-27-cm-sea-salt.jpg","schema":{"@context":"https:\/\/schema.org","@graph":[{"@type":"WebPage","@id":"https:\/\/dev6.erresse-shop.it\/fr\/shop\/poeles-pots\/marmites-et-cocottes-poeles-pots\/le-creuset-cocotte-oval-evolution-en-fonte-emaillee-27-cm-sea-salt\/","url":"https:\/\/dev6.erresse-shop.it\/fr\/shop\/poeles-pots\/marmites-et-cocottes-poeles-pots\/le-creuset-cocotte-oval-evolution-en-fonte-emaillee-27-cm-sea-salt\/","name":"LE CREUSET Cocotte Oval Evolution en Fonte \u00e9maill\u00e9e 27 cm Sea Salt - dev6 Erresse","isPartOf":{"@id":"https:\/\/dev6.erresse-shop.it\/#website"},"primaryImageOfPage":{"@id":"https:\/\/dev6.erresse-shop.it\/fr\/shop\/poeles-pots\/marmites-et-cocottes-poeles-pots\/le-creuset-cocotte-oval-evolution-en-fonte-emaillee-27-cm-sea-salt\/#primaryimage"},"image":{"@id":"https:\/\/dev6.erresse-shop.it\/fr\/shop\/poeles-pots\/marmites-et-cocottes-poeles-pots\/le-creuset-cocotte-oval-evolution-en-fonte-emaillee-27-cm-sea-salt\/#primaryimage"},"thumbnailUrl":"https:\/\/i0.wp.com\/interpim.erresse-shop.it\/wp-content\/uploads\/2025\/03\/LE-CREUSET-Cocotte-Ovale-Evolution-in-Ghisa-27-cm-Sea-Salt.jpg\/le-creuset-cocotte-ovale-evolution-in-ghisa-27-cm-sea-salt.jpg?ssl=1","datePublished":"2026-04-12T11:39:33+00:00","description":"TOUS \u00c0 TABLE\u00a0! Aussi polyvalente que le mod\u00e8le rond classique, cette cocotte ovale peut accueillir un gigot d\u2019agneau entier sans occuper tout le four,","breadcrumb":{"@id":"https:\/\/dev6.erresse-shop.it\/fr\/shop\/poeles-pots\/marmites-et-cocottes-poeles-pots\/le-creuset-cocotte-oval-evolution-en-fonte-emaillee-27-cm-sea-salt\/#breadcrumb"},"inLanguage":"fr-FR","potentialAction":[{"@type":"ReadAction","target":["https:\/\/dev6.erresse-shop.it\/fr\/shop\/poeles-pots\/marmites-et-cocottes-poeles-pots\/le-creuset-cocotte-oval-evolution-en-fonte-emaillee-27-cm-sea-salt\/"]}]},{"@type":"ImageObject","inLanguage":"fr-FR","@id":"https:\/\/dev6.erresse-shop.it\/fr\/shop\/poeles-pots\/marmites-et-cocottes-poeles-pots\/le-creuset-cocotte-oval-evolution-en-fonte-emaillee-27-cm-sea-salt\/#primaryimage","url":"https:\/\/i0.wp.com\/interpim.erresse-shop.it\/wp-content\/uploads\/2025\/03\/LE-CREUSET-Cocotte-Ovale-Evolution-in-Ghisa-27-cm-Sea-Salt.jpg\/le-creuset-cocotte-ovale-evolution-in-ghisa-27-cm-sea-salt.jpg?ssl=1","contentUrl":"https:\/\/i0.wp.com\/interpim.erresse-shop.it\/wp-content\/uploads\/2025\/03\/LE-CREUSET-Cocotte-Ovale-Evolution-in-Ghisa-27-cm-Sea-Salt.jpg\/le-creuset-cocotte-ovale-evolution-in-ghisa-27-cm-sea-salt.jpg?ssl=1"},{"@type":"BreadcrumbList","@id":"https:\/\/dev6.erresse-shop.it\/fr\/shop\/poeles-pots\/marmites-et-cocottes-poeles-pots\/le-creuset-cocotte-oval-evolution-en-fonte-emaillee-27-cm-sea-salt\/#breadcrumb","itemListElement":[{"@type":"ListItem","position":1,"name":"Home","item":"https:\/\/dev6.erresse-shop.it\/"},{"@type":"ListItem","position":2,"name":"Boutique","item":"https:\/\/dev6.erresse-shop.it\/shop\/"},{"@type":"ListItem","position":3,"name":"LE CREUSET Cocotte Oval Evolution en Fonte \u00e9maill\u00e9e 27 cm Sea Salt"}]},{"@type":"WebSite","@id":"https:\/\/dev6.erresse-shop.it\/#website","url":"https:\/\/dev6.erresse-shop.it\/","name":"Erresse Shop","description":"","publisher":{"@id":"https:\/\/dev6.erresse-shop.it\/#organization"},"potentialAction":[{"@type":"SearchAction","target":{"@type":"EntryPoint","urlTemplate":"https:\/\/dev6.erresse-shop.it\/?s={search_term_string}"},"query-input":{"@type":"PropertyValueSpecification","valueRequired":true,"valueName":"search_term_string"}}],"inLanguage":"fr-FR"},{"@type":"Organization","@id":"https:\/\/dev6.erresse-shop.it\/#organization","name":"Erresse Shop","url":"https:\/\/dev6.erresse-shop.it\/","logo":{"@type":"ImageObject","inLanguage":"fr-FR","@id":"https:\/\/dev6.erresse-shop.it\/#\/schema\/logo\/image\/","url":"https:\/\/dev6.erresse-shop.it\/wp-content\/uploads\/2025\/01\/LOGO-ERRESSE-CLASSICO.svg","contentUrl":"https:\/\/dev6.erresse-shop.it\/wp-content\/uploads\/2025\/01\/LOGO-ERRESSE-CLASSICO.svg","caption":"Erresse Shop"},"image":{"@id":"https:\/\/dev6.erresse-shop.it\/#\/schema\/logo\/image\/"}}]}},"df_price":219.95,"df_sale_price":219.95,"df_regular_price":325,"df_image_link":"https:\/\/i0.wp.com\/interpim.erresse-shop.it\/wp-content\/uploads\/2025\/03\/LE-CREUSET-Cocotte-Ovale-Evolution-in-Ghisa-27-cm-Sea-Salt.jpg\/le-creuset-cocotte-ovale-evolution-in-ghisa-27-cm-sea-salt.jpg?resize=300,300&ssl=1","fifu_image_url":"https:\/\/interpim.erresse-shop.it\/wp-content\/uploads\/2025\/03\/LE-CREUSET-Cocotte-Ovale-Evolution-in-Ghisa-27-cm-Sea-Salt.jpg\/le-creuset-cocotte-ovale-evolution-in-ghisa-27-cm-sea-salt.jpg","_links":{"self":[{"href":"https:\/\/dev6.erresse-shop.it\/fr\/wp-json\/wp\/v2\/product\/1610217","targetHints":{"allow":["GET"]}}],"collection":[{"href":"https:\/\/dev6.erresse-shop.it\/fr\/wp-json\/wp\/v2\/product"}],"about":[{"href":"https:\/\/dev6.erresse-shop.it\/fr\/wp-json\/wp\/v2\/types\/product"}],"wp:featuredmedia":[{"embeddable":true,"href":"https:\/\/dev6.erresse-shop.it\/fr\/wp-json\/wp\/v2\/media\/6377750"}],"wp:attachment":[{"href":"https:\/\/dev6.erresse-shop.it\/fr\/wp-json\/wp\/v2\/media?parent=1610217"}],"wp:term":[{"taxonomy":"product_cat","embeddable":true,"href":"https:\/\/dev6.erresse-shop.it\/fr\/wp-json\/wp\/v2\/product_cat?post=1610217"},{"taxonomy":"product_tag","embeddable":true,"href":"https:\/\/dev6.erresse-shop.it\/fr\/wp-json\/wp\/v2\/product_tag?post=1610217"}],"curies":[{"name":"wp","href":"https:\/\/api.w.org\/{rel}","templated":true}]}}