{"id":1610205,"date":"2026-04-04T13:37:09","date_gmt":"2026-04-04T11:37:09","guid":{"rendered":"https:\/\/dev6.erresse-shop.it\/shop\/non%20class\u00e9\/le-creuset-poele-a-frire-en-fonte-evolution-avec-manche-en-bois-28-cm-sea-salt\/"},"modified":"2025-11-30T17:52:55","modified_gmt":"2025-11-30T16:52:55","slug":"le-creuset-poele-a-frire-en-fonte-evolution-avec-manche-en-bois-28-cm-sea-salt","status":"publish","type":"product","link":"https:\/\/dev6.erresse-shop.it\/fr\/shop\/poeles-pots\/le-creuset-poele-a-frire-en-fonte-evolution-avec-manche-en-bois-28-cm-sea-salt\/","title":{"rendered":"LE CREUSET Po\u00eale \u00e0 frire en fonte Evolution avec manche en bois 28 cm Sea Salt"},"content":{"rendered":"<p>La po\u00eale Evolution est un excellent choix pour toutes vos t\u00e2ches culinaires quotidiennes, y compris saisir et cuire. Fabriqu\u00e9e dans notre embl\u00e9matique fonte \u00e9maill\u00e9e, cette po\u00eale r\u00e9partit la chaleur uniform\u00e9ment et scelle rapidement l\u2019ext\u00e9rieur de vos aliments. R\u00e9sultat\u00a0? Elle pr\u00e9serve les nutriments et les saveurs pour des plats savoureux et m\u00e9morables. Sa poign\u00e9e ergonomique offre une meilleure prise en main, tandis que sa poign\u00e9e en bois, qui garde la chaleur, a \u00e9t\u00e9 repens\u00e9e pour plus de confort. De plus, un crochet int\u00e9gr\u00e9 permet de suspendre la po\u00eale.<\/p>\n<p>Des plats savoureux\u00a0: la fonte \u00e9maill\u00e9e retient la chaleur pour une cuisson et une saisie uniformes. Vos d\u00e9licieuses cr\u00e9ations resteront chaudes plus longtemps, m\u00eame \u00e0 table.<br \/>\nPrise en main facile\u00a0: Les poign\u00e9es \u00e9l\u00e9gantes et confortables vous permettent de soulever votre produit en toute s\u00e9curit\u00e9.<br \/>\nUne aide pr\u00e9cieuse\u00a0: La poign\u00e9e pratique vous permet de soulever facilement votre produit et de le d\u00e9placer de la plaque de cuisson au four, puis \u00e0 la table.<br \/>\nUn arc-en-ciel de couleurs\u00a0: Disponible dans un large choix de couleurs, notre gamme ajoutera une touche de couleur \u00e0 votre cuisine.<br \/>\nPas trop chaud\u00a0: Cuisez \u00e0 feu doux ou moyen constant pour entretenir votre produit en fonte \u00e9maill\u00e9e et obtenir des r\u00e9sultats d\u00e9licieux.<br \/>\n\u00c0 vous de choisir\u00a0: Disponible en diff\u00e9rentes tailles pour s\u2019adapter \u00e0 vos besoins culinaires.<br \/>\nS\u2019am\u00e9liore avec le temps\u00a0: L\u2019int\u00e9rieur \u00e9maill\u00e9 d\u00e9veloppe une patine naturelle qui se comporte presque comme une surface antiadh\u00e9sive. Sa finition poss\u00e8de des propri\u00e9t\u00e9s qui emp\u00eachent les aliments de coller m\u00eame avec de petites quantit\u00e9s d\u2019huile. Lavez le produit uniquement \u00e0 l\u2019eau pour permettre \u00e0 la patine de se d\u00e9velopper.<br \/>\nLe meilleur de sa cat\u00e9gorie\u00a0: Nos produits sont fabriqu\u00e9s \u00e0 partir des meilleurs mat\u00e9riaux dans des usines du monde entier pour garantir la qualit\u00e9 que vous attendez de Le Creuset.<br \/>\nStyle moderne\u00a0: Le manche en bois est \u00e9l\u00e9gant et ne surchauffe pas.<\/p>\n<p>Mat\u00e9riau\u00a0: Fonte vitrifi\u00e9e<br \/>\nFabriqu\u00e9 en\u00a0: France<br \/>\nGarantie\u00a0: \u00c0 vie<\/p>\n<p>Source de chaleur\u00a0:<\/p>\n<p>Plaque \u00e9lectrique<br \/>\nVitroc\u00e9ramique<br \/>\nPlaque \u00e0 gaz<br \/>\nPlaque \u00e0 induction<\/p>\n<p>Nettoyage et entretien\u00a0:<\/p>\n<p>Attendez que le produit ait compl\u00e8tement refroidi avant de commencer \u00e0 le nettoyer.<br \/>\nRetirez tout r\u00e9sidu alimentaire du fond et des bords du produit. Pour les r\u00e9sidus alimentaires tenaces, remplissez le produit d\u2019eau chaude savonneuse et laissez-le tremper 15 \u00e0 20 minutes avant de le laver comme d\u2019habitude.<br \/>\nN\u2019utilisez pas de d\u00e9tergents abrasifs, d\u2019\u00e9ponges m\u00e9talliques abrasives ou de brosses tr\u00e8s dures et rigides pour nettoyer les surfaces.<br \/>\nApr\u00e8s le lavage, s\u00e9chez soigneusement le produit et rangez-le dans un endroit sec.<\/p>\n","protected":false},"excerpt":{"rendered":"<p>La po\u00eale Evolution est un excellent choix pour toutes vos t\u00e2ches culinaires quotidiennes, y compris saisir et cuire. Fabriqu\u00e9e dans notre embl\u00e9matique fonte \u00e9maill\u00e9e, cette po\u00eale r\u00e9partit la chaleur uniform\u00e9ment et scelle rapidement l\u2019ext\u00e9rieur de vos aliments. R\u00e9sultat\u00a0? Elle pr\u00e9serve les nutriments et les saveurs pour des plats savoureux et m\u00e9morables. Sa poign\u00e9e ergonomique offre [&hellip;]<\/p>\n","protected":false},"featured_media":6294404,"template":"","meta":{"_acf_changed":false},"product_cat":[11991],"product_tag":[],"class_list":{"0":"post-1610205","1":"product","2":"type-product","3":"status-publish","4":"has-post-thumbnail","6":"product_cat-poeles-pots","8":"first","9":"instock","10":"sale","11":"taxable","12":"shipping-taxable","13":"purchasable","14":"product-type-simple","swatches":"rey-swatches","show_selected":"","stretch_labels":"rey-swatches--stretch-labels"},"acf":[],"yoast_head":"<!-- This site is optimized with the Yoast SEO plugin v25.4 - https:\/\/yoast.com\/wordpress\/plugins\/seo\/ -->\n<title>LE CREUSET Po\u00eale \u00e0 frire en fonte Evolution avec manche en bois 28 cm Sea Salt - dev6 Erresse<\/title>\n<meta name=\"description\" content=\"La po\u00eale Evolution est un excellent choix pour toutes vos t\u00e2ches culinaires quotidiennes, y compris saisir et cuire. Fabriqu\u00e9e dans notre embl\u00e9matique\" \/>\n<meta name=\"robots\" content=\"noindex, follow, max-snippet:-1, max-image-preview:large, max-video-preview:-1\" \/>\n<meta property=\"og:locale\" content=\"fr_FR\" \/>\n<meta property=\"og:type\" content=\"article\" \/>\n<meta property=\"og:title\" content=\"LE CREUSET Po\u00eale \u00e0 frire en fonte Evolution avec manche en bois 28 cm Sea Salt - dev6 Erresse\" \/>\n<meta property=\"og:description\" content=\"La po\u00eale Evolution est un excellent choix pour toutes vos t\u00e2ches culinaires quotidiennes, y compris saisir et cuire. Fabriqu\u00e9e dans notre embl\u00e9matique\" \/>\n<meta property=\"og:url\" content=\"https:\/\/dev6.erresse-shop.it\/fr\/shop\/poeles-pots\/le-creuset-poele-a-frire-en-fonte-evolution-avec-manche-en-bois-28-cm-sea-salt\/\" \/>\n<meta property=\"og:site_name\" content=\"dev6 Erresse\" \/>\n<meta property=\"og:image\" content=\"https:\/\/interpim.erresse-shop.it\/wp-content\/uploads\/2025\/03\/LE-CREUSET-Padella-Evolution-in-Ghisa-con-Manico-in-Legno-28-cm-Sea-Salt.jpg\/le-creuset-padella-evolution-in-ghisa-con-manico-in-legno-28-cm-sea-salt.jpg\" \/><meta property=\"og:image\" content=\"https:\/\/interpim.erresse-shop.it\/wp-content\/uploads\/2025\/03\/LE-CREUSET-Padella-Evolution-in-Ghisa-con-Manico-in-Legno-28-cm-Sea-Salt.jpg\/le-creuset-padella-evolution-in-ghisa-con-manico-in-legno-28-cm-sea-salt.jpg\" \/>\n\t<meta property=\"og:image:width\" content=\"1024\" \/>\n\t<meta property=\"og:image:height\" content=\"1024\" \/>\n\t<meta property=\"og:image:type\" content=\"image\/jpeg\" \/>\n<meta name=\"twitter:card\" content=\"summary_large_image\" \/>\n<meta name=\"twitter:image\" content=\"https:\/\/interpim.erresse-shop.it\/wp-content\/uploads\/2025\/03\/LE-CREUSET-Padella-Evolution-in-Ghisa-con-Manico-in-Legno-28-cm-Sea-Salt.jpg\/le-creuset-padella-evolution-in-ghisa-con-manico-in-legno-28-cm-sea-salt.jpg\" \/>\n<script type=\"application\/ld+json\" class=\"yoast-schema-graph\">{\"@context\":\"https:\/\/schema.org\",\"@graph\":[{\"@type\":\"WebPage\",\"@id\":\"https:\/\/dev6.erresse-shop.it\/fr\/shop\/poeles-pots\/le-creuset-poele-a-frire-en-fonte-evolution-avec-manche-en-bois-28-cm-sea-salt\/\",\"url\":\"https:\/\/dev6.erresse-shop.it\/fr\/shop\/poeles-pots\/le-creuset-poele-a-frire-en-fonte-evolution-avec-manche-en-bois-28-cm-sea-salt\/\",\"name\":\"LE CREUSET Po\u00eale \u00e0 frire en fonte Evolution avec manche en bois 28 cm Sea Salt - dev6 Erresse\",\"isPartOf\":{\"@id\":\"https:\/\/dev6.erresse-shop.it\/#website\"},\"primaryImageOfPage\":{\"@id\":\"https:\/\/dev6.erresse-shop.it\/fr\/shop\/poeles-pots\/le-creuset-poele-a-frire-en-fonte-evolution-avec-manche-en-bois-28-cm-sea-salt\/#primaryimage\"},\"image\":{\"@id\":\"https:\/\/dev6.erresse-shop.it\/fr\/shop\/poeles-pots\/le-creuset-poele-a-frire-en-fonte-evolution-avec-manche-en-bois-28-cm-sea-salt\/#primaryimage\"},\"thumbnailUrl\":\"https:\/\/i3.wp.com\/interpim.erresse-shop.it\/wp-content\/uploads\/2025\/03\/LE-CREUSET-Padella-Evolution-in-Ghisa-con-Manico-in-Legno-28-cm-Sea-Salt.jpg\/le-creuset-padella-evolution-in-ghisa-con-manico-in-legno-28-cm-sea-salt.jpg?ssl=1\",\"datePublished\":\"2026-04-04T11:37:09+00:00\",\"description\":\"La po\u00eale Evolution est un excellent choix pour toutes vos t\u00e2ches culinaires quotidiennes, y compris saisir et cuire. Fabriqu\u00e9e dans notre embl\u00e9matique\",\"breadcrumb\":{\"@id\":\"https:\/\/dev6.erresse-shop.it\/fr\/shop\/poeles-pots\/le-creuset-poele-a-frire-en-fonte-evolution-avec-manche-en-bois-28-cm-sea-salt\/#breadcrumb\"},\"inLanguage\":\"fr-FR\",\"potentialAction\":[{\"@type\":\"ReadAction\",\"target\":[\"https:\/\/dev6.erresse-shop.it\/fr\/shop\/poeles-pots\/le-creuset-poele-a-frire-en-fonte-evolution-avec-manche-en-bois-28-cm-sea-salt\/\"]}]},{\"@type\":\"ImageObject\",\"inLanguage\":\"fr-FR\",\"@id\":\"https:\/\/dev6.erresse-shop.it\/fr\/shop\/poeles-pots\/le-creuset-poele-a-frire-en-fonte-evolution-avec-manche-en-bois-28-cm-sea-salt\/#primaryimage\",\"url\":\"https:\/\/i3.wp.com\/interpim.erresse-shop.it\/wp-content\/uploads\/2025\/03\/LE-CREUSET-Padella-Evolution-in-Ghisa-con-Manico-in-Legno-28-cm-Sea-Salt.jpg\/le-creuset-padella-evolution-in-ghisa-con-manico-in-legno-28-cm-sea-salt.jpg?ssl=1\",\"contentUrl\":\"https:\/\/i3.wp.com\/interpim.erresse-shop.it\/wp-content\/uploads\/2025\/03\/LE-CREUSET-Padella-Evolution-in-Ghisa-con-Manico-in-Legno-28-cm-Sea-Salt.jpg\/le-creuset-padella-evolution-in-ghisa-con-manico-in-legno-28-cm-sea-salt.jpg?ssl=1\"},{\"@type\":\"BreadcrumbList\",\"@id\":\"https:\/\/dev6.erresse-shop.it\/fr\/shop\/poeles-pots\/le-creuset-poele-a-frire-en-fonte-evolution-avec-manche-en-bois-28-cm-sea-salt\/#breadcrumb\",\"itemListElement\":[{\"@type\":\"ListItem\",\"position\":1,\"name\":\"Home\",\"item\":\"https:\/\/dev6.erresse-shop.it\/\"},{\"@type\":\"ListItem\",\"position\":2,\"name\":\"Boutique\",\"item\":\"https:\/\/dev6.erresse-shop.it\/shop\/\"},{\"@type\":\"ListItem\",\"position\":3,\"name\":\"LE CREUSET Po\u00eale \u00e0 frire en fonte Evolution avec manche en bois 28 cm Sea Salt\"}]},{\"@type\":\"WebSite\",\"@id\":\"https:\/\/dev6.erresse-shop.it\/#website\",\"url\":\"https:\/\/dev6.erresse-shop.it\/\",\"name\":\"Erresse Shop\",\"description\":\"\",\"publisher\":{\"@id\":\"https:\/\/dev6.erresse-shop.it\/#organization\"},\"potentialAction\":[{\"@type\":\"SearchAction\",\"target\":{\"@type\":\"EntryPoint\",\"urlTemplate\":\"https:\/\/dev6.erresse-shop.it\/?s={search_term_string}\"},\"query-input\":{\"@type\":\"PropertyValueSpecification\",\"valueRequired\":true,\"valueName\":\"search_term_string\"}}],\"inLanguage\":\"fr-FR\"},{\"@type\":\"Organization\",\"@id\":\"https:\/\/dev6.erresse-shop.it\/#organization\",\"name\":\"Erresse Shop\",\"url\":\"https:\/\/dev6.erresse-shop.it\/\",\"logo\":{\"@type\":\"ImageObject\",\"inLanguage\":\"fr-FR\",\"@id\":\"https:\/\/dev6.erresse-shop.it\/#\/schema\/logo\/image\/\",\"url\":\"https:\/\/dev6.erresse-shop.it\/wp-content\/uploads\/2025\/01\/LOGO-ERRESSE-CLASSICO.svg\",\"contentUrl\":\"https:\/\/dev6.erresse-shop.it\/wp-content\/uploads\/2025\/01\/LOGO-ERRESSE-CLASSICO.svg\",\"caption\":\"Erresse Shop\"},\"image\":{\"@id\":\"https:\/\/dev6.erresse-shop.it\/#\/schema\/logo\/image\/\"}}]}<\/script>\n<!-- \/ Yoast SEO plugin. -->","yoast_head_json":{"title":"LE CREUSET Po\u00eale \u00e0 frire en fonte Evolution avec manche en bois 28 cm Sea Salt - dev6 Erresse","description":"La po\u00eale Evolution est un excellent choix pour toutes vos t\u00e2ches culinaires quotidiennes, y compris saisir et cuire. Fabriqu\u00e9e dans notre embl\u00e9matique","robots":{"index":"noindex","follow":"follow","max-snippet":"max-snippet:-1","max-image-preview":"max-image-preview:large","max-video-preview":"max-video-preview:-1"},"og_locale":"fr_FR","og_type":"article","og_title":"LE CREUSET Po\u00eale \u00e0 frire en fonte Evolution avec manche en bois 28 cm Sea Salt - dev6 Erresse","og_description":"La po\u00eale Evolution est un excellent choix pour toutes vos t\u00e2ches culinaires quotidiennes, y compris saisir et cuire. Fabriqu\u00e9e dans notre embl\u00e9matique","og_url":"https:\/\/dev6.erresse-shop.it\/fr\/shop\/poeles-pots\/le-creuset-poele-a-frire-en-fonte-evolution-avec-manche-en-bois-28-cm-sea-salt\/","og_site_name":"dev6 Erresse","og_image":[{"url":"https:\/\/interpim.erresse-shop.it\/wp-content\/uploads\/2025\/03\/LE-CREUSET-Padella-Evolution-in-Ghisa-con-Manico-in-Legno-28-cm-Sea-Salt.jpg\/le-creuset-padella-evolution-in-ghisa-con-manico-in-legno-28-cm-sea-salt.jpg","type":"","width":"","height":""},{"url":"https:\/\/interpim.erresse-shop.it\/wp-content\/uploads\/2025\/03\/LE-CREUSET-Padella-Evolution-in-Ghisa-con-Manico-in-Legno-28-cm-Sea-Salt.jpg\/le-creuset-padella-evolution-in-ghisa-con-manico-in-legno-28-cm-sea-salt.jpg","width":1024,"height":1024,"type":"image\/jpeg"}],"twitter_card":"summary_large_image","twitter_image":"https:\/\/interpim.erresse-shop.it\/wp-content\/uploads\/2025\/03\/LE-CREUSET-Padella-Evolution-in-Ghisa-con-Manico-in-Legno-28-cm-Sea-Salt.jpg\/le-creuset-padella-evolution-in-ghisa-con-manico-in-legno-28-cm-sea-salt.jpg","schema":{"@context":"https:\/\/schema.org","@graph":[{"@type":"WebPage","@id":"https:\/\/dev6.erresse-shop.it\/fr\/shop\/poeles-pots\/le-creuset-poele-a-frire-en-fonte-evolution-avec-manche-en-bois-28-cm-sea-salt\/","url":"https:\/\/dev6.erresse-shop.it\/fr\/shop\/poeles-pots\/le-creuset-poele-a-frire-en-fonte-evolution-avec-manche-en-bois-28-cm-sea-salt\/","name":"LE CREUSET Po\u00eale \u00e0 frire en fonte Evolution avec manche en bois 28 cm Sea Salt - dev6 Erresse","isPartOf":{"@id":"https:\/\/dev6.erresse-shop.it\/#website"},"primaryImageOfPage":{"@id":"https:\/\/dev6.erresse-shop.it\/fr\/shop\/poeles-pots\/le-creuset-poele-a-frire-en-fonte-evolution-avec-manche-en-bois-28-cm-sea-salt\/#primaryimage"},"image":{"@id":"https:\/\/dev6.erresse-shop.it\/fr\/shop\/poeles-pots\/le-creuset-poele-a-frire-en-fonte-evolution-avec-manche-en-bois-28-cm-sea-salt\/#primaryimage"},"thumbnailUrl":"https:\/\/i3.wp.com\/interpim.erresse-shop.it\/wp-content\/uploads\/2025\/03\/LE-CREUSET-Padella-Evolution-in-Ghisa-con-Manico-in-Legno-28-cm-Sea-Salt.jpg\/le-creuset-padella-evolution-in-ghisa-con-manico-in-legno-28-cm-sea-salt.jpg?ssl=1","datePublished":"2026-04-04T11:37:09+00:00","description":"La po\u00eale Evolution est un excellent choix pour toutes vos t\u00e2ches culinaires quotidiennes, y compris saisir et cuire. Fabriqu\u00e9e dans notre embl\u00e9matique","breadcrumb":{"@id":"https:\/\/dev6.erresse-shop.it\/fr\/shop\/poeles-pots\/le-creuset-poele-a-frire-en-fonte-evolution-avec-manche-en-bois-28-cm-sea-salt\/#breadcrumb"},"inLanguage":"fr-FR","potentialAction":[{"@type":"ReadAction","target":["https:\/\/dev6.erresse-shop.it\/fr\/shop\/poeles-pots\/le-creuset-poele-a-frire-en-fonte-evolution-avec-manche-en-bois-28-cm-sea-salt\/"]}]},{"@type":"ImageObject","inLanguage":"fr-FR","@id":"https:\/\/dev6.erresse-shop.it\/fr\/shop\/poeles-pots\/le-creuset-poele-a-frire-en-fonte-evolution-avec-manche-en-bois-28-cm-sea-salt\/#primaryimage","url":"https:\/\/i3.wp.com\/interpim.erresse-shop.it\/wp-content\/uploads\/2025\/03\/LE-CREUSET-Padella-Evolution-in-Ghisa-con-Manico-in-Legno-28-cm-Sea-Salt.jpg\/le-creuset-padella-evolution-in-ghisa-con-manico-in-legno-28-cm-sea-salt.jpg?ssl=1","contentUrl":"https:\/\/i3.wp.com\/interpim.erresse-shop.it\/wp-content\/uploads\/2025\/03\/LE-CREUSET-Padella-Evolution-in-Ghisa-con-Manico-in-Legno-28-cm-Sea-Salt.jpg\/le-creuset-padella-evolution-in-ghisa-con-manico-in-legno-28-cm-sea-salt.jpg?ssl=1"},{"@type":"BreadcrumbList","@id":"https:\/\/dev6.erresse-shop.it\/fr\/shop\/poeles-pots\/le-creuset-poele-a-frire-en-fonte-evolution-avec-manche-en-bois-28-cm-sea-salt\/#breadcrumb","itemListElement":[{"@type":"ListItem","position":1,"name":"Home","item":"https:\/\/dev6.erresse-shop.it\/"},{"@type":"ListItem","position":2,"name":"Boutique","item":"https:\/\/dev6.erresse-shop.it\/shop\/"},{"@type":"ListItem","position":3,"name":"LE CREUSET Po\u00eale \u00e0 frire en fonte Evolution avec manche en bois 28 cm Sea Salt"}]},{"@type":"WebSite","@id":"https:\/\/dev6.erresse-shop.it\/#website","url":"https:\/\/dev6.erresse-shop.it\/","name":"Erresse Shop","description":"","publisher":{"@id":"https:\/\/dev6.erresse-shop.it\/#organization"},"potentialAction":[{"@type":"SearchAction","target":{"@type":"EntryPoint","urlTemplate":"https:\/\/dev6.erresse-shop.it\/?s={search_term_string}"},"query-input":{"@type":"PropertyValueSpecification","valueRequired":true,"valueName":"search_term_string"}}],"inLanguage":"fr-FR"},{"@type":"Organization","@id":"https:\/\/dev6.erresse-shop.it\/#organization","name":"Erresse Shop","url":"https:\/\/dev6.erresse-shop.it\/","logo":{"@type":"ImageObject","inLanguage":"fr-FR","@id":"https:\/\/dev6.erresse-shop.it\/#\/schema\/logo\/image\/","url":"https:\/\/dev6.erresse-shop.it\/wp-content\/uploads\/2025\/01\/LOGO-ERRESSE-CLASSICO.svg","contentUrl":"https:\/\/dev6.erresse-shop.it\/wp-content\/uploads\/2025\/01\/LOGO-ERRESSE-CLASSICO.svg","caption":"Erresse Shop"},"image":{"@id":"https:\/\/dev6.erresse-shop.it\/#\/schema\/logo\/image\/"}}]}},"df_price":174.95,"df_sale_price":174.95,"df_regular_price":255,"df_image_link":"https:\/\/i3.wp.com\/interpim.erresse-shop.it\/wp-content\/uploads\/2025\/03\/LE-CREUSET-Padella-Evolution-in-Ghisa-con-Manico-in-Legno-28-cm-Sea-Salt.jpg\/le-creuset-padella-evolution-in-ghisa-con-manico-in-legno-28-cm-sea-salt.jpg?resize=300,300&ssl=1","fifu_image_url":"https:\/\/interpim.erresse-shop.it\/wp-content\/uploads\/2025\/03\/LE-CREUSET-Padella-Evolution-in-Ghisa-con-Manico-in-Legno-28-cm-Sea-Salt.jpg\/le-creuset-padella-evolution-in-ghisa-con-manico-in-legno-28-cm-sea-salt.jpg","_links":{"self":[{"href":"https:\/\/dev6.erresse-shop.it\/fr\/wp-json\/wp\/v2\/product\/1610205","targetHints":{"allow":["GET"]}}],"collection":[{"href":"https:\/\/dev6.erresse-shop.it\/fr\/wp-json\/wp\/v2\/product"}],"about":[{"href":"https:\/\/dev6.erresse-shop.it\/fr\/wp-json\/wp\/v2\/types\/product"}],"wp:featuredmedia":[{"embeddable":true,"href":"https:\/\/dev6.erresse-shop.it\/fr\/wp-json\/wp\/v2\/media\/6294404"}],"wp:attachment":[{"href":"https:\/\/dev6.erresse-shop.it\/fr\/wp-json\/wp\/v2\/media?parent=1610205"}],"wp:term":[{"taxonomy":"product_cat","embeddable":true,"href":"https:\/\/dev6.erresse-shop.it\/fr\/wp-json\/wp\/v2\/product_cat?post=1610205"},{"taxonomy":"product_tag","embeddable":true,"href":"https:\/\/dev6.erresse-shop.it\/fr\/wp-json\/wp\/v2\/product_tag?post=1610205"}],"curies":[{"name":"wp","href":"https:\/\/api.w.org\/{rel}","templated":true}]}}