{"id":1610195,"date":"2026-04-12T13:39:33","date_gmt":"2026-04-12T11:39:33","guid":{"rendered":"https:\/\/dev6.erresse-shop.it\/shop\/non%20class\u00e9\/le-creuset-poele-a-griller-carree-skillet-evolution-2626-cm-sea-salt\/"},"modified":"2025-11-27T16:58:14","modified_gmt":"2025-11-27T15:58:14","slug":"le-creuset-poele-a-griller-carree-skillet-evolution-2626-cm-sea-salt","status":"publish","type":"product","link":"https:\/\/dev6.erresse-shop.it\/fr\/shop\/poeles-pots\/grils-a-steak\/le-creuset-poele-a-griller-carree-skillet-evolution-2626-cm-sea-salt\/","title":{"rendered":"LE CREUSET Po\u00eale \u00e0 griller carr\u00e9e Skillet Evolution 26&#215;26 cm Sea Salt"},"content":{"rendered":"<p>La bonne taille pour toute la famille ! Avec le gril rectangulaire, vous pr\u00e9parerez de la viande et du poisson pour tous, rapidement et surtout sainement. Profitez des grillades quand vous le souhaitez et sur n\u2019importe quelle source de chaleur !<br \/>\nLe Creuset propose une large gamme de plaques de cuisson en fonte, la plus importante du march\u00e9. Optez pour une cuisine saine et pauvre en graisses : cette po\u00eale ne n\u00e9cessite qu\u2019un peu d\u2019huile ! Les casseroles Le Creuset sont parfaites pour r\u00f4tir la viande, le poulet et les l\u00e9gumes, en pr\u00e9servant toute leur saveur. Ils sont extr\u00eamement pratiques et peuvent \u00eatre utilis\u00e9s au four et sur le barbecue. Notre c\u00e9l\u00e8bre gamme de fonte \u00e9maill\u00e9e permet une distribution et une r\u00e9tention parfaites de la chaleur. Le rev\u00eatement int\u00e9rieur en \u00e9mail noir est durable, hygi\u00e9nique et facile \u00e0 nettoyer. Essayez-le et les r\u00e9sultats vous surprendront.<\/p>\n<p>Caract\u00e9ristiques de la fonte \u00e9maill\u00e9e :<\/p>\n<p>\u2013 R\u00e9partition uniforme de la chaleur, sans zones de surchauffe.<br \/>\n\u2013 Excellente r\u00e9tention de la chaleur.<br \/>\n\u2013 Poign\u00e9es con\u00e7ues pour une excellente prise en main.<br \/>\n\u2013 Surfaces int\u00e9rieures et ext\u00e9rieures \u00e9maill\u00e9es. N\u2019absorbe pas l\u2019humidit\u00e9, le go\u00fbt ou l\u2019odeur des aliments.<br \/>\n\u2013 Compatible avec toutes les sources de chaleur, y compris l\u2019induction.<br \/>\n\u2013 Facile \u00e0 nettoyer.<br \/>\n\u2013 Durabilit\u00e9 exceptionnelle.<br \/>\n\u2013 Garantie \u00e0 vie.<\/p>\n<p>See Movie 1<br \/>\nSee Movie 2<\/p>\n","protected":false},"excerpt":{"rendered":"<p>La bonne taille pour toute la famille ! Avec le gril rectangulaire, vous pr\u00e9parerez de la viande et du poisson pour tous, rapidement et surtout sainement. Profitez des grillades quand vous le souhaitez et sur n\u2019importe quelle source de chaleur ! Le Creuset propose une large gamme de plaques de cuisson en fonte, la plus [&hellip;]<\/p>\n","protected":false},"featured_media":6377621,"template":"","meta":{"_acf_changed":false},"product_cat":[12020,11991],"product_tag":[],"class_list":{"0":"post-1610195","1":"product","2":"type-product","3":"status-publish","4":"has-post-thumbnail","6":"product_cat-grils-a-steak","7":"product_cat-poeles-pots","9":"first","10":"instock","11":"sale","12":"taxable","13":"shipping-taxable","14":"purchasable","15":"product-type-simple","swatches":"rey-swatches","show_selected":"","stretch_labels":"rey-swatches--stretch-labels"},"acf":[],"yoast_head":"<!-- This site is optimized with the Yoast SEO plugin v25.4 - https:\/\/yoast.com\/wordpress\/plugins\/seo\/ -->\n<title>LE CREUSET Po\u00eale \u00e0 griller carr\u00e9e Skillet Evolution 26&#215;26 cm Sea Salt - dev6 Erresse<\/title>\n<meta name=\"description\" content=\"La bonne taille pour toute la famille ! Avec le gril rectangulaire, vous pr\u00e9parerez de la viande et du poisson pour tous, rapidement et surtout sainement.\" \/>\n<meta name=\"robots\" content=\"noindex, follow, max-snippet:-1, max-image-preview:large, max-video-preview:-1\" \/>\n<meta property=\"og:locale\" content=\"fr_FR\" \/>\n<meta property=\"og:type\" content=\"article\" \/>\n<meta property=\"og:title\" content=\"LE CREUSET Po\u00eale \u00e0 griller carr\u00e9e Skillet Evolution 26&#215;26 cm Sea Salt - dev6 Erresse\" \/>\n<meta property=\"og:description\" content=\"La bonne taille pour toute la famille ! Avec le gril rectangulaire, vous pr\u00e9parerez de la viande et du poisson pour tous, rapidement et surtout sainement.\" \/>\n<meta property=\"og:url\" content=\"https:\/\/dev6.erresse-shop.it\/fr\/shop\/poeles-pots\/grils-a-steak\/le-creuset-poele-a-griller-carree-skillet-evolution-2626-cm-sea-salt\/\" \/>\n<meta property=\"og:site_name\" content=\"dev6 Erresse\" \/>\n<meta property=\"og:image\" content=\"https:\/\/interpim.erresse-shop.it\/wp-content\/uploads\/2025\/03\/LE-CREUSET-Bistecchiera-Skillet-Quadrata-Evolution-26x26-cm-Sea-Salt.jpg\/le-creuset-bistecchiera-skillet-quadrata-evolution-26x26-cm-sea-salt.jpg\" \/><meta property=\"og:image\" content=\"https:\/\/interpim.erresse-shop.it\/wp-content\/uploads\/2025\/03\/LE-CREUSET-Bistecchiera-Skillet-Quadrata-Evolution-26x26-cm-Sea-Salt.jpg\/le-creuset-bistecchiera-skillet-quadrata-evolution-26x26-cm-sea-salt.jpg\" \/>\n\t<meta property=\"og:image:width\" content=\"1024\" \/>\n\t<meta property=\"og:image:height\" content=\"1024\" \/>\n\t<meta property=\"og:image:type\" content=\"image\/jpeg\" \/>\n<meta name=\"twitter:card\" content=\"summary_large_image\" \/>\n<meta name=\"twitter:image\" content=\"https:\/\/interpim.erresse-shop.it\/wp-content\/uploads\/2025\/03\/LE-CREUSET-Bistecchiera-Skillet-Quadrata-Evolution-26x26-cm-Sea-Salt.jpg\/le-creuset-bistecchiera-skillet-quadrata-evolution-26x26-cm-sea-salt.jpg\" \/>\n<script type=\"application\/ld+json\" class=\"yoast-schema-graph\">{\"@context\":\"https:\/\/schema.org\",\"@graph\":[{\"@type\":\"WebPage\",\"@id\":\"https:\/\/dev6.erresse-shop.it\/fr\/shop\/poeles-pots\/grils-a-steak\/le-creuset-poele-a-griller-carree-skillet-evolution-2626-cm-sea-salt\/\",\"url\":\"https:\/\/dev6.erresse-shop.it\/fr\/shop\/poeles-pots\/grils-a-steak\/le-creuset-poele-a-griller-carree-skillet-evolution-2626-cm-sea-salt\/\",\"name\":\"LE CREUSET Po\u00eale \u00e0 griller carr\u00e9e Skillet Evolution 26&#215;26 cm Sea Salt - dev6 Erresse\",\"isPartOf\":{\"@id\":\"https:\/\/dev6.erresse-shop.it\/#website\"},\"primaryImageOfPage\":{\"@id\":\"https:\/\/dev6.erresse-shop.it\/fr\/shop\/poeles-pots\/grils-a-steak\/le-creuset-poele-a-griller-carree-skillet-evolution-2626-cm-sea-salt\/#primaryimage\"},\"image\":{\"@id\":\"https:\/\/dev6.erresse-shop.it\/fr\/shop\/poeles-pots\/grils-a-steak\/le-creuset-poele-a-griller-carree-skillet-evolution-2626-cm-sea-salt\/#primaryimage\"},\"thumbnailUrl\":\"https:\/\/i1.wp.com\/interpim.erresse-shop.it\/wp-content\/uploads\/2025\/03\/LE-CREUSET-Bistecchiera-Skillet-Quadrata-Evolution-26x26-cm-Sea-Salt.jpg\/le-creuset-bistecchiera-skillet-quadrata-evolution-26x26-cm-sea-salt.jpg?ssl=1\",\"datePublished\":\"2026-04-12T11:39:33+00:00\",\"description\":\"La bonne taille pour toute la famille ! Avec le gril rectangulaire, vous pr\u00e9parerez de la viande et du poisson pour tous, rapidement et surtout sainement.\",\"breadcrumb\":{\"@id\":\"https:\/\/dev6.erresse-shop.it\/fr\/shop\/poeles-pots\/grils-a-steak\/le-creuset-poele-a-griller-carree-skillet-evolution-2626-cm-sea-salt\/#breadcrumb\"},\"inLanguage\":\"fr-FR\",\"potentialAction\":[{\"@type\":\"ReadAction\",\"target\":[\"https:\/\/dev6.erresse-shop.it\/fr\/shop\/poeles-pots\/grils-a-steak\/le-creuset-poele-a-griller-carree-skillet-evolution-2626-cm-sea-salt\/\"]}]},{\"@type\":\"ImageObject\",\"inLanguage\":\"fr-FR\",\"@id\":\"https:\/\/dev6.erresse-shop.it\/fr\/shop\/poeles-pots\/grils-a-steak\/le-creuset-poele-a-griller-carree-skillet-evolution-2626-cm-sea-salt\/#primaryimage\",\"url\":\"https:\/\/i1.wp.com\/interpim.erresse-shop.it\/wp-content\/uploads\/2025\/03\/LE-CREUSET-Bistecchiera-Skillet-Quadrata-Evolution-26x26-cm-Sea-Salt.jpg\/le-creuset-bistecchiera-skillet-quadrata-evolution-26x26-cm-sea-salt.jpg?ssl=1\",\"contentUrl\":\"https:\/\/i1.wp.com\/interpim.erresse-shop.it\/wp-content\/uploads\/2025\/03\/LE-CREUSET-Bistecchiera-Skillet-Quadrata-Evolution-26x26-cm-Sea-Salt.jpg\/le-creuset-bistecchiera-skillet-quadrata-evolution-26x26-cm-sea-salt.jpg?ssl=1\"},{\"@type\":\"BreadcrumbList\",\"@id\":\"https:\/\/dev6.erresse-shop.it\/fr\/shop\/poeles-pots\/grils-a-steak\/le-creuset-poele-a-griller-carree-skillet-evolution-2626-cm-sea-salt\/#breadcrumb\",\"itemListElement\":[{\"@type\":\"ListItem\",\"position\":1,\"name\":\"Home\",\"item\":\"https:\/\/dev6.erresse-shop.it\/\"},{\"@type\":\"ListItem\",\"position\":2,\"name\":\"Boutique\",\"item\":\"https:\/\/dev6.erresse-shop.it\/shop\/\"},{\"@type\":\"ListItem\",\"position\":3,\"name\":\"LE CREUSET Po\u00eale \u00e0 griller carr\u00e9e Skillet Evolution 26&#215;26 cm Sea Salt\"}]},{\"@type\":\"WebSite\",\"@id\":\"https:\/\/dev6.erresse-shop.it\/#website\",\"url\":\"https:\/\/dev6.erresse-shop.it\/\",\"name\":\"Erresse Shop\",\"description\":\"\",\"publisher\":{\"@id\":\"https:\/\/dev6.erresse-shop.it\/#organization\"},\"potentialAction\":[{\"@type\":\"SearchAction\",\"target\":{\"@type\":\"EntryPoint\",\"urlTemplate\":\"https:\/\/dev6.erresse-shop.it\/?s={search_term_string}\"},\"query-input\":{\"@type\":\"PropertyValueSpecification\",\"valueRequired\":true,\"valueName\":\"search_term_string\"}}],\"inLanguage\":\"fr-FR\"},{\"@type\":\"Organization\",\"@id\":\"https:\/\/dev6.erresse-shop.it\/#organization\",\"name\":\"Erresse Shop\",\"url\":\"https:\/\/dev6.erresse-shop.it\/\",\"logo\":{\"@type\":\"ImageObject\",\"inLanguage\":\"fr-FR\",\"@id\":\"https:\/\/dev6.erresse-shop.it\/#\/schema\/logo\/image\/\",\"url\":\"https:\/\/dev6.erresse-shop.it\/wp-content\/uploads\/2025\/01\/LOGO-ERRESSE-CLASSICO.svg\",\"contentUrl\":\"https:\/\/dev6.erresse-shop.it\/wp-content\/uploads\/2025\/01\/LOGO-ERRESSE-CLASSICO.svg\",\"caption\":\"Erresse Shop\"},\"image\":{\"@id\":\"https:\/\/dev6.erresse-shop.it\/#\/schema\/logo\/image\/\"}}]}<\/script>\n<!-- \/ Yoast SEO plugin. -->","yoast_head_json":{"title":"LE CREUSET Po\u00eale \u00e0 griller carr\u00e9e Skillet Evolution 26&#215;26 cm Sea Salt - dev6 Erresse","description":"La bonne taille pour toute la famille ! Avec le gril rectangulaire, vous pr\u00e9parerez de la viande et du poisson pour tous, rapidement et surtout sainement.","robots":{"index":"noindex","follow":"follow","max-snippet":"max-snippet:-1","max-image-preview":"max-image-preview:large","max-video-preview":"max-video-preview:-1"},"og_locale":"fr_FR","og_type":"article","og_title":"LE CREUSET Po\u00eale \u00e0 griller carr\u00e9e Skillet Evolution 26&#215;26 cm Sea Salt - dev6 Erresse","og_description":"La bonne taille pour toute la famille ! Avec le gril rectangulaire, vous pr\u00e9parerez de la viande et du poisson pour tous, rapidement et surtout sainement.","og_url":"https:\/\/dev6.erresse-shop.it\/fr\/shop\/poeles-pots\/grils-a-steak\/le-creuset-poele-a-griller-carree-skillet-evolution-2626-cm-sea-salt\/","og_site_name":"dev6 Erresse","og_image":[{"url":"https:\/\/interpim.erresse-shop.it\/wp-content\/uploads\/2025\/03\/LE-CREUSET-Bistecchiera-Skillet-Quadrata-Evolution-26x26-cm-Sea-Salt.jpg\/le-creuset-bistecchiera-skillet-quadrata-evolution-26x26-cm-sea-salt.jpg","type":"","width":"","height":""},{"url":"https:\/\/interpim.erresse-shop.it\/wp-content\/uploads\/2025\/03\/LE-CREUSET-Bistecchiera-Skillet-Quadrata-Evolution-26x26-cm-Sea-Salt.jpg\/le-creuset-bistecchiera-skillet-quadrata-evolution-26x26-cm-sea-salt.jpg","width":1024,"height":1024,"type":"image\/jpeg"}],"twitter_card":"summary_large_image","twitter_image":"https:\/\/interpim.erresse-shop.it\/wp-content\/uploads\/2025\/03\/LE-CREUSET-Bistecchiera-Skillet-Quadrata-Evolution-26x26-cm-Sea-Salt.jpg\/le-creuset-bistecchiera-skillet-quadrata-evolution-26x26-cm-sea-salt.jpg","schema":{"@context":"https:\/\/schema.org","@graph":[{"@type":"WebPage","@id":"https:\/\/dev6.erresse-shop.it\/fr\/shop\/poeles-pots\/grils-a-steak\/le-creuset-poele-a-griller-carree-skillet-evolution-2626-cm-sea-salt\/","url":"https:\/\/dev6.erresse-shop.it\/fr\/shop\/poeles-pots\/grils-a-steak\/le-creuset-poele-a-griller-carree-skillet-evolution-2626-cm-sea-salt\/","name":"LE CREUSET Po\u00eale \u00e0 griller carr\u00e9e Skillet Evolution 26&#215;26 cm Sea Salt - dev6 Erresse","isPartOf":{"@id":"https:\/\/dev6.erresse-shop.it\/#website"},"primaryImageOfPage":{"@id":"https:\/\/dev6.erresse-shop.it\/fr\/shop\/poeles-pots\/grils-a-steak\/le-creuset-poele-a-griller-carree-skillet-evolution-2626-cm-sea-salt\/#primaryimage"},"image":{"@id":"https:\/\/dev6.erresse-shop.it\/fr\/shop\/poeles-pots\/grils-a-steak\/le-creuset-poele-a-griller-carree-skillet-evolution-2626-cm-sea-salt\/#primaryimage"},"thumbnailUrl":"https:\/\/i1.wp.com\/interpim.erresse-shop.it\/wp-content\/uploads\/2025\/03\/LE-CREUSET-Bistecchiera-Skillet-Quadrata-Evolution-26x26-cm-Sea-Salt.jpg\/le-creuset-bistecchiera-skillet-quadrata-evolution-26x26-cm-sea-salt.jpg?ssl=1","datePublished":"2026-04-12T11:39:33+00:00","description":"La bonne taille pour toute la famille ! Avec le gril rectangulaire, vous pr\u00e9parerez de la viande et du poisson pour tous, rapidement et surtout sainement.","breadcrumb":{"@id":"https:\/\/dev6.erresse-shop.it\/fr\/shop\/poeles-pots\/grils-a-steak\/le-creuset-poele-a-griller-carree-skillet-evolution-2626-cm-sea-salt\/#breadcrumb"},"inLanguage":"fr-FR","potentialAction":[{"@type":"ReadAction","target":["https:\/\/dev6.erresse-shop.it\/fr\/shop\/poeles-pots\/grils-a-steak\/le-creuset-poele-a-griller-carree-skillet-evolution-2626-cm-sea-salt\/"]}]},{"@type":"ImageObject","inLanguage":"fr-FR","@id":"https:\/\/dev6.erresse-shop.it\/fr\/shop\/poeles-pots\/grils-a-steak\/le-creuset-poele-a-griller-carree-skillet-evolution-2626-cm-sea-salt\/#primaryimage","url":"https:\/\/i1.wp.com\/interpim.erresse-shop.it\/wp-content\/uploads\/2025\/03\/LE-CREUSET-Bistecchiera-Skillet-Quadrata-Evolution-26x26-cm-Sea-Salt.jpg\/le-creuset-bistecchiera-skillet-quadrata-evolution-26x26-cm-sea-salt.jpg?ssl=1","contentUrl":"https:\/\/i1.wp.com\/interpim.erresse-shop.it\/wp-content\/uploads\/2025\/03\/LE-CREUSET-Bistecchiera-Skillet-Quadrata-Evolution-26x26-cm-Sea-Salt.jpg\/le-creuset-bistecchiera-skillet-quadrata-evolution-26x26-cm-sea-salt.jpg?ssl=1"},{"@type":"BreadcrumbList","@id":"https:\/\/dev6.erresse-shop.it\/fr\/shop\/poeles-pots\/grils-a-steak\/le-creuset-poele-a-griller-carree-skillet-evolution-2626-cm-sea-salt\/#breadcrumb","itemListElement":[{"@type":"ListItem","position":1,"name":"Home","item":"https:\/\/dev6.erresse-shop.it\/"},{"@type":"ListItem","position":2,"name":"Boutique","item":"https:\/\/dev6.erresse-shop.it\/shop\/"},{"@type":"ListItem","position":3,"name":"LE CREUSET Po\u00eale \u00e0 griller carr\u00e9e Skillet Evolution 26&#215;26 cm Sea Salt"}]},{"@type":"WebSite","@id":"https:\/\/dev6.erresse-shop.it\/#website","url":"https:\/\/dev6.erresse-shop.it\/","name":"Erresse Shop","description":"","publisher":{"@id":"https:\/\/dev6.erresse-shop.it\/#organization"},"potentialAction":[{"@type":"SearchAction","target":{"@type":"EntryPoint","urlTemplate":"https:\/\/dev6.erresse-shop.it\/?s={search_term_string}"},"query-input":{"@type":"PropertyValueSpecification","valueRequired":true,"valueName":"search_term_string"}}],"inLanguage":"fr-FR"},{"@type":"Organization","@id":"https:\/\/dev6.erresse-shop.it\/#organization","name":"Erresse Shop","url":"https:\/\/dev6.erresse-shop.it\/","logo":{"@type":"ImageObject","inLanguage":"fr-FR","@id":"https:\/\/dev6.erresse-shop.it\/#\/schema\/logo\/image\/","url":"https:\/\/dev6.erresse-shop.it\/wp-content\/uploads\/2025\/01\/LOGO-ERRESSE-CLASSICO.svg","contentUrl":"https:\/\/dev6.erresse-shop.it\/wp-content\/uploads\/2025\/01\/LOGO-ERRESSE-CLASSICO.svg","caption":"Erresse Shop"},"image":{"@id":"https:\/\/dev6.erresse-shop.it\/#\/schema\/logo\/image\/"}}]}},"df_price":154,"df_sale_price":154,"df_regular_price":185,"df_image_link":"https:\/\/i1.wp.com\/interpim.erresse-shop.it\/wp-content\/uploads\/2025\/03\/LE-CREUSET-Bistecchiera-Skillet-Quadrata-Evolution-26x26-cm-Sea-Salt.jpg\/le-creuset-bistecchiera-skillet-quadrata-evolution-26x26-cm-sea-salt.jpg?resize=300,300&ssl=1","fifu_image_url":"https:\/\/interpim.erresse-shop.it\/wp-content\/uploads\/2025\/03\/LE-CREUSET-Bistecchiera-Skillet-Quadrata-Evolution-26x26-cm-Sea-Salt.jpg\/le-creuset-bistecchiera-skillet-quadrata-evolution-26x26-cm-sea-salt.jpg","_links":{"self":[{"href":"https:\/\/dev6.erresse-shop.it\/fr\/wp-json\/wp\/v2\/product\/1610195","targetHints":{"allow":["GET"]}}],"collection":[{"href":"https:\/\/dev6.erresse-shop.it\/fr\/wp-json\/wp\/v2\/product"}],"about":[{"href":"https:\/\/dev6.erresse-shop.it\/fr\/wp-json\/wp\/v2\/types\/product"}],"wp:featuredmedia":[{"embeddable":true,"href":"https:\/\/dev6.erresse-shop.it\/fr\/wp-json\/wp\/v2\/media\/6377621"}],"wp:attachment":[{"href":"https:\/\/dev6.erresse-shop.it\/fr\/wp-json\/wp\/v2\/media?parent=1610195"}],"wp:term":[{"taxonomy":"product_cat","embeddable":true,"href":"https:\/\/dev6.erresse-shop.it\/fr\/wp-json\/wp\/v2\/product_cat?post=1610195"},{"taxonomy":"product_tag","embeddable":true,"href":"https:\/\/dev6.erresse-shop.it\/fr\/wp-json\/wp\/v2\/product_tag?post=1610195"}],"curies":[{"name":"wp","href":"https:\/\/api.w.org\/{rel}","templated":true}]}}