{"id":1610181,"date":"2026-04-12T13:36:44","date_gmt":"2026-04-12T11:36:44","guid":{"rendered":"https:\/\/dev6.erresse-shop.it\/shop\/non%20class\u00e9\/coravin-model-two-noir\/"},"modified":"2025-09-14T06:47:20","modified_gmt":"2025-09-14T04:47:20","slug":"coravin-model-two-noir","status":"publish","type":"product","link":"https:\/\/dev6.erresse-shop.it\/fr\/shop\/table-fr-2\/vin\/aerateurs\/coravin-model-two-noir\/","title":{"rendered":"CORAVIN Model Two Noir"},"content":{"rendered":"<p>Le Coravin Model Two est le syst\u00e8me innovant pour verser et conserver le vin sans compromis. Gr\u00e2ce \u00e0 la technologie brevet\u00e9e Coravin, vous pouvez d\u00e9guster un verre de vin de n\u2019importe quelle bouteille, \u00e0 tout moment, sans oxyder le vin r\u00e9siduel.<\/p>\n<p>Facilit\u00e9 d\u2019utilisation : La conception intuitive rend l\u2019ouverture et la fermeture de la bouteille faciles et s\u00fbres. La prise en main de la bouteille est stable et garantie, pour une manipulation facile et s\u00fbre.<br \/>\nAiguille fine et performante : L\u2019aiguille fine permet une distribution du vin 20 % plus rapide par rapport au mod\u00e8le pr\u00e9c\u00e9dent, avec une fermeture s\u00e9curis\u00e9e et un maintien ferme en place.<br \/>\nInstallation facile des capsules\u00a0: les capsules Coravin sont simples \u00e0 installer et assurent une fermeture herm\u00e9tique \u00e0 chaque utilisation, gardant votre vin frais et prot\u00e9g\u00e9.<br \/>\nProtection optimale : les capsules brevet\u00e9es contiennent plus de 99,99 % de gaz argon pur, prot\u00e9geant le vin restant de l\u2019oxydation et pr\u00e9servant sa qualit\u00e9.<br \/>\nSyst\u00e8me id\u00e9al pour chaque occasion\u00a0: le Coravin Model Two est parfait pour ceux qui souhaitent d\u00e9guster un verre de vin sans avoir \u00e0 d\u00e9boucher la bouteille, garantissant ainsi une fra\u00eecheur et une protection \u00e0 long terme.<\/p>\n<p>Avec le Coravin Model Two, chaque bouteille de vin reste fra\u00eeche, pr\u00eate \u00e0 \u00eatre d\u00e9gust\u00e9e quand vous le souhaitez.<\/p>\n<p>Caract\u00e9ristiques du produit\u00a0:<\/p>\n<p>Mat\u00e9riau\u00a0: polypropyl\u00e8ne de qualit\u00e9 alimentaire sans BPA<br \/>\nGarantie\u00a0: 2 ans<br \/>\nDimensions\u00a0: 6,6 x 14 x 21 cm<br \/>\nPoids\u00a0: 445 g<\/p>\n","protected":false},"excerpt":{"rendered":"<p>Le Coravin Model Two est le syst\u00e8me innovant pour verser et conserver le vin sans compromis. Gr\u00e2ce \u00e0 la technologie brevet\u00e9e Coravin, vous pouvez d\u00e9guster un verre de vin de n\u2019importe quelle bouteille, \u00e0 tout moment, sans oxyder le vin r\u00e9siduel. Facilit\u00e9 d\u2019utilisation : La conception intuitive rend l\u2019ouverture et la fermeture de la bouteille [&hellip;]<\/p>\n","protected":false},"featured_media":6377590,"template":"","meta":{"_acf_changed":false},"product_cat":[12072,11995,12069],"product_tag":[],"class_list":{"0":"post-1610181","1":"product","2":"type-product","3":"status-publish","4":"has-post-thumbnail","6":"product_cat-aerateurs","7":"product_cat-table-fr-2","8":"product_cat-vin","10":"first","11":"instock","12":"sale","13":"taxable","14":"shipping-taxable","15":"purchasable","16":"product-type-simple","swatches":"rey-swatches","show_selected":"","stretch_labels":"rey-swatches--stretch-labels"},"acf":[],"yoast_head":"<!-- This site is optimized with the Yoast SEO plugin v25.4 - https:\/\/yoast.com\/wordpress\/plugins\/seo\/ -->\n<title>CORAVIN Model Two Noir - dev6 Erresse<\/title>\n<meta name=\"description\" content=\"Le Coravin Model Two est le syst\u00e8me innovant pour verser et conserver le vin sans compromis. Gr\u00e2ce \u00e0 la technologie brevet\u00e9e Coravin, vous pouvez d\u00e9guster\" \/>\n<meta name=\"robots\" content=\"noindex, follow, max-snippet:-1, max-image-preview:large, max-video-preview:-1\" \/>\n<meta property=\"og:locale\" content=\"fr_FR\" \/>\n<meta property=\"og:type\" content=\"article\" \/>\n<meta property=\"og:title\" content=\"CORAVIN Model Two Noir - dev6 Erresse\" \/>\n<meta property=\"og:description\" content=\"Le Coravin Model Two est le syst\u00e8me innovant pour verser et conserver le vin sans compromis. Gr\u00e2ce \u00e0 la technologie brevet\u00e9e Coravin, vous pouvez d\u00e9guster\" \/>\n<meta property=\"og:url\" content=\"https:\/\/dev6.erresse-shop.it\/fr\/shop\/table-fr-2\/vin\/aerateurs\/coravin-model-two-noir\/\" \/>\n<meta property=\"og:site_name\" content=\"dev6 Erresse\" \/>\n<meta property=\"og:image\" content=\"https:\/\/interpim.erresse-shop.it\/Import\/Prodotti\/coravin-model-two-nero.jpg\" \/><meta property=\"og:image\" content=\"https:\/\/interpim.erresse-shop.it\/Import\/Prodotti\/coravin-model-two-nero.jpg\" \/>\n\t<meta property=\"og:image:width\" content=\"1024\" \/>\n\t<meta property=\"og:image:height\" content=\"1024\" \/>\n\t<meta property=\"og:image:type\" content=\"image\/jpeg\" \/>\n<meta name=\"twitter:card\" content=\"summary_large_image\" \/>\n<meta name=\"twitter:image\" content=\"https:\/\/interpim.erresse-shop.it\/Import\/Prodotti\/coravin-model-two-nero.jpg\" \/>\n<script type=\"application\/ld+json\" class=\"yoast-schema-graph\">{\"@context\":\"https:\/\/schema.org\",\"@graph\":[{\"@type\":\"WebPage\",\"@id\":\"https:\/\/dev6.erresse-shop.it\/fr\/shop\/table-fr-2\/vin\/aerateurs\/coravin-model-two-noir\/\",\"url\":\"https:\/\/dev6.erresse-shop.it\/fr\/shop\/table-fr-2\/vin\/aerateurs\/coravin-model-two-noir\/\",\"name\":\"CORAVIN Model Two Noir - dev6 Erresse\",\"isPartOf\":{\"@id\":\"https:\/\/dev6.erresse-shop.it\/#website\"},\"primaryImageOfPage\":{\"@id\":\"https:\/\/dev6.erresse-shop.it\/fr\/shop\/table-fr-2\/vin\/aerateurs\/coravin-model-two-noir\/#primaryimage\"},\"image\":{\"@id\":\"https:\/\/dev6.erresse-shop.it\/fr\/shop\/table-fr-2\/vin\/aerateurs\/coravin-model-two-noir\/#primaryimage\"},\"thumbnailUrl\":\"https:\/\/i0.wp.com\/interpim.erresse-shop.it\/Import\/Prodotti\/coravin-model-two-nero.jpg?ssl=1\",\"datePublished\":\"2026-04-12T11:36:44+00:00\",\"description\":\"Le Coravin Model Two est le syst\u00e8me innovant pour verser et conserver le vin sans compromis. Gr\u00e2ce \u00e0 la technologie brevet\u00e9e Coravin, vous pouvez d\u00e9guster\",\"breadcrumb\":{\"@id\":\"https:\/\/dev6.erresse-shop.it\/fr\/shop\/table-fr-2\/vin\/aerateurs\/coravin-model-two-noir\/#breadcrumb\"},\"inLanguage\":\"fr-FR\",\"potentialAction\":[{\"@type\":\"ReadAction\",\"target\":[\"https:\/\/dev6.erresse-shop.it\/fr\/shop\/table-fr-2\/vin\/aerateurs\/coravin-model-two-noir\/\"]}]},{\"@type\":\"ImageObject\",\"inLanguage\":\"fr-FR\",\"@id\":\"https:\/\/dev6.erresse-shop.it\/fr\/shop\/table-fr-2\/vin\/aerateurs\/coravin-model-two-noir\/#primaryimage\",\"url\":\"https:\/\/i0.wp.com\/interpim.erresse-shop.it\/Import\/Prodotti\/coravin-model-two-nero.jpg?ssl=1\",\"contentUrl\":\"https:\/\/i0.wp.com\/interpim.erresse-shop.it\/Import\/Prodotti\/coravin-model-two-nero.jpg?ssl=1\"},{\"@type\":\"BreadcrumbList\",\"@id\":\"https:\/\/dev6.erresse-shop.it\/fr\/shop\/table-fr-2\/vin\/aerateurs\/coravin-model-two-noir\/#breadcrumb\",\"itemListElement\":[{\"@type\":\"ListItem\",\"position\":1,\"name\":\"Home\",\"item\":\"https:\/\/dev6.erresse-shop.it\/\"},{\"@type\":\"ListItem\",\"position\":2,\"name\":\"Boutique\",\"item\":\"https:\/\/dev6.erresse-shop.it\/shop\/\"},{\"@type\":\"ListItem\",\"position\":3,\"name\":\"CORAVIN Model Two Noir\"}]},{\"@type\":\"WebSite\",\"@id\":\"https:\/\/dev6.erresse-shop.it\/#website\",\"url\":\"https:\/\/dev6.erresse-shop.it\/\",\"name\":\"Erresse Shop\",\"description\":\"\",\"publisher\":{\"@id\":\"https:\/\/dev6.erresse-shop.it\/#organization\"},\"potentialAction\":[{\"@type\":\"SearchAction\",\"target\":{\"@type\":\"EntryPoint\",\"urlTemplate\":\"https:\/\/dev6.erresse-shop.it\/?s={search_term_string}\"},\"query-input\":{\"@type\":\"PropertyValueSpecification\",\"valueRequired\":true,\"valueName\":\"search_term_string\"}}],\"inLanguage\":\"fr-FR\"},{\"@type\":\"Organization\",\"@id\":\"https:\/\/dev6.erresse-shop.it\/#organization\",\"name\":\"Erresse Shop\",\"url\":\"https:\/\/dev6.erresse-shop.it\/\",\"logo\":{\"@type\":\"ImageObject\",\"inLanguage\":\"fr-FR\",\"@id\":\"https:\/\/dev6.erresse-shop.it\/#\/schema\/logo\/image\/\",\"url\":\"https:\/\/dev6.erresse-shop.it\/wp-content\/uploads\/2025\/01\/LOGO-ERRESSE-CLASSICO.svg\",\"contentUrl\":\"https:\/\/dev6.erresse-shop.it\/wp-content\/uploads\/2025\/01\/LOGO-ERRESSE-CLASSICO.svg\",\"caption\":\"Erresse Shop\"},\"image\":{\"@id\":\"https:\/\/dev6.erresse-shop.it\/#\/schema\/logo\/image\/\"}}]}<\/script>\n<!-- \/ Yoast SEO plugin. -->","yoast_head_json":{"title":"CORAVIN Model Two Noir - dev6 Erresse","description":"Le Coravin Model Two est le syst\u00e8me innovant pour verser et conserver le vin sans compromis. Gr\u00e2ce \u00e0 la technologie brevet\u00e9e Coravin, vous pouvez d\u00e9guster","robots":{"index":"noindex","follow":"follow","max-snippet":"max-snippet:-1","max-image-preview":"max-image-preview:large","max-video-preview":"max-video-preview:-1"},"og_locale":"fr_FR","og_type":"article","og_title":"CORAVIN Model Two Noir - dev6 Erresse","og_description":"Le Coravin Model Two est le syst\u00e8me innovant pour verser et conserver le vin sans compromis. Gr\u00e2ce \u00e0 la technologie brevet\u00e9e Coravin, vous pouvez d\u00e9guster","og_url":"https:\/\/dev6.erresse-shop.it\/fr\/shop\/table-fr-2\/vin\/aerateurs\/coravin-model-two-noir\/","og_site_name":"dev6 Erresse","og_image":[{"url":"https:\/\/interpim.erresse-shop.it\/Import\/Prodotti\/coravin-model-two-nero.jpg","type":"","width":"","height":""},{"url":"https:\/\/interpim.erresse-shop.it\/Import\/Prodotti\/coravin-model-two-nero.jpg","width":1024,"height":1024,"type":"image\/jpeg"}],"twitter_card":"summary_large_image","twitter_image":"https:\/\/interpim.erresse-shop.it\/Import\/Prodotti\/coravin-model-two-nero.jpg","schema":{"@context":"https:\/\/schema.org","@graph":[{"@type":"WebPage","@id":"https:\/\/dev6.erresse-shop.it\/fr\/shop\/table-fr-2\/vin\/aerateurs\/coravin-model-two-noir\/","url":"https:\/\/dev6.erresse-shop.it\/fr\/shop\/table-fr-2\/vin\/aerateurs\/coravin-model-two-noir\/","name":"CORAVIN Model Two Noir - dev6 Erresse","isPartOf":{"@id":"https:\/\/dev6.erresse-shop.it\/#website"},"primaryImageOfPage":{"@id":"https:\/\/dev6.erresse-shop.it\/fr\/shop\/table-fr-2\/vin\/aerateurs\/coravin-model-two-noir\/#primaryimage"},"image":{"@id":"https:\/\/dev6.erresse-shop.it\/fr\/shop\/table-fr-2\/vin\/aerateurs\/coravin-model-two-noir\/#primaryimage"},"thumbnailUrl":"https:\/\/i0.wp.com\/interpim.erresse-shop.it\/Import\/Prodotti\/coravin-model-two-nero.jpg?ssl=1","datePublished":"2026-04-12T11:36:44+00:00","description":"Le Coravin Model Two est le syst\u00e8me innovant pour verser et conserver le vin sans compromis. Gr\u00e2ce \u00e0 la technologie brevet\u00e9e Coravin, vous pouvez d\u00e9guster","breadcrumb":{"@id":"https:\/\/dev6.erresse-shop.it\/fr\/shop\/table-fr-2\/vin\/aerateurs\/coravin-model-two-noir\/#breadcrumb"},"inLanguage":"fr-FR","potentialAction":[{"@type":"ReadAction","target":["https:\/\/dev6.erresse-shop.it\/fr\/shop\/table-fr-2\/vin\/aerateurs\/coravin-model-two-noir\/"]}]},{"@type":"ImageObject","inLanguage":"fr-FR","@id":"https:\/\/dev6.erresse-shop.it\/fr\/shop\/table-fr-2\/vin\/aerateurs\/coravin-model-two-noir\/#primaryimage","url":"https:\/\/i0.wp.com\/interpim.erresse-shop.it\/Import\/Prodotti\/coravin-model-two-nero.jpg?ssl=1","contentUrl":"https:\/\/i0.wp.com\/interpim.erresse-shop.it\/Import\/Prodotti\/coravin-model-two-nero.jpg?ssl=1"},{"@type":"BreadcrumbList","@id":"https:\/\/dev6.erresse-shop.it\/fr\/shop\/table-fr-2\/vin\/aerateurs\/coravin-model-two-noir\/#breadcrumb","itemListElement":[{"@type":"ListItem","position":1,"name":"Home","item":"https:\/\/dev6.erresse-shop.it\/"},{"@type":"ListItem","position":2,"name":"Boutique","item":"https:\/\/dev6.erresse-shop.it\/shop\/"},{"@type":"ListItem","position":3,"name":"CORAVIN Model Two Noir"}]},{"@type":"WebSite","@id":"https:\/\/dev6.erresse-shop.it\/#website","url":"https:\/\/dev6.erresse-shop.it\/","name":"Erresse Shop","description":"","publisher":{"@id":"https:\/\/dev6.erresse-shop.it\/#organization"},"potentialAction":[{"@type":"SearchAction","target":{"@type":"EntryPoint","urlTemplate":"https:\/\/dev6.erresse-shop.it\/?s={search_term_string}"},"query-input":{"@type":"PropertyValueSpecification","valueRequired":true,"valueName":"search_term_string"}}],"inLanguage":"fr-FR"},{"@type":"Organization","@id":"https:\/\/dev6.erresse-shop.it\/#organization","name":"Erresse Shop","url":"https:\/\/dev6.erresse-shop.it\/","logo":{"@type":"ImageObject","inLanguage":"fr-FR","@id":"https:\/\/dev6.erresse-shop.it\/#\/schema\/logo\/image\/","url":"https:\/\/dev6.erresse-shop.it\/wp-content\/uploads\/2025\/01\/LOGO-ERRESSE-CLASSICO.svg","contentUrl":"https:\/\/dev6.erresse-shop.it\/wp-content\/uploads\/2025\/01\/LOGO-ERRESSE-CLASSICO.svg","caption":"Erresse Shop"},"image":{"@id":"https:\/\/dev6.erresse-shop.it\/#\/schema\/logo\/image\/"}}]}},"df_price":179,"df_sale_price":179,"df_regular_price":299,"df_image_link":"https:\/\/i0.wp.com\/interpim.erresse-shop.it\/Import\/Prodotti\/coravin-model-two-nero.jpg?resize=300,300&ssl=1","fifu_image_url":"https:\/\/interpim.erresse-shop.it\/Import\/Prodotti\/coravin-model-two-nero.jpg","_links":{"self":[{"href":"https:\/\/dev6.erresse-shop.it\/fr\/wp-json\/wp\/v2\/product\/1610181","targetHints":{"allow":["GET"]}}],"collection":[{"href":"https:\/\/dev6.erresse-shop.it\/fr\/wp-json\/wp\/v2\/product"}],"about":[{"href":"https:\/\/dev6.erresse-shop.it\/fr\/wp-json\/wp\/v2\/types\/product"}],"wp:featuredmedia":[{"embeddable":true,"href":"https:\/\/dev6.erresse-shop.it\/fr\/wp-json\/wp\/v2\/media\/6377590"}],"wp:attachment":[{"href":"https:\/\/dev6.erresse-shop.it\/fr\/wp-json\/wp\/v2\/media?parent=1610181"}],"wp:term":[{"taxonomy":"product_cat","embeddable":true,"href":"https:\/\/dev6.erresse-shop.it\/fr\/wp-json\/wp\/v2\/product_cat?post=1610181"},{"taxonomy":"product_tag","embeddable":true,"href":"https:\/\/dev6.erresse-shop.it\/fr\/wp-json\/wp\/v2\/product_tag?post=1610181"}],"curies":[{"name":"wp","href":"https:\/\/api.w.org\/{rel}","templated":true}]}}