{"id":1610173,"date":"2026-04-12T13:36:44","date_gmt":"2026-04-12T11:36:44","guid":{"rendered":"https:\/\/dev6.erresse-shop.it\/shop\/non%20class\u00e9\/zwilling-fresh-save-set-sous-vide-en-plastique-7-pieces-la-mer\/"},"modified":"2025-09-14T06:47:00","modified_gmt":"2025-09-14T04:47:00","slug":"zwilling-fresh-save-set-sous-vide-en-plastique-7-pieces-la-mer","status":"publish","type":"product","link":"https:\/\/dev6.erresse-shop.it\/fr\/shop\/cuisine\/sous-vide\/zwilling-fresh-save-set-sous-vide-en-plastique-7-pieces-la-mer\/","title":{"rendered":"ZWILLING Fresh &#038; Save Set sous vide en plastique 7 pi\u00e8ces La Mer"},"content":{"rendered":"<p>La machine \u00e0 emballer sous vide Zwilling\u00a0: les aliments restent frais jusqu\u2019\u00e0 5 fois plus longtemps qu\u2019avec un stockage conventionnel, et avec la fonction FRESH &amp; \u00c9CONOMISEZ, les saveurs et les nutriments sont pr\u00e9serv\u00e9s. De cette fa\u00e7on, vous \u00e9conomisez non seulement du temps et de l\u2019argent, mais vous \u00e9vitez \u00e9galement le gaspillage alimentaire.<\/p>\n<p>Fra\u00eecheur avec emballage sous vide : Lorsque vous appuyez sur le bouton, la pompe FRESH &amp; vacuum commence \u00e0 sceller les aliments. SAVE, pratique et sans fil, aspire l\u2019air du r\u00e9cipient ou du sac en quelques secondes seulement. L\u2019appareil s\u2019arr\u00eate automatiquement d\u00e8s que la bonne quantit\u00e9 d\u2019air est extraite.<\/p>\n<p>Contenants sous vide\u00a0: Contenants FRAIS et sous vide SAVE, incassables et fabriqu\u00e9s en plastique sans BPA, sont extr\u00eamement polyvalents. Que vous les utilisiez au micro-ondes, au cong\u00e9lateur ou au r\u00e9frig\u00e9rateur, ces contenants l\u00e9gers ne vous laisseront jamais tomber et vont au lave-vaisselle.<\/p>\n<p>Sacs sous vide peu encombrants\u00a0: les aliments peuvent \u00eatre conserv\u00e9s herm\u00e9tiquement au cong\u00e9lateur et au r\u00e9frig\u00e9rateur gr\u00e2ce \u00e0 la fonction de fermeture \u00e0 glissi\u00e8re des sacs sous vide durables FRESH &amp; SAUVEGARDER. Les sacs r\u00e9utilisables et pr\u00e9servant la fra\u00eecheur, qui comprennent un accessoire de marinade, sont id\u00e9aux pour la cuisson sous vide et la marinade.<\/p>\n<p>CONTENU DU COLIS\u00a0: <\/p>\n<p>1 pompe \u00e0 vide (\u00d8 4,5 cm, H 19,5 cm)<br \/>\n1 r\u00e9cipient sous vide, en verre borosilicat\u00e9, taille L (2,3 L, 22 x 15 x 12 cm),<br \/>\n2 sacs sous vide, taille S (1,25 L, 23 x 20 cm),<br \/>\n2 sacs sous vide, taille M (4 L, 35 x 26 cm),<br \/>\n1 sac sous vide, taille L (8,5 L, 49 x 30 cm), avec fermeture \u00e9clair et accessoire de marinade<\/p>\n<p>Les aliments restent frais plus longtemps gr\u00e2ce \u00e0 la fonction sous vide<\/p>\n<p>Surveillance facile de la dur\u00e9e de conservation des aliments via un code QR et une application<\/p>\n","protected":false},"excerpt":{"rendered":"<p>La machine \u00e0 emballer sous vide Zwilling\u00a0: les aliments restent frais jusqu\u2019\u00e0 5 fois plus longtemps qu\u2019avec un stockage conventionnel, et avec la fonction FRESH &amp; \u00c9CONOMISEZ, les saveurs et les nutriments sont pr\u00e9serv\u00e9s. De cette fa\u00e7on, vous \u00e9conomisez non seulement du temps et de l\u2019argent, mais vous \u00e9vitez \u00e9galement le gaspillage alimentaire. Fra\u00eecheur avec [&hellip;]<\/p>\n","protected":false},"featured_media":6377533,"template":"","meta":{"_acf_changed":false},"product_cat":[11992,12095],"product_tag":[],"class_list":{"0":"post-1610173","1":"product","2":"type-product","3":"status-publish","4":"has-post-thumbnail","6":"product_cat-cuisine","7":"product_cat-sous-vide","9":"first","10":"instock","11":"sale","12":"taxable","13":"shipping-taxable","14":"purchasable","15":"product-type-simple","swatches":"rey-swatches","show_selected":"","stretch_labels":"rey-swatches--stretch-labels"},"acf":[],"yoast_head":"<!-- This site is optimized with the Yoast SEO plugin v25.4 - https:\/\/yoast.com\/wordpress\/plugins\/seo\/ -->\n<title>ZWILLING Fresh &#038; Save Set sous vide en plastique 7 pi\u00e8ces La Mer - dev6 Erresse<\/title>\n<meta name=\"description\" content=\"La machine \u00e0 emballer sous vide Zwilling\u00a0: les aliments restent frais jusqu\u2019\u00e0 5 fois plus longtemps qu\u2019avec un stockage conventionnel, et avec la fonction\" \/>\n<meta name=\"robots\" content=\"noindex, follow, max-snippet:-1, max-image-preview:large, max-video-preview:-1\" \/>\n<meta property=\"og:locale\" content=\"fr_FR\" \/>\n<meta property=\"og:type\" content=\"article\" \/>\n<meta property=\"og:title\" content=\"ZWILLING Fresh &#038; Save Set sous vide en plastique 7 pi\u00e8ces La Mer - dev6 Erresse\" \/>\n<meta property=\"og:description\" content=\"La machine \u00e0 emballer sous vide Zwilling\u00a0: les aliments restent frais jusqu\u2019\u00e0 5 fois plus longtemps qu\u2019avec un stockage conventionnel, et avec la fonction\" \/>\n<meta property=\"og:url\" content=\"https:\/\/dev6.erresse-shop.it\/fr\/shop\/cuisine\/sous-vide\/zwilling-fresh-save-set-sous-vide-en-plastique-7-pieces-la-mer\/\" \/>\n<meta property=\"og:site_name\" content=\"dev6 Erresse\" \/>\n<meta property=\"og:image\" content=\"https:\/\/interpim.erresse-shop.it\/Import\/Prodotti\/zwilling-set-sottovuoto-freshsave-in-plastica-7-pezzi-la-mer.jpg\" \/><meta property=\"og:image\" content=\"https:\/\/interpim.erresse-shop.it\/Import\/Prodotti\/zwilling-set-sottovuoto-freshsave-in-plastica-7-pezzi-la-mer.jpg\" \/>\n\t<meta property=\"og:image:width\" content=\"1024\" \/>\n\t<meta property=\"og:image:height\" content=\"1024\" \/>\n\t<meta property=\"og:image:type\" content=\"image\/jpeg\" \/>\n<meta name=\"twitter:card\" content=\"summary_large_image\" \/>\n<meta name=\"twitter:image\" content=\"https:\/\/interpim.erresse-shop.it\/Import\/Prodotti\/zwilling-set-sottovuoto-freshsave-in-plastica-7-pezzi-la-mer.jpg\" \/>\n<script type=\"application\/ld+json\" class=\"yoast-schema-graph\">{\"@context\":\"https:\/\/schema.org\",\"@graph\":[{\"@type\":\"WebPage\",\"@id\":\"https:\/\/dev6.erresse-shop.it\/fr\/shop\/cuisine\/sous-vide\/zwilling-fresh-save-set-sous-vide-en-plastique-7-pieces-la-mer\/\",\"url\":\"https:\/\/dev6.erresse-shop.it\/fr\/shop\/cuisine\/sous-vide\/zwilling-fresh-save-set-sous-vide-en-plastique-7-pieces-la-mer\/\",\"name\":\"ZWILLING Fresh &#038; Save Set sous vide en plastique 7 pi\u00e8ces La Mer - dev6 Erresse\",\"isPartOf\":{\"@id\":\"https:\/\/dev6.erresse-shop.it\/#website\"},\"primaryImageOfPage\":{\"@id\":\"https:\/\/dev6.erresse-shop.it\/fr\/shop\/cuisine\/sous-vide\/zwilling-fresh-save-set-sous-vide-en-plastique-7-pieces-la-mer\/#primaryimage\"},\"image\":{\"@id\":\"https:\/\/dev6.erresse-shop.it\/fr\/shop\/cuisine\/sous-vide\/zwilling-fresh-save-set-sous-vide-en-plastique-7-pieces-la-mer\/#primaryimage\"},\"thumbnailUrl\":\"https:\/\/i1.wp.com\/interpim.erresse-shop.it\/Import\/Prodotti\/zwilling-set-sottovuoto-freshsave-in-plastica-7-pezzi-la-mer.jpg?ssl=1\",\"datePublished\":\"2026-04-12T11:36:44+00:00\",\"description\":\"La machine \u00e0 emballer sous vide Zwilling\u00a0: les aliments restent frais jusqu\u2019\u00e0 5 fois plus longtemps qu\u2019avec un stockage conventionnel, et avec la fonction\",\"breadcrumb\":{\"@id\":\"https:\/\/dev6.erresse-shop.it\/fr\/shop\/cuisine\/sous-vide\/zwilling-fresh-save-set-sous-vide-en-plastique-7-pieces-la-mer\/#breadcrumb\"},\"inLanguage\":\"fr-FR\",\"potentialAction\":[{\"@type\":\"ReadAction\",\"target\":[\"https:\/\/dev6.erresse-shop.it\/fr\/shop\/cuisine\/sous-vide\/zwilling-fresh-save-set-sous-vide-en-plastique-7-pieces-la-mer\/\"]}]},{\"@type\":\"ImageObject\",\"inLanguage\":\"fr-FR\",\"@id\":\"https:\/\/dev6.erresse-shop.it\/fr\/shop\/cuisine\/sous-vide\/zwilling-fresh-save-set-sous-vide-en-plastique-7-pieces-la-mer\/#primaryimage\",\"url\":\"https:\/\/i1.wp.com\/interpim.erresse-shop.it\/Import\/Prodotti\/zwilling-set-sottovuoto-freshsave-in-plastica-7-pezzi-la-mer.jpg?ssl=1\",\"contentUrl\":\"https:\/\/i1.wp.com\/interpim.erresse-shop.it\/Import\/Prodotti\/zwilling-set-sottovuoto-freshsave-in-plastica-7-pezzi-la-mer.jpg?ssl=1\"},{\"@type\":\"BreadcrumbList\",\"@id\":\"https:\/\/dev6.erresse-shop.it\/fr\/shop\/cuisine\/sous-vide\/zwilling-fresh-save-set-sous-vide-en-plastique-7-pieces-la-mer\/#breadcrumb\",\"itemListElement\":[{\"@type\":\"ListItem\",\"position\":1,\"name\":\"Home\",\"item\":\"https:\/\/dev6.erresse-shop.it\/\"},{\"@type\":\"ListItem\",\"position\":2,\"name\":\"Boutique\",\"item\":\"https:\/\/dev6.erresse-shop.it\/shop\/\"},{\"@type\":\"ListItem\",\"position\":3,\"name\":\"ZWILLING Fresh &#038; Save Set sous vide en plastique 7 pi\u00e8ces La Mer\"}]},{\"@type\":\"WebSite\",\"@id\":\"https:\/\/dev6.erresse-shop.it\/#website\",\"url\":\"https:\/\/dev6.erresse-shop.it\/\",\"name\":\"Erresse Shop\",\"description\":\"\",\"publisher\":{\"@id\":\"https:\/\/dev6.erresse-shop.it\/#organization\"},\"potentialAction\":[{\"@type\":\"SearchAction\",\"target\":{\"@type\":\"EntryPoint\",\"urlTemplate\":\"https:\/\/dev6.erresse-shop.it\/?s={search_term_string}\"},\"query-input\":{\"@type\":\"PropertyValueSpecification\",\"valueRequired\":true,\"valueName\":\"search_term_string\"}}],\"inLanguage\":\"fr-FR\"},{\"@type\":\"Organization\",\"@id\":\"https:\/\/dev6.erresse-shop.it\/#organization\",\"name\":\"Erresse Shop\",\"url\":\"https:\/\/dev6.erresse-shop.it\/\",\"logo\":{\"@type\":\"ImageObject\",\"inLanguage\":\"fr-FR\",\"@id\":\"https:\/\/dev6.erresse-shop.it\/#\/schema\/logo\/image\/\",\"url\":\"https:\/\/dev6.erresse-shop.it\/wp-content\/uploads\/2025\/01\/LOGO-ERRESSE-CLASSICO.svg\",\"contentUrl\":\"https:\/\/dev6.erresse-shop.it\/wp-content\/uploads\/2025\/01\/LOGO-ERRESSE-CLASSICO.svg\",\"caption\":\"Erresse Shop\"},\"image\":{\"@id\":\"https:\/\/dev6.erresse-shop.it\/#\/schema\/logo\/image\/\"}}]}<\/script>\n<!-- \/ Yoast SEO plugin. -->","yoast_head_json":{"title":"ZWILLING Fresh &#038; Save Set sous vide en plastique 7 pi\u00e8ces La Mer - dev6 Erresse","description":"La machine \u00e0 emballer sous vide Zwilling\u00a0: les aliments restent frais jusqu\u2019\u00e0 5 fois plus longtemps qu\u2019avec un stockage conventionnel, et avec la fonction","robots":{"index":"noindex","follow":"follow","max-snippet":"max-snippet:-1","max-image-preview":"max-image-preview:large","max-video-preview":"max-video-preview:-1"},"og_locale":"fr_FR","og_type":"article","og_title":"ZWILLING Fresh &#038; Save Set sous vide en plastique 7 pi\u00e8ces La Mer - dev6 Erresse","og_description":"La machine \u00e0 emballer sous vide Zwilling\u00a0: les aliments restent frais jusqu\u2019\u00e0 5 fois plus longtemps qu\u2019avec un stockage conventionnel, et avec la fonction","og_url":"https:\/\/dev6.erresse-shop.it\/fr\/shop\/cuisine\/sous-vide\/zwilling-fresh-save-set-sous-vide-en-plastique-7-pieces-la-mer\/","og_site_name":"dev6 Erresse","og_image":[{"url":"https:\/\/interpim.erresse-shop.it\/Import\/Prodotti\/zwilling-set-sottovuoto-freshsave-in-plastica-7-pezzi-la-mer.jpg","type":"","width":"","height":""},{"url":"https:\/\/interpim.erresse-shop.it\/Import\/Prodotti\/zwilling-set-sottovuoto-freshsave-in-plastica-7-pezzi-la-mer.jpg","width":1024,"height":1024,"type":"image\/jpeg"}],"twitter_card":"summary_large_image","twitter_image":"https:\/\/interpim.erresse-shop.it\/Import\/Prodotti\/zwilling-set-sottovuoto-freshsave-in-plastica-7-pezzi-la-mer.jpg","schema":{"@context":"https:\/\/schema.org","@graph":[{"@type":"WebPage","@id":"https:\/\/dev6.erresse-shop.it\/fr\/shop\/cuisine\/sous-vide\/zwilling-fresh-save-set-sous-vide-en-plastique-7-pieces-la-mer\/","url":"https:\/\/dev6.erresse-shop.it\/fr\/shop\/cuisine\/sous-vide\/zwilling-fresh-save-set-sous-vide-en-plastique-7-pieces-la-mer\/","name":"ZWILLING Fresh &#038; Save Set sous vide en plastique 7 pi\u00e8ces La Mer - dev6 Erresse","isPartOf":{"@id":"https:\/\/dev6.erresse-shop.it\/#website"},"primaryImageOfPage":{"@id":"https:\/\/dev6.erresse-shop.it\/fr\/shop\/cuisine\/sous-vide\/zwilling-fresh-save-set-sous-vide-en-plastique-7-pieces-la-mer\/#primaryimage"},"image":{"@id":"https:\/\/dev6.erresse-shop.it\/fr\/shop\/cuisine\/sous-vide\/zwilling-fresh-save-set-sous-vide-en-plastique-7-pieces-la-mer\/#primaryimage"},"thumbnailUrl":"https:\/\/i1.wp.com\/interpim.erresse-shop.it\/Import\/Prodotti\/zwilling-set-sottovuoto-freshsave-in-plastica-7-pezzi-la-mer.jpg?ssl=1","datePublished":"2026-04-12T11:36:44+00:00","description":"La machine \u00e0 emballer sous vide Zwilling\u00a0: les aliments restent frais jusqu\u2019\u00e0 5 fois plus longtemps qu\u2019avec un stockage conventionnel, et avec la fonction","breadcrumb":{"@id":"https:\/\/dev6.erresse-shop.it\/fr\/shop\/cuisine\/sous-vide\/zwilling-fresh-save-set-sous-vide-en-plastique-7-pieces-la-mer\/#breadcrumb"},"inLanguage":"fr-FR","potentialAction":[{"@type":"ReadAction","target":["https:\/\/dev6.erresse-shop.it\/fr\/shop\/cuisine\/sous-vide\/zwilling-fresh-save-set-sous-vide-en-plastique-7-pieces-la-mer\/"]}]},{"@type":"ImageObject","inLanguage":"fr-FR","@id":"https:\/\/dev6.erresse-shop.it\/fr\/shop\/cuisine\/sous-vide\/zwilling-fresh-save-set-sous-vide-en-plastique-7-pieces-la-mer\/#primaryimage","url":"https:\/\/i1.wp.com\/interpim.erresse-shop.it\/Import\/Prodotti\/zwilling-set-sottovuoto-freshsave-in-plastica-7-pezzi-la-mer.jpg?ssl=1","contentUrl":"https:\/\/i1.wp.com\/interpim.erresse-shop.it\/Import\/Prodotti\/zwilling-set-sottovuoto-freshsave-in-plastica-7-pezzi-la-mer.jpg?ssl=1"},{"@type":"BreadcrumbList","@id":"https:\/\/dev6.erresse-shop.it\/fr\/shop\/cuisine\/sous-vide\/zwilling-fresh-save-set-sous-vide-en-plastique-7-pieces-la-mer\/#breadcrumb","itemListElement":[{"@type":"ListItem","position":1,"name":"Home","item":"https:\/\/dev6.erresse-shop.it\/"},{"@type":"ListItem","position":2,"name":"Boutique","item":"https:\/\/dev6.erresse-shop.it\/shop\/"},{"@type":"ListItem","position":3,"name":"ZWILLING Fresh &#038; Save Set sous vide en plastique 7 pi\u00e8ces La Mer"}]},{"@type":"WebSite","@id":"https:\/\/dev6.erresse-shop.it\/#website","url":"https:\/\/dev6.erresse-shop.it\/","name":"Erresse Shop","description":"","publisher":{"@id":"https:\/\/dev6.erresse-shop.it\/#organization"},"potentialAction":[{"@type":"SearchAction","target":{"@type":"EntryPoint","urlTemplate":"https:\/\/dev6.erresse-shop.it\/?s={search_term_string}"},"query-input":{"@type":"PropertyValueSpecification","valueRequired":true,"valueName":"search_term_string"}}],"inLanguage":"fr-FR"},{"@type":"Organization","@id":"https:\/\/dev6.erresse-shop.it\/#organization","name":"Erresse Shop","url":"https:\/\/dev6.erresse-shop.it\/","logo":{"@type":"ImageObject","inLanguage":"fr-FR","@id":"https:\/\/dev6.erresse-shop.it\/#\/schema\/logo\/image\/","url":"https:\/\/dev6.erresse-shop.it\/wp-content\/uploads\/2025\/01\/LOGO-ERRESSE-CLASSICO.svg","contentUrl":"https:\/\/dev6.erresse-shop.it\/wp-content\/uploads\/2025\/01\/LOGO-ERRESSE-CLASSICO.svg","caption":"Erresse Shop"},"image":{"@id":"https:\/\/dev6.erresse-shop.it\/#\/schema\/logo\/image\/"}}]}},"df_price":62,"df_sale_price":62,"df_regular_price":75,"df_image_link":"https:\/\/i1.wp.com\/interpim.erresse-shop.it\/Import\/Prodotti\/zwilling-set-sottovuoto-freshsave-in-plastica-7-pezzi-la-mer.jpg?resize=300,300&ssl=1","fifu_image_url":"https:\/\/interpim.erresse-shop.it\/Import\/Prodotti\/zwilling-set-sottovuoto-freshsave-in-plastica-7-pezzi-la-mer.jpg","_links":{"self":[{"href":"https:\/\/dev6.erresse-shop.it\/fr\/wp-json\/wp\/v2\/product\/1610173","targetHints":{"allow":["GET"]}}],"collection":[{"href":"https:\/\/dev6.erresse-shop.it\/fr\/wp-json\/wp\/v2\/product"}],"about":[{"href":"https:\/\/dev6.erresse-shop.it\/fr\/wp-json\/wp\/v2\/types\/product"}],"wp:featuredmedia":[{"embeddable":true,"href":"https:\/\/dev6.erresse-shop.it\/fr\/wp-json\/wp\/v2\/media\/6377533"}],"wp:attachment":[{"href":"https:\/\/dev6.erresse-shop.it\/fr\/wp-json\/wp\/v2\/media?parent=1610173"}],"wp:term":[{"taxonomy":"product_cat","embeddable":true,"href":"https:\/\/dev6.erresse-shop.it\/fr\/wp-json\/wp\/v2\/product_cat?post=1610173"},{"taxonomy":"product_tag","embeddable":true,"href":"https:\/\/dev6.erresse-shop.it\/fr\/wp-json\/wp\/v2\/product_tag?post=1610173"}],"curies":[{"name":"wp","href":"https:\/\/api.w.org\/{rel}","templated":true}]}}