{"id":1610171,"date":"2026-04-12T13:36:44","date_gmt":"2026-04-12T11:36:44","guid":{"rendered":"https:\/\/dev6.erresse-shop.it\/shop\/non%20class\u00e9\/staub-cocotte-en-fonte-avec-couvercle-20-cm-gris-graphite\/"},"modified":"2025-09-14T06:46:56","modified_gmt":"2025-09-14T04:46:56","slug":"staub-cocotte-en-fonte-avec-couvercle-20-cm-gris-graphite","status":"publish","type":"product","link":"https:\/\/dev6.erresse-shop.it\/fr\/shop\/poeles-pots\/casseroles\/staub-cocotte-en-fonte-avec-couvercle-20-cm-gris-graphite\/","title":{"rendered":"STAUB Cocotte en fonte avec couvercle 20 cm Gris Graphite"},"content":{"rendered":"<p>La casserole ronde avec couvercle de la gamme Staub Cookware convient \u00e0 tout type de cuisini\u00e8re, y compris les plaques \u00e0 induction. La r\u00e9partition uniforme de la chaleur le rend parfait pour une cuisson saine et douce. Cuisin\u00e9s en cocotte, les l\u00e9gumes frais conservent toutes leurs vitamines et leurs nutriments les plus importants. Avec une capacit\u00e9 de 0,75 litre et un diam\u00e8tre de 20 cm, le plat de cuisson est particuli\u00e8rement adapt\u00e9 \u00e0 la pr\u00e9paration de portions individuelles. L\u2019avantage de ce plat de cuisson gris graphite est que vous pouvez le passer directement du four \u00e0 la table. Sa forme classique avec ses poign\u00e9es pratiques sur les c\u00f4t\u00e9s facilite sa manipulation et son rangement. Les cocottes Staub peuvent \u00eatre utilis\u00e9es non seulement au four. Une fois les ingr\u00e9dients saisis, vous pouvez les mettre au four pour les cuire jusqu\u2019\u00e0 ce qu\u2019ils soient compl\u00e8tement dor\u00e9s. Les r\u00e9sultats de cuisson obtenus avec cette marmite Staub vous raviront.<\/p>\n<p>Pr\u00e9parer et servir<\/p>\n<p>Caract\u00e9ristiques\u00a0:<\/p>\n<p>R\u00e9sistance \u00e0 la chaleur\u00a0:260\u00a0\u00baC<br \/>\nR\u00e9sistance au froid\u00a0:-20\u00a0\u00baC<br \/>\nMat\u00e9riau\u00a0:fonte<br \/>\nType de poign\u00e9e\u00a0:bouton de couvercle<br \/>\nRev\u00eatement int\u00e9rieur\u00a0:\u00e9mail<br \/>\nInduction\u00a0:Oui<br \/>\nPasse au four\u00a0:Oui<br \/>\nCong\u00e9lateur\u00a0:Oui<br \/>\nPasse au micro-ondes\u00a0:Oui<br \/>\nLave-vaisselle\u00a0:Oui<\/p>\n<p>Dimensions\u00a0:<\/p>\n<p>Poids net\u00a0:2,21 kg<br \/>\nCapacit\u00e9\u00a0:0,75 l<br \/>\nLongueur du produit\u00a0:26,00 cm<br \/>\nLargeur du produit\u00a0:20,40 cm<br \/>\nHauteur du produit\u00a0:8,60 cm<br \/>\nDiam\u00e8tre sup\u00e9rieur\u00a0:20,00 cm<br \/>\nDiam\u00e8tre du fond\u00a0:17,00 cm<\/p>\n","protected":false},"excerpt":{"rendered":"<p>La casserole ronde avec couvercle de la gamme Staub Cookware convient \u00e0 tout type de cuisini\u00e8re, y compris les plaques \u00e0 induction. La r\u00e9partition uniforme de la chaleur le rend parfait pour une cuisson saine et douce. Cuisin\u00e9s en cocotte, les l\u00e9gumes frais conservent toutes leurs vitamines et leurs nutriments les plus importants. Avec une [&hellip;]<\/p>\n","protected":false},"featured_media":6377522,"template":"","meta":{"_acf_changed":false},"product_cat":[12001,11991],"product_tag":[],"class_list":{"0":"post-1610171","1":"product","2":"type-product","3":"status-publish","4":"has-post-thumbnail","6":"product_cat-casseroles","7":"product_cat-poeles-pots","9":"first","10":"instock","11":"sale","12":"taxable","13":"shipping-taxable","14":"purchasable","15":"product-type-simple","swatches":"rey-swatches","show_selected":"","stretch_labels":"rey-swatches--stretch-labels"},"acf":[],"yoast_head":"<!-- This site is optimized with the Yoast SEO plugin v25.4 - https:\/\/yoast.com\/wordpress\/plugins\/seo\/ -->\n<title>STAUB Cocotte en fonte avec couvercle 20 cm Gris Graphite - dev6 Erresse<\/title>\n<meta name=\"description\" content=\"La casserole ronde avec couvercle de la gamme Staub Cookware convient \u00e0 tout type de cuisini\u00e8re, y compris les plaques \u00e0 induction. La r\u00e9partition\" \/>\n<meta name=\"robots\" content=\"noindex, follow, max-snippet:-1, max-image-preview:large, max-video-preview:-1\" \/>\n<meta property=\"og:locale\" content=\"fr_FR\" \/>\n<meta property=\"og:type\" content=\"article\" \/>\n<meta property=\"og:title\" content=\"STAUB Cocotte en fonte avec couvercle 20 cm Gris Graphite - dev6 Erresse\" \/>\n<meta property=\"og:description\" content=\"La casserole ronde avec couvercle de la gamme Staub Cookware convient \u00e0 tout type de cuisini\u00e8re, y compris les plaques \u00e0 induction. La r\u00e9partition\" \/>\n<meta property=\"og:url\" content=\"https:\/\/dev6.erresse-shop.it\/fr\/shop\/poeles-pots\/casseroles\/staub-cocotte-en-fonte-avec-couvercle-20-cm-gris-graphite\/\" \/>\n<meta property=\"og:site_name\" content=\"dev6 Erresse\" \/>\n<meta property=\"og:image\" content=\"https:\/\/interpim.erresse-shop.it\/Import\/Prodotti\/staub-pirofila-tonda-in-ghisa-20-cm-grigio-grafite.jpg\" \/><meta property=\"og:image\" content=\"https:\/\/interpim.erresse-shop.it\/Import\/Prodotti\/staub-pirofila-tonda-in-ghisa-20-cm-grigio-grafite.jpg\" \/>\n\t<meta property=\"og:image:width\" content=\"1024\" \/>\n\t<meta property=\"og:image:height\" content=\"1024\" \/>\n\t<meta property=\"og:image:type\" content=\"image\/jpeg\" \/>\n<meta name=\"twitter:card\" content=\"summary_large_image\" \/>\n<meta name=\"twitter:image\" content=\"https:\/\/interpim.erresse-shop.it\/Import\/Prodotti\/staub-pirofila-tonda-in-ghisa-20-cm-grigio-grafite.jpg\" \/>\n<script type=\"application\/ld+json\" class=\"yoast-schema-graph\">{\"@context\":\"https:\/\/schema.org\",\"@graph\":[{\"@type\":\"WebPage\",\"@id\":\"https:\/\/dev6.erresse-shop.it\/fr\/shop\/poeles-pots\/casseroles\/staub-cocotte-en-fonte-avec-couvercle-20-cm-gris-graphite\/\",\"url\":\"https:\/\/dev6.erresse-shop.it\/fr\/shop\/poeles-pots\/casseroles\/staub-cocotte-en-fonte-avec-couvercle-20-cm-gris-graphite\/\",\"name\":\"STAUB Cocotte en fonte avec couvercle 20 cm Gris Graphite - dev6 Erresse\",\"isPartOf\":{\"@id\":\"https:\/\/dev6.erresse-shop.it\/#website\"},\"primaryImageOfPage\":{\"@id\":\"https:\/\/dev6.erresse-shop.it\/fr\/shop\/poeles-pots\/casseroles\/staub-cocotte-en-fonte-avec-couvercle-20-cm-gris-graphite\/#primaryimage\"},\"image\":{\"@id\":\"https:\/\/dev6.erresse-shop.it\/fr\/shop\/poeles-pots\/casseroles\/staub-cocotte-en-fonte-avec-couvercle-20-cm-gris-graphite\/#primaryimage\"},\"thumbnailUrl\":\"https:\/\/i3.wp.com\/interpim.erresse-shop.it\/Import\/Prodotti\/staub-pirofila-tonda-in-ghisa-20-cm-grigio-grafite.jpg?ssl=1\",\"datePublished\":\"2026-04-12T11:36:44+00:00\",\"description\":\"La casserole ronde avec couvercle de la gamme Staub Cookware convient \u00e0 tout type de cuisini\u00e8re, y compris les plaques \u00e0 induction. La r\u00e9partition\",\"breadcrumb\":{\"@id\":\"https:\/\/dev6.erresse-shop.it\/fr\/shop\/poeles-pots\/casseroles\/staub-cocotte-en-fonte-avec-couvercle-20-cm-gris-graphite\/#breadcrumb\"},\"inLanguage\":\"fr-FR\",\"potentialAction\":[{\"@type\":\"ReadAction\",\"target\":[\"https:\/\/dev6.erresse-shop.it\/fr\/shop\/poeles-pots\/casseroles\/staub-cocotte-en-fonte-avec-couvercle-20-cm-gris-graphite\/\"]}]},{\"@type\":\"ImageObject\",\"inLanguage\":\"fr-FR\",\"@id\":\"https:\/\/dev6.erresse-shop.it\/fr\/shop\/poeles-pots\/casseroles\/staub-cocotte-en-fonte-avec-couvercle-20-cm-gris-graphite\/#primaryimage\",\"url\":\"https:\/\/i3.wp.com\/interpim.erresse-shop.it\/Import\/Prodotti\/staub-pirofila-tonda-in-ghisa-20-cm-grigio-grafite.jpg?ssl=1\",\"contentUrl\":\"https:\/\/i3.wp.com\/interpim.erresse-shop.it\/Import\/Prodotti\/staub-pirofila-tonda-in-ghisa-20-cm-grigio-grafite.jpg?ssl=1\"},{\"@type\":\"BreadcrumbList\",\"@id\":\"https:\/\/dev6.erresse-shop.it\/fr\/shop\/poeles-pots\/casseroles\/staub-cocotte-en-fonte-avec-couvercle-20-cm-gris-graphite\/#breadcrumb\",\"itemListElement\":[{\"@type\":\"ListItem\",\"position\":1,\"name\":\"Home\",\"item\":\"https:\/\/dev6.erresse-shop.it\/\"},{\"@type\":\"ListItem\",\"position\":2,\"name\":\"Boutique\",\"item\":\"https:\/\/dev6.erresse-shop.it\/shop\/\"},{\"@type\":\"ListItem\",\"position\":3,\"name\":\"STAUB Cocotte en fonte avec couvercle 20 cm Gris Graphite\"}]},{\"@type\":\"WebSite\",\"@id\":\"https:\/\/dev6.erresse-shop.it\/#website\",\"url\":\"https:\/\/dev6.erresse-shop.it\/\",\"name\":\"Erresse Shop\",\"description\":\"\",\"publisher\":{\"@id\":\"https:\/\/dev6.erresse-shop.it\/#organization\"},\"potentialAction\":[{\"@type\":\"SearchAction\",\"target\":{\"@type\":\"EntryPoint\",\"urlTemplate\":\"https:\/\/dev6.erresse-shop.it\/?s={search_term_string}\"},\"query-input\":{\"@type\":\"PropertyValueSpecification\",\"valueRequired\":true,\"valueName\":\"search_term_string\"}}],\"inLanguage\":\"fr-FR\"},{\"@type\":\"Organization\",\"@id\":\"https:\/\/dev6.erresse-shop.it\/#organization\",\"name\":\"Erresse Shop\",\"url\":\"https:\/\/dev6.erresse-shop.it\/\",\"logo\":{\"@type\":\"ImageObject\",\"inLanguage\":\"fr-FR\",\"@id\":\"https:\/\/dev6.erresse-shop.it\/#\/schema\/logo\/image\/\",\"url\":\"https:\/\/dev6.erresse-shop.it\/wp-content\/uploads\/2025\/01\/LOGO-ERRESSE-CLASSICO.svg\",\"contentUrl\":\"https:\/\/dev6.erresse-shop.it\/wp-content\/uploads\/2025\/01\/LOGO-ERRESSE-CLASSICO.svg\",\"caption\":\"Erresse Shop\"},\"image\":{\"@id\":\"https:\/\/dev6.erresse-shop.it\/#\/schema\/logo\/image\/\"}}]}<\/script>\n<!-- \/ Yoast SEO plugin. -->","yoast_head_json":{"title":"STAUB Cocotte en fonte avec couvercle 20 cm Gris Graphite - dev6 Erresse","description":"La casserole ronde avec couvercle de la gamme Staub Cookware convient \u00e0 tout type de cuisini\u00e8re, y compris les plaques \u00e0 induction. La r\u00e9partition","robots":{"index":"noindex","follow":"follow","max-snippet":"max-snippet:-1","max-image-preview":"max-image-preview:large","max-video-preview":"max-video-preview:-1"},"og_locale":"fr_FR","og_type":"article","og_title":"STAUB Cocotte en fonte avec couvercle 20 cm Gris Graphite - dev6 Erresse","og_description":"La casserole ronde avec couvercle de la gamme Staub Cookware convient \u00e0 tout type de cuisini\u00e8re, y compris les plaques \u00e0 induction. La r\u00e9partition","og_url":"https:\/\/dev6.erresse-shop.it\/fr\/shop\/poeles-pots\/casseroles\/staub-cocotte-en-fonte-avec-couvercle-20-cm-gris-graphite\/","og_site_name":"dev6 Erresse","og_image":[{"url":"https:\/\/interpim.erresse-shop.it\/Import\/Prodotti\/staub-pirofila-tonda-in-ghisa-20-cm-grigio-grafite.jpg","type":"","width":"","height":""},{"url":"https:\/\/interpim.erresse-shop.it\/Import\/Prodotti\/staub-pirofila-tonda-in-ghisa-20-cm-grigio-grafite.jpg","width":1024,"height":1024,"type":"image\/jpeg"}],"twitter_card":"summary_large_image","twitter_image":"https:\/\/interpim.erresse-shop.it\/Import\/Prodotti\/staub-pirofila-tonda-in-ghisa-20-cm-grigio-grafite.jpg","schema":{"@context":"https:\/\/schema.org","@graph":[{"@type":"WebPage","@id":"https:\/\/dev6.erresse-shop.it\/fr\/shop\/poeles-pots\/casseroles\/staub-cocotte-en-fonte-avec-couvercle-20-cm-gris-graphite\/","url":"https:\/\/dev6.erresse-shop.it\/fr\/shop\/poeles-pots\/casseroles\/staub-cocotte-en-fonte-avec-couvercle-20-cm-gris-graphite\/","name":"STAUB Cocotte en fonte avec couvercle 20 cm Gris Graphite - dev6 Erresse","isPartOf":{"@id":"https:\/\/dev6.erresse-shop.it\/#website"},"primaryImageOfPage":{"@id":"https:\/\/dev6.erresse-shop.it\/fr\/shop\/poeles-pots\/casseroles\/staub-cocotte-en-fonte-avec-couvercle-20-cm-gris-graphite\/#primaryimage"},"image":{"@id":"https:\/\/dev6.erresse-shop.it\/fr\/shop\/poeles-pots\/casseroles\/staub-cocotte-en-fonte-avec-couvercle-20-cm-gris-graphite\/#primaryimage"},"thumbnailUrl":"https:\/\/i3.wp.com\/interpim.erresse-shop.it\/Import\/Prodotti\/staub-pirofila-tonda-in-ghisa-20-cm-grigio-grafite.jpg?ssl=1","datePublished":"2026-04-12T11:36:44+00:00","description":"La casserole ronde avec couvercle de la gamme Staub Cookware convient \u00e0 tout type de cuisini\u00e8re, y compris les plaques \u00e0 induction. La r\u00e9partition","breadcrumb":{"@id":"https:\/\/dev6.erresse-shop.it\/fr\/shop\/poeles-pots\/casseroles\/staub-cocotte-en-fonte-avec-couvercle-20-cm-gris-graphite\/#breadcrumb"},"inLanguage":"fr-FR","potentialAction":[{"@type":"ReadAction","target":["https:\/\/dev6.erresse-shop.it\/fr\/shop\/poeles-pots\/casseroles\/staub-cocotte-en-fonte-avec-couvercle-20-cm-gris-graphite\/"]}]},{"@type":"ImageObject","inLanguage":"fr-FR","@id":"https:\/\/dev6.erresse-shop.it\/fr\/shop\/poeles-pots\/casseroles\/staub-cocotte-en-fonte-avec-couvercle-20-cm-gris-graphite\/#primaryimage","url":"https:\/\/i3.wp.com\/interpim.erresse-shop.it\/Import\/Prodotti\/staub-pirofila-tonda-in-ghisa-20-cm-grigio-grafite.jpg?ssl=1","contentUrl":"https:\/\/i3.wp.com\/interpim.erresse-shop.it\/Import\/Prodotti\/staub-pirofila-tonda-in-ghisa-20-cm-grigio-grafite.jpg?ssl=1"},{"@type":"BreadcrumbList","@id":"https:\/\/dev6.erresse-shop.it\/fr\/shop\/poeles-pots\/casseroles\/staub-cocotte-en-fonte-avec-couvercle-20-cm-gris-graphite\/#breadcrumb","itemListElement":[{"@type":"ListItem","position":1,"name":"Home","item":"https:\/\/dev6.erresse-shop.it\/"},{"@type":"ListItem","position":2,"name":"Boutique","item":"https:\/\/dev6.erresse-shop.it\/shop\/"},{"@type":"ListItem","position":3,"name":"STAUB Cocotte en fonte avec couvercle 20 cm Gris Graphite"}]},{"@type":"WebSite","@id":"https:\/\/dev6.erresse-shop.it\/#website","url":"https:\/\/dev6.erresse-shop.it\/","name":"Erresse Shop","description":"","publisher":{"@id":"https:\/\/dev6.erresse-shop.it\/#organization"},"potentialAction":[{"@type":"SearchAction","target":{"@type":"EntryPoint","urlTemplate":"https:\/\/dev6.erresse-shop.it\/?s={search_term_string}"},"query-input":{"@type":"PropertyValueSpecification","valueRequired":true,"valueName":"search_term_string"}}],"inLanguage":"fr-FR"},{"@type":"Organization","@id":"https:\/\/dev6.erresse-shop.it\/#organization","name":"Erresse Shop","url":"https:\/\/dev6.erresse-shop.it\/","logo":{"@type":"ImageObject","inLanguage":"fr-FR","@id":"https:\/\/dev6.erresse-shop.it\/#\/schema\/logo\/image\/","url":"https:\/\/dev6.erresse-shop.it\/wp-content\/uploads\/2025\/01\/LOGO-ERRESSE-CLASSICO.svg","contentUrl":"https:\/\/dev6.erresse-shop.it\/wp-content\/uploads\/2025\/01\/LOGO-ERRESSE-CLASSICO.svg","caption":"Erresse Shop"},"image":{"@id":"https:\/\/dev6.erresse-shop.it\/#\/schema\/logo\/image\/"}}]}},"df_price":109.95,"df_sale_price":109.95,"df_regular_price":159,"df_image_link":"https:\/\/i3.wp.com\/interpim.erresse-shop.it\/Import\/Prodotti\/staub-pirofila-tonda-in-ghisa-20-cm-grigio-grafite.jpg?resize=300,300&ssl=1","fifu_image_url":"https:\/\/interpim.erresse-shop.it\/Import\/Prodotti\/staub-pirofila-tonda-in-ghisa-20-cm-grigio-grafite.jpg","_links":{"self":[{"href":"https:\/\/dev6.erresse-shop.it\/fr\/wp-json\/wp\/v2\/product\/1610171","targetHints":{"allow":["GET"]}}],"collection":[{"href":"https:\/\/dev6.erresse-shop.it\/fr\/wp-json\/wp\/v2\/product"}],"about":[{"href":"https:\/\/dev6.erresse-shop.it\/fr\/wp-json\/wp\/v2\/types\/product"}],"wp:featuredmedia":[{"embeddable":true,"href":"https:\/\/dev6.erresse-shop.it\/fr\/wp-json\/wp\/v2\/media\/6377522"}],"wp:attachment":[{"href":"https:\/\/dev6.erresse-shop.it\/fr\/wp-json\/wp\/v2\/media?parent=1610171"}],"wp:term":[{"taxonomy":"product_cat","embeddable":true,"href":"https:\/\/dev6.erresse-shop.it\/fr\/wp-json\/wp\/v2\/product_cat?post=1610171"},{"taxonomy":"product_tag","embeddable":true,"href":"https:\/\/dev6.erresse-shop.it\/fr\/wp-json\/wp\/v2\/product_tag?post=1610171"}],"curies":[{"name":"wp","href":"https:\/\/api.w.org\/{rel}","templated":true}]}}