{"id":1610169,"date":"2026-04-12T13:36:44","date_gmt":"2026-04-12T11:36:44","guid":{"rendered":"https:\/\/dev6.erresse-shop.it\/shop\/non%20class\u00e9\/staub-cocotte-ovale-en-fonte-27-cm-truffe-blanche\/"},"modified":"2025-09-14T06:46:49","modified_gmt":"2025-09-14T04:46:49","slug":"staub-cocotte-ovale-en-fonte-27-cm-truffe-blanche","status":"publish","type":"product","link":"https:\/\/dev6.erresse-shop.it\/fr\/shop\/poeles-pots\/marmites-et-cocottes-poeles-pots\/staub-cocotte-ovale-en-fonte-27-cm-truffe-blanche\/","title":{"rendered":"STAUB Cocotte ovale en fonte 27 cm Truffe blanche"},"content":{"rendered":"<p>Ce produit peut pr\u00e9senter de l\u00e9g\u00e8res imperfections, qui n\u2019affectent toutefois pas ses performances. Il peut s\u2019agir notamment d\u2019une d\u00e9coloration, de taches ou d\u2019\u00e9clats recouverts par l\u2019\u00e9mail. La cocotte Staub est id\u00e9ale pour mijoter viandes et l\u00e9gumes jusqu\u2019\u00e0 ce qu\u2019ils soient tendres \u00e0 la perfection. Elle est \u00e9galement id\u00e9ale pour mijoter des rago\u00fbts et des soupes consistants. La fonte poss\u00e8de d\u2019excellentes propri\u00e9t\u00e9s de r\u00e9tention de la chaleur, permettant une cuisson uniforme. Le couvercle innovant est dot\u00e9 de fines rainures int\u00e9rieures qui d\u00e9versent en continu le liquide condens\u00e9 sur les aliments, pour des r\u00e9sultats juteux et savoureux. L\u2019int\u00e9rieur en \u00e9mail noir mat sp\u00e9cial Staub et le couvercle stri\u00e9 \u00e0 pulv\u00e9risation continue garantissent un brunissage et un braisage parfaits, pour des plats savoureux. Gr\u00e2ce \u00e0 sa magnifique finition \u00e9maill\u00e9e, chaque pi\u00e8ce s\u2019int\u00e8gre parfaitement \u00e0 la cuisine et \u00e0 la table. Des plats r\u00e9confortants aux d\u00eeners somptueux, chaque plat est unique lorsqu\u2019il est servi dans un produit Staub. Les ustensiles de cuisine en fonte \u00e9maill\u00e9e Staub sont pl\u00e9biscit\u00e9s par les plus grands chefs du monde. D\u2019une durabilit\u00e9 exceptionnelle, ils sont parfaits pour un usage quotidien, aussi bien dans les cuisines gastronomiques que dans les restaurants prestigieux du monde entier. Con\u00e7us pour durer toute une vie, ces objets de famille peuvent \u00eatre transmis de g\u00e9n\u00e9ration en g\u00e9n\u00e9ration. <\/p>\n<p>Id\u00e9al pour saisir et cuire lentement les r\u00f4tis et les poulets entiers<br \/>\nPour une cuisson juteuse et tendre gr\u00e2ce au couvercle<br \/>\nL\u2019\u00e9mail int\u00e9rieur noir mat est id\u00e9al pour un brunissage particuli\u00e8rement croustillant et tr\u00e8s r\u00e9sistant<br \/>\nConvient \u00e0 tous les types de feux, y compris l\u2019induction, et peut \u00e9galement \u00eatre plac\u00e9 au four\/grill<br \/>\nCouleur intense<\/p>\n<p>Caract\u00e9ristiques\u00a0:<\/p>\n<p>Mat\u00e9riau\u00a0: fonte<br \/>\nRev\u00eatement int\u00e9rieur\u00a0: \u00e9mail<br \/>\nCouvercle existant\u00a0: oui<br \/>\nInduction\u00a0: Oui<br \/>\nCompatible avec le four\u00a0: Oui<br \/>\nCompatible avec le cong\u00e9lateur\u00a0: Oui<br \/>\nCompatible avec les plaques de cuisson\u00a0: Oui<br \/>\nCompatible avec le lave-vaisselle\u00a0: Oui<\/p>\n<p>Dimensions\u00a0:<\/p>\n<p>Poids net\u00a0: 4,61 kg<br \/>\nCapacit\u00e9\u00a0: 3,20 l<br \/>\nLongueur du produit\u00a0: 33,50 cm<br \/>\nLargeur du produit\u00a0: 27,00 cm<br \/>\nHauteur du produit\u00a0: 14,40 cm<br \/>\nHauteur sans couvercle\u00a0: 9,70 cm<br \/>\nDiam\u00e8tre sup\u00e9rieur\u00a0: 27,00 cm<br \/>\nDiam\u00e8tre du fond\u00a0: 22,50 cm<\/p>\n","protected":false},"excerpt":{"rendered":"<p>Ce produit peut pr\u00e9senter de l\u00e9g\u00e8res imperfections, qui n\u2019affectent toutefois pas ses performances. Il peut s\u2019agir notamment d\u2019une d\u00e9coloration, de taches ou d\u2019\u00e9clats recouverts par l\u2019\u00e9mail. La cocotte Staub est id\u00e9ale pour mijoter viandes et l\u00e9gumes jusqu\u2019\u00e0 ce qu\u2019ils soient tendres \u00e0 la perfection. Elle est \u00e9galement id\u00e9ale pour mijoter des rago\u00fbts et des soupes [&hellip;]<\/p>\n","protected":false},"featured_media":6377508,"template":"","meta":{"_acf_changed":false},"product_cat":[12000,11991],"product_tag":[],"class_list":{"0":"post-1610169","1":"product","2":"type-product","3":"status-publish","4":"has-post-thumbnail","6":"product_cat-marmites-et-cocottes-poeles-pots","7":"product_cat-poeles-pots","9":"first","10":"instock","11":"sale","12":"taxable","13":"shipping-taxable","14":"purchasable","15":"product-type-simple","swatches":"rey-swatches","show_selected":"","stretch_labels":"rey-swatches--stretch-labels"},"acf":[],"yoast_head":"<!-- This site is optimized with the Yoast SEO plugin v25.4 - https:\/\/yoast.com\/wordpress\/plugins\/seo\/ -->\n<title>STAUB Cocotte ovale en fonte 27 cm Truffe blanche - dev6 Erresse<\/title>\n<meta name=\"description\" content=\"Ce produit peut pr\u00e9senter de l\u00e9g\u00e8res imperfections, qui n\u2019affectent toutefois pas ses performances. Il peut s\u2019agir notamment d\u2019une d\u00e9coloration, de taches\" \/>\n<meta name=\"robots\" content=\"noindex, follow, max-snippet:-1, max-image-preview:large, max-video-preview:-1\" \/>\n<meta property=\"og:locale\" content=\"fr_FR\" \/>\n<meta property=\"og:type\" content=\"article\" \/>\n<meta property=\"og:title\" content=\"STAUB Cocotte ovale en fonte 27 cm Truffe blanche - dev6 Erresse\" \/>\n<meta property=\"og:description\" content=\"Ce produit peut pr\u00e9senter de l\u00e9g\u00e8res imperfections, qui n\u2019affectent toutefois pas ses performances. Il peut s\u2019agir notamment d\u2019une d\u00e9coloration, de taches\" \/>\n<meta property=\"og:url\" content=\"https:\/\/dev6.erresse-shop.it\/fr\/shop\/poeles-pots\/marmites-et-cocottes-poeles-pots\/staub-cocotte-ovale-en-fonte-27-cm-truffe-blanche\/\" \/>\n<meta property=\"og:site_name\" content=\"dev6 Erresse\" \/>\n<meta property=\"og:image\" content=\"https:\/\/interpim.erresse-shop.it\/Import\/Prodotti\/staub-cocotte-ovale-ghisa-27-cm-bianco-tartufo.jpg\" \/><meta property=\"og:image\" content=\"https:\/\/interpim.erresse-shop.it\/Import\/Prodotti\/staub-cocotte-ovale-ghisa-27-cm-bianco-tartufo.jpg\" \/>\n\t<meta property=\"og:image:width\" content=\"1024\" \/>\n\t<meta property=\"og:image:height\" content=\"1024\" \/>\n\t<meta property=\"og:image:type\" content=\"image\/jpeg\" \/>\n<meta name=\"twitter:card\" content=\"summary_large_image\" \/>\n<meta name=\"twitter:image\" content=\"https:\/\/interpim.erresse-shop.it\/Import\/Prodotti\/staub-cocotte-ovale-ghisa-27-cm-bianco-tartufo.jpg\" \/>\n<script type=\"application\/ld+json\" class=\"yoast-schema-graph\">{\"@context\":\"https:\/\/schema.org\",\"@graph\":[{\"@type\":\"WebPage\",\"@id\":\"https:\/\/dev6.erresse-shop.it\/fr\/shop\/poeles-pots\/marmites-et-cocottes-poeles-pots\/staub-cocotte-ovale-en-fonte-27-cm-truffe-blanche\/\",\"url\":\"https:\/\/dev6.erresse-shop.it\/fr\/shop\/poeles-pots\/marmites-et-cocottes-poeles-pots\/staub-cocotte-ovale-en-fonte-27-cm-truffe-blanche\/\",\"name\":\"STAUB Cocotte ovale en fonte 27 cm Truffe blanche - dev6 Erresse\",\"isPartOf\":{\"@id\":\"https:\/\/dev6.erresse-shop.it\/#website\"},\"primaryImageOfPage\":{\"@id\":\"https:\/\/dev6.erresse-shop.it\/fr\/shop\/poeles-pots\/marmites-et-cocottes-poeles-pots\/staub-cocotte-ovale-en-fonte-27-cm-truffe-blanche\/#primaryimage\"},\"image\":{\"@id\":\"https:\/\/dev6.erresse-shop.it\/fr\/shop\/poeles-pots\/marmites-et-cocottes-poeles-pots\/staub-cocotte-ovale-en-fonte-27-cm-truffe-blanche\/#primaryimage\"},\"thumbnailUrl\":\"https:\/\/i1.wp.com\/interpim.erresse-shop.it\/Import\/Prodotti\/staub-cocotte-ovale-ghisa-27-cm-bianco-tartufo.jpg?ssl=1\",\"datePublished\":\"2026-04-12T11:36:44+00:00\",\"description\":\"Ce produit peut pr\u00e9senter de l\u00e9g\u00e8res imperfections, qui n\u2019affectent toutefois pas ses performances. Il peut s\u2019agir notamment d\u2019une d\u00e9coloration, de taches\",\"breadcrumb\":{\"@id\":\"https:\/\/dev6.erresse-shop.it\/fr\/shop\/poeles-pots\/marmites-et-cocottes-poeles-pots\/staub-cocotte-ovale-en-fonte-27-cm-truffe-blanche\/#breadcrumb\"},\"inLanguage\":\"fr-FR\",\"potentialAction\":[{\"@type\":\"ReadAction\",\"target\":[\"https:\/\/dev6.erresse-shop.it\/fr\/shop\/poeles-pots\/marmites-et-cocottes-poeles-pots\/staub-cocotte-ovale-en-fonte-27-cm-truffe-blanche\/\"]}]},{\"@type\":\"ImageObject\",\"inLanguage\":\"fr-FR\",\"@id\":\"https:\/\/dev6.erresse-shop.it\/fr\/shop\/poeles-pots\/marmites-et-cocottes-poeles-pots\/staub-cocotte-ovale-en-fonte-27-cm-truffe-blanche\/#primaryimage\",\"url\":\"https:\/\/i1.wp.com\/interpim.erresse-shop.it\/Import\/Prodotti\/staub-cocotte-ovale-ghisa-27-cm-bianco-tartufo.jpg?ssl=1\",\"contentUrl\":\"https:\/\/i1.wp.com\/interpim.erresse-shop.it\/Import\/Prodotti\/staub-cocotte-ovale-ghisa-27-cm-bianco-tartufo.jpg?ssl=1\"},{\"@type\":\"BreadcrumbList\",\"@id\":\"https:\/\/dev6.erresse-shop.it\/fr\/shop\/poeles-pots\/marmites-et-cocottes-poeles-pots\/staub-cocotte-ovale-en-fonte-27-cm-truffe-blanche\/#breadcrumb\",\"itemListElement\":[{\"@type\":\"ListItem\",\"position\":1,\"name\":\"Home\",\"item\":\"https:\/\/dev6.erresse-shop.it\/\"},{\"@type\":\"ListItem\",\"position\":2,\"name\":\"Boutique\",\"item\":\"https:\/\/dev6.erresse-shop.it\/shop\/\"},{\"@type\":\"ListItem\",\"position\":3,\"name\":\"STAUB Cocotte ovale en fonte 27 cm Truffe blanche\"}]},{\"@type\":\"WebSite\",\"@id\":\"https:\/\/dev6.erresse-shop.it\/#website\",\"url\":\"https:\/\/dev6.erresse-shop.it\/\",\"name\":\"Erresse Shop\",\"description\":\"\",\"publisher\":{\"@id\":\"https:\/\/dev6.erresse-shop.it\/#organization\"},\"potentialAction\":[{\"@type\":\"SearchAction\",\"target\":{\"@type\":\"EntryPoint\",\"urlTemplate\":\"https:\/\/dev6.erresse-shop.it\/?s={search_term_string}\"},\"query-input\":{\"@type\":\"PropertyValueSpecification\",\"valueRequired\":true,\"valueName\":\"search_term_string\"}}],\"inLanguage\":\"fr-FR\"},{\"@type\":\"Organization\",\"@id\":\"https:\/\/dev6.erresse-shop.it\/#organization\",\"name\":\"Erresse Shop\",\"url\":\"https:\/\/dev6.erresse-shop.it\/\",\"logo\":{\"@type\":\"ImageObject\",\"inLanguage\":\"fr-FR\",\"@id\":\"https:\/\/dev6.erresse-shop.it\/#\/schema\/logo\/image\/\",\"url\":\"https:\/\/dev6.erresse-shop.it\/wp-content\/uploads\/2025\/01\/LOGO-ERRESSE-CLASSICO.svg\",\"contentUrl\":\"https:\/\/dev6.erresse-shop.it\/wp-content\/uploads\/2025\/01\/LOGO-ERRESSE-CLASSICO.svg\",\"caption\":\"Erresse Shop\"},\"image\":{\"@id\":\"https:\/\/dev6.erresse-shop.it\/#\/schema\/logo\/image\/\"}}]}<\/script>\n<!-- \/ Yoast SEO plugin. -->","yoast_head_json":{"title":"STAUB Cocotte ovale en fonte 27 cm Truffe blanche - dev6 Erresse","description":"Ce produit peut pr\u00e9senter de l\u00e9g\u00e8res imperfections, qui n\u2019affectent toutefois pas ses performances. Il peut s\u2019agir notamment d\u2019une d\u00e9coloration, de taches","robots":{"index":"noindex","follow":"follow","max-snippet":"max-snippet:-1","max-image-preview":"max-image-preview:large","max-video-preview":"max-video-preview:-1"},"og_locale":"fr_FR","og_type":"article","og_title":"STAUB Cocotte ovale en fonte 27 cm Truffe blanche - dev6 Erresse","og_description":"Ce produit peut pr\u00e9senter de l\u00e9g\u00e8res imperfections, qui n\u2019affectent toutefois pas ses performances. Il peut s\u2019agir notamment d\u2019une d\u00e9coloration, de taches","og_url":"https:\/\/dev6.erresse-shop.it\/fr\/shop\/poeles-pots\/marmites-et-cocottes-poeles-pots\/staub-cocotte-ovale-en-fonte-27-cm-truffe-blanche\/","og_site_name":"dev6 Erresse","og_image":[{"url":"https:\/\/interpim.erresse-shop.it\/Import\/Prodotti\/staub-cocotte-ovale-ghisa-27-cm-bianco-tartufo.jpg","type":"","width":"","height":""},{"url":"https:\/\/interpim.erresse-shop.it\/Import\/Prodotti\/staub-cocotte-ovale-ghisa-27-cm-bianco-tartufo.jpg","width":1024,"height":1024,"type":"image\/jpeg"}],"twitter_card":"summary_large_image","twitter_image":"https:\/\/interpim.erresse-shop.it\/Import\/Prodotti\/staub-cocotte-ovale-ghisa-27-cm-bianco-tartufo.jpg","schema":{"@context":"https:\/\/schema.org","@graph":[{"@type":"WebPage","@id":"https:\/\/dev6.erresse-shop.it\/fr\/shop\/poeles-pots\/marmites-et-cocottes-poeles-pots\/staub-cocotte-ovale-en-fonte-27-cm-truffe-blanche\/","url":"https:\/\/dev6.erresse-shop.it\/fr\/shop\/poeles-pots\/marmites-et-cocottes-poeles-pots\/staub-cocotte-ovale-en-fonte-27-cm-truffe-blanche\/","name":"STAUB Cocotte ovale en fonte 27 cm Truffe blanche - dev6 Erresse","isPartOf":{"@id":"https:\/\/dev6.erresse-shop.it\/#website"},"primaryImageOfPage":{"@id":"https:\/\/dev6.erresse-shop.it\/fr\/shop\/poeles-pots\/marmites-et-cocottes-poeles-pots\/staub-cocotte-ovale-en-fonte-27-cm-truffe-blanche\/#primaryimage"},"image":{"@id":"https:\/\/dev6.erresse-shop.it\/fr\/shop\/poeles-pots\/marmites-et-cocottes-poeles-pots\/staub-cocotte-ovale-en-fonte-27-cm-truffe-blanche\/#primaryimage"},"thumbnailUrl":"https:\/\/i1.wp.com\/interpim.erresse-shop.it\/Import\/Prodotti\/staub-cocotte-ovale-ghisa-27-cm-bianco-tartufo.jpg?ssl=1","datePublished":"2026-04-12T11:36:44+00:00","description":"Ce produit peut pr\u00e9senter de l\u00e9g\u00e8res imperfections, qui n\u2019affectent toutefois pas ses performances. Il peut s\u2019agir notamment d\u2019une d\u00e9coloration, de taches","breadcrumb":{"@id":"https:\/\/dev6.erresse-shop.it\/fr\/shop\/poeles-pots\/marmites-et-cocottes-poeles-pots\/staub-cocotte-ovale-en-fonte-27-cm-truffe-blanche\/#breadcrumb"},"inLanguage":"fr-FR","potentialAction":[{"@type":"ReadAction","target":["https:\/\/dev6.erresse-shop.it\/fr\/shop\/poeles-pots\/marmites-et-cocottes-poeles-pots\/staub-cocotte-ovale-en-fonte-27-cm-truffe-blanche\/"]}]},{"@type":"ImageObject","inLanguage":"fr-FR","@id":"https:\/\/dev6.erresse-shop.it\/fr\/shop\/poeles-pots\/marmites-et-cocottes-poeles-pots\/staub-cocotte-ovale-en-fonte-27-cm-truffe-blanche\/#primaryimage","url":"https:\/\/i1.wp.com\/interpim.erresse-shop.it\/Import\/Prodotti\/staub-cocotte-ovale-ghisa-27-cm-bianco-tartufo.jpg?ssl=1","contentUrl":"https:\/\/i1.wp.com\/interpim.erresse-shop.it\/Import\/Prodotti\/staub-cocotte-ovale-ghisa-27-cm-bianco-tartufo.jpg?ssl=1"},{"@type":"BreadcrumbList","@id":"https:\/\/dev6.erresse-shop.it\/fr\/shop\/poeles-pots\/marmites-et-cocottes-poeles-pots\/staub-cocotte-ovale-en-fonte-27-cm-truffe-blanche\/#breadcrumb","itemListElement":[{"@type":"ListItem","position":1,"name":"Home","item":"https:\/\/dev6.erresse-shop.it\/"},{"@type":"ListItem","position":2,"name":"Boutique","item":"https:\/\/dev6.erresse-shop.it\/shop\/"},{"@type":"ListItem","position":3,"name":"STAUB Cocotte ovale en fonte 27 cm Truffe blanche"}]},{"@type":"WebSite","@id":"https:\/\/dev6.erresse-shop.it\/#website","url":"https:\/\/dev6.erresse-shop.it\/","name":"Erresse Shop","description":"","publisher":{"@id":"https:\/\/dev6.erresse-shop.it\/#organization"},"potentialAction":[{"@type":"SearchAction","target":{"@type":"EntryPoint","urlTemplate":"https:\/\/dev6.erresse-shop.it\/?s={search_term_string}"},"query-input":{"@type":"PropertyValueSpecification","valueRequired":true,"valueName":"search_term_string"}}],"inLanguage":"fr-FR"},{"@type":"Organization","@id":"https:\/\/dev6.erresse-shop.it\/#organization","name":"Erresse Shop","url":"https:\/\/dev6.erresse-shop.it\/","logo":{"@type":"ImageObject","inLanguage":"fr-FR","@id":"https:\/\/dev6.erresse-shop.it\/#\/schema\/logo\/image\/","url":"https:\/\/dev6.erresse-shop.it\/wp-content\/uploads\/2025\/01\/LOGO-ERRESSE-CLASSICO.svg","contentUrl":"https:\/\/dev6.erresse-shop.it\/wp-content\/uploads\/2025\/01\/LOGO-ERRESSE-CLASSICO.svg","caption":"Erresse Shop"},"image":{"@id":"https:\/\/dev6.erresse-shop.it\/#\/schema\/logo\/image\/"}}]}},"df_price":169.9,"df_sale_price":169.9,"df_regular_price":269,"df_image_link":"https:\/\/i1.wp.com\/interpim.erresse-shop.it\/Import\/Prodotti\/staub-cocotte-ovale-ghisa-27-cm-bianco-tartufo.jpg?resize=300,300&ssl=1","fifu_image_url":"https:\/\/interpim.erresse-shop.it\/Import\/Prodotti\/staub-cocotte-ovale-ghisa-27-cm-bianco-tartufo.jpg","_links":{"self":[{"href":"https:\/\/dev6.erresse-shop.it\/fr\/wp-json\/wp\/v2\/product\/1610169","targetHints":{"allow":["GET"]}}],"collection":[{"href":"https:\/\/dev6.erresse-shop.it\/fr\/wp-json\/wp\/v2\/product"}],"about":[{"href":"https:\/\/dev6.erresse-shop.it\/fr\/wp-json\/wp\/v2\/types\/product"}],"wp:featuredmedia":[{"embeddable":true,"href":"https:\/\/dev6.erresse-shop.it\/fr\/wp-json\/wp\/v2\/media\/6377508"}],"wp:attachment":[{"href":"https:\/\/dev6.erresse-shop.it\/fr\/wp-json\/wp\/v2\/media?parent=1610169"}],"wp:term":[{"taxonomy":"product_cat","embeddable":true,"href":"https:\/\/dev6.erresse-shop.it\/fr\/wp-json\/wp\/v2\/product_cat?post=1610169"},{"taxonomy":"product_tag","embeddable":true,"href":"https:\/\/dev6.erresse-shop.it\/fr\/wp-json\/wp\/v2\/product_tag?post=1610169"}],"curies":[{"name":"wp","href":"https:\/\/api.w.org\/{rel}","templated":true}]}}