{"id":1610161,"date":"2026-04-12T13:36:44","date_gmt":"2026-04-12T11:36:44","guid":{"rendered":"https:\/\/dev6.erresse-shop.it\/shop\/non%20class\u00e9\/ken-hom-set-de-wok-antiadhesif-31-cm-4-pieces\/"},"modified":"2026-01-21T20:17:45","modified_gmt":"2026-01-21T19:17:45","slug":"ken-hom-set-de-wok-antiadhesif-31-cm-4-pieces","status":"publish","type":"product","link":"https:\/\/dev6.erresse-shop.it\/fr\/shop\/poeles-pots\/wok\/ken-hom-set-de-wok-antiadhesif-31-cm-4-pieces\/","title":{"rendered":"KEN HOM Set de wok antiadh\u00e9sif 31 cm 4 pi\u00e8ces"},"content":{"rendered":"<p>Ce wok est adapt\u00e9 aux plaques \u00e0 induction et est id\u00e9al pour une cuisson rapide et facile, avec la capacit\u00e9 parfaite pour pr\u00e9parer des repas savoureux pour 3 \u00e0 4 personnes. Il est l\u00e9ger, avec un fond plat qui le rend facile \u00e0 utiliser sur tous les types de plaques de cuisson, y compris l\u2019induction. Comprend un couvercle et une grille \u00e0 tempura et va au lave-vaisselle, avec une garantie de 5 ans.<\/p>\n<p>Caract\u00e9ristiques principales\u00a0:<\/p>\n<p>Wok l\u00e9ger en acier au carbone avec double rev\u00eatement antiadh\u00e9sif<br \/>\nFabriqu\u00e9 en acier au carbone de 1,5 mm d\u2019\u00e9paisseur<br \/>\nLe wok, le couvercle et la grille \u00e0 tempura passent au lave-vaisselle<br \/>\nCompatible avec les plaques \u00e0 induction<\/p>\n<p>Utilisation et entretien\u00a0:<\/p>\n<p>Pour commencer la cuisson, placez le wok au centre de la plaque de cuisson et faites-le chauffer lentement avec de l\u2019huile. Une fois l\u2019huile chaude, ajoutez les ingr\u00e9dients et commencez la cuisson. Gr\u00e2ce au rev\u00eatement antiadh\u00e9sif, il n\u2019est pas n\u00e9cessaire de r\u00e9gler la temp\u00e9rature maximale. En remuant fr\u00e9quemment, les aliments cuiront rapidement et uniform\u00e9ment.<br \/>\nLe rev\u00eatement antiadh\u00e9sif de haute qualit\u00e9 permet au wok de chauffer rapidement, r\u00e9duisant ainsi la quantit\u00e9 d\u2019huile n\u00e9cessaire, le rendant parfait pour un usage quotidien. Le long manche ph\u00e9nolique assure un bon \u00e9quilibre et facilite le transport sans risque de basculement.<br \/>\nIl est recommand\u00e9 de ne pas utiliser la fonction boost \u00e0 induction trop longtemps lors de l\u2019utilisation du wok.<\/p>\n<p>Qualit\u00e9 exceptionnelle\u00a0:<\/p>\n<p>Le wok est con\u00e7u pour une cuisine rapide, facile et saine. L\u2019acier au carbone de 1,5 mm offre une bonne conduction thermique, ce qui le rend id\u00e9al pour la cuisson \u00e0 haute temp\u00e9rature et rapide, en maintenant une temp\u00e9rature constante.<\/p>\n<p>Facile \u00e0 nettoyer\u00a0:<\/p>\n<p>Pour les r\u00e9sidus alimentaires difficiles \u00e0 \u00e9liminer, laissez ramollir avec de l\u2019eau chaude. \u00c9vitez d\u2019utiliser des produits abrasifs qui pourraient endommager le rev\u00eatement antiadh\u00e9sif. Nettoyer avec un chiffon doux et s\u00e9cher soigneusement.<\/p>\n<p>Facile \u00e0 ranger\u00a0:<\/p>\n<p>Le grand anneau m\u00e9tallique vous permet de suspendre facilement le wok lorsqu\u2019il n\u2019est pas utilis\u00e9.<\/p>\n<p>Entretien\u00a0:<\/p>\n<p>Le rev\u00eatement antiadh\u00e9sif convient \u00e0 une utilisation avec des ustensiles en m\u00e9tal. Appliquez de temps en temps une fine couche d\u2019huile de cuisson \u00e0 l\u2019int\u00e9rieur du wok pour \u00e9viter la rouille si le rev\u00eatement est ray\u00e9. Il est facile \u00e0 nettoyer m\u00eame \u00e0 la main avec de l\u2019eau chaude.<\/p>\n<p>Mode d\u2019emploi :<\/p>\n<p>Retirez tout l\u2019emballage et lavez le wok avec de l\u2019eau chaude savonneuse. Rincez et s\u00e9chez soigneusement.<br \/>\nN\u2019utilisez pas d\u2019ustensiles en m\u00e9tal pour \u00e9viter les rayures. Utilisez des outils en bois ou en nylon.<br \/>\nLe wok est compatible avec tous les types de plaques de cuisson, mais il est recommand\u00e9 de consulter les instructions du fabricant de la plaque de cuisson. Ne convient pas aux fours traditionnels ni aux fours \u00e0 micro-ondes. Si la poign\u00e9e se desserre pendant l\u2019utilisation, revissez-la imm\u00e9diatement.<\/p>\n<p>Instructions de nettoyage\u00a0:<\/p>\n<p>Laissez le wok refroidir avant de le nettoyer. Pour les r\u00e9sidus alimentaires tenaces, remplissez d\u2019eau chaude savonneuse et laissez tremper. Utilisez uniquement des \u00e9ponges recommand\u00e9es pour les surfaces antiadh\u00e9sives et \u00e9vitez d\u2019utiliser des \u00e9ponges m\u00e9talliques ou des produits abrasifs.<\/p>\n<p>Dimensions du wok : 9,5 x 31,9 x 57 cm<br \/>\nDiam\u00e8tre de la base du wok\u00a0: 14 cm<br \/>\nPoids\u00a0: 2,58 kg<\/p>\n","protected":false},"excerpt":{"rendered":"<p>Ce wok est adapt\u00e9 aux plaques \u00e0 induction et est id\u00e9al pour une cuisson rapide et facile, avec la capacit\u00e9 parfaite pour pr\u00e9parer des repas savoureux pour 3 \u00e0 4 personnes. Il est l\u00e9ger, avec un fond plat qui le rend facile \u00e0 utiliser sur tous les types de plaques de cuisson, y compris l\u2019induction. [&hellip;]<\/p>\n","protected":false},"featured_media":6377459,"template":"","meta":{"_acf_changed":false},"product_cat":[11991,11679,12003],"product_tag":[],"class_list":{"0":"post-1610161","1":"product","2":"type-product","3":"status-publish","4":"has-post-thumbnail","6":"product_cat-poeles-pots","7":"product_cat-wok","10":"first","11":"instock","12":"sale","13":"taxable","14":"shipping-taxable","15":"purchasable","16":"product-type-simple","swatches":"rey-swatches","show_selected":"","stretch_labels":"rey-swatches--stretch-labels"},"acf":[],"yoast_head":"<!-- This site is optimized with the Yoast SEO plugin v25.4 - https:\/\/yoast.com\/wordpress\/plugins\/seo\/ -->\n<title>KEN HOM Set de wok antiadh\u00e9sif 31 cm 4 pi\u00e8ces - dev6 Erresse<\/title>\n<meta name=\"description\" content=\"Ce wok est adapt\u00e9 aux plaques \u00e0 induction et est id\u00e9al pour une cuisson rapide et facile, avec la capacit\u00e9 parfaite pour pr\u00e9parer des repas savoureux pour\" \/>\n<meta name=\"robots\" content=\"noindex, follow, max-snippet:-1, max-image-preview:large, max-video-preview:-1\" \/>\n<meta property=\"og:locale\" content=\"fr_FR\" \/>\n<meta property=\"og:type\" content=\"article\" \/>\n<meta property=\"og:title\" content=\"KEN HOM Set de wok antiadh\u00e9sif 31 cm 4 pi\u00e8ces - dev6 Erresse\" \/>\n<meta property=\"og:description\" content=\"Ce wok est adapt\u00e9 aux plaques \u00e0 induction et est id\u00e9al pour une cuisson rapide et facile, avec la capacit\u00e9 parfaite pour pr\u00e9parer des repas savoureux pour\" \/>\n<meta property=\"og:url\" content=\"https:\/\/dev6.erresse-shop.it\/fr\/shop\/poeles-pots\/wok\/ken-hom-set-de-wok-antiadhesif-31-cm-4-pieces\/\" \/>\n<meta property=\"og:site_name\" content=\"dev6 Erresse\" \/>\n<meta property=\"og:image\" content=\"https:\/\/interpim.erresse-shop.it\/Import\/Prodotti\/ken-hom-set-wok-antiaderente-31-cm-4-pezzi.jpg\" \/><meta property=\"og:image\" content=\"https:\/\/interpim.erresse-shop.it\/Import\/Prodotti\/ken-hom-set-wok-antiaderente-31-cm-4-pezzi.jpg\" \/>\n\t<meta property=\"og:image:width\" content=\"1024\" \/>\n\t<meta property=\"og:image:height\" content=\"1024\" \/>\n\t<meta property=\"og:image:type\" content=\"image\/jpeg\" \/>\n<meta name=\"twitter:card\" content=\"summary_large_image\" \/>\n<meta name=\"twitter:image\" content=\"https:\/\/interpim.erresse-shop.it\/Import\/Prodotti\/ken-hom-set-wok-antiaderente-31-cm-4-pezzi.jpg\" \/>\n<script type=\"application\/ld+json\" class=\"yoast-schema-graph\">{\"@context\":\"https:\/\/schema.org\",\"@graph\":[{\"@type\":\"WebPage\",\"@id\":\"https:\/\/dev6.erresse-shop.it\/fr\/shop\/poeles-pots\/wok\/ken-hom-set-de-wok-antiadhesif-31-cm-4-pieces\/\",\"url\":\"https:\/\/dev6.erresse-shop.it\/fr\/shop\/poeles-pots\/wok\/ken-hom-set-de-wok-antiadhesif-31-cm-4-pieces\/\",\"name\":\"KEN HOM Set de wok antiadh\u00e9sif 31 cm 4 pi\u00e8ces - dev6 Erresse\",\"isPartOf\":{\"@id\":\"https:\/\/dev6.erresse-shop.it\/#website\"},\"primaryImageOfPage\":{\"@id\":\"https:\/\/dev6.erresse-shop.it\/fr\/shop\/poeles-pots\/wok\/ken-hom-set-de-wok-antiadhesif-31-cm-4-pieces\/#primaryimage\"},\"image\":{\"@id\":\"https:\/\/dev6.erresse-shop.it\/fr\/shop\/poeles-pots\/wok\/ken-hom-set-de-wok-antiadhesif-31-cm-4-pieces\/#primaryimage\"},\"thumbnailUrl\":\"https:\/\/i0.wp.com\/interpim.erresse-shop.it\/Import\/Prodotti\/ken-hom-set-wok-antiaderente-31-cm-4-pezzi.jpg?ssl=1\",\"datePublished\":\"2026-04-12T11:36:44+00:00\",\"description\":\"Ce wok est adapt\u00e9 aux plaques \u00e0 induction et est id\u00e9al pour une cuisson rapide et facile, avec la capacit\u00e9 parfaite pour pr\u00e9parer des repas savoureux pour\",\"breadcrumb\":{\"@id\":\"https:\/\/dev6.erresse-shop.it\/fr\/shop\/poeles-pots\/wok\/ken-hom-set-de-wok-antiadhesif-31-cm-4-pieces\/#breadcrumb\"},\"inLanguage\":\"fr-FR\",\"potentialAction\":[{\"@type\":\"ReadAction\",\"target\":[\"https:\/\/dev6.erresse-shop.it\/fr\/shop\/poeles-pots\/wok\/ken-hom-set-de-wok-antiadhesif-31-cm-4-pieces\/\"]}]},{\"@type\":\"ImageObject\",\"inLanguage\":\"fr-FR\",\"@id\":\"https:\/\/dev6.erresse-shop.it\/fr\/shop\/poeles-pots\/wok\/ken-hom-set-de-wok-antiadhesif-31-cm-4-pieces\/#primaryimage\",\"url\":\"https:\/\/i0.wp.com\/interpim.erresse-shop.it\/Import\/Prodotti\/ken-hom-set-wok-antiaderente-31-cm-4-pezzi.jpg?ssl=1\",\"contentUrl\":\"https:\/\/i0.wp.com\/interpim.erresse-shop.it\/Import\/Prodotti\/ken-hom-set-wok-antiaderente-31-cm-4-pezzi.jpg?ssl=1\"},{\"@type\":\"BreadcrumbList\",\"@id\":\"https:\/\/dev6.erresse-shop.it\/fr\/shop\/poeles-pots\/wok\/ken-hom-set-de-wok-antiadhesif-31-cm-4-pieces\/#breadcrumb\",\"itemListElement\":[{\"@type\":\"ListItem\",\"position\":1,\"name\":\"Home\",\"item\":\"https:\/\/dev6.erresse-shop.it\/\"},{\"@type\":\"ListItem\",\"position\":2,\"name\":\"Boutique\",\"item\":\"https:\/\/dev6.erresse-shop.it\/shop\/\"},{\"@type\":\"ListItem\",\"position\":3,\"name\":\"KEN HOM Set de wok antiadh\u00e9sif 31 cm 4 pi\u00e8ces\"}]},{\"@type\":\"WebSite\",\"@id\":\"https:\/\/dev6.erresse-shop.it\/#website\",\"url\":\"https:\/\/dev6.erresse-shop.it\/\",\"name\":\"Erresse Shop\",\"description\":\"\",\"publisher\":{\"@id\":\"https:\/\/dev6.erresse-shop.it\/#organization\"},\"potentialAction\":[{\"@type\":\"SearchAction\",\"target\":{\"@type\":\"EntryPoint\",\"urlTemplate\":\"https:\/\/dev6.erresse-shop.it\/?s={search_term_string}\"},\"query-input\":{\"@type\":\"PropertyValueSpecification\",\"valueRequired\":true,\"valueName\":\"search_term_string\"}}],\"inLanguage\":\"fr-FR\"},{\"@type\":\"Organization\",\"@id\":\"https:\/\/dev6.erresse-shop.it\/#organization\",\"name\":\"Erresse Shop\",\"url\":\"https:\/\/dev6.erresse-shop.it\/\",\"logo\":{\"@type\":\"ImageObject\",\"inLanguage\":\"fr-FR\",\"@id\":\"https:\/\/dev6.erresse-shop.it\/#\/schema\/logo\/image\/\",\"url\":\"https:\/\/dev6.erresse-shop.it\/wp-content\/uploads\/2025\/01\/LOGO-ERRESSE-CLASSICO.svg\",\"contentUrl\":\"https:\/\/dev6.erresse-shop.it\/wp-content\/uploads\/2025\/01\/LOGO-ERRESSE-CLASSICO.svg\",\"caption\":\"Erresse Shop\"},\"image\":{\"@id\":\"https:\/\/dev6.erresse-shop.it\/#\/schema\/logo\/image\/\"}}]}<\/script>\n<!-- \/ Yoast SEO plugin. -->","yoast_head_json":{"title":"KEN HOM Set de wok antiadh\u00e9sif 31 cm 4 pi\u00e8ces - dev6 Erresse","description":"Ce wok est adapt\u00e9 aux plaques \u00e0 induction et est id\u00e9al pour une cuisson rapide et facile, avec la capacit\u00e9 parfaite pour pr\u00e9parer des repas savoureux pour","robots":{"index":"noindex","follow":"follow","max-snippet":"max-snippet:-1","max-image-preview":"max-image-preview:large","max-video-preview":"max-video-preview:-1"},"og_locale":"fr_FR","og_type":"article","og_title":"KEN HOM Set de wok antiadh\u00e9sif 31 cm 4 pi\u00e8ces - dev6 Erresse","og_description":"Ce wok est adapt\u00e9 aux plaques \u00e0 induction et est id\u00e9al pour une cuisson rapide et facile, avec la capacit\u00e9 parfaite pour pr\u00e9parer des repas savoureux pour","og_url":"https:\/\/dev6.erresse-shop.it\/fr\/shop\/poeles-pots\/wok\/ken-hom-set-de-wok-antiadhesif-31-cm-4-pieces\/","og_site_name":"dev6 Erresse","og_image":[{"url":"https:\/\/interpim.erresse-shop.it\/Import\/Prodotti\/ken-hom-set-wok-antiaderente-31-cm-4-pezzi.jpg","type":"","width":"","height":""},{"url":"https:\/\/interpim.erresse-shop.it\/Import\/Prodotti\/ken-hom-set-wok-antiaderente-31-cm-4-pezzi.jpg","width":1024,"height":1024,"type":"image\/jpeg"}],"twitter_card":"summary_large_image","twitter_image":"https:\/\/interpim.erresse-shop.it\/Import\/Prodotti\/ken-hom-set-wok-antiaderente-31-cm-4-pezzi.jpg","schema":{"@context":"https:\/\/schema.org","@graph":[{"@type":"WebPage","@id":"https:\/\/dev6.erresse-shop.it\/fr\/shop\/poeles-pots\/wok\/ken-hom-set-de-wok-antiadhesif-31-cm-4-pieces\/","url":"https:\/\/dev6.erresse-shop.it\/fr\/shop\/poeles-pots\/wok\/ken-hom-set-de-wok-antiadhesif-31-cm-4-pieces\/","name":"KEN HOM Set de wok antiadh\u00e9sif 31 cm 4 pi\u00e8ces - dev6 Erresse","isPartOf":{"@id":"https:\/\/dev6.erresse-shop.it\/#website"},"primaryImageOfPage":{"@id":"https:\/\/dev6.erresse-shop.it\/fr\/shop\/poeles-pots\/wok\/ken-hom-set-de-wok-antiadhesif-31-cm-4-pieces\/#primaryimage"},"image":{"@id":"https:\/\/dev6.erresse-shop.it\/fr\/shop\/poeles-pots\/wok\/ken-hom-set-de-wok-antiadhesif-31-cm-4-pieces\/#primaryimage"},"thumbnailUrl":"https:\/\/i0.wp.com\/interpim.erresse-shop.it\/Import\/Prodotti\/ken-hom-set-wok-antiaderente-31-cm-4-pezzi.jpg?ssl=1","datePublished":"2026-04-12T11:36:44+00:00","description":"Ce wok est adapt\u00e9 aux plaques \u00e0 induction et est id\u00e9al pour une cuisson rapide et facile, avec la capacit\u00e9 parfaite pour pr\u00e9parer des repas savoureux pour","breadcrumb":{"@id":"https:\/\/dev6.erresse-shop.it\/fr\/shop\/poeles-pots\/wok\/ken-hom-set-de-wok-antiadhesif-31-cm-4-pieces\/#breadcrumb"},"inLanguage":"fr-FR","potentialAction":[{"@type":"ReadAction","target":["https:\/\/dev6.erresse-shop.it\/fr\/shop\/poeles-pots\/wok\/ken-hom-set-de-wok-antiadhesif-31-cm-4-pieces\/"]}]},{"@type":"ImageObject","inLanguage":"fr-FR","@id":"https:\/\/dev6.erresse-shop.it\/fr\/shop\/poeles-pots\/wok\/ken-hom-set-de-wok-antiadhesif-31-cm-4-pieces\/#primaryimage","url":"https:\/\/i0.wp.com\/interpim.erresse-shop.it\/Import\/Prodotti\/ken-hom-set-wok-antiaderente-31-cm-4-pezzi.jpg?ssl=1","contentUrl":"https:\/\/i0.wp.com\/interpim.erresse-shop.it\/Import\/Prodotti\/ken-hom-set-wok-antiaderente-31-cm-4-pezzi.jpg?ssl=1"},{"@type":"BreadcrumbList","@id":"https:\/\/dev6.erresse-shop.it\/fr\/shop\/poeles-pots\/wok\/ken-hom-set-de-wok-antiadhesif-31-cm-4-pieces\/#breadcrumb","itemListElement":[{"@type":"ListItem","position":1,"name":"Home","item":"https:\/\/dev6.erresse-shop.it\/"},{"@type":"ListItem","position":2,"name":"Boutique","item":"https:\/\/dev6.erresse-shop.it\/shop\/"},{"@type":"ListItem","position":3,"name":"KEN HOM Set de wok antiadh\u00e9sif 31 cm 4 pi\u00e8ces"}]},{"@type":"WebSite","@id":"https:\/\/dev6.erresse-shop.it\/#website","url":"https:\/\/dev6.erresse-shop.it\/","name":"Erresse Shop","description":"","publisher":{"@id":"https:\/\/dev6.erresse-shop.it\/#organization"},"potentialAction":[{"@type":"SearchAction","target":{"@type":"EntryPoint","urlTemplate":"https:\/\/dev6.erresse-shop.it\/?s={search_term_string}"},"query-input":{"@type":"PropertyValueSpecification","valueRequired":true,"valueName":"search_term_string"}}],"inLanguage":"fr-FR"},{"@type":"Organization","@id":"https:\/\/dev6.erresse-shop.it\/#organization","name":"Erresse Shop","url":"https:\/\/dev6.erresse-shop.it\/","logo":{"@type":"ImageObject","inLanguage":"fr-FR","@id":"https:\/\/dev6.erresse-shop.it\/#\/schema\/logo\/image\/","url":"https:\/\/dev6.erresse-shop.it\/wp-content\/uploads\/2025\/01\/LOGO-ERRESSE-CLASSICO.svg","contentUrl":"https:\/\/dev6.erresse-shop.it\/wp-content\/uploads\/2025\/01\/LOGO-ERRESSE-CLASSICO.svg","caption":"Erresse Shop"},"image":{"@id":"https:\/\/dev6.erresse-shop.it\/#\/schema\/logo\/image\/"}}]}},"df_price":59.95,"df_sale_price":59.95,"df_regular_price":71,"df_image_link":"https:\/\/i0.wp.com\/interpim.erresse-shop.it\/Import\/Prodotti\/ken-hom-set-wok-antiaderente-31-cm-4-pezzi.jpg?resize=300,300&ssl=1","fifu_image_url":"https:\/\/interpim.erresse-shop.it\/Import\/Prodotti\/ken-hom-set-wok-antiaderente-31-cm-4-pezzi.jpg","_links":{"self":[{"href":"https:\/\/dev6.erresse-shop.it\/fr\/wp-json\/wp\/v2\/product\/1610161","targetHints":{"allow":["GET"]}}],"collection":[{"href":"https:\/\/dev6.erresse-shop.it\/fr\/wp-json\/wp\/v2\/product"}],"about":[{"href":"https:\/\/dev6.erresse-shop.it\/fr\/wp-json\/wp\/v2\/types\/product"}],"wp:featuredmedia":[{"embeddable":true,"href":"https:\/\/dev6.erresse-shop.it\/fr\/wp-json\/wp\/v2\/media\/6377459"}],"wp:attachment":[{"href":"https:\/\/dev6.erresse-shop.it\/fr\/wp-json\/wp\/v2\/media?parent=1610161"}],"wp:term":[{"taxonomy":"product_cat","embeddable":true,"href":"https:\/\/dev6.erresse-shop.it\/fr\/wp-json\/wp\/v2\/product_cat?post=1610161"},{"taxonomy":"product_tag","embeddable":true,"href":"https:\/\/dev6.erresse-shop.it\/fr\/wp-json\/wp\/v2\/product_tag?post=1610161"}],"curies":[{"name":"wp","href":"https:\/\/api.w.org\/{rel}","templated":true}]}}