{"id":1610157,"date":"2026-04-12T13:36:44","date_gmt":"2026-04-12T11:36:44","guid":{"rendered":"https:\/\/dev6.erresse-shop.it\/shop\/non%20class\u00e9\/ken-hom-wok-excellence-32-cm\/"},"modified":"2026-01-21T20:17:43","modified_gmt":"2026-01-21T19:17:43","slug":"ken-hom-wok-excellence-32-cm","status":"publish","type":"product","link":"https:\/\/dev6.erresse-shop.it\/fr\/shop\/poeles-pots\/wok\/ken-hom-wok-excellence-32-cm\/","title":{"rendered":"KEN HOM Wok Excellence 32 cm"},"content":{"rendered":"<p>D\u2019un diam\u00e8tre de 32 cm, ce wok compatible induction poss\u00e8de une capacit\u00e9 id\u00e9ale pour cuisiner pour 3 \u00e0 4 personnes. Sa conception vous permet de commencer \u00e0 cuisiner presque imm\u00e9diatement et la surface naturelle appel\u00e9e patine se d\u00e9veloppera avec l\u2019utilisation, ce qui aidera \u00e0 emp\u00eacher l\u2019acier au carbone de rouiller et offrira des performances de cuisson faciles \u00e0 enlever.<\/p>\n<p>Wok traditionnel chinois en acier au carbone avec une surface naturelle appel\u00e9e patine qui se d\u00e9veloppera avec l\u2019utilisation et aidera \u00e0 emp\u00eacher l\u2019acier au carbone de rouiller et offrira des performances de cuisson faciles \u00e0 enlever.<br \/>\nLa base plate garantit que le wok est bien \u00e9quilibr\u00e9 afin qu\u2019il ne bascule pas lorsqu\u2019il est plac\u00e9 sur la cuisini\u00e8re. Il convient \u00e9galement \u00e0 la cuisson sur tous types de plaques de cuisson, y compris au gaz, \u00e9lectriques, vitroc\u00e9ramiques et \u00e0 induction.<br \/>\nLe manche en bois magnifiquement con\u00e7u est fix\u00e9 avec trois rivets pour toujours garantir un manche solide qui ne se desserrera pas. Fini avec un anneau pour une suspension facile<br \/>\nNe passe pas au lave-vaisselle. Pour nettoyer, laver \u00e0 la main avec de l\u2019eau ti\u00e8de et un d\u00e9tergent doux, si d\u00e9sir\u00e9. S\u00e9cher soigneusement avec un chiffon propre<br \/>\nCapacit\u00e9 de cuisson adapt\u00e9e pour 3 \u00e0 4 personnes<br \/>\nConvient \u00e0 tous les feux, y compris l\u2019induction<\/p>\n<p>Comment retirer le rev\u00eatement protecteur du wok avant utilisation\u00a0:<\/p>\n<p>Faites tremper le bol du wok dans de l\u2019eau chaude pendant 5 minutes pour ramollir le rev\u00eatement laqu\u00e9.<br \/>\nUtilisez ensuite un tampon \u00e0 r\u00e9curer grossier ou de la laine d\u2019acier avec une quantit\u00e9 g\u00e9n\u00e9reuse de d\u00e9tergent pour frotter l\u2019int\u00e9rieur du bol pendant au moins 3 \u00e0 4 minutes jusqu\u2019\u00e0 ce que tout le rev\u00eatement protecteur transparent ait \u00e9t\u00e9 retir\u00e9.<\/p>\n<p>IMPORTANT\u00a0: Si vous utilisez votre wok sur une plaque de cuisson en verre, y compris \u00e0 induction, r\u00e9p\u00e9tez ce processus de nettoyage sur la base ext\u00e9rieure du wok, la zone en contact direct avec la plaque de cuisson. Si elle n\u2019est pas retir\u00e9e, la laque fondra sur le verre. Assurez-vous que l\u2019int\u00e9rieur et l\u2019ext\u00e9rieur du wok sont soigneusement lav\u00e9s et s\u00e9ch\u00e9s avant d\u2019assaisonner l\u2019int\u00e9rieur.<\/p>\n<p>Nettoyage\u00a0:<\/p>\n<p>Pour nettoyer, laver \u00e0 la main avec de l\u2019eau ti\u00e8de et un d\u00e9tergent doux, si d\u00e9sir\u00e9. S\u00e9cher soigneusement avec un chiffon propre. Pour cr\u00e9er la laque protectrice naturelle appel\u00e9e patine, \u00e9vitez d\u2019utiliser de la poudre \u00e0 r\u00e9curer, des abrasifs ou des tampons \u00e0 r\u00e9curer m\u00e9talliques apr\u00e8s utilisation.<\/p>\n<p>Dimensions du wok : 32 x 32 x 10 cm<br \/>\nDiam\u00e8tre de la base du wok\u00a0: 15 cm<br \/>\nPoids\u00a0: 1,7 kg<\/p>\n","protected":false},"excerpt":{"rendered":"<p>D\u2019un diam\u00e8tre de 32 cm, ce wok compatible induction poss\u00e8de une capacit\u00e9 id\u00e9ale pour cuisiner pour 3 \u00e0 4 personnes. Sa conception vous permet de commencer \u00e0 cuisiner presque imm\u00e9diatement et la surface naturelle appel\u00e9e patine se d\u00e9veloppera avec l\u2019utilisation, ce qui aidera \u00e0 emp\u00eacher l\u2019acier au carbone de rouiller et offrira des performances de [&hellip;]<\/p>\n","protected":false},"featured_media":6377443,"template":"","meta":{"_acf_changed":false},"product_cat":[11991,12003,11679],"product_tag":[],"class_list":{"0":"post-1610157","1":"product","2":"type-product","3":"status-publish","4":"has-post-thumbnail","6":"product_cat-poeles-pots","7":"product_cat-wok","10":"first","11":"instock","12":"taxable","13":"shipping-taxable","14":"purchasable","15":"product-type-simple","swatches":"rey-swatches","show_selected":"","stretch_labels":"rey-swatches--stretch-labels"},"acf":[],"yoast_head":"<!-- This site is optimized with the Yoast SEO plugin v25.4 - https:\/\/yoast.com\/wordpress\/plugins\/seo\/ -->\n<title>KEN HOM Wok Excellence 32 cm - dev6 Erresse<\/title>\n<meta name=\"description\" content=\"D\u2019un diam\u00e8tre de 32 cm, ce wok compatible induction poss\u00e8de une capacit\u00e9 id\u00e9ale pour cuisiner pour 3 \u00e0 4 personnes. Sa conception vous permet de commencer\" \/>\n<meta name=\"robots\" content=\"noindex, follow, max-snippet:-1, max-image-preview:large, max-video-preview:-1\" \/>\n<meta property=\"og:locale\" content=\"fr_FR\" \/>\n<meta property=\"og:type\" content=\"article\" \/>\n<meta property=\"og:title\" content=\"KEN HOM Wok Excellence 32 cm - dev6 Erresse\" \/>\n<meta property=\"og:description\" content=\"D\u2019un diam\u00e8tre de 32 cm, ce wok compatible induction poss\u00e8de une capacit\u00e9 id\u00e9ale pour cuisiner pour 3 \u00e0 4 personnes. Sa conception vous permet de commencer\" \/>\n<meta property=\"og:url\" content=\"https:\/\/dev6.erresse-shop.it\/fr\/shop\/poeles-pots\/wok\/ken-hom-wok-excellence-32-cm\/\" \/>\n<meta property=\"og:site_name\" content=\"dev6 Erresse\" \/>\n<meta property=\"og:image\" content=\"https:\/\/interpim.erresse-shop.it\/Import\/Prodotti\/ken-hom-wok-excellence-32-cm-acciaio.jpg\" \/><meta property=\"og:image\" content=\"https:\/\/interpim.erresse-shop.it\/Import\/Prodotti\/ken-hom-wok-excellence-32-cm-acciaio.jpg\" \/>\n\t<meta property=\"og:image:width\" content=\"1024\" \/>\n\t<meta property=\"og:image:height\" content=\"1024\" \/>\n\t<meta property=\"og:image:type\" content=\"image\/jpeg\" \/>\n<meta name=\"twitter:card\" content=\"summary_large_image\" \/>\n<meta name=\"twitter:image\" content=\"https:\/\/interpim.erresse-shop.it\/Import\/Prodotti\/ken-hom-wok-excellence-32-cm-acciaio.jpg\" \/>\n<script type=\"application\/ld+json\" class=\"yoast-schema-graph\">{\"@context\":\"https:\/\/schema.org\",\"@graph\":[{\"@type\":\"WebPage\",\"@id\":\"https:\/\/dev6.erresse-shop.it\/fr\/shop\/poeles-pots\/wok\/ken-hom-wok-excellence-32-cm\/\",\"url\":\"https:\/\/dev6.erresse-shop.it\/fr\/shop\/poeles-pots\/wok\/ken-hom-wok-excellence-32-cm\/\",\"name\":\"KEN HOM Wok Excellence 32 cm - dev6 Erresse\",\"isPartOf\":{\"@id\":\"https:\/\/dev6.erresse-shop.it\/#website\"},\"primaryImageOfPage\":{\"@id\":\"https:\/\/dev6.erresse-shop.it\/fr\/shop\/poeles-pots\/wok\/ken-hom-wok-excellence-32-cm\/#primaryimage\"},\"image\":{\"@id\":\"https:\/\/dev6.erresse-shop.it\/fr\/shop\/poeles-pots\/wok\/ken-hom-wok-excellence-32-cm\/#primaryimage\"},\"thumbnailUrl\":\"https:\/\/i1.wp.com\/interpim.erresse-shop.it\/Import\/Prodotti\/ken-hom-wok-excellence-32-cm-acciaio.jpg?ssl=1\",\"datePublished\":\"2026-04-12T11:36:44+00:00\",\"description\":\"D\u2019un diam\u00e8tre de 32 cm, ce wok compatible induction poss\u00e8de une capacit\u00e9 id\u00e9ale pour cuisiner pour 3 \u00e0 4 personnes. Sa conception vous permet de commencer\",\"breadcrumb\":{\"@id\":\"https:\/\/dev6.erresse-shop.it\/fr\/shop\/poeles-pots\/wok\/ken-hom-wok-excellence-32-cm\/#breadcrumb\"},\"inLanguage\":\"fr-FR\",\"potentialAction\":[{\"@type\":\"ReadAction\",\"target\":[\"https:\/\/dev6.erresse-shop.it\/fr\/shop\/poeles-pots\/wok\/ken-hom-wok-excellence-32-cm\/\"]}]},{\"@type\":\"ImageObject\",\"inLanguage\":\"fr-FR\",\"@id\":\"https:\/\/dev6.erresse-shop.it\/fr\/shop\/poeles-pots\/wok\/ken-hom-wok-excellence-32-cm\/#primaryimage\",\"url\":\"https:\/\/i1.wp.com\/interpim.erresse-shop.it\/Import\/Prodotti\/ken-hom-wok-excellence-32-cm-acciaio.jpg?ssl=1\",\"contentUrl\":\"https:\/\/i1.wp.com\/interpim.erresse-shop.it\/Import\/Prodotti\/ken-hom-wok-excellence-32-cm-acciaio.jpg?ssl=1\"},{\"@type\":\"BreadcrumbList\",\"@id\":\"https:\/\/dev6.erresse-shop.it\/fr\/shop\/poeles-pots\/wok\/ken-hom-wok-excellence-32-cm\/#breadcrumb\",\"itemListElement\":[{\"@type\":\"ListItem\",\"position\":1,\"name\":\"Home\",\"item\":\"https:\/\/dev6.erresse-shop.it\/\"},{\"@type\":\"ListItem\",\"position\":2,\"name\":\"Boutique\",\"item\":\"https:\/\/dev6.erresse-shop.it\/shop\/\"},{\"@type\":\"ListItem\",\"position\":3,\"name\":\"KEN HOM Wok Excellence 32 cm\"}]},{\"@type\":\"WebSite\",\"@id\":\"https:\/\/dev6.erresse-shop.it\/#website\",\"url\":\"https:\/\/dev6.erresse-shop.it\/\",\"name\":\"Erresse Shop\",\"description\":\"\",\"publisher\":{\"@id\":\"https:\/\/dev6.erresse-shop.it\/#organization\"},\"potentialAction\":[{\"@type\":\"SearchAction\",\"target\":{\"@type\":\"EntryPoint\",\"urlTemplate\":\"https:\/\/dev6.erresse-shop.it\/?s={search_term_string}\"},\"query-input\":{\"@type\":\"PropertyValueSpecification\",\"valueRequired\":true,\"valueName\":\"search_term_string\"}}],\"inLanguage\":\"fr-FR\"},{\"@type\":\"Organization\",\"@id\":\"https:\/\/dev6.erresse-shop.it\/#organization\",\"name\":\"Erresse Shop\",\"url\":\"https:\/\/dev6.erresse-shop.it\/\",\"logo\":{\"@type\":\"ImageObject\",\"inLanguage\":\"fr-FR\",\"@id\":\"https:\/\/dev6.erresse-shop.it\/#\/schema\/logo\/image\/\",\"url\":\"https:\/\/dev6.erresse-shop.it\/wp-content\/uploads\/2025\/01\/LOGO-ERRESSE-CLASSICO.svg\",\"contentUrl\":\"https:\/\/dev6.erresse-shop.it\/wp-content\/uploads\/2025\/01\/LOGO-ERRESSE-CLASSICO.svg\",\"caption\":\"Erresse Shop\"},\"image\":{\"@id\":\"https:\/\/dev6.erresse-shop.it\/#\/schema\/logo\/image\/\"}}]}<\/script>\n<!-- \/ Yoast SEO plugin. -->","yoast_head_json":{"title":"KEN HOM Wok Excellence 32 cm - dev6 Erresse","description":"D\u2019un diam\u00e8tre de 32 cm, ce wok compatible induction poss\u00e8de une capacit\u00e9 id\u00e9ale pour cuisiner pour 3 \u00e0 4 personnes. Sa conception vous permet de commencer","robots":{"index":"noindex","follow":"follow","max-snippet":"max-snippet:-1","max-image-preview":"max-image-preview:large","max-video-preview":"max-video-preview:-1"},"og_locale":"fr_FR","og_type":"article","og_title":"KEN HOM Wok Excellence 32 cm - dev6 Erresse","og_description":"D\u2019un diam\u00e8tre de 32 cm, ce wok compatible induction poss\u00e8de une capacit\u00e9 id\u00e9ale pour cuisiner pour 3 \u00e0 4 personnes. Sa conception vous permet de commencer","og_url":"https:\/\/dev6.erresse-shop.it\/fr\/shop\/poeles-pots\/wok\/ken-hom-wok-excellence-32-cm\/","og_site_name":"dev6 Erresse","og_image":[{"url":"https:\/\/interpim.erresse-shop.it\/Import\/Prodotti\/ken-hom-wok-excellence-32-cm-acciaio.jpg","type":"","width":"","height":""},{"url":"https:\/\/interpim.erresse-shop.it\/Import\/Prodotti\/ken-hom-wok-excellence-32-cm-acciaio.jpg","width":1024,"height":1024,"type":"image\/jpeg"}],"twitter_card":"summary_large_image","twitter_image":"https:\/\/interpim.erresse-shop.it\/Import\/Prodotti\/ken-hom-wok-excellence-32-cm-acciaio.jpg","schema":{"@context":"https:\/\/schema.org","@graph":[{"@type":"WebPage","@id":"https:\/\/dev6.erresse-shop.it\/fr\/shop\/poeles-pots\/wok\/ken-hom-wok-excellence-32-cm\/","url":"https:\/\/dev6.erresse-shop.it\/fr\/shop\/poeles-pots\/wok\/ken-hom-wok-excellence-32-cm\/","name":"KEN HOM Wok Excellence 32 cm - dev6 Erresse","isPartOf":{"@id":"https:\/\/dev6.erresse-shop.it\/#website"},"primaryImageOfPage":{"@id":"https:\/\/dev6.erresse-shop.it\/fr\/shop\/poeles-pots\/wok\/ken-hom-wok-excellence-32-cm\/#primaryimage"},"image":{"@id":"https:\/\/dev6.erresse-shop.it\/fr\/shop\/poeles-pots\/wok\/ken-hom-wok-excellence-32-cm\/#primaryimage"},"thumbnailUrl":"https:\/\/i1.wp.com\/interpim.erresse-shop.it\/Import\/Prodotti\/ken-hom-wok-excellence-32-cm-acciaio.jpg?ssl=1","datePublished":"2026-04-12T11:36:44+00:00","description":"D\u2019un diam\u00e8tre de 32 cm, ce wok compatible induction poss\u00e8de une capacit\u00e9 id\u00e9ale pour cuisiner pour 3 \u00e0 4 personnes. Sa conception vous permet de commencer","breadcrumb":{"@id":"https:\/\/dev6.erresse-shop.it\/fr\/shop\/poeles-pots\/wok\/ken-hom-wok-excellence-32-cm\/#breadcrumb"},"inLanguage":"fr-FR","potentialAction":[{"@type":"ReadAction","target":["https:\/\/dev6.erresse-shop.it\/fr\/shop\/poeles-pots\/wok\/ken-hom-wok-excellence-32-cm\/"]}]},{"@type":"ImageObject","inLanguage":"fr-FR","@id":"https:\/\/dev6.erresse-shop.it\/fr\/shop\/poeles-pots\/wok\/ken-hom-wok-excellence-32-cm\/#primaryimage","url":"https:\/\/i1.wp.com\/interpim.erresse-shop.it\/Import\/Prodotti\/ken-hom-wok-excellence-32-cm-acciaio.jpg?ssl=1","contentUrl":"https:\/\/i1.wp.com\/interpim.erresse-shop.it\/Import\/Prodotti\/ken-hom-wok-excellence-32-cm-acciaio.jpg?ssl=1"},{"@type":"BreadcrumbList","@id":"https:\/\/dev6.erresse-shop.it\/fr\/shop\/poeles-pots\/wok\/ken-hom-wok-excellence-32-cm\/#breadcrumb","itemListElement":[{"@type":"ListItem","position":1,"name":"Home","item":"https:\/\/dev6.erresse-shop.it\/"},{"@type":"ListItem","position":2,"name":"Boutique","item":"https:\/\/dev6.erresse-shop.it\/shop\/"},{"@type":"ListItem","position":3,"name":"KEN HOM Wok Excellence 32 cm"}]},{"@type":"WebSite","@id":"https:\/\/dev6.erresse-shop.it\/#website","url":"https:\/\/dev6.erresse-shop.it\/","name":"Erresse Shop","description":"","publisher":{"@id":"https:\/\/dev6.erresse-shop.it\/#organization"},"potentialAction":[{"@type":"SearchAction","target":{"@type":"EntryPoint","urlTemplate":"https:\/\/dev6.erresse-shop.it\/?s={search_term_string}"},"query-input":{"@type":"PropertyValueSpecification","valueRequired":true,"valueName":"search_term_string"}}],"inLanguage":"fr-FR"},{"@type":"Organization","@id":"https:\/\/dev6.erresse-shop.it\/#organization","name":"Erresse Shop","url":"https:\/\/dev6.erresse-shop.it\/","logo":{"@type":"ImageObject","inLanguage":"fr-FR","@id":"https:\/\/dev6.erresse-shop.it\/#\/schema\/logo\/image\/","url":"https:\/\/dev6.erresse-shop.it\/wp-content\/uploads\/2025\/01\/LOGO-ERRESSE-CLASSICO.svg","contentUrl":"https:\/\/dev6.erresse-shop.it\/wp-content\/uploads\/2025\/01\/LOGO-ERRESSE-CLASSICO.svg","caption":"Erresse Shop"},"image":{"@id":"https:\/\/dev6.erresse-shop.it\/#\/schema\/logo\/image\/"}}]}},"df_price":42,"df_sale_price":"","df_regular_price":42,"df_image_link":"https:\/\/i1.wp.com\/interpim.erresse-shop.it\/Import\/Prodotti\/ken-hom-wok-excellence-32-cm-acciaio.jpg?resize=300,300&ssl=1","fifu_image_url":"https:\/\/interpim.erresse-shop.it\/Import\/Prodotti\/ken-hom-wok-excellence-32-cm-acciaio.jpg","_links":{"self":[{"href":"https:\/\/dev6.erresse-shop.it\/fr\/wp-json\/wp\/v2\/product\/1610157","targetHints":{"allow":["GET"]}}],"collection":[{"href":"https:\/\/dev6.erresse-shop.it\/fr\/wp-json\/wp\/v2\/product"}],"about":[{"href":"https:\/\/dev6.erresse-shop.it\/fr\/wp-json\/wp\/v2\/types\/product"}],"wp:featuredmedia":[{"embeddable":true,"href":"https:\/\/dev6.erresse-shop.it\/fr\/wp-json\/wp\/v2\/media\/6377443"}],"wp:attachment":[{"href":"https:\/\/dev6.erresse-shop.it\/fr\/wp-json\/wp\/v2\/media?parent=1610157"}],"wp:term":[{"taxonomy":"product_cat","embeddable":true,"href":"https:\/\/dev6.erresse-shop.it\/fr\/wp-json\/wp\/v2\/product_cat?post=1610157"},{"taxonomy":"product_tag","embeddable":true,"href":"https:\/\/dev6.erresse-shop.it\/fr\/wp-json\/wp\/v2\/product_tag?post=1610157"}],"curies":[{"name":"wp","href":"https:\/\/api.w.org\/{rel}","templated":true}]}}