{"id":1610155,"date":"2026-04-12T13:36:44","date_gmt":"2026-04-12T11:36:44","guid":{"rendered":"https:\/\/dev6.erresse-shop.it\/shop\/non%20class\u00e9\/bialetti-moka-express-4-tasses\/"},"modified":"2025-09-14T06:46:30","modified_gmt":"2025-09-14T04:46:30","slug":"bialetti-moka-express-4-tasses","status":"publish","type":"product","link":"https:\/\/dev6.erresse-shop.it\/fr\/shop\/cuisine\/cafetieres\/bialetti-moka-express-4-tasses\/","title":{"rendered":"BIALETTI Moka Express 4 Tasses"},"content":{"rendered":"<p>La Moka. L\u2019unique et l\u2019original depuis 1933.<br \/>\nN\u00e9e de l\u2019intuition g\u00e9niale d\u2019Alfonso Bialetti, la Moka Bialetti a conquis, en presque cent ans d\u2019histoire, une place dans les c\u0153urs et les cuisines de tous les Italiens.<br \/>\nExcellent exemple d\u2019Art D\u00e9co, la Moka Express est devenue une ic\u00f4ne et un symbole du Made in Italy, pr\u00e9sente dans la collection permanente de la Triennale de Milan et du MoMA de New York.<br \/>\nAu fil des ann\u00e9es, Bialetti a perfectionn\u00e9 son design caract\u00e9ristique, tout en maintenant inchang\u00e9es les caract\u00e9ristiques fonctionnelles et conviviales de la Moka : la chaudi\u00e8re octogonale en aluminium, la soupape exclusive facile \u00e0 nettoyer et \u00e0 inspecter, le filtre et le collecteur qui renferme l\u2019essence de l\u2019extraction du caf\u00e9, noir, cors\u00e9 et chaud.<\/p>\n<p>Mat\u00e9riau du corps : aluminium ;<br \/>\nMat\u00e9riau de la poign\u00e9e et du bouton : thermoplastique ;<br \/>\nSoupape de s\u00e9curit\u00e9 facile \u00e0 nettoyer ;<br \/>\nNe passe pas au lave-vaisselle ;<br \/>\nCompatible avec les cuisini\u00e8res \u00e9lectriques et \u00e0 gaz ;<br \/>\nConvient uniquement aux tables de cuisson \u00e0 induction et exclusivement si la plaque \u00e0 induction Bialetti est utilis\u00e9e.<\/p>\n","protected":false},"excerpt":{"rendered":"<p>La Moka. L\u2019unique et l\u2019original depuis 1933. N\u00e9e de l\u2019intuition g\u00e9niale d\u2019Alfonso Bialetti, la Moka Bialetti a conquis, en presque cent ans d\u2019histoire, une place dans les c\u0153urs et les cuisines de tous les Italiens. Excellent exemple d\u2019Art D\u00e9co, la Moka Express est devenue une ic\u00f4ne et un symbole du Made in Italy, pr\u00e9sente dans [&hellip;]<\/p>\n","protected":false},"featured_media":6377437,"template":"","meta":{"_acf_changed":false},"product_cat":[12002,11992],"product_tag":[],"class_list":{"0":"post-1610155","1":"product","2":"type-product","3":"status-publish","4":"has-post-thumbnail","6":"product_cat-cafetieres","7":"product_cat-cuisine","9":"first","10":"instock","11":"sale","12":"taxable","13":"shipping-taxable","14":"purchasable","15":"product-type-simple","swatches":"rey-swatches","show_selected":"","stretch_labels":"rey-swatches--stretch-labels"},"acf":[],"yoast_head":"<!-- This site is optimized with the Yoast SEO plugin v25.4 - https:\/\/yoast.com\/wordpress\/plugins\/seo\/ -->\n<title>BIALETTI Moka Express 4 Tasses - dev6 Erresse<\/title>\n<meta name=\"description\" content=\"La Moka. L\u2019unique et l\u2019original depuis 1933. N\u00e9e de l\u2019intuition g\u00e9niale d\u2019Alfonso Bialetti, la Moka Bialetti a conquis, en presque cent ans d\u2019histoire,\" \/>\n<meta name=\"robots\" content=\"noindex, follow, max-snippet:-1, max-image-preview:large, max-video-preview:-1\" \/>\n<meta property=\"og:locale\" content=\"fr_FR\" \/>\n<meta property=\"og:type\" content=\"article\" \/>\n<meta property=\"og:title\" content=\"BIALETTI Moka Express 4 Tasses - dev6 Erresse\" \/>\n<meta property=\"og:description\" content=\"La Moka. L\u2019unique et l\u2019original depuis 1933. N\u00e9e de l\u2019intuition g\u00e9niale d\u2019Alfonso Bialetti, la Moka Bialetti a conquis, en presque cent ans d\u2019histoire,\" \/>\n<meta property=\"og:url\" content=\"https:\/\/dev6.erresse-shop.it\/fr\/shop\/cuisine\/cafetieres\/bialetti-moka-express-4-tasses\/\" \/>\n<meta property=\"og:site_name\" content=\"dev6 Erresse\" \/>\n<meta property=\"og:image\" content=\"https:\/\/interpim.erresse-shop.it\/Import\/Prodotti\/bialetti-moka-express-4-tazze.jpg\" \/><meta property=\"og:image\" content=\"https:\/\/interpim.erresse-shop.it\/Import\/Prodotti\/bialetti-moka-express-4-tazze.jpg\" \/>\n\t<meta property=\"og:image:width\" content=\"1024\" \/>\n\t<meta property=\"og:image:height\" content=\"1024\" \/>\n\t<meta property=\"og:image:type\" content=\"image\/jpeg\" \/>\n<meta name=\"twitter:card\" content=\"summary_large_image\" \/>\n<meta name=\"twitter:image\" content=\"https:\/\/interpim.erresse-shop.it\/Import\/Prodotti\/bialetti-moka-express-4-tazze.jpg\" \/>\n<script type=\"application\/ld+json\" class=\"yoast-schema-graph\">{\"@context\":\"https:\/\/schema.org\",\"@graph\":[{\"@type\":\"WebPage\",\"@id\":\"https:\/\/dev6.erresse-shop.it\/fr\/shop\/cuisine\/cafetieres\/bialetti-moka-express-4-tasses\/\",\"url\":\"https:\/\/dev6.erresse-shop.it\/fr\/shop\/cuisine\/cafetieres\/bialetti-moka-express-4-tasses\/\",\"name\":\"BIALETTI Moka Express 4 Tasses - dev6 Erresse\",\"isPartOf\":{\"@id\":\"https:\/\/dev6.erresse-shop.it\/#website\"},\"primaryImageOfPage\":{\"@id\":\"https:\/\/dev6.erresse-shop.it\/fr\/shop\/cuisine\/cafetieres\/bialetti-moka-express-4-tasses\/#primaryimage\"},\"image\":{\"@id\":\"https:\/\/dev6.erresse-shop.it\/fr\/shop\/cuisine\/cafetieres\/bialetti-moka-express-4-tasses\/#primaryimage\"},\"thumbnailUrl\":\"https:\/\/i3.wp.com\/interpim.erresse-shop.it\/Import\/Prodotti\/bialetti-moka-express-4-tazze.jpg?ssl=1\",\"datePublished\":\"2026-04-12T11:36:44+00:00\",\"description\":\"La Moka. L\u2019unique et l\u2019original depuis 1933. N\u00e9e de l\u2019intuition g\u00e9niale d\u2019Alfonso Bialetti, la Moka Bialetti a conquis, en presque cent ans d\u2019histoire,\",\"breadcrumb\":{\"@id\":\"https:\/\/dev6.erresse-shop.it\/fr\/shop\/cuisine\/cafetieres\/bialetti-moka-express-4-tasses\/#breadcrumb\"},\"inLanguage\":\"fr-FR\",\"potentialAction\":[{\"@type\":\"ReadAction\",\"target\":[\"https:\/\/dev6.erresse-shop.it\/fr\/shop\/cuisine\/cafetieres\/bialetti-moka-express-4-tasses\/\"]}]},{\"@type\":\"ImageObject\",\"inLanguage\":\"fr-FR\",\"@id\":\"https:\/\/dev6.erresse-shop.it\/fr\/shop\/cuisine\/cafetieres\/bialetti-moka-express-4-tasses\/#primaryimage\",\"url\":\"https:\/\/i3.wp.com\/interpim.erresse-shop.it\/Import\/Prodotti\/bialetti-moka-express-4-tazze.jpg?ssl=1\",\"contentUrl\":\"https:\/\/i3.wp.com\/interpim.erresse-shop.it\/Import\/Prodotti\/bialetti-moka-express-4-tazze.jpg?ssl=1\"},{\"@type\":\"BreadcrumbList\",\"@id\":\"https:\/\/dev6.erresse-shop.it\/fr\/shop\/cuisine\/cafetieres\/bialetti-moka-express-4-tasses\/#breadcrumb\",\"itemListElement\":[{\"@type\":\"ListItem\",\"position\":1,\"name\":\"Home\",\"item\":\"https:\/\/dev6.erresse-shop.it\/\"},{\"@type\":\"ListItem\",\"position\":2,\"name\":\"Boutique\",\"item\":\"https:\/\/dev6.erresse-shop.it\/shop\/\"},{\"@type\":\"ListItem\",\"position\":3,\"name\":\"BIALETTI Moka Express 4 Tasses\"}]},{\"@type\":\"WebSite\",\"@id\":\"https:\/\/dev6.erresse-shop.it\/#website\",\"url\":\"https:\/\/dev6.erresse-shop.it\/\",\"name\":\"Erresse Shop\",\"description\":\"\",\"publisher\":{\"@id\":\"https:\/\/dev6.erresse-shop.it\/#organization\"},\"potentialAction\":[{\"@type\":\"SearchAction\",\"target\":{\"@type\":\"EntryPoint\",\"urlTemplate\":\"https:\/\/dev6.erresse-shop.it\/?s={search_term_string}\"},\"query-input\":{\"@type\":\"PropertyValueSpecification\",\"valueRequired\":true,\"valueName\":\"search_term_string\"}}],\"inLanguage\":\"fr-FR\"},{\"@type\":\"Organization\",\"@id\":\"https:\/\/dev6.erresse-shop.it\/#organization\",\"name\":\"Erresse Shop\",\"url\":\"https:\/\/dev6.erresse-shop.it\/\",\"logo\":{\"@type\":\"ImageObject\",\"inLanguage\":\"fr-FR\",\"@id\":\"https:\/\/dev6.erresse-shop.it\/#\/schema\/logo\/image\/\",\"url\":\"https:\/\/dev6.erresse-shop.it\/wp-content\/uploads\/2025\/01\/LOGO-ERRESSE-CLASSICO.svg\",\"contentUrl\":\"https:\/\/dev6.erresse-shop.it\/wp-content\/uploads\/2025\/01\/LOGO-ERRESSE-CLASSICO.svg\",\"caption\":\"Erresse Shop\"},\"image\":{\"@id\":\"https:\/\/dev6.erresse-shop.it\/#\/schema\/logo\/image\/\"}}]}<\/script>\n<!-- \/ Yoast SEO plugin. -->","yoast_head_json":{"title":"BIALETTI Moka Express 4 Tasses - dev6 Erresse","description":"La Moka. L\u2019unique et l\u2019original depuis 1933. N\u00e9e de l\u2019intuition g\u00e9niale d\u2019Alfonso Bialetti, la Moka Bialetti a conquis, en presque cent ans d\u2019histoire,","robots":{"index":"noindex","follow":"follow","max-snippet":"max-snippet:-1","max-image-preview":"max-image-preview:large","max-video-preview":"max-video-preview:-1"},"og_locale":"fr_FR","og_type":"article","og_title":"BIALETTI Moka Express 4 Tasses - dev6 Erresse","og_description":"La Moka. L\u2019unique et l\u2019original depuis 1933. N\u00e9e de l\u2019intuition g\u00e9niale d\u2019Alfonso Bialetti, la Moka Bialetti a conquis, en presque cent ans d\u2019histoire,","og_url":"https:\/\/dev6.erresse-shop.it\/fr\/shop\/cuisine\/cafetieres\/bialetti-moka-express-4-tasses\/","og_site_name":"dev6 Erresse","og_image":[{"url":"https:\/\/interpim.erresse-shop.it\/Import\/Prodotti\/bialetti-moka-express-4-tazze.jpg","type":"","width":"","height":""},{"url":"https:\/\/interpim.erresse-shop.it\/Import\/Prodotti\/bialetti-moka-express-4-tazze.jpg","width":1024,"height":1024,"type":"image\/jpeg"}],"twitter_card":"summary_large_image","twitter_image":"https:\/\/interpim.erresse-shop.it\/Import\/Prodotti\/bialetti-moka-express-4-tazze.jpg","schema":{"@context":"https:\/\/schema.org","@graph":[{"@type":"WebPage","@id":"https:\/\/dev6.erresse-shop.it\/fr\/shop\/cuisine\/cafetieres\/bialetti-moka-express-4-tasses\/","url":"https:\/\/dev6.erresse-shop.it\/fr\/shop\/cuisine\/cafetieres\/bialetti-moka-express-4-tasses\/","name":"BIALETTI Moka Express 4 Tasses - dev6 Erresse","isPartOf":{"@id":"https:\/\/dev6.erresse-shop.it\/#website"},"primaryImageOfPage":{"@id":"https:\/\/dev6.erresse-shop.it\/fr\/shop\/cuisine\/cafetieres\/bialetti-moka-express-4-tasses\/#primaryimage"},"image":{"@id":"https:\/\/dev6.erresse-shop.it\/fr\/shop\/cuisine\/cafetieres\/bialetti-moka-express-4-tasses\/#primaryimage"},"thumbnailUrl":"https:\/\/i3.wp.com\/interpim.erresse-shop.it\/Import\/Prodotti\/bialetti-moka-express-4-tazze.jpg?ssl=1","datePublished":"2026-04-12T11:36:44+00:00","description":"La Moka. L\u2019unique et l\u2019original depuis 1933. N\u00e9e de l\u2019intuition g\u00e9niale d\u2019Alfonso Bialetti, la Moka Bialetti a conquis, en presque cent ans d\u2019histoire,","breadcrumb":{"@id":"https:\/\/dev6.erresse-shop.it\/fr\/shop\/cuisine\/cafetieres\/bialetti-moka-express-4-tasses\/#breadcrumb"},"inLanguage":"fr-FR","potentialAction":[{"@type":"ReadAction","target":["https:\/\/dev6.erresse-shop.it\/fr\/shop\/cuisine\/cafetieres\/bialetti-moka-express-4-tasses\/"]}]},{"@type":"ImageObject","inLanguage":"fr-FR","@id":"https:\/\/dev6.erresse-shop.it\/fr\/shop\/cuisine\/cafetieres\/bialetti-moka-express-4-tasses\/#primaryimage","url":"https:\/\/i3.wp.com\/interpim.erresse-shop.it\/Import\/Prodotti\/bialetti-moka-express-4-tazze.jpg?ssl=1","contentUrl":"https:\/\/i3.wp.com\/interpim.erresse-shop.it\/Import\/Prodotti\/bialetti-moka-express-4-tazze.jpg?ssl=1"},{"@type":"BreadcrumbList","@id":"https:\/\/dev6.erresse-shop.it\/fr\/shop\/cuisine\/cafetieres\/bialetti-moka-express-4-tasses\/#breadcrumb","itemListElement":[{"@type":"ListItem","position":1,"name":"Home","item":"https:\/\/dev6.erresse-shop.it\/"},{"@type":"ListItem","position":2,"name":"Boutique","item":"https:\/\/dev6.erresse-shop.it\/shop\/"},{"@type":"ListItem","position":3,"name":"BIALETTI Moka Express 4 Tasses"}]},{"@type":"WebSite","@id":"https:\/\/dev6.erresse-shop.it\/#website","url":"https:\/\/dev6.erresse-shop.it\/","name":"Erresse Shop","description":"","publisher":{"@id":"https:\/\/dev6.erresse-shop.it\/#organization"},"potentialAction":[{"@type":"SearchAction","target":{"@type":"EntryPoint","urlTemplate":"https:\/\/dev6.erresse-shop.it\/?s={search_term_string}"},"query-input":{"@type":"PropertyValueSpecification","valueRequired":true,"valueName":"search_term_string"}}],"inLanguage":"fr-FR"},{"@type":"Organization","@id":"https:\/\/dev6.erresse-shop.it\/#organization","name":"Erresse Shop","url":"https:\/\/dev6.erresse-shop.it\/","logo":{"@type":"ImageObject","inLanguage":"fr-FR","@id":"https:\/\/dev6.erresse-shop.it\/#\/schema\/logo\/image\/","url":"https:\/\/dev6.erresse-shop.it\/wp-content\/uploads\/2025\/01\/LOGO-ERRESSE-CLASSICO.svg","contentUrl":"https:\/\/dev6.erresse-shop.it\/wp-content\/uploads\/2025\/01\/LOGO-ERRESSE-CLASSICO.svg","caption":"Erresse Shop"},"image":{"@id":"https:\/\/dev6.erresse-shop.it\/#\/schema\/logo\/image\/"}}]}},"df_price":39.95,"df_sale_price":39.95,"df_regular_price":45,"df_image_link":"https:\/\/i3.wp.com\/interpim.erresse-shop.it\/Import\/Prodotti\/bialetti-moka-express-4-tazze.jpg?resize=300,300&ssl=1","fifu_image_url":"https:\/\/interpim.erresse-shop.it\/Import\/Prodotti\/bialetti-moka-express-4-tazze.jpg","_links":{"self":[{"href":"https:\/\/dev6.erresse-shop.it\/fr\/wp-json\/wp\/v2\/product\/1610155","targetHints":{"allow":["GET"]}}],"collection":[{"href":"https:\/\/dev6.erresse-shop.it\/fr\/wp-json\/wp\/v2\/product"}],"about":[{"href":"https:\/\/dev6.erresse-shop.it\/fr\/wp-json\/wp\/v2\/types\/product"}],"wp:featuredmedia":[{"embeddable":true,"href":"https:\/\/dev6.erresse-shop.it\/fr\/wp-json\/wp\/v2\/media\/6377437"}],"wp:attachment":[{"href":"https:\/\/dev6.erresse-shop.it\/fr\/wp-json\/wp\/v2\/media?parent=1610155"}],"wp:term":[{"taxonomy":"product_cat","embeddable":true,"href":"https:\/\/dev6.erresse-shop.it\/fr\/wp-json\/wp\/v2\/product_cat?post=1610155"},{"taxonomy":"product_tag","embeddable":true,"href":"https:\/\/dev6.erresse-shop.it\/fr\/wp-json\/wp\/v2\/product_tag?post=1610155"}],"curies":[{"name":"wp","href":"https:\/\/api.w.org\/{rel}","templated":true}]}}