{"id":1610151,"date":"2026-04-12T13:34:09","date_gmt":"2026-04-12T11:34:09","guid":{"rendered":"https:\/\/dev6.erresse-shop.it\/shop\/non%20class\u00e9\/bialetti-moka-express-3-tasses-mackenzie\/"},"modified":"2025-09-14T06:46:25","modified_gmt":"2025-09-14T04:46:25","slug":"bialetti-moka-express-3-tasses-mackenzie","status":"publish","type":"product","link":"https:\/\/dev6.erresse-shop.it\/fr\/shop\/cuisine\/cafetieres\/bialetti-moka-express-3-tasses-mackenzie\/","title":{"rendered":"BIALETTI Moka Express 3 Tasses Mackenzie"},"content":{"rendered":"<p>Am\u00e9liorez votre exp\u00e9rience expresso avec Bialetti et MacKenzie-Childs, l\u2019entreprise de meubles connue pour sa sensibilit\u00e9 au design ludique.<\/p>\n<p>Bialetti et MacKenzie-Childs unissent leurs forces pour c\u00e9l\u00e9brer le rituel italien du caf\u00e9 avec une collaboration qui fusionne la fonctionnalit\u00e9 de la cafeti\u00e8re classique Bialetti avec la personnalit\u00e9 des motifs embl\u00e9matiques de MacKenzie-Childs, cr\u00e9ant un incroyable voyage sensoriel o\u00f9 des d\u00e9tails uniques rencontrent un design ludique et \u00e9l\u00e9gant.<\/p>\n<p>Caract\u00e9ristiques\u00a0:<\/p>\n<p>Dimensions : 15 x 8,5 x 15,5 cm<br \/>\nCapacit\u00e9 : 130 ML \u2013 4,4 OZ.<br \/>\nPr\u00e9pare 3 tasses de caf\u00e9 italien<br \/>\nMat\u00e9riau du corps : aluminium<br \/>\nMat\u00e9riau de la poign\u00e9e et du bouton\u00a0: thermoplastique<\/p>\n<p>Fabriqu\u00e9 en Italie<br \/>\nSoupape de s\u00e9curit\u00e9 facile \u00e0 nettoyer.<br \/>\nConvient pour une utilisation sur des plaques de cuisson \u00e0 gaz, \u00e9lectriques et vitroc\u00e9ramiques.<br \/>\nConvient pour une utilisation sur des plaques \u00e0 induction uniquement lorsqu\u2019il est utilis\u00e9 avec la plaque \u00e0 induction Bialetti.<\/p>\n<p>Chaque Moka Express Bialetti MacKenzie-Childs est caract\u00e9ris\u00e9e par des \u00e9l\u00e9ments distinctifs li\u00e9s \u00e0 la position diff\u00e9rente des motifs d\u00e9coratifs sur le collecteur.<br \/>\nChaque cafeti\u00e8re Moka sera un chef-d\u2019\u0153uvre d\u2019artisanat.<\/p>\n","protected":false},"excerpt":{"rendered":"<p>Am\u00e9liorez votre exp\u00e9rience expresso avec Bialetti et MacKenzie-Childs, l\u2019entreprise de meubles connue pour sa sensibilit\u00e9 au design ludique. Bialetti et MacKenzie-Childs unissent leurs forces pour c\u00e9l\u00e9brer le rituel italien du caf\u00e9 avec une collaboration qui fusionne la fonctionnalit\u00e9 de la cafeti\u00e8re classique Bialetti avec la personnalit\u00e9 des motifs embl\u00e9matiques de MacKenzie-Childs, cr\u00e9ant un incroyable voyage [&hellip;]<\/p>\n","protected":false},"featured_media":6377434,"template":"","meta":{"_acf_changed":false},"product_cat":[12002,11992],"product_tag":[],"class_list":{"0":"post-1610151","1":"product","2":"type-product","3":"status-publish","4":"has-post-thumbnail","6":"product_cat-cafetieres","7":"product_cat-cuisine","9":"first","10":"instock","11":"sale","12":"taxable","13":"shipping-taxable","14":"purchasable","15":"product-type-simple","swatches":"rey-swatches","show_selected":"","stretch_labels":"rey-swatches--stretch-labels"},"acf":[],"yoast_head":"<!-- This site is optimized with the Yoast SEO plugin v25.4 - https:\/\/yoast.com\/wordpress\/plugins\/seo\/ -->\n<title>BIALETTI Moka Express 3 Tasses Mackenzie - dev6 Erresse<\/title>\n<meta name=\"description\" content=\"Am\u00e9liorez votre exp\u00e9rience expresso avec Bialetti et MacKenzie-Childs, l\u2019entreprise de meubles connue pour sa sensibilit\u00e9 au design ludique. Bialetti et\" \/>\n<meta name=\"robots\" content=\"noindex, follow, max-snippet:-1, max-image-preview:large, max-video-preview:-1\" \/>\n<meta property=\"og:locale\" content=\"fr_FR\" \/>\n<meta property=\"og:type\" content=\"article\" \/>\n<meta property=\"og:title\" content=\"BIALETTI Moka Express 3 Tasses Mackenzie - dev6 Erresse\" \/>\n<meta property=\"og:description\" content=\"Am\u00e9liorez votre exp\u00e9rience expresso avec Bialetti et MacKenzie-Childs, l\u2019entreprise de meubles connue pour sa sensibilit\u00e9 au design ludique. Bialetti et\" \/>\n<meta property=\"og:url\" content=\"https:\/\/dev6.erresse-shop.it\/fr\/shop\/cuisine\/cafetieres\/bialetti-moka-express-3-tasses-mackenzie\/\" \/>\n<meta property=\"og:site_name\" content=\"dev6 Erresse\" \/>\n<meta property=\"og:image\" content=\"https:\/\/interpim.erresse-shop.it\/Import\/Prodotti\/bialetti-moka-express-3-tazze-mackenzie.jpg\" \/><meta property=\"og:image\" content=\"https:\/\/interpim.erresse-shop.it\/Import\/Prodotti\/bialetti-moka-express-3-tazze-mackenzie.jpg\" \/>\n\t<meta property=\"og:image:width\" content=\"1024\" \/>\n\t<meta property=\"og:image:height\" content=\"1024\" \/>\n\t<meta property=\"og:image:type\" content=\"image\/jpeg\" \/>\n<meta name=\"twitter:card\" content=\"summary_large_image\" \/>\n<meta name=\"twitter:image\" content=\"https:\/\/interpim.erresse-shop.it\/Import\/Prodotti\/bialetti-moka-express-3-tazze-mackenzie.jpg\" \/>\n<script type=\"application\/ld+json\" class=\"yoast-schema-graph\">{\"@context\":\"https:\/\/schema.org\",\"@graph\":[{\"@type\":\"WebPage\",\"@id\":\"https:\/\/dev6.erresse-shop.it\/fr\/shop\/cuisine\/cafetieres\/bialetti-moka-express-3-tasses-mackenzie\/\",\"url\":\"https:\/\/dev6.erresse-shop.it\/fr\/shop\/cuisine\/cafetieres\/bialetti-moka-express-3-tasses-mackenzie\/\",\"name\":\"BIALETTI Moka Express 3 Tasses Mackenzie - dev6 Erresse\",\"isPartOf\":{\"@id\":\"https:\/\/dev6.erresse-shop.it\/#website\"},\"primaryImageOfPage\":{\"@id\":\"https:\/\/dev6.erresse-shop.it\/fr\/shop\/cuisine\/cafetieres\/bialetti-moka-express-3-tasses-mackenzie\/#primaryimage\"},\"image\":{\"@id\":\"https:\/\/dev6.erresse-shop.it\/fr\/shop\/cuisine\/cafetieres\/bialetti-moka-express-3-tasses-mackenzie\/#primaryimage\"},\"thumbnailUrl\":\"https:\/\/i3.wp.com\/interpim.erresse-shop.it\/Import\/Prodotti\/bialetti-moka-express-3-tazze-mackenzie.jpg?ssl=1\",\"datePublished\":\"2026-04-12T11:34:09+00:00\",\"description\":\"Am\u00e9liorez votre exp\u00e9rience expresso avec Bialetti et MacKenzie-Childs, l\u2019entreprise de meubles connue pour sa sensibilit\u00e9 au design ludique. Bialetti et\",\"breadcrumb\":{\"@id\":\"https:\/\/dev6.erresse-shop.it\/fr\/shop\/cuisine\/cafetieres\/bialetti-moka-express-3-tasses-mackenzie\/#breadcrumb\"},\"inLanguage\":\"fr-FR\",\"potentialAction\":[{\"@type\":\"ReadAction\",\"target\":[\"https:\/\/dev6.erresse-shop.it\/fr\/shop\/cuisine\/cafetieres\/bialetti-moka-express-3-tasses-mackenzie\/\"]}]},{\"@type\":\"ImageObject\",\"inLanguage\":\"fr-FR\",\"@id\":\"https:\/\/dev6.erresse-shop.it\/fr\/shop\/cuisine\/cafetieres\/bialetti-moka-express-3-tasses-mackenzie\/#primaryimage\",\"url\":\"https:\/\/i3.wp.com\/interpim.erresse-shop.it\/Import\/Prodotti\/bialetti-moka-express-3-tazze-mackenzie.jpg?ssl=1\",\"contentUrl\":\"https:\/\/i3.wp.com\/interpim.erresse-shop.it\/Import\/Prodotti\/bialetti-moka-express-3-tazze-mackenzie.jpg?ssl=1\"},{\"@type\":\"BreadcrumbList\",\"@id\":\"https:\/\/dev6.erresse-shop.it\/fr\/shop\/cuisine\/cafetieres\/bialetti-moka-express-3-tasses-mackenzie\/#breadcrumb\",\"itemListElement\":[{\"@type\":\"ListItem\",\"position\":1,\"name\":\"Home\",\"item\":\"https:\/\/dev6.erresse-shop.it\/\"},{\"@type\":\"ListItem\",\"position\":2,\"name\":\"Boutique\",\"item\":\"https:\/\/dev6.erresse-shop.it\/shop\/\"},{\"@type\":\"ListItem\",\"position\":3,\"name\":\"BIALETTI Moka Express 3 Tasses Mackenzie\"}]},{\"@type\":\"WebSite\",\"@id\":\"https:\/\/dev6.erresse-shop.it\/#website\",\"url\":\"https:\/\/dev6.erresse-shop.it\/\",\"name\":\"Erresse Shop\",\"description\":\"\",\"publisher\":{\"@id\":\"https:\/\/dev6.erresse-shop.it\/#organization\"},\"potentialAction\":[{\"@type\":\"SearchAction\",\"target\":{\"@type\":\"EntryPoint\",\"urlTemplate\":\"https:\/\/dev6.erresse-shop.it\/?s={search_term_string}\"},\"query-input\":{\"@type\":\"PropertyValueSpecification\",\"valueRequired\":true,\"valueName\":\"search_term_string\"}}],\"inLanguage\":\"fr-FR\"},{\"@type\":\"Organization\",\"@id\":\"https:\/\/dev6.erresse-shop.it\/#organization\",\"name\":\"Erresse Shop\",\"url\":\"https:\/\/dev6.erresse-shop.it\/\",\"logo\":{\"@type\":\"ImageObject\",\"inLanguage\":\"fr-FR\",\"@id\":\"https:\/\/dev6.erresse-shop.it\/#\/schema\/logo\/image\/\",\"url\":\"https:\/\/dev6.erresse-shop.it\/wp-content\/uploads\/2025\/01\/LOGO-ERRESSE-CLASSICO.svg\",\"contentUrl\":\"https:\/\/dev6.erresse-shop.it\/wp-content\/uploads\/2025\/01\/LOGO-ERRESSE-CLASSICO.svg\",\"caption\":\"Erresse Shop\"},\"image\":{\"@id\":\"https:\/\/dev6.erresse-shop.it\/#\/schema\/logo\/image\/\"}}]}<\/script>\n<!-- \/ Yoast SEO plugin. -->","yoast_head_json":{"title":"BIALETTI Moka Express 3 Tasses Mackenzie - dev6 Erresse","description":"Am\u00e9liorez votre exp\u00e9rience expresso avec Bialetti et MacKenzie-Childs, l\u2019entreprise de meubles connue pour sa sensibilit\u00e9 au design ludique. Bialetti et","robots":{"index":"noindex","follow":"follow","max-snippet":"max-snippet:-1","max-image-preview":"max-image-preview:large","max-video-preview":"max-video-preview:-1"},"og_locale":"fr_FR","og_type":"article","og_title":"BIALETTI Moka Express 3 Tasses Mackenzie - dev6 Erresse","og_description":"Am\u00e9liorez votre exp\u00e9rience expresso avec Bialetti et MacKenzie-Childs, l\u2019entreprise de meubles connue pour sa sensibilit\u00e9 au design ludique. Bialetti et","og_url":"https:\/\/dev6.erresse-shop.it\/fr\/shop\/cuisine\/cafetieres\/bialetti-moka-express-3-tasses-mackenzie\/","og_site_name":"dev6 Erresse","og_image":[{"url":"https:\/\/interpim.erresse-shop.it\/Import\/Prodotti\/bialetti-moka-express-3-tazze-mackenzie.jpg","type":"","width":"","height":""},{"url":"https:\/\/interpim.erresse-shop.it\/Import\/Prodotti\/bialetti-moka-express-3-tazze-mackenzie.jpg","width":1024,"height":1024,"type":"image\/jpeg"}],"twitter_card":"summary_large_image","twitter_image":"https:\/\/interpim.erresse-shop.it\/Import\/Prodotti\/bialetti-moka-express-3-tazze-mackenzie.jpg","schema":{"@context":"https:\/\/schema.org","@graph":[{"@type":"WebPage","@id":"https:\/\/dev6.erresse-shop.it\/fr\/shop\/cuisine\/cafetieres\/bialetti-moka-express-3-tasses-mackenzie\/","url":"https:\/\/dev6.erresse-shop.it\/fr\/shop\/cuisine\/cafetieres\/bialetti-moka-express-3-tasses-mackenzie\/","name":"BIALETTI Moka Express 3 Tasses Mackenzie - dev6 Erresse","isPartOf":{"@id":"https:\/\/dev6.erresse-shop.it\/#website"},"primaryImageOfPage":{"@id":"https:\/\/dev6.erresse-shop.it\/fr\/shop\/cuisine\/cafetieres\/bialetti-moka-express-3-tasses-mackenzie\/#primaryimage"},"image":{"@id":"https:\/\/dev6.erresse-shop.it\/fr\/shop\/cuisine\/cafetieres\/bialetti-moka-express-3-tasses-mackenzie\/#primaryimage"},"thumbnailUrl":"https:\/\/i3.wp.com\/interpim.erresse-shop.it\/Import\/Prodotti\/bialetti-moka-express-3-tazze-mackenzie.jpg?ssl=1","datePublished":"2026-04-12T11:34:09+00:00","description":"Am\u00e9liorez votre exp\u00e9rience expresso avec Bialetti et MacKenzie-Childs, l\u2019entreprise de meubles connue pour sa sensibilit\u00e9 au design ludique. Bialetti et","breadcrumb":{"@id":"https:\/\/dev6.erresse-shop.it\/fr\/shop\/cuisine\/cafetieres\/bialetti-moka-express-3-tasses-mackenzie\/#breadcrumb"},"inLanguage":"fr-FR","potentialAction":[{"@type":"ReadAction","target":["https:\/\/dev6.erresse-shop.it\/fr\/shop\/cuisine\/cafetieres\/bialetti-moka-express-3-tasses-mackenzie\/"]}]},{"@type":"ImageObject","inLanguage":"fr-FR","@id":"https:\/\/dev6.erresse-shop.it\/fr\/shop\/cuisine\/cafetieres\/bialetti-moka-express-3-tasses-mackenzie\/#primaryimage","url":"https:\/\/i3.wp.com\/interpim.erresse-shop.it\/Import\/Prodotti\/bialetti-moka-express-3-tazze-mackenzie.jpg?ssl=1","contentUrl":"https:\/\/i3.wp.com\/interpim.erresse-shop.it\/Import\/Prodotti\/bialetti-moka-express-3-tazze-mackenzie.jpg?ssl=1"},{"@type":"BreadcrumbList","@id":"https:\/\/dev6.erresse-shop.it\/fr\/shop\/cuisine\/cafetieres\/bialetti-moka-express-3-tasses-mackenzie\/#breadcrumb","itemListElement":[{"@type":"ListItem","position":1,"name":"Home","item":"https:\/\/dev6.erresse-shop.it\/"},{"@type":"ListItem","position":2,"name":"Boutique","item":"https:\/\/dev6.erresse-shop.it\/shop\/"},{"@type":"ListItem","position":3,"name":"BIALETTI Moka Express 3 Tasses Mackenzie"}]},{"@type":"WebSite","@id":"https:\/\/dev6.erresse-shop.it\/#website","url":"https:\/\/dev6.erresse-shop.it\/","name":"Erresse Shop","description":"","publisher":{"@id":"https:\/\/dev6.erresse-shop.it\/#organization"},"potentialAction":[{"@type":"SearchAction","target":{"@type":"EntryPoint","urlTemplate":"https:\/\/dev6.erresse-shop.it\/?s={search_term_string}"},"query-input":{"@type":"PropertyValueSpecification","valueRequired":true,"valueName":"search_term_string"}}],"inLanguage":"fr-FR"},{"@type":"Organization","@id":"https:\/\/dev6.erresse-shop.it\/#organization","name":"Erresse Shop","url":"https:\/\/dev6.erresse-shop.it\/","logo":{"@type":"ImageObject","inLanguage":"fr-FR","@id":"https:\/\/dev6.erresse-shop.it\/#\/schema\/logo\/image\/","url":"https:\/\/dev6.erresse-shop.it\/wp-content\/uploads\/2025\/01\/LOGO-ERRESSE-CLASSICO.svg","contentUrl":"https:\/\/dev6.erresse-shop.it\/wp-content\/uploads\/2025\/01\/LOGO-ERRESSE-CLASSICO.svg","caption":"Erresse Shop"},"image":{"@id":"https:\/\/dev6.erresse-shop.it\/#\/schema\/logo\/image\/"}}]}},"df_price":64.95,"df_sale_price":64.95,"df_regular_price":80,"df_image_link":"https:\/\/i3.wp.com\/interpim.erresse-shop.it\/Import\/Prodotti\/bialetti-moka-express-3-tazze-mackenzie.jpg?resize=300,300&ssl=1","fifu_image_url":"https:\/\/interpim.erresse-shop.it\/Import\/Prodotti\/bialetti-moka-express-3-tazze-mackenzie.jpg","_links":{"self":[{"href":"https:\/\/dev6.erresse-shop.it\/fr\/wp-json\/wp\/v2\/product\/1610151","targetHints":{"allow":["GET"]}}],"collection":[{"href":"https:\/\/dev6.erresse-shop.it\/fr\/wp-json\/wp\/v2\/product"}],"about":[{"href":"https:\/\/dev6.erresse-shop.it\/fr\/wp-json\/wp\/v2\/types\/product"}],"wp:featuredmedia":[{"embeddable":true,"href":"https:\/\/dev6.erresse-shop.it\/fr\/wp-json\/wp\/v2\/media\/6377434"}],"wp:attachment":[{"href":"https:\/\/dev6.erresse-shop.it\/fr\/wp-json\/wp\/v2\/media?parent=1610151"}],"wp:term":[{"taxonomy":"product_cat","embeddable":true,"href":"https:\/\/dev6.erresse-shop.it\/fr\/wp-json\/wp\/v2\/product_cat?post=1610151"},{"taxonomy":"product_tag","embeddable":true,"href":"https:\/\/dev6.erresse-shop.it\/fr\/wp-json\/wp\/v2\/product_tag?post=1610151"}],"curies":[{"name":"wp","href":"https:\/\/api.w.org\/{rel}","templated":true}]}}