{"id":1610143,"date":"2026-04-12T14:55:15","date_gmt":"2026-04-12T12:55:15","guid":{"rendered":"https:\/\/dev6.erresse-shop.it\/shop\/non%20class\u00e9\/alessi-plisse-vide-capsules-noir\/"},"modified":"2026-01-21T20:17:55","modified_gmt":"2026-01-21T19:17:55","slug":"alessi-plisse-vide-capsules-noir","status":"publish","type":"product","link":"https:\/\/dev6.erresse-shop.it\/fr\/shop\/cafe\/accessoires-fr-2\/alessi-plisse-vide-capsules-noir\/","title":{"rendered":"ALESSI Pliss\u00e9 Vide-capsules Noir"},"content":{"rendered":"<p>Un nouvel accessoire vient agrandir la collection \u00e0 succ\u00e8s Pliss\u00e9 en rev\u00eatant sa forme d\u00e9sormais iconique. Dans un jeu de volumes pliss\u00e9s \u00e9l\u00e9gants, le nouveau vide-capsules de caf\u00e9 dessin\u00e9 par Michele De Lucchi prend forme, pour accompagner les pauses quotidiennes avec son design incomparable d\u2019inspiration sartoriale. Id\u00e9al pour rendre le rituel quotidien du caf\u00e9 plus durable, en facilitant le recyclage de l\u2019aluminium.<\/p>\n<p>Capsules vides en r\u00e9sine thermoplastique, noires. Convient aux capsules en aluminium compatibles avec les machines Nespresso\u00ae et Vertuo\u00ae.<\/p>\n<p>Caract\u00e9ristiques\u00a0:<\/p>\n<p>Hauteur (cm)\u00a0:\u00a014,30<br \/>\nLongueur (cm)\u00a0:\u00a08,30<br \/>\nLargeur (cm)\u00a0:\u00a08,30<\/p>\n","protected":false},"excerpt":{"rendered":"<p>Un nouvel accessoire vient agrandir la collection \u00e0 succ\u00e8s Pliss\u00e9 en rev\u00eatant sa forme d\u00e9sormais iconique. Dans un jeu de volumes pliss\u00e9s \u00e9l\u00e9gants, le nouveau vide-capsules de caf\u00e9 dessin\u00e9 par Michele De Lucchi prend forme, pour accompagner les pauses quotidiennes avec son design incomparable d\u2019inspiration sartoriale. Id\u00e9al pour rendre le rituel quotidien du caf\u00e9 plus [&hellip;]<\/p>\n","protected":false},"featured_media":6381615,"template":"","meta":{"_acf_changed":false},"product_cat":[12057,12071,11733,11747,12038,11992],"product_tag":[],"class_list":{"0":"post-1610143","1":"product","2":"type-product","3":"status-publish","4":"has-post-thumbnail","6":"product_cat-accessoires-fr","7":"product_cat-accessoires-fr-2","8":"product_cat-accessori-cucina","9":"product_cat-accessori-2","10":"product_cat-cafe","11":"product_cat-cuisine","13":"first","14":"instock","15":"sale","16":"taxable","17":"shipping-taxable","18":"purchasable","19":"product-type-simple","swatches":"rey-swatches","show_selected":"","stretch_labels":"rey-swatches--stretch-labels"},"acf":[],"yoast_head":"<!-- This site is optimized with the Yoast SEO plugin v25.4 - https:\/\/yoast.com\/wordpress\/plugins\/seo\/ -->\n<title>ALESSI Pliss\u00e9 Vide-capsules Noir - dev6 Erresse<\/title>\n<meta name=\"description\" content=\"Un nouvel accessoire vient agrandir la collection \u00e0 succ\u00e8s Pliss\u00e9 en rev\u00eatant sa forme d\u00e9sormais iconique. Dans un jeu de volumes pliss\u00e9s \u00e9l\u00e9gants, le\" \/>\n<meta name=\"robots\" content=\"noindex, follow, max-snippet:-1, max-image-preview:large, max-video-preview:-1\" \/>\n<meta property=\"og:locale\" content=\"fr_FR\" \/>\n<meta property=\"og:type\" content=\"article\" \/>\n<meta property=\"og:title\" content=\"ALESSI Pliss\u00e9 Vide-capsules Noir - dev6 Erresse\" \/>\n<meta property=\"og:description\" content=\"Un nouvel accessoire vient agrandir la collection \u00e0 succ\u00e8s Pliss\u00e9 en rev\u00eatant sa forme d\u00e9sormais iconique. Dans un jeu de volumes pliss\u00e9s \u00e9l\u00e9gants, le\" \/>\n<meta property=\"og:url\" content=\"https:\/\/dev6.erresse-shop.it\/fr\/shop\/cafe\/accessoires-fr-2\/alessi-plisse-vide-capsules-noir\/\" \/>\n<meta property=\"og:site_name\" content=\"dev6 Erresse\" \/>\n<meta property=\"og:image\" content=\"https:\/\/interpim.erresse-shop.it\/Import\/Prodotti\/alessi-plisse-svuota-capsule-nero.jpg\" \/><meta property=\"og:image\" content=\"https:\/\/interpim.erresse-shop.it\/Import\/Prodotti\/alessi-plisse-svuota-capsule-nero.jpg\" \/>\n\t<meta property=\"og:image:width\" content=\"1024\" \/>\n\t<meta property=\"og:image:height\" content=\"1024\" \/>\n\t<meta property=\"og:image:type\" content=\"image\/jpeg\" \/>\n<meta name=\"twitter:card\" content=\"summary_large_image\" \/>\n<meta name=\"twitter:image\" content=\"https:\/\/interpim.erresse-shop.it\/Import\/Prodotti\/alessi-plisse-svuota-capsule-nero.jpg\" \/>\n<script type=\"application\/ld+json\" class=\"yoast-schema-graph\">{\"@context\":\"https:\/\/schema.org\",\"@graph\":[{\"@type\":\"WebPage\",\"@id\":\"https:\/\/dev6.erresse-shop.it\/fr\/shop\/cafe\/accessoires-fr-2\/alessi-plisse-vide-capsules-noir\/\",\"url\":\"https:\/\/dev6.erresse-shop.it\/fr\/shop\/cafe\/accessoires-fr-2\/alessi-plisse-vide-capsules-noir\/\",\"name\":\"ALESSI Pliss\u00e9 Vide-capsules Noir - dev6 Erresse\",\"isPartOf\":{\"@id\":\"https:\/\/dev6.erresse-shop.it\/#website\"},\"primaryImageOfPage\":{\"@id\":\"https:\/\/dev6.erresse-shop.it\/fr\/shop\/cafe\/accessoires-fr-2\/alessi-plisse-vide-capsules-noir\/#primaryimage\"},\"image\":{\"@id\":\"https:\/\/dev6.erresse-shop.it\/fr\/shop\/cafe\/accessoires-fr-2\/alessi-plisse-vide-capsules-noir\/#primaryimage\"},\"thumbnailUrl\":\"https:\/\/i2.wp.com\/interpim.erresse-shop.it\/Import\/Prodotti\/alessi-plisse-svuota-capsule-nero.jpg?ssl=1\",\"datePublished\":\"2026-04-12T12:55:15+00:00\",\"description\":\"Un nouvel accessoire vient agrandir la collection \u00e0 succ\u00e8s Pliss\u00e9 en rev\u00eatant sa forme d\u00e9sormais iconique. Dans un jeu de volumes pliss\u00e9s \u00e9l\u00e9gants, le\",\"breadcrumb\":{\"@id\":\"https:\/\/dev6.erresse-shop.it\/fr\/shop\/cafe\/accessoires-fr-2\/alessi-plisse-vide-capsules-noir\/#breadcrumb\"},\"inLanguage\":\"fr-FR\",\"potentialAction\":[{\"@type\":\"ReadAction\",\"target\":[\"https:\/\/dev6.erresse-shop.it\/fr\/shop\/cafe\/accessoires-fr-2\/alessi-plisse-vide-capsules-noir\/\"]}]},{\"@type\":\"ImageObject\",\"inLanguage\":\"fr-FR\",\"@id\":\"https:\/\/dev6.erresse-shop.it\/fr\/shop\/cafe\/accessoires-fr-2\/alessi-plisse-vide-capsules-noir\/#primaryimage\",\"url\":\"https:\/\/i2.wp.com\/interpim.erresse-shop.it\/Import\/Prodotti\/alessi-plisse-svuota-capsule-nero.jpg?ssl=1\",\"contentUrl\":\"https:\/\/i2.wp.com\/interpim.erresse-shop.it\/Import\/Prodotti\/alessi-plisse-svuota-capsule-nero.jpg?ssl=1\"},{\"@type\":\"BreadcrumbList\",\"@id\":\"https:\/\/dev6.erresse-shop.it\/fr\/shop\/cafe\/accessoires-fr-2\/alessi-plisse-vide-capsules-noir\/#breadcrumb\",\"itemListElement\":[{\"@type\":\"ListItem\",\"position\":1,\"name\":\"Home\",\"item\":\"https:\/\/dev6.erresse-shop.it\/\"},{\"@type\":\"ListItem\",\"position\":2,\"name\":\"Boutique\",\"item\":\"https:\/\/dev6.erresse-shop.it\/shop\/\"},{\"@type\":\"ListItem\",\"position\":3,\"name\":\"ALESSI Pliss\u00e9 Vide-capsules Noir\"}]},{\"@type\":\"WebSite\",\"@id\":\"https:\/\/dev6.erresse-shop.it\/#website\",\"url\":\"https:\/\/dev6.erresse-shop.it\/\",\"name\":\"Erresse Shop\",\"description\":\"\",\"publisher\":{\"@id\":\"https:\/\/dev6.erresse-shop.it\/#organization\"},\"potentialAction\":[{\"@type\":\"SearchAction\",\"target\":{\"@type\":\"EntryPoint\",\"urlTemplate\":\"https:\/\/dev6.erresse-shop.it\/?s={search_term_string}\"},\"query-input\":{\"@type\":\"PropertyValueSpecification\",\"valueRequired\":true,\"valueName\":\"search_term_string\"}}],\"inLanguage\":\"fr-FR\"},{\"@type\":\"Organization\",\"@id\":\"https:\/\/dev6.erresse-shop.it\/#organization\",\"name\":\"Erresse Shop\",\"url\":\"https:\/\/dev6.erresse-shop.it\/\",\"logo\":{\"@type\":\"ImageObject\",\"inLanguage\":\"fr-FR\",\"@id\":\"https:\/\/dev6.erresse-shop.it\/#\/schema\/logo\/image\/\",\"url\":\"https:\/\/dev6.erresse-shop.it\/wp-content\/uploads\/2025\/01\/LOGO-ERRESSE-CLASSICO.svg\",\"contentUrl\":\"https:\/\/dev6.erresse-shop.it\/wp-content\/uploads\/2025\/01\/LOGO-ERRESSE-CLASSICO.svg\",\"caption\":\"Erresse Shop\"},\"image\":{\"@id\":\"https:\/\/dev6.erresse-shop.it\/#\/schema\/logo\/image\/\"}}]}<\/script>\n<!-- \/ Yoast SEO plugin. -->","yoast_head_json":{"title":"ALESSI Pliss\u00e9 Vide-capsules Noir - dev6 Erresse","description":"Un nouvel accessoire vient agrandir la collection \u00e0 succ\u00e8s Pliss\u00e9 en rev\u00eatant sa forme d\u00e9sormais iconique. Dans un jeu de volumes pliss\u00e9s \u00e9l\u00e9gants, le","robots":{"index":"noindex","follow":"follow","max-snippet":"max-snippet:-1","max-image-preview":"max-image-preview:large","max-video-preview":"max-video-preview:-1"},"og_locale":"fr_FR","og_type":"article","og_title":"ALESSI Pliss\u00e9 Vide-capsules Noir - dev6 Erresse","og_description":"Un nouvel accessoire vient agrandir la collection \u00e0 succ\u00e8s Pliss\u00e9 en rev\u00eatant sa forme d\u00e9sormais iconique. Dans un jeu de volumes pliss\u00e9s \u00e9l\u00e9gants, le","og_url":"https:\/\/dev6.erresse-shop.it\/fr\/shop\/cafe\/accessoires-fr-2\/alessi-plisse-vide-capsules-noir\/","og_site_name":"dev6 Erresse","og_image":[{"url":"https:\/\/interpim.erresse-shop.it\/Import\/Prodotti\/alessi-plisse-svuota-capsule-nero.jpg","type":"","width":"","height":""},{"url":"https:\/\/interpim.erresse-shop.it\/Import\/Prodotti\/alessi-plisse-svuota-capsule-nero.jpg","width":1024,"height":1024,"type":"image\/jpeg"}],"twitter_card":"summary_large_image","twitter_image":"https:\/\/interpim.erresse-shop.it\/Import\/Prodotti\/alessi-plisse-svuota-capsule-nero.jpg","schema":{"@context":"https:\/\/schema.org","@graph":[{"@type":"WebPage","@id":"https:\/\/dev6.erresse-shop.it\/fr\/shop\/cafe\/accessoires-fr-2\/alessi-plisse-vide-capsules-noir\/","url":"https:\/\/dev6.erresse-shop.it\/fr\/shop\/cafe\/accessoires-fr-2\/alessi-plisse-vide-capsules-noir\/","name":"ALESSI Pliss\u00e9 Vide-capsules Noir - dev6 Erresse","isPartOf":{"@id":"https:\/\/dev6.erresse-shop.it\/#website"},"primaryImageOfPage":{"@id":"https:\/\/dev6.erresse-shop.it\/fr\/shop\/cafe\/accessoires-fr-2\/alessi-plisse-vide-capsules-noir\/#primaryimage"},"image":{"@id":"https:\/\/dev6.erresse-shop.it\/fr\/shop\/cafe\/accessoires-fr-2\/alessi-plisse-vide-capsules-noir\/#primaryimage"},"thumbnailUrl":"https:\/\/i2.wp.com\/interpim.erresse-shop.it\/Import\/Prodotti\/alessi-plisse-svuota-capsule-nero.jpg?ssl=1","datePublished":"2026-04-12T12:55:15+00:00","description":"Un nouvel accessoire vient agrandir la collection \u00e0 succ\u00e8s Pliss\u00e9 en rev\u00eatant sa forme d\u00e9sormais iconique. Dans un jeu de volumes pliss\u00e9s \u00e9l\u00e9gants, le","breadcrumb":{"@id":"https:\/\/dev6.erresse-shop.it\/fr\/shop\/cafe\/accessoires-fr-2\/alessi-plisse-vide-capsules-noir\/#breadcrumb"},"inLanguage":"fr-FR","potentialAction":[{"@type":"ReadAction","target":["https:\/\/dev6.erresse-shop.it\/fr\/shop\/cafe\/accessoires-fr-2\/alessi-plisse-vide-capsules-noir\/"]}]},{"@type":"ImageObject","inLanguage":"fr-FR","@id":"https:\/\/dev6.erresse-shop.it\/fr\/shop\/cafe\/accessoires-fr-2\/alessi-plisse-vide-capsules-noir\/#primaryimage","url":"https:\/\/i2.wp.com\/interpim.erresse-shop.it\/Import\/Prodotti\/alessi-plisse-svuota-capsule-nero.jpg?ssl=1","contentUrl":"https:\/\/i2.wp.com\/interpim.erresse-shop.it\/Import\/Prodotti\/alessi-plisse-svuota-capsule-nero.jpg?ssl=1"},{"@type":"BreadcrumbList","@id":"https:\/\/dev6.erresse-shop.it\/fr\/shop\/cafe\/accessoires-fr-2\/alessi-plisse-vide-capsules-noir\/#breadcrumb","itemListElement":[{"@type":"ListItem","position":1,"name":"Home","item":"https:\/\/dev6.erresse-shop.it\/"},{"@type":"ListItem","position":2,"name":"Boutique","item":"https:\/\/dev6.erresse-shop.it\/shop\/"},{"@type":"ListItem","position":3,"name":"ALESSI Pliss\u00e9 Vide-capsules Noir"}]},{"@type":"WebSite","@id":"https:\/\/dev6.erresse-shop.it\/#website","url":"https:\/\/dev6.erresse-shop.it\/","name":"Erresse Shop","description":"","publisher":{"@id":"https:\/\/dev6.erresse-shop.it\/#organization"},"potentialAction":[{"@type":"SearchAction","target":{"@type":"EntryPoint","urlTemplate":"https:\/\/dev6.erresse-shop.it\/?s={search_term_string}"},"query-input":{"@type":"PropertyValueSpecification","valueRequired":true,"valueName":"search_term_string"}}],"inLanguage":"fr-FR"},{"@type":"Organization","@id":"https:\/\/dev6.erresse-shop.it\/#organization","name":"Erresse Shop","url":"https:\/\/dev6.erresse-shop.it\/","logo":{"@type":"ImageObject","inLanguage":"fr-FR","@id":"https:\/\/dev6.erresse-shop.it\/#\/schema\/logo\/image\/","url":"https:\/\/dev6.erresse-shop.it\/wp-content\/uploads\/2025\/01\/LOGO-ERRESSE-CLASSICO.svg","contentUrl":"https:\/\/dev6.erresse-shop.it\/wp-content\/uploads\/2025\/01\/LOGO-ERRESSE-CLASSICO.svg","caption":"Erresse Shop"},"image":{"@id":"https:\/\/dev6.erresse-shop.it\/#\/schema\/logo\/image\/"}}]}},"df_price":19,"df_sale_price":19,"df_regular_price":24,"df_image_link":"https:\/\/i2.wp.com\/interpim.erresse-shop.it\/Import\/Prodotti\/alessi-plisse-svuota-capsule-nero.jpg?resize=300,300&ssl=1","fifu_image_url":"https:\/\/interpim.erresse-shop.it\/Import\/Prodotti\/alessi-plisse-svuota-capsule-nero.jpg","_links":{"self":[{"href":"https:\/\/dev6.erresse-shop.it\/fr\/wp-json\/wp\/v2\/product\/1610143","targetHints":{"allow":["GET"]}}],"collection":[{"href":"https:\/\/dev6.erresse-shop.it\/fr\/wp-json\/wp\/v2\/product"}],"about":[{"href":"https:\/\/dev6.erresse-shop.it\/fr\/wp-json\/wp\/v2\/types\/product"}],"wp:featuredmedia":[{"embeddable":true,"href":"https:\/\/dev6.erresse-shop.it\/fr\/wp-json\/wp\/v2\/media\/6381615"}],"wp:attachment":[{"href":"https:\/\/dev6.erresse-shop.it\/fr\/wp-json\/wp\/v2\/media?parent=1610143"}],"wp:term":[{"taxonomy":"product_cat","embeddable":true,"href":"https:\/\/dev6.erresse-shop.it\/fr\/wp-json\/wp\/v2\/product_cat?post=1610143"},{"taxonomy":"product_tag","embeddable":true,"href":"https:\/\/dev6.erresse-shop.it\/fr\/wp-json\/wp\/v2\/product_tag?post=1610143"}],"curies":[{"name":"wp","href":"https:\/\/api.w.org\/{rel}","templated":true}]}}