{"id":1610141,"date":"2026-04-12T14:55:15","date_gmt":"2026-04-12T12:55:15","guid":{"rendered":"https:\/\/dev6.erresse-shop.it\/shop\/non%20class\u00e9\/alessi-plisse-porte-capsules-noir\/"},"modified":"2025-07-19T04:09:52","modified_gmt":"2025-07-19T02:09:52","slug":"alessi-plisse-porte-capsules-noir","status":"publish","type":"product","link":"https:\/\/dev6.erresse-shop.it\/fr\/shop\/cuisine\/accessoires-fr\/alessi-plisse-porte-capsules-noir\/","title":{"rendered":"ALESSI Pliss\u00e9 Porte-capsules Noir"},"content":{"rendered":"<p>Accessoire indispensable pour avoir toujours vos capsules de caf\u00e9 pr\u00e9f\u00e9r\u00e9es \u00e0 port\u00e9e de main et organis\u00e9es, ce contenant pratique ressemble \u00e0 la maquette d\u2019un b\u00e2timent de style contemporain, ne laissant aucun doute sur son auteur : Michele De Lucchi. Un objet fonctionnel et fascinant : le m\u00e9canisme d\u2019ouverture des cinq \u00e9tag\u00e8res qui abritent les capsules offre, avec un jeu de volumes dynamiques, une exp\u00e9rience d\u2019utilisation agr\u00e9able et \u00e0 certains \u00e9gards surprenante.<\/p>\n<p>Porte-capsules expresso rotatif \u00e0 5 niveaux en r\u00e9sine thermoplastique. Convient pour contenir jusqu\u2019\u00e0 40 capsules compatibles avec les machines Nespresso\u00ae.<\/p>\n<p>Caract\u00e9ristiques\u00a0:<\/p>\n<p>Hauteur (cm)\u00a0:\u00a023,70<br \/>\nLongueur (cm)\u00a0:\u00a014,70<br \/>\nLargeur (cm)\u00a0:\u00a015,00<\/p>\n","protected":false},"excerpt":{"rendered":"<p>Accessoire indispensable pour avoir toujours vos capsules de caf\u00e9 pr\u00e9f\u00e9r\u00e9es \u00e0 port\u00e9e de main et organis\u00e9es, ce contenant pratique ressemble \u00e0 la maquette d\u2019un b\u00e2timent de style contemporain, ne laissant aucun doute sur son auteur : Michele De Lucchi. Un objet fonctionnel et fascinant : le m\u00e9canisme d\u2019ouverture des cinq \u00e9tag\u00e8res qui abritent les capsules [&hellip;]<\/p>\n","protected":false},"featured_media":6381604,"template":"","meta":{"_acf_changed":false},"product_cat":[12057,11733,11992],"product_tag":[],"class_list":{"0":"post-1610141","1":"product","2":"type-product","3":"status-publish","4":"has-post-thumbnail","6":"product_cat-accessoires-fr","7":"product_cat-accessori-cucina","8":"product_cat-cuisine","10":"first","11":"instock","12":"sale","13":"taxable","14":"shipping-taxable","15":"purchasable","16":"product-type-simple","swatches":"rey-swatches","show_selected":"","stretch_labels":"rey-swatches--stretch-labels"},"acf":[],"yoast_head":"<!-- This site is optimized with the Yoast SEO plugin v25.4 - https:\/\/yoast.com\/wordpress\/plugins\/seo\/ -->\n<title>ALESSI Pliss\u00e9 Porte-capsules Noir - dev6 Erresse<\/title>\n<meta name=\"description\" content=\"Accessoire indispensable pour avoir toujours vos capsules de caf\u00e9 pr\u00e9f\u00e9r\u00e9es \u00e0 port\u00e9e de main et organis\u00e9es, ce contenant pratique ressemble \u00e0 la maquette\" \/>\n<meta name=\"robots\" content=\"noindex, follow, max-snippet:-1, max-image-preview:large, max-video-preview:-1\" \/>\n<meta property=\"og:locale\" content=\"fr_FR\" \/>\n<meta property=\"og:type\" content=\"article\" \/>\n<meta property=\"og:title\" content=\"ALESSI Pliss\u00e9 Porte-capsules Noir - dev6 Erresse\" \/>\n<meta property=\"og:description\" content=\"Accessoire indispensable pour avoir toujours vos capsules de caf\u00e9 pr\u00e9f\u00e9r\u00e9es \u00e0 port\u00e9e de main et organis\u00e9es, ce contenant pratique ressemble \u00e0 la maquette\" \/>\n<meta property=\"og:url\" content=\"https:\/\/dev6.erresse-shop.it\/fr\/shop\/cuisine\/accessoires-fr\/alessi-plisse-porte-capsules-noir\/\" \/>\n<meta property=\"og:site_name\" content=\"dev6 Erresse\" \/>\n<meta property=\"og:image\" content=\"https:\/\/interpim.erresse-shop.it\/Import\/Prodotti\/alessi-plisse-portacapsule-nero.jpg\" \/><meta property=\"og:image\" content=\"https:\/\/interpim.erresse-shop.it\/Import\/Prodotti\/alessi-plisse-portacapsule-nero.jpg\" \/>\n\t<meta property=\"og:image:width\" content=\"1024\" \/>\n\t<meta property=\"og:image:height\" content=\"1024\" \/>\n\t<meta property=\"og:image:type\" content=\"image\/jpeg\" \/>\n<meta name=\"twitter:card\" content=\"summary_large_image\" \/>\n<meta name=\"twitter:image\" content=\"https:\/\/interpim.erresse-shop.it\/Import\/Prodotti\/alessi-plisse-portacapsule-nero.jpg\" \/>\n<script type=\"application\/ld+json\" class=\"yoast-schema-graph\">{\"@context\":\"https:\/\/schema.org\",\"@graph\":[{\"@type\":\"WebPage\",\"@id\":\"https:\/\/dev6.erresse-shop.it\/fr\/shop\/cuisine\/accessoires-fr\/alessi-plisse-porte-capsules-noir\/\",\"url\":\"https:\/\/dev6.erresse-shop.it\/fr\/shop\/cuisine\/accessoires-fr\/alessi-plisse-porte-capsules-noir\/\",\"name\":\"ALESSI Pliss\u00e9 Porte-capsules Noir - dev6 Erresse\",\"isPartOf\":{\"@id\":\"https:\/\/dev6.erresse-shop.it\/#website\"},\"primaryImageOfPage\":{\"@id\":\"https:\/\/dev6.erresse-shop.it\/fr\/shop\/cuisine\/accessoires-fr\/alessi-plisse-porte-capsules-noir\/#primaryimage\"},\"image\":{\"@id\":\"https:\/\/dev6.erresse-shop.it\/fr\/shop\/cuisine\/accessoires-fr\/alessi-plisse-porte-capsules-noir\/#primaryimage\"},\"thumbnailUrl\":\"https:\/\/i3.wp.com\/interpim.erresse-shop.it\/Import\/Prodotti\/alessi-plisse-portacapsule-nero.jpg?ssl=1\",\"datePublished\":\"2026-04-12T12:55:15+00:00\",\"description\":\"Accessoire indispensable pour avoir toujours vos capsules de caf\u00e9 pr\u00e9f\u00e9r\u00e9es \u00e0 port\u00e9e de main et organis\u00e9es, ce contenant pratique ressemble \u00e0 la maquette\",\"breadcrumb\":{\"@id\":\"https:\/\/dev6.erresse-shop.it\/fr\/shop\/cuisine\/accessoires-fr\/alessi-plisse-porte-capsules-noir\/#breadcrumb\"},\"inLanguage\":\"fr-FR\",\"potentialAction\":[{\"@type\":\"ReadAction\",\"target\":[\"https:\/\/dev6.erresse-shop.it\/fr\/shop\/cuisine\/accessoires-fr\/alessi-plisse-porte-capsules-noir\/\"]}]},{\"@type\":\"ImageObject\",\"inLanguage\":\"fr-FR\",\"@id\":\"https:\/\/dev6.erresse-shop.it\/fr\/shop\/cuisine\/accessoires-fr\/alessi-plisse-porte-capsules-noir\/#primaryimage\",\"url\":\"https:\/\/i3.wp.com\/interpim.erresse-shop.it\/Import\/Prodotti\/alessi-plisse-portacapsule-nero.jpg?ssl=1\",\"contentUrl\":\"https:\/\/i3.wp.com\/interpim.erresse-shop.it\/Import\/Prodotti\/alessi-plisse-portacapsule-nero.jpg?ssl=1\"},{\"@type\":\"BreadcrumbList\",\"@id\":\"https:\/\/dev6.erresse-shop.it\/fr\/shop\/cuisine\/accessoires-fr\/alessi-plisse-porte-capsules-noir\/#breadcrumb\",\"itemListElement\":[{\"@type\":\"ListItem\",\"position\":1,\"name\":\"Home\",\"item\":\"https:\/\/dev6.erresse-shop.it\/\"},{\"@type\":\"ListItem\",\"position\":2,\"name\":\"Boutique\",\"item\":\"https:\/\/dev6.erresse-shop.it\/shop\/\"},{\"@type\":\"ListItem\",\"position\":3,\"name\":\"ALESSI Pliss\u00e9 Porte-capsules Noir\"}]},{\"@type\":\"WebSite\",\"@id\":\"https:\/\/dev6.erresse-shop.it\/#website\",\"url\":\"https:\/\/dev6.erresse-shop.it\/\",\"name\":\"Erresse Shop\",\"description\":\"\",\"publisher\":{\"@id\":\"https:\/\/dev6.erresse-shop.it\/#organization\"},\"potentialAction\":[{\"@type\":\"SearchAction\",\"target\":{\"@type\":\"EntryPoint\",\"urlTemplate\":\"https:\/\/dev6.erresse-shop.it\/?s={search_term_string}\"},\"query-input\":{\"@type\":\"PropertyValueSpecification\",\"valueRequired\":true,\"valueName\":\"search_term_string\"}}],\"inLanguage\":\"fr-FR\"},{\"@type\":\"Organization\",\"@id\":\"https:\/\/dev6.erresse-shop.it\/#organization\",\"name\":\"Erresse Shop\",\"url\":\"https:\/\/dev6.erresse-shop.it\/\",\"logo\":{\"@type\":\"ImageObject\",\"inLanguage\":\"fr-FR\",\"@id\":\"https:\/\/dev6.erresse-shop.it\/#\/schema\/logo\/image\/\",\"url\":\"https:\/\/dev6.erresse-shop.it\/wp-content\/uploads\/2025\/01\/LOGO-ERRESSE-CLASSICO.svg\",\"contentUrl\":\"https:\/\/dev6.erresse-shop.it\/wp-content\/uploads\/2025\/01\/LOGO-ERRESSE-CLASSICO.svg\",\"caption\":\"Erresse Shop\"},\"image\":{\"@id\":\"https:\/\/dev6.erresse-shop.it\/#\/schema\/logo\/image\/\"}}]}<\/script>\n<!-- \/ Yoast SEO plugin. -->","yoast_head_json":{"title":"ALESSI Pliss\u00e9 Porte-capsules Noir - dev6 Erresse","description":"Accessoire indispensable pour avoir toujours vos capsules de caf\u00e9 pr\u00e9f\u00e9r\u00e9es \u00e0 port\u00e9e de main et organis\u00e9es, ce contenant pratique ressemble \u00e0 la maquette","robots":{"index":"noindex","follow":"follow","max-snippet":"max-snippet:-1","max-image-preview":"max-image-preview:large","max-video-preview":"max-video-preview:-1"},"og_locale":"fr_FR","og_type":"article","og_title":"ALESSI Pliss\u00e9 Porte-capsules Noir - dev6 Erresse","og_description":"Accessoire indispensable pour avoir toujours vos capsules de caf\u00e9 pr\u00e9f\u00e9r\u00e9es \u00e0 port\u00e9e de main et organis\u00e9es, ce contenant pratique ressemble \u00e0 la maquette","og_url":"https:\/\/dev6.erresse-shop.it\/fr\/shop\/cuisine\/accessoires-fr\/alessi-plisse-porte-capsules-noir\/","og_site_name":"dev6 Erresse","og_image":[{"url":"https:\/\/interpim.erresse-shop.it\/Import\/Prodotti\/alessi-plisse-portacapsule-nero.jpg","type":"","width":"","height":""},{"url":"https:\/\/interpim.erresse-shop.it\/Import\/Prodotti\/alessi-plisse-portacapsule-nero.jpg","width":1024,"height":1024,"type":"image\/jpeg"}],"twitter_card":"summary_large_image","twitter_image":"https:\/\/interpim.erresse-shop.it\/Import\/Prodotti\/alessi-plisse-portacapsule-nero.jpg","schema":{"@context":"https:\/\/schema.org","@graph":[{"@type":"WebPage","@id":"https:\/\/dev6.erresse-shop.it\/fr\/shop\/cuisine\/accessoires-fr\/alessi-plisse-porte-capsules-noir\/","url":"https:\/\/dev6.erresse-shop.it\/fr\/shop\/cuisine\/accessoires-fr\/alessi-plisse-porte-capsules-noir\/","name":"ALESSI Pliss\u00e9 Porte-capsules Noir - dev6 Erresse","isPartOf":{"@id":"https:\/\/dev6.erresse-shop.it\/#website"},"primaryImageOfPage":{"@id":"https:\/\/dev6.erresse-shop.it\/fr\/shop\/cuisine\/accessoires-fr\/alessi-plisse-porte-capsules-noir\/#primaryimage"},"image":{"@id":"https:\/\/dev6.erresse-shop.it\/fr\/shop\/cuisine\/accessoires-fr\/alessi-plisse-porte-capsules-noir\/#primaryimage"},"thumbnailUrl":"https:\/\/i3.wp.com\/interpim.erresse-shop.it\/Import\/Prodotti\/alessi-plisse-portacapsule-nero.jpg?ssl=1","datePublished":"2026-04-12T12:55:15+00:00","description":"Accessoire indispensable pour avoir toujours vos capsules de caf\u00e9 pr\u00e9f\u00e9r\u00e9es \u00e0 port\u00e9e de main et organis\u00e9es, ce contenant pratique ressemble \u00e0 la maquette","breadcrumb":{"@id":"https:\/\/dev6.erresse-shop.it\/fr\/shop\/cuisine\/accessoires-fr\/alessi-plisse-porte-capsules-noir\/#breadcrumb"},"inLanguage":"fr-FR","potentialAction":[{"@type":"ReadAction","target":["https:\/\/dev6.erresse-shop.it\/fr\/shop\/cuisine\/accessoires-fr\/alessi-plisse-porte-capsules-noir\/"]}]},{"@type":"ImageObject","inLanguage":"fr-FR","@id":"https:\/\/dev6.erresse-shop.it\/fr\/shop\/cuisine\/accessoires-fr\/alessi-plisse-porte-capsules-noir\/#primaryimage","url":"https:\/\/i3.wp.com\/interpim.erresse-shop.it\/Import\/Prodotti\/alessi-plisse-portacapsule-nero.jpg?ssl=1","contentUrl":"https:\/\/i3.wp.com\/interpim.erresse-shop.it\/Import\/Prodotti\/alessi-plisse-portacapsule-nero.jpg?ssl=1"},{"@type":"BreadcrumbList","@id":"https:\/\/dev6.erresse-shop.it\/fr\/shop\/cuisine\/accessoires-fr\/alessi-plisse-porte-capsules-noir\/#breadcrumb","itemListElement":[{"@type":"ListItem","position":1,"name":"Home","item":"https:\/\/dev6.erresse-shop.it\/"},{"@type":"ListItem","position":2,"name":"Boutique","item":"https:\/\/dev6.erresse-shop.it\/shop\/"},{"@type":"ListItem","position":3,"name":"ALESSI Pliss\u00e9 Porte-capsules Noir"}]},{"@type":"WebSite","@id":"https:\/\/dev6.erresse-shop.it\/#website","url":"https:\/\/dev6.erresse-shop.it\/","name":"Erresse Shop","description":"","publisher":{"@id":"https:\/\/dev6.erresse-shop.it\/#organization"},"potentialAction":[{"@type":"SearchAction","target":{"@type":"EntryPoint","urlTemplate":"https:\/\/dev6.erresse-shop.it\/?s={search_term_string}"},"query-input":{"@type":"PropertyValueSpecification","valueRequired":true,"valueName":"search_term_string"}}],"inLanguage":"fr-FR"},{"@type":"Organization","@id":"https:\/\/dev6.erresse-shop.it\/#organization","name":"Erresse Shop","url":"https:\/\/dev6.erresse-shop.it\/","logo":{"@type":"ImageObject","inLanguage":"fr-FR","@id":"https:\/\/dev6.erresse-shop.it\/#\/schema\/logo\/image\/","url":"https:\/\/dev6.erresse-shop.it\/wp-content\/uploads\/2025\/01\/LOGO-ERRESSE-CLASSICO.svg","contentUrl":"https:\/\/dev6.erresse-shop.it\/wp-content\/uploads\/2025\/01\/LOGO-ERRESSE-CLASSICO.svg","caption":"Erresse Shop"},"image":{"@id":"https:\/\/dev6.erresse-shop.it\/#\/schema\/logo\/image\/"}}]}},"df_price":65,"df_sale_price":65,"df_regular_price":75,"df_image_link":"https:\/\/i3.wp.com\/interpim.erresse-shop.it\/Import\/Prodotti\/alessi-plisse-portacapsule-nero.jpg?resize=300,300&ssl=1","fifu_image_url":"https:\/\/interpim.erresse-shop.it\/Import\/Prodotti\/alessi-plisse-portacapsule-nero.jpg","_links":{"self":[{"href":"https:\/\/dev6.erresse-shop.it\/fr\/wp-json\/wp\/v2\/product\/1610141","targetHints":{"allow":["GET"]}}],"collection":[{"href":"https:\/\/dev6.erresse-shop.it\/fr\/wp-json\/wp\/v2\/product"}],"about":[{"href":"https:\/\/dev6.erresse-shop.it\/fr\/wp-json\/wp\/v2\/types\/product"}],"wp:featuredmedia":[{"embeddable":true,"href":"https:\/\/dev6.erresse-shop.it\/fr\/wp-json\/wp\/v2\/media\/6381604"}],"wp:attachment":[{"href":"https:\/\/dev6.erresse-shop.it\/fr\/wp-json\/wp\/v2\/media?parent=1610141"}],"wp:term":[{"taxonomy":"product_cat","embeddable":true,"href":"https:\/\/dev6.erresse-shop.it\/fr\/wp-json\/wp\/v2\/product_cat?post=1610141"},{"taxonomy":"product_tag","embeddable":true,"href":"https:\/\/dev6.erresse-shop.it\/fr\/wp-json\/wp\/v2\/product_tag?post=1610141"}],"curies":[{"name":"wp","href":"https:\/\/api.w.org\/{rel}","templated":true}]}}