{"id":1610135,"date":"2026-04-12T13:34:09","date_gmt":"2026-04-12T11:34:09","guid":{"rendered":"https:\/\/dev6.erresse-shop.it\/shop\/non%20class\u00e9\/alessi-pulcina-cafetiere-a-induction-noir-3-tasses\/"},"modified":"2025-09-14T06:46:05","modified_gmt":"2025-09-14T04:46:05","slug":"alessi-pulcina-cafetiere-a-induction-noir-3-tasses","status":"publish","type":"product","link":"https:\/\/dev6.erresse-shop.it\/fr\/shop\/cuisine\/cafetieres\/alessi-pulcina-cafetiere-a-induction-noir-3-tasses\/","title":{"rendered":"ALESSI Pulcina Cafeti\u00e8re \u00e0 induction Noir 3 tasses"},"content":{"rendered":"<p>Une moka r\u00e9volutionnaire qui combine la technologie d\u00e9velopp\u00e9e par illycaff\u00e8 et l\u2019exp\u00e9rience de design d\u2019Alessi. Con\u00e7u par Michele de Lucchi, Pulcina contient une innovation de conception petite mais substantielle qui emp\u00eache la boisson de couler au bon moment, avant que le caf\u00e9 n\u2019acqui\u00e8re un arri\u00e8re-go\u00fbt amer. Cela permet de mettre en valeur l\u2019ar\u00f4me cors\u00e9 et rond de cette boisson. Le bec verseur, qui ressemble \u00e0 un bec de poussin (d\u2019o\u00f9 le nom de la cafeti\u00e8re), permet de couper parfaitement la goutte.<\/p>\n<p>Cafeti\u00e8re en fonte d\u2019aluminium. Poign\u00e9e et bouton en PA, couleur Noir. Fond en acier magn\u00e9tique \u00e9galement adapt\u00e9 \u00e0 la cuisson \u00e0 induction.<\/p>\n<p>Attention : v\u00e9rifiez que votre plaque \u00e0 induction est capable de s\u2019activer avec un diam\u00e8tre minimum de 90 mm<\/p>\n<p>Caract\u00e9ristiques\u00a0:<br \/>\n\u2013 Capacit\u00e9 : 3 tasses<br \/>\n\u2013 Hauteur : 20 cm<br \/>\n\u2013 Largeur : 9,2 cm<\/p>\n","protected":false},"excerpt":{"rendered":"<p>Une moka r\u00e9volutionnaire qui combine la technologie d\u00e9velopp\u00e9e par illycaff\u00e8 et l\u2019exp\u00e9rience de design d\u2019Alessi. Con\u00e7u par Michele de Lucchi, Pulcina contient une innovation de conception petite mais substantielle qui emp\u00eache la boisson de couler au bon moment, avant que le caf\u00e9 n\u2019acqui\u00e8re un arri\u00e8re-go\u00fbt amer. Cela permet de mettre en valeur l\u2019ar\u00f4me cors\u00e9 et [&hellip;]<\/p>\n","protected":false},"featured_media":6377402,"template":"","meta":{"_acf_changed":false},"product_cat":[12002,11992,11995],"product_tag":[],"class_list":{"0":"post-1610135","1":"product","2":"type-product","3":"status-publish","4":"has-post-thumbnail","6":"product_cat-cafetieres","7":"product_cat-cuisine","8":"product_cat-table-fr-2","10":"first","11":"instock","12":"sale","13":"taxable","14":"shipping-taxable","15":"purchasable","16":"product-type-simple","swatches":"rey-swatches","show_selected":"","stretch_labels":"rey-swatches--stretch-labels"},"acf":[],"yoast_head":"<!-- This site is optimized with the Yoast SEO plugin v25.4 - https:\/\/yoast.com\/wordpress\/plugins\/seo\/ -->\n<title>ALESSI Pulcina Cafeti\u00e8re \u00e0 induction Noir 3 tasses - dev6 Erresse<\/title>\n<meta name=\"description\" content=\"Une moka r\u00e9volutionnaire qui combine la technologie d\u00e9velopp\u00e9e par illycaff\u00e8 et l\u2019exp\u00e9rience de design d\u2019Alessi. Con\u00e7u par Michele de Lucchi, Pulcina\" \/>\n<meta name=\"robots\" content=\"noindex, follow, max-snippet:-1, max-image-preview:large, max-video-preview:-1\" \/>\n<meta property=\"og:locale\" content=\"fr_FR\" \/>\n<meta property=\"og:type\" content=\"article\" \/>\n<meta property=\"og:title\" content=\"ALESSI Pulcina Cafeti\u00e8re \u00e0 induction Noir 3 tasses - dev6 Erresse\" \/>\n<meta property=\"og:description\" content=\"Une moka r\u00e9volutionnaire qui combine la technologie d\u00e9velopp\u00e9e par illycaff\u00e8 et l\u2019exp\u00e9rience de design d\u2019Alessi. Con\u00e7u par Michele de Lucchi, Pulcina\" \/>\n<meta property=\"og:url\" content=\"https:\/\/dev6.erresse-shop.it\/fr\/shop\/cuisine\/cafetieres\/alessi-pulcina-cafetiere-a-induction-noir-3-tasses\/\" \/>\n<meta property=\"og:site_name\" content=\"dev6 Erresse\" \/>\n<meta property=\"og:image\" content=\"https:\/\/interpim.erresse-shop.it\/Import\/Prodotti\/alessi-pulcina-caffettiera-a-induzione-nero-3-tazze.jpg\" \/><meta property=\"og:image\" content=\"https:\/\/interpim.erresse-shop.it\/Import\/Prodotti\/alessi-pulcina-caffettiera-a-induzione-nero-3-tazze.jpg\" \/>\n\t<meta property=\"og:image:width\" content=\"1024\" \/>\n\t<meta property=\"og:image:height\" content=\"1024\" \/>\n\t<meta property=\"og:image:type\" content=\"image\/jpeg\" \/>\n<meta name=\"twitter:card\" content=\"summary_large_image\" \/>\n<meta name=\"twitter:image\" content=\"https:\/\/interpim.erresse-shop.it\/Import\/Prodotti\/alessi-pulcina-caffettiera-a-induzione-nero-3-tazze.jpg\" \/>\n<script type=\"application\/ld+json\" class=\"yoast-schema-graph\">{\"@context\":\"https:\/\/schema.org\",\"@graph\":[{\"@type\":\"WebPage\",\"@id\":\"https:\/\/dev6.erresse-shop.it\/fr\/shop\/cuisine\/cafetieres\/alessi-pulcina-cafetiere-a-induction-noir-3-tasses\/\",\"url\":\"https:\/\/dev6.erresse-shop.it\/fr\/shop\/cuisine\/cafetieres\/alessi-pulcina-cafetiere-a-induction-noir-3-tasses\/\",\"name\":\"ALESSI Pulcina Cafeti\u00e8re \u00e0 induction Noir 3 tasses - dev6 Erresse\",\"isPartOf\":{\"@id\":\"https:\/\/dev6.erresse-shop.it\/#website\"},\"primaryImageOfPage\":{\"@id\":\"https:\/\/dev6.erresse-shop.it\/fr\/shop\/cuisine\/cafetieres\/alessi-pulcina-cafetiere-a-induction-noir-3-tasses\/#primaryimage\"},\"image\":{\"@id\":\"https:\/\/dev6.erresse-shop.it\/fr\/shop\/cuisine\/cafetieres\/alessi-pulcina-cafetiere-a-induction-noir-3-tasses\/#primaryimage\"},\"thumbnailUrl\":\"https:\/\/i3.wp.com\/interpim.erresse-shop.it\/Import\/Prodotti\/alessi-pulcina-caffettiera-a-induzione-nero-3-tazze.jpg?ssl=1\",\"datePublished\":\"2026-04-12T11:34:09+00:00\",\"description\":\"Une moka r\u00e9volutionnaire qui combine la technologie d\u00e9velopp\u00e9e par illycaff\u00e8 et l\u2019exp\u00e9rience de design d\u2019Alessi. Con\u00e7u par Michele de Lucchi, Pulcina\",\"breadcrumb\":{\"@id\":\"https:\/\/dev6.erresse-shop.it\/fr\/shop\/cuisine\/cafetieres\/alessi-pulcina-cafetiere-a-induction-noir-3-tasses\/#breadcrumb\"},\"inLanguage\":\"fr-FR\",\"potentialAction\":[{\"@type\":\"ReadAction\",\"target\":[\"https:\/\/dev6.erresse-shop.it\/fr\/shop\/cuisine\/cafetieres\/alessi-pulcina-cafetiere-a-induction-noir-3-tasses\/\"]}]},{\"@type\":\"ImageObject\",\"inLanguage\":\"fr-FR\",\"@id\":\"https:\/\/dev6.erresse-shop.it\/fr\/shop\/cuisine\/cafetieres\/alessi-pulcina-cafetiere-a-induction-noir-3-tasses\/#primaryimage\",\"url\":\"https:\/\/i3.wp.com\/interpim.erresse-shop.it\/Import\/Prodotti\/alessi-pulcina-caffettiera-a-induzione-nero-3-tazze.jpg?ssl=1\",\"contentUrl\":\"https:\/\/i3.wp.com\/interpim.erresse-shop.it\/Import\/Prodotti\/alessi-pulcina-caffettiera-a-induzione-nero-3-tazze.jpg?ssl=1\"},{\"@type\":\"BreadcrumbList\",\"@id\":\"https:\/\/dev6.erresse-shop.it\/fr\/shop\/cuisine\/cafetieres\/alessi-pulcina-cafetiere-a-induction-noir-3-tasses\/#breadcrumb\",\"itemListElement\":[{\"@type\":\"ListItem\",\"position\":1,\"name\":\"Home\",\"item\":\"https:\/\/dev6.erresse-shop.it\/\"},{\"@type\":\"ListItem\",\"position\":2,\"name\":\"Boutique\",\"item\":\"https:\/\/dev6.erresse-shop.it\/shop\/\"},{\"@type\":\"ListItem\",\"position\":3,\"name\":\"ALESSI Pulcina Cafeti\u00e8re \u00e0 induction Noir 3 tasses\"}]},{\"@type\":\"WebSite\",\"@id\":\"https:\/\/dev6.erresse-shop.it\/#website\",\"url\":\"https:\/\/dev6.erresse-shop.it\/\",\"name\":\"Erresse Shop\",\"description\":\"\",\"publisher\":{\"@id\":\"https:\/\/dev6.erresse-shop.it\/#organization\"},\"potentialAction\":[{\"@type\":\"SearchAction\",\"target\":{\"@type\":\"EntryPoint\",\"urlTemplate\":\"https:\/\/dev6.erresse-shop.it\/?s={search_term_string}\"},\"query-input\":{\"@type\":\"PropertyValueSpecification\",\"valueRequired\":true,\"valueName\":\"search_term_string\"}}],\"inLanguage\":\"fr-FR\"},{\"@type\":\"Organization\",\"@id\":\"https:\/\/dev6.erresse-shop.it\/#organization\",\"name\":\"Erresse Shop\",\"url\":\"https:\/\/dev6.erresse-shop.it\/\",\"logo\":{\"@type\":\"ImageObject\",\"inLanguage\":\"fr-FR\",\"@id\":\"https:\/\/dev6.erresse-shop.it\/#\/schema\/logo\/image\/\",\"url\":\"https:\/\/dev6.erresse-shop.it\/wp-content\/uploads\/2025\/01\/LOGO-ERRESSE-CLASSICO.svg\",\"contentUrl\":\"https:\/\/dev6.erresse-shop.it\/wp-content\/uploads\/2025\/01\/LOGO-ERRESSE-CLASSICO.svg\",\"caption\":\"Erresse Shop\"},\"image\":{\"@id\":\"https:\/\/dev6.erresse-shop.it\/#\/schema\/logo\/image\/\"}}]}<\/script>\n<!-- \/ Yoast SEO plugin. -->","yoast_head_json":{"title":"ALESSI Pulcina Cafeti\u00e8re \u00e0 induction Noir 3 tasses - dev6 Erresse","description":"Une moka r\u00e9volutionnaire qui combine la technologie d\u00e9velopp\u00e9e par illycaff\u00e8 et l\u2019exp\u00e9rience de design d\u2019Alessi. Con\u00e7u par Michele de Lucchi, Pulcina","robots":{"index":"noindex","follow":"follow","max-snippet":"max-snippet:-1","max-image-preview":"max-image-preview:large","max-video-preview":"max-video-preview:-1"},"og_locale":"fr_FR","og_type":"article","og_title":"ALESSI Pulcina Cafeti\u00e8re \u00e0 induction Noir 3 tasses - dev6 Erresse","og_description":"Une moka r\u00e9volutionnaire qui combine la technologie d\u00e9velopp\u00e9e par illycaff\u00e8 et l\u2019exp\u00e9rience de design d\u2019Alessi. Con\u00e7u par Michele de Lucchi, Pulcina","og_url":"https:\/\/dev6.erresse-shop.it\/fr\/shop\/cuisine\/cafetieres\/alessi-pulcina-cafetiere-a-induction-noir-3-tasses\/","og_site_name":"dev6 Erresse","og_image":[{"url":"https:\/\/interpim.erresse-shop.it\/Import\/Prodotti\/alessi-pulcina-caffettiera-a-induzione-nero-3-tazze.jpg","type":"","width":"","height":""},{"url":"https:\/\/interpim.erresse-shop.it\/Import\/Prodotti\/alessi-pulcina-caffettiera-a-induzione-nero-3-tazze.jpg","width":1024,"height":1024,"type":"image\/jpeg"}],"twitter_card":"summary_large_image","twitter_image":"https:\/\/interpim.erresse-shop.it\/Import\/Prodotti\/alessi-pulcina-caffettiera-a-induzione-nero-3-tazze.jpg","schema":{"@context":"https:\/\/schema.org","@graph":[{"@type":"WebPage","@id":"https:\/\/dev6.erresse-shop.it\/fr\/shop\/cuisine\/cafetieres\/alessi-pulcina-cafetiere-a-induction-noir-3-tasses\/","url":"https:\/\/dev6.erresse-shop.it\/fr\/shop\/cuisine\/cafetieres\/alessi-pulcina-cafetiere-a-induction-noir-3-tasses\/","name":"ALESSI Pulcina Cafeti\u00e8re \u00e0 induction Noir 3 tasses - dev6 Erresse","isPartOf":{"@id":"https:\/\/dev6.erresse-shop.it\/#website"},"primaryImageOfPage":{"@id":"https:\/\/dev6.erresse-shop.it\/fr\/shop\/cuisine\/cafetieres\/alessi-pulcina-cafetiere-a-induction-noir-3-tasses\/#primaryimage"},"image":{"@id":"https:\/\/dev6.erresse-shop.it\/fr\/shop\/cuisine\/cafetieres\/alessi-pulcina-cafetiere-a-induction-noir-3-tasses\/#primaryimage"},"thumbnailUrl":"https:\/\/i3.wp.com\/interpim.erresse-shop.it\/Import\/Prodotti\/alessi-pulcina-caffettiera-a-induzione-nero-3-tazze.jpg?ssl=1","datePublished":"2026-04-12T11:34:09+00:00","description":"Une moka r\u00e9volutionnaire qui combine la technologie d\u00e9velopp\u00e9e par illycaff\u00e8 et l\u2019exp\u00e9rience de design d\u2019Alessi. Con\u00e7u par Michele de Lucchi, Pulcina","breadcrumb":{"@id":"https:\/\/dev6.erresse-shop.it\/fr\/shop\/cuisine\/cafetieres\/alessi-pulcina-cafetiere-a-induction-noir-3-tasses\/#breadcrumb"},"inLanguage":"fr-FR","potentialAction":[{"@type":"ReadAction","target":["https:\/\/dev6.erresse-shop.it\/fr\/shop\/cuisine\/cafetieres\/alessi-pulcina-cafetiere-a-induction-noir-3-tasses\/"]}]},{"@type":"ImageObject","inLanguage":"fr-FR","@id":"https:\/\/dev6.erresse-shop.it\/fr\/shop\/cuisine\/cafetieres\/alessi-pulcina-cafetiere-a-induction-noir-3-tasses\/#primaryimage","url":"https:\/\/i3.wp.com\/interpim.erresse-shop.it\/Import\/Prodotti\/alessi-pulcina-caffettiera-a-induzione-nero-3-tazze.jpg?ssl=1","contentUrl":"https:\/\/i3.wp.com\/interpim.erresse-shop.it\/Import\/Prodotti\/alessi-pulcina-caffettiera-a-induzione-nero-3-tazze.jpg?ssl=1"},{"@type":"BreadcrumbList","@id":"https:\/\/dev6.erresse-shop.it\/fr\/shop\/cuisine\/cafetieres\/alessi-pulcina-cafetiere-a-induction-noir-3-tasses\/#breadcrumb","itemListElement":[{"@type":"ListItem","position":1,"name":"Home","item":"https:\/\/dev6.erresse-shop.it\/"},{"@type":"ListItem","position":2,"name":"Boutique","item":"https:\/\/dev6.erresse-shop.it\/shop\/"},{"@type":"ListItem","position":3,"name":"ALESSI Pulcina Cafeti\u00e8re \u00e0 induction Noir 3 tasses"}]},{"@type":"WebSite","@id":"https:\/\/dev6.erresse-shop.it\/#website","url":"https:\/\/dev6.erresse-shop.it\/","name":"Erresse Shop","description":"","publisher":{"@id":"https:\/\/dev6.erresse-shop.it\/#organization"},"potentialAction":[{"@type":"SearchAction","target":{"@type":"EntryPoint","urlTemplate":"https:\/\/dev6.erresse-shop.it\/?s={search_term_string}"},"query-input":{"@type":"PropertyValueSpecification","valueRequired":true,"valueName":"search_term_string"}}],"inLanguage":"fr-FR"},{"@type":"Organization","@id":"https:\/\/dev6.erresse-shop.it\/#organization","name":"Erresse Shop","url":"https:\/\/dev6.erresse-shop.it\/","logo":{"@type":"ImageObject","inLanguage":"fr-FR","@id":"https:\/\/dev6.erresse-shop.it\/#\/schema\/logo\/image\/","url":"https:\/\/dev6.erresse-shop.it\/wp-content\/uploads\/2025\/01\/LOGO-ERRESSE-CLASSICO.svg","contentUrl":"https:\/\/dev6.erresse-shop.it\/wp-content\/uploads\/2025\/01\/LOGO-ERRESSE-CLASSICO.svg","caption":"Erresse Shop"},"image":{"@id":"https:\/\/dev6.erresse-shop.it\/#\/schema\/logo\/image\/"}}]}},"df_price":90,"df_sale_price":90,"df_regular_price":100,"df_image_link":"https:\/\/i3.wp.com\/interpim.erresse-shop.it\/Import\/Prodotti\/alessi-pulcina-caffettiera-a-induzione-nero-3-tazze.jpg?resize=300,300&ssl=1","fifu_image_url":"https:\/\/interpim.erresse-shop.it\/Import\/Prodotti\/alessi-pulcina-caffettiera-a-induzione-nero-3-tazze.jpg","_links":{"self":[{"href":"https:\/\/dev6.erresse-shop.it\/fr\/wp-json\/wp\/v2\/product\/1610135","targetHints":{"allow":["GET"]}}],"collection":[{"href":"https:\/\/dev6.erresse-shop.it\/fr\/wp-json\/wp\/v2\/product"}],"about":[{"href":"https:\/\/dev6.erresse-shop.it\/fr\/wp-json\/wp\/v2\/types\/product"}],"wp:featuredmedia":[{"embeddable":true,"href":"https:\/\/dev6.erresse-shop.it\/fr\/wp-json\/wp\/v2\/media\/6377402"}],"wp:attachment":[{"href":"https:\/\/dev6.erresse-shop.it\/fr\/wp-json\/wp\/v2\/media?parent=1610135"}],"wp:term":[{"taxonomy":"product_cat","embeddable":true,"href":"https:\/\/dev6.erresse-shop.it\/fr\/wp-json\/wp\/v2\/product_cat?post=1610135"},{"taxonomy":"product_tag","embeddable":true,"href":"https:\/\/dev6.erresse-shop.it\/fr\/wp-json\/wp\/v2\/product_tag?post=1610135"}],"curies":[{"name":"wp","href":"https:\/\/api.w.org\/{rel}","templated":true}]}}