{"id":1610133,"date":"2026-04-12T13:34:09","date_gmt":"2026-04-12T11:34:09","guid":{"rendered":"https:\/\/dev6.erresse-shop.it\/shop\/non%20class\u00e9\/alessi-convivio-batterie-de-cuisine-7-pieces\/"},"modified":"2025-07-04T19:51:43","modified_gmt":"2025-07-04T17:51:43","slug":"alessi-convivio-batterie-de-cuisine-7-pieces","status":"publish","type":"product","link":"https:\/\/dev6.erresse-shop.it\/fr\/shop\/poeles-pots\/batteries-de-cuisine\/alessi-convivio-batterie-de-cuisine-7-pieces\/","title":{"rendered":"ALESSI Convivio Batterie de cuisine 7 pi\u00e8ces"},"content":{"rendered":"<p>Convivio est n\u00e9 d\u2019un dialogue entre le laur\u00e9at du prix Pritzker David Chipperfield et le chef \u00e9toil\u00e9 Pietro Leemann, dont les diff\u00e9rentes comp\u00e9tences se sont r\u00e9unies pour cr\u00e9er cette collection. Le nom Convivio se veut un hommage \u00e0 la cuisine comme acte \u00e0 la fois esth\u00e9tique et convivial, capable de construire des communaut\u00e9s en rassemblant les gens autour de la pr\u00e9paration et du plaisir de la nourriture. L\u2019approche conceptuelle du designer se r\u00e9v\u00e8le dans la centralit\u00e9 de la mati\u00e8re, exalt\u00e9e dans sa simplicit\u00e9 et sa puret\u00e9 dans une juxtaposition raffin\u00e9e de consistances et de surfaces.<\/p>\n<p>L\u2019ensemble de casseroles se compose de\u00a0:<\/p>\n<p>Pot de 20 cm,<br \/>\nCasserole \u00e0 deux anses de 20 cm,<br \/>\nCasserole basse \u00e0 deux anses 24 cm,<br \/>\nCasserole \u00e0 long manche 16 cm<br \/>\nCouvercles : cm 16, 20, 24<\/p>\n<p>Mat\u00e9riau Acier inoxydable<br \/>\nConvient aux cuisini\u00e8res \u00e0 gaz et \u00e0 induction<\/p>\n","protected":false},"excerpt":{"rendered":"<p>Convivio est n\u00e9 d\u2019un dialogue entre le laur\u00e9at du prix Pritzker David Chipperfield et le chef \u00e9toil\u00e9 Pietro Leemann, dont les diff\u00e9rentes comp\u00e9tences se sont r\u00e9unies pour cr\u00e9er cette collection. Le nom Convivio se veut un hommage \u00e0 la cuisine comme acte \u00e0 la fois esth\u00e9tique et convivial, capable de construire des communaut\u00e9s en rassemblant [&hellip;]<\/p>\n","protected":false},"featured_media":6377399,"template":"","meta":{"_acf_changed":false},"product_cat":[12024,11991],"product_tag":[],"class_list":{"0":"post-1610133","1":"product","2":"type-product","3":"status-publish","4":"has-post-thumbnail","6":"product_cat-batteries-de-cuisine","7":"product_cat-poeles-pots","9":"first","10":"instock","11":"sale","12":"taxable","13":"shipping-taxable","14":"purchasable","15":"product-type-simple","swatches":"rey-swatches","show_selected":"","stretch_labels":"rey-swatches--stretch-labels"},"acf":[],"yoast_head":"<!-- This site is optimized with the Yoast SEO plugin v25.4 - https:\/\/yoast.com\/wordpress\/plugins\/seo\/ -->\n<title>ALESSI Convivio Batterie de cuisine 7 pi\u00e8ces - dev6 Erresse<\/title>\n<meta name=\"description\" content=\"Convivio est n\u00e9 d\u2019un dialogue entre le laur\u00e9at du prix Pritzker David Chipperfield et le chef \u00e9toil\u00e9 Pietro Leemann, dont les diff\u00e9rentes comp\u00e9tences se\" \/>\n<meta name=\"robots\" content=\"noindex, follow, max-snippet:-1, max-image-preview:large, max-video-preview:-1\" \/>\n<meta property=\"og:locale\" content=\"fr_FR\" \/>\n<meta property=\"og:type\" content=\"article\" \/>\n<meta property=\"og:title\" content=\"ALESSI Convivio Batterie de cuisine 7 pi\u00e8ces - dev6 Erresse\" \/>\n<meta property=\"og:description\" content=\"Convivio est n\u00e9 d\u2019un dialogue entre le laur\u00e9at du prix Pritzker David Chipperfield et le chef \u00e9toil\u00e9 Pietro Leemann, dont les diff\u00e9rentes comp\u00e9tences se\" \/>\n<meta property=\"og:url\" content=\"https:\/\/dev6.erresse-shop.it\/fr\/shop\/poeles-pots\/batteries-de-cuisine\/alessi-convivio-batterie-de-cuisine-7-pieces\/\" \/>\n<meta property=\"og:site_name\" content=\"dev6 Erresse\" \/>\n<meta property=\"og:image\" content=\"https:\/\/interpim.erresse-shop.it\/Import\/Prodotti\/alessi-convivio-pentole-set-7-pz.jpg\" \/><meta property=\"og:image\" content=\"https:\/\/interpim.erresse-shop.it\/Import\/Prodotti\/alessi-convivio-pentole-set-7-pz.jpg\" \/>\n\t<meta property=\"og:image:width\" content=\"1024\" \/>\n\t<meta property=\"og:image:height\" content=\"1024\" \/>\n\t<meta property=\"og:image:type\" content=\"image\/jpeg\" \/>\n<meta name=\"twitter:card\" content=\"summary_large_image\" \/>\n<meta name=\"twitter:image\" content=\"https:\/\/interpim.erresse-shop.it\/Import\/Prodotti\/alessi-convivio-pentole-set-7-pz.jpg\" \/>\n<script type=\"application\/ld+json\" class=\"yoast-schema-graph\">{\"@context\":\"https:\/\/schema.org\",\"@graph\":[{\"@type\":\"WebPage\",\"@id\":\"https:\/\/dev6.erresse-shop.it\/fr\/shop\/poeles-pots\/batteries-de-cuisine\/alessi-convivio-batterie-de-cuisine-7-pieces\/\",\"url\":\"https:\/\/dev6.erresse-shop.it\/fr\/shop\/poeles-pots\/batteries-de-cuisine\/alessi-convivio-batterie-de-cuisine-7-pieces\/\",\"name\":\"ALESSI Convivio Batterie de cuisine 7 pi\u00e8ces - dev6 Erresse\",\"isPartOf\":{\"@id\":\"https:\/\/dev6.erresse-shop.it\/#website\"},\"primaryImageOfPage\":{\"@id\":\"https:\/\/dev6.erresse-shop.it\/fr\/shop\/poeles-pots\/batteries-de-cuisine\/alessi-convivio-batterie-de-cuisine-7-pieces\/#primaryimage\"},\"image\":{\"@id\":\"https:\/\/dev6.erresse-shop.it\/fr\/shop\/poeles-pots\/batteries-de-cuisine\/alessi-convivio-batterie-de-cuisine-7-pieces\/#primaryimage\"},\"thumbnailUrl\":\"https:\/\/i3.wp.com\/interpim.erresse-shop.it\/Import\/Prodotti\/alessi-convivio-pentole-set-7-pz.jpg?ssl=1\",\"datePublished\":\"2026-04-12T11:34:09+00:00\",\"description\":\"Convivio est n\u00e9 d\u2019un dialogue entre le laur\u00e9at du prix Pritzker David Chipperfield et le chef \u00e9toil\u00e9 Pietro Leemann, dont les diff\u00e9rentes comp\u00e9tences se\",\"breadcrumb\":{\"@id\":\"https:\/\/dev6.erresse-shop.it\/fr\/shop\/poeles-pots\/batteries-de-cuisine\/alessi-convivio-batterie-de-cuisine-7-pieces\/#breadcrumb\"},\"inLanguage\":\"fr-FR\",\"potentialAction\":[{\"@type\":\"ReadAction\",\"target\":[\"https:\/\/dev6.erresse-shop.it\/fr\/shop\/poeles-pots\/batteries-de-cuisine\/alessi-convivio-batterie-de-cuisine-7-pieces\/\"]}]},{\"@type\":\"ImageObject\",\"inLanguage\":\"fr-FR\",\"@id\":\"https:\/\/dev6.erresse-shop.it\/fr\/shop\/poeles-pots\/batteries-de-cuisine\/alessi-convivio-batterie-de-cuisine-7-pieces\/#primaryimage\",\"url\":\"https:\/\/i3.wp.com\/interpim.erresse-shop.it\/Import\/Prodotti\/alessi-convivio-pentole-set-7-pz.jpg?ssl=1\",\"contentUrl\":\"https:\/\/i3.wp.com\/interpim.erresse-shop.it\/Import\/Prodotti\/alessi-convivio-pentole-set-7-pz.jpg?ssl=1\"},{\"@type\":\"BreadcrumbList\",\"@id\":\"https:\/\/dev6.erresse-shop.it\/fr\/shop\/poeles-pots\/batteries-de-cuisine\/alessi-convivio-batterie-de-cuisine-7-pieces\/#breadcrumb\",\"itemListElement\":[{\"@type\":\"ListItem\",\"position\":1,\"name\":\"Home\",\"item\":\"https:\/\/dev6.erresse-shop.it\/\"},{\"@type\":\"ListItem\",\"position\":2,\"name\":\"Boutique\",\"item\":\"https:\/\/dev6.erresse-shop.it\/shop\/\"},{\"@type\":\"ListItem\",\"position\":3,\"name\":\"ALESSI Convivio Batterie de cuisine 7 pi\u00e8ces\"}]},{\"@type\":\"WebSite\",\"@id\":\"https:\/\/dev6.erresse-shop.it\/#website\",\"url\":\"https:\/\/dev6.erresse-shop.it\/\",\"name\":\"Erresse Shop\",\"description\":\"\",\"publisher\":{\"@id\":\"https:\/\/dev6.erresse-shop.it\/#organization\"},\"potentialAction\":[{\"@type\":\"SearchAction\",\"target\":{\"@type\":\"EntryPoint\",\"urlTemplate\":\"https:\/\/dev6.erresse-shop.it\/?s={search_term_string}\"},\"query-input\":{\"@type\":\"PropertyValueSpecification\",\"valueRequired\":true,\"valueName\":\"search_term_string\"}}],\"inLanguage\":\"fr-FR\"},{\"@type\":\"Organization\",\"@id\":\"https:\/\/dev6.erresse-shop.it\/#organization\",\"name\":\"Erresse Shop\",\"url\":\"https:\/\/dev6.erresse-shop.it\/\",\"logo\":{\"@type\":\"ImageObject\",\"inLanguage\":\"fr-FR\",\"@id\":\"https:\/\/dev6.erresse-shop.it\/#\/schema\/logo\/image\/\",\"url\":\"https:\/\/dev6.erresse-shop.it\/wp-content\/uploads\/2025\/01\/LOGO-ERRESSE-CLASSICO.svg\",\"contentUrl\":\"https:\/\/dev6.erresse-shop.it\/wp-content\/uploads\/2025\/01\/LOGO-ERRESSE-CLASSICO.svg\",\"caption\":\"Erresse Shop\"},\"image\":{\"@id\":\"https:\/\/dev6.erresse-shop.it\/#\/schema\/logo\/image\/\"}}]}<\/script>\n<!-- \/ Yoast SEO plugin. -->","yoast_head_json":{"title":"ALESSI Convivio Batterie de cuisine 7 pi\u00e8ces - dev6 Erresse","description":"Convivio est n\u00e9 d\u2019un dialogue entre le laur\u00e9at du prix Pritzker David Chipperfield et le chef \u00e9toil\u00e9 Pietro Leemann, dont les diff\u00e9rentes comp\u00e9tences se","robots":{"index":"noindex","follow":"follow","max-snippet":"max-snippet:-1","max-image-preview":"max-image-preview:large","max-video-preview":"max-video-preview:-1"},"og_locale":"fr_FR","og_type":"article","og_title":"ALESSI Convivio Batterie de cuisine 7 pi\u00e8ces - dev6 Erresse","og_description":"Convivio est n\u00e9 d\u2019un dialogue entre le laur\u00e9at du prix Pritzker David Chipperfield et le chef \u00e9toil\u00e9 Pietro Leemann, dont les diff\u00e9rentes comp\u00e9tences se","og_url":"https:\/\/dev6.erresse-shop.it\/fr\/shop\/poeles-pots\/batteries-de-cuisine\/alessi-convivio-batterie-de-cuisine-7-pieces\/","og_site_name":"dev6 Erresse","og_image":[{"url":"https:\/\/interpim.erresse-shop.it\/Import\/Prodotti\/alessi-convivio-pentole-set-7-pz.jpg","type":"","width":"","height":""},{"url":"https:\/\/interpim.erresse-shop.it\/Import\/Prodotti\/alessi-convivio-pentole-set-7-pz.jpg","width":1024,"height":1024,"type":"image\/jpeg"}],"twitter_card":"summary_large_image","twitter_image":"https:\/\/interpim.erresse-shop.it\/Import\/Prodotti\/alessi-convivio-pentole-set-7-pz.jpg","schema":{"@context":"https:\/\/schema.org","@graph":[{"@type":"WebPage","@id":"https:\/\/dev6.erresse-shop.it\/fr\/shop\/poeles-pots\/batteries-de-cuisine\/alessi-convivio-batterie-de-cuisine-7-pieces\/","url":"https:\/\/dev6.erresse-shop.it\/fr\/shop\/poeles-pots\/batteries-de-cuisine\/alessi-convivio-batterie-de-cuisine-7-pieces\/","name":"ALESSI Convivio Batterie de cuisine 7 pi\u00e8ces - dev6 Erresse","isPartOf":{"@id":"https:\/\/dev6.erresse-shop.it\/#website"},"primaryImageOfPage":{"@id":"https:\/\/dev6.erresse-shop.it\/fr\/shop\/poeles-pots\/batteries-de-cuisine\/alessi-convivio-batterie-de-cuisine-7-pieces\/#primaryimage"},"image":{"@id":"https:\/\/dev6.erresse-shop.it\/fr\/shop\/poeles-pots\/batteries-de-cuisine\/alessi-convivio-batterie-de-cuisine-7-pieces\/#primaryimage"},"thumbnailUrl":"https:\/\/i3.wp.com\/interpim.erresse-shop.it\/Import\/Prodotti\/alessi-convivio-pentole-set-7-pz.jpg?ssl=1","datePublished":"2026-04-12T11:34:09+00:00","description":"Convivio est n\u00e9 d\u2019un dialogue entre le laur\u00e9at du prix Pritzker David Chipperfield et le chef \u00e9toil\u00e9 Pietro Leemann, dont les diff\u00e9rentes comp\u00e9tences se","breadcrumb":{"@id":"https:\/\/dev6.erresse-shop.it\/fr\/shop\/poeles-pots\/batteries-de-cuisine\/alessi-convivio-batterie-de-cuisine-7-pieces\/#breadcrumb"},"inLanguage":"fr-FR","potentialAction":[{"@type":"ReadAction","target":["https:\/\/dev6.erresse-shop.it\/fr\/shop\/poeles-pots\/batteries-de-cuisine\/alessi-convivio-batterie-de-cuisine-7-pieces\/"]}]},{"@type":"ImageObject","inLanguage":"fr-FR","@id":"https:\/\/dev6.erresse-shop.it\/fr\/shop\/poeles-pots\/batteries-de-cuisine\/alessi-convivio-batterie-de-cuisine-7-pieces\/#primaryimage","url":"https:\/\/i3.wp.com\/interpim.erresse-shop.it\/Import\/Prodotti\/alessi-convivio-pentole-set-7-pz.jpg?ssl=1","contentUrl":"https:\/\/i3.wp.com\/interpim.erresse-shop.it\/Import\/Prodotti\/alessi-convivio-pentole-set-7-pz.jpg?ssl=1"},{"@type":"BreadcrumbList","@id":"https:\/\/dev6.erresse-shop.it\/fr\/shop\/poeles-pots\/batteries-de-cuisine\/alessi-convivio-batterie-de-cuisine-7-pieces\/#breadcrumb","itemListElement":[{"@type":"ListItem","position":1,"name":"Home","item":"https:\/\/dev6.erresse-shop.it\/"},{"@type":"ListItem","position":2,"name":"Boutique","item":"https:\/\/dev6.erresse-shop.it\/shop\/"},{"@type":"ListItem","position":3,"name":"ALESSI Convivio Batterie de cuisine 7 pi\u00e8ces"}]},{"@type":"WebSite","@id":"https:\/\/dev6.erresse-shop.it\/#website","url":"https:\/\/dev6.erresse-shop.it\/","name":"Erresse Shop","description":"","publisher":{"@id":"https:\/\/dev6.erresse-shop.it\/#organization"},"potentialAction":[{"@type":"SearchAction","target":{"@type":"EntryPoint","urlTemplate":"https:\/\/dev6.erresse-shop.it\/?s={search_term_string}"},"query-input":{"@type":"PropertyValueSpecification","valueRequired":true,"valueName":"search_term_string"}}],"inLanguage":"fr-FR"},{"@type":"Organization","@id":"https:\/\/dev6.erresse-shop.it\/#organization","name":"Erresse Shop","url":"https:\/\/dev6.erresse-shop.it\/","logo":{"@type":"ImageObject","inLanguage":"fr-FR","@id":"https:\/\/dev6.erresse-shop.it\/#\/schema\/logo\/image\/","url":"https:\/\/dev6.erresse-shop.it\/wp-content\/uploads\/2025\/01\/LOGO-ERRESSE-CLASSICO.svg","contentUrl":"https:\/\/dev6.erresse-shop.it\/wp-content\/uploads\/2025\/01\/LOGO-ERRESSE-CLASSICO.svg","caption":"Erresse Shop"},"image":{"@id":"https:\/\/dev6.erresse-shop.it\/#\/schema\/logo\/image\/"}}]}},"df_price":472.5,"df_sale_price":472.5,"df_regular_price":525,"df_image_link":"https:\/\/i3.wp.com\/interpim.erresse-shop.it\/Import\/Prodotti\/alessi-convivio-pentole-set-7-pz.jpg?resize=300,300&ssl=1","fifu_image_url":"https:\/\/interpim.erresse-shop.it\/Import\/Prodotti\/alessi-convivio-pentole-set-7-pz.jpg","_links":{"self":[{"href":"https:\/\/dev6.erresse-shop.it\/fr\/wp-json\/wp\/v2\/product\/1610133","targetHints":{"allow":["GET"]}}],"collection":[{"href":"https:\/\/dev6.erresse-shop.it\/fr\/wp-json\/wp\/v2\/product"}],"about":[{"href":"https:\/\/dev6.erresse-shop.it\/fr\/wp-json\/wp\/v2\/types\/product"}],"wp:featuredmedia":[{"embeddable":true,"href":"https:\/\/dev6.erresse-shop.it\/fr\/wp-json\/wp\/v2\/media\/6377399"}],"wp:attachment":[{"href":"https:\/\/dev6.erresse-shop.it\/fr\/wp-json\/wp\/v2\/media?parent=1610133"}],"wp:term":[{"taxonomy":"product_cat","embeddable":true,"href":"https:\/\/dev6.erresse-shop.it\/fr\/wp-json\/wp\/v2\/product_cat?post=1610133"},{"taxonomy":"product_tag","embeddable":true,"href":"https:\/\/dev6.erresse-shop.it\/fr\/wp-json\/wp\/v2\/product_tag?post=1610133"}],"curies":[{"name":"wp","href":"https:\/\/api.w.org\/{rel}","templated":true}]}}