{"id":1610131,"date":"2026-04-12T13:34:09","date_gmt":"2026-04-12T11:34:09","guid":{"rendered":"https:\/\/dev6.erresse-shop.it\/shop\/non%20class\u00e9\/alessi-9090-cafetiere-espresso-6-tasses\/"},"modified":"2025-07-04T19:51:37","modified_gmt":"2025-07-04T17:51:37","slug":"alessi-9090-cafetiere-espresso-6-tasses","status":"publish","type":"product","link":"https:\/\/dev6.erresse-shop.it\/fr\/shop\/cuisine\/cafetieres\/alessi-9090-cafetiere-espresso-6-tasses\/","title":{"rendered":"ALESSI 9090 Cafeti\u00e8re Espresso 6 tasses"},"content":{"rendered":"<p>La 9090 est la premi\u00e8re machine \u00e0 caf\u00e9 expresso de l\u2019histoire d\u2019Alessi, mais aussi la premi\u00e8re des nombreux prix Compasso d\u2019Oro et le premier objet Alessi expos\u00e9 au MOMA de New York. \u00ab Je voulais donner \u00e0 cette voiture des performances que les autres n\u2019ont pas. \u00bb C\u2019est avec ces mots que Richard Sapper d\u00e9crit l\u2019id\u00e9e \u00e0 partir de laquelle il est parti. Le 9090 est original non seulement pour sa forme particuli\u00e8re, mais aussi pour certaines innovations fonctionnelles, comme la base \u00e9largie qui permet de profiter au maximum de la chaleur, le bec verseur anti-goutte et la fermeture \u00e0 levier qui permet de l\u2019ouvrir d\u2019un simple geste de la main.<\/p>\n<p>Cafeti\u00e8re expresso en acier inoxydable 18\/10. Fond en acier magn\u00e9tique convient \u00e9galement \u00e0 la cuisson \u00e0 induction. <\/p>\n<p>Attention : v\u00e9rifiez que votre plaque \u00e0 induction est capable de s\u2019activer avec un diam\u00e8tre minimum de 90 mm.<\/p>\n<p>Caract\u00e9ristiques\u00a0:<\/p>\n<p>Tasses : 6<br \/>\nCapacit\u00e9 (cl) : 30.00<br \/>\nDiam\u00e8tre (cm) : 12.50<br \/>\nHauteur (cm) : 20.50<\/p>\n","protected":false},"excerpt":{"rendered":"<p>La 9090 est la premi\u00e8re machine \u00e0 caf\u00e9 expresso de l\u2019histoire d\u2019Alessi, mais aussi la premi\u00e8re des nombreux prix Compasso d\u2019Oro et le premier objet Alessi expos\u00e9 au MOMA de New York. \u00ab Je voulais donner \u00e0 cette voiture des performances que les autres n\u2019ont pas. \u00bb C\u2019est avec ces mots que Richard Sapper d\u00e9crit [&hellip;]<\/p>\n","protected":false},"featured_media":6377393,"template":"","meta":{"_acf_changed":false},"product_cat":[12002,11992,11995],"product_tag":[],"class_list":{"0":"post-1610131","1":"product","2":"type-product","3":"status-publish","4":"has-post-thumbnail","6":"product_cat-cafetieres","7":"product_cat-cuisine","8":"product_cat-table-fr-2","10":"first","11":"instock","12":"sale","13":"taxable","14":"shipping-taxable","15":"purchasable","16":"product-type-simple","swatches":"rey-swatches","show_selected":"","stretch_labels":"rey-swatches--stretch-labels"},"acf":[],"yoast_head":"<!-- This site is optimized with the Yoast SEO plugin v25.4 - https:\/\/yoast.com\/wordpress\/plugins\/seo\/ -->\n<title>ALESSI 9090 Cafeti\u00e8re Espresso 6 tasses - dev6 Erresse<\/title>\n<meta name=\"description\" content=\"La 9090 est la premi\u00e8re machine \u00e0 caf\u00e9 expresso de l\u2019histoire d\u2019Alessi, mais aussi la premi\u00e8re des nombreux prix Compasso d\u2019Oro et le premier objet Alessi\" \/>\n<meta name=\"robots\" content=\"noindex, follow, max-snippet:-1, max-image-preview:large, max-video-preview:-1\" \/>\n<meta property=\"og:locale\" content=\"fr_FR\" \/>\n<meta property=\"og:type\" content=\"article\" \/>\n<meta property=\"og:title\" content=\"ALESSI 9090 Cafeti\u00e8re Espresso 6 tasses - dev6 Erresse\" \/>\n<meta property=\"og:description\" content=\"La 9090 est la premi\u00e8re machine \u00e0 caf\u00e9 expresso de l\u2019histoire d\u2019Alessi, mais aussi la premi\u00e8re des nombreux prix Compasso d\u2019Oro et le premier objet Alessi\" \/>\n<meta property=\"og:url\" content=\"https:\/\/dev6.erresse-shop.it\/fr\/shop\/cuisine\/cafetieres\/alessi-9090-cafetiere-espresso-6-tasses\/\" \/>\n<meta property=\"og:site_name\" content=\"dev6 Erresse\" \/>\n<meta property=\"og:image\" content=\"https:\/\/interpim.erresse-shop.it\/Import\/Prodotti\/alessi-9090-caffettiera-espresso-6-tazze.jpg\" \/><meta property=\"og:image\" content=\"https:\/\/interpim.erresse-shop.it\/Import\/Prodotti\/alessi-9090-caffettiera-espresso-6-tazze.jpg\" \/>\n\t<meta property=\"og:image:width\" content=\"1024\" \/>\n\t<meta property=\"og:image:height\" content=\"1024\" \/>\n\t<meta property=\"og:image:type\" content=\"image\/jpeg\" \/>\n<meta name=\"twitter:card\" content=\"summary_large_image\" \/>\n<meta name=\"twitter:image\" content=\"https:\/\/interpim.erresse-shop.it\/Import\/Prodotti\/alessi-9090-caffettiera-espresso-6-tazze.jpg\" \/>\n<script type=\"application\/ld+json\" class=\"yoast-schema-graph\">{\"@context\":\"https:\/\/schema.org\",\"@graph\":[{\"@type\":\"WebPage\",\"@id\":\"https:\/\/dev6.erresse-shop.it\/fr\/shop\/cuisine\/cafetieres\/alessi-9090-cafetiere-espresso-6-tasses\/\",\"url\":\"https:\/\/dev6.erresse-shop.it\/fr\/shop\/cuisine\/cafetieres\/alessi-9090-cafetiere-espresso-6-tasses\/\",\"name\":\"ALESSI 9090 Cafeti\u00e8re Espresso 6 tasses - dev6 Erresse\",\"isPartOf\":{\"@id\":\"https:\/\/dev6.erresse-shop.it\/#website\"},\"primaryImageOfPage\":{\"@id\":\"https:\/\/dev6.erresse-shop.it\/fr\/shop\/cuisine\/cafetieres\/alessi-9090-cafetiere-espresso-6-tasses\/#primaryimage\"},\"image\":{\"@id\":\"https:\/\/dev6.erresse-shop.it\/fr\/shop\/cuisine\/cafetieres\/alessi-9090-cafetiere-espresso-6-tasses\/#primaryimage\"},\"thumbnailUrl\":\"https:\/\/i1.wp.com\/interpim.erresse-shop.it\/Import\/Prodotti\/alessi-9090-caffettiera-espresso-6-tazze.jpg?ssl=1\",\"datePublished\":\"2026-04-12T11:34:09+00:00\",\"description\":\"La 9090 est la premi\u00e8re machine \u00e0 caf\u00e9 expresso de l\u2019histoire d\u2019Alessi, mais aussi la premi\u00e8re des nombreux prix Compasso d\u2019Oro et le premier objet Alessi\",\"breadcrumb\":{\"@id\":\"https:\/\/dev6.erresse-shop.it\/fr\/shop\/cuisine\/cafetieres\/alessi-9090-cafetiere-espresso-6-tasses\/#breadcrumb\"},\"inLanguage\":\"fr-FR\",\"potentialAction\":[{\"@type\":\"ReadAction\",\"target\":[\"https:\/\/dev6.erresse-shop.it\/fr\/shop\/cuisine\/cafetieres\/alessi-9090-cafetiere-espresso-6-tasses\/\"]}]},{\"@type\":\"ImageObject\",\"inLanguage\":\"fr-FR\",\"@id\":\"https:\/\/dev6.erresse-shop.it\/fr\/shop\/cuisine\/cafetieres\/alessi-9090-cafetiere-espresso-6-tasses\/#primaryimage\",\"url\":\"https:\/\/i1.wp.com\/interpim.erresse-shop.it\/Import\/Prodotti\/alessi-9090-caffettiera-espresso-6-tazze.jpg?ssl=1\",\"contentUrl\":\"https:\/\/i1.wp.com\/interpim.erresse-shop.it\/Import\/Prodotti\/alessi-9090-caffettiera-espresso-6-tazze.jpg?ssl=1\"},{\"@type\":\"BreadcrumbList\",\"@id\":\"https:\/\/dev6.erresse-shop.it\/fr\/shop\/cuisine\/cafetieres\/alessi-9090-cafetiere-espresso-6-tasses\/#breadcrumb\",\"itemListElement\":[{\"@type\":\"ListItem\",\"position\":1,\"name\":\"Home\",\"item\":\"https:\/\/dev6.erresse-shop.it\/\"},{\"@type\":\"ListItem\",\"position\":2,\"name\":\"Boutique\",\"item\":\"https:\/\/dev6.erresse-shop.it\/shop\/\"},{\"@type\":\"ListItem\",\"position\":3,\"name\":\"ALESSI 9090 Cafeti\u00e8re Espresso 6 tasses\"}]},{\"@type\":\"WebSite\",\"@id\":\"https:\/\/dev6.erresse-shop.it\/#website\",\"url\":\"https:\/\/dev6.erresse-shop.it\/\",\"name\":\"Erresse Shop\",\"description\":\"\",\"publisher\":{\"@id\":\"https:\/\/dev6.erresse-shop.it\/#organization\"},\"potentialAction\":[{\"@type\":\"SearchAction\",\"target\":{\"@type\":\"EntryPoint\",\"urlTemplate\":\"https:\/\/dev6.erresse-shop.it\/?s={search_term_string}\"},\"query-input\":{\"@type\":\"PropertyValueSpecification\",\"valueRequired\":true,\"valueName\":\"search_term_string\"}}],\"inLanguage\":\"fr-FR\"},{\"@type\":\"Organization\",\"@id\":\"https:\/\/dev6.erresse-shop.it\/#organization\",\"name\":\"Erresse Shop\",\"url\":\"https:\/\/dev6.erresse-shop.it\/\",\"logo\":{\"@type\":\"ImageObject\",\"inLanguage\":\"fr-FR\",\"@id\":\"https:\/\/dev6.erresse-shop.it\/#\/schema\/logo\/image\/\",\"url\":\"https:\/\/dev6.erresse-shop.it\/wp-content\/uploads\/2025\/01\/LOGO-ERRESSE-CLASSICO.svg\",\"contentUrl\":\"https:\/\/dev6.erresse-shop.it\/wp-content\/uploads\/2025\/01\/LOGO-ERRESSE-CLASSICO.svg\",\"caption\":\"Erresse Shop\"},\"image\":{\"@id\":\"https:\/\/dev6.erresse-shop.it\/#\/schema\/logo\/image\/\"}}]}<\/script>\n<!-- \/ Yoast SEO plugin. -->","yoast_head_json":{"title":"ALESSI 9090 Cafeti\u00e8re Espresso 6 tasses - dev6 Erresse","description":"La 9090 est la premi\u00e8re machine \u00e0 caf\u00e9 expresso de l\u2019histoire d\u2019Alessi, mais aussi la premi\u00e8re des nombreux prix Compasso d\u2019Oro et le premier objet Alessi","robots":{"index":"noindex","follow":"follow","max-snippet":"max-snippet:-1","max-image-preview":"max-image-preview:large","max-video-preview":"max-video-preview:-1"},"og_locale":"fr_FR","og_type":"article","og_title":"ALESSI 9090 Cafeti\u00e8re Espresso 6 tasses - dev6 Erresse","og_description":"La 9090 est la premi\u00e8re machine \u00e0 caf\u00e9 expresso de l\u2019histoire d\u2019Alessi, mais aussi la premi\u00e8re des nombreux prix Compasso d\u2019Oro et le premier objet Alessi","og_url":"https:\/\/dev6.erresse-shop.it\/fr\/shop\/cuisine\/cafetieres\/alessi-9090-cafetiere-espresso-6-tasses\/","og_site_name":"dev6 Erresse","og_image":[{"url":"https:\/\/interpim.erresse-shop.it\/Import\/Prodotti\/alessi-9090-caffettiera-espresso-6-tazze.jpg","type":"","width":"","height":""},{"url":"https:\/\/interpim.erresse-shop.it\/Import\/Prodotti\/alessi-9090-caffettiera-espresso-6-tazze.jpg","width":1024,"height":1024,"type":"image\/jpeg"}],"twitter_card":"summary_large_image","twitter_image":"https:\/\/interpim.erresse-shop.it\/Import\/Prodotti\/alessi-9090-caffettiera-espresso-6-tazze.jpg","schema":{"@context":"https:\/\/schema.org","@graph":[{"@type":"WebPage","@id":"https:\/\/dev6.erresse-shop.it\/fr\/shop\/cuisine\/cafetieres\/alessi-9090-cafetiere-espresso-6-tasses\/","url":"https:\/\/dev6.erresse-shop.it\/fr\/shop\/cuisine\/cafetieres\/alessi-9090-cafetiere-espresso-6-tasses\/","name":"ALESSI 9090 Cafeti\u00e8re Espresso 6 tasses - dev6 Erresse","isPartOf":{"@id":"https:\/\/dev6.erresse-shop.it\/#website"},"primaryImageOfPage":{"@id":"https:\/\/dev6.erresse-shop.it\/fr\/shop\/cuisine\/cafetieres\/alessi-9090-cafetiere-espresso-6-tasses\/#primaryimage"},"image":{"@id":"https:\/\/dev6.erresse-shop.it\/fr\/shop\/cuisine\/cafetieres\/alessi-9090-cafetiere-espresso-6-tasses\/#primaryimage"},"thumbnailUrl":"https:\/\/i1.wp.com\/interpim.erresse-shop.it\/Import\/Prodotti\/alessi-9090-caffettiera-espresso-6-tazze.jpg?ssl=1","datePublished":"2026-04-12T11:34:09+00:00","description":"La 9090 est la premi\u00e8re machine \u00e0 caf\u00e9 expresso de l\u2019histoire d\u2019Alessi, mais aussi la premi\u00e8re des nombreux prix Compasso d\u2019Oro et le premier objet Alessi","breadcrumb":{"@id":"https:\/\/dev6.erresse-shop.it\/fr\/shop\/cuisine\/cafetieres\/alessi-9090-cafetiere-espresso-6-tasses\/#breadcrumb"},"inLanguage":"fr-FR","potentialAction":[{"@type":"ReadAction","target":["https:\/\/dev6.erresse-shop.it\/fr\/shop\/cuisine\/cafetieres\/alessi-9090-cafetiere-espresso-6-tasses\/"]}]},{"@type":"ImageObject","inLanguage":"fr-FR","@id":"https:\/\/dev6.erresse-shop.it\/fr\/shop\/cuisine\/cafetieres\/alessi-9090-cafetiere-espresso-6-tasses\/#primaryimage","url":"https:\/\/i1.wp.com\/interpim.erresse-shop.it\/Import\/Prodotti\/alessi-9090-caffettiera-espresso-6-tazze.jpg?ssl=1","contentUrl":"https:\/\/i1.wp.com\/interpim.erresse-shop.it\/Import\/Prodotti\/alessi-9090-caffettiera-espresso-6-tazze.jpg?ssl=1"},{"@type":"BreadcrumbList","@id":"https:\/\/dev6.erresse-shop.it\/fr\/shop\/cuisine\/cafetieres\/alessi-9090-cafetiere-espresso-6-tasses\/#breadcrumb","itemListElement":[{"@type":"ListItem","position":1,"name":"Home","item":"https:\/\/dev6.erresse-shop.it\/"},{"@type":"ListItem","position":2,"name":"Boutique","item":"https:\/\/dev6.erresse-shop.it\/shop\/"},{"@type":"ListItem","position":3,"name":"ALESSI 9090 Cafeti\u00e8re Espresso 6 tasses"}]},{"@type":"WebSite","@id":"https:\/\/dev6.erresse-shop.it\/#website","url":"https:\/\/dev6.erresse-shop.it\/","name":"Erresse Shop","description":"","publisher":{"@id":"https:\/\/dev6.erresse-shop.it\/#organization"},"potentialAction":[{"@type":"SearchAction","target":{"@type":"EntryPoint","urlTemplate":"https:\/\/dev6.erresse-shop.it\/?s={search_term_string}"},"query-input":{"@type":"PropertyValueSpecification","valueRequired":true,"valueName":"search_term_string"}}],"inLanguage":"fr-FR"},{"@type":"Organization","@id":"https:\/\/dev6.erresse-shop.it\/#organization","name":"Erresse Shop","url":"https:\/\/dev6.erresse-shop.it\/","logo":{"@type":"ImageObject","inLanguage":"fr-FR","@id":"https:\/\/dev6.erresse-shop.it\/#\/schema\/logo\/image\/","url":"https:\/\/dev6.erresse-shop.it\/wp-content\/uploads\/2025\/01\/LOGO-ERRESSE-CLASSICO.svg","contentUrl":"https:\/\/dev6.erresse-shop.it\/wp-content\/uploads\/2025\/01\/LOGO-ERRESSE-CLASSICO.svg","caption":"Erresse Shop"},"image":{"@id":"https:\/\/dev6.erresse-shop.it\/#\/schema\/logo\/image\/"}}]}},"df_price":175.5,"df_sale_price":175.5,"df_regular_price":195,"df_image_link":"https:\/\/i1.wp.com\/interpim.erresse-shop.it\/Import\/Prodotti\/alessi-9090-caffettiera-espresso-6-tazze.jpg?resize=300,300&ssl=1","fifu_image_url":"https:\/\/interpim.erresse-shop.it\/Import\/Prodotti\/alessi-9090-caffettiera-espresso-6-tazze.jpg","_links":{"self":[{"href":"https:\/\/dev6.erresse-shop.it\/fr\/wp-json\/wp\/v2\/product\/1610131","targetHints":{"allow":["GET"]}}],"collection":[{"href":"https:\/\/dev6.erresse-shop.it\/fr\/wp-json\/wp\/v2\/product"}],"about":[{"href":"https:\/\/dev6.erresse-shop.it\/fr\/wp-json\/wp\/v2\/types\/product"}],"wp:featuredmedia":[{"embeddable":true,"href":"https:\/\/dev6.erresse-shop.it\/fr\/wp-json\/wp\/v2\/media\/6377393"}],"wp:attachment":[{"href":"https:\/\/dev6.erresse-shop.it\/fr\/wp-json\/wp\/v2\/media?parent=1610131"}],"wp:term":[{"taxonomy":"product_cat","embeddable":true,"href":"https:\/\/dev6.erresse-shop.it\/fr\/wp-json\/wp\/v2\/product_cat?post=1610131"},{"taxonomy":"product_tag","embeddable":true,"href":"https:\/\/dev6.erresse-shop.it\/fr\/wp-json\/wp\/v2\/product_tag?post=1610131"}],"curies":[{"name":"wp","href":"https:\/\/api.w.org\/{rel}","templated":true}]}}