{"id":1610125,"date":"2026-04-12T13:34:09","date_gmt":"2026-04-12T11:34:09","guid":{"rendered":"https:\/\/dev6.erresse-shop.it\/shop\/non%20class\u00e9\/alessi-barkoffee-cafetiere-a-filtre-a-pression-8-tasses\/"},"modified":"2025-07-04T19:51:19","modified_gmt":"2025-07-04T17:51:19","slug":"alessi-barkoffee-cafetiere-a-filtre-a-pression-8-tasses","status":"publish","type":"product","link":"https:\/\/dev6.erresse-shop.it\/fr\/shop\/cuisine\/cafetieres\/alessi-barkoffee-cafetiere-a-filtre-a-pression-8-tasses\/","title":{"rendered":"ALESSI Barkoffee Cafeti\u00e8re \u00e0 filtre \u00e0 pression 8 tasses"},"content":{"rendered":"<p>Con\u00e7ue par Michael Boucquillon et Donia Maaoui, la collection Bark \u2013 de l\u2019anglais \u00e9corce \u2013 s\u2019inspire des arbres qui entourent la maison des deux designers : un lieu d\u2019exp\u00e9rimentation, de m\u00e9ditation et de travail o\u00f9 l\u2019on peut vivre en symbiose avec la nature. Pour ceux qui appr\u00e9cient le caf\u00e9 pr\u00e9par\u00e9 par infusion, la collection propose une cafeti\u00e8re \u00e0 filtre press\u00e9 qui permet d\u2019obtenir une boisson au go\u00fbt intense et particulier.<\/p>\n<p>Cafeti\u00e8re \u00e0 filtre ou infuseur en acier inoxydable 18\/10 et verre pyrophile, 8 tasses.<\/p>\n<p>Caract\u00e9ristiques<br \/>\n\u2013 Capacit\u00e9 : 8 tasses<br \/>\n\u2013 Hauteur : 17 cm<br \/>\n\u2013 Largeur : 15 cm<br \/>\n-Longueur : 10 cm<\/p>\n","protected":false},"excerpt":{"rendered":"<p>Con\u00e7ue par Michael Boucquillon et Donia Maaoui, la collection Bark \u2013 de l\u2019anglais \u00e9corce \u2013 s\u2019inspire des arbres qui entourent la maison des deux designers : un lieu d\u2019exp\u00e9rimentation, de m\u00e9ditation et de travail o\u00f9 l\u2019on peut vivre en symbiose avec la nature. Pour ceux qui appr\u00e9cient le caf\u00e9 pr\u00e9par\u00e9 par infusion, la collection propose [&hellip;]<\/p>\n","protected":false},"featured_media":6377369,"template":"","meta":{"_acf_changed":false},"product_cat":[12002,11992,11995],"product_tag":[],"class_list":{"0":"post-1610125","1":"product","2":"type-product","3":"status-publish","4":"has-post-thumbnail","6":"product_cat-cafetieres","7":"product_cat-cuisine","8":"product_cat-table-fr-2","10":"first","11":"instock","12":"sale","13":"taxable","14":"shipping-taxable","15":"purchasable","16":"product-type-simple","swatches":"rey-swatches","show_selected":"","stretch_labels":"rey-swatches--stretch-labels"},"acf":[],"yoast_head":"<!-- This site is optimized with the Yoast SEO plugin v25.4 - https:\/\/yoast.com\/wordpress\/plugins\/seo\/ -->\n<title>ALESSI Barkoffee Cafeti\u00e8re \u00e0 filtre \u00e0 pression 8 tasses - dev6 Erresse<\/title>\n<meta name=\"description\" content=\"Con\u00e7ue par Michael Boucquillon et Donia Maaoui, la collection Bark \u2013 de l\u2019anglais \u00e9corce \u2013 s\u2019inspire des arbres qui entourent la maison des deux designers\" \/>\n<meta name=\"robots\" content=\"noindex, follow, max-snippet:-1, max-image-preview:large, max-video-preview:-1\" \/>\n<meta property=\"og:locale\" content=\"fr_FR\" \/>\n<meta property=\"og:type\" content=\"article\" \/>\n<meta property=\"og:title\" content=\"ALESSI Barkoffee Cafeti\u00e8re \u00e0 filtre \u00e0 pression 8 tasses - dev6 Erresse\" \/>\n<meta property=\"og:description\" content=\"Con\u00e7ue par Michael Boucquillon et Donia Maaoui, la collection Bark \u2013 de l\u2019anglais \u00e9corce \u2013 s\u2019inspire des arbres qui entourent la maison des deux designers\" \/>\n<meta property=\"og:url\" content=\"https:\/\/dev6.erresse-shop.it\/fr\/shop\/cuisine\/cafetieres\/alessi-barkoffee-cafetiere-a-filtre-a-pression-8-tasses\/\" \/>\n<meta property=\"og:site_name\" content=\"dev6 Erresse\" \/>\n<meta property=\"og:image\" content=\"https:\/\/interpim.erresse-shop.it\/Import\/Prodotti\/alessi-barkoffee-caffettiera-a-presso-filtro-8-tazze.jpg\" \/><meta property=\"og:image\" content=\"https:\/\/interpim.erresse-shop.it\/Import\/Prodotti\/alessi-barkoffee-caffettiera-a-presso-filtro-8-tazze.jpg\" \/>\n\t<meta property=\"og:image:width\" content=\"1024\" \/>\n\t<meta property=\"og:image:height\" content=\"1024\" \/>\n\t<meta property=\"og:image:type\" content=\"image\/jpeg\" \/>\n<meta name=\"twitter:card\" content=\"summary_large_image\" \/>\n<meta name=\"twitter:image\" content=\"https:\/\/interpim.erresse-shop.it\/Import\/Prodotti\/alessi-barkoffee-caffettiera-a-presso-filtro-8-tazze.jpg\" \/>\n<script type=\"application\/ld+json\" class=\"yoast-schema-graph\">{\"@context\":\"https:\/\/schema.org\",\"@graph\":[{\"@type\":\"WebPage\",\"@id\":\"https:\/\/dev6.erresse-shop.it\/fr\/shop\/cuisine\/cafetieres\/alessi-barkoffee-cafetiere-a-filtre-a-pression-8-tasses\/\",\"url\":\"https:\/\/dev6.erresse-shop.it\/fr\/shop\/cuisine\/cafetieres\/alessi-barkoffee-cafetiere-a-filtre-a-pression-8-tasses\/\",\"name\":\"ALESSI Barkoffee Cafeti\u00e8re \u00e0 filtre \u00e0 pression 8 tasses - dev6 Erresse\",\"isPartOf\":{\"@id\":\"https:\/\/dev6.erresse-shop.it\/#website\"},\"primaryImageOfPage\":{\"@id\":\"https:\/\/dev6.erresse-shop.it\/fr\/shop\/cuisine\/cafetieres\/alessi-barkoffee-cafetiere-a-filtre-a-pression-8-tasses\/#primaryimage\"},\"image\":{\"@id\":\"https:\/\/dev6.erresse-shop.it\/fr\/shop\/cuisine\/cafetieres\/alessi-barkoffee-cafetiere-a-filtre-a-pression-8-tasses\/#primaryimage\"},\"thumbnailUrl\":\"https:\/\/i2.wp.com\/interpim.erresse-shop.it\/Import\/Prodotti\/alessi-barkoffee-caffettiera-a-presso-filtro-8-tazze.jpg?ssl=1\",\"datePublished\":\"2026-04-12T11:34:09+00:00\",\"description\":\"Con\u00e7ue par Michael Boucquillon et Donia Maaoui, la collection Bark \u2013 de l\u2019anglais \u00e9corce \u2013 s\u2019inspire des arbres qui entourent la maison des deux designers\",\"breadcrumb\":{\"@id\":\"https:\/\/dev6.erresse-shop.it\/fr\/shop\/cuisine\/cafetieres\/alessi-barkoffee-cafetiere-a-filtre-a-pression-8-tasses\/#breadcrumb\"},\"inLanguage\":\"fr-FR\",\"potentialAction\":[{\"@type\":\"ReadAction\",\"target\":[\"https:\/\/dev6.erresse-shop.it\/fr\/shop\/cuisine\/cafetieres\/alessi-barkoffee-cafetiere-a-filtre-a-pression-8-tasses\/\"]}]},{\"@type\":\"ImageObject\",\"inLanguage\":\"fr-FR\",\"@id\":\"https:\/\/dev6.erresse-shop.it\/fr\/shop\/cuisine\/cafetieres\/alessi-barkoffee-cafetiere-a-filtre-a-pression-8-tasses\/#primaryimage\",\"url\":\"https:\/\/i2.wp.com\/interpim.erresse-shop.it\/Import\/Prodotti\/alessi-barkoffee-caffettiera-a-presso-filtro-8-tazze.jpg?ssl=1\",\"contentUrl\":\"https:\/\/i2.wp.com\/interpim.erresse-shop.it\/Import\/Prodotti\/alessi-barkoffee-caffettiera-a-presso-filtro-8-tazze.jpg?ssl=1\"},{\"@type\":\"BreadcrumbList\",\"@id\":\"https:\/\/dev6.erresse-shop.it\/fr\/shop\/cuisine\/cafetieres\/alessi-barkoffee-cafetiere-a-filtre-a-pression-8-tasses\/#breadcrumb\",\"itemListElement\":[{\"@type\":\"ListItem\",\"position\":1,\"name\":\"Home\",\"item\":\"https:\/\/dev6.erresse-shop.it\/\"},{\"@type\":\"ListItem\",\"position\":2,\"name\":\"Boutique\",\"item\":\"https:\/\/dev6.erresse-shop.it\/shop\/\"},{\"@type\":\"ListItem\",\"position\":3,\"name\":\"ALESSI Barkoffee Cafeti\u00e8re \u00e0 filtre \u00e0 pression 8 tasses\"}]},{\"@type\":\"WebSite\",\"@id\":\"https:\/\/dev6.erresse-shop.it\/#website\",\"url\":\"https:\/\/dev6.erresse-shop.it\/\",\"name\":\"Erresse Shop\",\"description\":\"\",\"publisher\":{\"@id\":\"https:\/\/dev6.erresse-shop.it\/#organization\"},\"potentialAction\":[{\"@type\":\"SearchAction\",\"target\":{\"@type\":\"EntryPoint\",\"urlTemplate\":\"https:\/\/dev6.erresse-shop.it\/?s={search_term_string}\"},\"query-input\":{\"@type\":\"PropertyValueSpecification\",\"valueRequired\":true,\"valueName\":\"search_term_string\"}}],\"inLanguage\":\"fr-FR\"},{\"@type\":\"Organization\",\"@id\":\"https:\/\/dev6.erresse-shop.it\/#organization\",\"name\":\"Erresse Shop\",\"url\":\"https:\/\/dev6.erresse-shop.it\/\",\"logo\":{\"@type\":\"ImageObject\",\"inLanguage\":\"fr-FR\",\"@id\":\"https:\/\/dev6.erresse-shop.it\/#\/schema\/logo\/image\/\",\"url\":\"https:\/\/dev6.erresse-shop.it\/wp-content\/uploads\/2025\/01\/LOGO-ERRESSE-CLASSICO.svg\",\"contentUrl\":\"https:\/\/dev6.erresse-shop.it\/wp-content\/uploads\/2025\/01\/LOGO-ERRESSE-CLASSICO.svg\",\"caption\":\"Erresse Shop\"},\"image\":{\"@id\":\"https:\/\/dev6.erresse-shop.it\/#\/schema\/logo\/image\/\"}}]}<\/script>\n<!-- \/ Yoast SEO plugin. -->","yoast_head_json":{"title":"ALESSI Barkoffee Cafeti\u00e8re \u00e0 filtre \u00e0 pression 8 tasses - dev6 Erresse","description":"Con\u00e7ue par Michael Boucquillon et Donia Maaoui, la collection Bark \u2013 de l\u2019anglais \u00e9corce \u2013 s\u2019inspire des arbres qui entourent la maison des deux designers","robots":{"index":"noindex","follow":"follow","max-snippet":"max-snippet:-1","max-image-preview":"max-image-preview:large","max-video-preview":"max-video-preview:-1"},"og_locale":"fr_FR","og_type":"article","og_title":"ALESSI Barkoffee Cafeti\u00e8re \u00e0 filtre \u00e0 pression 8 tasses - dev6 Erresse","og_description":"Con\u00e7ue par Michael Boucquillon et Donia Maaoui, la collection Bark \u2013 de l\u2019anglais \u00e9corce \u2013 s\u2019inspire des arbres qui entourent la maison des deux designers","og_url":"https:\/\/dev6.erresse-shop.it\/fr\/shop\/cuisine\/cafetieres\/alessi-barkoffee-cafetiere-a-filtre-a-pression-8-tasses\/","og_site_name":"dev6 Erresse","og_image":[{"url":"https:\/\/interpim.erresse-shop.it\/Import\/Prodotti\/alessi-barkoffee-caffettiera-a-presso-filtro-8-tazze.jpg","type":"","width":"","height":""},{"url":"https:\/\/interpim.erresse-shop.it\/Import\/Prodotti\/alessi-barkoffee-caffettiera-a-presso-filtro-8-tazze.jpg","width":1024,"height":1024,"type":"image\/jpeg"}],"twitter_card":"summary_large_image","twitter_image":"https:\/\/interpim.erresse-shop.it\/Import\/Prodotti\/alessi-barkoffee-caffettiera-a-presso-filtro-8-tazze.jpg","schema":{"@context":"https:\/\/schema.org","@graph":[{"@type":"WebPage","@id":"https:\/\/dev6.erresse-shop.it\/fr\/shop\/cuisine\/cafetieres\/alessi-barkoffee-cafetiere-a-filtre-a-pression-8-tasses\/","url":"https:\/\/dev6.erresse-shop.it\/fr\/shop\/cuisine\/cafetieres\/alessi-barkoffee-cafetiere-a-filtre-a-pression-8-tasses\/","name":"ALESSI Barkoffee Cafeti\u00e8re \u00e0 filtre \u00e0 pression 8 tasses - dev6 Erresse","isPartOf":{"@id":"https:\/\/dev6.erresse-shop.it\/#website"},"primaryImageOfPage":{"@id":"https:\/\/dev6.erresse-shop.it\/fr\/shop\/cuisine\/cafetieres\/alessi-barkoffee-cafetiere-a-filtre-a-pression-8-tasses\/#primaryimage"},"image":{"@id":"https:\/\/dev6.erresse-shop.it\/fr\/shop\/cuisine\/cafetieres\/alessi-barkoffee-cafetiere-a-filtre-a-pression-8-tasses\/#primaryimage"},"thumbnailUrl":"https:\/\/i2.wp.com\/interpim.erresse-shop.it\/Import\/Prodotti\/alessi-barkoffee-caffettiera-a-presso-filtro-8-tazze.jpg?ssl=1","datePublished":"2026-04-12T11:34:09+00:00","description":"Con\u00e7ue par Michael Boucquillon et Donia Maaoui, la collection Bark \u2013 de l\u2019anglais \u00e9corce \u2013 s\u2019inspire des arbres qui entourent la maison des deux designers","breadcrumb":{"@id":"https:\/\/dev6.erresse-shop.it\/fr\/shop\/cuisine\/cafetieres\/alessi-barkoffee-cafetiere-a-filtre-a-pression-8-tasses\/#breadcrumb"},"inLanguage":"fr-FR","potentialAction":[{"@type":"ReadAction","target":["https:\/\/dev6.erresse-shop.it\/fr\/shop\/cuisine\/cafetieres\/alessi-barkoffee-cafetiere-a-filtre-a-pression-8-tasses\/"]}]},{"@type":"ImageObject","inLanguage":"fr-FR","@id":"https:\/\/dev6.erresse-shop.it\/fr\/shop\/cuisine\/cafetieres\/alessi-barkoffee-cafetiere-a-filtre-a-pression-8-tasses\/#primaryimage","url":"https:\/\/i2.wp.com\/interpim.erresse-shop.it\/Import\/Prodotti\/alessi-barkoffee-caffettiera-a-presso-filtro-8-tazze.jpg?ssl=1","contentUrl":"https:\/\/i2.wp.com\/interpim.erresse-shop.it\/Import\/Prodotti\/alessi-barkoffee-caffettiera-a-presso-filtro-8-tazze.jpg?ssl=1"},{"@type":"BreadcrumbList","@id":"https:\/\/dev6.erresse-shop.it\/fr\/shop\/cuisine\/cafetieres\/alessi-barkoffee-cafetiere-a-filtre-a-pression-8-tasses\/#breadcrumb","itemListElement":[{"@type":"ListItem","position":1,"name":"Home","item":"https:\/\/dev6.erresse-shop.it\/"},{"@type":"ListItem","position":2,"name":"Boutique","item":"https:\/\/dev6.erresse-shop.it\/shop\/"},{"@type":"ListItem","position":3,"name":"ALESSI Barkoffee Cafeti\u00e8re \u00e0 filtre \u00e0 pression 8 tasses"}]},{"@type":"WebSite","@id":"https:\/\/dev6.erresse-shop.it\/#website","url":"https:\/\/dev6.erresse-shop.it\/","name":"Erresse Shop","description":"","publisher":{"@id":"https:\/\/dev6.erresse-shop.it\/#organization"},"potentialAction":[{"@type":"SearchAction","target":{"@type":"EntryPoint","urlTemplate":"https:\/\/dev6.erresse-shop.it\/?s={search_term_string}"},"query-input":{"@type":"PropertyValueSpecification","valueRequired":true,"valueName":"search_term_string"}}],"inLanguage":"fr-FR"},{"@type":"Organization","@id":"https:\/\/dev6.erresse-shop.it\/#organization","name":"Erresse Shop","url":"https:\/\/dev6.erresse-shop.it\/","logo":{"@type":"ImageObject","inLanguage":"fr-FR","@id":"https:\/\/dev6.erresse-shop.it\/#\/schema\/logo\/image\/","url":"https:\/\/dev6.erresse-shop.it\/wp-content\/uploads\/2025\/01\/LOGO-ERRESSE-CLASSICO.svg","contentUrl":"https:\/\/dev6.erresse-shop.it\/wp-content\/uploads\/2025\/01\/LOGO-ERRESSE-CLASSICO.svg","caption":"Erresse Shop"},"image":{"@id":"https:\/\/dev6.erresse-shop.it\/#\/schema\/logo\/image\/"}}]}},"df_price":86.4,"df_sale_price":86.4,"df_regular_price":96,"df_image_link":"https:\/\/i2.wp.com\/interpim.erresse-shop.it\/Import\/Prodotti\/alessi-barkoffee-caffettiera-a-presso-filtro-8-tazze.jpg?resize=300,300&ssl=1","fifu_image_url":"https:\/\/interpim.erresse-shop.it\/Import\/Prodotti\/alessi-barkoffee-caffettiera-a-presso-filtro-8-tazze.jpg","_links":{"self":[{"href":"https:\/\/dev6.erresse-shop.it\/fr\/wp-json\/wp\/v2\/product\/1610125","targetHints":{"allow":["GET"]}}],"collection":[{"href":"https:\/\/dev6.erresse-shop.it\/fr\/wp-json\/wp\/v2\/product"}],"about":[{"href":"https:\/\/dev6.erresse-shop.it\/fr\/wp-json\/wp\/v2\/types\/product"}],"wp:featuredmedia":[{"embeddable":true,"href":"https:\/\/dev6.erresse-shop.it\/fr\/wp-json\/wp\/v2\/media\/6377369"}],"wp:attachment":[{"href":"https:\/\/dev6.erresse-shop.it\/fr\/wp-json\/wp\/v2\/media?parent=1610125"}],"wp:term":[{"taxonomy":"product_cat","embeddable":true,"href":"https:\/\/dev6.erresse-shop.it\/fr\/wp-json\/wp\/v2\/product_cat?post=1610125"},{"taxonomy":"product_tag","embeddable":true,"href":"https:\/\/dev6.erresse-shop.it\/fr\/wp-json\/wp\/v2\/product_tag?post=1610125"}],"curies":[{"name":"wp","href":"https:\/\/api.w.org\/{rel}","templated":true}]}}