{"id":1610123,"date":"2026-04-04T13:31:40","date_gmt":"2026-04-04T11:31:40","guid":{"rendered":"https:\/\/dev6.erresse-shop.it\/shop\/non%20class\u00e9\/alessi-alessandro-m-tire-bouchon-jaune-noir\/"},"modified":"2025-09-14T06:46:00","modified_gmt":"2025-09-14T04:46:00","slug":"alessi-alessandro-m-tire-bouchon-jaune-noir","status":"publish","type":"product","link":"https:\/\/dev6.erresse-shop.it\/fr\/shop\/table-fr-2\/vin\/tire-bouchons\/alessi-alessandro-m-tire-bouchon-jaune-noir\/","title":{"rendered":"ALESSI Alessandro M. Tire-Bouchon Jaune Noir"},"content":{"rendered":"<p>Autoportrait du design cr\u00e9\u00e9 par Alessandro Mendini, le tire-bouchon Alessandro M. revient dans la collection Colour Tales habill\u00e9 d\u2019une s\u00e9rie de tenues iris\u00e9es, hommage \u00e0 la recherche chromatique de son cr\u00e9ateur. D\u00e9di\u00e9 aux collectionneurs d\u2019Alessandro Mendini et de ses tire-bouchons transformistes, et \u00e0 ceux qui souhaitent d\u00e9boucher un bon vin avec un instrument o\u00f9 fonction et \u00e9motion se confondent.<\/p>\n<p>Tire-bouchon en r\u00e9sine thermoplastique et zamak chrom\u00e9.<\/p>\n<p>Caract\u00e9ristiques<br \/>\n\u2013 Diam\u00e8tre : 6 cm<br \/>\n\u2013 Hauteur : 21 cm<\/p>\n","protected":false},"excerpt":{"rendered":"<p>Autoportrait du design cr\u00e9\u00e9 par Alessandro Mendini, le tire-bouchon Alessandro M. revient dans la collection Colour Tales habill\u00e9 d\u2019une s\u00e9rie de tenues iris\u00e9es, hommage \u00e0 la recherche chromatique de son cr\u00e9ateur. D\u00e9di\u00e9 aux collectionneurs d\u2019Alessandro Mendini et de ses tire-bouchons transformistes, et \u00e0 ceux qui souhaitent d\u00e9boucher un bon vin avec un instrument o\u00f9 fonction [&hellip;]<\/p>\n","protected":false},"featured_media":6294094,"template":"","meta":{"_acf_changed":false},"product_cat":[11995,12080,12069],"product_tag":[],"class_list":{"0":"post-1610123","1":"product","2":"type-product","3":"status-publish","4":"has-post-thumbnail","6":"product_cat-table-fr-2","7":"product_cat-tire-bouchons","8":"product_cat-vin","10":"first","11":"instock","12":"sale","13":"taxable","14":"shipping-taxable","15":"purchasable","16":"product-type-simple","swatches":"rey-swatches","show_selected":"","stretch_labels":"rey-swatches--stretch-labels"},"acf":[],"yoast_head":"<!-- This site is optimized with the Yoast SEO plugin v25.4 - https:\/\/yoast.com\/wordpress\/plugins\/seo\/ -->\n<title>ALESSI Alessandro M. Tire-Bouchon Jaune Noir - dev6 Erresse<\/title>\n<meta name=\"description\" content=\"Autoportrait du design cr\u00e9\u00e9 par Alessandro Mendini, le tire-bouchon Alessandro M. revient dans la collection Colour Tales habill\u00e9 d\u2019une s\u00e9rie de tenues\" \/>\n<meta name=\"robots\" content=\"noindex, follow, max-snippet:-1, max-image-preview:large, max-video-preview:-1\" \/>\n<meta property=\"og:locale\" content=\"fr_FR\" \/>\n<meta property=\"og:type\" content=\"article\" \/>\n<meta property=\"og:title\" content=\"ALESSI Alessandro M. Tire-Bouchon Jaune Noir - dev6 Erresse\" \/>\n<meta property=\"og:description\" content=\"Autoportrait du design cr\u00e9\u00e9 par Alessandro Mendini, le tire-bouchon Alessandro M. revient dans la collection Colour Tales habill\u00e9 d\u2019une s\u00e9rie de tenues\" \/>\n<meta property=\"og:url\" content=\"https:\/\/dev6.erresse-shop.it\/fr\/shop\/table-fr-2\/vin\/tire-bouchons\/alessi-alessandro-m-tire-bouchon-jaune-noir\/\" \/>\n<meta property=\"og:site_name\" content=\"dev6 Erresse\" \/>\n<meta property=\"og:image\" content=\"https:\/\/interpim.erresse-shop.it\/Import\/Prodotti\/alessi-alessandro-m.-cavatappi-giallo-nero.jpg\" \/><meta property=\"og:image\" content=\"https:\/\/interpim.erresse-shop.it\/Import\/Prodotti\/alessi-alessandro-m.-cavatappi-giallo-nero.jpg\" \/>\n\t<meta property=\"og:image:width\" content=\"1024\" \/>\n\t<meta property=\"og:image:height\" content=\"1024\" \/>\n\t<meta property=\"og:image:type\" content=\"image\/jpeg\" \/>\n<meta name=\"twitter:card\" content=\"summary_large_image\" \/>\n<meta name=\"twitter:image\" content=\"https:\/\/interpim.erresse-shop.it\/Import\/Prodotti\/alessi-alessandro-m.-cavatappi-giallo-nero.jpg\" \/>\n<script type=\"application\/ld+json\" class=\"yoast-schema-graph\">{\"@context\":\"https:\/\/schema.org\",\"@graph\":[{\"@type\":\"WebPage\",\"@id\":\"https:\/\/dev6.erresse-shop.it\/fr\/shop\/table-fr-2\/vin\/tire-bouchons\/alessi-alessandro-m-tire-bouchon-jaune-noir\/\",\"url\":\"https:\/\/dev6.erresse-shop.it\/fr\/shop\/table-fr-2\/vin\/tire-bouchons\/alessi-alessandro-m-tire-bouchon-jaune-noir\/\",\"name\":\"ALESSI Alessandro M. Tire-Bouchon Jaune Noir - dev6 Erresse\",\"isPartOf\":{\"@id\":\"https:\/\/dev6.erresse-shop.it\/#website\"},\"primaryImageOfPage\":{\"@id\":\"https:\/\/dev6.erresse-shop.it\/fr\/shop\/table-fr-2\/vin\/tire-bouchons\/alessi-alessandro-m-tire-bouchon-jaune-noir\/#primaryimage\"},\"image\":{\"@id\":\"https:\/\/dev6.erresse-shop.it\/fr\/shop\/table-fr-2\/vin\/tire-bouchons\/alessi-alessandro-m-tire-bouchon-jaune-noir\/#primaryimage\"},\"thumbnailUrl\":\"https:\/\/i0.wp.com\/interpim.erresse-shop.it\/Import\/Prodotti\/alessi-alessandro-m.-cavatappi-giallo-nero.jpg?ssl=1\",\"datePublished\":\"2026-04-04T11:31:40+00:00\",\"description\":\"Autoportrait du design cr\u00e9\u00e9 par Alessandro Mendini, le tire-bouchon Alessandro M. revient dans la collection Colour Tales habill\u00e9 d\u2019une s\u00e9rie de tenues\",\"breadcrumb\":{\"@id\":\"https:\/\/dev6.erresse-shop.it\/fr\/shop\/table-fr-2\/vin\/tire-bouchons\/alessi-alessandro-m-tire-bouchon-jaune-noir\/#breadcrumb\"},\"inLanguage\":\"fr-FR\",\"potentialAction\":[{\"@type\":\"ReadAction\",\"target\":[\"https:\/\/dev6.erresse-shop.it\/fr\/shop\/table-fr-2\/vin\/tire-bouchons\/alessi-alessandro-m-tire-bouchon-jaune-noir\/\"]}]},{\"@type\":\"ImageObject\",\"inLanguage\":\"fr-FR\",\"@id\":\"https:\/\/dev6.erresse-shop.it\/fr\/shop\/table-fr-2\/vin\/tire-bouchons\/alessi-alessandro-m-tire-bouchon-jaune-noir\/#primaryimage\",\"url\":\"https:\/\/i0.wp.com\/interpim.erresse-shop.it\/Import\/Prodotti\/alessi-alessandro-m.-cavatappi-giallo-nero.jpg?ssl=1\",\"contentUrl\":\"https:\/\/i0.wp.com\/interpim.erresse-shop.it\/Import\/Prodotti\/alessi-alessandro-m.-cavatappi-giallo-nero.jpg?ssl=1\"},{\"@type\":\"BreadcrumbList\",\"@id\":\"https:\/\/dev6.erresse-shop.it\/fr\/shop\/table-fr-2\/vin\/tire-bouchons\/alessi-alessandro-m-tire-bouchon-jaune-noir\/#breadcrumb\",\"itemListElement\":[{\"@type\":\"ListItem\",\"position\":1,\"name\":\"Home\",\"item\":\"https:\/\/dev6.erresse-shop.it\/\"},{\"@type\":\"ListItem\",\"position\":2,\"name\":\"Boutique\",\"item\":\"https:\/\/dev6.erresse-shop.it\/shop\/\"},{\"@type\":\"ListItem\",\"position\":3,\"name\":\"ALESSI Alessandro M. Tire-Bouchon Jaune Noir\"}]},{\"@type\":\"WebSite\",\"@id\":\"https:\/\/dev6.erresse-shop.it\/#website\",\"url\":\"https:\/\/dev6.erresse-shop.it\/\",\"name\":\"Erresse Shop\",\"description\":\"\",\"publisher\":{\"@id\":\"https:\/\/dev6.erresse-shop.it\/#organization\"},\"potentialAction\":[{\"@type\":\"SearchAction\",\"target\":{\"@type\":\"EntryPoint\",\"urlTemplate\":\"https:\/\/dev6.erresse-shop.it\/?s={search_term_string}\"},\"query-input\":{\"@type\":\"PropertyValueSpecification\",\"valueRequired\":true,\"valueName\":\"search_term_string\"}}],\"inLanguage\":\"fr-FR\"},{\"@type\":\"Organization\",\"@id\":\"https:\/\/dev6.erresse-shop.it\/#organization\",\"name\":\"Erresse Shop\",\"url\":\"https:\/\/dev6.erresse-shop.it\/\",\"logo\":{\"@type\":\"ImageObject\",\"inLanguage\":\"fr-FR\",\"@id\":\"https:\/\/dev6.erresse-shop.it\/#\/schema\/logo\/image\/\",\"url\":\"https:\/\/dev6.erresse-shop.it\/wp-content\/uploads\/2025\/01\/LOGO-ERRESSE-CLASSICO.svg\",\"contentUrl\":\"https:\/\/dev6.erresse-shop.it\/wp-content\/uploads\/2025\/01\/LOGO-ERRESSE-CLASSICO.svg\",\"caption\":\"Erresse Shop\"},\"image\":{\"@id\":\"https:\/\/dev6.erresse-shop.it\/#\/schema\/logo\/image\/\"}}]}<\/script>\n<!-- \/ Yoast SEO plugin. -->","yoast_head_json":{"title":"ALESSI Alessandro M. Tire-Bouchon Jaune Noir - dev6 Erresse","description":"Autoportrait du design cr\u00e9\u00e9 par Alessandro Mendini, le tire-bouchon Alessandro M. revient dans la collection Colour Tales habill\u00e9 d\u2019une s\u00e9rie de tenues","robots":{"index":"noindex","follow":"follow","max-snippet":"max-snippet:-1","max-image-preview":"max-image-preview:large","max-video-preview":"max-video-preview:-1"},"og_locale":"fr_FR","og_type":"article","og_title":"ALESSI Alessandro M. Tire-Bouchon Jaune Noir - dev6 Erresse","og_description":"Autoportrait du design cr\u00e9\u00e9 par Alessandro Mendini, le tire-bouchon Alessandro M. revient dans la collection Colour Tales habill\u00e9 d\u2019une s\u00e9rie de tenues","og_url":"https:\/\/dev6.erresse-shop.it\/fr\/shop\/table-fr-2\/vin\/tire-bouchons\/alessi-alessandro-m-tire-bouchon-jaune-noir\/","og_site_name":"dev6 Erresse","og_image":[{"url":"https:\/\/interpim.erresse-shop.it\/Import\/Prodotti\/alessi-alessandro-m.-cavatappi-giallo-nero.jpg","type":"","width":"","height":""},{"url":"https:\/\/interpim.erresse-shop.it\/Import\/Prodotti\/alessi-alessandro-m.-cavatappi-giallo-nero.jpg","width":1024,"height":1024,"type":"image\/jpeg"}],"twitter_card":"summary_large_image","twitter_image":"https:\/\/interpim.erresse-shop.it\/Import\/Prodotti\/alessi-alessandro-m.-cavatappi-giallo-nero.jpg","schema":{"@context":"https:\/\/schema.org","@graph":[{"@type":"WebPage","@id":"https:\/\/dev6.erresse-shop.it\/fr\/shop\/table-fr-2\/vin\/tire-bouchons\/alessi-alessandro-m-tire-bouchon-jaune-noir\/","url":"https:\/\/dev6.erresse-shop.it\/fr\/shop\/table-fr-2\/vin\/tire-bouchons\/alessi-alessandro-m-tire-bouchon-jaune-noir\/","name":"ALESSI Alessandro M. Tire-Bouchon Jaune Noir - dev6 Erresse","isPartOf":{"@id":"https:\/\/dev6.erresse-shop.it\/#website"},"primaryImageOfPage":{"@id":"https:\/\/dev6.erresse-shop.it\/fr\/shop\/table-fr-2\/vin\/tire-bouchons\/alessi-alessandro-m-tire-bouchon-jaune-noir\/#primaryimage"},"image":{"@id":"https:\/\/dev6.erresse-shop.it\/fr\/shop\/table-fr-2\/vin\/tire-bouchons\/alessi-alessandro-m-tire-bouchon-jaune-noir\/#primaryimage"},"thumbnailUrl":"https:\/\/i0.wp.com\/interpim.erresse-shop.it\/Import\/Prodotti\/alessi-alessandro-m.-cavatappi-giallo-nero.jpg?ssl=1","datePublished":"2026-04-04T11:31:40+00:00","description":"Autoportrait du design cr\u00e9\u00e9 par Alessandro Mendini, le tire-bouchon Alessandro M. revient dans la collection Colour Tales habill\u00e9 d\u2019une s\u00e9rie de tenues","breadcrumb":{"@id":"https:\/\/dev6.erresse-shop.it\/fr\/shop\/table-fr-2\/vin\/tire-bouchons\/alessi-alessandro-m-tire-bouchon-jaune-noir\/#breadcrumb"},"inLanguage":"fr-FR","potentialAction":[{"@type":"ReadAction","target":["https:\/\/dev6.erresse-shop.it\/fr\/shop\/table-fr-2\/vin\/tire-bouchons\/alessi-alessandro-m-tire-bouchon-jaune-noir\/"]}]},{"@type":"ImageObject","inLanguage":"fr-FR","@id":"https:\/\/dev6.erresse-shop.it\/fr\/shop\/table-fr-2\/vin\/tire-bouchons\/alessi-alessandro-m-tire-bouchon-jaune-noir\/#primaryimage","url":"https:\/\/i0.wp.com\/interpim.erresse-shop.it\/Import\/Prodotti\/alessi-alessandro-m.-cavatappi-giallo-nero.jpg?ssl=1","contentUrl":"https:\/\/i0.wp.com\/interpim.erresse-shop.it\/Import\/Prodotti\/alessi-alessandro-m.-cavatappi-giallo-nero.jpg?ssl=1"},{"@type":"BreadcrumbList","@id":"https:\/\/dev6.erresse-shop.it\/fr\/shop\/table-fr-2\/vin\/tire-bouchons\/alessi-alessandro-m-tire-bouchon-jaune-noir\/#breadcrumb","itemListElement":[{"@type":"ListItem","position":1,"name":"Home","item":"https:\/\/dev6.erresse-shop.it\/"},{"@type":"ListItem","position":2,"name":"Boutique","item":"https:\/\/dev6.erresse-shop.it\/shop\/"},{"@type":"ListItem","position":3,"name":"ALESSI Alessandro M. Tire-Bouchon Jaune Noir"}]},{"@type":"WebSite","@id":"https:\/\/dev6.erresse-shop.it\/#website","url":"https:\/\/dev6.erresse-shop.it\/","name":"Erresse Shop","description":"","publisher":{"@id":"https:\/\/dev6.erresse-shop.it\/#organization"},"potentialAction":[{"@type":"SearchAction","target":{"@type":"EntryPoint","urlTemplate":"https:\/\/dev6.erresse-shop.it\/?s={search_term_string}"},"query-input":{"@type":"PropertyValueSpecification","valueRequired":true,"valueName":"search_term_string"}}],"inLanguage":"fr-FR"},{"@type":"Organization","@id":"https:\/\/dev6.erresse-shop.it\/#organization","name":"Erresse Shop","url":"https:\/\/dev6.erresse-shop.it\/","logo":{"@type":"ImageObject","inLanguage":"fr-FR","@id":"https:\/\/dev6.erresse-shop.it\/#\/schema\/logo\/image\/","url":"https:\/\/dev6.erresse-shop.it\/wp-content\/uploads\/2025\/01\/LOGO-ERRESSE-CLASSICO.svg","contentUrl":"https:\/\/dev6.erresse-shop.it\/wp-content\/uploads\/2025\/01\/LOGO-ERRESSE-CLASSICO.svg","caption":"Erresse Shop"},"image":{"@id":"https:\/\/dev6.erresse-shop.it\/#\/schema\/logo\/image\/"}}]}},"df_price":47.95,"df_sale_price":47.95,"df_regular_price":50,"df_image_link":"https:\/\/i0.wp.com\/interpim.erresse-shop.it\/Import\/Prodotti\/alessi-alessandro-m.-cavatappi-giallo-nero.jpg?resize=300,300&ssl=1","fifu_image_url":"https:\/\/interpim.erresse-shop.it\/Import\/Prodotti\/alessi-alessandro-m.-cavatappi-giallo-nero.jpg","_links":{"self":[{"href":"https:\/\/dev6.erresse-shop.it\/fr\/wp-json\/wp\/v2\/product\/1610123","targetHints":{"allow":["GET"]}}],"collection":[{"href":"https:\/\/dev6.erresse-shop.it\/fr\/wp-json\/wp\/v2\/product"}],"about":[{"href":"https:\/\/dev6.erresse-shop.it\/fr\/wp-json\/wp\/v2\/types\/product"}],"wp:featuredmedia":[{"embeddable":true,"href":"https:\/\/dev6.erresse-shop.it\/fr\/wp-json\/wp\/v2\/media\/6294094"}],"wp:attachment":[{"href":"https:\/\/dev6.erresse-shop.it\/fr\/wp-json\/wp\/v2\/media?parent=1610123"}],"wp:term":[{"taxonomy":"product_cat","embeddable":true,"href":"https:\/\/dev6.erresse-shop.it\/fr\/wp-json\/wp\/v2\/product_cat?post=1610123"},{"taxonomy":"product_tag","embeddable":true,"href":"https:\/\/dev6.erresse-shop.it\/fr\/wp-json\/wp\/v2\/product_tag?post=1610123"}],"curies":[{"name":"wp","href":"https:\/\/api.w.org\/{rel}","templated":true}]}}