{"id":1610111,"date":"2026-04-12T14:55:15","date_gmt":"2026-04-12T12:55:15","guid":{"rendered":"https:\/\/dev6.erresse-shop.it\/shop\/non%20class\u00e9\/alessi-juicy-salif-presse-agrumes\/"},"modified":"2025-07-04T20:48:30","modified_gmt":"2025-07-04T18:48:30","slug":"alessi-juicy-salif-presse-agrumes","status":"publish","type":"product","link":"https:\/\/dev6.erresse-shop.it\/fr\/shop\/cuisine\/accessoires-fr\/alessi-juicy-salif-presse-agrumes\/","title":{"rendered":"ALESSI Juicy Salif Presse-agrumes"},"content":{"rendered":"<p>Juicy Salif, l\u2019ic\u00f4ne ultime du design et le presse-agrumes au design r\u00e9volutionnaire mais \u00e9tonnamment fonctionnel. Ses caract\u00e9ristiques essentielles ont \u00e9t\u00e9 esquiss\u00e9es par Philippe Starck lors de vacances au bord de la mer en Italie, sur un set de table de pizzeria. Omnipr\u00e9sent dans les foyers du monde entier, expos\u00e9 dans les mus\u00e9es les plus prestigieux, Juicy Salif est plus qu\u2019un simple presse-agrumes : il est devenu une ic\u00f4ne du design industriel international.<\/p>\n<p>Presse-agrumes en fonte d\u2019aluminium<\/p>\n<p>Caract\u00e9ristiques<\/p>\n<p>Diam\u00e8tre : 14 cm<br \/>\nHauteur : 29 cm<\/p>\n","protected":false},"excerpt":{"rendered":"<p>Juicy Salif, l\u2019ic\u00f4ne ultime du design et le presse-agrumes au design r\u00e9volutionnaire mais \u00e9tonnamment fonctionnel. Ses caract\u00e9ristiques essentielles ont \u00e9t\u00e9 esquiss\u00e9es par Philippe Starck lors de vacances au bord de la mer en Italie, sur un set de table de pizzeria. Omnipr\u00e9sent dans les foyers du monde entier, expos\u00e9 dans les mus\u00e9es les plus prestigieux, [&hellip;]<\/p>\n","protected":false},"featured_media":6381582,"template":"","meta":{"_acf_changed":false},"product_cat":[12057,11733,11992],"product_tag":[],"class_list":{"0":"post-1610111","1":"product","2":"type-product","3":"status-publish","4":"has-post-thumbnail","6":"product_cat-accessoires-fr","7":"product_cat-accessori-cucina","8":"product_cat-cuisine","10":"first","11":"instock","12":"sale","13":"taxable","14":"shipping-taxable","15":"purchasable","16":"product-type-simple","swatches":"rey-swatches","show_selected":"","stretch_labels":"rey-swatches--stretch-labels"},"acf":[],"yoast_head":"<!-- This site is optimized with the Yoast SEO plugin v25.4 - https:\/\/yoast.com\/wordpress\/plugins\/seo\/ -->\n<title>ALESSI Juicy Salif Presse-agrumes - dev6 Erresse<\/title>\n<meta name=\"description\" content=\"Juicy Salif, l\u2019ic\u00f4ne ultime du design et le presse-agrumes au design r\u00e9volutionnaire mais \u00e9tonnamment fonctionnel. Ses caract\u00e9ristiques essentielles ont\" \/>\n<meta name=\"robots\" content=\"noindex, follow, max-snippet:-1, max-image-preview:large, max-video-preview:-1\" \/>\n<meta property=\"og:locale\" content=\"fr_FR\" \/>\n<meta property=\"og:type\" content=\"article\" \/>\n<meta property=\"og:title\" content=\"ALESSI Juicy Salif Presse-agrumes - dev6 Erresse\" \/>\n<meta property=\"og:description\" content=\"Juicy Salif, l\u2019ic\u00f4ne ultime du design et le presse-agrumes au design r\u00e9volutionnaire mais \u00e9tonnamment fonctionnel. Ses caract\u00e9ristiques essentielles ont\" \/>\n<meta property=\"og:url\" content=\"https:\/\/dev6.erresse-shop.it\/fr\/shop\/cuisine\/accessoires-fr\/alessi-juicy-salif-presse-agrumes\/\" \/>\n<meta property=\"og:site_name\" content=\"dev6 Erresse\" \/>\n<meta property=\"og:image\" content=\"https:\/\/interpim.erresse-shop.it\/Import\/Prodotti\/alessi-juicy-salif-spremiagrumi.jpg\" \/><meta property=\"og:image\" content=\"https:\/\/interpim.erresse-shop.it\/Import\/Prodotti\/alessi-juicy-salif-spremiagrumi.jpg\" \/>\n\t<meta property=\"og:image:width\" content=\"1024\" \/>\n\t<meta property=\"og:image:height\" content=\"1024\" \/>\n\t<meta property=\"og:image:type\" content=\"image\/jpeg\" \/>\n<meta name=\"twitter:card\" content=\"summary_large_image\" \/>\n<meta name=\"twitter:image\" content=\"https:\/\/interpim.erresse-shop.it\/Import\/Prodotti\/alessi-juicy-salif-spremiagrumi.jpg\" \/>\n<script type=\"application\/ld+json\" class=\"yoast-schema-graph\">{\"@context\":\"https:\/\/schema.org\",\"@graph\":[{\"@type\":\"WebPage\",\"@id\":\"https:\/\/dev6.erresse-shop.it\/fr\/shop\/cuisine\/accessoires-fr\/alessi-juicy-salif-presse-agrumes\/\",\"url\":\"https:\/\/dev6.erresse-shop.it\/fr\/shop\/cuisine\/accessoires-fr\/alessi-juicy-salif-presse-agrumes\/\",\"name\":\"ALESSI Juicy Salif Presse-agrumes - dev6 Erresse\",\"isPartOf\":{\"@id\":\"https:\/\/dev6.erresse-shop.it\/#website\"},\"primaryImageOfPage\":{\"@id\":\"https:\/\/dev6.erresse-shop.it\/fr\/shop\/cuisine\/accessoires-fr\/alessi-juicy-salif-presse-agrumes\/#primaryimage\"},\"image\":{\"@id\":\"https:\/\/dev6.erresse-shop.it\/fr\/shop\/cuisine\/accessoires-fr\/alessi-juicy-salif-presse-agrumes\/#primaryimage\"},\"thumbnailUrl\":\"https:\/\/i0.wp.com\/interpim.erresse-shop.it\/Import\/Prodotti\/alessi-juicy-salif-spremiagrumi.jpg?ssl=1\",\"datePublished\":\"2026-04-12T12:55:15+00:00\",\"description\":\"Juicy Salif, l\u2019ic\u00f4ne ultime du design et le presse-agrumes au design r\u00e9volutionnaire mais \u00e9tonnamment fonctionnel. Ses caract\u00e9ristiques essentielles ont\",\"breadcrumb\":{\"@id\":\"https:\/\/dev6.erresse-shop.it\/fr\/shop\/cuisine\/accessoires-fr\/alessi-juicy-salif-presse-agrumes\/#breadcrumb\"},\"inLanguage\":\"fr-FR\",\"potentialAction\":[{\"@type\":\"ReadAction\",\"target\":[\"https:\/\/dev6.erresse-shop.it\/fr\/shop\/cuisine\/accessoires-fr\/alessi-juicy-salif-presse-agrumes\/\"]}]},{\"@type\":\"ImageObject\",\"inLanguage\":\"fr-FR\",\"@id\":\"https:\/\/dev6.erresse-shop.it\/fr\/shop\/cuisine\/accessoires-fr\/alessi-juicy-salif-presse-agrumes\/#primaryimage\",\"url\":\"https:\/\/i0.wp.com\/interpim.erresse-shop.it\/Import\/Prodotti\/alessi-juicy-salif-spremiagrumi.jpg?ssl=1\",\"contentUrl\":\"https:\/\/i0.wp.com\/interpim.erresse-shop.it\/Import\/Prodotti\/alessi-juicy-salif-spremiagrumi.jpg?ssl=1\"},{\"@type\":\"BreadcrumbList\",\"@id\":\"https:\/\/dev6.erresse-shop.it\/fr\/shop\/cuisine\/accessoires-fr\/alessi-juicy-salif-presse-agrumes\/#breadcrumb\",\"itemListElement\":[{\"@type\":\"ListItem\",\"position\":1,\"name\":\"Home\",\"item\":\"https:\/\/dev6.erresse-shop.it\/\"},{\"@type\":\"ListItem\",\"position\":2,\"name\":\"Boutique\",\"item\":\"https:\/\/dev6.erresse-shop.it\/shop\/\"},{\"@type\":\"ListItem\",\"position\":3,\"name\":\"ALESSI Juicy Salif Presse-agrumes\"}]},{\"@type\":\"WebSite\",\"@id\":\"https:\/\/dev6.erresse-shop.it\/#website\",\"url\":\"https:\/\/dev6.erresse-shop.it\/\",\"name\":\"Erresse Shop\",\"description\":\"\",\"publisher\":{\"@id\":\"https:\/\/dev6.erresse-shop.it\/#organization\"},\"potentialAction\":[{\"@type\":\"SearchAction\",\"target\":{\"@type\":\"EntryPoint\",\"urlTemplate\":\"https:\/\/dev6.erresse-shop.it\/?s={search_term_string}\"},\"query-input\":{\"@type\":\"PropertyValueSpecification\",\"valueRequired\":true,\"valueName\":\"search_term_string\"}}],\"inLanguage\":\"fr-FR\"},{\"@type\":\"Organization\",\"@id\":\"https:\/\/dev6.erresse-shop.it\/#organization\",\"name\":\"Erresse Shop\",\"url\":\"https:\/\/dev6.erresse-shop.it\/\",\"logo\":{\"@type\":\"ImageObject\",\"inLanguage\":\"fr-FR\",\"@id\":\"https:\/\/dev6.erresse-shop.it\/#\/schema\/logo\/image\/\",\"url\":\"https:\/\/dev6.erresse-shop.it\/wp-content\/uploads\/2025\/01\/LOGO-ERRESSE-CLASSICO.svg\",\"contentUrl\":\"https:\/\/dev6.erresse-shop.it\/wp-content\/uploads\/2025\/01\/LOGO-ERRESSE-CLASSICO.svg\",\"caption\":\"Erresse Shop\"},\"image\":{\"@id\":\"https:\/\/dev6.erresse-shop.it\/#\/schema\/logo\/image\/\"}}]}<\/script>\n<!-- \/ Yoast SEO plugin. -->","yoast_head_json":{"title":"ALESSI Juicy Salif Presse-agrumes - dev6 Erresse","description":"Juicy Salif, l\u2019ic\u00f4ne ultime du design et le presse-agrumes au design r\u00e9volutionnaire mais \u00e9tonnamment fonctionnel. Ses caract\u00e9ristiques essentielles ont","robots":{"index":"noindex","follow":"follow","max-snippet":"max-snippet:-1","max-image-preview":"max-image-preview:large","max-video-preview":"max-video-preview:-1"},"og_locale":"fr_FR","og_type":"article","og_title":"ALESSI Juicy Salif Presse-agrumes - dev6 Erresse","og_description":"Juicy Salif, l\u2019ic\u00f4ne ultime du design et le presse-agrumes au design r\u00e9volutionnaire mais \u00e9tonnamment fonctionnel. Ses caract\u00e9ristiques essentielles ont","og_url":"https:\/\/dev6.erresse-shop.it\/fr\/shop\/cuisine\/accessoires-fr\/alessi-juicy-salif-presse-agrumes\/","og_site_name":"dev6 Erresse","og_image":[{"url":"https:\/\/interpim.erresse-shop.it\/Import\/Prodotti\/alessi-juicy-salif-spremiagrumi.jpg","type":"","width":"","height":""},{"url":"https:\/\/interpim.erresse-shop.it\/Import\/Prodotti\/alessi-juicy-salif-spremiagrumi.jpg","width":1024,"height":1024,"type":"image\/jpeg"}],"twitter_card":"summary_large_image","twitter_image":"https:\/\/interpim.erresse-shop.it\/Import\/Prodotti\/alessi-juicy-salif-spremiagrumi.jpg","schema":{"@context":"https:\/\/schema.org","@graph":[{"@type":"WebPage","@id":"https:\/\/dev6.erresse-shop.it\/fr\/shop\/cuisine\/accessoires-fr\/alessi-juicy-salif-presse-agrumes\/","url":"https:\/\/dev6.erresse-shop.it\/fr\/shop\/cuisine\/accessoires-fr\/alessi-juicy-salif-presse-agrumes\/","name":"ALESSI Juicy Salif Presse-agrumes - dev6 Erresse","isPartOf":{"@id":"https:\/\/dev6.erresse-shop.it\/#website"},"primaryImageOfPage":{"@id":"https:\/\/dev6.erresse-shop.it\/fr\/shop\/cuisine\/accessoires-fr\/alessi-juicy-salif-presse-agrumes\/#primaryimage"},"image":{"@id":"https:\/\/dev6.erresse-shop.it\/fr\/shop\/cuisine\/accessoires-fr\/alessi-juicy-salif-presse-agrumes\/#primaryimage"},"thumbnailUrl":"https:\/\/i0.wp.com\/interpim.erresse-shop.it\/Import\/Prodotti\/alessi-juicy-salif-spremiagrumi.jpg?ssl=1","datePublished":"2026-04-12T12:55:15+00:00","description":"Juicy Salif, l\u2019ic\u00f4ne ultime du design et le presse-agrumes au design r\u00e9volutionnaire mais \u00e9tonnamment fonctionnel. Ses caract\u00e9ristiques essentielles ont","breadcrumb":{"@id":"https:\/\/dev6.erresse-shop.it\/fr\/shop\/cuisine\/accessoires-fr\/alessi-juicy-salif-presse-agrumes\/#breadcrumb"},"inLanguage":"fr-FR","potentialAction":[{"@type":"ReadAction","target":["https:\/\/dev6.erresse-shop.it\/fr\/shop\/cuisine\/accessoires-fr\/alessi-juicy-salif-presse-agrumes\/"]}]},{"@type":"ImageObject","inLanguage":"fr-FR","@id":"https:\/\/dev6.erresse-shop.it\/fr\/shop\/cuisine\/accessoires-fr\/alessi-juicy-salif-presse-agrumes\/#primaryimage","url":"https:\/\/i0.wp.com\/interpim.erresse-shop.it\/Import\/Prodotti\/alessi-juicy-salif-spremiagrumi.jpg?ssl=1","contentUrl":"https:\/\/i0.wp.com\/interpim.erresse-shop.it\/Import\/Prodotti\/alessi-juicy-salif-spremiagrumi.jpg?ssl=1"},{"@type":"BreadcrumbList","@id":"https:\/\/dev6.erresse-shop.it\/fr\/shop\/cuisine\/accessoires-fr\/alessi-juicy-salif-presse-agrumes\/#breadcrumb","itemListElement":[{"@type":"ListItem","position":1,"name":"Home","item":"https:\/\/dev6.erresse-shop.it\/"},{"@type":"ListItem","position":2,"name":"Boutique","item":"https:\/\/dev6.erresse-shop.it\/shop\/"},{"@type":"ListItem","position":3,"name":"ALESSI Juicy Salif Presse-agrumes"}]},{"@type":"WebSite","@id":"https:\/\/dev6.erresse-shop.it\/#website","url":"https:\/\/dev6.erresse-shop.it\/","name":"Erresse Shop","description":"","publisher":{"@id":"https:\/\/dev6.erresse-shop.it\/#organization"},"potentialAction":[{"@type":"SearchAction","target":{"@type":"EntryPoint","urlTemplate":"https:\/\/dev6.erresse-shop.it\/?s={search_term_string}"},"query-input":{"@type":"PropertyValueSpecification","valueRequired":true,"valueName":"search_term_string"}}],"inLanguage":"fr-FR"},{"@type":"Organization","@id":"https:\/\/dev6.erresse-shop.it\/#organization","name":"Erresse Shop","url":"https:\/\/dev6.erresse-shop.it\/","logo":{"@type":"ImageObject","inLanguage":"fr-FR","@id":"https:\/\/dev6.erresse-shop.it\/#\/schema\/logo\/image\/","url":"https:\/\/dev6.erresse-shop.it\/wp-content\/uploads\/2025\/01\/LOGO-ERRESSE-CLASSICO.svg","contentUrl":"https:\/\/dev6.erresse-shop.it\/wp-content\/uploads\/2025\/01\/LOGO-ERRESSE-CLASSICO.svg","caption":"Erresse Shop"},"image":{"@id":"https:\/\/dev6.erresse-shop.it\/#\/schema\/logo\/image\/"}}]}},"df_price":76.5,"df_sale_price":76.5,"df_regular_price":85,"df_image_link":"https:\/\/i0.wp.com\/interpim.erresse-shop.it\/Import\/Prodotti\/alessi-juicy-salif-spremiagrumi.jpg?resize=300,300&ssl=1","fifu_image_url":"https:\/\/interpim.erresse-shop.it\/Import\/Prodotti\/alessi-juicy-salif-spremiagrumi.jpg","_links":{"self":[{"href":"https:\/\/dev6.erresse-shop.it\/fr\/wp-json\/wp\/v2\/product\/1610111","targetHints":{"allow":["GET"]}}],"collection":[{"href":"https:\/\/dev6.erresse-shop.it\/fr\/wp-json\/wp\/v2\/product"}],"about":[{"href":"https:\/\/dev6.erresse-shop.it\/fr\/wp-json\/wp\/v2\/types\/product"}],"wp:featuredmedia":[{"embeddable":true,"href":"https:\/\/dev6.erresse-shop.it\/fr\/wp-json\/wp\/v2\/media\/6381582"}],"wp:attachment":[{"href":"https:\/\/dev6.erresse-shop.it\/fr\/wp-json\/wp\/v2\/media?parent=1610111"}],"wp:term":[{"taxonomy":"product_cat","embeddable":true,"href":"https:\/\/dev6.erresse-shop.it\/fr\/wp-json\/wp\/v2\/product_cat?post=1610111"},{"taxonomy":"product_tag","embeddable":true,"href":"https:\/\/dev6.erresse-shop.it\/fr\/wp-json\/wp\/v2\/product_tag?post=1610111"}],"curies":[{"name":"wp","href":"https:\/\/api.w.org\/{rel}","templated":true}]}}