{"id":1610091,"date":"2026-04-04T13:29:05","date_gmt":"2026-04-04T11:29:05","guid":{"rendered":"https:\/\/dev6.erresse-shop.it\/shop\/non%20class\u00e9\/alessi-la-cintura-di-orione-casserole-20-cm-a-deux-poignees\/"},"modified":"2026-01-21T20:17:34","modified_gmt":"2026-01-21T19:17:34","slug":"alessi-la-cintura-di-orione-casserole-20-cm-a-deux-poignees","status":"publish","type":"product","link":"https:\/\/dev6.erresse-shop.it\/fr\/shop\/poeles-pots\/casseroles\/alessi-la-cintura-di-orione-casserole-20-cm-a-deux-poignees\/","title":{"rendered":"ALESSI La Cintura di Orione Casserole 20 cm \u00e0 deux poign\u00e9es"},"content":{"rendered":"<p>Caract\u00e9ris\u00e9e par sa forme essentielle, la cocotte de la s\u00e9rie La Cintura di Orione se distingue par la qualit\u00e9 de ses mat\u00e9riaux, ses hautes performances de cuisson et sa durabilit\u00e9. R\u00e9alis\u00e9e en tri-lamin\u00e9, la cocotte est adapt\u00e9e \u00e0 toutes les plaques de cuisson, y compris \u00e0 induction, et garantit une distribution correcte de la chaleur sur toute la surface de la casserole. Convient pour braiser, mijoter, r\u00f4tir et pr\u00e9parer de savoureux risottos.<\/p>\n<p>Cocotte en trilamine. Fond en acier magn\u00e9tique \u00e9galement adapt\u00e9 \u00e0 la cuisson par induction.<\/p>\n<p>Caract\u00e9ristiques :<\/p>\n<p>Capacit\u00e9 (cl) : 310.00<br \/>\nHauteur (cm) : 10.00<br \/>\nLongueur (cm) : 26.00<br \/>\nLargeur (cm) : 20.00<\/p>\n","protected":false},"excerpt":{"rendered":"<p>Caract\u00e9ris\u00e9e par sa forme essentielle, la cocotte de la s\u00e9rie La Cintura di Orione se distingue par la qualit\u00e9 de ses mat\u00e9riaux, ses hautes performances de cuisson et sa durabilit\u00e9. R\u00e9alis\u00e9e en tri-lamin\u00e9, la cocotte est adapt\u00e9e \u00e0 toutes les plaques de cuisson, y compris \u00e0 induction, et garantit une distribution correcte de la chaleur [&hellip;]<\/p>\n","protected":false},"featured_media":6293995,"template":"","meta":{"_acf_changed":false},"product_cat":[12001,11992,11991],"product_tag":[],"class_list":{"0":"post-1610091","1":"product","2":"type-product","3":"status-publish","4":"has-post-thumbnail","6":"product_cat-casseroles","7":"product_cat-cuisine","8":"product_cat-poeles-pots","10":"first","11":"instock","12":"sale","13":"taxable","14":"shipping-taxable","15":"purchasable","16":"product-type-simple","swatches":"rey-swatches","show_selected":"","stretch_labels":"rey-swatches--stretch-labels"},"acf":[],"yoast_head":"<!-- This site is optimized with the Yoast SEO plugin v25.4 - https:\/\/yoast.com\/wordpress\/plugins\/seo\/ -->\n<title>ALESSI La Cintura di Orione Casserole 20 cm \u00e0 deux poign\u00e9es - dev6 Erresse<\/title>\n<meta name=\"description\" content=\"Caract\u00e9ris\u00e9e par sa forme essentielle, la cocotte de la s\u00e9rie La Cintura di Orione se distingue par la qualit\u00e9 de ses mat\u00e9riaux, ses hautes performances\" \/>\n<meta name=\"robots\" content=\"noindex, follow, max-snippet:-1, max-image-preview:large, max-video-preview:-1\" \/>\n<meta property=\"og:locale\" content=\"fr_FR\" \/>\n<meta property=\"og:type\" content=\"article\" \/>\n<meta property=\"og:title\" content=\"ALESSI La Cintura di Orione Casserole 20 cm \u00e0 deux poign\u00e9es - dev6 Erresse\" \/>\n<meta property=\"og:description\" content=\"Caract\u00e9ris\u00e9e par sa forme essentielle, la cocotte de la s\u00e9rie La Cintura di Orione se distingue par la qualit\u00e9 de ses mat\u00e9riaux, ses hautes performances\" \/>\n<meta property=\"og:url\" content=\"https:\/\/dev6.erresse-shop.it\/fr\/shop\/poeles-pots\/casseroles\/alessi-la-cintura-di-orione-casserole-20-cm-a-deux-poignees\/\" \/>\n<meta property=\"og:site_name\" content=\"dev6 Erresse\" \/>\n<meta property=\"og:image\" content=\"https:\/\/interpim.erresse-shop.it\/Import\/Prodotti\/alessi-la-cintura-di-orione-casseruola-20-cm-due-manici.jpg\" \/><meta property=\"og:image\" content=\"https:\/\/interpim.erresse-shop.it\/Import\/Prodotti\/alessi-la-cintura-di-orione-casseruola-20-cm-due-manici.jpg\" \/>\n\t<meta property=\"og:image:width\" content=\"1024\" \/>\n\t<meta property=\"og:image:height\" content=\"1024\" \/>\n\t<meta property=\"og:image:type\" content=\"image\/jpeg\" \/>\n<meta name=\"twitter:card\" content=\"summary_large_image\" \/>\n<meta name=\"twitter:image\" content=\"https:\/\/interpim.erresse-shop.it\/Import\/Prodotti\/alessi-la-cintura-di-orione-casseruola-20-cm-due-manici.jpg\" \/>\n<script type=\"application\/ld+json\" class=\"yoast-schema-graph\">{\"@context\":\"https:\/\/schema.org\",\"@graph\":[{\"@type\":\"WebPage\",\"@id\":\"https:\/\/dev6.erresse-shop.it\/fr\/shop\/poeles-pots\/casseroles\/alessi-la-cintura-di-orione-casserole-20-cm-a-deux-poignees\/\",\"url\":\"https:\/\/dev6.erresse-shop.it\/fr\/shop\/poeles-pots\/casseroles\/alessi-la-cintura-di-orione-casserole-20-cm-a-deux-poignees\/\",\"name\":\"ALESSI La Cintura di Orione Casserole 20 cm \u00e0 deux poign\u00e9es - dev6 Erresse\",\"isPartOf\":{\"@id\":\"https:\/\/dev6.erresse-shop.it\/#website\"},\"primaryImageOfPage\":{\"@id\":\"https:\/\/dev6.erresse-shop.it\/fr\/shop\/poeles-pots\/casseroles\/alessi-la-cintura-di-orione-casserole-20-cm-a-deux-poignees\/#primaryimage\"},\"image\":{\"@id\":\"https:\/\/dev6.erresse-shop.it\/fr\/shop\/poeles-pots\/casseroles\/alessi-la-cintura-di-orione-casserole-20-cm-a-deux-poignees\/#primaryimage\"},\"thumbnailUrl\":\"https:\/\/i3.wp.com\/interpim.erresse-shop.it\/Import\/Prodotti\/alessi-la-cintura-di-orione-casseruola-20-cm-due-manici.jpg?ssl=1\",\"datePublished\":\"2026-04-04T11:29:05+00:00\",\"description\":\"Caract\u00e9ris\u00e9e par sa forme essentielle, la cocotte de la s\u00e9rie La Cintura di Orione se distingue par la qualit\u00e9 de ses mat\u00e9riaux, ses hautes performances\",\"breadcrumb\":{\"@id\":\"https:\/\/dev6.erresse-shop.it\/fr\/shop\/poeles-pots\/casseroles\/alessi-la-cintura-di-orione-casserole-20-cm-a-deux-poignees\/#breadcrumb\"},\"inLanguage\":\"fr-FR\",\"potentialAction\":[{\"@type\":\"ReadAction\",\"target\":[\"https:\/\/dev6.erresse-shop.it\/fr\/shop\/poeles-pots\/casseroles\/alessi-la-cintura-di-orione-casserole-20-cm-a-deux-poignees\/\"]}]},{\"@type\":\"ImageObject\",\"inLanguage\":\"fr-FR\",\"@id\":\"https:\/\/dev6.erresse-shop.it\/fr\/shop\/poeles-pots\/casseroles\/alessi-la-cintura-di-orione-casserole-20-cm-a-deux-poignees\/#primaryimage\",\"url\":\"https:\/\/i3.wp.com\/interpim.erresse-shop.it\/Import\/Prodotti\/alessi-la-cintura-di-orione-casseruola-20-cm-due-manici.jpg?ssl=1\",\"contentUrl\":\"https:\/\/i3.wp.com\/interpim.erresse-shop.it\/Import\/Prodotti\/alessi-la-cintura-di-orione-casseruola-20-cm-due-manici.jpg?ssl=1\"},{\"@type\":\"BreadcrumbList\",\"@id\":\"https:\/\/dev6.erresse-shop.it\/fr\/shop\/poeles-pots\/casseroles\/alessi-la-cintura-di-orione-casserole-20-cm-a-deux-poignees\/#breadcrumb\",\"itemListElement\":[{\"@type\":\"ListItem\",\"position\":1,\"name\":\"Home\",\"item\":\"https:\/\/dev6.erresse-shop.it\/\"},{\"@type\":\"ListItem\",\"position\":2,\"name\":\"Boutique\",\"item\":\"https:\/\/dev6.erresse-shop.it\/shop\/\"},{\"@type\":\"ListItem\",\"position\":3,\"name\":\"ALESSI La Cintura di Orione Casserole 20 cm \u00e0 deux poign\u00e9es\"}]},{\"@type\":\"WebSite\",\"@id\":\"https:\/\/dev6.erresse-shop.it\/#website\",\"url\":\"https:\/\/dev6.erresse-shop.it\/\",\"name\":\"Erresse Shop\",\"description\":\"\",\"publisher\":{\"@id\":\"https:\/\/dev6.erresse-shop.it\/#organization\"},\"potentialAction\":[{\"@type\":\"SearchAction\",\"target\":{\"@type\":\"EntryPoint\",\"urlTemplate\":\"https:\/\/dev6.erresse-shop.it\/?s={search_term_string}\"},\"query-input\":{\"@type\":\"PropertyValueSpecification\",\"valueRequired\":true,\"valueName\":\"search_term_string\"}}],\"inLanguage\":\"fr-FR\"},{\"@type\":\"Organization\",\"@id\":\"https:\/\/dev6.erresse-shop.it\/#organization\",\"name\":\"Erresse Shop\",\"url\":\"https:\/\/dev6.erresse-shop.it\/\",\"logo\":{\"@type\":\"ImageObject\",\"inLanguage\":\"fr-FR\",\"@id\":\"https:\/\/dev6.erresse-shop.it\/#\/schema\/logo\/image\/\",\"url\":\"https:\/\/dev6.erresse-shop.it\/wp-content\/uploads\/2025\/01\/LOGO-ERRESSE-CLASSICO.svg\",\"contentUrl\":\"https:\/\/dev6.erresse-shop.it\/wp-content\/uploads\/2025\/01\/LOGO-ERRESSE-CLASSICO.svg\",\"caption\":\"Erresse Shop\"},\"image\":{\"@id\":\"https:\/\/dev6.erresse-shop.it\/#\/schema\/logo\/image\/\"}}]}<\/script>\n<!-- \/ Yoast SEO plugin. -->","yoast_head_json":{"title":"ALESSI La Cintura di Orione Casserole 20 cm \u00e0 deux poign\u00e9es - dev6 Erresse","description":"Caract\u00e9ris\u00e9e par sa forme essentielle, la cocotte de la s\u00e9rie La Cintura di Orione se distingue par la qualit\u00e9 de ses mat\u00e9riaux, ses hautes performances","robots":{"index":"noindex","follow":"follow","max-snippet":"max-snippet:-1","max-image-preview":"max-image-preview:large","max-video-preview":"max-video-preview:-1"},"og_locale":"fr_FR","og_type":"article","og_title":"ALESSI La Cintura di Orione Casserole 20 cm \u00e0 deux poign\u00e9es - dev6 Erresse","og_description":"Caract\u00e9ris\u00e9e par sa forme essentielle, la cocotte de la s\u00e9rie La Cintura di Orione se distingue par la qualit\u00e9 de ses mat\u00e9riaux, ses hautes performances","og_url":"https:\/\/dev6.erresse-shop.it\/fr\/shop\/poeles-pots\/casseroles\/alessi-la-cintura-di-orione-casserole-20-cm-a-deux-poignees\/","og_site_name":"dev6 Erresse","og_image":[{"url":"https:\/\/interpim.erresse-shop.it\/Import\/Prodotti\/alessi-la-cintura-di-orione-casseruola-20-cm-due-manici.jpg","type":"","width":"","height":""},{"url":"https:\/\/interpim.erresse-shop.it\/Import\/Prodotti\/alessi-la-cintura-di-orione-casseruola-20-cm-due-manici.jpg","width":1024,"height":1024,"type":"image\/jpeg"}],"twitter_card":"summary_large_image","twitter_image":"https:\/\/interpim.erresse-shop.it\/Import\/Prodotti\/alessi-la-cintura-di-orione-casseruola-20-cm-due-manici.jpg","schema":{"@context":"https:\/\/schema.org","@graph":[{"@type":"WebPage","@id":"https:\/\/dev6.erresse-shop.it\/fr\/shop\/poeles-pots\/casseroles\/alessi-la-cintura-di-orione-casserole-20-cm-a-deux-poignees\/","url":"https:\/\/dev6.erresse-shop.it\/fr\/shop\/poeles-pots\/casseroles\/alessi-la-cintura-di-orione-casserole-20-cm-a-deux-poignees\/","name":"ALESSI La Cintura di Orione Casserole 20 cm \u00e0 deux poign\u00e9es - dev6 Erresse","isPartOf":{"@id":"https:\/\/dev6.erresse-shop.it\/#website"},"primaryImageOfPage":{"@id":"https:\/\/dev6.erresse-shop.it\/fr\/shop\/poeles-pots\/casseroles\/alessi-la-cintura-di-orione-casserole-20-cm-a-deux-poignees\/#primaryimage"},"image":{"@id":"https:\/\/dev6.erresse-shop.it\/fr\/shop\/poeles-pots\/casseroles\/alessi-la-cintura-di-orione-casserole-20-cm-a-deux-poignees\/#primaryimage"},"thumbnailUrl":"https:\/\/i3.wp.com\/interpim.erresse-shop.it\/Import\/Prodotti\/alessi-la-cintura-di-orione-casseruola-20-cm-due-manici.jpg?ssl=1","datePublished":"2026-04-04T11:29:05+00:00","description":"Caract\u00e9ris\u00e9e par sa forme essentielle, la cocotte de la s\u00e9rie La Cintura di Orione se distingue par la qualit\u00e9 de ses mat\u00e9riaux, ses hautes performances","breadcrumb":{"@id":"https:\/\/dev6.erresse-shop.it\/fr\/shop\/poeles-pots\/casseroles\/alessi-la-cintura-di-orione-casserole-20-cm-a-deux-poignees\/#breadcrumb"},"inLanguage":"fr-FR","potentialAction":[{"@type":"ReadAction","target":["https:\/\/dev6.erresse-shop.it\/fr\/shop\/poeles-pots\/casseroles\/alessi-la-cintura-di-orione-casserole-20-cm-a-deux-poignees\/"]}]},{"@type":"ImageObject","inLanguage":"fr-FR","@id":"https:\/\/dev6.erresse-shop.it\/fr\/shop\/poeles-pots\/casseroles\/alessi-la-cintura-di-orione-casserole-20-cm-a-deux-poignees\/#primaryimage","url":"https:\/\/i3.wp.com\/interpim.erresse-shop.it\/Import\/Prodotti\/alessi-la-cintura-di-orione-casseruola-20-cm-due-manici.jpg?ssl=1","contentUrl":"https:\/\/i3.wp.com\/interpim.erresse-shop.it\/Import\/Prodotti\/alessi-la-cintura-di-orione-casseruola-20-cm-due-manici.jpg?ssl=1"},{"@type":"BreadcrumbList","@id":"https:\/\/dev6.erresse-shop.it\/fr\/shop\/poeles-pots\/casseroles\/alessi-la-cintura-di-orione-casserole-20-cm-a-deux-poignees\/#breadcrumb","itemListElement":[{"@type":"ListItem","position":1,"name":"Home","item":"https:\/\/dev6.erresse-shop.it\/"},{"@type":"ListItem","position":2,"name":"Boutique","item":"https:\/\/dev6.erresse-shop.it\/shop\/"},{"@type":"ListItem","position":3,"name":"ALESSI La Cintura di Orione Casserole 20 cm \u00e0 deux poign\u00e9es"}]},{"@type":"WebSite","@id":"https:\/\/dev6.erresse-shop.it\/#website","url":"https:\/\/dev6.erresse-shop.it\/","name":"Erresse Shop","description":"","publisher":{"@id":"https:\/\/dev6.erresse-shop.it\/#organization"},"potentialAction":[{"@type":"SearchAction","target":{"@type":"EntryPoint","urlTemplate":"https:\/\/dev6.erresse-shop.it\/?s={search_term_string}"},"query-input":{"@type":"PropertyValueSpecification","valueRequired":true,"valueName":"search_term_string"}}],"inLanguage":"fr-FR"},{"@type":"Organization","@id":"https:\/\/dev6.erresse-shop.it\/#organization","name":"Erresse Shop","url":"https:\/\/dev6.erresse-shop.it\/","logo":{"@type":"ImageObject","inLanguage":"fr-FR","@id":"https:\/\/dev6.erresse-shop.it\/#\/schema\/logo\/image\/","url":"https:\/\/dev6.erresse-shop.it\/wp-content\/uploads\/2025\/01\/LOGO-ERRESSE-CLASSICO.svg","contentUrl":"https:\/\/dev6.erresse-shop.it\/wp-content\/uploads\/2025\/01\/LOGO-ERRESSE-CLASSICO.svg","caption":"Erresse Shop"},"image":{"@id":"https:\/\/dev6.erresse-shop.it\/#\/schema\/logo\/image\/"}}]}},"df_price":116,"df_sale_price":116,"df_regular_price":175,"df_image_link":"https:\/\/i3.wp.com\/interpim.erresse-shop.it\/Import\/Prodotti\/alessi-la-cintura-di-orione-casseruola-20-cm-due-manici.jpg?resize=300,300&ssl=1","fifu_image_url":"https:\/\/interpim.erresse-shop.it\/Import\/Prodotti\/alessi-la-cintura-di-orione-casseruola-20-cm-due-manici.jpg","_links":{"self":[{"href":"https:\/\/dev6.erresse-shop.it\/fr\/wp-json\/wp\/v2\/product\/1610091","targetHints":{"allow":["GET"]}}],"collection":[{"href":"https:\/\/dev6.erresse-shop.it\/fr\/wp-json\/wp\/v2\/product"}],"about":[{"href":"https:\/\/dev6.erresse-shop.it\/fr\/wp-json\/wp\/v2\/types\/product"}],"wp:featuredmedia":[{"embeddable":true,"href":"https:\/\/dev6.erresse-shop.it\/fr\/wp-json\/wp\/v2\/media\/6293995"}],"wp:attachment":[{"href":"https:\/\/dev6.erresse-shop.it\/fr\/wp-json\/wp\/v2\/media?parent=1610091"}],"wp:term":[{"taxonomy":"product_cat","embeddable":true,"href":"https:\/\/dev6.erresse-shop.it\/fr\/wp-json\/wp\/v2\/product_cat?post=1610091"},{"taxonomy":"product_tag","embeddable":true,"href":"https:\/\/dev6.erresse-shop.it\/fr\/wp-json\/wp\/v2\/product_tag?post=1610091"}],"curies":[{"name":"wp","href":"https:\/\/api.w.org\/{rel}","templated":true}]}}