{"id":1610075,"date":"2026-04-10T14:10:05","date_gmt":"2026-04-10T12:10:05","guid":{"rendered":"https:\/\/dev6.erresse-shop.it\/shop\/non%20class\u00e9\/alessi-anna-stop-2-bouchon-de-bouteille\/"},"modified":"2025-09-14T06:45:05","modified_gmt":"2025-09-14T04:45:05","slug":"alessi-anna-stop-2-bouchon-de-bouteille","status":"publish","type":"product","link":"https:\/\/dev6.erresse-shop.it\/fr\/shop\/table-fr-2\/vin\/alessi-anna-stop-2-bouchon-de-bouteille\/","title":{"rendered":"ALESSI Anna Stop 2 Bouchon de bouteille"},"content":{"rendered":"<p>La figure embl\u00e9matique d\u2019Anna G., avec son visage souriant, est ici d\u00e9clin\u00e9e dans un bouchon de bouteille.<\/p>\n<p>Caract\u00e9ristiques<br \/>\n\u2013 Mat\u00e9riau : r\u00e9sine thermoplastique et zamak chrom\u00e9<br \/>\n\u2013 Diam\u00e8tre : 4 cm<br \/>\n\u2013 Hauteur : 10 cm<\/p>\n","protected":false},"excerpt":{"rendered":"<p>La figure embl\u00e9matique d\u2019Anna G., avec son visage souriant, est ici d\u00e9clin\u00e9e dans un bouchon de bouteille. Caract\u00e9ristiques \u2013 Mat\u00e9riau : r\u00e9sine thermoplastique et zamak chrom\u00e9 \u2013 Diam\u00e8tre : 4 cm \u2013 Hauteur : 10 cm<\/p>\n","protected":false},"featured_media":6335583,"template":"","meta":{"_acf_changed":false},"product_cat":[11995,12069],"product_tag":[],"class_list":{"0":"post-1610075","1":"product","2":"type-product","3":"status-publish","4":"has-post-thumbnail","6":"product_cat-table-fr-2","7":"product_cat-vin","9":"first","10":"instock","11":"sale","12":"taxable","13":"shipping-taxable","14":"purchasable","15":"product-type-simple","swatches":"rey-swatches","show_selected":"","stretch_labels":"rey-swatches--stretch-labels"},"acf":[],"yoast_head":"<!-- This site is optimized with the Yoast SEO plugin v25.4 - https:\/\/yoast.com\/wordpress\/plugins\/seo\/ -->\n<title>ALESSI Anna Stop 2 Bouchon de bouteille - dev6 Erresse<\/title>\n<meta name=\"description\" content=\"La figure embl\u00e9matique d\u2019Anna G., avec son visage souriant, est ici d\u00e9clin\u00e9e dans un bouchon de bouteille. Caract\u00e9ristiques \u2013 Mat\u00e9riau : r\u00e9sine\" \/>\n<meta name=\"robots\" content=\"noindex, follow, max-snippet:-1, max-image-preview:large, max-video-preview:-1\" \/>\n<meta property=\"og:locale\" content=\"fr_FR\" \/>\n<meta property=\"og:type\" content=\"article\" \/>\n<meta property=\"og:title\" content=\"ALESSI Anna Stop 2 Bouchon de bouteille - dev6 Erresse\" \/>\n<meta property=\"og:description\" content=\"La figure embl\u00e9matique d\u2019Anna G., avec son visage souriant, est ici d\u00e9clin\u00e9e dans un bouchon de bouteille. Caract\u00e9ristiques \u2013 Mat\u00e9riau : r\u00e9sine\" \/>\n<meta property=\"og:url\" content=\"https:\/\/dev6.erresse-shop.it\/fr\/shop\/table-fr-2\/vin\/alessi-anna-stop-2-bouchon-de-bouteille\/\" \/>\n<meta property=\"og:site_name\" content=\"dev6 Erresse\" \/>\n<meta property=\"og:image\" content=\"https:\/\/interpim.erresse-shop.it\/Import\/Prodotti\/alessi-anna-stop-2-tappo-per-bottiglia.jpg\" \/><meta property=\"og:image\" content=\"https:\/\/interpim.erresse-shop.it\/Import\/Prodotti\/alessi-anna-stop-2-tappo-per-bottiglia.jpg\" \/>\n\t<meta property=\"og:image:width\" content=\"1024\" \/>\n\t<meta property=\"og:image:height\" content=\"1024\" \/>\n\t<meta property=\"og:image:type\" content=\"image\/jpeg\" \/>\n<meta name=\"twitter:card\" content=\"summary_large_image\" \/>\n<meta name=\"twitter:image\" content=\"https:\/\/interpim.erresse-shop.it\/Import\/Prodotti\/alessi-anna-stop-2-tappo-per-bottiglia.jpg\" \/>\n<script type=\"application\/ld+json\" class=\"yoast-schema-graph\">{\"@context\":\"https:\/\/schema.org\",\"@graph\":[{\"@type\":\"WebPage\",\"@id\":\"https:\/\/dev6.erresse-shop.it\/fr\/shop\/table-fr-2\/vin\/alessi-anna-stop-2-bouchon-de-bouteille\/\",\"url\":\"https:\/\/dev6.erresse-shop.it\/fr\/shop\/table-fr-2\/vin\/alessi-anna-stop-2-bouchon-de-bouteille\/\",\"name\":\"ALESSI Anna Stop 2 Bouchon de bouteille - dev6 Erresse\",\"isPartOf\":{\"@id\":\"https:\/\/dev6.erresse-shop.it\/#website\"},\"primaryImageOfPage\":{\"@id\":\"https:\/\/dev6.erresse-shop.it\/fr\/shop\/table-fr-2\/vin\/alessi-anna-stop-2-bouchon-de-bouteille\/#primaryimage\"},\"image\":{\"@id\":\"https:\/\/dev6.erresse-shop.it\/fr\/shop\/table-fr-2\/vin\/alessi-anna-stop-2-bouchon-de-bouteille\/#primaryimage\"},\"thumbnailUrl\":\"https:\/\/i2.wp.com\/interpim.erresse-shop.it\/Import\/Prodotti\/alessi-anna-stop-2-tappo-per-bottiglia.jpg?ssl=1\",\"datePublished\":\"2026-04-10T12:10:05+00:00\",\"description\":\"La figure embl\u00e9matique d\u2019Anna G., avec son visage souriant, est ici d\u00e9clin\u00e9e dans un bouchon de bouteille. Caract\u00e9ristiques \u2013 Mat\u00e9riau : r\u00e9sine\",\"breadcrumb\":{\"@id\":\"https:\/\/dev6.erresse-shop.it\/fr\/shop\/table-fr-2\/vin\/alessi-anna-stop-2-bouchon-de-bouteille\/#breadcrumb\"},\"inLanguage\":\"fr-FR\",\"potentialAction\":[{\"@type\":\"ReadAction\",\"target\":[\"https:\/\/dev6.erresse-shop.it\/fr\/shop\/table-fr-2\/vin\/alessi-anna-stop-2-bouchon-de-bouteille\/\"]}]},{\"@type\":\"ImageObject\",\"inLanguage\":\"fr-FR\",\"@id\":\"https:\/\/dev6.erresse-shop.it\/fr\/shop\/table-fr-2\/vin\/alessi-anna-stop-2-bouchon-de-bouteille\/#primaryimage\",\"url\":\"https:\/\/i2.wp.com\/interpim.erresse-shop.it\/Import\/Prodotti\/alessi-anna-stop-2-tappo-per-bottiglia.jpg?ssl=1\",\"contentUrl\":\"https:\/\/i2.wp.com\/interpim.erresse-shop.it\/Import\/Prodotti\/alessi-anna-stop-2-tappo-per-bottiglia.jpg?ssl=1\"},{\"@type\":\"BreadcrumbList\",\"@id\":\"https:\/\/dev6.erresse-shop.it\/fr\/shop\/table-fr-2\/vin\/alessi-anna-stop-2-bouchon-de-bouteille\/#breadcrumb\",\"itemListElement\":[{\"@type\":\"ListItem\",\"position\":1,\"name\":\"Home\",\"item\":\"https:\/\/dev6.erresse-shop.it\/\"},{\"@type\":\"ListItem\",\"position\":2,\"name\":\"Boutique\",\"item\":\"https:\/\/dev6.erresse-shop.it\/shop\/\"},{\"@type\":\"ListItem\",\"position\":3,\"name\":\"ALESSI Anna Stop 2 Bouchon de bouteille\"}]},{\"@type\":\"WebSite\",\"@id\":\"https:\/\/dev6.erresse-shop.it\/#website\",\"url\":\"https:\/\/dev6.erresse-shop.it\/\",\"name\":\"Erresse Shop\",\"description\":\"\",\"publisher\":{\"@id\":\"https:\/\/dev6.erresse-shop.it\/#organization\"},\"potentialAction\":[{\"@type\":\"SearchAction\",\"target\":{\"@type\":\"EntryPoint\",\"urlTemplate\":\"https:\/\/dev6.erresse-shop.it\/?s={search_term_string}\"},\"query-input\":{\"@type\":\"PropertyValueSpecification\",\"valueRequired\":true,\"valueName\":\"search_term_string\"}}],\"inLanguage\":\"fr-FR\"},{\"@type\":\"Organization\",\"@id\":\"https:\/\/dev6.erresse-shop.it\/#organization\",\"name\":\"Erresse Shop\",\"url\":\"https:\/\/dev6.erresse-shop.it\/\",\"logo\":{\"@type\":\"ImageObject\",\"inLanguage\":\"fr-FR\",\"@id\":\"https:\/\/dev6.erresse-shop.it\/#\/schema\/logo\/image\/\",\"url\":\"https:\/\/dev6.erresse-shop.it\/wp-content\/uploads\/2025\/01\/LOGO-ERRESSE-CLASSICO.svg\",\"contentUrl\":\"https:\/\/dev6.erresse-shop.it\/wp-content\/uploads\/2025\/01\/LOGO-ERRESSE-CLASSICO.svg\",\"caption\":\"Erresse Shop\"},\"image\":{\"@id\":\"https:\/\/dev6.erresse-shop.it\/#\/schema\/logo\/image\/\"}}]}<\/script>\n<!-- \/ Yoast SEO plugin. -->","yoast_head_json":{"title":"ALESSI Anna Stop 2 Bouchon de bouteille - dev6 Erresse","description":"La figure embl\u00e9matique d\u2019Anna G., avec son visage souriant, est ici d\u00e9clin\u00e9e dans un bouchon de bouteille. Caract\u00e9ristiques \u2013 Mat\u00e9riau : r\u00e9sine","robots":{"index":"noindex","follow":"follow","max-snippet":"max-snippet:-1","max-image-preview":"max-image-preview:large","max-video-preview":"max-video-preview:-1"},"og_locale":"fr_FR","og_type":"article","og_title":"ALESSI Anna Stop 2 Bouchon de bouteille - dev6 Erresse","og_description":"La figure embl\u00e9matique d\u2019Anna G., avec son visage souriant, est ici d\u00e9clin\u00e9e dans un bouchon de bouteille. Caract\u00e9ristiques \u2013 Mat\u00e9riau : r\u00e9sine","og_url":"https:\/\/dev6.erresse-shop.it\/fr\/shop\/table-fr-2\/vin\/alessi-anna-stop-2-bouchon-de-bouteille\/","og_site_name":"dev6 Erresse","og_image":[{"url":"https:\/\/interpim.erresse-shop.it\/Import\/Prodotti\/alessi-anna-stop-2-tappo-per-bottiglia.jpg","type":"","width":"","height":""},{"url":"https:\/\/interpim.erresse-shop.it\/Import\/Prodotti\/alessi-anna-stop-2-tappo-per-bottiglia.jpg","width":1024,"height":1024,"type":"image\/jpeg"}],"twitter_card":"summary_large_image","twitter_image":"https:\/\/interpim.erresse-shop.it\/Import\/Prodotti\/alessi-anna-stop-2-tappo-per-bottiglia.jpg","schema":{"@context":"https:\/\/schema.org","@graph":[{"@type":"WebPage","@id":"https:\/\/dev6.erresse-shop.it\/fr\/shop\/table-fr-2\/vin\/alessi-anna-stop-2-bouchon-de-bouteille\/","url":"https:\/\/dev6.erresse-shop.it\/fr\/shop\/table-fr-2\/vin\/alessi-anna-stop-2-bouchon-de-bouteille\/","name":"ALESSI Anna Stop 2 Bouchon de bouteille - dev6 Erresse","isPartOf":{"@id":"https:\/\/dev6.erresse-shop.it\/#website"},"primaryImageOfPage":{"@id":"https:\/\/dev6.erresse-shop.it\/fr\/shop\/table-fr-2\/vin\/alessi-anna-stop-2-bouchon-de-bouteille\/#primaryimage"},"image":{"@id":"https:\/\/dev6.erresse-shop.it\/fr\/shop\/table-fr-2\/vin\/alessi-anna-stop-2-bouchon-de-bouteille\/#primaryimage"},"thumbnailUrl":"https:\/\/i2.wp.com\/interpim.erresse-shop.it\/Import\/Prodotti\/alessi-anna-stop-2-tappo-per-bottiglia.jpg?ssl=1","datePublished":"2026-04-10T12:10:05+00:00","description":"La figure embl\u00e9matique d\u2019Anna G., avec son visage souriant, est ici d\u00e9clin\u00e9e dans un bouchon de bouteille. Caract\u00e9ristiques \u2013 Mat\u00e9riau : r\u00e9sine","breadcrumb":{"@id":"https:\/\/dev6.erresse-shop.it\/fr\/shop\/table-fr-2\/vin\/alessi-anna-stop-2-bouchon-de-bouteille\/#breadcrumb"},"inLanguage":"fr-FR","potentialAction":[{"@type":"ReadAction","target":["https:\/\/dev6.erresse-shop.it\/fr\/shop\/table-fr-2\/vin\/alessi-anna-stop-2-bouchon-de-bouteille\/"]}]},{"@type":"ImageObject","inLanguage":"fr-FR","@id":"https:\/\/dev6.erresse-shop.it\/fr\/shop\/table-fr-2\/vin\/alessi-anna-stop-2-bouchon-de-bouteille\/#primaryimage","url":"https:\/\/i2.wp.com\/interpim.erresse-shop.it\/Import\/Prodotti\/alessi-anna-stop-2-tappo-per-bottiglia.jpg?ssl=1","contentUrl":"https:\/\/i2.wp.com\/interpim.erresse-shop.it\/Import\/Prodotti\/alessi-anna-stop-2-tappo-per-bottiglia.jpg?ssl=1"},{"@type":"BreadcrumbList","@id":"https:\/\/dev6.erresse-shop.it\/fr\/shop\/table-fr-2\/vin\/alessi-anna-stop-2-bouchon-de-bouteille\/#breadcrumb","itemListElement":[{"@type":"ListItem","position":1,"name":"Home","item":"https:\/\/dev6.erresse-shop.it\/"},{"@type":"ListItem","position":2,"name":"Boutique","item":"https:\/\/dev6.erresse-shop.it\/shop\/"},{"@type":"ListItem","position":3,"name":"ALESSI Anna Stop 2 Bouchon de bouteille"}]},{"@type":"WebSite","@id":"https:\/\/dev6.erresse-shop.it\/#website","url":"https:\/\/dev6.erresse-shop.it\/","name":"Erresse Shop","description":"","publisher":{"@id":"https:\/\/dev6.erresse-shop.it\/#organization"},"potentialAction":[{"@type":"SearchAction","target":{"@type":"EntryPoint","urlTemplate":"https:\/\/dev6.erresse-shop.it\/?s={search_term_string}"},"query-input":{"@type":"PropertyValueSpecification","valueRequired":true,"valueName":"search_term_string"}}],"inLanguage":"fr-FR"},{"@type":"Organization","@id":"https:\/\/dev6.erresse-shop.it\/#organization","name":"Erresse Shop","url":"https:\/\/dev6.erresse-shop.it\/","logo":{"@type":"ImageObject","inLanguage":"fr-FR","@id":"https:\/\/dev6.erresse-shop.it\/#\/schema\/logo\/image\/","url":"https:\/\/dev6.erresse-shop.it\/wp-content\/uploads\/2025\/01\/LOGO-ERRESSE-CLASSICO.svg","contentUrl":"https:\/\/dev6.erresse-shop.it\/wp-content\/uploads\/2025\/01\/LOGO-ERRESSE-CLASSICO.svg","caption":"Erresse Shop"},"image":{"@id":"https:\/\/dev6.erresse-shop.it\/#\/schema\/logo\/image\/"}}]}},"df_price":23.4,"df_sale_price":23.4,"df_regular_price":26,"df_image_link":"https:\/\/i2.wp.com\/interpim.erresse-shop.it\/Import\/Prodotti\/alessi-anna-stop-2-tappo-per-bottiglia.jpg?resize=300,300&ssl=1","fifu_image_url":"https:\/\/interpim.erresse-shop.it\/Import\/Prodotti\/alessi-anna-stop-2-tappo-per-bottiglia.jpg","_links":{"self":[{"href":"https:\/\/dev6.erresse-shop.it\/fr\/wp-json\/wp\/v2\/product\/1610075","targetHints":{"allow":["GET"]}}],"collection":[{"href":"https:\/\/dev6.erresse-shop.it\/fr\/wp-json\/wp\/v2\/product"}],"about":[{"href":"https:\/\/dev6.erresse-shop.it\/fr\/wp-json\/wp\/v2\/types\/product"}],"wp:featuredmedia":[{"embeddable":true,"href":"https:\/\/dev6.erresse-shop.it\/fr\/wp-json\/wp\/v2\/media\/6335583"}],"wp:attachment":[{"href":"https:\/\/dev6.erresse-shop.it\/fr\/wp-json\/wp\/v2\/media?parent=1610075"}],"wp:term":[{"taxonomy":"product_cat","embeddable":true,"href":"https:\/\/dev6.erresse-shop.it\/fr\/wp-json\/wp\/v2\/product_cat?post=1610075"},{"taxonomy":"product_tag","embeddable":true,"href":"https:\/\/dev6.erresse-shop.it\/fr\/wp-json\/wp\/v2\/product_tag?post=1610075"}],"curies":[{"name":"wp","href":"https:\/\/api.w.org\/{rel}","templated":true}]}}