{"id":1610071,"date":"2026-04-12T13:31:35","date_gmt":"2026-04-12T11:31:35","guid":{"rendered":"https:\/\/dev6.erresse-shop.it\/shop\/non%20class\u00e9\/zwilling-ciseaux-multifonctions-20-cm\/"},"modified":"2026-01-16T22:16:54","modified_gmt":"2026-01-16T21:16:54","slug":"zwilling-ciseaux-multifonctions-20-cm","status":"publish","type":"product","link":"https:\/\/dev6.erresse-shop.it\/fr\/shop\/cuisine\/outils\/zwilling-ciseaux-multifonctions-20-cm\/","title":{"rendered":"ZWILLING Ciseaux Multifonctions 20 cm"},"content":{"rendered":"<p>Les ciseaux de cuisine ZWILLING J.A. Henckels TWIN peut facilement effectuer tout type de d\u00e9coupe en cuisine. Que vous hachiez des herbes, coupiez diff\u00e9rents types d\u2019aliments ou ouvriez des emballages, ces ciseaux sont toujours \u00e0 la hauteur de la t\u00e2che. Elles sont toutes fix\u00e9es par une vis qui garantit la pr\u00e9cision du mouvement des lames et la facilit\u00e9 d\u2019aff\u00fbtage. Tous les ciseaux de cuisine ZWILLING J.A. Les Henckels passent au lave-vaisselle.<\/p>\n<p>La formule sp\u00e9ciale de l\u2019acier inoxydable garantit la durabilit\u00e9 du produit.<br \/>\nLames FRIODUR\u00ae durcies par traitement cryog\u00e9nique pour une durabilit\u00e9 exceptionnelle des surfaces de coupe et une r\u00e9sistance \u00e0 la corrosion.<br \/>\nLes lames robustes des ciseaux sont aff\u00fbt\u00e9es \u00e0 la main.<br \/>\nLa micro-dentelure saisit le mat\u00e9riau et coupe m\u00eame les mat\u00e9riaux les plus \u00e9pais avec facilit\u00e9<br \/>\nL\u2019outil int\u00e9gr\u00e9 est utile pour desserrer les couvercles particuli\u00e8rement difficiles \u00e0 ouvrir.<\/p>\n","protected":false},"excerpt":{"rendered":"<p>Les ciseaux de cuisine ZWILLING J.A. Henckels TWIN peut facilement effectuer tout type de d\u00e9coupe en cuisine. Que vous hachiez des herbes, coupiez diff\u00e9rents types d\u2019aliments ou ouvriez des emballages, ces ciseaux sont toujours \u00e0 la hauteur de la t\u00e2che. Elles sont toutes fix\u00e9es par une vis qui garantit la pr\u00e9cision du mouvement des lames [&hellip;]<\/p>\n","protected":false},"featured_media":6377206,"template":"","meta":{"_acf_changed":false},"product_cat":[11992,12008],"product_tag":[],"class_list":{"0":"post-1610071","1":"product","2":"type-product","3":"status-publish","4":"has-post-thumbnail","6":"product_cat-cuisine","7":"product_cat-outils","9":"first","10":"instock","11":"sale","12":"taxable","13":"shipping-taxable","14":"purchasable","15":"product-type-simple","swatches":"rey-swatches","show_selected":"","stretch_labels":"rey-swatches--stretch-labels"},"acf":[],"yoast_head":"<!-- This site is optimized with the Yoast SEO plugin v25.4 - https:\/\/yoast.com\/wordpress\/plugins\/seo\/ -->\n<title>ZWILLING Ciseaux Multifonctions 20 cm - dev6 Erresse<\/title>\n<meta name=\"description\" content=\"Les ciseaux de cuisine ZWILLING J.A. Henckels TWIN peut facilement effectuer tout type de d\u00e9coupe en cuisine. Que vous hachiez des herbes, coupiez\" \/>\n<meta name=\"robots\" content=\"noindex, follow, max-snippet:-1, max-image-preview:large, max-video-preview:-1\" \/>\n<meta property=\"og:locale\" content=\"fr_FR\" \/>\n<meta property=\"og:type\" content=\"article\" \/>\n<meta property=\"og:title\" content=\"ZWILLING Ciseaux Multifonctions 20 cm - dev6 Erresse\" \/>\n<meta property=\"og:description\" content=\"Les ciseaux de cuisine ZWILLING J.A. Henckels TWIN peut facilement effectuer tout type de d\u00e9coupe en cuisine. Que vous hachiez des herbes, coupiez\" \/>\n<meta property=\"og:url\" content=\"https:\/\/dev6.erresse-shop.it\/fr\/shop\/cuisine\/outils\/zwilling-ciseaux-multifonctions-20-cm\/\" \/>\n<meta property=\"og:site_name\" content=\"dev6 Erresse\" \/>\n<meta property=\"og:image\" content=\"https:\/\/interpim.erresse-shop.it\/Import\/Prodotti\/zwilling-forbici-multifunzione-20-cm.jpg\" \/><meta property=\"og:image\" content=\"https:\/\/interpim.erresse-shop.it\/Import\/Prodotti\/zwilling-forbici-multifunzione-20-cm.jpg\" \/>\n\t<meta property=\"og:image:width\" content=\"1024\" \/>\n\t<meta property=\"og:image:height\" content=\"1024\" \/>\n\t<meta property=\"og:image:type\" content=\"image\/jpeg\" \/>\n<meta name=\"twitter:card\" content=\"summary_large_image\" \/>\n<meta name=\"twitter:image\" content=\"https:\/\/interpim.erresse-shop.it\/Import\/Prodotti\/zwilling-forbici-multifunzione-20-cm.jpg\" \/>\n<script type=\"application\/ld+json\" class=\"yoast-schema-graph\">{\"@context\":\"https:\/\/schema.org\",\"@graph\":[{\"@type\":\"WebPage\",\"@id\":\"https:\/\/dev6.erresse-shop.it\/fr\/shop\/cuisine\/outils\/zwilling-ciseaux-multifonctions-20-cm\/\",\"url\":\"https:\/\/dev6.erresse-shop.it\/fr\/shop\/cuisine\/outils\/zwilling-ciseaux-multifonctions-20-cm\/\",\"name\":\"ZWILLING Ciseaux Multifonctions 20 cm - dev6 Erresse\",\"isPartOf\":{\"@id\":\"https:\/\/dev6.erresse-shop.it\/#website\"},\"primaryImageOfPage\":{\"@id\":\"https:\/\/dev6.erresse-shop.it\/fr\/shop\/cuisine\/outils\/zwilling-ciseaux-multifonctions-20-cm\/#primaryimage\"},\"image\":{\"@id\":\"https:\/\/dev6.erresse-shop.it\/fr\/shop\/cuisine\/outils\/zwilling-ciseaux-multifonctions-20-cm\/#primaryimage\"},\"thumbnailUrl\":\"https:\/\/i1.wp.com\/interpim.erresse-shop.it\/Import\/Prodotti\/zwilling-forbici-multifunzione-20-cm.jpg?ssl=1\",\"datePublished\":\"2026-04-12T11:31:35+00:00\",\"description\":\"Les ciseaux de cuisine ZWILLING J.A. Henckels TWIN peut facilement effectuer tout type de d\u00e9coupe en cuisine. Que vous hachiez des herbes, coupiez\",\"breadcrumb\":{\"@id\":\"https:\/\/dev6.erresse-shop.it\/fr\/shop\/cuisine\/outils\/zwilling-ciseaux-multifonctions-20-cm\/#breadcrumb\"},\"inLanguage\":\"fr-FR\",\"potentialAction\":[{\"@type\":\"ReadAction\",\"target\":[\"https:\/\/dev6.erresse-shop.it\/fr\/shop\/cuisine\/outils\/zwilling-ciseaux-multifonctions-20-cm\/\"]}]},{\"@type\":\"ImageObject\",\"inLanguage\":\"fr-FR\",\"@id\":\"https:\/\/dev6.erresse-shop.it\/fr\/shop\/cuisine\/outils\/zwilling-ciseaux-multifonctions-20-cm\/#primaryimage\",\"url\":\"https:\/\/i1.wp.com\/interpim.erresse-shop.it\/Import\/Prodotti\/zwilling-forbici-multifunzione-20-cm.jpg?ssl=1\",\"contentUrl\":\"https:\/\/i1.wp.com\/interpim.erresse-shop.it\/Import\/Prodotti\/zwilling-forbici-multifunzione-20-cm.jpg?ssl=1\"},{\"@type\":\"BreadcrumbList\",\"@id\":\"https:\/\/dev6.erresse-shop.it\/fr\/shop\/cuisine\/outils\/zwilling-ciseaux-multifonctions-20-cm\/#breadcrumb\",\"itemListElement\":[{\"@type\":\"ListItem\",\"position\":1,\"name\":\"Home\",\"item\":\"https:\/\/dev6.erresse-shop.it\/\"},{\"@type\":\"ListItem\",\"position\":2,\"name\":\"Boutique\",\"item\":\"https:\/\/dev6.erresse-shop.it\/shop\/\"},{\"@type\":\"ListItem\",\"position\":3,\"name\":\"ZWILLING Ciseaux Multifonctions 20 cm\"}]},{\"@type\":\"WebSite\",\"@id\":\"https:\/\/dev6.erresse-shop.it\/#website\",\"url\":\"https:\/\/dev6.erresse-shop.it\/\",\"name\":\"Erresse Shop\",\"description\":\"\",\"publisher\":{\"@id\":\"https:\/\/dev6.erresse-shop.it\/#organization\"},\"potentialAction\":[{\"@type\":\"SearchAction\",\"target\":{\"@type\":\"EntryPoint\",\"urlTemplate\":\"https:\/\/dev6.erresse-shop.it\/?s={search_term_string}\"},\"query-input\":{\"@type\":\"PropertyValueSpecification\",\"valueRequired\":true,\"valueName\":\"search_term_string\"}}],\"inLanguage\":\"fr-FR\"},{\"@type\":\"Organization\",\"@id\":\"https:\/\/dev6.erresse-shop.it\/#organization\",\"name\":\"Erresse Shop\",\"url\":\"https:\/\/dev6.erresse-shop.it\/\",\"logo\":{\"@type\":\"ImageObject\",\"inLanguage\":\"fr-FR\",\"@id\":\"https:\/\/dev6.erresse-shop.it\/#\/schema\/logo\/image\/\",\"url\":\"https:\/\/dev6.erresse-shop.it\/wp-content\/uploads\/2025\/01\/LOGO-ERRESSE-CLASSICO.svg\",\"contentUrl\":\"https:\/\/dev6.erresse-shop.it\/wp-content\/uploads\/2025\/01\/LOGO-ERRESSE-CLASSICO.svg\",\"caption\":\"Erresse Shop\"},\"image\":{\"@id\":\"https:\/\/dev6.erresse-shop.it\/#\/schema\/logo\/image\/\"}}]}<\/script>\n<!-- \/ Yoast SEO plugin. -->","yoast_head_json":{"title":"ZWILLING Ciseaux Multifonctions 20 cm - dev6 Erresse","description":"Les ciseaux de cuisine ZWILLING J.A. Henckels TWIN peut facilement effectuer tout type de d\u00e9coupe en cuisine. Que vous hachiez des herbes, coupiez","robots":{"index":"noindex","follow":"follow","max-snippet":"max-snippet:-1","max-image-preview":"max-image-preview:large","max-video-preview":"max-video-preview:-1"},"og_locale":"fr_FR","og_type":"article","og_title":"ZWILLING Ciseaux Multifonctions 20 cm - dev6 Erresse","og_description":"Les ciseaux de cuisine ZWILLING J.A. Henckels TWIN peut facilement effectuer tout type de d\u00e9coupe en cuisine. Que vous hachiez des herbes, coupiez","og_url":"https:\/\/dev6.erresse-shop.it\/fr\/shop\/cuisine\/outils\/zwilling-ciseaux-multifonctions-20-cm\/","og_site_name":"dev6 Erresse","og_image":[{"url":"https:\/\/interpim.erresse-shop.it\/Import\/Prodotti\/zwilling-forbici-multifunzione-20-cm.jpg","type":"","width":"","height":""},{"url":"https:\/\/interpim.erresse-shop.it\/Import\/Prodotti\/zwilling-forbici-multifunzione-20-cm.jpg","width":1024,"height":1024,"type":"image\/jpeg"}],"twitter_card":"summary_large_image","twitter_image":"https:\/\/interpim.erresse-shop.it\/Import\/Prodotti\/zwilling-forbici-multifunzione-20-cm.jpg","schema":{"@context":"https:\/\/schema.org","@graph":[{"@type":"WebPage","@id":"https:\/\/dev6.erresse-shop.it\/fr\/shop\/cuisine\/outils\/zwilling-ciseaux-multifonctions-20-cm\/","url":"https:\/\/dev6.erresse-shop.it\/fr\/shop\/cuisine\/outils\/zwilling-ciseaux-multifonctions-20-cm\/","name":"ZWILLING Ciseaux Multifonctions 20 cm - dev6 Erresse","isPartOf":{"@id":"https:\/\/dev6.erresse-shop.it\/#website"},"primaryImageOfPage":{"@id":"https:\/\/dev6.erresse-shop.it\/fr\/shop\/cuisine\/outils\/zwilling-ciseaux-multifonctions-20-cm\/#primaryimage"},"image":{"@id":"https:\/\/dev6.erresse-shop.it\/fr\/shop\/cuisine\/outils\/zwilling-ciseaux-multifonctions-20-cm\/#primaryimage"},"thumbnailUrl":"https:\/\/i1.wp.com\/interpim.erresse-shop.it\/Import\/Prodotti\/zwilling-forbici-multifunzione-20-cm.jpg?ssl=1","datePublished":"2026-04-12T11:31:35+00:00","description":"Les ciseaux de cuisine ZWILLING J.A. Henckels TWIN peut facilement effectuer tout type de d\u00e9coupe en cuisine. Que vous hachiez des herbes, coupiez","breadcrumb":{"@id":"https:\/\/dev6.erresse-shop.it\/fr\/shop\/cuisine\/outils\/zwilling-ciseaux-multifonctions-20-cm\/#breadcrumb"},"inLanguage":"fr-FR","potentialAction":[{"@type":"ReadAction","target":["https:\/\/dev6.erresse-shop.it\/fr\/shop\/cuisine\/outils\/zwilling-ciseaux-multifonctions-20-cm\/"]}]},{"@type":"ImageObject","inLanguage":"fr-FR","@id":"https:\/\/dev6.erresse-shop.it\/fr\/shop\/cuisine\/outils\/zwilling-ciseaux-multifonctions-20-cm\/#primaryimage","url":"https:\/\/i1.wp.com\/interpim.erresse-shop.it\/Import\/Prodotti\/zwilling-forbici-multifunzione-20-cm.jpg?ssl=1","contentUrl":"https:\/\/i1.wp.com\/interpim.erresse-shop.it\/Import\/Prodotti\/zwilling-forbici-multifunzione-20-cm.jpg?ssl=1"},{"@type":"BreadcrumbList","@id":"https:\/\/dev6.erresse-shop.it\/fr\/shop\/cuisine\/outils\/zwilling-ciseaux-multifonctions-20-cm\/#breadcrumb","itemListElement":[{"@type":"ListItem","position":1,"name":"Home","item":"https:\/\/dev6.erresse-shop.it\/"},{"@type":"ListItem","position":2,"name":"Boutique","item":"https:\/\/dev6.erresse-shop.it\/shop\/"},{"@type":"ListItem","position":3,"name":"ZWILLING Ciseaux Multifonctions 20 cm"}]},{"@type":"WebSite","@id":"https:\/\/dev6.erresse-shop.it\/#website","url":"https:\/\/dev6.erresse-shop.it\/","name":"Erresse Shop","description":"","publisher":{"@id":"https:\/\/dev6.erresse-shop.it\/#organization"},"potentialAction":[{"@type":"SearchAction","target":{"@type":"EntryPoint","urlTemplate":"https:\/\/dev6.erresse-shop.it\/?s={search_term_string}"},"query-input":{"@type":"PropertyValueSpecification","valueRequired":true,"valueName":"search_term_string"}}],"inLanguage":"fr-FR"},{"@type":"Organization","@id":"https:\/\/dev6.erresse-shop.it\/#organization","name":"Erresse Shop","url":"https:\/\/dev6.erresse-shop.it\/","logo":{"@type":"ImageObject","inLanguage":"fr-FR","@id":"https:\/\/dev6.erresse-shop.it\/#\/schema\/logo\/image\/","url":"https:\/\/dev6.erresse-shop.it\/wp-content\/uploads\/2025\/01\/LOGO-ERRESSE-CLASSICO.svg","contentUrl":"https:\/\/dev6.erresse-shop.it\/wp-content\/uploads\/2025\/01\/LOGO-ERRESSE-CLASSICO.svg","caption":"Erresse Shop"},"image":{"@id":"https:\/\/dev6.erresse-shop.it\/#\/schema\/logo\/image\/"}}]}},"df_price":36.9,"df_sale_price":36.9,"df_regular_price":44.95,"df_image_link":"https:\/\/i1.wp.com\/interpim.erresse-shop.it\/Import\/Prodotti\/zwilling-forbici-multifunzione-20-cm.jpg?resize=300,300&ssl=1","fifu_image_url":"https:\/\/interpim.erresse-shop.it\/Import\/Prodotti\/zwilling-forbici-multifunzione-20-cm.jpg","_links":{"self":[{"href":"https:\/\/dev6.erresse-shop.it\/fr\/wp-json\/wp\/v2\/product\/1610071","targetHints":{"allow":["GET"]}}],"collection":[{"href":"https:\/\/dev6.erresse-shop.it\/fr\/wp-json\/wp\/v2\/product"}],"about":[{"href":"https:\/\/dev6.erresse-shop.it\/fr\/wp-json\/wp\/v2\/types\/product"}],"wp:featuredmedia":[{"embeddable":true,"href":"https:\/\/dev6.erresse-shop.it\/fr\/wp-json\/wp\/v2\/media\/6377206"}],"wp:attachment":[{"href":"https:\/\/dev6.erresse-shop.it\/fr\/wp-json\/wp\/v2\/media?parent=1610071"}],"wp:term":[{"taxonomy":"product_cat","embeddable":true,"href":"https:\/\/dev6.erresse-shop.it\/fr\/wp-json\/wp\/v2\/product_cat?post=1610071"},{"taxonomy":"product_tag","embeddable":true,"href":"https:\/\/dev6.erresse-shop.it\/fr\/wp-json\/wp\/v2\/product_tag?post=1610071"}],"curies":[{"name":"wp","href":"https:\/\/api.w.org\/{rel}","templated":true}]}}