{"id":1610061,"date":"2026-04-04T13:26:32","date_gmt":"2026-04-04T11:26:32","guid":{"rendered":"https:\/\/dev6.erresse-shop.it\/shop\/non%20class\u00e9\/staub-cocotte-ovale-en-fonte-23-cm-gris-graphite\/"},"modified":"2025-09-14T06:44:27","modified_gmt":"2025-09-14T04:44:27","slug":"staub-cocotte-ovale-en-fonte-23-cm-gris-graphite","status":"publish","type":"product","link":"https:\/\/dev6.erresse-shop.it\/fr\/shop\/poeles-pots\/marmites-et-cocottes-poeles-pots\/staub-cocotte-ovale-en-fonte-23-cm-gris-graphite\/","title":{"rendered":"STAUB Cocotte ovale en fonte 23 cm Gris Graphite"},"content":{"rendered":"<p>Cette cocotte Staub est parfaite pour les rago\u00fbts, les r\u00f4tis ou les plats n\u00e9cessitant une cuisson lente. La cocotte ovale gris graphite, d\u2019un diam\u00e8tre de 23 cm, offre beaucoup de volume pour vos recettes pr\u00e9f\u00e9r\u00e9es. D\u2019une hauteur de 14 cm et d\u2019une capacit\u00e9 de 2,35 litres, il est id\u00e9al pour les plats riches en l\u00e9gumes ou en liquides. Fabriqu\u00e9 en fonte, il est r\u00e9sistant et durable, parfait pour une cuisson lente et douce qui r\u00e9duit le temps et les efforts en cuisine. L\u2019\u00e9mail noir mat r\u00e9partit la chaleur uniform\u00e9ment, permettant une cuisson uniforme. Facile \u00e0 nettoyer, il peut \u00eatre utilis\u00e9 sur tous types de feux et au four. La cocotte Staub est id\u00e9ale aussi bien pour les d\u00e9butants que pour les chefs professionnels, gr\u00e2ce \u00e0 son entretien facile, sa haute qualit\u00e9 et ses excellents r\u00e9sultats dans les rago\u00fbts et les brais\u00e9s.<\/p>\n<p>Id\u00e9al pour sceller et cuire lentement les r\u00f4tis et les poulets entiers<br \/>\nPour une cuisson juteuse et tendre gr\u00e2ce au couvercle<br \/>\nL\u2019\u00e9mail int\u00e9rieur noir mat est id\u00e9al pour un brunissement particuli\u00e8rement croustillant et est tr\u00e8s r\u00e9sistant<br \/>\nConvient \u00e0 tous les types de plaques de cuisson, y compris \u00e0 induction, peut \u00e9galement \u00eatre plac\u00e9 au four\/grill<br \/>\nCouleur intense<\/p>\n<p>Caract\u00e9ristiques<\/p>\n<p>R\u00e9sistance \u00e0 la chaleur :240 \u00baC<br \/>\nR\u00e9sistance au froid :-20 \u00baC<br \/>\nMat\u00e9riau :fonte<br \/>\nRev\u00eatement int\u00e9rieur :\u00e9mail<br \/>\nInduction\u00a0:Oui<br \/>\nPasse au four\u00a0:Oui<br \/>\nPasse au cong\u00e9lateur\u00a0:Oui<br \/>\nPasse au four\u00a0:Oui<br \/>\nLave-vaisselle :Oui<\/p>\n<p>Dimensions<\/p>\n<p>Poids net\u00a0:3,40 kg<br \/>\nCapacit\u00e9 :2,35 l<br \/>\nLongueur du produit\u00a0:29,20 cm<br \/>\nLargeur du produit\u00a0:23,00 cm<br \/>\nHauteur du produit\u00a0:14,10 cm<br \/>\nHauteur sans couvercle\u00a0:9,60 cm<br \/>\nDiam\u00e8tre sup\u00e9rieur :23,00 cm<br \/>\nDiam\u00e8tre du fond :19,70 cm<br \/>\nLongueur du manche :3,00 cm<\/p>\n","protected":false},"excerpt":{"rendered":"<p>Cette cocotte Staub est parfaite pour les rago\u00fbts, les r\u00f4tis ou les plats n\u00e9cessitant une cuisson lente. La cocotte ovale gris graphite, d\u2019un diam\u00e8tre de 23 cm, offre beaucoup de volume pour vos recettes pr\u00e9f\u00e9r\u00e9es. D\u2019une hauteur de 14 cm et d\u2019une capacit\u00e9 de 2,35 litres, il est id\u00e9al pour les plats riches en l\u00e9gumes [&hellip;]<\/p>\n","protected":false},"featured_media":6293919,"template":"","meta":{"_acf_changed":false},"product_cat":[12000,11991],"product_tag":[],"class_list":{"0":"post-1610061","1":"product","2":"type-product","3":"status-publish","4":"has-post-thumbnail","6":"product_cat-marmites-et-cocottes-poeles-pots","7":"product_cat-poeles-pots","9":"first","10":"instock","11":"sale","12":"taxable","13":"shipping-taxable","14":"purchasable","15":"product-type-simple","swatches":"rey-swatches","show_selected":"","stretch_labels":"rey-swatches--stretch-labels"},"acf":[],"yoast_head":"<!-- This site is optimized with the Yoast SEO plugin v25.4 - https:\/\/yoast.com\/wordpress\/plugins\/seo\/ -->\n<title>STAUB Cocotte ovale en fonte 23 cm Gris Graphite - dev6 Erresse<\/title>\n<meta name=\"description\" content=\"Cette cocotte Staub est parfaite pour les rago\u00fbts, les r\u00f4tis ou les plats n\u00e9cessitant une cuisson lente. La cocotte ovale gris graphite, d\u2019un diam\u00e8tre de\" \/>\n<meta name=\"robots\" content=\"noindex, follow, max-snippet:-1, max-image-preview:large, max-video-preview:-1\" \/>\n<meta property=\"og:locale\" content=\"fr_FR\" \/>\n<meta property=\"og:type\" content=\"article\" \/>\n<meta property=\"og:title\" content=\"STAUB Cocotte ovale en fonte 23 cm Gris Graphite - dev6 Erresse\" \/>\n<meta property=\"og:description\" content=\"Cette cocotte Staub est parfaite pour les rago\u00fbts, les r\u00f4tis ou les plats n\u00e9cessitant une cuisson lente. La cocotte ovale gris graphite, d\u2019un diam\u00e8tre de\" \/>\n<meta property=\"og:url\" content=\"https:\/\/dev6.erresse-shop.it\/fr\/shop\/poeles-pots\/marmites-et-cocottes-poeles-pots\/staub-cocotte-ovale-en-fonte-23-cm-gris-graphite\/\" \/>\n<meta property=\"og:site_name\" content=\"dev6 Erresse\" \/>\n<meta property=\"og:image\" content=\"https:\/\/interpim.erresse-shop.it\/Import\/Prodotti\/staub-cocotte-ovale-ghisa-23-cm-grigio-grafite.jpg\" \/><meta property=\"og:image\" content=\"https:\/\/interpim.erresse-shop.it\/Import\/Prodotti\/staub-cocotte-ovale-ghisa-23-cm-grigio-grafite.jpg\" \/>\n\t<meta property=\"og:image:width\" content=\"1024\" \/>\n\t<meta property=\"og:image:height\" content=\"1024\" \/>\n\t<meta property=\"og:image:type\" content=\"image\/jpeg\" \/>\n<meta name=\"twitter:card\" content=\"summary_large_image\" \/>\n<meta name=\"twitter:image\" content=\"https:\/\/interpim.erresse-shop.it\/Import\/Prodotti\/staub-cocotte-ovale-ghisa-23-cm-grigio-grafite.jpg\" \/>\n<script type=\"application\/ld+json\" class=\"yoast-schema-graph\">{\"@context\":\"https:\/\/schema.org\",\"@graph\":[{\"@type\":\"WebPage\",\"@id\":\"https:\/\/dev6.erresse-shop.it\/fr\/shop\/poeles-pots\/marmites-et-cocottes-poeles-pots\/staub-cocotte-ovale-en-fonte-23-cm-gris-graphite\/\",\"url\":\"https:\/\/dev6.erresse-shop.it\/fr\/shop\/poeles-pots\/marmites-et-cocottes-poeles-pots\/staub-cocotte-ovale-en-fonte-23-cm-gris-graphite\/\",\"name\":\"STAUB Cocotte ovale en fonte 23 cm Gris Graphite - dev6 Erresse\",\"isPartOf\":{\"@id\":\"https:\/\/dev6.erresse-shop.it\/#website\"},\"primaryImageOfPage\":{\"@id\":\"https:\/\/dev6.erresse-shop.it\/fr\/shop\/poeles-pots\/marmites-et-cocottes-poeles-pots\/staub-cocotte-ovale-en-fonte-23-cm-gris-graphite\/#primaryimage\"},\"image\":{\"@id\":\"https:\/\/dev6.erresse-shop.it\/fr\/shop\/poeles-pots\/marmites-et-cocottes-poeles-pots\/staub-cocotte-ovale-en-fonte-23-cm-gris-graphite\/#primaryimage\"},\"thumbnailUrl\":\"https:\/\/i1.wp.com\/interpim.erresse-shop.it\/Import\/Prodotti\/staub-cocotte-ovale-ghisa-23-cm-grigio-grafite.jpg?ssl=1\",\"datePublished\":\"2026-04-04T11:26:32+00:00\",\"description\":\"Cette cocotte Staub est parfaite pour les rago\u00fbts, les r\u00f4tis ou les plats n\u00e9cessitant une cuisson lente. La cocotte ovale gris graphite, d\u2019un diam\u00e8tre de\",\"breadcrumb\":{\"@id\":\"https:\/\/dev6.erresse-shop.it\/fr\/shop\/poeles-pots\/marmites-et-cocottes-poeles-pots\/staub-cocotte-ovale-en-fonte-23-cm-gris-graphite\/#breadcrumb\"},\"inLanguage\":\"fr-FR\",\"potentialAction\":[{\"@type\":\"ReadAction\",\"target\":[\"https:\/\/dev6.erresse-shop.it\/fr\/shop\/poeles-pots\/marmites-et-cocottes-poeles-pots\/staub-cocotte-ovale-en-fonte-23-cm-gris-graphite\/\"]}]},{\"@type\":\"ImageObject\",\"inLanguage\":\"fr-FR\",\"@id\":\"https:\/\/dev6.erresse-shop.it\/fr\/shop\/poeles-pots\/marmites-et-cocottes-poeles-pots\/staub-cocotte-ovale-en-fonte-23-cm-gris-graphite\/#primaryimage\",\"url\":\"https:\/\/i1.wp.com\/interpim.erresse-shop.it\/Import\/Prodotti\/staub-cocotte-ovale-ghisa-23-cm-grigio-grafite.jpg?ssl=1\",\"contentUrl\":\"https:\/\/i1.wp.com\/interpim.erresse-shop.it\/Import\/Prodotti\/staub-cocotte-ovale-ghisa-23-cm-grigio-grafite.jpg?ssl=1\"},{\"@type\":\"BreadcrumbList\",\"@id\":\"https:\/\/dev6.erresse-shop.it\/fr\/shop\/poeles-pots\/marmites-et-cocottes-poeles-pots\/staub-cocotte-ovale-en-fonte-23-cm-gris-graphite\/#breadcrumb\",\"itemListElement\":[{\"@type\":\"ListItem\",\"position\":1,\"name\":\"Home\",\"item\":\"https:\/\/dev6.erresse-shop.it\/\"},{\"@type\":\"ListItem\",\"position\":2,\"name\":\"Boutique\",\"item\":\"https:\/\/dev6.erresse-shop.it\/shop\/\"},{\"@type\":\"ListItem\",\"position\":3,\"name\":\"STAUB Cocotte ovale en fonte 23 cm Gris Graphite\"}]},{\"@type\":\"WebSite\",\"@id\":\"https:\/\/dev6.erresse-shop.it\/#website\",\"url\":\"https:\/\/dev6.erresse-shop.it\/\",\"name\":\"Erresse Shop\",\"description\":\"\",\"publisher\":{\"@id\":\"https:\/\/dev6.erresse-shop.it\/#organization\"},\"potentialAction\":[{\"@type\":\"SearchAction\",\"target\":{\"@type\":\"EntryPoint\",\"urlTemplate\":\"https:\/\/dev6.erresse-shop.it\/?s={search_term_string}\"},\"query-input\":{\"@type\":\"PropertyValueSpecification\",\"valueRequired\":true,\"valueName\":\"search_term_string\"}}],\"inLanguage\":\"fr-FR\"},{\"@type\":\"Organization\",\"@id\":\"https:\/\/dev6.erresse-shop.it\/#organization\",\"name\":\"Erresse Shop\",\"url\":\"https:\/\/dev6.erresse-shop.it\/\",\"logo\":{\"@type\":\"ImageObject\",\"inLanguage\":\"fr-FR\",\"@id\":\"https:\/\/dev6.erresse-shop.it\/#\/schema\/logo\/image\/\",\"url\":\"https:\/\/dev6.erresse-shop.it\/wp-content\/uploads\/2025\/01\/LOGO-ERRESSE-CLASSICO.svg\",\"contentUrl\":\"https:\/\/dev6.erresse-shop.it\/wp-content\/uploads\/2025\/01\/LOGO-ERRESSE-CLASSICO.svg\",\"caption\":\"Erresse Shop\"},\"image\":{\"@id\":\"https:\/\/dev6.erresse-shop.it\/#\/schema\/logo\/image\/\"}}]}<\/script>\n<!-- \/ Yoast SEO plugin. -->","yoast_head_json":{"title":"STAUB Cocotte ovale en fonte 23 cm Gris Graphite - dev6 Erresse","description":"Cette cocotte Staub est parfaite pour les rago\u00fbts, les r\u00f4tis ou les plats n\u00e9cessitant une cuisson lente. La cocotte ovale gris graphite, d\u2019un diam\u00e8tre de","robots":{"index":"noindex","follow":"follow","max-snippet":"max-snippet:-1","max-image-preview":"max-image-preview:large","max-video-preview":"max-video-preview:-1"},"og_locale":"fr_FR","og_type":"article","og_title":"STAUB Cocotte ovale en fonte 23 cm Gris Graphite - dev6 Erresse","og_description":"Cette cocotte Staub est parfaite pour les rago\u00fbts, les r\u00f4tis ou les plats n\u00e9cessitant une cuisson lente. La cocotte ovale gris graphite, d\u2019un diam\u00e8tre de","og_url":"https:\/\/dev6.erresse-shop.it\/fr\/shop\/poeles-pots\/marmites-et-cocottes-poeles-pots\/staub-cocotte-ovale-en-fonte-23-cm-gris-graphite\/","og_site_name":"dev6 Erresse","og_image":[{"url":"https:\/\/interpim.erresse-shop.it\/Import\/Prodotti\/staub-cocotte-ovale-ghisa-23-cm-grigio-grafite.jpg","type":"","width":"","height":""},{"url":"https:\/\/interpim.erresse-shop.it\/Import\/Prodotti\/staub-cocotte-ovale-ghisa-23-cm-grigio-grafite.jpg","width":1024,"height":1024,"type":"image\/jpeg"}],"twitter_card":"summary_large_image","twitter_image":"https:\/\/interpim.erresse-shop.it\/Import\/Prodotti\/staub-cocotte-ovale-ghisa-23-cm-grigio-grafite.jpg","schema":{"@context":"https:\/\/schema.org","@graph":[{"@type":"WebPage","@id":"https:\/\/dev6.erresse-shop.it\/fr\/shop\/poeles-pots\/marmites-et-cocottes-poeles-pots\/staub-cocotte-ovale-en-fonte-23-cm-gris-graphite\/","url":"https:\/\/dev6.erresse-shop.it\/fr\/shop\/poeles-pots\/marmites-et-cocottes-poeles-pots\/staub-cocotte-ovale-en-fonte-23-cm-gris-graphite\/","name":"STAUB Cocotte ovale en fonte 23 cm Gris Graphite - dev6 Erresse","isPartOf":{"@id":"https:\/\/dev6.erresse-shop.it\/#website"},"primaryImageOfPage":{"@id":"https:\/\/dev6.erresse-shop.it\/fr\/shop\/poeles-pots\/marmites-et-cocottes-poeles-pots\/staub-cocotte-ovale-en-fonte-23-cm-gris-graphite\/#primaryimage"},"image":{"@id":"https:\/\/dev6.erresse-shop.it\/fr\/shop\/poeles-pots\/marmites-et-cocottes-poeles-pots\/staub-cocotte-ovale-en-fonte-23-cm-gris-graphite\/#primaryimage"},"thumbnailUrl":"https:\/\/i1.wp.com\/interpim.erresse-shop.it\/Import\/Prodotti\/staub-cocotte-ovale-ghisa-23-cm-grigio-grafite.jpg?ssl=1","datePublished":"2026-04-04T11:26:32+00:00","description":"Cette cocotte Staub est parfaite pour les rago\u00fbts, les r\u00f4tis ou les plats n\u00e9cessitant une cuisson lente. La cocotte ovale gris graphite, d\u2019un diam\u00e8tre de","breadcrumb":{"@id":"https:\/\/dev6.erresse-shop.it\/fr\/shop\/poeles-pots\/marmites-et-cocottes-poeles-pots\/staub-cocotte-ovale-en-fonte-23-cm-gris-graphite\/#breadcrumb"},"inLanguage":"fr-FR","potentialAction":[{"@type":"ReadAction","target":["https:\/\/dev6.erresse-shop.it\/fr\/shop\/poeles-pots\/marmites-et-cocottes-poeles-pots\/staub-cocotte-ovale-en-fonte-23-cm-gris-graphite\/"]}]},{"@type":"ImageObject","inLanguage":"fr-FR","@id":"https:\/\/dev6.erresse-shop.it\/fr\/shop\/poeles-pots\/marmites-et-cocottes-poeles-pots\/staub-cocotte-ovale-en-fonte-23-cm-gris-graphite\/#primaryimage","url":"https:\/\/i1.wp.com\/interpim.erresse-shop.it\/Import\/Prodotti\/staub-cocotte-ovale-ghisa-23-cm-grigio-grafite.jpg?ssl=1","contentUrl":"https:\/\/i1.wp.com\/interpim.erresse-shop.it\/Import\/Prodotti\/staub-cocotte-ovale-ghisa-23-cm-grigio-grafite.jpg?ssl=1"},{"@type":"BreadcrumbList","@id":"https:\/\/dev6.erresse-shop.it\/fr\/shop\/poeles-pots\/marmites-et-cocottes-poeles-pots\/staub-cocotte-ovale-en-fonte-23-cm-gris-graphite\/#breadcrumb","itemListElement":[{"@type":"ListItem","position":1,"name":"Home","item":"https:\/\/dev6.erresse-shop.it\/"},{"@type":"ListItem","position":2,"name":"Boutique","item":"https:\/\/dev6.erresse-shop.it\/shop\/"},{"@type":"ListItem","position":3,"name":"STAUB Cocotte ovale en fonte 23 cm Gris Graphite"}]},{"@type":"WebSite","@id":"https:\/\/dev6.erresse-shop.it\/#website","url":"https:\/\/dev6.erresse-shop.it\/","name":"Erresse Shop","description":"","publisher":{"@id":"https:\/\/dev6.erresse-shop.it\/#organization"},"potentialAction":[{"@type":"SearchAction","target":{"@type":"EntryPoint","urlTemplate":"https:\/\/dev6.erresse-shop.it\/?s={search_term_string}"},"query-input":{"@type":"PropertyValueSpecification","valueRequired":true,"valueName":"search_term_string"}}],"inLanguage":"fr-FR"},{"@type":"Organization","@id":"https:\/\/dev6.erresse-shop.it\/#organization","name":"Erresse Shop","url":"https:\/\/dev6.erresse-shop.it\/","logo":{"@type":"ImageObject","inLanguage":"fr-FR","@id":"https:\/\/dev6.erresse-shop.it\/#\/schema\/logo\/image\/","url":"https:\/\/dev6.erresse-shop.it\/wp-content\/uploads\/2025\/01\/LOGO-ERRESSE-CLASSICO.svg","contentUrl":"https:\/\/dev6.erresse-shop.it\/wp-content\/uploads\/2025\/01\/LOGO-ERRESSE-CLASSICO.svg","caption":"Erresse Shop"},"image":{"@id":"https:\/\/dev6.erresse-shop.it\/#\/schema\/logo\/image\/"}}]}},"df_price":146.9,"df_sale_price":146.9,"df_regular_price":229,"df_image_link":"https:\/\/i1.wp.com\/interpim.erresse-shop.it\/Import\/Prodotti\/staub-cocotte-ovale-ghisa-23-cm-grigio-grafite.jpg?resize=300,300&ssl=1","fifu_image_url":"https:\/\/interpim.erresse-shop.it\/Import\/Prodotti\/staub-cocotte-ovale-ghisa-23-cm-grigio-grafite.jpg","_links":{"self":[{"href":"https:\/\/dev6.erresse-shop.it\/fr\/wp-json\/wp\/v2\/product\/1610061","targetHints":{"allow":["GET"]}}],"collection":[{"href":"https:\/\/dev6.erresse-shop.it\/fr\/wp-json\/wp\/v2\/product"}],"about":[{"href":"https:\/\/dev6.erresse-shop.it\/fr\/wp-json\/wp\/v2\/types\/product"}],"wp:featuredmedia":[{"embeddable":true,"href":"https:\/\/dev6.erresse-shop.it\/fr\/wp-json\/wp\/v2\/media\/6293919"}],"wp:attachment":[{"href":"https:\/\/dev6.erresse-shop.it\/fr\/wp-json\/wp\/v2\/media?parent=1610061"}],"wp:term":[{"taxonomy":"product_cat","embeddable":true,"href":"https:\/\/dev6.erresse-shop.it\/fr\/wp-json\/wp\/v2\/product_cat?post=1610061"},{"taxonomy":"product_tag","embeddable":true,"href":"https:\/\/dev6.erresse-shop.it\/fr\/wp-json\/wp\/v2\/product_tag?post=1610061"}],"curies":[{"name":"wp","href":"https:\/\/api.w.org\/{rel}","templated":true}]}}