{"id":1610059,"date":"2026-04-12T13:29:02","date_gmt":"2026-04-12T11:29:02","guid":{"rendered":"https:\/\/dev6.erresse-shop.it\/shop\/non%20class\u00e9\/staub-cocotte-ovale-27-cm-gris-graphite\/"},"modified":"2025-09-14T06:44:21","modified_gmt":"2025-09-14T04:44:21","slug":"staub-cocotte-ovale-27-cm-gris-graphite","status":"publish","type":"product","link":"https:\/\/dev6.erresse-shop.it\/fr\/shop\/poeles-pots\/marmites-et-cocottes-poeles-pots\/staub-cocotte-ovale-27-cm-gris-graphite\/","title":{"rendered":"STAUB Cocotte Ovale 27 cm Gris Graphite"},"content":{"rendered":"<p>La soci\u00e9t\u00e9 Staub a cr\u00e9\u00e9 le design simple de la cocotte ovale en gris graphite, soulignant la haute qualit\u00e9 du produit. La s\u00e9rie La Cocotte est con\u00e7ue pour faciliter la vie en cuisine, en mettant l\u2019accent sur la fonctionnalit\u00e9. La cocotte de 27 cm de large est volontairement simple, avec un couvercle parfaitement ajust\u00e9 et deux poign\u00e9es en fonte pour une manipulation avec des gants de cuisine. Parfait pour les rago\u00fbts \u00e0 cuisson lente, l\u2019int\u00e9rieur en \u00e9mail noir mat assure un excellent braisage et un transfert direct de la chaleur. Chaque utilisation am\u00e9liore progressivement les propri\u00e9t\u00e9s de cuisson. Adapt\u00e9 \u00e0 tous les feux, y compris l\u2019induction, il r\u00e9partit la chaleur uniform\u00e9ment. D\u2019une hauteur de 14 cm et d\u2019une capacit\u00e9 de 3,2 litres, il est facile \u00e0 nettoyer et durable. D\u00e9couvrez les bienfaits de la cocotte et pr\u00e9parez de d\u00e9licieux plats comme le poulet au vin.<\/p>\n<p>Id\u00e9al pour sceller et cuire lentement les r\u00f4tis et les poulets entiers<br \/>\nPour une cuisson juteuse et tendre gr\u00e2ce au couvercle<br \/>\nL\u2019\u00e9mail int\u00e9rieur noir mat est id\u00e9al pour un brunissement particuli\u00e8rement croustillant et est tr\u00e8s r\u00e9sistant<br \/>\nConvient \u00e0 tous les types de plaques de cuisson, y compris \u00e0 induction, peut \u00e9galement \u00eatre plac\u00e9 au four\/grill<br \/>\nCouleur intense<\/p>\n<p>Caract\u00e9ristiques<\/p>\n<p>R\u00e9sistance \u00e0 la chaleur :240 \u00baC<br \/>\nR\u00e9sistance au froid :-20 \u00baC<br \/>\nMat\u00e9riau :fonte<br \/>\nRev\u00eatement int\u00e9rieur :\u00e9mail<br \/>\nInduction\u00a0:Oui<br \/>\nPasse au four\u00a0:Oui<br \/>\nPasse au cong\u00e9lateur\u00a0:Oui<br \/>\nPasse au four\u00a0:Oui<br \/>\nLave-vaisselle :Oui<\/p>\n<p>Dimensions<\/p>\n<p>Poids net\u00a0:4,61 kg<br \/>\nCapacit\u00e9 :3,20 l<br \/>\nLongueur du produit\u00a0:33,50 cm<br \/>\nLargeur du produit\u00a0:27,00 cm<br \/>\nHauteur du produit\u00a0:14,40 cm<br \/>\nHauteur sans couvercle\u00a0:9,70 cm<br \/>\nDiam\u00e8tre sup\u00e9rieur :27,00 cm<br \/>\nDiam\u00e8tre du fond :22,50 cm<br \/>\nLongueur du manche :3,20 cm<\/p>\n","protected":false},"excerpt":{"rendered":"<p>La soci\u00e9t\u00e9 Staub a cr\u00e9\u00e9 le design simple de la cocotte ovale en gris graphite, soulignant la haute qualit\u00e9 du produit. La s\u00e9rie La Cocotte est con\u00e7ue pour faciliter la vie en cuisine, en mettant l\u2019accent sur la fonctionnalit\u00e9. La cocotte de 27 cm de large est volontairement simple, avec un couvercle parfaitement ajust\u00e9 et [&hellip;]<\/p>\n","protected":false},"featured_media":6377177,"template":"","meta":{"_acf_changed":false},"product_cat":[12000,11991],"product_tag":[],"class_list":{"0":"post-1610059","1":"product","2":"type-product","3":"status-publish","4":"has-post-thumbnail","6":"product_cat-marmites-et-cocottes-poeles-pots","7":"product_cat-poeles-pots","9":"first","10":"instock","11":"sale","12":"taxable","13":"shipping-taxable","14":"purchasable","15":"product-type-simple","swatches":"rey-swatches","show_selected":"","stretch_labels":"rey-swatches--stretch-labels"},"acf":[],"yoast_head":"<!-- This site is optimized with the Yoast SEO plugin v25.4 - https:\/\/yoast.com\/wordpress\/plugins\/seo\/ -->\n<title>STAUB Cocotte Ovale 27 cm Gris Graphite - dev6 Erresse<\/title>\n<meta name=\"description\" content=\"La soci\u00e9t\u00e9 Staub a cr\u00e9\u00e9 le design simple de la cocotte ovale en gris graphite, soulignant la haute qualit\u00e9 du produit. La s\u00e9rie La Cocotte est con\u00e7ue pour\" \/>\n<meta name=\"robots\" content=\"noindex, follow, max-snippet:-1, max-image-preview:large, max-video-preview:-1\" \/>\n<meta property=\"og:locale\" content=\"fr_FR\" \/>\n<meta property=\"og:type\" content=\"article\" \/>\n<meta property=\"og:title\" content=\"STAUB Cocotte Ovale 27 cm Gris Graphite - dev6 Erresse\" \/>\n<meta property=\"og:description\" content=\"La soci\u00e9t\u00e9 Staub a cr\u00e9\u00e9 le design simple de la cocotte ovale en gris graphite, soulignant la haute qualit\u00e9 du produit. La s\u00e9rie La Cocotte est con\u00e7ue pour\" \/>\n<meta property=\"og:url\" content=\"https:\/\/dev6.erresse-shop.it\/fr\/shop\/poeles-pots\/marmites-et-cocottes-poeles-pots\/staub-cocotte-ovale-27-cm-gris-graphite\/\" \/>\n<meta property=\"og:site_name\" content=\"dev6 Erresse\" \/>\n<meta property=\"og:image\" content=\"https:\/\/interpim.erresse-shop.it\/Import\/Prodotti\/staub-cocotte-ovale-ghisa-27-cm-grigio-grafite.jpg\" \/><meta property=\"og:image\" content=\"https:\/\/interpim.erresse-shop.it\/Import\/Prodotti\/staub-cocotte-ovale-ghisa-27-cm-grigio-grafite.jpg\" \/>\n\t<meta property=\"og:image:width\" content=\"1024\" \/>\n\t<meta property=\"og:image:height\" content=\"1024\" \/>\n\t<meta property=\"og:image:type\" content=\"image\/jpeg\" \/>\n<meta name=\"twitter:card\" content=\"summary_large_image\" \/>\n<meta name=\"twitter:image\" content=\"https:\/\/interpim.erresse-shop.it\/Import\/Prodotti\/staub-cocotte-ovale-ghisa-27-cm-grigio-grafite.jpg\" \/>\n<script type=\"application\/ld+json\" class=\"yoast-schema-graph\">{\"@context\":\"https:\/\/schema.org\",\"@graph\":[{\"@type\":\"WebPage\",\"@id\":\"https:\/\/dev6.erresse-shop.it\/fr\/shop\/poeles-pots\/marmites-et-cocottes-poeles-pots\/staub-cocotte-ovale-27-cm-gris-graphite\/\",\"url\":\"https:\/\/dev6.erresse-shop.it\/fr\/shop\/poeles-pots\/marmites-et-cocottes-poeles-pots\/staub-cocotte-ovale-27-cm-gris-graphite\/\",\"name\":\"STAUB Cocotte Ovale 27 cm Gris Graphite - dev6 Erresse\",\"isPartOf\":{\"@id\":\"https:\/\/dev6.erresse-shop.it\/#website\"},\"primaryImageOfPage\":{\"@id\":\"https:\/\/dev6.erresse-shop.it\/fr\/shop\/poeles-pots\/marmites-et-cocottes-poeles-pots\/staub-cocotte-ovale-27-cm-gris-graphite\/#primaryimage\"},\"image\":{\"@id\":\"https:\/\/dev6.erresse-shop.it\/fr\/shop\/poeles-pots\/marmites-et-cocottes-poeles-pots\/staub-cocotte-ovale-27-cm-gris-graphite\/#primaryimage\"},\"thumbnailUrl\":\"https:\/\/i2.wp.com\/interpim.erresse-shop.it\/Import\/Prodotti\/staub-cocotte-ovale-ghisa-27-cm-grigio-grafite.jpg?ssl=1\",\"datePublished\":\"2026-04-12T11:29:02+00:00\",\"description\":\"La soci\u00e9t\u00e9 Staub a cr\u00e9\u00e9 le design simple de la cocotte ovale en gris graphite, soulignant la haute qualit\u00e9 du produit. La s\u00e9rie La Cocotte est con\u00e7ue pour\",\"breadcrumb\":{\"@id\":\"https:\/\/dev6.erresse-shop.it\/fr\/shop\/poeles-pots\/marmites-et-cocottes-poeles-pots\/staub-cocotte-ovale-27-cm-gris-graphite\/#breadcrumb\"},\"inLanguage\":\"fr-FR\",\"potentialAction\":[{\"@type\":\"ReadAction\",\"target\":[\"https:\/\/dev6.erresse-shop.it\/fr\/shop\/poeles-pots\/marmites-et-cocottes-poeles-pots\/staub-cocotte-ovale-27-cm-gris-graphite\/\"]}]},{\"@type\":\"ImageObject\",\"inLanguage\":\"fr-FR\",\"@id\":\"https:\/\/dev6.erresse-shop.it\/fr\/shop\/poeles-pots\/marmites-et-cocottes-poeles-pots\/staub-cocotte-ovale-27-cm-gris-graphite\/#primaryimage\",\"url\":\"https:\/\/i2.wp.com\/interpim.erresse-shop.it\/Import\/Prodotti\/staub-cocotte-ovale-ghisa-27-cm-grigio-grafite.jpg?ssl=1\",\"contentUrl\":\"https:\/\/i2.wp.com\/interpim.erresse-shop.it\/Import\/Prodotti\/staub-cocotte-ovale-ghisa-27-cm-grigio-grafite.jpg?ssl=1\"},{\"@type\":\"BreadcrumbList\",\"@id\":\"https:\/\/dev6.erresse-shop.it\/fr\/shop\/poeles-pots\/marmites-et-cocottes-poeles-pots\/staub-cocotte-ovale-27-cm-gris-graphite\/#breadcrumb\",\"itemListElement\":[{\"@type\":\"ListItem\",\"position\":1,\"name\":\"Home\",\"item\":\"https:\/\/dev6.erresse-shop.it\/\"},{\"@type\":\"ListItem\",\"position\":2,\"name\":\"Boutique\",\"item\":\"https:\/\/dev6.erresse-shop.it\/shop\/\"},{\"@type\":\"ListItem\",\"position\":3,\"name\":\"STAUB Cocotte Ovale 27 cm Gris Graphite\"}]},{\"@type\":\"WebSite\",\"@id\":\"https:\/\/dev6.erresse-shop.it\/#website\",\"url\":\"https:\/\/dev6.erresse-shop.it\/\",\"name\":\"Erresse Shop\",\"description\":\"\",\"publisher\":{\"@id\":\"https:\/\/dev6.erresse-shop.it\/#organization\"},\"potentialAction\":[{\"@type\":\"SearchAction\",\"target\":{\"@type\":\"EntryPoint\",\"urlTemplate\":\"https:\/\/dev6.erresse-shop.it\/?s={search_term_string}\"},\"query-input\":{\"@type\":\"PropertyValueSpecification\",\"valueRequired\":true,\"valueName\":\"search_term_string\"}}],\"inLanguage\":\"fr-FR\"},{\"@type\":\"Organization\",\"@id\":\"https:\/\/dev6.erresse-shop.it\/#organization\",\"name\":\"Erresse Shop\",\"url\":\"https:\/\/dev6.erresse-shop.it\/\",\"logo\":{\"@type\":\"ImageObject\",\"inLanguage\":\"fr-FR\",\"@id\":\"https:\/\/dev6.erresse-shop.it\/#\/schema\/logo\/image\/\",\"url\":\"https:\/\/dev6.erresse-shop.it\/wp-content\/uploads\/2025\/01\/LOGO-ERRESSE-CLASSICO.svg\",\"contentUrl\":\"https:\/\/dev6.erresse-shop.it\/wp-content\/uploads\/2025\/01\/LOGO-ERRESSE-CLASSICO.svg\",\"caption\":\"Erresse Shop\"},\"image\":{\"@id\":\"https:\/\/dev6.erresse-shop.it\/#\/schema\/logo\/image\/\"}}]}<\/script>\n<!-- \/ Yoast SEO plugin. -->","yoast_head_json":{"title":"STAUB Cocotte Ovale 27 cm Gris Graphite - dev6 Erresse","description":"La soci\u00e9t\u00e9 Staub a cr\u00e9\u00e9 le design simple de la cocotte ovale en gris graphite, soulignant la haute qualit\u00e9 du produit. La s\u00e9rie La Cocotte est con\u00e7ue pour","robots":{"index":"noindex","follow":"follow","max-snippet":"max-snippet:-1","max-image-preview":"max-image-preview:large","max-video-preview":"max-video-preview:-1"},"og_locale":"fr_FR","og_type":"article","og_title":"STAUB Cocotte Ovale 27 cm Gris Graphite - dev6 Erresse","og_description":"La soci\u00e9t\u00e9 Staub a cr\u00e9\u00e9 le design simple de la cocotte ovale en gris graphite, soulignant la haute qualit\u00e9 du produit. La s\u00e9rie La Cocotte est con\u00e7ue pour","og_url":"https:\/\/dev6.erresse-shop.it\/fr\/shop\/poeles-pots\/marmites-et-cocottes-poeles-pots\/staub-cocotte-ovale-27-cm-gris-graphite\/","og_site_name":"dev6 Erresse","og_image":[{"url":"https:\/\/interpim.erresse-shop.it\/Import\/Prodotti\/staub-cocotte-ovale-ghisa-27-cm-grigio-grafite.jpg","type":"","width":"","height":""},{"url":"https:\/\/interpim.erresse-shop.it\/Import\/Prodotti\/staub-cocotte-ovale-ghisa-27-cm-grigio-grafite.jpg","width":1024,"height":1024,"type":"image\/jpeg"}],"twitter_card":"summary_large_image","twitter_image":"https:\/\/interpim.erresse-shop.it\/Import\/Prodotti\/staub-cocotte-ovale-ghisa-27-cm-grigio-grafite.jpg","schema":{"@context":"https:\/\/schema.org","@graph":[{"@type":"WebPage","@id":"https:\/\/dev6.erresse-shop.it\/fr\/shop\/poeles-pots\/marmites-et-cocottes-poeles-pots\/staub-cocotte-ovale-27-cm-gris-graphite\/","url":"https:\/\/dev6.erresse-shop.it\/fr\/shop\/poeles-pots\/marmites-et-cocottes-poeles-pots\/staub-cocotte-ovale-27-cm-gris-graphite\/","name":"STAUB Cocotte Ovale 27 cm Gris Graphite - dev6 Erresse","isPartOf":{"@id":"https:\/\/dev6.erresse-shop.it\/#website"},"primaryImageOfPage":{"@id":"https:\/\/dev6.erresse-shop.it\/fr\/shop\/poeles-pots\/marmites-et-cocottes-poeles-pots\/staub-cocotte-ovale-27-cm-gris-graphite\/#primaryimage"},"image":{"@id":"https:\/\/dev6.erresse-shop.it\/fr\/shop\/poeles-pots\/marmites-et-cocottes-poeles-pots\/staub-cocotte-ovale-27-cm-gris-graphite\/#primaryimage"},"thumbnailUrl":"https:\/\/i2.wp.com\/interpim.erresse-shop.it\/Import\/Prodotti\/staub-cocotte-ovale-ghisa-27-cm-grigio-grafite.jpg?ssl=1","datePublished":"2026-04-12T11:29:02+00:00","description":"La soci\u00e9t\u00e9 Staub a cr\u00e9\u00e9 le design simple de la cocotte ovale en gris graphite, soulignant la haute qualit\u00e9 du produit. La s\u00e9rie La Cocotte est con\u00e7ue pour","breadcrumb":{"@id":"https:\/\/dev6.erresse-shop.it\/fr\/shop\/poeles-pots\/marmites-et-cocottes-poeles-pots\/staub-cocotte-ovale-27-cm-gris-graphite\/#breadcrumb"},"inLanguage":"fr-FR","potentialAction":[{"@type":"ReadAction","target":["https:\/\/dev6.erresse-shop.it\/fr\/shop\/poeles-pots\/marmites-et-cocottes-poeles-pots\/staub-cocotte-ovale-27-cm-gris-graphite\/"]}]},{"@type":"ImageObject","inLanguage":"fr-FR","@id":"https:\/\/dev6.erresse-shop.it\/fr\/shop\/poeles-pots\/marmites-et-cocottes-poeles-pots\/staub-cocotte-ovale-27-cm-gris-graphite\/#primaryimage","url":"https:\/\/i2.wp.com\/interpim.erresse-shop.it\/Import\/Prodotti\/staub-cocotte-ovale-ghisa-27-cm-grigio-grafite.jpg?ssl=1","contentUrl":"https:\/\/i2.wp.com\/interpim.erresse-shop.it\/Import\/Prodotti\/staub-cocotte-ovale-ghisa-27-cm-grigio-grafite.jpg?ssl=1"},{"@type":"BreadcrumbList","@id":"https:\/\/dev6.erresse-shop.it\/fr\/shop\/poeles-pots\/marmites-et-cocottes-poeles-pots\/staub-cocotte-ovale-27-cm-gris-graphite\/#breadcrumb","itemListElement":[{"@type":"ListItem","position":1,"name":"Home","item":"https:\/\/dev6.erresse-shop.it\/"},{"@type":"ListItem","position":2,"name":"Boutique","item":"https:\/\/dev6.erresse-shop.it\/shop\/"},{"@type":"ListItem","position":3,"name":"STAUB Cocotte Ovale 27 cm Gris Graphite"}]},{"@type":"WebSite","@id":"https:\/\/dev6.erresse-shop.it\/#website","url":"https:\/\/dev6.erresse-shop.it\/","name":"Erresse Shop","description":"","publisher":{"@id":"https:\/\/dev6.erresse-shop.it\/#organization"},"potentialAction":[{"@type":"SearchAction","target":{"@type":"EntryPoint","urlTemplate":"https:\/\/dev6.erresse-shop.it\/?s={search_term_string}"},"query-input":{"@type":"PropertyValueSpecification","valueRequired":true,"valueName":"search_term_string"}}],"inLanguage":"fr-FR"},{"@type":"Organization","@id":"https:\/\/dev6.erresse-shop.it\/#organization","name":"Erresse Shop","url":"https:\/\/dev6.erresse-shop.it\/","logo":{"@type":"ImageObject","inLanguage":"fr-FR","@id":"https:\/\/dev6.erresse-shop.it\/#\/schema\/logo\/image\/","url":"https:\/\/dev6.erresse-shop.it\/wp-content\/uploads\/2025\/01\/LOGO-ERRESSE-CLASSICO.svg","contentUrl":"https:\/\/dev6.erresse-shop.it\/wp-content\/uploads\/2025\/01\/LOGO-ERRESSE-CLASSICO.svg","caption":"Erresse Shop"},"image":{"@id":"https:\/\/dev6.erresse-shop.it\/#\/schema\/logo\/image\/"}}]}},"df_price":169.9,"df_sale_price":169.9,"df_regular_price":269,"df_image_link":"https:\/\/i2.wp.com\/interpim.erresse-shop.it\/Import\/Prodotti\/staub-cocotte-ovale-ghisa-27-cm-grigio-grafite.jpg?resize=300,300&ssl=1","fifu_image_url":"https:\/\/interpim.erresse-shop.it\/Import\/Prodotti\/staub-cocotte-ovale-ghisa-27-cm-grigio-grafite.jpg","_links":{"self":[{"href":"https:\/\/dev6.erresse-shop.it\/fr\/wp-json\/wp\/v2\/product\/1610059","targetHints":{"allow":["GET"]}}],"collection":[{"href":"https:\/\/dev6.erresse-shop.it\/fr\/wp-json\/wp\/v2\/product"}],"about":[{"href":"https:\/\/dev6.erresse-shop.it\/fr\/wp-json\/wp\/v2\/types\/product"}],"wp:featuredmedia":[{"embeddable":true,"href":"https:\/\/dev6.erresse-shop.it\/fr\/wp-json\/wp\/v2\/media\/6377177"}],"wp:attachment":[{"href":"https:\/\/dev6.erresse-shop.it\/fr\/wp-json\/wp\/v2\/media?parent=1610059"}],"wp:term":[{"taxonomy":"product_cat","embeddable":true,"href":"https:\/\/dev6.erresse-shop.it\/fr\/wp-json\/wp\/v2\/product_cat?post=1610059"},{"taxonomy":"product_tag","embeddable":true,"href":"https:\/\/dev6.erresse-shop.it\/fr\/wp-json\/wp\/v2\/product_tag?post=1610059"}],"curies":[{"name":"wp","href":"https:\/\/api.w.org\/{rel}","templated":true}]}}