{"id":1610057,"date":"2026-04-12T13:29:02","date_gmt":"2026-04-12T11:29:02","guid":{"rendered":"https:\/\/dev6.erresse-shop.it\/shop\/non%20class\u00e9\/staub-cocotte-ronde-22-cm-sage\/"},"modified":"2025-09-14T06:44:16","modified_gmt":"2025-09-14T04:44:16","slug":"staub-cocotte-ronde-22-cm-sage","status":"publish","type":"product","link":"https:\/\/dev6.erresse-shop.it\/fr\/shop\/poeles-pots\/marmites-et-cocottes-poeles-pots\/staub-cocotte-ronde-22-cm-sage\/","title":{"rendered":"STAUB Cocotte ronde 22 cm Sage"},"content":{"rendered":"<p>Cette cocotte ronde de la populaire s\u00e9rie La Cocotte peut \u00eatre utilis\u00e9e pour cuisiner toutes sortes de plats brais\u00e9s, de rago\u00fbts et m\u00eame de desserts. Lors de la cuisson \u00e0 l\u2019\u00e9touff\u00e9e, il est important que tous les ingr\u00e9dients soient chauff\u00e9s uniform\u00e9ment et doucement. La fonte dont est compos\u00e9e la casserole retient tr\u00e8s bien la chaleur et la redistribue uniform\u00e9ment. Cet effet brais\u00e9 est encore renforc\u00e9 par le rev\u00eatement en \u00e9mail noir mat \u00e0 l\u2019int\u00e9rieur de la po\u00eale, qui accentue \u00e9galement la saveur des aliments. L\u2019effet du vernis \u00e0 ongles s\u2019intensifie encore avec une utilisation r\u00e9guli\u00e8re. Ainsi, les d\u00e9butants, les passionn\u00e9s de cuisine et les chefs professionnels apportent de savoureux plats brais\u00e9s \u00e0 table avec cette cocotte. La finition vert basilic de la cocotte ajoute une touche d\u00e9corative \u00e0 la table, apportant une belle explosion de couleur. La cocotte se distingue par le mat\u00e9riau dont elle est compos\u00e9e et par sa r\u00e9sistance. De plus, la fonte est tr\u00e8s facile \u00e0 nettoyer et convient \u00e0 tous les types de plaques de cuisson, y compris les plaques \u00e0 induction. Avec un diam\u00e8tre de 22 cm et une capacit\u00e9 allant jusqu\u2019\u00e0 2,6 litres, la cocotte est particuli\u00e8rement adapt\u00e9e \u00e0 la cuisson d\u2019accompagnements et de rago\u00fbts. Avec cette cocotte de Staub, vous pourrez g\u00e2ter vos proches avec des plats savoureux mais faciles \u00e0 pr\u00e9parer.<\/p>\n<p>Id\u00e9al pour sceller et cuire lentement de la viande, du poisson ou des l\u00e9gumes<br \/>\nPour une cuisson juteuse et tendre gr\u00e2ce au couvercle<br \/>\nL\u2019\u00e9mail int\u00e9rieur noir mat est id\u00e9al pour un brunissement particuli\u00e8rement croustillant et est tr\u00e8s r\u00e9sistant<br \/>\nConvient \u00e0 tous les types de plaques de cuisson, y compris \u00e0 induction, peut \u00e9galement \u00eatre plac\u00e9 au four\/grill<\/p>\n<p>Caract\u00e9ristiques\u00a0:<\/p>\n<p>R\u00e9sistance \u00e0 la chaleur : 260 \u00baC<br \/>\nR\u00e9sistance au froid : -20 \u00baC<br \/>\nMat\u00e9riau : fonte<br \/>\nRev\u00eatement int\u00e9rieur : \u00e9mail<br \/>\nInduction\u00a0: Oui<br \/>\nPasse au four\u00a0: Oui<br \/>\nPasse au cong\u00e9lateur\u00a0: Oui<br \/>\nPasse au four\u00a0: Oui<br \/>\nLave-vaisselle : Oui<\/p>\n<p>Dimensions\u00a0:<\/p>\n<p>Poids net : 3,95 kg<br \/>\nCapacit\u00e9 : 2,60 l<br \/>\nLongueur du produit\u00a0: 28,40 cm<br \/>\nLargeur du produit\u00a0: 22,00 cm<br \/>\nHauteur du produit\u00a0: 14,70 cm<br \/>\nHauteur sans couvercle : 9,90 cm<br \/>\nDiam\u00e8tre sup\u00e9rieur : 22,00 cm<br \/>\nDiam\u00e8tre du fond : 17,10 cm<br \/>\nLongueur du manche : 3,00 cm<\/p>\n","protected":false},"excerpt":{"rendered":"<p>Cette cocotte ronde de la populaire s\u00e9rie La Cocotte peut \u00eatre utilis\u00e9e pour cuisiner toutes sortes de plats brais\u00e9s, de rago\u00fbts et m\u00eame de desserts. Lors de la cuisson \u00e0 l\u2019\u00e9touff\u00e9e, il est important que tous les ingr\u00e9dients soient chauff\u00e9s uniform\u00e9ment et doucement. La fonte dont est compos\u00e9e la casserole retient tr\u00e8s bien la chaleur [&hellip;]<\/p>\n","protected":false},"featured_media":6377162,"template":"","meta":{"_acf_changed":false},"product_cat":[12000,11991],"product_tag":[],"class_list":{"0":"post-1610057","1":"product","2":"type-product","3":"status-publish","4":"has-post-thumbnail","6":"product_cat-marmites-et-cocottes-poeles-pots","7":"product_cat-poeles-pots","9":"first","10":"instock","11":"sale","12":"taxable","13":"shipping-taxable","14":"purchasable","15":"product-type-simple","swatches":"rey-swatches","show_selected":"","stretch_labels":"rey-swatches--stretch-labels"},"acf":[],"yoast_head":"<!-- This site is optimized with the Yoast SEO plugin v25.4 - https:\/\/yoast.com\/wordpress\/plugins\/seo\/ -->\n<title>STAUB Cocotte ronde 22 cm Sage - dev6 Erresse<\/title>\n<meta name=\"description\" content=\"Cette cocotte ronde de la populaire s\u00e9rie La Cocotte peut \u00eatre utilis\u00e9e pour cuisiner toutes sortes de plats brais\u00e9s, de rago\u00fbts et m\u00eame de desserts. Lors\" \/>\n<meta name=\"robots\" content=\"noindex, follow, max-snippet:-1, max-image-preview:large, max-video-preview:-1\" \/>\n<meta property=\"og:locale\" content=\"fr_FR\" \/>\n<meta property=\"og:type\" content=\"article\" \/>\n<meta property=\"og:title\" content=\"STAUB Cocotte ronde 22 cm Sage - dev6 Erresse\" \/>\n<meta property=\"og:description\" content=\"Cette cocotte ronde de la populaire s\u00e9rie La Cocotte peut \u00eatre utilis\u00e9e pour cuisiner toutes sortes de plats brais\u00e9s, de rago\u00fbts et m\u00eame de desserts. Lors\" \/>\n<meta property=\"og:url\" content=\"https:\/\/dev6.erresse-shop.it\/fr\/shop\/poeles-pots\/marmites-et-cocottes-poeles-pots\/staub-cocotte-ronde-22-cm-sage\/\" \/>\n<meta property=\"og:site_name\" content=\"dev6 Erresse\" \/>\n<meta property=\"og:image\" content=\"https:\/\/interpim.erresse-shop.it\/Import\/Prodotti\/staub-cocotte-tonda-22-cm-salvia.jpg\" \/><meta property=\"og:image\" content=\"https:\/\/interpim.erresse-shop.it\/Import\/Prodotti\/staub-cocotte-tonda-22-cm-salvia.jpg\" \/>\n\t<meta property=\"og:image:width\" content=\"1024\" \/>\n\t<meta property=\"og:image:height\" content=\"1024\" \/>\n\t<meta property=\"og:image:type\" content=\"image\/jpeg\" \/>\n<meta name=\"twitter:card\" content=\"summary_large_image\" \/>\n<meta name=\"twitter:image\" content=\"https:\/\/interpim.erresse-shop.it\/Import\/Prodotti\/staub-cocotte-tonda-22-cm-salvia.jpg\" \/>\n<script type=\"application\/ld+json\" class=\"yoast-schema-graph\">{\"@context\":\"https:\/\/schema.org\",\"@graph\":[{\"@type\":\"WebPage\",\"@id\":\"https:\/\/dev6.erresse-shop.it\/fr\/shop\/poeles-pots\/marmites-et-cocottes-poeles-pots\/staub-cocotte-ronde-22-cm-sage\/\",\"url\":\"https:\/\/dev6.erresse-shop.it\/fr\/shop\/poeles-pots\/marmites-et-cocottes-poeles-pots\/staub-cocotte-ronde-22-cm-sage\/\",\"name\":\"STAUB Cocotte ronde 22 cm Sage - dev6 Erresse\",\"isPartOf\":{\"@id\":\"https:\/\/dev6.erresse-shop.it\/#website\"},\"primaryImageOfPage\":{\"@id\":\"https:\/\/dev6.erresse-shop.it\/fr\/shop\/poeles-pots\/marmites-et-cocottes-poeles-pots\/staub-cocotte-ronde-22-cm-sage\/#primaryimage\"},\"image\":{\"@id\":\"https:\/\/dev6.erresse-shop.it\/fr\/shop\/poeles-pots\/marmites-et-cocottes-poeles-pots\/staub-cocotte-ronde-22-cm-sage\/#primaryimage\"},\"thumbnailUrl\":\"https:\/\/i0.wp.com\/interpim.erresse-shop.it\/Import\/Prodotti\/staub-cocotte-tonda-22-cm-salvia.jpg?ssl=1\",\"datePublished\":\"2026-04-12T11:29:02+00:00\",\"description\":\"Cette cocotte ronde de la populaire s\u00e9rie La Cocotte peut \u00eatre utilis\u00e9e pour cuisiner toutes sortes de plats brais\u00e9s, de rago\u00fbts et m\u00eame de desserts. Lors\",\"breadcrumb\":{\"@id\":\"https:\/\/dev6.erresse-shop.it\/fr\/shop\/poeles-pots\/marmites-et-cocottes-poeles-pots\/staub-cocotte-ronde-22-cm-sage\/#breadcrumb\"},\"inLanguage\":\"fr-FR\",\"potentialAction\":[{\"@type\":\"ReadAction\",\"target\":[\"https:\/\/dev6.erresse-shop.it\/fr\/shop\/poeles-pots\/marmites-et-cocottes-poeles-pots\/staub-cocotte-ronde-22-cm-sage\/\"]}]},{\"@type\":\"ImageObject\",\"inLanguage\":\"fr-FR\",\"@id\":\"https:\/\/dev6.erresse-shop.it\/fr\/shop\/poeles-pots\/marmites-et-cocottes-poeles-pots\/staub-cocotte-ronde-22-cm-sage\/#primaryimage\",\"url\":\"https:\/\/i0.wp.com\/interpim.erresse-shop.it\/Import\/Prodotti\/staub-cocotte-tonda-22-cm-salvia.jpg?ssl=1\",\"contentUrl\":\"https:\/\/i0.wp.com\/interpim.erresse-shop.it\/Import\/Prodotti\/staub-cocotte-tonda-22-cm-salvia.jpg?ssl=1\"},{\"@type\":\"BreadcrumbList\",\"@id\":\"https:\/\/dev6.erresse-shop.it\/fr\/shop\/poeles-pots\/marmites-et-cocottes-poeles-pots\/staub-cocotte-ronde-22-cm-sage\/#breadcrumb\",\"itemListElement\":[{\"@type\":\"ListItem\",\"position\":1,\"name\":\"Home\",\"item\":\"https:\/\/dev6.erresse-shop.it\/\"},{\"@type\":\"ListItem\",\"position\":2,\"name\":\"Boutique\",\"item\":\"https:\/\/dev6.erresse-shop.it\/shop\/\"},{\"@type\":\"ListItem\",\"position\":3,\"name\":\"STAUB Cocotte ronde 22 cm Sage\"}]},{\"@type\":\"WebSite\",\"@id\":\"https:\/\/dev6.erresse-shop.it\/#website\",\"url\":\"https:\/\/dev6.erresse-shop.it\/\",\"name\":\"Erresse Shop\",\"description\":\"\",\"publisher\":{\"@id\":\"https:\/\/dev6.erresse-shop.it\/#organization\"},\"potentialAction\":[{\"@type\":\"SearchAction\",\"target\":{\"@type\":\"EntryPoint\",\"urlTemplate\":\"https:\/\/dev6.erresse-shop.it\/?s={search_term_string}\"},\"query-input\":{\"@type\":\"PropertyValueSpecification\",\"valueRequired\":true,\"valueName\":\"search_term_string\"}}],\"inLanguage\":\"fr-FR\"},{\"@type\":\"Organization\",\"@id\":\"https:\/\/dev6.erresse-shop.it\/#organization\",\"name\":\"Erresse Shop\",\"url\":\"https:\/\/dev6.erresse-shop.it\/\",\"logo\":{\"@type\":\"ImageObject\",\"inLanguage\":\"fr-FR\",\"@id\":\"https:\/\/dev6.erresse-shop.it\/#\/schema\/logo\/image\/\",\"url\":\"https:\/\/dev6.erresse-shop.it\/wp-content\/uploads\/2025\/01\/LOGO-ERRESSE-CLASSICO.svg\",\"contentUrl\":\"https:\/\/dev6.erresse-shop.it\/wp-content\/uploads\/2025\/01\/LOGO-ERRESSE-CLASSICO.svg\",\"caption\":\"Erresse Shop\"},\"image\":{\"@id\":\"https:\/\/dev6.erresse-shop.it\/#\/schema\/logo\/image\/\"}}]}<\/script>\n<!-- \/ Yoast SEO plugin. -->","yoast_head_json":{"title":"STAUB Cocotte ronde 22 cm Sage - dev6 Erresse","description":"Cette cocotte ronde de la populaire s\u00e9rie La Cocotte peut \u00eatre utilis\u00e9e pour cuisiner toutes sortes de plats brais\u00e9s, de rago\u00fbts et m\u00eame de desserts. Lors","robots":{"index":"noindex","follow":"follow","max-snippet":"max-snippet:-1","max-image-preview":"max-image-preview:large","max-video-preview":"max-video-preview:-1"},"og_locale":"fr_FR","og_type":"article","og_title":"STAUB Cocotte ronde 22 cm Sage - dev6 Erresse","og_description":"Cette cocotte ronde de la populaire s\u00e9rie La Cocotte peut \u00eatre utilis\u00e9e pour cuisiner toutes sortes de plats brais\u00e9s, de rago\u00fbts et m\u00eame de desserts. Lors","og_url":"https:\/\/dev6.erresse-shop.it\/fr\/shop\/poeles-pots\/marmites-et-cocottes-poeles-pots\/staub-cocotte-ronde-22-cm-sage\/","og_site_name":"dev6 Erresse","og_image":[{"url":"https:\/\/interpim.erresse-shop.it\/Import\/Prodotti\/staub-cocotte-tonda-22-cm-salvia.jpg","type":"","width":"","height":""},{"url":"https:\/\/interpim.erresse-shop.it\/Import\/Prodotti\/staub-cocotte-tonda-22-cm-salvia.jpg","width":1024,"height":1024,"type":"image\/jpeg"}],"twitter_card":"summary_large_image","twitter_image":"https:\/\/interpim.erresse-shop.it\/Import\/Prodotti\/staub-cocotte-tonda-22-cm-salvia.jpg","schema":{"@context":"https:\/\/schema.org","@graph":[{"@type":"WebPage","@id":"https:\/\/dev6.erresse-shop.it\/fr\/shop\/poeles-pots\/marmites-et-cocottes-poeles-pots\/staub-cocotte-ronde-22-cm-sage\/","url":"https:\/\/dev6.erresse-shop.it\/fr\/shop\/poeles-pots\/marmites-et-cocottes-poeles-pots\/staub-cocotte-ronde-22-cm-sage\/","name":"STAUB Cocotte ronde 22 cm Sage - dev6 Erresse","isPartOf":{"@id":"https:\/\/dev6.erresse-shop.it\/#website"},"primaryImageOfPage":{"@id":"https:\/\/dev6.erresse-shop.it\/fr\/shop\/poeles-pots\/marmites-et-cocottes-poeles-pots\/staub-cocotte-ronde-22-cm-sage\/#primaryimage"},"image":{"@id":"https:\/\/dev6.erresse-shop.it\/fr\/shop\/poeles-pots\/marmites-et-cocottes-poeles-pots\/staub-cocotte-ronde-22-cm-sage\/#primaryimage"},"thumbnailUrl":"https:\/\/i0.wp.com\/interpim.erresse-shop.it\/Import\/Prodotti\/staub-cocotte-tonda-22-cm-salvia.jpg?ssl=1","datePublished":"2026-04-12T11:29:02+00:00","description":"Cette cocotte ronde de la populaire s\u00e9rie La Cocotte peut \u00eatre utilis\u00e9e pour cuisiner toutes sortes de plats brais\u00e9s, de rago\u00fbts et m\u00eame de desserts. Lors","breadcrumb":{"@id":"https:\/\/dev6.erresse-shop.it\/fr\/shop\/poeles-pots\/marmites-et-cocottes-poeles-pots\/staub-cocotte-ronde-22-cm-sage\/#breadcrumb"},"inLanguage":"fr-FR","potentialAction":[{"@type":"ReadAction","target":["https:\/\/dev6.erresse-shop.it\/fr\/shop\/poeles-pots\/marmites-et-cocottes-poeles-pots\/staub-cocotte-ronde-22-cm-sage\/"]}]},{"@type":"ImageObject","inLanguage":"fr-FR","@id":"https:\/\/dev6.erresse-shop.it\/fr\/shop\/poeles-pots\/marmites-et-cocottes-poeles-pots\/staub-cocotte-ronde-22-cm-sage\/#primaryimage","url":"https:\/\/i0.wp.com\/interpim.erresse-shop.it\/Import\/Prodotti\/staub-cocotte-tonda-22-cm-salvia.jpg?ssl=1","contentUrl":"https:\/\/i0.wp.com\/interpim.erresse-shop.it\/Import\/Prodotti\/staub-cocotte-tonda-22-cm-salvia.jpg?ssl=1"},{"@type":"BreadcrumbList","@id":"https:\/\/dev6.erresse-shop.it\/fr\/shop\/poeles-pots\/marmites-et-cocottes-poeles-pots\/staub-cocotte-ronde-22-cm-sage\/#breadcrumb","itemListElement":[{"@type":"ListItem","position":1,"name":"Home","item":"https:\/\/dev6.erresse-shop.it\/"},{"@type":"ListItem","position":2,"name":"Boutique","item":"https:\/\/dev6.erresse-shop.it\/shop\/"},{"@type":"ListItem","position":3,"name":"STAUB Cocotte ronde 22 cm Sage"}]},{"@type":"WebSite","@id":"https:\/\/dev6.erresse-shop.it\/#website","url":"https:\/\/dev6.erresse-shop.it\/","name":"Erresse Shop","description":"","publisher":{"@id":"https:\/\/dev6.erresse-shop.it\/#organization"},"potentialAction":[{"@type":"SearchAction","target":{"@type":"EntryPoint","urlTemplate":"https:\/\/dev6.erresse-shop.it\/?s={search_term_string}"},"query-input":{"@type":"PropertyValueSpecification","valueRequired":true,"valueName":"search_term_string"}}],"inLanguage":"fr-FR"},{"@type":"Organization","@id":"https:\/\/dev6.erresse-shop.it\/#organization","name":"Erresse Shop","url":"https:\/\/dev6.erresse-shop.it\/","logo":{"@type":"ImageObject","inLanguage":"fr-FR","@id":"https:\/\/dev6.erresse-shop.it\/#\/schema\/logo\/image\/","url":"https:\/\/dev6.erresse-shop.it\/wp-content\/uploads\/2025\/01\/LOGO-ERRESSE-CLASSICO.svg","contentUrl":"https:\/\/dev6.erresse-shop.it\/wp-content\/uploads\/2025\/01\/LOGO-ERRESSE-CLASSICO.svg","caption":"Erresse Shop"},"image":{"@id":"https:\/\/dev6.erresse-shop.it\/#\/schema\/logo\/image\/"}}]}},"df_price":159,"df_sale_price":159,"df_regular_price":249,"df_image_link":"https:\/\/i0.wp.com\/interpim.erresse-shop.it\/Import\/Prodotti\/staub-cocotte-tonda-22-cm-salvia.jpg?resize=300,300&ssl=1","fifu_image_url":"https:\/\/interpim.erresse-shop.it\/Import\/Prodotti\/staub-cocotte-tonda-22-cm-salvia.jpg","_links":{"self":[{"href":"https:\/\/dev6.erresse-shop.it\/fr\/wp-json\/wp\/v2\/product\/1610057","targetHints":{"allow":["GET"]}}],"collection":[{"href":"https:\/\/dev6.erresse-shop.it\/fr\/wp-json\/wp\/v2\/product"}],"about":[{"href":"https:\/\/dev6.erresse-shop.it\/fr\/wp-json\/wp\/v2\/types\/product"}],"wp:featuredmedia":[{"embeddable":true,"href":"https:\/\/dev6.erresse-shop.it\/fr\/wp-json\/wp\/v2\/media\/6377162"}],"wp:attachment":[{"href":"https:\/\/dev6.erresse-shop.it\/fr\/wp-json\/wp\/v2\/media?parent=1610057"}],"wp:term":[{"taxonomy":"product_cat","embeddable":true,"href":"https:\/\/dev6.erresse-shop.it\/fr\/wp-json\/wp\/v2\/product_cat?post=1610057"},{"taxonomy":"product_tag","embeddable":true,"href":"https:\/\/dev6.erresse-shop.it\/fr\/wp-json\/wp\/v2\/product_tag?post=1610057"}],"curies":[{"name":"wp","href":"https:\/\/api.w.org\/{rel}","templated":true}]}}