{"id":1610055,"date":"2026-04-12T13:29:02","date_gmt":"2026-04-12T11:29:02","guid":{"rendered":"https:\/\/dev6.erresse-shop.it\/shop\/non%20class\u00e9\/staub-cocotte-rond-24-cm-fleur-de-cerisier\/"},"modified":"2025-09-14T06:44:10","modified_gmt":"2025-09-14T04:44:10","slug":"staub-cocotte-rond-24-cm-fleur-de-cerisier","status":"publish","type":"product","link":"https:\/\/dev6.erresse-shop.it\/fr\/shop\/poeles-pots\/marmites-et-cocottes-poeles-pots\/staub-cocotte-rond-24-cm-fleur-de-cerisier\/","title":{"rendered":"STAUB Cocotte Rond 24 cm Fleur de cerisier"},"content":{"rendered":"<p>La cocotte Staub est id\u00e9ale pour cuire lentement la viande et les l\u00e9gumes jusqu\u2019\u00e0 ce qu\u2019ils soient tendres \u00e0 souhait et pour pr\u00e9parer des rago\u00fbts et des soupes copieux. La fonte offre d\u2019excellentes propri\u00e9t\u00e9s de r\u00e9tention de la chaleur, chauffant uniform\u00e9ment. Le couvercle innovant comporte de petites pointes \u00e0 l\u2019int\u00e9rieur qui versent en continu du liquide condens\u00e9 sur les aliments, garantissant des r\u00e9sultats juteux et savoureux. L\u2019int\u00e9rieur sp\u00e9cial en \u00e9mail noir mat et le couvercle avec buses de pulv\u00e9risation continues favorisent un brunissement et un braisage parfaits, pour des plats au go\u00fbt exceptionnel. Dot\u00e9e d\u2019une finition \u00e9maill\u00e9e, chaque pi\u00e8ce passe magnifiquement de la cuisine \u00e0 la table, parfaite pour tout, de la cuisine r\u00e9confortante aux d\u00eeners \u00e9l\u00e9gants. Les ustensiles de cuisine en fonte \u00e9maill\u00e9e Staub sont le choix des grands chefs. D\u2019une durabilit\u00e9 exceptionnelle, il est id\u00e9al pour une utilisation quotidienne dans les cuisines gastronomiques ou les restaurants raffin\u00e9s. Con\u00e7us pour durer toute une vie, ces objets de famille peuvent \u00eatre transmis de g\u00e9n\u00e9ration en g\u00e9n\u00e9ration.<\/p>\n<p>Id\u00e9al pour sceller et cuire lentement de la viande, du poisson ou des l\u00e9gumes<br \/>\nPour une cuisson juteuse et tendre gr\u00e2ce au couvercle<br \/>\nL\u2019\u00e9mail int\u00e9rieur noir mat est id\u00e9al pour un brunissement particuli\u00e8rement croustillant et est tr\u00e8s r\u00e9sistant<br \/>\nConvient \u00e0 tous les types de plaques de cuisson, y compris \u00e0 induction, peut \u00e9galement \u00eatre plac\u00e9 au four\/grill<\/p>\n<p>Caract\u00e9ristiques<\/p>\n<p>R\u00e9sistance \u00e0 la chaleur : 240 \u00baC<br \/>\nR\u00e9sistance au froid : -20 \u00baC<br \/>\nMat\u00e9riau : fonte<br \/>\nRev\u00eatement int\u00e9rieur : \u00e9mail<br \/>\nInduction : Oui<br \/>\nPasse au four\u00a0: Oui<br \/>\nPasse au cong\u00e9lateur\u00a0: Oui<br \/>\nPasse au four : Oui<br \/>\nPasse au lave-vaisselle : Oui<\/p>\n<p>Taille<\/p>\n<p>Poids net : 4,74 kg<br \/>\nCapacit\u00e9 : 3,70 l<br \/>\nLongueur du produit : 30,30 cm<br \/>\nLargeur du produit : 24,00 cm<br \/>\nHauteur du produit : 15,30 cm<br \/>\nHauteur sans couvercle : 10,50 cm<br \/>\nDiam\u00e8tre sup\u00e9rieur : 24,00 cm<br \/>\nDiam\u00e8tre du fond : 19,20 cm<br \/>\nLongueur du manche : 3,00 cm<\/p>\n","protected":false},"excerpt":{"rendered":"<p>La cocotte Staub est id\u00e9ale pour cuire lentement la viande et les l\u00e9gumes jusqu\u2019\u00e0 ce qu\u2019ils soient tendres \u00e0 souhait et pour pr\u00e9parer des rago\u00fbts et des soupes copieux. La fonte offre d\u2019excellentes propri\u00e9t\u00e9s de r\u00e9tention de la chaleur, chauffant uniform\u00e9ment. Le couvercle innovant comporte de petites pointes \u00e0 l\u2019int\u00e9rieur qui versent en continu du [&hellip;]<\/p>\n","protected":false},"featured_media":6377146,"template":"","meta":{"_acf_changed":false},"product_cat":[12000,11991],"product_tag":[],"class_list":{"0":"post-1610055","1":"product","2":"type-product","3":"status-publish","4":"has-post-thumbnail","6":"product_cat-marmites-et-cocottes-poeles-pots","7":"product_cat-poeles-pots","9":"first","10":"instock","11":"sale","12":"taxable","13":"shipping-taxable","14":"purchasable","15":"product-type-simple","swatches":"rey-swatches","show_selected":"","stretch_labels":"rey-swatches--stretch-labels"},"acf":[],"yoast_head":"<!-- This site is optimized with the Yoast SEO plugin v25.4 - https:\/\/yoast.com\/wordpress\/plugins\/seo\/ -->\n<title>STAUB Cocotte Rond 24 cm Fleur de cerisier - dev6 Erresse<\/title>\n<meta name=\"description\" content=\"La cocotte Staub est id\u00e9ale pour cuire lentement la viande et les l\u00e9gumes jusqu\u2019\u00e0 ce qu\u2019ils soient tendres \u00e0 souhait et pour pr\u00e9parer des rago\u00fbts et des\" \/>\n<meta name=\"robots\" content=\"noindex, follow, max-snippet:-1, max-image-preview:large, max-video-preview:-1\" \/>\n<meta property=\"og:locale\" content=\"fr_FR\" \/>\n<meta property=\"og:type\" content=\"article\" \/>\n<meta property=\"og:title\" content=\"STAUB Cocotte Rond 24 cm Fleur de cerisier - dev6 Erresse\" \/>\n<meta property=\"og:description\" content=\"La cocotte Staub est id\u00e9ale pour cuire lentement la viande et les l\u00e9gumes jusqu\u2019\u00e0 ce qu\u2019ils soient tendres \u00e0 souhait et pour pr\u00e9parer des rago\u00fbts et des\" \/>\n<meta property=\"og:url\" content=\"https:\/\/dev6.erresse-shop.it\/fr\/shop\/poeles-pots\/marmites-et-cocottes-poeles-pots\/staub-cocotte-rond-24-cm-fleur-de-cerisier\/\" \/>\n<meta property=\"og:site_name\" content=\"dev6 Erresse\" \/>\n<meta property=\"og:image\" content=\"https:\/\/interpim.erresse-shop.it\/Import\/Prodotti\/staub-cocotte-tonda-24-cm-fiore-di-ciliegio.jpg\" \/><meta property=\"og:image\" content=\"https:\/\/interpim.erresse-shop.it\/Import\/Prodotti\/staub-cocotte-tonda-24-cm-fiore-di-ciliegio.jpg\" \/>\n\t<meta property=\"og:image:width\" content=\"1024\" \/>\n\t<meta property=\"og:image:height\" content=\"1024\" \/>\n\t<meta property=\"og:image:type\" content=\"image\/jpeg\" \/>\n<meta name=\"twitter:card\" content=\"summary_large_image\" \/>\n<meta name=\"twitter:image\" content=\"https:\/\/interpim.erresse-shop.it\/Import\/Prodotti\/staub-cocotte-tonda-24-cm-fiore-di-ciliegio.jpg\" \/>\n<script type=\"application\/ld+json\" class=\"yoast-schema-graph\">{\"@context\":\"https:\/\/schema.org\",\"@graph\":[{\"@type\":\"WebPage\",\"@id\":\"https:\/\/dev6.erresse-shop.it\/fr\/shop\/poeles-pots\/marmites-et-cocottes-poeles-pots\/staub-cocotte-rond-24-cm-fleur-de-cerisier\/\",\"url\":\"https:\/\/dev6.erresse-shop.it\/fr\/shop\/poeles-pots\/marmites-et-cocottes-poeles-pots\/staub-cocotte-rond-24-cm-fleur-de-cerisier\/\",\"name\":\"STAUB Cocotte Rond 24 cm Fleur de cerisier - dev6 Erresse\",\"isPartOf\":{\"@id\":\"https:\/\/dev6.erresse-shop.it\/#website\"},\"primaryImageOfPage\":{\"@id\":\"https:\/\/dev6.erresse-shop.it\/fr\/shop\/poeles-pots\/marmites-et-cocottes-poeles-pots\/staub-cocotte-rond-24-cm-fleur-de-cerisier\/#primaryimage\"},\"image\":{\"@id\":\"https:\/\/dev6.erresse-shop.it\/fr\/shop\/poeles-pots\/marmites-et-cocottes-poeles-pots\/staub-cocotte-rond-24-cm-fleur-de-cerisier\/#primaryimage\"},\"thumbnailUrl\":\"https:\/\/i3.wp.com\/interpim.erresse-shop.it\/Import\/Prodotti\/staub-cocotte-tonda-24-cm-fiore-di-ciliegio.jpg?ssl=1\",\"datePublished\":\"2026-04-12T11:29:02+00:00\",\"description\":\"La cocotte Staub est id\u00e9ale pour cuire lentement la viande et les l\u00e9gumes jusqu\u2019\u00e0 ce qu\u2019ils soient tendres \u00e0 souhait et pour pr\u00e9parer des rago\u00fbts et des\",\"breadcrumb\":{\"@id\":\"https:\/\/dev6.erresse-shop.it\/fr\/shop\/poeles-pots\/marmites-et-cocottes-poeles-pots\/staub-cocotte-rond-24-cm-fleur-de-cerisier\/#breadcrumb\"},\"inLanguage\":\"fr-FR\",\"potentialAction\":[{\"@type\":\"ReadAction\",\"target\":[\"https:\/\/dev6.erresse-shop.it\/fr\/shop\/poeles-pots\/marmites-et-cocottes-poeles-pots\/staub-cocotte-rond-24-cm-fleur-de-cerisier\/\"]}]},{\"@type\":\"ImageObject\",\"inLanguage\":\"fr-FR\",\"@id\":\"https:\/\/dev6.erresse-shop.it\/fr\/shop\/poeles-pots\/marmites-et-cocottes-poeles-pots\/staub-cocotte-rond-24-cm-fleur-de-cerisier\/#primaryimage\",\"url\":\"https:\/\/i3.wp.com\/interpim.erresse-shop.it\/Import\/Prodotti\/staub-cocotte-tonda-24-cm-fiore-di-ciliegio.jpg?ssl=1\",\"contentUrl\":\"https:\/\/i3.wp.com\/interpim.erresse-shop.it\/Import\/Prodotti\/staub-cocotte-tonda-24-cm-fiore-di-ciliegio.jpg?ssl=1\"},{\"@type\":\"BreadcrumbList\",\"@id\":\"https:\/\/dev6.erresse-shop.it\/fr\/shop\/poeles-pots\/marmites-et-cocottes-poeles-pots\/staub-cocotte-rond-24-cm-fleur-de-cerisier\/#breadcrumb\",\"itemListElement\":[{\"@type\":\"ListItem\",\"position\":1,\"name\":\"Home\",\"item\":\"https:\/\/dev6.erresse-shop.it\/\"},{\"@type\":\"ListItem\",\"position\":2,\"name\":\"Boutique\",\"item\":\"https:\/\/dev6.erresse-shop.it\/shop\/\"},{\"@type\":\"ListItem\",\"position\":3,\"name\":\"STAUB Cocotte Rond 24 cm Fleur de cerisier\"}]},{\"@type\":\"WebSite\",\"@id\":\"https:\/\/dev6.erresse-shop.it\/#website\",\"url\":\"https:\/\/dev6.erresse-shop.it\/\",\"name\":\"Erresse Shop\",\"description\":\"\",\"publisher\":{\"@id\":\"https:\/\/dev6.erresse-shop.it\/#organization\"},\"potentialAction\":[{\"@type\":\"SearchAction\",\"target\":{\"@type\":\"EntryPoint\",\"urlTemplate\":\"https:\/\/dev6.erresse-shop.it\/?s={search_term_string}\"},\"query-input\":{\"@type\":\"PropertyValueSpecification\",\"valueRequired\":true,\"valueName\":\"search_term_string\"}}],\"inLanguage\":\"fr-FR\"},{\"@type\":\"Organization\",\"@id\":\"https:\/\/dev6.erresse-shop.it\/#organization\",\"name\":\"Erresse Shop\",\"url\":\"https:\/\/dev6.erresse-shop.it\/\",\"logo\":{\"@type\":\"ImageObject\",\"inLanguage\":\"fr-FR\",\"@id\":\"https:\/\/dev6.erresse-shop.it\/#\/schema\/logo\/image\/\",\"url\":\"https:\/\/dev6.erresse-shop.it\/wp-content\/uploads\/2025\/01\/LOGO-ERRESSE-CLASSICO.svg\",\"contentUrl\":\"https:\/\/dev6.erresse-shop.it\/wp-content\/uploads\/2025\/01\/LOGO-ERRESSE-CLASSICO.svg\",\"caption\":\"Erresse Shop\"},\"image\":{\"@id\":\"https:\/\/dev6.erresse-shop.it\/#\/schema\/logo\/image\/\"}}]}<\/script>\n<!-- \/ Yoast SEO plugin. -->","yoast_head_json":{"title":"STAUB Cocotte Rond 24 cm Fleur de cerisier - dev6 Erresse","description":"La cocotte Staub est id\u00e9ale pour cuire lentement la viande et les l\u00e9gumes jusqu\u2019\u00e0 ce qu\u2019ils soient tendres \u00e0 souhait et pour pr\u00e9parer des rago\u00fbts et des","robots":{"index":"noindex","follow":"follow","max-snippet":"max-snippet:-1","max-image-preview":"max-image-preview:large","max-video-preview":"max-video-preview:-1"},"og_locale":"fr_FR","og_type":"article","og_title":"STAUB Cocotte Rond 24 cm Fleur de cerisier - dev6 Erresse","og_description":"La cocotte Staub est id\u00e9ale pour cuire lentement la viande et les l\u00e9gumes jusqu\u2019\u00e0 ce qu\u2019ils soient tendres \u00e0 souhait et pour pr\u00e9parer des rago\u00fbts et des","og_url":"https:\/\/dev6.erresse-shop.it\/fr\/shop\/poeles-pots\/marmites-et-cocottes-poeles-pots\/staub-cocotte-rond-24-cm-fleur-de-cerisier\/","og_site_name":"dev6 Erresse","og_image":[{"url":"https:\/\/interpim.erresse-shop.it\/Import\/Prodotti\/staub-cocotte-tonda-24-cm-fiore-di-ciliegio.jpg","type":"","width":"","height":""},{"url":"https:\/\/interpim.erresse-shop.it\/Import\/Prodotti\/staub-cocotte-tonda-24-cm-fiore-di-ciliegio.jpg","width":1024,"height":1024,"type":"image\/jpeg"}],"twitter_card":"summary_large_image","twitter_image":"https:\/\/interpim.erresse-shop.it\/Import\/Prodotti\/staub-cocotte-tonda-24-cm-fiore-di-ciliegio.jpg","schema":{"@context":"https:\/\/schema.org","@graph":[{"@type":"WebPage","@id":"https:\/\/dev6.erresse-shop.it\/fr\/shop\/poeles-pots\/marmites-et-cocottes-poeles-pots\/staub-cocotte-rond-24-cm-fleur-de-cerisier\/","url":"https:\/\/dev6.erresse-shop.it\/fr\/shop\/poeles-pots\/marmites-et-cocottes-poeles-pots\/staub-cocotte-rond-24-cm-fleur-de-cerisier\/","name":"STAUB Cocotte Rond 24 cm Fleur de cerisier - dev6 Erresse","isPartOf":{"@id":"https:\/\/dev6.erresse-shop.it\/#website"},"primaryImageOfPage":{"@id":"https:\/\/dev6.erresse-shop.it\/fr\/shop\/poeles-pots\/marmites-et-cocottes-poeles-pots\/staub-cocotte-rond-24-cm-fleur-de-cerisier\/#primaryimage"},"image":{"@id":"https:\/\/dev6.erresse-shop.it\/fr\/shop\/poeles-pots\/marmites-et-cocottes-poeles-pots\/staub-cocotte-rond-24-cm-fleur-de-cerisier\/#primaryimage"},"thumbnailUrl":"https:\/\/i3.wp.com\/interpim.erresse-shop.it\/Import\/Prodotti\/staub-cocotte-tonda-24-cm-fiore-di-ciliegio.jpg?ssl=1","datePublished":"2026-04-12T11:29:02+00:00","description":"La cocotte Staub est id\u00e9ale pour cuire lentement la viande et les l\u00e9gumes jusqu\u2019\u00e0 ce qu\u2019ils soient tendres \u00e0 souhait et pour pr\u00e9parer des rago\u00fbts et des","breadcrumb":{"@id":"https:\/\/dev6.erresse-shop.it\/fr\/shop\/poeles-pots\/marmites-et-cocottes-poeles-pots\/staub-cocotte-rond-24-cm-fleur-de-cerisier\/#breadcrumb"},"inLanguage":"fr-FR","potentialAction":[{"@type":"ReadAction","target":["https:\/\/dev6.erresse-shop.it\/fr\/shop\/poeles-pots\/marmites-et-cocottes-poeles-pots\/staub-cocotte-rond-24-cm-fleur-de-cerisier\/"]}]},{"@type":"ImageObject","inLanguage":"fr-FR","@id":"https:\/\/dev6.erresse-shop.it\/fr\/shop\/poeles-pots\/marmites-et-cocottes-poeles-pots\/staub-cocotte-rond-24-cm-fleur-de-cerisier\/#primaryimage","url":"https:\/\/i3.wp.com\/interpim.erresse-shop.it\/Import\/Prodotti\/staub-cocotte-tonda-24-cm-fiore-di-ciliegio.jpg?ssl=1","contentUrl":"https:\/\/i3.wp.com\/interpim.erresse-shop.it\/Import\/Prodotti\/staub-cocotte-tonda-24-cm-fiore-di-ciliegio.jpg?ssl=1"},{"@type":"BreadcrumbList","@id":"https:\/\/dev6.erresse-shop.it\/fr\/shop\/poeles-pots\/marmites-et-cocottes-poeles-pots\/staub-cocotte-rond-24-cm-fleur-de-cerisier\/#breadcrumb","itemListElement":[{"@type":"ListItem","position":1,"name":"Home","item":"https:\/\/dev6.erresse-shop.it\/"},{"@type":"ListItem","position":2,"name":"Boutique","item":"https:\/\/dev6.erresse-shop.it\/shop\/"},{"@type":"ListItem","position":3,"name":"STAUB Cocotte Rond 24 cm Fleur de cerisier"}]},{"@type":"WebSite","@id":"https:\/\/dev6.erresse-shop.it\/#website","url":"https:\/\/dev6.erresse-shop.it\/","name":"Erresse Shop","description":"","publisher":{"@id":"https:\/\/dev6.erresse-shop.it\/#organization"},"potentialAction":[{"@type":"SearchAction","target":{"@type":"EntryPoint","urlTemplate":"https:\/\/dev6.erresse-shop.it\/?s={search_term_string}"},"query-input":{"@type":"PropertyValueSpecification","valueRequired":true,"valueName":"search_term_string"}}],"inLanguage":"fr-FR"},{"@type":"Organization","@id":"https:\/\/dev6.erresse-shop.it\/#organization","name":"Erresse Shop","url":"https:\/\/dev6.erresse-shop.it\/","logo":{"@type":"ImageObject","inLanguage":"fr-FR","@id":"https:\/\/dev6.erresse-shop.it\/#\/schema\/logo\/image\/","url":"https:\/\/dev6.erresse-shop.it\/wp-content\/uploads\/2025\/01\/LOGO-ERRESSE-CLASSICO.svg","contentUrl":"https:\/\/dev6.erresse-shop.it\/wp-content\/uploads\/2025\/01\/LOGO-ERRESSE-CLASSICO.svg","caption":"Erresse Shop"},"image":{"@id":"https:\/\/dev6.erresse-shop.it\/#\/schema\/logo\/image\/"}}]}},"df_price":189,"df_sale_price":189,"df_regular_price":279,"df_image_link":"https:\/\/i3.wp.com\/interpim.erresse-shop.it\/Import\/Prodotti\/staub-cocotte-tonda-24-cm-fiore-di-ciliegio.jpg?resize=300,300&ssl=1","fifu_image_url":"https:\/\/interpim.erresse-shop.it\/Import\/Prodotti\/staub-cocotte-tonda-24-cm-fiore-di-ciliegio.jpg","_links":{"self":[{"href":"https:\/\/dev6.erresse-shop.it\/fr\/wp-json\/wp\/v2\/product\/1610055","targetHints":{"allow":["GET"]}}],"collection":[{"href":"https:\/\/dev6.erresse-shop.it\/fr\/wp-json\/wp\/v2\/product"}],"about":[{"href":"https:\/\/dev6.erresse-shop.it\/fr\/wp-json\/wp\/v2\/types\/product"}],"wp:featuredmedia":[{"embeddable":true,"href":"https:\/\/dev6.erresse-shop.it\/fr\/wp-json\/wp\/v2\/media\/6377146"}],"wp:attachment":[{"href":"https:\/\/dev6.erresse-shop.it\/fr\/wp-json\/wp\/v2\/media?parent=1610055"}],"wp:term":[{"taxonomy":"product_cat","embeddable":true,"href":"https:\/\/dev6.erresse-shop.it\/fr\/wp-json\/wp\/v2\/product_cat?post=1610055"},{"taxonomy":"product_tag","embeddable":true,"href":"https:\/\/dev6.erresse-shop.it\/fr\/wp-json\/wp\/v2\/product_tag?post=1610055"}],"curies":[{"name":"wp","href":"https:\/\/api.w.org\/{rel}","templated":true}]}}