{"id":1610053,"date":"2026-04-04T13:26:32","date_gmt":"2026-04-04T11:26:32","guid":{"rendered":"https:\/\/dev6.erresse-shop.it\/shop\/non%20class\u00e9\/staub-cocotte-rond-26-cm-eucalyptus\/"},"modified":"2025-09-14T06:44:04","modified_gmt":"2025-09-14T04:44:04","slug":"staub-cocotte-rond-26-cm-eucalyptus","status":"publish","type":"product","link":"https:\/\/dev6.erresse-shop.it\/fr\/shop\/poeles-pots\/marmites-et-cocottes-poeles-pots\/staub-cocotte-rond-26-cm-eucalyptus\/","title":{"rendered":"STAUB Cocotte Rond 26 cm Eucalyptus"},"content":{"rendered":"<p>La cocotte en eucalyptus de la s\u00e9rie La Cocotte de Staub, marque r\u00e9put\u00e9e pour ses cocottes en fonte de haute qualit\u00e9, ajoute une touche de gaiet\u00e9 \u00e0 la cuisine. Il est compatible avec toutes les plaques de cuisson traditionnelles, y compris l\u2019induction, et peut \u00e9galement \u00eatre utilis\u00e9 au four. Avec un diam\u00e8tre de 26 cm et une capacit\u00e9 de 5,2 litres, il est id\u00e9al pour cuisiner pour plusieurs personnes ou pour toute la famille. La conception simple met en valeur la fonctionnalit\u00e9, avec un couvercle dot\u00e9 d\u2019une structure anti-goutte sp\u00e9ciale pour r\u00e9partir uniform\u00e9ment la condensation sur les aliments pendant la cuisson, gardant les viandes tendres et les l\u00e9gumes juteux. Les poign\u00e9es lat\u00e9rales et le bouton en fonte facilitent le d\u00e9placement, tandis que le rev\u00eatement en \u00e9mail assure une excellente r\u00e9partition de la chaleur. Cela vous permet de pr\u00e9parer facilement des plats d\u00e9licats et sains, avec un nettoyage facile. La fonte assure une cuisson \u00e0 la braise efficace, id\u00e9ale pour des plats tels que la ratatouille et le poulet au vin, profitant des propri\u00e9t\u00e9s uniques du mat\u00e9riau.<\/p>\n<p>Id\u00e9al pour sceller et cuire lentement de la viande, du poisson ou des l\u00e9gumes<br \/>\nPour une cuisson juteuse et tendre gr\u00e2ce au couvercle<br \/>\nL\u2019\u00e9mail int\u00e9rieur noir mat est id\u00e9al pour un brunissement particuli\u00e8rement croustillant et est tr\u00e8s r\u00e9sistant<br \/>\nConvient \u00e0 tous les types de plaques de cuisson, y compris \u00e0 induction, peut \u00e9galement \u00eatre plac\u00e9 au four\/grill<\/p>\n<p>Caract\u00e9ristiques<\/p>\n<p>R\u00e9sistance \u00e0 la chaleur : 240 \u00baC<br \/>\nR\u00e9sistance au froid : -20 \u00baC<br \/>\nMat\u00e9riau : fonte<br \/>\nRev\u00eatement int\u00e9rieur : \u00e9mail<br \/>\nInduction : Oui<br \/>\nPasse au four\u00a0: Oui<br \/>\nPasse au cong\u00e9lateur\u00a0: Oui<br \/>\nPasse au four : Oui<br \/>\nPasse au lave-vaisselle : Oui<\/p>\n<p>Taille<\/p>\n<p>Poids net\u00a0:5,70 kg<br \/>\nCapacit\u00e9 :5,25 l<br \/>\nLongueur du produit\u00a0:32,70 cm<br \/>\nLargeur du produit\u00a0:26,00 cm<br \/>\nHauteur du produit\u00a0:16,70 cm<br \/>\nHauteur sans couvercle\u00a0:11,80 cm<br \/>\nDiam\u00e8tre sup\u00e9rieur :26,00 cm<br \/>\nDiam\u00e8tre du fond :21,70 cm<br \/>\nLongueur du manche :3,50 cm<\/p>\n","protected":false},"excerpt":{"rendered":"<p>La cocotte en eucalyptus de la s\u00e9rie La Cocotte de Staub, marque r\u00e9put\u00e9e pour ses cocottes en fonte de haute qualit\u00e9, ajoute une touche de gaiet\u00e9 \u00e0 la cuisine. Il est compatible avec toutes les plaques de cuisson traditionnelles, y compris l\u2019induction, et peut \u00e9galement \u00eatre utilis\u00e9 au four. Avec un diam\u00e8tre de 26 cm [&hellip;]<\/p>\n","protected":false},"featured_media":6293860,"template":"","meta":{"_acf_changed":false},"product_cat":[12000,11991],"product_tag":[],"class_list":{"0":"post-1610053","1":"product","2":"type-product","3":"status-publish","4":"has-post-thumbnail","6":"product_cat-marmites-et-cocottes-poeles-pots","7":"product_cat-poeles-pots","9":"first","10":"instock","11":"sale","12":"taxable","13":"shipping-taxable","14":"purchasable","15":"product-type-simple","swatches":"rey-swatches","show_selected":"","stretch_labels":"rey-swatches--stretch-labels"},"acf":[],"yoast_head":"<!-- This site is optimized with the Yoast SEO plugin v25.4 - https:\/\/yoast.com\/wordpress\/plugins\/seo\/ -->\n<title>STAUB Cocotte Rond 26 cm Eucalyptus - dev6 Erresse<\/title>\n<meta name=\"description\" content=\"La cocotte en eucalyptus de la s\u00e9rie La Cocotte de Staub, marque r\u00e9put\u00e9e pour ses cocottes en fonte de haute qualit\u00e9, ajoute une touche de gaiet\u00e9 \u00e0 la\" \/>\n<meta name=\"robots\" content=\"noindex, follow, max-snippet:-1, max-image-preview:large, max-video-preview:-1\" \/>\n<meta property=\"og:locale\" content=\"fr_FR\" \/>\n<meta property=\"og:type\" content=\"article\" \/>\n<meta property=\"og:title\" content=\"STAUB Cocotte Rond 26 cm Eucalyptus - dev6 Erresse\" \/>\n<meta property=\"og:description\" content=\"La cocotte en eucalyptus de la s\u00e9rie La Cocotte de Staub, marque r\u00e9put\u00e9e pour ses cocottes en fonte de haute qualit\u00e9, ajoute une touche de gaiet\u00e9 \u00e0 la\" \/>\n<meta property=\"og:url\" content=\"https:\/\/dev6.erresse-shop.it\/fr\/shop\/poeles-pots\/marmites-et-cocottes-poeles-pots\/staub-cocotte-rond-26-cm-eucalyptus\/\" \/>\n<meta property=\"og:site_name\" content=\"dev6 Erresse\" \/>\n<meta property=\"og:image\" content=\"https:\/\/interpim.erresse-shop.it\/Import\/Prodotti\/staub-cocotte-tonda-26-cm-eucalipto.jpg\" \/><meta property=\"og:image\" content=\"https:\/\/interpim.erresse-shop.it\/Import\/Prodotti\/staub-cocotte-tonda-26-cm-eucalipto.jpg\" \/>\n\t<meta property=\"og:image:width\" content=\"1024\" \/>\n\t<meta property=\"og:image:height\" content=\"1024\" \/>\n\t<meta property=\"og:image:type\" content=\"image\/jpeg\" \/>\n<meta name=\"twitter:card\" content=\"summary_large_image\" \/>\n<meta name=\"twitter:image\" content=\"https:\/\/interpim.erresse-shop.it\/Import\/Prodotti\/staub-cocotte-tonda-26-cm-eucalipto.jpg\" \/>\n<script type=\"application\/ld+json\" class=\"yoast-schema-graph\">{\"@context\":\"https:\/\/schema.org\",\"@graph\":[{\"@type\":\"WebPage\",\"@id\":\"https:\/\/dev6.erresse-shop.it\/fr\/shop\/poeles-pots\/marmites-et-cocottes-poeles-pots\/staub-cocotte-rond-26-cm-eucalyptus\/\",\"url\":\"https:\/\/dev6.erresse-shop.it\/fr\/shop\/poeles-pots\/marmites-et-cocottes-poeles-pots\/staub-cocotte-rond-26-cm-eucalyptus\/\",\"name\":\"STAUB Cocotte Rond 26 cm Eucalyptus - dev6 Erresse\",\"isPartOf\":{\"@id\":\"https:\/\/dev6.erresse-shop.it\/#website\"},\"primaryImageOfPage\":{\"@id\":\"https:\/\/dev6.erresse-shop.it\/fr\/shop\/poeles-pots\/marmites-et-cocottes-poeles-pots\/staub-cocotte-rond-26-cm-eucalyptus\/#primaryimage\"},\"image\":{\"@id\":\"https:\/\/dev6.erresse-shop.it\/fr\/shop\/poeles-pots\/marmites-et-cocottes-poeles-pots\/staub-cocotte-rond-26-cm-eucalyptus\/#primaryimage\"},\"thumbnailUrl\":\"https:\/\/i0.wp.com\/interpim.erresse-shop.it\/Import\/Prodotti\/staub-cocotte-tonda-26-cm-eucalipto.jpg?ssl=1\",\"datePublished\":\"2026-04-04T11:26:32+00:00\",\"description\":\"La cocotte en eucalyptus de la s\u00e9rie La Cocotte de Staub, marque r\u00e9put\u00e9e pour ses cocottes en fonte de haute qualit\u00e9, ajoute une touche de gaiet\u00e9 \u00e0 la\",\"breadcrumb\":{\"@id\":\"https:\/\/dev6.erresse-shop.it\/fr\/shop\/poeles-pots\/marmites-et-cocottes-poeles-pots\/staub-cocotte-rond-26-cm-eucalyptus\/#breadcrumb\"},\"inLanguage\":\"fr-FR\",\"potentialAction\":[{\"@type\":\"ReadAction\",\"target\":[\"https:\/\/dev6.erresse-shop.it\/fr\/shop\/poeles-pots\/marmites-et-cocottes-poeles-pots\/staub-cocotte-rond-26-cm-eucalyptus\/\"]}]},{\"@type\":\"ImageObject\",\"inLanguage\":\"fr-FR\",\"@id\":\"https:\/\/dev6.erresse-shop.it\/fr\/shop\/poeles-pots\/marmites-et-cocottes-poeles-pots\/staub-cocotte-rond-26-cm-eucalyptus\/#primaryimage\",\"url\":\"https:\/\/i0.wp.com\/interpim.erresse-shop.it\/Import\/Prodotti\/staub-cocotte-tonda-26-cm-eucalipto.jpg?ssl=1\",\"contentUrl\":\"https:\/\/i0.wp.com\/interpim.erresse-shop.it\/Import\/Prodotti\/staub-cocotte-tonda-26-cm-eucalipto.jpg?ssl=1\"},{\"@type\":\"BreadcrumbList\",\"@id\":\"https:\/\/dev6.erresse-shop.it\/fr\/shop\/poeles-pots\/marmites-et-cocottes-poeles-pots\/staub-cocotte-rond-26-cm-eucalyptus\/#breadcrumb\",\"itemListElement\":[{\"@type\":\"ListItem\",\"position\":1,\"name\":\"Home\",\"item\":\"https:\/\/dev6.erresse-shop.it\/\"},{\"@type\":\"ListItem\",\"position\":2,\"name\":\"Boutique\",\"item\":\"https:\/\/dev6.erresse-shop.it\/shop\/\"},{\"@type\":\"ListItem\",\"position\":3,\"name\":\"STAUB Cocotte Rond 26 cm Eucalyptus\"}]},{\"@type\":\"WebSite\",\"@id\":\"https:\/\/dev6.erresse-shop.it\/#website\",\"url\":\"https:\/\/dev6.erresse-shop.it\/\",\"name\":\"Erresse Shop\",\"description\":\"\",\"publisher\":{\"@id\":\"https:\/\/dev6.erresse-shop.it\/#organization\"},\"potentialAction\":[{\"@type\":\"SearchAction\",\"target\":{\"@type\":\"EntryPoint\",\"urlTemplate\":\"https:\/\/dev6.erresse-shop.it\/?s={search_term_string}\"},\"query-input\":{\"@type\":\"PropertyValueSpecification\",\"valueRequired\":true,\"valueName\":\"search_term_string\"}}],\"inLanguage\":\"fr-FR\"},{\"@type\":\"Organization\",\"@id\":\"https:\/\/dev6.erresse-shop.it\/#organization\",\"name\":\"Erresse Shop\",\"url\":\"https:\/\/dev6.erresse-shop.it\/\",\"logo\":{\"@type\":\"ImageObject\",\"inLanguage\":\"fr-FR\",\"@id\":\"https:\/\/dev6.erresse-shop.it\/#\/schema\/logo\/image\/\",\"url\":\"https:\/\/dev6.erresse-shop.it\/wp-content\/uploads\/2025\/01\/LOGO-ERRESSE-CLASSICO.svg\",\"contentUrl\":\"https:\/\/dev6.erresse-shop.it\/wp-content\/uploads\/2025\/01\/LOGO-ERRESSE-CLASSICO.svg\",\"caption\":\"Erresse Shop\"},\"image\":{\"@id\":\"https:\/\/dev6.erresse-shop.it\/#\/schema\/logo\/image\/\"}}]}<\/script>\n<!-- \/ Yoast SEO plugin. -->","yoast_head_json":{"title":"STAUB Cocotte Rond 26 cm Eucalyptus - dev6 Erresse","description":"La cocotte en eucalyptus de la s\u00e9rie La Cocotte de Staub, marque r\u00e9put\u00e9e pour ses cocottes en fonte de haute qualit\u00e9, ajoute une touche de gaiet\u00e9 \u00e0 la","robots":{"index":"noindex","follow":"follow","max-snippet":"max-snippet:-1","max-image-preview":"max-image-preview:large","max-video-preview":"max-video-preview:-1"},"og_locale":"fr_FR","og_type":"article","og_title":"STAUB Cocotte Rond 26 cm Eucalyptus - dev6 Erresse","og_description":"La cocotte en eucalyptus de la s\u00e9rie La Cocotte de Staub, marque r\u00e9put\u00e9e pour ses cocottes en fonte de haute qualit\u00e9, ajoute une touche de gaiet\u00e9 \u00e0 la","og_url":"https:\/\/dev6.erresse-shop.it\/fr\/shop\/poeles-pots\/marmites-et-cocottes-poeles-pots\/staub-cocotte-rond-26-cm-eucalyptus\/","og_site_name":"dev6 Erresse","og_image":[{"url":"https:\/\/interpim.erresse-shop.it\/Import\/Prodotti\/staub-cocotte-tonda-26-cm-eucalipto.jpg","type":"","width":"","height":""},{"url":"https:\/\/interpim.erresse-shop.it\/Import\/Prodotti\/staub-cocotte-tonda-26-cm-eucalipto.jpg","width":1024,"height":1024,"type":"image\/jpeg"}],"twitter_card":"summary_large_image","twitter_image":"https:\/\/interpim.erresse-shop.it\/Import\/Prodotti\/staub-cocotte-tonda-26-cm-eucalipto.jpg","schema":{"@context":"https:\/\/schema.org","@graph":[{"@type":"WebPage","@id":"https:\/\/dev6.erresse-shop.it\/fr\/shop\/poeles-pots\/marmites-et-cocottes-poeles-pots\/staub-cocotte-rond-26-cm-eucalyptus\/","url":"https:\/\/dev6.erresse-shop.it\/fr\/shop\/poeles-pots\/marmites-et-cocottes-poeles-pots\/staub-cocotte-rond-26-cm-eucalyptus\/","name":"STAUB Cocotte Rond 26 cm Eucalyptus - dev6 Erresse","isPartOf":{"@id":"https:\/\/dev6.erresse-shop.it\/#website"},"primaryImageOfPage":{"@id":"https:\/\/dev6.erresse-shop.it\/fr\/shop\/poeles-pots\/marmites-et-cocottes-poeles-pots\/staub-cocotte-rond-26-cm-eucalyptus\/#primaryimage"},"image":{"@id":"https:\/\/dev6.erresse-shop.it\/fr\/shop\/poeles-pots\/marmites-et-cocottes-poeles-pots\/staub-cocotte-rond-26-cm-eucalyptus\/#primaryimage"},"thumbnailUrl":"https:\/\/i0.wp.com\/interpim.erresse-shop.it\/Import\/Prodotti\/staub-cocotte-tonda-26-cm-eucalipto.jpg?ssl=1","datePublished":"2026-04-04T11:26:32+00:00","description":"La cocotte en eucalyptus de la s\u00e9rie La Cocotte de Staub, marque r\u00e9put\u00e9e pour ses cocottes en fonte de haute qualit\u00e9, ajoute une touche de gaiet\u00e9 \u00e0 la","breadcrumb":{"@id":"https:\/\/dev6.erresse-shop.it\/fr\/shop\/poeles-pots\/marmites-et-cocottes-poeles-pots\/staub-cocotte-rond-26-cm-eucalyptus\/#breadcrumb"},"inLanguage":"fr-FR","potentialAction":[{"@type":"ReadAction","target":["https:\/\/dev6.erresse-shop.it\/fr\/shop\/poeles-pots\/marmites-et-cocottes-poeles-pots\/staub-cocotte-rond-26-cm-eucalyptus\/"]}]},{"@type":"ImageObject","inLanguage":"fr-FR","@id":"https:\/\/dev6.erresse-shop.it\/fr\/shop\/poeles-pots\/marmites-et-cocottes-poeles-pots\/staub-cocotte-rond-26-cm-eucalyptus\/#primaryimage","url":"https:\/\/i0.wp.com\/interpim.erresse-shop.it\/Import\/Prodotti\/staub-cocotte-tonda-26-cm-eucalipto.jpg?ssl=1","contentUrl":"https:\/\/i0.wp.com\/interpim.erresse-shop.it\/Import\/Prodotti\/staub-cocotte-tonda-26-cm-eucalipto.jpg?ssl=1"},{"@type":"BreadcrumbList","@id":"https:\/\/dev6.erresse-shop.it\/fr\/shop\/poeles-pots\/marmites-et-cocottes-poeles-pots\/staub-cocotte-rond-26-cm-eucalyptus\/#breadcrumb","itemListElement":[{"@type":"ListItem","position":1,"name":"Home","item":"https:\/\/dev6.erresse-shop.it\/"},{"@type":"ListItem","position":2,"name":"Boutique","item":"https:\/\/dev6.erresse-shop.it\/shop\/"},{"@type":"ListItem","position":3,"name":"STAUB Cocotte Rond 26 cm Eucalyptus"}]},{"@type":"WebSite","@id":"https:\/\/dev6.erresse-shop.it\/#website","url":"https:\/\/dev6.erresse-shop.it\/","name":"Erresse Shop","description":"","publisher":{"@id":"https:\/\/dev6.erresse-shop.it\/#organization"},"potentialAction":[{"@type":"SearchAction","target":{"@type":"EntryPoint","urlTemplate":"https:\/\/dev6.erresse-shop.it\/?s={search_term_string}"},"query-input":{"@type":"PropertyValueSpecification","valueRequired":true,"valueName":"search_term_string"}}],"inLanguage":"fr-FR"},{"@type":"Organization","@id":"https:\/\/dev6.erresse-shop.it\/#organization","name":"Erresse Shop","url":"https:\/\/dev6.erresse-shop.it\/","logo":{"@type":"ImageObject","inLanguage":"fr-FR","@id":"https:\/\/dev6.erresse-shop.it\/#\/schema\/logo\/image\/","url":"https:\/\/dev6.erresse-shop.it\/wp-content\/uploads\/2025\/01\/LOGO-ERRESSE-CLASSICO.svg","contentUrl":"https:\/\/dev6.erresse-shop.it\/wp-content\/uploads\/2025\/01\/LOGO-ERRESSE-CLASSICO.svg","caption":"Erresse Shop"},"image":{"@id":"https:\/\/dev6.erresse-shop.it\/#\/schema\/logo\/image\/"}}]}},"df_price":209,"df_sale_price":209,"df_regular_price":319,"df_image_link":"https:\/\/i0.wp.com\/interpim.erresse-shop.it\/Import\/Prodotti\/staub-cocotte-tonda-26-cm-eucalipto.jpg?resize=300,300&ssl=1","fifu_image_url":"https:\/\/interpim.erresse-shop.it\/Import\/Prodotti\/staub-cocotte-tonda-26-cm-eucalipto.jpg","_links":{"self":[{"href":"https:\/\/dev6.erresse-shop.it\/fr\/wp-json\/wp\/v2\/product\/1610053","targetHints":{"allow":["GET"]}}],"collection":[{"href":"https:\/\/dev6.erresse-shop.it\/fr\/wp-json\/wp\/v2\/product"}],"about":[{"href":"https:\/\/dev6.erresse-shop.it\/fr\/wp-json\/wp\/v2\/types\/product"}],"wp:featuredmedia":[{"embeddable":true,"href":"https:\/\/dev6.erresse-shop.it\/fr\/wp-json\/wp\/v2\/media\/6293860"}],"wp:attachment":[{"href":"https:\/\/dev6.erresse-shop.it\/fr\/wp-json\/wp\/v2\/media?parent=1610053"}],"wp:term":[{"taxonomy":"product_cat","embeddable":true,"href":"https:\/\/dev6.erresse-shop.it\/fr\/wp-json\/wp\/v2\/product_cat?post=1610053"},{"taxonomy":"product_tag","embeddable":true,"href":"https:\/\/dev6.erresse-shop.it\/fr\/wp-json\/wp\/v2\/product_tag?post=1610053"}],"curies":[{"name":"wp","href":"https:\/\/api.w.org\/{rel}","templated":true}]}}