{"id":1610045,"date":"2026-04-12T13:29:02","date_gmt":"2026-04-12T11:29:02","guid":{"rendered":"https:\/\/dev6.erresse-shop.it\/shop\/non%20class\u00e9\/bordallo-pinheiro-lot-de-2-bols-feuille-de-chou\/"},"modified":"2025-09-14T06:43:45","modified_gmt":"2025-09-14T04:43:45","slug":"bordallo-pinheiro-lot-de-2-bols-feuille-de-chou","status":"publish","type":"product","link":"https:\/\/dev6.erresse-shop.it\/fr\/shop\/table-fr-2\/recipients-et-bols\/bordallo-pinheiro-lot-de-2-bols-feuille-de-chou\/","title":{"rendered":"BORDALLO PINHEIRO Lot de 2 bols Feuille de chou"},"content":{"rendered":"<p>Le chou, dans sa forme rugueuse et plate, pourrait \u00eatre utilis\u00e9 comme m\u00e9taphore des coutumes rustiques du Portugal, que Bordallo avait si souvent caricatur\u00e9es. C\u2019\u00e9tait une mani\u00e8re astucieuse de lui rendre hommage, en le pla\u00e7ant sur les tables des bourgeois, o\u00f9 il n\u2019avait autrement pas \u00e9t\u00e9 invit\u00e9.<\/p>\n<p>Mat\u00e9riau : terre cuite<\/p>\n","protected":false},"excerpt":{"rendered":"<p>Le chou, dans sa forme rugueuse et plate, pourrait \u00eatre utilis\u00e9 comme m\u00e9taphore des coutumes rustiques du Portugal, que Bordallo avait si souvent caricatur\u00e9es. C\u2019\u00e9tait une mani\u00e8re astucieuse de lui rendre hommage, en le pla\u00e7ant sur les tables des bourgeois, o\u00f9 il n\u2019avait autrement pas \u00e9t\u00e9 invit\u00e9. Mat\u00e9riau : terre cuite<\/p>\n","protected":false},"featured_media":6377106,"template":"","meta":{"_acf_changed":false},"product_cat":[12015,11995],"product_tag":[],"class_list":{"0":"post-1610045","1":"product","2":"type-product","3":"status-publish","4":"has-post-thumbnail","6":"product_cat-recipients-et-bols","7":"product_cat-table-fr-2","9":"first","10":"instock","11":"taxable","12":"shipping-taxable","13":"purchasable","14":"product-type-simple","swatches":"rey-swatches","show_selected":"","stretch_labels":"rey-swatches--stretch-labels"},"acf":[],"yoast_head":"<!-- This site is optimized with the Yoast SEO plugin v25.4 - https:\/\/yoast.com\/wordpress\/plugins\/seo\/ -->\n<title>BORDALLO PINHEIRO Lot de 2 bols Feuille de chou - dev6 Erresse<\/title>\n<meta name=\"description\" content=\"Le chou, dans sa forme rugueuse et plate, pourrait \u00eatre utilis\u00e9 comme m\u00e9taphore des coutumes rustiques du Portugal, que Bordallo avait si souvent\" \/>\n<meta name=\"robots\" content=\"noindex, follow, max-snippet:-1, max-image-preview:large, max-video-preview:-1\" \/>\n<meta property=\"og:locale\" content=\"fr_FR\" \/>\n<meta property=\"og:type\" content=\"article\" \/>\n<meta property=\"og:title\" content=\"BORDALLO PINHEIRO Lot de 2 bols Feuille de chou - dev6 Erresse\" \/>\n<meta property=\"og:description\" content=\"Le chou, dans sa forme rugueuse et plate, pourrait \u00eatre utilis\u00e9 comme m\u00e9taphore des coutumes rustiques du Portugal, que Bordallo avait si souvent\" \/>\n<meta property=\"og:url\" content=\"https:\/\/dev6.erresse-shop.it\/fr\/shop\/table-fr-2\/recipients-et-bols\/bordallo-pinheiro-lot-de-2-bols-feuille-de-chou\/\" \/>\n<meta property=\"og:site_name\" content=\"dev6 Erresse\" \/>\n<meta property=\"og:image\" content=\"https:\/\/interpim.erresse-shop.it\/Import\/Prodotti\/bordallo-pinheiro-set-2-ciotole-foglia-cavolo.jpg\" \/><meta property=\"og:image\" content=\"https:\/\/interpim.erresse-shop.it\/Import\/Prodotti\/bordallo-pinheiro-set-2-ciotole-foglia-cavolo.jpg\" \/>\n\t<meta property=\"og:image:width\" content=\"1024\" \/>\n\t<meta property=\"og:image:height\" content=\"1024\" \/>\n\t<meta property=\"og:image:type\" content=\"image\/jpeg\" \/>\n<meta name=\"twitter:card\" content=\"summary_large_image\" \/>\n<meta name=\"twitter:image\" content=\"https:\/\/interpim.erresse-shop.it\/Import\/Prodotti\/bordallo-pinheiro-set-2-ciotole-foglia-cavolo.jpg\" \/>\n<script type=\"application\/ld+json\" class=\"yoast-schema-graph\">{\"@context\":\"https:\/\/schema.org\",\"@graph\":[{\"@type\":\"WebPage\",\"@id\":\"https:\/\/dev6.erresse-shop.it\/fr\/shop\/table-fr-2\/recipients-et-bols\/bordallo-pinheiro-lot-de-2-bols-feuille-de-chou\/\",\"url\":\"https:\/\/dev6.erresse-shop.it\/fr\/shop\/table-fr-2\/recipients-et-bols\/bordallo-pinheiro-lot-de-2-bols-feuille-de-chou\/\",\"name\":\"BORDALLO PINHEIRO Lot de 2 bols Feuille de chou - dev6 Erresse\",\"isPartOf\":{\"@id\":\"https:\/\/dev6.erresse-shop.it\/#website\"},\"primaryImageOfPage\":{\"@id\":\"https:\/\/dev6.erresse-shop.it\/fr\/shop\/table-fr-2\/recipients-et-bols\/bordallo-pinheiro-lot-de-2-bols-feuille-de-chou\/#primaryimage\"},\"image\":{\"@id\":\"https:\/\/dev6.erresse-shop.it\/fr\/shop\/table-fr-2\/recipients-et-bols\/bordallo-pinheiro-lot-de-2-bols-feuille-de-chou\/#primaryimage\"},\"thumbnailUrl\":\"https:\/\/i2.wp.com\/interpim.erresse-shop.it\/Import\/Prodotti\/bordallo-pinheiro-set-2-ciotole-foglia-cavolo.jpg?ssl=1\",\"datePublished\":\"2026-04-12T11:29:02+00:00\",\"description\":\"Le chou, dans sa forme rugueuse et plate, pourrait \u00eatre utilis\u00e9 comme m\u00e9taphore des coutumes rustiques du Portugal, que Bordallo avait si souvent\",\"breadcrumb\":{\"@id\":\"https:\/\/dev6.erresse-shop.it\/fr\/shop\/table-fr-2\/recipients-et-bols\/bordallo-pinheiro-lot-de-2-bols-feuille-de-chou\/#breadcrumb\"},\"inLanguage\":\"fr-FR\",\"potentialAction\":[{\"@type\":\"ReadAction\",\"target\":[\"https:\/\/dev6.erresse-shop.it\/fr\/shop\/table-fr-2\/recipients-et-bols\/bordallo-pinheiro-lot-de-2-bols-feuille-de-chou\/\"]}]},{\"@type\":\"ImageObject\",\"inLanguage\":\"fr-FR\",\"@id\":\"https:\/\/dev6.erresse-shop.it\/fr\/shop\/table-fr-2\/recipients-et-bols\/bordallo-pinheiro-lot-de-2-bols-feuille-de-chou\/#primaryimage\",\"url\":\"https:\/\/i2.wp.com\/interpim.erresse-shop.it\/Import\/Prodotti\/bordallo-pinheiro-set-2-ciotole-foglia-cavolo.jpg?ssl=1\",\"contentUrl\":\"https:\/\/i2.wp.com\/interpim.erresse-shop.it\/Import\/Prodotti\/bordallo-pinheiro-set-2-ciotole-foglia-cavolo.jpg?ssl=1\"},{\"@type\":\"BreadcrumbList\",\"@id\":\"https:\/\/dev6.erresse-shop.it\/fr\/shop\/table-fr-2\/recipients-et-bols\/bordallo-pinheiro-lot-de-2-bols-feuille-de-chou\/#breadcrumb\",\"itemListElement\":[{\"@type\":\"ListItem\",\"position\":1,\"name\":\"Home\",\"item\":\"https:\/\/dev6.erresse-shop.it\/\"},{\"@type\":\"ListItem\",\"position\":2,\"name\":\"Boutique\",\"item\":\"https:\/\/dev6.erresse-shop.it\/shop\/\"},{\"@type\":\"ListItem\",\"position\":3,\"name\":\"BORDALLO PINHEIRO Lot de 2 bols Feuille de chou\"}]},{\"@type\":\"WebSite\",\"@id\":\"https:\/\/dev6.erresse-shop.it\/#website\",\"url\":\"https:\/\/dev6.erresse-shop.it\/\",\"name\":\"Erresse Shop\",\"description\":\"\",\"publisher\":{\"@id\":\"https:\/\/dev6.erresse-shop.it\/#organization\"},\"potentialAction\":[{\"@type\":\"SearchAction\",\"target\":{\"@type\":\"EntryPoint\",\"urlTemplate\":\"https:\/\/dev6.erresse-shop.it\/?s={search_term_string}\"},\"query-input\":{\"@type\":\"PropertyValueSpecification\",\"valueRequired\":true,\"valueName\":\"search_term_string\"}}],\"inLanguage\":\"fr-FR\"},{\"@type\":\"Organization\",\"@id\":\"https:\/\/dev6.erresse-shop.it\/#organization\",\"name\":\"Erresse Shop\",\"url\":\"https:\/\/dev6.erresse-shop.it\/\",\"logo\":{\"@type\":\"ImageObject\",\"inLanguage\":\"fr-FR\",\"@id\":\"https:\/\/dev6.erresse-shop.it\/#\/schema\/logo\/image\/\",\"url\":\"https:\/\/dev6.erresse-shop.it\/wp-content\/uploads\/2025\/01\/LOGO-ERRESSE-CLASSICO.svg\",\"contentUrl\":\"https:\/\/dev6.erresse-shop.it\/wp-content\/uploads\/2025\/01\/LOGO-ERRESSE-CLASSICO.svg\",\"caption\":\"Erresse Shop\"},\"image\":{\"@id\":\"https:\/\/dev6.erresse-shop.it\/#\/schema\/logo\/image\/\"}}]}<\/script>\n<!-- \/ Yoast SEO plugin. -->","yoast_head_json":{"title":"BORDALLO PINHEIRO Lot de 2 bols Feuille de chou - dev6 Erresse","description":"Le chou, dans sa forme rugueuse et plate, pourrait \u00eatre utilis\u00e9 comme m\u00e9taphore des coutumes rustiques du Portugal, que Bordallo avait si souvent","robots":{"index":"noindex","follow":"follow","max-snippet":"max-snippet:-1","max-image-preview":"max-image-preview:large","max-video-preview":"max-video-preview:-1"},"og_locale":"fr_FR","og_type":"article","og_title":"BORDALLO PINHEIRO Lot de 2 bols Feuille de chou - dev6 Erresse","og_description":"Le chou, dans sa forme rugueuse et plate, pourrait \u00eatre utilis\u00e9 comme m\u00e9taphore des coutumes rustiques du Portugal, que Bordallo avait si souvent","og_url":"https:\/\/dev6.erresse-shop.it\/fr\/shop\/table-fr-2\/recipients-et-bols\/bordallo-pinheiro-lot-de-2-bols-feuille-de-chou\/","og_site_name":"dev6 Erresse","og_image":[{"url":"https:\/\/interpim.erresse-shop.it\/Import\/Prodotti\/bordallo-pinheiro-set-2-ciotole-foglia-cavolo.jpg","type":"","width":"","height":""},{"url":"https:\/\/interpim.erresse-shop.it\/Import\/Prodotti\/bordallo-pinheiro-set-2-ciotole-foglia-cavolo.jpg","width":1024,"height":1024,"type":"image\/jpeg"}],"twitter_card":"summary_large_image","twitter_image":"https:\/\/interpim.erresse-shop.it\/Import\/Prodotti\/bordallo-pinheiro-set-2-ciotole-foglia-cavolo.jpg","schema":{"@context":"https:\/\/schema.org","@graph":[{"@type":"WebPage","@id":"https:\/\/dev6.erresse-shop.it\/fr\/shop\/table-fr-2\/recipients-et-bols\/bordallo-pinheiro-lot-de-2-bols-feuille-de-chou\/","url":"https:\/\/dev6.erresse-shop.it\/fr\/shop\/table-fr-2\/recipients-et-bols\/bordallo-pinheiro-lot-de-2-bols-feuille-de-chou\/","name":"BORDALLO PINHEIRO Lot de 2 bols Feuille de chou - dev6 Erresse","isPartOf":{"@id":"https:\/\/dev6.erresse-shop.it\/#website"},"primaryImageOfPage":{"@id":"https:\/\/dev6.erresse-shop.it\/fr\/shop\/table-fr-2\/recipients-et-bols\/bordallo-pinheiro-lot-de-2-bols-feuille-de-chou\/#primaryimage"},"image":{"@id":"https:\/\/dev6.erresse-shop.it\/fr\/shop\/table-fr-2\/recipients-et-bols\/bordallo-pinheiro-lot-de-2-bols-feuille-de-chou\/#primaryimage"},"thumbnailUrl":"https:\/\/i2.wp.com\/interpim.erresse-shop.it\/Import\/Prodotti\/bordallo-pinheiro-set-2-ciotole-foglia-cavolo.jpg?ssl=1","datePublished":"2026-04-12T11:29:02+00:00","description":"Le chou, dans sa forme rugueuse et plate, pourrait \u00eatre utilis\u00e9 comme m\u00e9taphore des coutumes rustiques du Portugal, que Bordallo avait si souvent","breadcrumb":{"@id":"https:\/\/dev6.erresse-shop.it\/fr\/shop\/table-fr-2\/recipients-et-bols\/bordallo-pinheiro-lot-de-2-bols-feuille-de-chou\/#breadcrumb"},"inLanguage":"fr-FR","potentialAction":[{"@type":"ReadAction","target":["https:\/\/dev6.erresse-shop.it\/fr\/shop\/table-fr-2\/recipients-et-bols\/bordallo-pinheiro-lot-de-2-bols-feuille-de-chou\/"]}]},{"@type":"ImageObject","inLanguage":"fr-FR","@id":"https:\/\/dev6.erresse-shop.it\/fr\/shop\/table-fr-2\/recipients-et-bols\/bordallo-pinheiro-lot-de-2-bols-feuille-de-chou\/#primaryimage","url":"https:\/\/i2.wp.com\/interpim.erresse-shop.it\/Import\/Prodotti\/bordallo-pinheiro-set-2-ciotole-foglia-cavolo.jpg?ssl=1","contentUrl":"https:\/\/i2.wp.com\/interpim.erresse-shop.it\/Import\/Prodotti\/bordallo-pinheiro-set-2-ciotole-foglia-cavolo.jpg?ssl=1"},{"@type":"BreadcrumbList","@id":"https:\/\/dev6.erresse-shop.it\/fr\/shop\/table-fr-2\/recipients-et-bols\/bordallo-pinheiro-lot-de-2-bols-feuille-de-chou\/#breadcrumb","itemListElement":[{"@type":"ListItem","position":1,"name":"Home","item":"https:\/\/dev6.erresse-shop.it\/"},{"@type":"ListItem","position":2,"name":"Boutique","item":"https:\/\/dev6.erresse-shop.it\/shop\/"},{"@type":"ListItem","position":3,"name":"BORDALLO PINHEIRO Lot de 2 bols Feuille de chou"}]},{"@type":"WebSite","@id":"https:\/\/dev6.erresse-shop.it\/#website","url":"https:\/\/dev6.erresse-shop.it\/","name":"Erresse Shop","description":"","publisher":{"@id":"https:\/\/dev6.erresse-shop.it\/#organization"},"potentialAction":[{"@type":"SearchAction","target":{"@type":"EntryPoint","urlTemplate":"https:\/\/dev6.erresse-shop.it\/?s={search_term_string}"},"query-input":{"@type":"PropertyValueSpecification","valueRequired":true,"valueName":"search_term_string"}}],"inLanguage":"fr-FR"},{"@type":"Organization","@id":"https:\/\/dev6.erresse-shop.it\/#organization","name":"Erresse Shop","url":"https:\/\/dev6.erresse-shop.it\/","logo":{"@type":"ImageObject","inLanguage":"fr-FR","@id":"https:\/\/dev6.erresse-shop.it\/#\/schema\/logo\/image\/","url":"https:\/\/dev6.erresse-shop.it\/wp-content\/uploads\/2025\/01\/LOGO-ERRESSE-CLASSICO.svg","contentUrl":"https:\/\/dev6.erresse-shop.it\/wp-content\/uploads\/2025\/01\/LOGO-ERRESSE-CLASSICO.svg","caption":"Erresse Shop"},"image":{"@id":"https:\/\/dev6.erresse-shop.it\/#\/schema\/logo\/image\/"}}]}},"df_price":20,"df_sale_price":"","df_regular_price":20,"df_image_link":"https:\/\/i2.wp.com\/interpim.erresse-shop.it\/Import\/Prodotti\/bordallo-pinheiro-set-2-ciotole-foglia-cavolo.jpg?resize=300,300&ssl=1","fifu_image_url":"https:\/\/interpim.erresse-shop.it\/Import\/Prodotti\/bordallo-pinheiro-set-2-ciotole-foglia-cavolo.jpg","_links":{"self":[{"href":"https:\/\/dev6.erresse-shop.it\/fr\/wp-json\/wp\/v2\/product\/1610045","targetHints":{"allow":["GET"]}}],"collection":[{"href":"https:\/\/dev6.erresse-shop.it\/fr\/wp-json\/wp\/v2\/product"}],"about":[{"href":"https:\/\/dev6.erresse-shop.it\/fr\/wp-json\/wp\/v2\/types\/product"}],"wp:featuredmedia":[{"embeddable":true,"href":"https:\/\/dev6.erresse-shop.it\/fr\/wp-json\/wp\/v2\/media\/6377106"}],"wp:attachment":[{"href":"https:\/\/dev6.erresse-shop.it\/fr\/wp-json\/wp\/v2\/media?parent=1610045"}],"wp:term":[{"taxonomy":"product_cat","embeddable":true,"href":"https:\/\/dev6.erresse-shop.it\/fr\/wp-json\/wp\/v2\/product_cat?post=1610045"},{"taxonomy":"product_tag","embeddable":true,"href":"https:\/\/dev6.erresse-shop.it\/fr\/wp-json\/wp\/v2\/product_tag?post=1610045"}],"curies":[{"name":"wp","href":"https:\/\/api.w.org\/{rel}","templated":true}]}}