{"id":1609999,"date":"2026-04-12T13:26:25","date_gmt":"2026-04-12T11:26:25","guid":{"rendered":"https:\/\/dev6.erresse-shop.it\/shop\/non%20class\u00e9\/toms-drag-commode-ronde-avec-dessus-orange\/"},"modified":"2026-01-09T02:14:26","modified_gmt":"2026-01-09T01:14:26","slug":"toms-drag-commode-ronde-avec-dessus-orange","status":"publish","type":"product","link":"https:\/\/dev6.erresse-shop.it\/fr\/shop\/ameublement-maison\/meubles\/toms-drag-commode-ronde-avec-dessus-orange\/","title":{"rendered":"TOM&#8217;S DRAG Commode ronde avec dessus orange"},"content":{"rendered":"<p>Mat\u00e9riau : MDF<\/p>\n<p>Commode ronde<br \/>\nUn meuble sp\u00e9cial \u00e0 bien des \u00e9gards. Cette commode dispose de trois tiroirs pour ranger de petits objets. Gr\u00e2ce \u00e0 sa hauteur, elle est \u00e9galement id\u00e9ale comme table de chevet. De plus, la forme ronde n\u2019est li\u00e9e \u00e0 aucun mur et peut donc \u00e9galement \u00eatre utilis\u00e9e comme table d\u2019appoint, vous permettant de la placer librement dans la pi\u00e8ce. Celui qui donne une touche de couleur forte \u00e0 un objet ou \u00e0 un meuble \u00ab Drag \u00bb fait \u00e9videmment une d\u00e9claration de style confiante. Certains sont plus fous et plus excentriques que d\u2019autres, mais tous attirent l\u2019attention et constituent le point central de toute maison.<\/p>\n<p>Dimensions: \u00d8 42, H 60 cm<\/p>\n","protected":false},"excerpt":{"rendered":"<p>Mat\u00e9riau : MDF Commode ronde Un meuble sp\u00e9cial \u00e0 bien des \u00e9gards. Cette commode dispose de trois tiroirs pour ranger de petits objets. Gr\u00e2ce \u00e0 sa hauteur, elle est \u00e9galement id\u00e9ale comme table de chevet. De plus, la forme ronde n\u2019est li\u00e9e \u00e0 aucun mur et peut donc \u00e9galement \u00eatre utilis\u00e9e comme table d\u2019appoint, vous [&hellip;]<\/p>\n","protected":false},"featured_media":6377013,"template":"","meta":{"_acf_changed":false},"product_cat":[11990,12034],"product_tag":[],"class_list":{"0":"post-1609999","1":"product","2":"type-product","3":"status-publish","4":"has-post-thumbnail","6":"product_cat-ameublement-maison","7":"product_cat-meubles","9":"first","10":"instock","11":"sale","12":"taxable","13":"shipping-taxable","14":"purchasable","15":"product-type-simple","swatches":"rey-swatches","show_selected":"","stretch_labels":"rey-swatches--stretch-labels"},"acf":[],"yoast_head":"<!-- This site is optimized with the Yoast SEO plugin v25.4 - https:\/\/yoast.com\/wordpress\/plugins\/seo\/ -->\n<title>TOM&#8217;S DRAG Commode ronde avec dessus orange - dev6 Erresse<\/title>\n<meta name=\"description\" content=\"Mat\u00e9riau : MDF Commode ronde Un meuble sp\u00e9cial \u00e0 bien des \u00e9gards. Cette commode dispose de trois tiroirs pour ranger de petits objets. Gr\u00e2ce \u00e0 sa hauteur,\" \/>\n<meta name=\"robots\" content=\"noindex, follow, max-snippet:-1, max-image-preview:large, max-video-preview:-1\" \/>\n<meta property=\"og:locale\" content=\"fr_FR\" \/>\n<meta property=\"og:type\" content=\"article\" \/>\n<meta property=\"og:title\" content=\"TOM&#8217;S DRAG Commode ronde avec dessus orange - dev6 Erresse\" \/>\n<meta property=\"og:description\" content=\"Mat\u00e9riau : MDF Commode ronde Un meuble sp\u00e9cial \u00e0 bien des \u00e9gards. Cette commode dispose de trois tiroirs pour ranger de petits objets. Gr\u00e2ce \u00e0 sa hauteur,\" \/>\n<meta property=\"og:url\" content=\"https:\/\/dev6.erresse-shop.it\/fr\/shop\/ameublement-maison\/meubles\/toms-drag-commode-ronde-avec-dessus-orange\/\" \/>\n<meta property=\"og:site_name\" content=\"dev6 Erresse\" \/>\n<meta property=\"og:image\" content=\"https:\/\/interpim.erresse-shop.it\/Import\/Prodotti\/toms-drag-cassettiera-rotonda-piano-arancione.jpg\" \/><meta property=\"og:image\" content=\"https:\/\/interpim.erresse-shop.it\/Import\/Prodotti\/toms-drag-cassettiera-rotonda-piano-arancione.jpg\" \/>\n\t<meta property=\"og:image:width\" content=\"1024\" \/>\n\t<meta property=\"og:image:height\" content=\"1024\" \/>\n\t<meta property=\"og:image:type\" content=\"image\/jpeg\" \/>\n<meta name=\"twitter:card\" content=\"summary_large_image\" \/>\n<meta name=\"twitter:image\" content=\"https:\/\/interpim.erresse-shop.it\/Import\/Prodotti\/toms-drag-cassettiera-rotonda-piano-arancione.jpg\" \/>\n<script type=\"application\/ld+json\" class=\"yoast-schema-graph\">{\"@context\":\"https:\/\/schema.org\",\"@graph\":[{\"@type\":\"WebPage\",\"@id\":\"https:\/\/dev6.erresse-shop.it\/fr\/shop\/ameublement-maison\/meubles\/toms-drag-commode-ronde-avec-dessus-orange\/\",\"url\":\"https:\/\/dev6.erresse-shop.it\/fr\/shop\/ameublement-maison\/meubles\/toms-drag-commode-ronde-avec-dessus-orange\/\",\"name\":\"TOM&#8217;S DRAG Commode ronde avec dessus orange - dev6 Erresse\",\"isPartOf\":{\"@id\":\"https:\/\/dev6.erresse-shop.it\/#website\"},\"primaryImageOfPage\":{\"@id\":\"https:\/\/dev6.erresse-shop.it\/fr\/shop\/ameublement-maison\/meubles\/toms-drag-commode-ronde-avec-dessus-orange\/#primaryimage\"},\"image\":{\"@id\":\"https:\/\/dev6.erresse-shop.it\/fr\/shop\/ameublement-maison\/meubles\/toms-drag-commode-ronde-avec-dessus-orange\/#primaryimage\"},\"thumbnailUrl\":\"https:\/\/i2.wp.com\/interpim.erresse-shop.it\/Import\/Prodotti\/toms-drag-cassettiera-rotonda-piano-arancione.jpg?ssl=1\",\"datePublished\":\"2026-04-12T11:26:25+00:00\",\"description\":\"Mat\u00e9riau : MDF Commode ronde Un meuble sp\u00e9cial \u00e0 bien des \u00e9gards. Cette commode dispose de trois tiroirs pour ranger de petits objets. Gr\u00e2ce \u00e0 sa hauteur,\",\"breadcrumb\":{\"@id\":\"https:\/\/dev6.erresse-shop.it\/fr\/shop\/ameublement-maison\/meubles\/toms-drag-commode-ronde-avec-dessus-orange\/#breadcrumb\"},\"inLanguage\":\"fr-FR\",\"potentialAction\":[{\"@type\":\"ReadAction\",\"target\":[\"https:\/\/dev6.erresse-shop.it\/fr\/shop\/ameublement-maison\/meubles\/toms-drag-commode-ronde-avec-dessus-orange\/\"]}]},{\"@type\":\"ImageObject\",\"inLanguage\":\"fr-FR\",\"@id\":\"https:\/\/dev6.erresse-shop.it\/fr\/shop\/ameublement-maison\/meubles\/toms-drag-commode-ronde-avec-dessus-orange\/#primaryimage\",\"url\":\"https:\/\/i2.wp.com\/interpim.erresse-shop.it\/Import\/Prodotti\/toms-drag-cassettiera-rotonda-piano-arancione.jpg?ssl=1\",\"contentUrl\":\"https:\/\/i2.wp.com\/interpim.erresse-shop.it\/Import\/Prodotti\/toms-drag-cassettiera-rotonda-piano-arancione.jpg?ssl=1\"},{\"@type\":\"BreadcrumbList\",\"@id\":\"https:\/\/dev6.erresse-shop.it\/fr\/shop\/ameublement-maison\/meubles\/toms-drag-commode-ronde-avec-dessus-orange\/#breadcrumb\",\"itemListElement\":[{\"@type\":\"ListItem\",\"position\":1,\"name\":\"Home\",\"item\":\"https:\/\/dev6.erresse-shop.it\/\"},{\"@type\":\"ListItem\",\"position\":2,\"name\":\"Boutique\",\"item\":\"https:\/\/dev6.erresse-shop.it\/shop\/\"},{\"@type\":\"ListItem\",\"position\":3,\"name\":\"TOM&#8217;S DRAG Commode ronde avec dessus orange\"}]},{\"@type\":\"WebSite\",\"@id\":\"https:\/\/dev6.erresse-shop.it\/#website\",\"url\":\"https:\/\/dev6.erresse-shop.it\/\",\"name\":\"Erresse Shop\",\"description\":\"\",\"publisher\":{\"@id\":\"https:\/\/dev6.erresse-shop.it\/#organization\"},\"potentialAction\":[{\"@type\":\"SearchAction\",\"target\":{\"@type\":\"EntryPoint\",\"urlTemplate\":\"https:\/\/dev6.erresse-shop.it\/?s={search_term_string}\"},\"query-input\":{\"@type\":\"PropertyValueSpecification\",\"valueRequired\":true,\"valueName\":\"search_term_string\"}}],\"inLanguage\":\"fr-FR\"},{\"@type\":\"Organization\",\"@id\":\"https:\/\/dev6.erresse-shop.it\/#organization\",\"name\":\"Erresse Shop\",\"url\":\"https:\/\/dev6.erresse-shop.it\/\",\"logo\":{\"@type\":\"ImageObject\",\"inLanguage\":\"fr-FR\",\"@id\":\"https:\/\/dev6.erresse-shop.it\/#\/schema\/logo\/image\/\",\"url\":\"https:\/\/dev6.erresse-shop.it\/wp-content\/uploads\/2025\/01\/LOGO-ERRESSE-CLASSICO.svg\",\"contentUrl\":\"https:\/\/dev6.erresse-shop.it\/wp-content\/uploads\/2025\/01\/LOGO-ERRESSE-CLASSICO.svg\",\"caption\":\"Erresse Shop\"},\"image\":{\"@id\":\"https:\/\/dev6.erresse-shop.it\/#\/schema\/logo\/image\/\"}}]}<\/script>\n<!-- \/ Yoast SEO plugin. -->","yoast_head_json":{"title":"TOM&#8217;S DRAG Commode ronde avec dessus orange - dev6 Erresse","description":"Mat\u00e9riau : MDF Commode ronde Un meuble sp\u00e9cial \u00e0 bien des \u00e9gards. Cette commode dispose de trois tiroirs pour ranger de petits objets. Gr\u00e2ce \u00e0 sa hauteur,","robots":{"index":"noindex","follow":"follow","max-snippet":"max-snippet:-1","max-image-preview":"max-image-preview:large","max-video-preview":"max-video-preview:-1"},"og_locale":"fr_FR","og_type":"article","og_title":"TOM&#8217;S DRAG Commode ronde avec dessus orange - dev6 Erresse","og_description":"Mat\u00e9riau : MDF Commode ronde Un meuble sp\u00e9cial \u00e0 bien des \u00e9gards. Cette commode dispose de trois tiroirs pour ranger de petits objets. Gr\u00e2ce \u00e0 sa hauteur,","og_url":"https:\/\/dev6.erresse-shop.it\/fr\/shop\/ameublement-maison\/meubles\/toms-drag-commode-ronde-avec-dessus-orange\/","og_site_name":"dev6 Erresse","og_image":[{"url":"https:\/\/interpim.erresse-shop.it\/Import\/Prodotti\/toms-drag-cassettiera-rotonda-piano-arancione.jpg","type":"","width":"","height":""},{"url":"https:\/\/interpim.erresse-shop.it\/Import\/Prodotti\/toms-drag-cassettiera-rotonda-piano-arancione.jpg","width":1024,"height":1024,"type":"image\/jpeg"}],"twitter_card":"summary_large_image","twitter_image":"https:\/\/interpim.erresse-shop.it\/Import\/Prodotti\/toms-drag-cassettiera-rotonda-piano-arancione.jpg","schema":{"@context":"https:\/\/schema.org","@graph":[{"@type":"WebPage","@id":"https:\/\/dev6.erresse-shop.it\/fr\/shop\/ameublement-maison\/meubles\/toms-drag-commode-ronde-avec-dessus-orange\/","url":"https:\/\/dev6.erresse-shop.it\/fr\/shop\/ameublement-maison\/meubles\/toms-drag-commode-ronde-avec-dessus-orange\/","name":"TOM&#8217;S DRAG Commode ronde avec dessus orange - dev6 Erresse","isPartOf":{"@id":"https:\/\/dev6.erresse-shop.it\/#website"},"primaryImageOfPage":{"@id":"https:\/\/dev6.erresse-shop.it\/fr\/shop\/ameublement-maison\/meubles\/toms-drag-commode-ronde-avec-dessus-orange\/#primaryimage"},"image":{"@id":"https:\/\/dev6.erresse-shop.it\/fr\/shop\/ameublement-maison\/meubles\/toms-drag-commode-ronde-avec-dessus-orange\/#primaryimage"},"thumbnailUrl":"https:\/\/i2.wp.com\/interpim.erresse-shop.it\/Import\/Prodotti\/toms-drag-cassettiera-rotonda-piano-arancione.jpg?ssl=1","datePublished":"2026-04-12T11:26:25+00:00","description":"Mat\u00e9riau : MDF Commode ronde Un meuble sp\u00e9cial \u00e0 bien des \u00e9gards. Cette commode dispose de trois tiroirs pour ranger de petits objets. Gr\u00e2ce \u00e0 sa hauteur,","breadcrumb":{"@id":"https:\/\/dev6.erresse-shop.it\/fr\/shop\/ameublement-maison\/meubles\/toms-drag-commode-ronde-avec-dessus-orange\/#breadcrumb"},"inLanguage":"fr-FR","potentialAction":[{"@type":"ReadAction","target":["https:\/\/dev6.erresse-shop.it\/fr\/shop\/ameublement-maison\/meubles\/toms-drag-commode-ronde-avec-dessus-orange\/"]}]},{"@type":"ImageObject","inLanguage":"fr-FR","@id":"https:\/\/dev6.erresse-shop.it\/fr\/shop\/ameublement-maison\/meubles\/toms-drag-commode-ronde-avec-dessus-orange\/#primaryimage","url":"https:\/\/i2.wp.com\/interpim.erresse-shop.it\/Import\/Prodotti\/toms-drag-cassettiera-rotonda-piano-arancione.jpg?ssl=1","contentUrl":"https:\/\/i2.wp.com\/interpim.erresse-shop.it\/Import\/Prodotti\/toms-drag-cassettiera-rotonda-piano-arancione.jpg?ssl=1"},{"@type":"BreadcrumbList","@id":"https:\/\/dev6.erresse-shop.it\/fr\/shop\/ameublement-maison\/meubles\/toms-drag-commode-ronde-avec-dessus-orange\/#breadcrumb","itemListElement":[{"@type":"ListItem","position":1,"name":"Home","item":"https:\/\/dev6.erresse-shop.it\/"},{"@type":"ListItem","position":2,"name":"Boutique","item":"https:\/\/dev6.erresse-shop.it\/shop\/"},{"@type":"ListItem","position":3,"name":"TOM&#8217;S DRAG Commode ronde avec dessus orange"}]},{"@type":"WebSite","@id":"https:\/\/dev6.erresse-shop.it\/#website","url":"https:\/\/dev6.erresse-shop.it\/","name":"Erresse Shop","description":"","publisher":{"@id":"https:\/\/dev6.erresse-shop.it\/#organization"},"potentialAction":[{"@type":"SearchAction","target":{"@type":"EntryPoint","urlTemplate":"https:\/\/dev6.erresse-shop.it\/?s={search_term_string}"},"query-input":{"@type":"PropertyValueSpecification","valueRequired":true,"valueName":"search_term_string"}}],"inLanguage":"fr-FR"},{"@type":"Organization","@id":"https:\/\/dev6.erresse-shop.it\/#organization","name":"Erresse Shop","url":"https:\/\/dev6.erresse-shop.it\/","logo":{"@type":"ImageObject","inLanguage":"fr-FR","@id":"https:\/\/dev6.erresse-shop.it\/#\/schema\/logo\/image\/","url":"https:\/\/dev6.erresse-shop.it\/wp-content\/uploads\/2025\/01\/LOGO-ERRESSE-CLASSICO.svg","contentUrl":"https:\/\/dev6.erresse-shop.it\/wp-content\/uploads\/2025\/01\/LOGO-ERRESSE-CLASSICO.svg","caption":"Erresse Shop"},"image":{"@id":"https:\/\/dev6.erresse-shop.it\/#\/schema\/logo\/image\/"}}]}},"df_price":1070,"df_sale_price":1070,"df_regular_price":1090,"df_image_link":"https:\/\/i2.wp.com\/interpim.erresse-shop.it\/Import\/Prodotti\/toms-drag-cassettiera-rotonda-piano-arancione.jpg?resize=300,300&ssl=1","fifu_image_url":"https:\/\/interpim.erresse-shop.it\/Import\/Prodotti\/toms-drag-cassettiera-rotonda-piano-arancione.jpg","_links":{"self":[{"href":"https:\/\/dev6.erresse-shop.it\/fr\/wp-json\/wp\/v2\/product\/1609999","targetHints":{"allow":["GET"]}}],"collection":[{"href":"https:\/\/dev6.erresse-shop.it\/fr\/wp-json\/wp\/v2\/product"}],"about":[{"href":"https:\/\/dev6.erresse-shop.it\/fr\/wp-json\/wp\/v2\/types\/product"}],"wp:featuredmedia":[{"embeddable":true,"href":"https:\/\/dev6.erresse-shop.it\/fr\/wp-json\/wp\/v2\/media\/6377013"}],"wp:attachment":[{"href":"https:\/\/dev6.erresse-shop.it\/fr\/wp-json\/wp\/v2\/media?parent=1609999"}],"wp:term":[{"taxonomy":"product_cat","embeddable":true,"href":"https:\/\/dev6.erresse-shop.it\/fr\/wp-json\/wp\/v2\/product_cat?post=1609999"},{"taxonomy":"product_tag","embeddable":true,"href":"https:\/\/dev6.erresse-shop.it\/fr\/wp-json\/wp\/v2\/product_tag?post=1609999"}],"curies":[{"name":"wp","href":"https:\/\/api.w.org\/{rel}","templated":true}]}}