{"id":1609991,"date":"2026-04-12T13:26:25","date_gmt":"2026-04-12T11:26:25","guid":{"rendered":"https:\/\/dev6.erresse-shop.it\/shop\/non%20class\u00e9\/mr-wattson-lampe-led-norbitt-3-0-squid-black\/"},"modified":"2026-01-16T22:16:51","modified_gmt":"2026-01-16T21:16:51","slug":"mr-wattson-lampe-led-norbitt-3-0-squid-black","status":"publish","type":"product","link":"https:\/\/dev6.erresse-shop.it\/fr\/shop\/ameublement-maison\/lampes\/mr-wattson-lampe-led-norbitt-3-0-squid-black\/","title":{"rendered":"MR. WATTSON Lampe LED Norbitt 3.0 Squid Black"},"content":{"rendered":"<p>Squid Black est plus sombre que le sens de l\u2019humour de votre ex et plus doux qu\u2019un smoking de James Bond. Ce type est aussi noir qu\u2019une nuit sans lune au c\u0153ur des profondeurs marines, o\u00f9 m\u00eame les calmars envient son opulence d\u2019encre ! Que vous \u00e9clairiez votre maison ou que vous complotiez pour dominer le monde, Squid Black Norbitt est le compagnon \u00e9l\u00e9gant dont vous ne saviez pas avoir besoin.<\/p>\n<p>Votre compagnon stellaire qui est l\u00e0 pour illuminer votre univers. Cet explorateur \u00e9cologique rechargeable est compact mais puissant, \u00e9clairant n\u2019importe quel coin avec une rotation \u00e0 360 degr\u00e9s. Norbitt propose trois r\u00e9glages de gradation pour cr\u00e9er l\u2019ambiance, de \u00ab la lumi\u00e8re subtile des \u00e9toiles \u00bb \u00e0 la \u00ab disco interstellaire \u00bb. Norbitt peut \u00e9galement vous accompagner dans vos aventures en plein air, que vous fassiez griller des guimauves ou que vous observiez les \u00e9toiles, son pr\u00e9f\u00e9r\u00e9. Avec six couleurs au choix, il a plus de nuances qu\u2019une supernova.<\/p>\n<p>Sp\u00e9cifications\u00a0:<\/p>\n<p>Le c\u00e2ble mesure 1 m de long.<br \/>\nEquip\u00e9 d\u2019un interrupteur et d\u2019une prise europ\u00e9enne.<br \/>\nDimensions (L x l x H) : 8,3 x 10 x 12,5 cm<br \/>\nLED 1,2 W<\/p>\n","protected":false},"excerpt":{"rendered":"<p>Squid Black est plus sombre que le sens de l\u2019humour de votre ex et plus doux qu\u2019un smoking de James Bond. Ce type est aussi noir qu\u2019une nuit sans lune au c\u0153ur des profondeurs marines, o\u00f9 m\u00eame les calmars envient son opulence d\u2019encre ! Que vous \u00e9clairiez votre maison ou que vous complotiez pour dominer [&hellip;]<\/p>\n","protected":false},"featured_media":6376991,"template":"","meta":{"_acf_changed":false},"product_cat":[11990,12019],"product_tag":[],"class_list":{"0":"post-1609991","1":"product","2":"type-product","3":"status-publish","4":"has-post-thumbnail","6":"product_cat-ameublement-maison","7":"product_cat-lampes","9":"first","10":"instock","11":"sale","12":"taxable","13":"shipping-taxable","14":"purchasable","15":"product-type-simple","swatches":"rey-swatches","show_selected":"","stretch_labels":"rey-swatches--stretch-labels"},"acf":[],"yoast_head":"<!-- This site is optimized with the Yoast SEO plugin v25.4 - https:\/\/yoast.com\/wordpress\/plugins\/seo\/ -->\n<title>MR. WATTSON Lampe LED Norbitt 3.0 Squid Black - dev6 Erresse<\/title>\n<meta name=\"description\" content=\"Squid Black est plus sombre que le sens de l\u2019humour de votre ex et plus doux qu\u2019un smoking de James Bond. Ce type est aussi noir qu\u2019une nuit sans lune au\" \/>\n<meta name=\"robots\" content=\"noindex, follow, max-snippet:-1, max-image-preview:large, max-video-preview:-1\" \/>\n<meta property=\"og:locale\" content=\"fr_FR\" \/>\n<meta property=\"og:type\" content=\"article\" \/>\n<meta property=\"og:title\" content=\"MR. WATTSON Lampe LED Norbitt 3.0 Squid Black - dev6 Erresse\" \/>\n<meta property=\"og:description\" content=\"Squid Black est plus sombre que le sens de l\u2019humour de votre ex et plus doux qu\u2019un smoking de James Bond. Ce type est aussi noir qu\u2019une nuit sans lune au\" \/>\n<meta property=\"og:url\" content=\"https:\/\/dev6.erresse-shop.it\/fr\/shop\/ameublement-maison\/lampes\/mr-wattson-lampe-led-norbitt-3-0-squid-black\/\" \/>\n<meta property=\"og:site_name\" content=\"dev6 Erresse\" \/>\n<meta property=\"og:image\" content=\"https:\/\/interpim.erresse-shop.it\/Import\/Prodotti\/mr.-wattson-norbitt-3.0-lampada-led-squid-black.jpg\" \/><meta property=\"og:image\" content=\"https:\/\/interpim.erresse-shop.it\/Import\/Prodotti\/mr.-wattson-norbitt-3.0-lampada-led-squid-black.jpg\" \/>\n\t<meta property=\"og:image:width\" content=\"1024\" \/>\n\t<meta property=\"og:image:height\" content=\"1024\" \/>\n\t<meta property=\"og:image:type\" content=\"image\/jpeg\" \/>\n<meta name=\"twitter:card\" content=\"summary_large_image\" \/>\n<meta name=\"twitter:image\" content=\"https:\/\/interpim.erresse-shop.it\/Import\/Prodotti\/mr.-wattson-norbitt-3.0-lampada-led-squid-black.jpg\" \/>\n<script type=\"application\/ld+json\" class=\"yoast-schema-graph\">{\"@context\":\"https:\/\/schema.org\",\"@graph\":[{\"@type\":\"WebPage\",\"@id\":\"https:\/\/dev6.erresse-shop.it\/fr\/shop\/ameublement-maison\/lampes\/mr-wattson-lampe-led-norbitt-3-0-squid-black\/\",\"url\":\"https:\/\/dev6.erresse-shop.it\/fr\/shop\/ameublement-maison\/lampes\/mr-wattson-lampe-led-norbitt-3-0-squid-black\/\",\"name\":\"MR. WATTSON Lampe LED Norbitt 3.0 Squid Black - dev6 Erresse\",\"isPartOf\":{\"@id\":\"https:\/\/dev6.erresse-shop.it\/#website\"},\"primaryImageOfPage\":{\"@id\":\"https:\/\/dev6.erresse-shop.it\/fr\/shop\/ameublement-maison\/lampes\/mr-wattson-lampe-led-norbitt-3-0-squid-black\/#primaryimage\"},\"image\":{\"@id\":\"https:\/\/dev6.erresse-shop.it\/fr\/shop\/ameublement-maison\/lampes\/mr-wattson-lampe-led-norbitt-3-0-squid-black\/#primaryimage\"},\"thumbnailUrl\":\"https:\/\/i2.wp.com\/interpim.erresse-shop.it\/Import\/Prodotti\/mr.-wattson-norbitt-3.0-lampada-led-squid-black.jpg?ssl=1\",\"datePublished\":\"2026-04-12T11:26:25+00:00\",\"description\":\"Squid Black est plus sombre que le sens de l\u2019humour de votre ex et plus doux qu\u2019un smoking de James Bond. Ce type est aussi noir qu\u2019une nuit sans lune au\",\"breadcrumb\":{\"@id\":\"https:\/\/dev6.erresse-shop.it\/fr\/shop\/ameublement-maison\/lampes\/mr-wattson-lampe-led-norbitt-3-0-squid-black\/#breadcrumb\"},\"inLanguage\":\"fr-FR\",\"potentialAction\":[{\"@type\":\"ReadAction\",\"target\":[\"https:\/\/dev6.erresse-shop.it\/fr\/shop\/ameublement-maison\/lampes\/mr-wattson-lampe-led-norbitt-3-0-squid-black\/\"]}]},{\"@type\":\"ImageObject\",\"inLanguage\":\"fr-FR\",\"@id\":\"https:\/\/dev6.erresse-shop.it\/fr\/shop\/ameublement-maison\/lampes\/mr-wattson-lampe-led-norbitt-3-0-squid-black\/#primaryimage\",\"url\":\"https:\/\/i2.wp.com\/interpim.erresse-shop.it\/Import\/Prodotti\/mr.-wattson-norbitt-3.0-lampada-led-squid-black.jpg?ssl=1\",\"contentUrl\":\"https:\/\/i2.wp.com\/interpim.erresse-shop.it\/Import\/Prodotti\/mr.-wattson-norbitt-3.0-lampada-led-squid-black.jpg?ssl=1\"},{\"@type\":\"BreadcrumbList\",\"@id\":\"https:\/\/dev6.erresse-shop.it\/fr\/shop\/ameublement-maison\/lampes\/mr-wattson-lampe-led-norbitt-3-0-squid-black\/#breadcrumb\",\"itemListElement\":[{\"@type\":\"ListItem\",\"position\":1,\"name\":\"Home\",\"item\":\"https:\/\/dev6.erresse-shop.it\/\"},{\"@type\":\"ListItem\",\"position\":2,\"name\":\"Boutique\",\"item\":\"https:\/\/dev6.erresse-shop.it\/shop\/\"},{\"@type\":\"ListItem\",\"position\":3,\"name\":\"MR. WATTSON Lampe LED Norbitt 3.0 Squid Black\"}]},{\"@type\":\"WebSite\",\"@id\":\"https:\/\/dev6.erresse-shop.it\/#website\",\"url\":\"https:\/\/dev6.erresse-shop.it\/\",\"name\":\"Erresse Shop\",\"description\":\"\",\"publisher\":{\"@id\":\"https:\/\/dev6.erresse-shop.it\/#organization\"},\"potentialAction\":[{\"@type\":\"SearchAction\",\"target\":{\"@type\":\"EntryPoint\",\"urlTemplate\":\"https:\/\/dev6.erresse-shop.it\/?s={search_term_string}\"},\"query-input\":{\"@type\":\"PropertyValueSpecification\",\"valueRequired\":true,\"valueName\":\"search_term_string\"}}],\"inLanguage\":\"fr-FR\"},{\"@type\":\"Organization\",\"@id\":\"https:\/\/dev6.erresse-shop.it\/#organization\",\"name\":\"Erresse Shop\",\"url\":\"https:\/\/dev6.erresse-shop.it\/\",\"logo\":{\"@type\":\"ImageObject\",\"inLanguage\":\"fr-FR\",\"@id\":\"https:\/\/dev6.erresse-shop.it\/#\/schema\/logo\/image\/\",\"url\":\"https:\/\/dev6.erresse-shop.it\/wp-content\/uploads\/2025\/01\/LOGO-ERRESSE-CLASSICO.svg\",\"contentUrl\":\"https:\/\/dev6.erresse-shop.it\/wp-content\/uploads\/2025\/01\/LOGO-ERRESSE-CLASSICO.svg\",\"caption\":\"Erresse Shop\"},\"image\":{\"@id\":\"https:\/\/dev6.erresse-shop.it\/#\/schema\/logo\/image\/\"}}]}<\/script>\n<!-- \/ Yoast SEO plugin. -->","yoast_head_json":{"title":"MR. WATTSON Lampe LED Norbitt 3.0 Squid Black - dev6 Erresse","description":"Squid Black est plus sombre que le sens de l\u2019humour de votre ex et plus doux qu\u2019un smoking de James Bond. Ce type est aussi noir qu\u2019une nuit sans lune au","robots":{"index":"noindex","follow":"follow","max-snippet":"max-snippet:-1","max-image-preview":"max-image-preview:large","max-video-preview":"max-video-preview:-1"},"og_locale":"fr_FR","og_type":"article","og_title":"MR. WATTSON Lampe LED Norbitt 3.0 Squid Black - dev6 Erresse","og_description":"Squid Black est plus sombre que le sens de l\u2019humour de votre ex et plus doux qu\u2019un smoking de James Bond. Ce type est aussi noir qu\u2019une nuit sans lune au","og_url":"https:\/\/dev6.erresse-shop.it\/fr\/shop\/ameublement-maison\/lampes\/mr-wattson-lampe-led-norbitt-3-0-squid-black\/","og_site_name":"dev6 Erresse","og_image":[{"url":"https:\/\/interpim.erresse-shop.it\/Import\/Prodotti\/mr.-wattson-norbitt-3.0-lampada-led-squid-black.jpg","type":"","width":"","height":""},{"url":"https:\/\/interpim.erresse-shop.it\/Import\/Prodotti\/mr.-wattson-norbitt-3.0-lampada-led-squid-black.jpg","width":1024,"height":1024,"type":"image\/jpeg"}],"twitter_card":"summary_large_image","twitter_image":"https:\/\/interpim.erresse-shop.it\/Import\/Prodotti\/mr.-wattson-norbitt-3.0-lampada-led-squid-black.jpg","schema":{"@context":"https:\/\/schema.org","@graph":[{"@type":"WebPage","@id":"https:\/\/dev6.erresse-shop.it\/fr\/shop\/ameublement-maison\/lampes\/mr-wattson-lampe-led-norbitt-3-0-squid-black\/","url":"https:\/\/dev6.erresse-shop.it\/fr\/shop\/ameublement-maison\/lampes\/mr-wattson-lampe-led-norbitt-3-0-squid-black\/","name":"MR. WATTSON Lampe LED Norbitt 3.0 Squid Black - dev6 Erresse","isPartOf":{"@id":"https:\/\/dev6.erresse-shop.it\/#website"},"primaryImageOfPage":{"@id":"https:\/\/dev6.erresse-shop.it\/fr\/shop\/ameublement-maison\/lampes\/mr-wattson-lampe-led-norbitt-3-0-squid-black\/#primaryimage"},"image":{"@id":"https:\/\/dev6.erresse-shop.it\/fr\/shop\/ameublement-maison\/lampes\/mr-wattson-lampe-led-norbitt-3-0-squid-black\/#primaryimage"},"thumbnailUrl":"https:\/\/i2.wp.com\/interpim.erresse-shop.it\/Import\/Prodotti\/mr.-wattson-norbitt-3.0-lampada-led-squid-black.jpg?ssl=1","datePublished":"2026-04-12T11:26:25+00:00","description":"Squid Black est plus sombre que le sens de l\u2019humour de votre ex et plus doux qu\u2019un smoking de James Bond. Ce type est aussi noir qu\u2019une nuit sans lune au","breadcrumb":{"@id":"https:\/\/dev6.erresse-shop.it\/fr\/shop\/ameublement-maison\/lampes\/mr-wattson-lampe-led-norbitt-3-0-squid-black\/#breadcrumb"},"inLanguage":"fr-FR","potentialAction":[{"@type":"ReadAction","target":["https:\/\/dev6.erresse-shop.it\/fr\/shop\/ameublement-maison\/lampes\/mr-wattson-lampe-led-norbitt-3-0-squid-black\/"]}]},{"@type":"ImageObject","inLanguage":"fr-FR","@id":"https:\/\/dev6.erresse-shop.it\/fr\/shop\/ameublement-maison\/lampes\/mr-wattson-lampe-led-norbitt-3-0-squid-black\/#primaryimage","url":"https:\/\/i2.wp.com\/interpim.erresse-shop.it\/Import\/Prodotti\/mr.-wattson-norbitt-3.0-lampada-led-squid-black.jpg?ssl=1","contentUrl":"https:\/\/i2.wp.com\/interpim.erresse-shop.it\/Import\/Prodotti\/mr.-wattson-norbitt-3.0-lampada-led-squid-black.jpg?ssl=1"},{"@type":"BreadcrumbList","@id":"https:\/\/dev6.erresse-shop.it\/fr\/shop\/ameublement-maison\/lampes\/mr-wattson-lampe-led-norbitt-3-0-squid-black\/#breadcrumb","itemListElement":[{"@type":"ListItem","position":1,"name":"Home","item":"https:\/\/dev6.erresse-shop.it\/"},{"@type":"ListItem","position":2,"name":"Boutique","item":"https:\/\/dev6.erresse-shop.it\/shop\/"},{"@type":"ListItem","position":3,"name":"MR. WATTSON Lampe LED Norbitt 3.0 Squid Black"}]},{"@type":"WebSite","@id":"https:\/\/dev6.erresse-shop.it\/#website","url":"https:\/\/dev6.erresse-shop.it\/","name":"Erresse Shop","description":"","publisher":{"@id":"https:\/\/dev6.erresse-shop.it\/#organization"},"potentialAction":[{"@type":"SearchAction","target":{"@type":"EntryPoint","urlTemplate":"https:\/\/dev6.erresse-shop.it\/?s={search_term_string}"},"query-input":{"@type":"PropertyValueSpecification","valueRequired":true,"valueName":"search_term_string"}}],"inLanguage":"fr-FR"},{"@type":"Organization","@id":"https:\/\/dev6.erresse-shop.it\/#organization","name":"Erresse Shop","url":"https:\/\/dev6.erresse-shop.it\/","logo":{"@type":"ImageObject","inLanguage":"fr-FR","@id":"https:\/\/dev6.erresse-shop.it\/#\/schema\/logo\/image\/","url":"https:\/\/dev6.erresse-shop.it\/wp-content\/uploads\/2025\/01\/LOGO-ERRESSE-CLASSICO.svg","contentUrl":"https:\/\/dev6.erresse-shop.it\/wp-content\/uploads\/2025\/01\/LOGO-ERRESSE-CLASSICO.svg","caption":"Erresse Shop"},"image":{"@id":"https:\/\/dev6.erresse-shop.it\/#\/schema\/logo\/image\/"}}]}},"df_price":69,"df_sale_price":69,"df_regular_price":99,"df_image_link":"https:\/\/i2.wp.com\/interpim.erresse-shop.it\/Import\/Prodotti\/mr.-wattson-norbitt-3.0-lampada-led-squid-black.jpg?resize=300,300&ssl=1","fifu_image_url":"https:\/\/interpim.erresse-shop.it\/Import\/Prodotti\/mr.-wattson-norbitt-3.0-lampada-led-squid-black.jpg","_links":{"self":[{"href":"https:\/\/dev6.erresse-shop.it\/fr\/wp-json\/wp\/v2\/product\/1609991","targetHints":{"allow":["GET"]}}],"collection":[{"href":"https:\/\/dev6.erresse-shop.it\/fr\/wp-json\/wp\/v2\/product"}],"about":[{"href":"https:\/\/dev6.erresse-shop.it\/fr\/wp-json\/wp\/v2\/types\/product"}],"wp:featuredmedia":[{"embeddable":true,"href":"https:\/\/dev6.erresse-shop.it\/fr\/wp-json\/wp\/v2\/media\/6376991"}],"wp:attachment":[{"href":"https:\/\/dev6.erresse-shop.it\/fr\/wp-json\/wp\/v2\/media?parent=1609991"}],"wp:term":[{"taxonomy":"product_cat","embeddable":true,"href":"https:\/\/dev6.erresse-shop.it\/fr\/wp-json\/wp\/v2\/product_cat?post=1609991"},{"taxonomy":"product_tag","embeddable":true,"href":"https:\/\/dev6.erresse-shop.it\/fr\/wp-json\/wp\/v2\/product_tag?post=1609991"}],"curies":[{"name":"wp","href":"https:\/\/api.w.org\/{rel}","templated":true}]}}