{"id":1609981,"date":"2026-04-12T13:23:43","date_gmt":"2026-04-12T11:23:43","guid":{"rendered":"https:\/\/dev6.erresse-shop.it\/shop\/non%20class\u00e9\/mr-wattson-lampe-led-norbitt-2-0-cosmic-chrome\/"},"modified":"2025-09-14T06:42:00","modified_gmt":"2025-09-14T04:42:00","slug":"mr-wattson-lampe-led-norbitt-2-0-cosmic-chrome","status":"publish","type":"product","link":"https:\/\/dev6.erresse-shop.it\/fr\/shop\/ameublement-maison\/lampes\/mr-wattson-lampe-led-norbitt-2-0-cosmic-chrome\/","title":{"rendered":"MR. WATTSON Lampe LED Norbitt 2.0 Cosmic Chrome"},"content":{"rendered":"<p>Pr\u00e9parez-vous \u00e0 d\u00e9coller avec Norbitt dans son nouveau costume \u00e9blouissant : Cosmic Chrome ! C\u2019est comme si ce Norbitt sortait tout droit d\u2019un film de science-fiction ou empruntait un peu de faste \u00e0 un vaisseau spatial futuriste. C\u2019est \u00e9l\u00e9gant, c\u2019est tendance, c\u2019est du glamour intergalactique ! Attachez vos ceintures, car votre spectacle de lumi\u00e8re est sur le point de passer \u00e0 une vitesse fulgurante !<\/p>\n<p>Cet explorateur rechargeable est compact mais puissant, \u00e9clairant n\u2019importe quel angle avec une rotation \u00e0 360 degr\u00e9s. Norbitt propose trois r\u00e9glages de gradation pour cr\u00e9er l\u2019ambiance, de \u00ab la lumi\u00e8re subtile des \u00e9toiles \u00bb \u00e0 la \u00ab disco interstellaire \u00bb. Norbitt peut \u00e9galement vous accompagner dans vos aventures en plein air, que vous fassiez griller des guimauves ou que vous observiez les \u00e9toiles, son pr\u00e9f\u00e9r\u00e9.<\/p>\n<p>Sp\u00e9cifications\u00a0:<\/p>\n<p>Le c\u00e2ble mesure 1,5 m de long.<br \/>\nEquip\u00e9 d\u2019un interrupteur et d\u2019une prise europ\u00e9enne.<br \/>\nDimensions (L x l x H) : 8,3 x 10 x 12 cm<br \/>\nLED 1,3 W<\/p>\n","protected":false},"excerpt":{"rendered":"<p>Pr\u00e9parez-vous \u00e0 d\u00e9coller avec Norbitt dans son nouveau costume \u00e9blouissant : Cosmic Chrome ! C\u2019est comme si ce Norbitt sortait tout droit d\u2019un film de science-fiction ou empruntait un peu de faste \u00e0 un vaisseau spatial futuriste. C\u2019est \u00e9l\u00e9gant, c\u2019est tendance, c\u2019est du glamour intergalactique ! Attachez vos ceintures, car votre spectacle de lumi\u00e8re est [&hellip;]<\/p>\n","protected":false},"featured_media":6376959,"template":"","meta":{"_acf_changed":false},"product_cat":[11990,12019],"product_tag":[],"class_list":{"0":"post-1609981","1":"product","2":"type-product","3":"status-publish","4":"has-post-thumbnail","6":"product_cat-ameublement-maison","7":"product_cat-lampes","9":"first","10":"instock","11":"sale","12":"taxable","13":"shipping-taxable","14":"purchasable","15":"product-type-simple","swatches":"rey-swatches","show_selected":"","stretch_labels":"rey-swatches--stretch-labels"},"acf":[],"yoast_head":"<!-- This site is optimized with the Yoast SEO plugin v25.4 - https:\/\/yoast.com\/wordpress\/plugins\/seo\/ -->\n<title>MR. WATTSON Lampe LED Norbitt 2.0 Cosmic Chrome - dev6 Erresse<\/title>\n<meta name=\"description\" content=\"Pr\u00e9parez-vous \u00e0 d\u00e9coller avec Norbitt dans son nouveau costume \u00e9blouissant : Cosmic Chrome ! C\u2019est comme si ce Norbitt sortait tout droit d\u2019un film de\" \/>\n<meta name=\"robots\" content=\"noindex, follow, max-snippet:-1, max-image-preview:large, max-video-preview:-1\" \/>\n<meta property=\"og:locale\" content=\"fr_FR\" \/>\n<meta property=\"og:type\" content=\"article\" \/>\n<meta property=\"og:title\" content=\"MR. WATTSON Lampe LED Norbitt 2.0 Cosmic Chrome - dev6 Erresse\" \/>\n<meta property=\"og:description\" content=\"Pr\u00e9parez-vous \u00e0 d\u00e9coller avec Norbitt dans son nouveau costume \u00e9blouissant : Cosmic Chrome ! C\u2019est comme si ce Norbitt sortait tout droit d\u2019un film de\" \/>\n<meta property=\"og:url\" content=\"https:\/\/dev6.erresse-shop.it\/fr\/shop\/ameublement-maison\/lampes\/mr-wattson-lampe-led-norbitt-2-0-cosmic-chrome\/\" \/>\n<meta property=\"og:site_name\" content=\"dev6 Erresse\" \/>\n<meta property=\"og:image\" content=\"https:\/\/interpim.erresse-shop.it\/Import\/Prodotti\/mr.-wattson-norbit-2.0-lampada-led-cosmic-chrome.jpg\" \/><meta property=\"og:image\" content=\"https:\/\/interpim.erresse-shop.it\/Import\/Prodotti\/mr.-wattson-norbit-2.0-lampada-led-cosmic-chrome.jpg\" \/>\n\t<meta property=\"og:image:width\" content=\"1024\" \/>\n\t<meta property=\"og:image:height\" content=\"1024\" \/>\n\t<meta property=\"og:image:type\" content=\"image\/jpeg\" \/>\n<meta name=\"twitter:card\" content=\"summary_large_image\" \/>\n<meta name=\"twitter:image\" content=\"https:\/\/interpim.erresse-shop.it\/Import\/Prodotti\/mr.-wattson-norbit-2.0-lampada-led-cosmic-chrome.jpg\" \/>\n<script type=\"application\/ld+json\" class=\"yoast-schema-graph\">{\"@context\":\"https:\/\/schema.org\",\"@graph\":[{\"@type\":\"WebPage\",\"@id\":\"https:\/\/dev6.erresse-shop.it\/fr\/shop\/ameublement-maison\/lampes\/mr-wattson-lampe-led-norbitt-2-0-cosmic-chrome\/\",\"url\":\"https:\/\/dev6.erresse-shop.it\/fr\/shop\/ameublement-maison\/lampes\/mr-wattson-lampe-led-norbitt-2-0-cosmic-chrome\/\",\"name\":\"MR. WATTSON Lampe LED Norbitt 2.0 Cosmic Chrome - dev6 Erresse\",\"isPartOf\":{\"@id\":\"https:\/\/dev6.erresse-shop.it\/#website\"},\"primaryImageOfPage\":{\"@id\":\"https:\/\/dev6.erresse-shop.it\/fr\/shop\/ameublement-maison\/lampes\/mr-wattson-lampe-led-norbitt-2-0-cosmic-chrome\/#primaryimage\"},\"image\":{\"@id\":\"https:\/\/dev6.erresse-shop.it\/fr\/shop\/ameublement-maison\/lampes\/mr-wattson-lampe-led-norbitt-2-0-cosmic-chrome\/#primaryimage\"},\"thumbnailUrl\":\"https:\/\/i0.wp.com\/interpim.erresse-shop.it\/Import\/Prodotti\/mr.-wattson-norbit-2.0-lampada-led-cosmic-chrome.jpg?ssl=1\",\"datePublished\":\"2026-04-12T11:23:43+00:00\",\"description\":\"Pr\u00e9parez-vous \u00e0 d\u00e9coller avec Norbitt dans son nouveau costume \u00e9blouissant : Cosmic Chrome ! C\u2019est comme si ce Norbitt sortait tout droit d\u2019un film de\",\"breadcrumb\":{\"@id\":\"https:\/\/dev6.erresse-shop.it\/fr\/shop\/ameublement-maison\/lampes\/mr-wattson-lampe-led-norbitt-2-0-cosmic-chrome\/#breadcrumb\"},\"inLanguage\":\"fr-FR\",\"potentialAction\":[{\"@type\":\"ReadAction\",\"target\":[\"https:\/\/dev6.erresse-shop.it\/fr\/shop\/ameublement-maison\/lampes\/mr-wattson-lampe-led-norbitt-2-0-cosmic-chrome\/\"]}]},{\"@type\":\"ImageObject\",\"inLanguage\":\"fr-FR\",\"@id\":\"https:\/\/dev6.erresse-shop.it\/fr\/shop\/ameublement-maison\/lampes\/mr-wattson-lampe-led-norbitt-2-0-cosmic-chrome\/#primaryimage\",\"url\":\"https:\/\/i0.wp.com\/interpim.erresse-shop.it\/Import\/Prodotti\/mr.-wattson-norbit-2.0-lampada-led-cosmic-chrome.jpg?ssl=1\",\"contentUrl\":\"https:\/\/i0.wp.com\/interpim.erresse-shop.it\/Import\/Prodotti\/mr.-wattson-norbit-2.0-lampada-led-cosmic-chrome.jpg?ssl=1\"},{\"@type\":\"BreadcrumbList\",\"@id\":\"https:\/\/dev6.erresse-shop.it\/fr\/shop\/ameublement-maison\/lampes\/mr-wattson-lampe-led-norbitt-2-0-cosmic-chrome\/#breadcrumb\",\"itemListElement\":[{\"@type\":\"ListItem\",\"position\":1,\"name\":\"Home\",\"item\":\"https:\/\/dev6.erresse-shop.it\/\"},{\"@type\":\"ListItem\",\"position\":2,\"name\":\"Boutique\",\"item\":\"https:\/\/dev6.erresse-shop.it\/shop\/\"},{\"@type\":\"ListItem\",\"position\":3,\"name\":\"MR. WATTSON Lampe LED Norbitt 2.0 Cosmic Chrome\"}]},{\"@type\":\"WebSite\",\"@id\":\"https:\/\/dev6.erresse-shop.it\/#website\",\"url\":\"https:\/\/dev6.erresse-shop.it\/\",\"name\":\"Erresse Shop\",\"description\":\"\",\"publisher\":{\"@id\":\"https:\/\/dev6.erresse-shop.it\/#organization\"},\"potentialAction\":[{\"@type\":\"SearchAction\",\"target\":{\"@type\":\"EntryPoint\",\"urlTemplate\":\"https:\/\/dev6.erresse-shop.it\/?s={search_term_string}\"},\"query-input\":{\"@type\":\"PropertyValueSpecification\",\"valueRequired\":true,\"valueName\":\"search_term_string\"}}],\"inLanguage\":\"fr-FR\"},{\"@type\":\"Organization\",\"@id\":\"https:\/\/dev6.erresse-shop.it\/#organization\",\"name\":\"Erresse Shop\",\"url\":\"https:\/\/dev6.erresse-shop.it\/\",\"logo\":{\"@type\":\"ImageObject\",\"inLanguage\":\"fr-FR\",\"@id\":\"https:\/\/dev6.erresse-shop.it\/#\/schema\/logo\/image\/\",\"url\":\"https:\/\/dev6.erresse-shop.it\/wp-content\/uploads\/2025\/01\/LOGO-ERRESSE-CLASSICO.svg\",\"contentUrl\":\"https:\/\/dev6.erresse-shop.it\/wp-content\/uploads\/2025\/01\/LOGO-ERRESSE-CLASSICO.svg\",\"caption\":\"Erresse Shop\"},\"image\":{\"@id\":\"https:\/\/dev6.erresse-shop.it\/#\/schema\/logo\/image\/\"}}]}<\/script>\n<!-- \/ Yoast SEO plugin. -->","yoast_head_json":{"title":"MR. WATTSON Lampe LED Norbitt 2.0 Cosmic Chrome - dev6 Erresse","description":"Pr\u00e9parez-vous \u00e0 d\u00e9coller avec Norbitt dans son nouveau costume \u00e9blouissant : Cosmic Chrome ! C\u2019est comme si ce Norbitt sortait tout droit d\u2019un film de","robots":{"index":"noindex","follow":"follow","max-snippet":"max-snippet:-1","max-image-preview":"max-image-preview:large","max-video-preview":"max-video-preview:-1"},"og_locale":"fr_FR","og_type":"article","og_title":"MR. WATTSON Lampe LED Norbitt 2.0 Cosmic Chrome - dev6 Erresse","og_description":"Pr\u00e9parez-vous \u00e0 d\u00e9coller avec Norbitt dans son nouveau costume \u00e9blouissant : Cosmic Chrome ! C\u2019est comme si ce Norbitt sortait tout droit d\u2019un film de","og_url":"https:\/\/dev6.erresse-shop.it\/fr\/shop\/ameublement-maison\/lampes\/mr-wattson-lampe-led-norbitt-2-0-cosmic-chrome\/","og_site_name":"dev6 Erresse","og_image":[{"url":"https:\/\/interpim.erresse-shop.it\/Import\/Prodotti\/mr.-wattson-norbit-2.0-lampada-led-cosmic-chrome.jpg","type":"","width":"","height":""},{"url":"https:\/\/interpim.erresse-shop.it\/Import\/Prodotti\/mr.-wattson-norbit-2.0-lampada-led-cosmic-chrome.jpg","width":1024,"height":1024,"type":"image\/jpeg"}],"twitter_card":"summary_large_image","twitter_image":"https:\/\/interpim.erresse-shop.it\/Import\/Prodotti\/mr.-wattson-norbit-2.0-lampada-led-cosmic-chrome.jpg","schema":{"@context":"https:\/\/schema.org","@graph":[{"@type":"WebPage","@id":"https:\/\/dev6.erresse-shop.it\/fr\/shop\/ameublement-maison\/lampes\/mr-wattson-lampe-led-norbitt-2-0-cosmic-chrome\/","url":"https:\/\/dev6.erresse-shop.it\/fr\/shop\/ameublement-maison\/lampes\/mr-wattson-lampe-led-norbitt-2-0-cosmic-chrome\/","name":"MR. WATTSON Lampe LED Norbitt 2.0 Cosmic Chrome - dev6 Erresse","isPartOf":{"@id":"https:\/\/dev6.erresse-shop.it\/#website"},"primaryImageOfPage":{"@id":"https:\/\/dev6.erresse-shop.it\/fr\/shop\/ameublement-maison\/lampes\/mr-wattson-lampe-led-norbitt-2-0-cosmic-chrome\/#primaryimage"},"image":{"@id":"https:\/\/dev6.erresse-shop.it\/fr\/shop\/ameublement-maison\/lampes\/mr-wattson-lampe-led-norbitt-2-0-cosmic-chrome\/#primaryimage"},"thumbnailUrl":"https:\/\/i0.wp.com\/interpim.erresse-shop.it\/Import\/Prodotti\/mr.-wattson-norbit-2.0-lampada-led-cosmic-chrome.jpg?ssl=1","datePublished":"2026-04-12T11:23:43+00:00","description":"Pr\u00e9parez-vous \u00e0 d\u00e9coller avec Norbitt dans son nouveau costume \u00e9blouissant : Cosmic Chrome ! C\u2019est comme si ce Norbitt sortait tout droit d\u2019un film de","breadcrumb":{"@id":"https:\/\/dev6.erresse-shop.it\/fr\/shop\/ameublement-maison\/lampes\/mr-wattson-lampe-led-norbitt-2-0-cosmic-chrome\/#breadcrumb"},"inLanguage":"fr-FR","potentialAction":[{"@type":"ReadAction","target":["https:\/\/dev6.erresse-shop.it\/fr\/shop\/ameublement-maison\/lampes\/mr-wattson-lampe-led-norbitt-2-0-cosmic-chrome\/"]}]},{"@type":"ImageObject","inLanguage":"fr-FR","@id":"https:\/\/dev6.erresse-shop.it\/fr\/shop\/ameublement-maison\/lampes\/mr-wattson-lampe-led-norbitt-2-0-cosmic-chrome\/#primaryimage","url":"https:\/\/i0.wp.com\/interpim.erresse-shop.it\/Import\/Prodotti\/mr.-wattson-norbit-2.0-lampada-led-cosmic-chrome.jpg?ssl=1","contentUrl":"https:\/\/i0.wp.com\/interpim.erresse-shop.it\/Import\/Prodotti\/mr.-wattson-norbit-2.0-lampada-led-cosmic-chrome.jpg?ssl=1"},{"@type":"BreadcrumbList","@id":"https:\/\/dev6.erresse-shop.it\/fr\/shop\/ameublement-maison\/lampes\/mr-wattson-lampe-led-norbitt-2-0-cosmic-chrome\/#breadcrumb","itemListElement":[{"@type":"ListItem","position":1,"name":"Home","item":"https:\/\/dev6.erresse-shop.it\/"},{"@type":"ListItem","position":2,"name":"Boutique","item":"https:\/\/dev6.erresse-shop.it\/shop\/"},{"@type":"ListItem","position":3,"name":"MR. WATTSON Lampe LED Norbitt 2.0 Cosmic Chrome"}]},{"@type":"WebSite","@id":"https:\/\/dev6.erresse-shop.it\/#website","url":"https:\/\/dev6.erresse-shop.it\/","name":"Erresse Shop","description":"","publisher":{"@id":"https:\/\/dev6.erresse-shop.it\/#organization"},"potentialAction":[{"@type":"SearchAction","target":{"@type":"EntryPoint","urlTemplate":"https:\/\/dev6.erresse-shop.it\/?s={search_term_string}"},"query-input":{"@type":"PropertyValueSpecification","valueRequired":true,"valueName":"search_term_string"}}],"inLanguage":"fr-FR"},{"@type":"Organization","@id":"https:\/\/dev6.erresse-shop.it\/#organization","name":"Erresse Shop","url":"https:\/\/dev6.erresse-shop.it\/","logo":{"@type":"ImageObject","inLanguage":"fr-FR","@id":"https:\/\/dev6.erresse-shop.it\/#\/schema\/logo\/image\/","url":"https:\/\/dev6.erresse-shop.it\/wp-content\/uploads\/2025\/01\/LOGO-ERRESSE-CLASSICO.svg","contentUrl":"https:\/\/dev6.erresse-shop.it\/wp-content\/uploads\/2025\/01\/LOGO-ERRESSE-CLASSICO.svg","caption":"Erresse Shop"},"image":{"@id":"https:\/\/dev6.erresse-shop.it\/#\/schema\/logo\/image\/"}}]}},"df_price":84.95,"df_sale_price":84.95,"df_regular_price":119,"df_image_link":"https:\/\/i0.wp.com\/interpim.erresse-shop.it\/Import\/Prodotti\/mr.-wattson-norbit-2.0-lampada-led-cosmic-chrome.jpg?resize=300,300&ssl=1","fifu_image_url":"https:\/\/interpim.erresse-shop.it\/Import\/Prodotti\/mr.-wattson-norbit-2.0-lampada-led-cosmic-chrome.jpg","_links":{"self":[{"href":"https:\/\/dev6.erresse-shop.it\/fr\/wp-json\/wp\/v2\/product\/1609981","targetHints":{"allow":["GET"]}}],"collection":[{"href":"https:\/\/dev6.erresse-shop.it\/fr\/wp-json\/wp\/v2\/product"}],"about":[{"href":"https:\/\/dev6.erresse-shop.it\/fr\/wp-json\/wp\/v2\/types\/product"}],"wp:featuredmedia":[{"embeddable":true,"href":"https:\/\/dev6.erresse-shop.it\/fr\/wp-json\/wp\/v2\/media\/6376959"}],"wp:attachment":[{"href":"https:\/\/dev6.erresse-shop.it\/fr\/wp-json\/wp\/v2\/media?parent=1609981"}],"wp:term":[{"taxonomy":"product_cat","embeddable":true,"href":"https:\/\/dev6.erresse-shop.it\/fr\/wp-json\/wp\/v2\/product_cat?post=1609981"},{"taxonomy":"product_tag","embeddable":true,"href":"https:\/\/dev6.erresse-shop.it\/fr\/wp-json\/wp\/v2\/product_tag?post=1609981"}],"curies":[{"name":"wp","href":"https:\/\/api.w.org\/{rel}","templated":true}]}}