{"id":1609977,"date":"2026-04-12T13:23:43","date_gmt":"2026-04-12T11:23:43","guid":{"rendered":"https:\/\/dev6.erresse-shop.it\/shop\/non%20class\u00e9\/toms-drag-tabouret-versailles\/"},"modified":"2026-01-09T02:14:16","modified_gmt":"2026-01-09T01:14:16","slug":"toms-drag-tabouret-versailles","status":"publish","type":"product","link":"https:\/\/dev6.erresse-shop.it\/fr\/shop\/ameublement-maison\/chaises-et-fauteuils\/toms-drag-tabouret-versailles\/","title":{"rendered":"TOM&#8217;S DRAG Tabouret Versailles"},"content":{"rendered":"<p>Mat\u00e9riau\u00a0: MDF.<\/p>\n<p>Tabouret Versailles<br \/>\nQui n\u2019est pas fascin\u00e9 par le ch\u00e2teau de Versailles, magnifique chef-d\u2019\u0153uvre de l\u2019architecture baroque ? Que le style Tom\u2019s Drag et les formes baroques se compl\u00e8tent \u00e0 merveille est d\u00e9montr\u00e9 par la collection Versailles de Tom\u2019s Drag, dans laquelle des formes opulentes rencontrent un feu d\u2019artifice de couleurs et de motifs. M\u00eame dans les appartements minimalistes, nos meubles Versailles cr\u00e9ent une symbiose inattendue avec un mobilier simple et rectiligne. Bien entendu, cette s\u00e9rie comprend un tabouret sp\u00e9cial : le tabouret \u00ab Versailles \u00bb est recouvert d\u2019une fine peluche jaune.<\/p>\n<p>Dimensions : H 53 cm, \u00d8 40 cm<\/p>\n","protected":false},"excerpt":{"rendered":"<p>Mat\u00e9riau\u00a0: MDF. Tabouret Versailles Qui n\u2019est pas fascin\u00e9 par le ch\u00e2teau de Versailles, magnifique chef-d\u2019\u0153uvre de l\u2019architecture baroque ? Que le style Tom\u2019s Drag et les formes baroques se compl\u00e8tent \u00e0 merveille est d\u00e9montr\u00e9 par la collection Versailles de Tom\u2019s Drag, dans laquelle des formes opulentes rencontrent un feu d\u2019artifice de couleurs et de motifs. [&hellip;]<\/p>\n","protected":false},"featured_media":6376950,"template":"","meta":{"_acf_changed":false},"product_cat":[11990,12026],"product_tag":[],"class_list":{"0":"post-1609977","1":"product","2":"type-product","3":"status-publish","4":"has-post-thumbnail","6":"product_cat-ameublement-maison","7":"product_cat-chaises-et-fauteuils","9":"first","10":"instock","11":"sale","12":"taxable","13":"shipping-taxable","14":"purchasable","15":"product-type-simple","swatches":"rey-swatches","show_selected":"","stretch_labels":"rey-swatches--stretch-labels"},"acf":[],"yoast_head":"<!-- This site is optimized with the Yoast SEO plugin v25.4 - https:\/\/yoast.com\/wordpress\/plugins\/seo\/ -->\n<title>TOM&#8217;S DRAG Tabouret Versailles - dev6 Erresse<\/title>\n<meta name=\"description\" content=\"Mat\u00e9riau\u00a0: MDF. Tabouret Versailles Qui n\u2019est pas fascin\u00e9 par le ch\u00e2teau de Versailles, magnifique chef-d\u2019\u0153uvre de l\u2019architecture baroque ? Que le style\" \/>\n<meta name=\"robots\" content=\"noindex, follow, max-snippet:-1, max-image-preview:large, max-video-preview:-1\" \/>\n<meta property=\"og:locale\" content=\"fr_FR\" \/>\n<meta property=\"og:type\" content=\"article\" \/>\n<meta property=\"og:title\" content=\"TOM&#8217;S DRAG Tabouret Versailles - dev6 Erresse\" \/>\n<meta property=\"og:description\" content=\"Mat\u00e9riau\u00a0: MDF. Tabouret Versailles Qui n\u2019est pas fascin\u00e9 par le ch\u00e2teau de Versailles, magnifique chef-d\u2019\u0153uvre de l\u2019architecture baroque ? Que le style\" \/>\n<meta property=\"og:url\" content=\"https:\/\/dev6.erresse-shop.it\/fr\/shop\/ameublement-maison\/chaises-et-fauteuils\/toms-drag-tabouret-versailles\/\" \/>\n<meta property=\"og:site_name\" content=\"dev6 Erresse\" \/>\n<meta property=\"og:image\" content=\"https:\/\/interpim.erresse-shop.it\/Import\/Prodotti\/toms-drag-sgabello-versailles.jpg\" \/><meta property=\"og:image\" content=\"https:\/\/interpim.erresse-shop.it\/Import\/Prodotti\/toms-drag-sgabello-versailles.jpg\" \/>\n\t<meta property=\"og:image:width\" content=\"1024\" \/>\n\t<meta property=\"og:image:height\" content=\"1024\" \/>\n\t<meta property=\"og:image:type\" content=\"image\/jpeg\" \/>\n<meta name=\"twitter:card\" content=\"summary_large_image\" \/>\n<meta name=\"twitter:image\" content=\"https:\/\/interpim.erresse-shop.it\/Import\/Prodotti\/toms-drag-sgabello-versailles.jpg\" \/>\n<script type=\"application\/ld+json\" class=\"yoast-schema-graph\">{\"@context\":\"https:\/\/schema.org\",\"@graph\":[{\"@type\":\"WebPage\",\"@id\":\"https:\/\/dev6.erresse-shop.it\/fr\/shop\/ameublement-maison\/chaises-et-fauteuils\/toms-drag-tabouret-versailles\/\",\"url\":\"https:\/\/dev6.erresse-shop.it\/fr\/shop\/ameublement-maison\/chaises-et-fauteuils\/toms-drag-tabouret-versailles\/\",\"name\":\"TOM&#8217;S DRAG Tabouret Versailles - dev6 Erresse\",\"isPartOf\":{\"@id\":\"https:\/\/dev6.erresse-shop.it\/#website\"},\"primaryImageOfPage\":{\"@id\":\"https:\/\/dev6.erresse-shop.it\/fr\/shop\/ameublement-maison\/chaises-et-fauteuils\/toms-drag-tabouret-versailles\/#primaryimage\"},\"image\":{\"@id\":\"https:\/\/dev6.erresse-shop.it\/fr\/shop\/ameublement-maison\/chaises-et-fauteuils\/toms-drag-tabouret-versailles\/#primaryimage\"},\"thumbnailUrl\":\"https:\/\/i0.wp.com\/interpim.erresse-shop.it\/Import\/Prodotti\/toms-drag-sgabello-versailles.jpg?ssl=1\",\"datePublished\":\"2026-04-12T11:23:43+00:00\",\"description\":\"Mat\u00e9riau\u00a0: MDF. Tabouret Versailles Qui n\u2019est pas fascin\u00e9 par le ch\u00e2teau de Versailles, magnifique chef-d\u2019\u0153uvre de l\u2019architecture baroque ? Que le style\",\"breadcrumb\":{\"@id\":\"https:\/\/dev6.erresse-shop.it\/fr\/shop\/ameublement-maison\/chaises-et-fauteuils\/toms-drag-tabouret-versailles\/#breadcrumb\"},\"inLanguage\":\"fr-FR\",\"potentialAction\":[{\"@type\":\"ReadAction\",\"target\":[\"https:\/\/dev6.erresse-shop.it\/fr\/shop\/ameublement-maison\/chaises-et-fauteuils\/toms-drag-tabouret-versailles\/\"]}]},{\"@type\":\"ImageObject\",\"inLanguage\":\"fr-FR\",\"@id\":\"https:\/\/dev6.erresse-shop.it\/fr\/shop\/ameublement-maison\/chaises-et-fauteuils\/toms-drag-tabouret-versailles\/#primaryimage\",\"url\":\"https:\/\/i0.wp.com\/interpim.erresse-shop.it\/Import\/Prodotti\/toms-drag-sgabello-versailles.jpg?ssl=1\",\"contentUrl\":\"https:\/\/i0.wp.com\/interpim.erresse-shop.it\/Import\/Prodotti\/toms-drag-sgabello-versailles.jpg?ssl=1\"},{\"@type\":\"BreadcrumbList\",\"@id\":\"https:\/\/dev6.erresse-shop.it\/fr\/shop\/ameublement-maison\/chaises-et-fauteuils\/toms-drag-tabouret-versailles\/#breadcrumb\",\"itemListElement\":[{\"@type\":\"ListItem\",\"position\":1,\"name\":\"Home\",\"item\":\"https:\/\/dev6.erresse-shop.it\/\"},{\"@type\":\"ListItem\",\"position\":2,\"name\":\"Boutique\",\"item\":\"https:\/\/dev6.erresse-shop.it\/shop\/\"},{\"@type\":\"ListItem\",\"position\":3,\"name\":\"TOM&#8217;S DRAG Tabouret Versailles\"}]},{\"@type\":\"WebSite\",\"@id\":\"https:\/\/dev6.erresse-shop.it\/#website\",\"url\":\"https:\/\/dev6.erresse-shop.it\/\",\"name\":\"Erresse Shop\",\"description\":\"\",\"publisher\":{\"@id\":\"https:\/\/dev6.erresse-shop.it\/#organization\"},\"potentialAction\":[{\"@type\":\"SearchAction\",\"target\":{\"@type\":\"EntryPoint\",\"urlTemplate\":\"https:\/\/dev6.erresse-shop.it\/?s={search_term_string}\"},\"query-input\":{\"@type\":\"PropertyValueSpecification\",\"valueRequired\":true,\"valueName\":\"search_term_string\"}}],\"inLanguage\":\"fr-FR\"},{\"@type\":\"Organization\",\"@id\":\"https:\/\/dev6.erresse-shop.it\/#organization\",\"name\":\"Erresse Shop\",\"url\":\"https:\/\/dev6.erresse-shop.it\/\",\"logo\":{\"@type\":\"ImageObject\",\"inLanguage\":\"fr-FR\",\"@id\":\"https:\/\/dev6.erresse-shop.it\/#\/schema\/logo\/image\/\",\"url\":\"https:\/\/dev6.erresse-shop.it\/wp-content\/uploads\/2025\/01\/LOGO-ERRESSE-CLASSICO.svg\",\"contentUrl\":\"https:\/\/dev6.erresse-shop.it\/wp-content\/uploads\/2025\/01\/LOGO-ERRESSE-CLASSICO.svg\",\"caption\":\"Erresse Shop\"},\"image\":{\"@id\":\"https:\/\/dev6.erresse-shop.it\/#\/schema\/logo\/image\/\"}}]}<\/script>\n<!-- \/ Yoast SEO plugin. -->","yoast_head_json":{"title":"TOM&#8217;S DRAG Tabouret Versailles - dev6 Erresse","description":"Mat\u00e9riau\u00a0: MDF. Tabouret Versailles Qui n\u2019est pas fascin\u00e9 par le ch\u00e2teau de Versailles, magnifique chef-d\u2019\u0153uvre de l\u2019architecture baroque ? Que le style","robots":{"index":"noindex","follow":"follow","max-snippet":"max-snippet:-1","max-image-preview":"max-image-preview:large","max-video-preview":"max-video-preview:-1"},"og_locale":"fr_FR","og_type":"article","og_title":"TOM&#8217;S DRAG Tabouret Versailles - dev6 Erresse","og_description":"Mat\u00e9riau\u00a0: MDF. Tabouret Versailles Qui n\u2019est pas fascin\u00e9 par le ch\u00e2teau de Versailles, magnifique chef-d\u2019\u0153uvre de l\u2019architecture baroque ? Que le style","og_url":"https:\/\/dev6.erresse-shop.it\/fr\/shop\/ameublement-maison\/chaises-et-fauteuils\/toms-drag-tabouret-versailles\/","og_site_name":"dev6 Erresse","og_image":[{"url":"https:\/\/interpim.erresse-shop.it\/Import\/Prodotti\/toms-drag-sgabello-versailles.jpg","type":"","width":"","height":""},{"url":"https:\/\/interpim.erresse-shop.it\/Import\/Prodotti\/toms-drag-sgabello-versailles.jpg","width":1024,"height":1024,"type":"image\/jpeg"}],"twitter_card":"summary_large_image","twitter_image":"https:\/\/interpim.erresse-shop.it\/Import\/Prodotti\/toms-drag-sgabello-versailles.jpg","schema":{"@context":"https:\/\/schema.org","@graph":[{"@type":"WebPage","@id":"https:\/\/dev6.erresse-shop.it\/fr\/shop\/ameublement-maison\/chaises-et-fauteuils\/toms-drag-tabouret-versailles\/","url":"https:\/\/dev6.erresse-shop.it\/fr\/shop\/ameublement-maison\/chaises-et-fauteuils\/toms-drag-tabouret-versailles\/","name":"TOM&#8217;S DRAG Tabouret Versailles - dev6 Erresse","isPartOf":{"@id":"https:\/\/dev6.erresse-shop.it\/#website"},"primaryImageOfPage":{"@id":"https:\/\/dev6.erresse-shop.it\/fr\/shop\/ameublement-maison\/chaises-et-fauteuils\/toms-drag-tabouret-versailles\/#primaryimage"},"image":{"@id":"https:\/\/dev6.erresse-shop.it\/fr\/shop\/ameublement-maison\/chaises-et-fauteuils\/toms-drag-tabouret-versailles\/#primaryimage"},"thumbnailUrl":"https:\/\/i0.wp.com\/interpim.erresse-shop.it\/Import\/Prodotti\/toms-drag-sgabello-versailles.jpg?ssl=1","datePublished":"2026-04-12T11:23:43+00:00","description":"Mat\u00e9riau\u00a0: MDF. Tabouret Versailles Qui n\u2019est pas fascin\u00e9 par le ch\u00e2teau de Versailles, magnifique chef-d\u2019\u0153uvre de l\u2019architecture baroque ? Que le style","breadcrumb":{"@id":"https:\/\/dev6.erresse-shop.it\/fr\/shop\/ameublement-maison\/chaises-et-fauteuils\/toms-drag-tabouret-versailles\/#breadcrumb"},"inLanguage":"fr-FR","potentialAction":[{"@type":"ReadAction","target":["https:\/\/dev6.erresse-shop.it\/fr\/shop\/ameublement-maison\/chaises-et-fauteuils\/toms-drag-tabouret-versailles\/"]}]},{"@type":"ImageObject","inLanguage":"fr-FR","@id":"https:\/\/dev6.erresse-shop.it\/fr\/shop\/ameublement-maison\/chaises-et-fauteuils\/toms-drag-tabouret-versailles\/#primaryimage","url":"https:\/\/i0.wp.com\/interpim.erresse-shop.it\/Import\/Prodotti\/toms-drag-sgabello-versailles.jpg?ssl=1","contentUrl":"https:\/\/i0.wp.com\/interpim.erresse-shop.it\/Import\/Prodotti\/toms-drag-sgabello-versailles.jpg?ssl=1"},{"@type":"BreadcrumbList","@id":"https:\/\/dev6.erresse-shop.it\/fr\/shop\/ameublement-maison\/chaises-et-fauteuils\/toms-drag-tabouret-versailles\/#breadcrumb","itemListElement":[{"@type":"ListItem","position":1,"name":"Home","item":"https:\/\/dev6.erresse-shop.it\/"},{"@type":"ListItem","position":2,"name":"Boutique","item":"https:\/\/dev6.erresse-shop.it\/shop\/"},{"@type":"ListItem","position":3,"name":"TOM&#8217;S DRAG Tabouret Versailles"}]},{"@type":"WebSite","@id":"https:\/\/dev6.erresse-shop.it\/#website","url":"https:\/\/dev6.erresse-shop.it\/","name":"Erresse Shop","description":"","publisher":{"@id":"https:\/\/dev6.erresse-shop.it\/#organization"},"potentialAction":[{"@type":"SearchAction","target":{"@type":"EntryPoint","urlTemplate":"https:\/\/dev6.erresse-shop.it\/?s={search_term_string}"},"query-input":{"@type":"PropertyValueSpecification","valueRequired":true,"valueName":"search_term_string"}}],"inLanguage":"fr-FR"},{"@type":"Organization","@id":"https:\/\/dev6.erresse-shop.it\/#organization","name":"Erresse Shop","url":"https:\/\/dev6.erresse-shop.it\/","logo":{"@type":"ImageObject","inLanguage":"fr-FR","@id":"https:\/\/dev6.erresse-shop.it\/#\/schema\/logo\/image\/","url":"https:\/\/dev6.erresse-shop.it\/wp-content\/uploads\/2025\/01\/LOGO-ERRESSE-CLASSICO.svg","contentUrl":"https:\/\/dev6.erresse-shop.it\/wp-content\/uploads\/2025\/01\/LOGO-ERRESSE-CLASSICO.svg","caption":"Erresse Shop"},"image":{"@id":"https:\/\/dev6.erresse-shop.it\/#\/schema\/logo\/image\/"}}]}},"df_price":734,"df_sale_price":734,"df_regular_price":739,"df_image_link":"https:\/\/i0.wp.com\/interpim.erresse-shop.it\/Import\/Prodotti\/toms-drag-sgabello-versailles.jpg?resize=300,300&ssl=1","fifu_image_url":"https:\/\/interpim.erresse-shop.it\/Import\/Prodotti\/toms-drag-sgabello-versailles.jpg","_links":{"self":[{"href":"https:\/\/dev6.erresse-shop.it\/fr\/wp-json\/wp\/v2\/product\/1609977","targetHints":{"allow":["GET"]}}],"collection":[{"href":"https:\/\/dev6.erresse-shop.it\/fr\/wp-json\/wp\/v2\/product"}],"about":[{"href":"https:\/\/dev6.erresse-shop.it\/fr\/wp-json\/wp\/v2\/types\/product"}],"wp:featuredmedia":[{"embeddable":true,"href":"https:\/\/dev6.erresse-shop.it\/fr\/wp-json\/wp\/v2\/media\/6376950"}],"wp:attachment":[{"href":"https:\/\/dev6.erresse-shop.it\/fr\/wp-json\/wp\/v2\/media?parent=1609977"}],"wp:term":[{"taxonomy":"product_cat","embeddable":true,"href":"https:\/\/dev6.erresse-shop.it\/fr\/wp-json\/wp\/v2\/product_cat?post=1609977"},{"taxonomy":"product_tag","embeddable":true,"href":"https:\/\/dev6.erresse-shop.it\/fr\/wp-json\/wp\/v2\/product_tag?post=1609977"}],"curies":[{"name":"wp","href":"https:\/\/api.w.org\/{rel}","templated":true}]}}