{"id":1609965,"date":"2026-04-12T13:23:43","date_gmt":"2026-04-12T11:23:43","guid":{"rendered":"https:\/\/dev6.erresse-shop.it\/shop\/non%20class\u00e9\/baci-milano-gli-inseparabili-serre-livres-m-black-mme-white-26-cm\/"},"modified":"2025-09-14T06:41:54","modified_gmt":"2025-09-14T04:41:54","slug":"baci-milano-gli-inseparabili-serre-livres-m-black-mme-white-26-cm","status":"publish","type":"product","link":"https:\/\/dev6.erresse-shop.it\/fr\/shop\/ameublement-maison\/objets-de-decoration\/baci-milano-gli-inseparabili-serre-livres-m-black-mme-white-26-cm\/","title":{"rendered":"BACI MILANO Gli Inseparabili Serre-livres M. Black &#038; Mme White 26 cm"},"content":{"rendered":"<p>Affichez votre personnalit\u00e9 unique avec les Ins\u00e9parables Mrs. White &amp; Monsieur Black de Baci Milano.<\/p>\n<p>Combinez fonctionnalit\u00e9 et style avec ces deux amis ins\u00e9parables pour former un design unique. Une touche de joie et de style \u00e0 votre espace personnel. (Montrez qui est le vrai patron de la biblioth\u00e8que !<\/p>\n<p>L\u2019art du contraste noir et blanc prend vie avec la paire de serre-livres \u201cGli Inseparabili\u201d Mme White et M. Black de Baci Milano.<\/p>\n<p>Une combinaison parfaite d\u2019\u00e9l\u00e9gance et de modernit\u00e9, avec des lignes \u00e9pur\u00e9es et sophistiqu\u00e9es. Laissez-vous inspirer par ces deux protagonistes qui incarnent le style contemporain et ajoutent une touche de sophistication \u00e0 votre collection.<\/p>\n<p>Mat\u00e9riau : R\u00e9sine<br \/>\nDimensions : H 26 cm<\/p>\n","protected":false},"excerpt":{"rendered":"<p>Affichez votre personnalit\u00e9 unique avec les Ins\u00e9parables Mrs. White &amp; Monsieur Black de Baci Milano. Combinez fonctionnalit\u00e9 et style avec ces deux amis ins\u00e9parables pour former un design unique. Une touche de joie et de style \u00e0 votre espace personnel. (Montrez qui est le vrai patron de la biblioth\u00e8que ! L\u2019art du contraste noir et [&hellip;]<\/p>\n","protected":false},"featured_media":6376935,"template":"","meta":{"_acf_changed":false},"product_cat":[11990,12021],"product_tag":[],"class_list":{"0":"post-1609965","1":"product","2":"type-product","3":"status-publish","4":"has-post-thumbnail","6":"product_cat-ameublement-maison","7":"product_cat-objets-de-decoration","9":"first","10":"instock","11":"sale","12":"taxable","13":"shipping-taxable","14":"purchasable","15":"product-type-simple","swatches":"rey-swatches","show_selected":"","stretch_labels":"rey-swatches--stretch-labels"},"acf":[],"yoast_head":"<!-- This site is optimized with the Yoast SEO plugin v25.4 - https:\/\/yoast.com\/wordpress\/plugins\/seo\/ -->\n<title>BACI MILANO Gli Inseparabili Serre-livres M. Black &#038; Mme White 26 cm - dev6 Erresse<\/title>\n<meta name=\"description\" content=\"Affichez votre personnalit\u00e9 unique avec les Ins\u00e9parables Mrs. White &amp; Monsieur Black de Baci Milano. Combinez fonctionnalit\u00e9 et style avec ces deux\" \/>\n<meta name=\"robots\" content=\"noindex, follow, max-snippet:-1, max-image-preview:large, max-video-preview:-1\" \/>\n<meta property=\"og:locale\" content=\"fr_FR\" \/>\n<meta property=\"og:type\" content=\"article\" \/>\n<meta property=\"og:title\" content=\"BACI MILANO Gli Inseparabili Serre-livres M. Black &#038; Mme White 26 cm - dev6 Erresse\" \/>\n<meta property=\"og:description\" content=\"Affichez votre personnalit\u00e9 unique avec les Ins\u00e9parables Mrs. White &amp; Monsieur Black de Baci Milano. Combinez fonctionnalit\u00e9 et style avec ces deux\" \/>\n<meta property=\"og:url\" content=\"https:\/\/dev6.erresse-shop.it\/fr\/shop\/ameublement-maison\/objets-de-decoration\/baci-milano-gli-inseparabili-serre-livres-m-black-mme-white-26-cm\/\" \/>\n<meta property=\"og:site_name\" content=\"dev6 Erresse\" \/>\n<meta property=\"og:image\" content=\"https:\/\/interpim.erresse-shop.it\/wp-content\/uploads\/2025\/02\/BACI-MILANO-Gli-Inseparabili-Fermalibro-Mr.-Black-Mrs.-White-26-cm.jpg\/baci-milano-gli-inseparabili-fermalibro-mr.-black-mrs.-white-26-cm.jpg\" \/><meta property=\"og:image\" content=\"https:\/\/interpim.erresse-shop.it\/wp-content\/uploads\/2025\/02\/BACI-MILANO-Gli-Inseparabili-Fermalibro-Mr.-Black-Mrs.-White-26-cm.jpg\/baci-milano-gli-inseparabili-fermalibro-mr.-black-mrs.-white-26-cm.jpg\" \/>\n\t<meta property=\"og:image:width\" content=\"1024\" \/>\n\t<meta property=\"og:image:height\" content=\"1024\" \/>\n\t<meta property=\"og:image:type\" content=\"image\/jpeg\" \/>\n<meta name=\"twitter:card\" content=\"summary_large_image\" \/>\n<meta name=\"twitter:image\" content=\"https:\/\/interpim.erresse-shop.it\/wp-content\/uploads\/2025\/02\/BACI-MILANO-Gli-Inseparabili-Fermalibro-Mr.-Black-Mrs.-White-26-cm.jpg\/baci-milano-gli-inseparabili-fermalibro-mr.-black-mrs.-white-26-cm.jpg\" \/>\n<script type=\"application\/ld+json\" class=\"yoast-schema-graph\">{\"@context\":\"https:\/\/schema.org\",\"@graph\":[{\"@type\":\"WebPage\",\"@id\":\"https:\/\/dev6.erresse-shop.it\/fr\/shop\/ameublement-maison\/objets-de-decoration\/baci-milano-gli-inseparabili-serre-livres-m-black-mme-white-26-cm\/\",\"url\":\"https:\/\/dev6.erresse-shop.it\/fr\/shop\/ameublement-maison\/objets-de-decoration\/baci-milano-gli-inseparabili-serre-livres-m-black-mme-white-26-cm\/\",\"name\":\"BACI MILANO Gli Inseparabili Serre-livres M. Black &#038; Mme White 26 cm - dev6 Erresse\",\"isPartOf\":{\"@id\":\"https:\/\/dev6.erresse-shop.it\/#website\"},\"primaryImageOfPage\":{\"@id\":\"https:\/\/dev6.erresse-shop.it\/fr\/shop\/ameublement-maison\/objets-de-decoration\/baci-milano-gli-inseparabili-serre-livres-m-black-mme-white-26-cm\/#primaryimage\"},\"image\":{\"@id\":\"https:\/\/dev6.erresse-shop.it\/fr\/shop\/ameublement-maison\/objets-de-decoration\/baci-milano-gli-inseparabili-serre-livres-m-black-mme-white-26-cm\/#primaryimage\"},\"thumbnailUrl\":\"https:\/\/i0.wp.com\/interpim.erresse-shop.it\/wp-content\/uploads\/2025\/02\/BACI-MILANO-Gli-Inseparabili-Fermalibro-Mr.-Black-Mrs.-White-26-cm.jpg\/baci-milano-gli-inseparabili-fermalibro-mr.-black-mrs.-white-26-cm.jpg?ssl=1\",\"datePublished\":\"2026-04-12T11:23:43+00:00\",\"description\":\"Affichez votre personnalit\u00e9 unique avec les Ins\u00e9parables Mrs. White &amp; Monsieur Black de Baci Milano. Combinez fonctionnalit\u00e9 et style avec ces deux\",\"breadcrumb\":{\"@id\":\"https:\/\/dev6.erresse-shop.it\/fr\/shop\/ameublement-maison\/objets-de-decoration\/baci-milano-gli-inseparabili-serre-livres-m-black-mme-white-26-cm\/#breadcrumb\"},\"inLanguage\":\"fr-FR\",\"potentialAction\":[{\"@type\":\"ReadAction\",\"target\":[\"https:\/\/dev6.erresse-shop.it\/fr\/shop\/ameublement-maison\/objets-de-decoration\/baci-milano-gli-inseparabili-serre-livres-m-black-mme-white-26-cm\/\"]}]},{\"@type\":\"ImageObject\",\"inLanguage\":\"fr-FR\",\"@id\":\"https:\/\/dev6.erresse-shop.it\/fr\/shop\/ameublement-maison\/objets-de-decoration\/baci-milano-gli-inseparabili-serre-livres-m-black-mme-white-26-cm\/#primaryimage\",\"url\":\"https:\/\/i0.wp.com\/interpim.erresse-shop.it\/wp-content\/uploads\/2025\/02\/BACI-MILANO-Gli-Inseparabili-Fermalibro-Mr.-Black-Mrs.-White-26-cm.jpg\/baci-milano-gli-inseparabili-fermalibro-mr.-black-mrs.-white-26-cm.jpg?ssl=1\",\"contentUrl\":\"https:\/\/i0.wp.com\/interpim.erresse-shop.it\/wp-content\/uploads\/2025\/02\/BACI-MILANO-Gli-Inseparabili-Fermalibro-Mr.-Black-Mrs.-White-26-cm.jpg\/baci-milano-gli-inseparabili-fermalibro-mr.-black-mrs.-white-26-cm.jpg?ssl=1\"},{\"@type\":\"BreadcrumbList\",\"@id\":\"https:\/\/dev6.erresse-shop.it\/fr\/shop\/ameublement-maison\/objets-de-decoration\/baci-milano-gli-inseparabili-serre-livres-m-black-mme-white-26-cm\/#breadcrumb\",\"itemListElement\":[{\"@type\":\"ListItem\",\"position\":1,\"name\":\"Home\",\"item\":\"https:\/\/dev6.erresse-shop.it\/\"},{\"@type\":\"ListItem\",\"position\":2,\"name\":\"Boutique\",\"item\":\"https:\/\/dev6.erresse-shop.it\/shop\/\"},{\"@type\":\"ListItem\",\"position\":3,\"name\":\"BACI MILANO Gli Inseparabili Serre-livres M. Black &#038; Mme White 26 cm\"}]},{\"@type\":\"WebSite\",\"@id\":\"https:\/\/dev6.erresse-shop.it\/#website\",\"url\":\"https:\/\/dev6.erresse-shop.it\/\",\"name\":\"Erresse Shop\",\"description\":\"\",\"publisher\":{\"@id\":\"https:\/\/dev6.erresse-shop.it\/#organization\"},\"potentialAction\":[{\"@type\":\"SearchAction\",\"target\":{\"@type\":\"EntryPoint\",\"urlTemplate\":\"https:\/\/dev6.erresse-shop.it\/?s={search_term_string}\"},\"query-input\":{\"@type\":\"PropertyValueSpecification\",\"valueRequired\":true,\"valueName\":\"search_term_string\"}}],\"inLanguage\":\"fr-FR\"},{\"@type\":\"Organization\",\"@id\":\"https:\/\/dev6.erresse-shop.it\/#organization\",\"name\":\"Erresse Shop\",\"url\":\"https:\/\/dev6.erresse-shop.it\/\",\"logo\":{\"@type\":\"ImageObject\",\"inLanguage\":\"fr-FR\",\"@id\":\"https:\/\/dev6.erresse-shop.it\/#\/schema\/logo\/image\/\",\"url\":\"https:\/\/dev6.erresse-shop.it\/wp-content\/uploads\/2025\/01\/LOGO-ERRESSE-CLASSICO.svg\",\"contentUrl\":\"https:\/\/dev6.erresse-shop.it\/wp-content\/uploads\/2025\/01\/LOGO-ERRESSE-CLASSICO.svg\",\"caption\":\"Erresse Shop\"},\"image\":{\"@id\":\"https:\/\/dev6.erresse-shop.it\/#\/schema\/logo\/image\/\"}}]}<\/script>\n<!-- \/ Yoast SEO plugin. -->","yoast_head_json":{"title":"BACI MILANO Gli Inseparabili Serre-livres M. Black &#038; Mme White 26 cm - dev6 Erresse","description":"Affichez votre personnalit\u00e9 unique avec les Ins\u00e9parables Mrs. White &amp; Monsieur Black de Baci Milano. Combinez fonctionnalit\u00e9 et style avec ces deux","robots":{"index":"noindex","follow":"follow","max-snippet":"max-snippet:-1","max-image-preview":"max-image-preview:large","max-video-preview":"max-video-preview:-1"},"og_locale":"fr_FR","og_type":"article","og_title":"BACI MILANO Gli Inseparabili Serre-livres M. Black &#038; Mme White 26 cm - dev6 Erresse","og_description":"Affichez votre personnalit\u00e9 unique avec les Ins\u00e9parables Mrs. White &amp; Monsieur Black de Baci Milano. Combinez fonctionnalit\u00e9 et style avec ces deux","og_url":"https:\/\/dev6.erresse-shop.it\/fr\/shop\/ameublement-maison\/objets-de-decoration\/baci-milano-gli-inseparabili-serre-livres-m-black-mme-white-26-cm\/","og_site_name":"dev6 Erresse","og_image":[{"url":"https:\/\/interpim.erresse-shop.it\/wp-content\/uploads\/2025\/02\/BACI-MILANO-Gli-Inseparabili-Fermalibro-Mr.-Black-Mrs.-White-26-cm.jpg\/baci-milano-gli-inseparabili-fermalibro-mr.-black-mrs.-white-26-cm.jpg","type":"","width":"","height":""},{"url":"https:\/\/interpim.erresse-shop.it\/wp-content\/uploads\/2025\/02\/BACI-MILANO-Gli-Inseparabili-Fermalibro-Mr.-Black-Mrs.-White-26-cm.jpg\/baci-milano-gli-inseparabili-fermalibro-mr.-black-mrs.-white-26-cm.jpg","width":1024,"height":1024,"type":"image\/jpeg"}],"twitter_card":"summary_large_image","twitter_image":"https:\/\/interpim.erresse-shop.it\/wp-content\/uploads\/2025\/02\/BACI-MILANO-Gli-Inseparabili-Fermalibro-Mr.-Black-Mrs.-White-26-cm.jpg\/baci-milano-gli-inseparabili-fermalibro-mr.-black-mrs.-white-26-cm.jpg","schema":{"@context":"https:\/\/schema.org","@graph":[{"@type":"WebPage","@id":"https:\/\/dev6.erresse-shop.it\/fr\/shop\/ameublement-maison\/objets-de-decoration\/baci-milano-gli-inseparabili-serre-livres-m-black-mme-white-26-cm\/","url":"https:\/\/dev6.erresse-shop.it\/fr\/shop\/ameublement-maison\/objets-de-decoration\/baci-milano-gli-inseparabili-serre-livres-m-black-mme-white-26-cm\/","name":"BACI MILANO Gli Inseparabili Serre-livres M. Black &#038; Mme White 26 cm - dev6 Erresse","isPartOf":{"@id":"https:\/\/dev6.erresse-shop.it\/#website"},"primaryImageOfPage":{"@id":"https:\/\/dev6.erresse-shop.it\/fr\/shop\/ameublement-maison\/objets-de-decoration\/baci-milano-gli-inseparabili-serre-livres-m-black-mme-white-26-cm\/#primaryimage"},"image":{"@id":"https:\/\/dev6.erresse-shop.it\/fr\/shop\/ameublement-maison\/objets-de-decoration\/baci-milano-gli-inseparabili-serre-livres-m-black-mme-white-26-cm\/#primaryimage"},"thumbnailUrl":"https:\/\/i0.wp.com\/interpim.erresse-shop.it\/wp-content\/uploads\/2025\/02\/BACI-MILANO-Gli-Inseparabili-Fermalibro-Mr.-Black-Mrs.-White-26-cm.jpg\/baci-milano-gli-inseparabili-fermalibro-mr.-black-mrs.-white-26-cm.jpg?ssl=1","datePublished":"2026-04-12T11:23:43+00:00","description":"Affichez votre personnalit\u00e9 unique avec les Ins\u00e9parables Mrs. White &amp; Monsieur Black de Baci Milano. Combinez fonctionnalit\u00e9 et style avec ces deux","breadcrumb":{"@id":"https:\/\/dev6.erresse-shop.it\/fr\/shop\/ameublement-maison\/objets-de-decoration\/baci-milano-gli-inseparabili-serre-livres-m-black-mme-white-26-cm\/#breadcrumb"},"inLanguage":"fr-FR","potentialAction":[{"@type":"ReadAction","target":["https:\/\/dev6.erresse-shop.it\/fr\/shop\/ameublement-maison\/objets-de-decoration\/baci-milano-gli-inseparabili-serre-livres-m-black-mme-white-26-cm\/"]}]},{"@type":"ImageObject","inLanguage":"fr-FR","@id":"https:\/\/dev6.erresse-shop.it\/fr\/shop\/ameublement-maison\/objets-de-decoration\/baci-milano-gli-inseparabili-serre-livres-m-black-mme-white-26-cm\/#primaryimage","url":"https:\/\/i0.wp.com\/interpim.erresse-shop.it\/wp-content\/uploads\/2025\/02\/BACI-MILANO-Gli-Inseparabili-Fermalibro-Mr.-Black-Mrs.-White-26-cm.jpg\/baci-milano-gli-inseparabili-fermalibro-mr.-black-mrs.-white-26-cm.jpg?ssl=1","contentUrl":"https:\/\/i0.wp.com\/interpim.erresse-shop.it\/wp-content\/uploads\/2025\/02\/BACI-MILANO-Gli-Inseparabili-Fermalibro-Mr.-Black-Mrs.-White-26-cm.jpg\/baci-milano-gli-inseparabili-fermalibro-mr.-black-mrs.-white-26-cm.jpg?ssl=1"},{"@type":"BreadcrumbList","@id":"https:\/\/dev6.erresse-shop.it\/fr\/shop\/ameublement-maison\/objets-de-decoration\/baci-milano-gli-inseparabili-serre-livres-m-black-mme-white-26-cm\/#breadcrumb","itemListElement":[{"@type":"ListItem","position":1,"name":"Home","item":"https:\/\/dev6.erresse-shop.it\/"},{"@type":"ListItem","position":2,"name":"Boutique","item":"https:\/\/dev6.erresse-shop.it\/shop\/"},{"@type":"ListItem","position":3,"name":"BACI MILANO Gli Inseparabili Serre-livres M. Black &#038; Mme White 26 cm"}]},{"@type":"WebSite","@id":"https:\/\/dev6.erresse-shop.it\/#website","url":"https:\/\/dev6.erresse-shop.it\/","name":"Erresse Shop","description":"","publisher":{"@id":"https:\/\/dev6.erresse-shop.it\/#organization"},"potentialAction":[{"@type":"SearchAction","target":{"@type":"EntryPoint","urlTemplate":"https:\/\/dev6.erresse-shop.it\/?s={search_term_string}"},"query-input":{"@type":"PropertyValueSpecification","valueRequired":true,"valueName":"search_term_string"}}],"inLanguage":"fr-FR"},{"@type":"Organization","@id":"https:\/\/dev6.erresse-shop.it\/#organization","name":"Erresse Shop","url":"https:\/\/dev6.erresse-shop.it\/","logo":{"@type":"ImageObject","inLanguage":"fr-FR","@id":"https:\/\/dev6.erresse-shop.it\/#\/schema\/logo\/image\/","url":"https:\/\/dev6.erresse-shop.it\/wp-content\/uploads\/2025\/01\/LOGO-ERRESSE-CLASSICO.svg","contentUrl":"https:\/\/dev6.erresse-shop.it\/wp-content\/uploads\/2025\/01\/LOGO-ERRESSE-CLASSICO.svg","caption":"Erresse Shop"},"image":{"@id":"https:\/\/dev6.erresse-shop.it\/#\/schema\/logo\/image\/"}}]}},"df_price":99.95,"df_sale_price":99.95,"df_regular_price":124,"df_image_link":"https:\/\/i0.wp.com\/interpim.erresse-shop.it\/wp-content\/uploads\/2025\/02\/BACI-MILANO-Gli-Inseparabili-Fermalibro-Mr.-Black-Mrs.-White-26-cm.jpg\/baci-milano-gli-inseparabili-fermalibro-mr.-black-mrs.-white-26-cm.jpg?resize=300,300&ssl=1","fifu_image_url":"https:\/\/interpim.erresse-shop.it\/wp-content\/uploads\/2025\/02\/BACI-MILANO-Gli-Inseparabili-Fermalibro-Mr.-Black-Mrs.-White-26-cm.jpg\/baci-milano-gli-inseparabili-fermalibro-mr.-black-mrs.-white-26-cm.jpg","_links":{"self":[{"href":"https:\/\/dev6.erresse-shop.it\/fr\/wp-json\/wp\/v2\/product\/1609965","targetHints":{"allow":["GET"]}}],"collection":[{"href":"https:\/\/dev6.erresse-shop.it\/fr\/wp-json\/wp\/v2\/product"}],"about":[{"href":"https:\/\/dev6.erresse-shop.it\/fr\/wp-json\/wp\/v2\/types\/product"}],"wp:featuredmedia":[{"embeddable":true,"href":"https:\/\/dev6.erresse-shop.it\/fr\/wp-json\/wp\/v2\/media\/6376935"}],"wp:attachment":[{"href":"https:\/\/dev6.erresse-shop.it\/fr\/wp-json\/wp\/v2\/media?parent=1609965"}],"wp:term":[{"taxonomy":"product_cat","embeddable":true,"href":"https:\/\/dev6.erresse-shop.it\/fr\/wp-json\/wp\/v2\/product_cat?post=1609965"},{"taxonomy":"product_tag","embeddable":true,"href":"https:\/\/dev6.erresse-shop.it\/fr\/wp-json\/wp\/v2\/product_tag?post=1609965"}],"curies":[{"name":"wp","href":"https:\/\/api.w.org\/{rel}","templated":true}]}}