{"id":1609963,"date":"2026-04-12T13:23:43","date_gmt":"2026-04-12T11:23:43","guid":{"rendered":"https:\/\/dev6.erresse-shop.it\/shop\/non%20class\u00e9\/baci-milano-gli-inseparabili-buste-de-mr-black-32cm\/"},"modified":"2026-01-21T20:17:28","modified_gmt":"2026-01-21T19:17:28","slug":"baci-milano-gli-inseparabili-buste-de-mr-black-32cm","status":"publish","type":"product","link":"https:\/\/dev6.erresse-shop.it\/fr\/shop\/ameublement-maison\/objets-de-decoration\/baci-milano-gli-inseparabili-buste-de-mr-black-32cm\/","title":{"rendered":"BACI MILANO Gli Inseparabili Buste de Mr Black 32cm"},"content":{"rendered":"<p>Le buste d\u00e9coratif Gli Inseparabili Mr. Black de Baci Milano ajoutera une touche d\u2019\u00e9l\u00e9gance et d\u2019originalit\u00e9 \u00e0 votre int\u00e9rieur.<\/p>\n<p>Ce buste repr\u00e9sente l\u2019union parfaite entre le noir et le blanc, symbole d\u2019\u00e9quilibre et de compr\u00e9hension dans la relation de couple.<\/p>\n<p>Rehaussez l\u2019art du contraste avec le buste d\u00e9coratif Baci Milano Les Ins\u00e9parables Mme White &amp; Monsieur Noir. L\u2019\u00e9l\u00e9gance du blanc se marie harmonieusement \u00e0 la profondeur du noir, cr\u00e9ant un jeu de nuances raffin\u00e9es et modernes.<\/p>\n<p>Les designs raffin\u00e9s de cette collection expriment un style contemporain, tandis que Mrs White et Mr Black symbolisent l\u2019harmonie parfaite entre les deux couleurs oppos\u00e9es.<\/p>\n<p>Mat\u00e9riau : R\u00e9sine<br \/>\nDimensions : H 32 cm<\/p>\n","protected":false},"excerpt":{"rendered":"<p>Le buste d\u00e9coratif Gli Inseparabili Mr. Black de Baci Milano ajoutera une touche d\u2019\u00e9l\u00e9gance et d\u2019originalit\u00e9 \u00e0 votre int\u00e9rieur. Ce buste repr\u00e9sente l\u2019union parfaite entre le noir et le blanc, symbole d\u2019\u00e9quilibre et de compr\u00e9hension dans la relation de couple. Rehaussez l\u2019art du contraste avec le buste d\u00e9coratif Baci Milano Les Ins\u00e9parables Mme White &amp; [&hellip;]<\/p>\n","protected":false},"featured_media":6376933,"template":"","meta":{"_acf_changed":false},"product_cat":[11990,12021],"product_tag":[],"class_list":{"0":"post-1609963","1":"product","2":"type-product","3":"status-publish","4":"has-post-thumbnail","6":"product_cat-ameublement-maison","7":"product_cat-objets-de-decoration","9":"first","10":"instock","11":"sale","12":"taxable","13":"shipping-taxable","14":"purchasable","15":"product-type-simple","swatches":"rey-swatches","show_selected":"","stretch_labels":"rey-swatches--stretch-labels"},"acf":[],"yoast_head":"<!-- This site is optimized with the Yoast SEO plugin v25.4 - https:\/\/yoast.com\/wordpress\/plugins\/seo\/ -->\n<title>BACI MILANO Gli Inseparabili Buste de Mr Black 32cm - dev6 Erresse<\/title>\n<meta name=\"description\" content=\"Le buste d\u00e9coratif Gli Inseparabili Mr. Black de Baci Milano ajoutera une touche d\u2019\u00e9l\u00e9gance et d\u2019originalit\u00e9 \u00e0 votre int\u00e9rieur. Ce buste repr\u00e9sente\" \/>\n<meta name=\"robots\" content=\"noindex, follow, max-snippet:-1, max-image-preview:large, max-video-preview:-1\" \/>\n<meta property=\"og:locale\" content=\"fr_FR\" \/>\n<meta property=\"og:type\" content=\"article\" \/>\n<meta property=\"og:title\" content=\"BACI MILANO Gli Inseparabili Buste de Mr Black 32cm - dev6 Erresse\" \/>\n<meta property=\"og:description\" content=\"Le buste d\u00e9coratif Gli Inseparabili Mr. Black de Baci Milano ajoutera une touche d\u2019\u00e9l\u00e9gance et d\u2019originalit\u00e9 \u00e0 votre int\u00e9rieur. Ce buste repr\u00e9sente\" \/>\n<meta property=\"og:url\" content=\"https:\/\/dev6.erresse-shop.it\/fr\/shop\/ameublement-maison\/objets-de-decoration\/baci-milano-gli-inseparabili-buste-de-mr-black-32cm\/\" \/>\n<meta property=\"og:site_name\" content=\"dev6 Erresse\" \/>\n<meta property=\"og:image\" content=\"https:\/\/interpim.erresse-shop.it\/wp-content\/uploads\/2025\/02\/BACI-MILANO-Gli-Inseparabili-Busto-Mr-Black-32-cm.jpg\/baci-milano-gli-inseparabili-busto-mr-black-32-cm.jpg\" \/><meta property=\"og:image\" content=\"https:\/\/interpim.erresse-shop.it\/wp-content\/uploads\/2025\/02\/BACI-MILANO-Gli-Inseparabili-Busto-Mr-Black-32-cm.jpg\/baci-milano-gli-inseparabili-busto-mr-black-32-cm.jpg\" \/>\n\t<meta property=\"og:image:width\" content=\"1024\" \/>\n\t<meta property=\"og:image:height\" content=\"1024\" \/>\n\t<meta property=\"og:image:type\" content=\"image\/jpeg\" \/>\n<meta name=\"twitter:card\" content=\"summary_large_image\" \/>\n<meta name=\"twitter:image\" content=\"https:\/\/interpim.erresse-shop.it\/wp-content\/uploads\/2025\/02\/BACI-MILANO-Gli-Inseparabili-Busto-Mr-Black-32-cm.jpg\/baci-milano-gli-inseparabili-busto-mr-black-32-cm.jpg\" \/>\n<script type=\"application\/ld+json\" class=\"yoast-schema-graph\">{\"@context\":\"https:\/\/schema.org\",\"@graph\":[{\"@type\":\"WebPage\",\"@id\":\"https:\/\/dev6.erresse-shop.it\/fr\/shop\/ameublement-maison\/objets-de-decoration\/baci-milano-gli-inseparabili-buste-de-mr-black-32cm\/\",\"url\":\"https:\/\/dev6.erresse-shop.it\/fr\/shop\/ameublement-maison\/objets-de-decoration\/baci-milano-gli-inseparabili-buste-de-mr-black-32cm\/\",\"name\":\"BACI MILANO Gli Inseparabili Buste de Mr Black 32cm - dev6 Erresse\",\"isPartOf\":{\"@id\":\"https:\/\/dev6.erresse-shop.it\/#website\"},\"primaryImageOfPage\":{\"@id\":\"https:\/\/dev6.erresse-shop.it\/fr\/shop\/ameublement-maison\/objets-de-decoration\/baci-milano-gli-inseparabili-buste-de-mr-black-32cm\/#primaryimage\"},\"image\":{\"@id\":\"https:\/\/dev6.erresse-shop.it\/fr\/shop\/ameublement-maison\/objets-de-decoration\/baci-milano-gli-inseparabili-buste-de-mr-black-32cm\/#primaryimage\"},\"thumbnailUrl\":\"https:\/\/i0.wp.com\/interpim.erresse-shop.it\/wp-content\/uploads\/2025\/02\/BACI-MILANO-Gli-Inseparabili-Busto-Mr-Black-32-cm.jpg\/baci-milano-gli-inseparabili-busto-mr-black-32-cm.jpg?ssl=1\",\"datePublished\":\"2026-04-12T11:23:43+00:00\",\"description\":\"Le buste d\u00e9coratif Gli Inseparabili Mr. Black de Baci Milano ajoutera une touche d\u2019\u00e9l\u00e9gance et d\u2019originalit\u00e9 \u00e0 votre int\u00e9rieur. Ce buste repr\u00e9sente\",\"breadcrumb\":{\"@id\":\"https:\/\/dev6.erresse-shop.it\/fr\/shop\/ameublement-maison\/objets-de-decoration\/baci-milano-gli-inseparabili-buste-de-mr-black-32cm\/#breadcrumb\"},\"inLanguage\":\"fr-FR\",\"potentialAction\":[{\"@type\":\"ReadAction\",\"target\":[\"https:\/\/dev6.erresse-shop.it\/fr\/shop\/ameublement-maison\/objets-de-decoration\/baci-milano-gli-inseparabili-buste-de-mr-black-32cm\/\"]}]},{\"@type\":\"ImageObject\",\"inLanguage\":\"fr-FR\",\"@id\":\"https:\/\/dev6.erresse-shop.it\/fr\/shop\/ameublement-maison\/objets-de-decoration\/baci-milano-gli-inseparabili-buste-de-mr-black-32cm\/#primaryimage\",\"url\":\"https:\/\/i0.wp.com\/interpim.erresse-shop.it\/wp-content\/uploads\/2025\/02\/BACI-MILANO-Gli-Inseparabili-Busto-Mr-Black-32-cm.jpg\/baci-milano-gli-inseparabili-busto-mr-black-32-cm.jpg?ssl=1\",\"contentUrl\":\"https:\/\/i0.wp.com\/interpim.erresse-shop.it\/wp-content\/uploads\/2025\/02\/BACI-MILANO-Gli-Inseparabili-Busto-Mr-Black-32-cm.jpg\/baci-milano-gli-inseparabili-busto-mr-black-32-cm.jpg?ssl=1\"},{\"@type\":\"BreadcrumbList\",\"@id\":\"https:\/\/dev6.erresse-shop.it\/fr\/shop\/ameublement-maison\/objets-de-decoration\/baci-milano-gli-inseparabili-buste-de-mr-black-32cm\/#breadcrumb\",\"itemListElement\":[{\"@type\":\"ListItem\",\"position\":1,\"name\":\"Home\",\"item\":\"https:\/\/dev6.erresse-shop.it\/\"},{\"@type\":\"ListItem\",\"position\":2,\"name\":\"Boutique\",\"item\":\"https:\/\/dev6.erresse-shop.it\/shop\/\"},{\"@type\":\"ListItem\",\"position\":3,\"name\":\"BACI MILANO Gli Inseparabili Buste de Mr Black 32cm\"}]},{\"@type\":\"WebSite\",\"@id\":\"https:\/\/dev6.erresse-shop.it\/#website\",\"url\":\"https:\/\/dev6.erresse-shop.it\/\",\"name\":\"Erresse Shop\",\"description\":\"\",\"publisher\":{\"@id\":\"https:\/\/dev6.erresse-shop.it\/#organization\"},\"potentialAction\":[{\"@type\":\"SearchAction\",\"target\":{\"@type\":\"EntryPoint\",\"urlTemplate\":\"https:\/\/dev6.erresse-shop.it\/?s={search_term_string}\"},\"query-input\":{\"@type\":\"PropertyValueSpecification\",\"valueRequired\":true,\"valueName\":\"search_term_string\"}}],\"inLanguage\":\"fr-FR\"},{\"@type\":\"Organization\",\"@id\":\"https:\/\/dev6.erresse-shop.it\/#organization\",\"name\":\"Erresse Shop\",\"url\":\"https:\/\/dev6.erresse-shop.it\/\",\"logo\":{\"@type\":\"ImageObject\",\"inLanguage\":\"fr-FR\",\"@id\":\"https:\/\/dev6.erresse-shop.it\/#\/schema\/logo\/image\/\",\"url\":\"https:\/\/dev6.erresse-shop.it\/wp-content\/uploads\/2025\/01\/LOGO-ERRESSE-CLASSICO.svg\",\"contentUrl\":\"https:\/\/dev6.erresse-shop.it\/wp-content\/uploads\/2025\/01\/LOGO-ERRESSE-CLASSICO.svg\",\"caption\":\"Erresse Shop\"},\"image\":{\"@id\":\"https:\/\/dev6.erresse-shop.it\/#\/schema\/logo\/image\/\"}}]}<\/script>\n<!-- \/ Yoast SEO plugin. -->","yoast_head_json":{"title":"BACI MILANO Gli Inseparabili Buste de Mr Black 32cm - dev6 Erresse","description":"Le buste d\u00e9coratif Gli Inseparabili Mr. Black de Baci Milano ajoutera une touche d\u2019\u00e9l\u00e9gance et d\u2019originalit\u00e9 \u00e0 votre int\u00e9rieur. Ce buste repr\u00e9sente","robots":{"index":"noindex","follow":"follow","max-snippet":"max-snippet:-1","max-image-preview":"max-image-preview:large","max-video-preview":"max-video-preview:-1"},"og_locale":"fr_FR","og_type":"article","og_title":"BACI MILANO Gli Inseparabili Buste de Mr Black 32cm - dev6 Erresse","og_description":"Le buste d\u00e9coratif Gli Inseparabili Mr. Black de Baci Milano ajoutera une touche d\u2019\u00e9l\u00e9gance et d\u2019originalit\u00e9 \u00e0 votre int\u00e9rieur. Ce buste repr\u00e9sente","og_url":"https:\/\/dev6.erresse-shop.it\/fr\/shop\/ameublement-maison\/objets-de-decoration\/baci-milano-gli-inseparabili-buste-de-mr-black-32cm\/","og_site_name":"dev6 Erresse","og_image":[{"url":"https:\/\/interpim.erresse-shop.it\/wp-content\/uploads\/2025\/02\/BACI-MILANO-Gli-Inseparabili-Busto-Mr-Black-32-cm.jpg\/baci-milano-gli-inseparabili-busto-mr-black-32-cm.jpg","type":"","width":"","height":""},{"url":"https:\/\/interpim.erresse-shop.it\/wp-content\/uploads\/2025\/02\/BACI-MILANO-Gli-Inseparabili-Busto-Mr-Black-32-cm.jpg\/baci-milano-gli-inseparabili-busto-mr-black-32-cm.jpg","width":1024,"height":1024,"type":"image\/jpeg"}],"twitter_card":"summary_large_image","twitter_image":"https:\/\/interpim.erresse-shop.it\/wp-content\/uploads\/2025\/02\/BACI-MILANO-Gli-Inseparabili-Busto-Mr-Black-32-cm.jpg\/baci-milano-gli-inseparabili-busto-mr-black-32-cm.jpg","schema":{"@context":"https:\/\/schema.org","@graph":[{"@type":"WebPage","@id":"https:\/\/dev6.erresse-shop.it\/fr\/shop\/ameublement-maison\/objets-de-decoration\/baci-milano-gli-inseparabili-buste-de-mr-black-32cm\/","url":"https:\/\/dev6.erresse-shop.it\/fr\/shop\/ameublement-maison\/objets-de-decoration\/baci-milano-gli-inseparabili-buste-de-mr-black-32cm\/","name":"BACI MILANO Gli Inseparabili Buste de Mr Black 32cm - dev6 Erresse","isPartOf":{"@id":"https:\/\/dev6.erresse-shop.it\/#website"},"primaryImageOfPage":{"@id":"https:\/\/dev6.erresse-shop.it\/fr\/shop\/ameublement-maison\/objets-de-decoration\/baci-milano-gli-inseparabili-buste-de-mr-black-32cm\/#primaryimage"},"image":{"@id":"https:\/\/dev6.erresse-shop.it\/fr\/shop\/ameublement-maison\/objets-de-decoration\/baci-milano-gli-inseparabili-buste-de-mr-black-32cm\/#primaryimage"},"thumbnailUrl":"https:\/\/i0.wp.com\/interpim.erresse-shop.it\/wp-content\/uploads\/2025\/02\/BACI-MILANO-Gli-Inseparabili-Busto-Mr-Black-32-cm.jpg\/baci-milano-gli-inseparabili-busto-mr-black-32-cm.jpg?ssl=1","datePublished":"2026-04-12T11:23:43+00:00","description":"Le buste d\u00e9coratif Gli Inseparabili Mr. Black de Baci Milano ajoutera une touche d\u2019\u00e9l\u00e9gance et d\u2019originalit\u00e9 \u00e0 votre int\u00e9rieur. Ce buste repr\u00e9sente","breadcrumb":{"@id":"https:\/\/dev6.erresse-shop.it\/fr\/shop\/ameublement-maison\/objets-de-decoration\/baci-milano-gli-inseparabili-buste-de-mr-black-32cm\/#breadcrumb"},"inLanguage":"fr-FR","potentialAction":[{"@type":"ReadAction","target":["https:\/\/dev6.erresse-shop.it\/fr\/shop\/ameublement-maison\/objets-de-decoration\/baci-milano-gli-inseparabili-buste-de-mr-black-32cm\/"]}]},{"@type":"ImageObject","inLanguage":"fr-FR","@id":"https:\/\/dev6.erresse-shop.it\/fr\/shop\/ameublement-maison\/objets-de-decoration\/baci-milano-gli-inseparabili-buste-de-mr-black-32cm\/#primaryimage","url":"https:\/\/i0.wp.com\/interpim.erresse-shop.it\/wp-content\/uploads\/2025\/02\/BACI-MILANO-Gli-Inseparabili-Busto-Mr-Black-32-cm.jpg\/baci-milano-gli-inseparabili-busto-mr-black-32-cm.jpg?ssl=1","contentUrl":"https:\/\/i0.wp.com\/interpim.erresse-shop.it\/wp-content\/uploads\/2025\/02\/BACI-MILANO-Gli-Inseparabili-Busto-Mr-Black-32-cm.jpg\/baci-milano-gli-inseparabili-busto-mr-black-32-cm.jpg?ssl=1"},{"@type":"BreadcrumbList","@id":"https:\/\/dev6.erresse-shop.it\/fr\/shop\/ameublement-maison\/objets-de-decoration\/baci-milano-gli-inseparabili-buste-de-mr-black-32cm\/#breadcrumb","itemListElement":[{"@type":"ListItem","position":1,"name":"Home","item":"https:\/\/dev6.erresse-shop.it\/"},{"@type":"ListItem","position":2,"name":"Boutique","item":"https:\/\/dev6.erresse-shop.it\/shop\/"},{"@type":"ListItem","position":3,"name":"BACI MILANO Gli Inseparabili Buste de Mr Black 32cm"}]},{"@type":"WebSite","@id":"https:\/\/dev6.erresse-shop.it\/#website","url":"https:\/\/dev6.erresse-shop.it\/","name":"Erresse Shop","description":"","publisher":{"@id":"https:\/\/dev6.erresse-shop.it\/#organization"},"potentialAction":[{"@type":"SearchAction","target":{"@type":"EntryPoint","urlTemplate":"https:\/\/dev6.erresse-shop.it\/?s={search_term_string}"},"query-input":{"@type":"PropertyValueSpecification","valueRequired":true,"valueName":"search_term_string"}}],"inLanguage":"fr-FR"},{"@type":"Organization","@id":"https:\/\/dev6.erresse-shop.it\/#organization","name":"Erresse Shop","url":"https:\/\/dev6.erresse-shop.it\/","logo":{"@type":"ImageObject","inLanguage":"fr-FR","@id":"https:\/\/dev6.erresse-shop.it\/#\/schema\/logo\/image\/","url":"https:\/\/dev6.erresse-shop.it\/wp-content\/uploads\/2025\/01\/LOGO-ERRESSE-CLASSICO.svg","contentUrl":"https:\/\/dev6.erresse-shop.it\/wp-content\/uploads\/2025\/01\/LOGO-ERRESSE-CLASSICO.svg","caption":"Erresse Shop"},"image":{"@id":"https:\/\/dev6.erresse-shop.it\/#\/schema\/logo\/image\/"}}]}},"df_price":112,"df_sale_price":112,"df_regular_price":150,"df_image_link":"https:\/\/i0.wp.com\/interpim.erresse-shop.it\/wp-content\/uploads\/2025\/02\/BACI-MILANO-Gli-Inseparabili-Busto-Mr-Black-32-cm.jpg\/baci-milano-gli-inseparabili-busto-mr-black-32-cm.jpg?resize=300,300&ssl=1","fifu_image_url":"https:\/\/interpim.erresse-shop.it\/wp-content\/uploads\/2025\/02\/BACI-MILANO-Gli-Inseparabili-Busto-Mr-Black-32-cm.jpg\/baci-milano-gli-inseparabili-busto-mr-black-32-cm.jpg","_links":{"self":[{"href":"https:\/\/dev6.erresse-shop.it\/fr\/wp-json\/wp\/v2\/product\/1609963","targetHints":{"allow":["GET"]}}],"collection":[{"href":"https:\/\/dev6.erresse-shop.it\/fr\/wp-json\/wp\/v2\/product"}],"about":[{"href":"https:\/\/dev6.erresse-shop.it\/fr\/wp-json\/wp\/v2\/types\/product"}],"wp:featuredmedia":[{"embeddable":true,"href":"https:\/\/dev6.erresse-shop.it\/fr\/wp-json\/wp\/v2\/media\/6376933"}],"wp:attachment":[{"href":"https:\/\/dev6.erresse-shop.it\/fr\/wp-json\/wp\/v2\/media?parent=1609963"}],"wp:term":[{"taxonomy":"product_cat","embeddable":true,"href":"https:\/\/dev6.erresse-shop.it\/fr\/wp-json\/wp\/v2\/product_cat?post=1609963"},{"taxonomy":"product_tag","embeddable":true,"href":"https:\/\/dev6.erresse-shop.it\/fr\/wp-json\/wp\/v2\/product_tag?post=1609963"}],"curies":[{"name":"wp","href":"https:\/\/api.w.org\/{rel}","templated":true}]}}