{"id":1609937,"date":"2026-04-12T13:21:02","date_gmt":"2026-04-12T11:21:02","guid":{"rendered":"https:\/\/dev6.erresse-shop.it\/shop\/non%20class\u00e9\/toms-drag-tableau-nancy\/"},"modified":"2025-07-04T19:42:24","modified_gmt":"2025-07-04T17:42:24","slug":"toms-drag-tableau-nancy","status":"publish","type":"product","link":"https:\/\/dev6.erresse-shop.it\/fr\/shop\/ameublement-maison\/tables-et-tables-basses\/toms-drag-tableau-nancy\/","title":{"rendered":"TOM&#8217;S DRAG Tableau Nancy"},"content":{"rendered":"<p>Mat\u00e9riau : MDF<\/p>\n<p>Tableau Nancy<br \/>\nCette table basse fonctionnelle est le compl\u00e9ment parfait \u00e0 votre salon ou \u00e0 votre chambre. Les meubles \u00ab Drag \u00bb sont fabriqu\u00e9s \u00e0 la main en MDF. Chaque mod\u00e8le est ensuite peint avec amour et avec tous ses d\u00e9tails. La ligne de mobilier Tom\u2019s Drag s\u2019inspire de l\u2019Art Nouveau\u2026 et quoi de plus appropri\u00e9 que de la d\u00e9dier \u00e0 notre ville voisine de Nancy, cit\u00e9 ducale de Lorraine devenue mondialement c\u00e9l\u00e8bre vers 1900 avec l\u2019Art Nouveau et ses artistes d\u2019exception de l&#039;\u201d\u00c9cole de Nancy\u201d.<\/p>\n<p>Dimensions : 60 x 46 cm, H 47 cm<\/p>\n","protected":false},"excerpt":{"rendered":"<p>Mat\u00e9riau : MDF Tableau Nancy Cette table basse fonctionnelle est le compl\u00e9ment parfait \u00e0 votre salon ou \u00e0 votre chambre. Les meubles \u00ab Drag \u00bb sont fabriqu\u00e9s \u00e0 la main en MDF. Chaque mod\u00e8le est ensuite peint avec amour et avec tous ses d\u00e9tails. La ligne de mobilier Tom\u2019s Drag s\u2019inspire de l\u2019Art Nouveau\u2026 et [&hellip;]<\/p>\n","protected":false},"featured_media":6376874,"template":"","meta":{"_acf_changed":false},"product_cat":[11990,12048],"product_tag":[],"class_list":{"0":"post-1609937","1":"product","2":"type-product","3":"status-publish","4":"has-post-thumbnail","6":"product_cat-ameublement-maison","7":"product_cat-tables-et-tables-basses","9":"first","10":"instock","11":"taxable","12":"shipping-taxable","13":"purchasable","14":"product-type-simple","swatches":"rey-swatches","show_selected":"","stretch_labels":"rey-swatches--stretch-labels"},"acf":[],"yoast_head":"<!-- This site is optimized with the Yoast SEO plugin v25.4 - https:\/\/yoast.com\/wordpress\/plugins\/seo\/ -->\n<title>TOM&#8217;S DRAG Tableau Nancy - dev6 Erresse<\/title>\n<meta name=\"description\" content=\"Mat\u00e9riau : MDF Tableau Nancy Cette table basse fonctionnelle est le compl\u00e9ment parfait \u00e0 votre salon ou \u00e0 votre chambre. Les meubles \u00ab Drag \u00bb sont\" \/>\n<meta name=\"robots\" content=\"noindex, follow, max-snippet:-1, max-image-preview:large, max-video-preview:-1\" \/>\n<meta property=\"og:locale\" content=\"fr_FR\" \/>\n<meta property=\"og:type\" content=\"article\" \/>\n<meta property=\"og:title\" content=\"TOM&#8217;S DRAG Tableau Nancy - dev6 Erresse\" \/>\n<meta property=\"og:description\" content=\"Mat\u00e9riau : MDF Tableau Nancy Cette table basse fonctionnelle est le compl\u00e9ment parfait \u00e0 votre salon ou \u00e0 votre chambre. Les meubles \u00ab Drag \u00bb sont\" \/>\n<meta property=\"og:url\" content=\"https:\/\/dev6.erresse-shop.it\/fr\/shop\/ameublement-maison\/tables-et-tables-basses\/toms-drag-tableau-nancy\/\" \/>\n<meta property=\"og:site_name\" content=\"dev6 Erresse\" \/>\n<meta property=\"og:image\" content=\"https:\/\/interpim.erresse-shop.it\/Import\/Prodotti\/toms-drag-tavolino-nancy.jpg\" \/><meta property=\"og:image\" content=\"https:\/\/interpim.erresse-shop.it\/Import\/Prodotti\/toms-drag-tavolino-nancy.jpg\" \/>\n\t<meta property=\"og:image:width\" content=\"1024\" \/>\n\t<meta property=\"og:image:height\" content=\"1024\" \/>\n\t<meta property=\"og:image:type\" content=\"image\/jpeg\" \/>\n<meta name=\"twitter:card\" content=\"summary_large_image\" \/>\n<meta name=\"twitter:image\" content=\"https:\/\/interpim.erresse-shop.it\/Import\/Prodotti\/toms-drag-tavolino-nancy.jpg\" \/>\n<script type=\"application\/ld+json\" class=\"yoast-schema-graph\">{\"@context\":\"https:\/\/schema.org\",\"@graph\":[{\"@type\":\"WebPage\",\"@id\":\"https:\/\/dev6.erresse-shop.it\/fr\/shop\/ameublement-maison\/tables-et-tables-basses\/toms-drag-tableau-nancy\/\",\"url\":\"https:\/\/dev6.erresse-shop.it\/fr\/shop\/ameublement-maison\/tables-et-tables-basses\/toms-drag-tableau-nancy\/\",\"name\":\"TOM&#8217;S DRAG Tableau Nancy - dev6 Erresse\",\"isPartOf\":{\"@id\":\"https:\/\/dev6.erresse-shop.it\/#website\"},\"primaryImageOfPage\":{\"@id\":\"https:\/\/dev6.erresse-shop.it\/fr\/shop\/ameublement-maison\/tables-et-tables-basses\/toms-drag-tableau-nancy\/#primaryimage\"},\"image\":{\"@id\":\"https:\/\/dev6.erresse-shop.it\/fr\/shop\/ameublement-maison\/tables-et-tables-basses\/toms-drag-tableau-nancy\/#primaryimage\"},\"thumbnailUrl\":\"https:\/\/i1.wp.com\/interpim.erresse-shop.it\/Import\/Prodotti\/toms-drag-tavolino-nancy.jpg?ssl=1\",\"datePublished\":\"2026-04-12T11:21:02+00:00\",\"description\":\"Mat\u00e9riau : MDF Tableau Nancy Cette table basse fonctionnelle est le compl\u00e9ment parfait \u00e0 votre salon ou \u00e0 votre chambre. Les meubles \u00ab Drag \u00bb sont\",\"breadcrumb\":{\"@id\":\"https:\/\/dev6.erresse-shop.it\/fr\/shop\/ameublement-maison\/tables-et-tables-basses\/toms-drag-tableau-nancy\/#breadcrumb\"},\"inLanguage\":\"fr-FR\",\"potentialAction\":[{\"@type\":\"ReadAction\",\"target\":[\"https:\/\/dev6.erresse-shop.it\/fr\/shop\/ameublement-maison\/tables-et-tables-basses\/toms-drag-tableau-nancy\/\"]}]},{\"@type\":\"ImageObject\",\"inLanguage\":\"fr-FR\",\"@id\":\"https:\/\/dev6.erresse-shop.it\/fr\/shop\/ameublement-maison\/tables-et-tables-basses\/toms-drag-tableau-nancy\/#primaryimage\",\"url\":\"https:\/\/i1.wp.com\/interpim.erresse-shop.it\/Import\/Prodotti\/toms-drag-tavolino-nancy.jpg?ssl=1\",\"contentUrl\":\"https:\/\/i1.wp.com\/interpim.erresse-shop.it\/Import\/Prodotti\/toms-drag-tavolino-nancy.jpg?ssl=1\"},{\"@type\":\"BreadcrumbList\",\"@id\":\"https:\/\/dev6.erresse-shop.it\/fr\/shop\/ameublement-maison\/tables-et-tables-basses\/toms-drag-tableau-nancy\/#breadcrumb\",\"itemListElement\":[{\"@type\":\"ListItem\",\"position\":1,\"name\":\"Home\",\"item\":\"https:\/\/dev6.erresse-shop.it\/\"},{\"@type\":\"ListItem\",\"position\":2,\"name\":\"Boutique\",\"item\":\"https:\/\/dev6.erresse-shop.it\/shop\/\"},{\"@type\":\"ListItem\",\"position\":3,\"name\":\"TOM&#8217;S DRAG Tableau Nancy\"}]},{\"@type\":\"WebSite\",\"@id\":\"https:\/\/dev6.erresse-shop.it\/#website\",\"url\":\"https:\/\/dev6.erresse-shop.it\/\",\"name\":\"Erresse Shop\",\"description\":\"\",\"publisher\":{\"@id\":\"https:\/\/dev6.erresse-shop.it\/#organization\"},\"potentialAction\":[{\"@type\":\"SearchAction\",\"target\":{\"@type\":\"EntryPoint\",\"urlTemplate\":\"https:\/\/dev6.erresse-shop.it\/?s={search_term_string}\"},\"query-input\":{\"@type\":\"PropertyValueSpecification\",\"valueRequired\":true,\"valueName\":\"search_term_string\"}}],\"inLanguage\":\"fr-FR\"},{\"@type\":\"Organization\",\"@id\":\"https:\/\/dev6.erresse-shop.it\/#organization\",\"name\":\"Erresse Shop\",\"url\":\"https:\/\/dev6.erresse-shop.it\/\",\"logo\":{\"@type\":\"ImageObject\",\"inLanguage\":\"fr-FR\",\"@id\":\"https:\/\/dev6.erresse-shop.it\/#\/schema\/logo\/image\/\",\"url\":\"https:\/\/dev6.erresse-shop.it\/wp-content\/uploads\/2025\/01\/LOGO-ERRESSE-CLASSICO.svg\",\"contentUrl\":\"https:\/\/dev6.erresse-shop.it\/wp-content\/uploads\/2025\/01\/LOGO-ERRESSE-CLASSICO.svg\",\"caption\":\"Erresse Shop\"},\"image\":{\"@id\":\"https:\/\/dev6.erresse-shop.it\/#\/schema\/logo\/image\/\"}}]}<\/script>\n<!-- \/ Yoast SEO plugin. -->","yoast_head_json":{"title":"TOM&#8217;S DRAG Tableau Nancy - dev6 Erresse","description":"Mat\u00e9riau : MDF Tableau Nancy Cette table basse fonctionnelle est le compl\u00e9ment parfait \u00e0 votre salon ou \u00e0 votre chambre. Les meubles \u00ab Drag \u00bb sont","robots":{"index":"noindex","follow":"follow","max-snippet":"max-snippet:-1","max-image-preview":"max-image-preview:large","max-video-preview":"max-video-preview:-1"},"og_locale":"fr_FR","og_type":"article","og_title":"TOM&#8217;S DRAG Tableau Nancy - dev6 Erresse","og_description":"Mat\u00e9riau : MDF Tableau Nancy Cette table basse fonctionnelle est le compl\u00e9ment parfait \u00e0 votre salon ou \u00e0 votre chambre. Les meubles \u00ab Drag \u00bb sont","og_url":"https:\/\/dev6.erresse-shop.it\/fr\/shop\/ameublement-maison\/tables-et-tables-basses\/toms-drag-tableau-nancy\/","og_site_name":"dev6 Erresse","og_image":[{"url":"https:\/\/interpim.erresse-shop.it\/Import\/Prodotti\/toms-drag-tavolino-nancy.jpg","type":"","width":"","height":""},{"url":"https:\/\/interpim.erresse-shop.it\/Import\/Prodotti\/toms-drag-tavolino-nancy.jpg","width":1024,"height":1024,"type":"image\/jpeg"}],"twitter_card":"summary_large_image","twitter_image":"https:\/\/interpim.erresse-shop.it\/Import\/Prodotti\/toms-drag-tavolino-nancy.jpg","schema":{"@context":"https:\/\/schema.org","@graph":[{"@type":"WebPage","@id":"https:\/\/dev6.erresse-shop.it\/fr\/shop\/ameublement-maison\/tables-et-tables-basses\/toms-drag-tableau-nancy\/","url":"https:\/\/dev6.erresse-shop.it\/fr\/shop\/ameublement-maison\/tables-et-tables-basses\/toms-drag-tableau-nancy\/","name":"TOM&#8217;S DRAG Tableau Nancy - dev6 Erresse","isPartOf":{"@id":"https:\/\/dev6.erresse-shop.it\/#website"},"primaryImageOfPage":{"@id":"https:\/\/dev6.erresse-shop.it\/fr\/shop\/ameublement-maison\/tables-et-tables-basses\/toms-drag-tableau-nancy\/#primaryimage"},"image":{"@id":"https:\/\/dev6.erresse-shop.it\/fr\/shop\/ameublement-maison\/tables-et-tables-basses\/toms-drag-tableau-nancy\/#primaryimage"},"thumbnailUrl":"https:\/\/i1.wp.com\/interpim.erresse-shop.it\/Import\/Prodotti\/toms-drag-tavolino-nancy.jpg?ssl=1","datePublished":"2026-04-12T11:21:02+00:00","description":"Mat\u00e9riau : MDF Tableau Nancy Cette table basse fonctionnelle est le compl\u00e9ment parfait \u00e0 votre salon ou \u00e0 votre chambre. Les meubles \u00ab Drag \u00bb sont","breadcrumb":{"@id":"https:\/\/dev6.erresse-shop.it\/fr\/shop\/ameublement-maison\/tables-et-tables-basses\/toms-drag-tableau-nancy\/#breadcrumb"},"inLanguage":"fr-FR","potentialAction":[{"@type":"ReadAction","target":["https:\/\/dev6.erresse-shop.it\/fr\/shop\/ameublement-maison\/tables-et-tables-basses\/toms-drag-tableau-nancy\/"]}]},{"@type":"ImageObject","inLanguage":"fr-FR","@id":"https:\/\/dev6.erresse-shop.it\/fr\/shop\/ameublement-maison\/tables-et-tables-basses\/toms-drag-tableau-nancy\/#primaryimage","url":"https:\/\/i1.wp.com\/interpim.erresse-shop.it\/Import\/Prodotti\/toms-drag-tavolino-nancy.jpg?ssl=1","contentUrl":"https:\/\/i1.wp.com\/interpim.erresse-shop.it\/Import\/Prodotti\/toms-drag-tavolino-nancy.jpg?ssl=1"},{"@type":"BreadcrumbList","@id":"https:\/\/dev6.erresse-shop.it\/fr\/shop\/ameublement-maison\/tables-et-tables-basses\/toms-drag-tableau-nancy\/#breadcrumb","itemListElement":[{"@type":"ListItem","position":1,"name":"Home","item":"https:\/\/dev6.erresse-shop.it\/"},{"@type":"ListItem","position":2,"name":"Boutique","item":"https:\/\/dev6.erresse-shop.it\/shop\/"},{"@type":"ListItem","position":3,"name":"TOM&#8217;S DRAG Tableau Nancy"}]},{"@type":"WebSite","@id":"https:\/\/dev6.erresse-shop.it\/#website","url":"https:\/\/dev6.erresse-shop.it\/","name":"Erresse Shop","description":"","publisher":{"@id":"https:\/\/dev6.erresse-shop.it\/#organization"},"potentialAction":[{"@type":"SearchAction","target":{"@type":"EntryPoint","urlTemplate":"https:\/\/dev6.erresse-shop.it\/?s={search_term_string}"},"query-input":{"@type":"PropertyValueSpecification","valueRequired":true,"valueName":"search_term_string"}}],"inLanguage":"fr-FR"},{"@type":"Organization","@id":"https:\/\/dev6.erresse-shop.it\/#organization","name":"Erresse Shop","url":"https:\/\/dev6.erresse-shop.it\/","logo":{"@type":"ImageObject","inLanguage":"fr-FR","@id":"https:\/\/dev6.erresse-shop.it\/#\/schema\/logo\/image\/","url":"https:\/\/dev6.erresse-shop.it\/wp-content\/uploads\/2025\/01\/LOGO-ERRESSE-CLASSICO.svg","contentUrl":"https:\/\/dev6.erresse-shop.it\/wp-content\/uploads\/2025\/01\/LOGO-ERRESSE-CLASSICO.svg","caption":"Erresse Shop"},"image":{"@id":"https:\/\/dev6.erresse-shop.it\/#\/schema\/logo\/image\/"}}]}},"df_price":695,"df_sale_price":"","df_regular_price":695,"df_image_link":"https:\/\/i1.wp.com\/interpim.erresse-shop.it\/Import\/Prodotti\/toms-drag-tavolino-nancy.jpg?resize=300,300&ssl=1","fifu_image_url":"https:\/\/interpim.erresse-shop.it\/Import\/Prodotti\/toms-drag-tavolino-nancy.jpg","_links":{"self":[{"href":"https:\/\/dev6.erresse-shop.it\/fr\/wp-json\/wp\/v2\/product\/1609937","targetHints":{"allow":["GET"]}}],"collection":[{"href":"https:\/\/dev6.erresse-shop.it\/fr\/wp-json\/wp\/v2\/product"}],"about":[{"href":"https:\/\/dev6.erresse-shop.it\/fr\/wp-json\/wp\/v2\/types\/product"}],"wp:featuredmedia":[{"embeddable":true,"href":"https:\/\/dev6.erresse-shop.it\/fr\/wp-json\/wp\/v2\/media\/6376874"}],"wp:attachment":[{"href":"https:\/\/dev6.erresse-shop.it\/fr\/wp-json\/wp\/v2\/media?parent=1609937"}],"wp:term":[{"taxonomy":"product_cat","embeddable":true,"href":"https:\/\/dev6.erresse-shop.it\/fr\/wp-json\/wp\/v2\/product_cat?post=1609937"},{"taxonomy":"product_tag","embeddable":true,"href":"https:\/\/dev6.erresse-shop.it\/fr\/wp-json\/wp\/v2\/product_tag?post=1609937"}],"curies":[{"name":"wp","href":"https:\/\/api.w.org\/{rel}","templated":true}]}}