{"id":1609933,"date":"2026-04-12T13:21:02","date_gmt":"2026-04-12T11:21:02","guid":{"rendered":"https:\/\/dev6.erresse-shop.it\/shop\/non%20class\u00e9\/toms-drag-armoire-3-tiroirs-ancona-bleu\/"},"modified":"2025-07-04T19:42:11","modified_gmt":"2025-07-04T17:42:11","slug":"toms-drag-armoire-3-tiroirs-ancona-bleu","status":"publish","type":"product","link":"https:\/\/dev6.erresse-shop.it\/fr\/shop\/ameublement-maison\/meubles\/toms-drag-armoire-3-tiroirs-ancona-bleu\/","title":{"rendered":"TOM&#8217;S DRAG Armoire 3 Tiroirs Ancona Bleu"},"content":{"rendered":"<p>Mat\u00e9riau : MDF<\/p>\n<p>Commode \u00e0 3 tiroirs Ancona<br \/>\nCommode \u00ab Ancona \u00bb. Polyvalent avec 3 tiroirs et une hauteur de 67 cm, parfait pour une utilisation comme table de chevet \u00e0 c\u00f4t\u00e9 de lits \u00e0 sommier haut. Comme pour les autres meubles de la gamme \u00ab Tom\u2019s Drag Classic Line \u00bb, le m\u00eame principe s\u2019applique ici :<br \/>\nSi vous d\u00e9finissez une touche de couleur forte avec un meuble Drag, vous faites une d\u00e9claration de style confiante.<br \/>\nLes meubles \u00ab Drag \u00bb sont fabriqu\u00e9s \u00e0 la main en MDF. Chaque mod\u00e8le est ensuite soigneusement peint dans tous ses d\u00e9tails.<\/p>\n<p>Dimensions : 43 x 35 x H 67 cm<\/p>\n","protected":false},"excerpt":{"rendered":"<p>Mat\u00e9riau : MDF Commode \u00e0 3 tiroirs Ancona Commode \u00ab Ancona \u00bb. Polyvalent avec 3 tiroirs et une hauteur de 67 cm, parfait pour une utilisation comme table de chevet \u00e0 c\u00f4t\u00e9 de lits \u00e0 sommier haut. Comme pour les autres meubles de la gamme \u00ab Tom\u2019s Drag Classic Line \u00bb, le m\u00eame principe s\u2019applique [&hellip;]<\/p>\n","protected":false},"featured_media":6376860,"template":"","meta":{"_acf_changed":false},"product_cat":[11990,12034],"product_tag":[],"class_list":{"0":"post-1609933","1":"product","2":"type-product","3":"status-publish","4":"has-post-thumbnail","6":"product_cat-ameublement-maison","7":"product_cat-meubles","9":"first","10":"instock","11":"taxable","12":"shipping-taxable","13":"purchasable","14":"product-type-simple","swatches":"rey-swatches","show_selected":"","stretch_labels":"rey-swatches--stretch-labels"},"acf":[],"yoast_head":"<!-- This site is optimized with the Yoast SEO plugin v25.4 - https:\/\/yoast.com\/wordpress\/plugins\/seo\/ -->\n<title>TOM&#8217;S DRAG Armoire 3 Tiroirs Ancona Bleu - dev6 Erresse<\/title>\n<meta name=\"description\" content=\"Mat\u00e9riau : MDF Commode \u00e0 3 tiroirs Ancona Commode \u00ab Ancona \u00bb. Polyvalent avec 3 tiroirs et une hauteur de 67 cm, parfait pour une utilisation comme table\" \/>\n<meta name=\"robots\" content=\"noindex, follow, max-snippet:-1, max-image-preview:large, max-video-preview:-1\" \/>\n<meta property=\"og:locale\" content=\"fr_FR\" \/>\n<meta property=\"og:type\" content=\"article\" \/>\n<meta property=\"og:title\" content=\"TOM&#8217;S DRAG Armoire 3 Tiroirs Ancona Bleu - dev6 Erresse\" \/>\n<meta property=\"og:description\" content=\"Mat\u00e9riau : MDF Commode \u00e0 3 tiroirs Ancona Commode \u00ab Ancona \u00bb. Polyvalent avec 3 tiroirs et une hauteur de 67 cm, parfait pour une utilisation comme table\" \/>\n<meta property=\"og:url\" content=\"https:\/\/dev6.erresse-shop.it\/fr\/shop\/ameublement-maison\/meubles\/toms-drag-armoire-3-tiroirs-ancona-bleu\/\" \/>\n<meta property=\"og:site_name\" content=\"dev6 Erresse\" \/>\n<meta property=\"og:image\" content=\"https:\/\/interpim.erresse-shop.it\/Import\/Prodotti\/toms-drag-cassettiera-3-cassetti-ancona-blu.jpg\" \/><meta property=\"og:image\" content=\"https:\/\/interpim.erresse-shop.it\/Import\/Prodotti\/toms-drag-cassettiera-3-cassetti-ancona-blu.jpg\" \/>\n\t<meta property=\"og:image:width\" content=\"1024\" \/>\n\t<meta property=\"og:image:height\" content=\"1024\" \/>\n\t<meta property=\"og:image:type\" content=\"image\/jpeg\" \/>\n<meta name=\"twitter:card\" content=\"summary_large_image\" \/>\n<meta name=\"twitter:image\" content=\"https:\/\/interpim.erresse-shop.it\/Import\/Prodotti\/toms-drag-cassettiera-3-cassetti-ancona-blu.jpg\" \/>\n<script type=\"application\/ld+json\" class=\"yoast-schema-graph\">{\"@context\":\"https:\/\/schema.org\",\"@graph\":[{\"@type\":\"WebPage\",\"@id\":\"https:\/\/dev6.erresse-shop.it\/fr\/shop\/ameublement-maison\/meubles\/toms-drag-armoire-3-tiroirs-ancona-bleu\/\",\"url\":\"https:\/\/dev6.erresse-shop.it\/fr\/shop\/ameublement-maison\/meubles\/toms-drag-armoire-3-tiroirs-ancona-bleu\/\",\"name\":\"TOM&#8217;S DRAG Armoire 3 Tiroirs Ancona Bleu - dev6 Erresse\",\"isPartOf\":{\"@id\":\"https:\/\/dev6.erresse-shop.it\/#website\"},\"primaryImageOfPage\":{\"@id\":\"https:\/\/dev6.erresse-shop.it\/fr\/shop\/ameublement-maison\/meubles\/toms-drag-armoire-3-tiroirs-ancona-bleu\/#primaryimage\"},\"image\":{\"@id\":\"https:\/\/dev6.erresse-shop.it\/fr\/shop\/ameublement-maison\/meubles\/toms-drag-armoire-3-tiroirs-ancona-bleu\/#primaryimage\"},\"thumbnailUrl\":\"https:\/\/i1.wp.com\/interpim.erresse-shop.it\/Import\/Prodotti\/toms-drag-cassettiera-3-cassetti-ancona-blu.jpg?ssl=1\",\"datePublished\":\"2026-04-12T11:21:02+00:00\",\"description\":\"Mat\u00e9riau : MDF Commode \u00e0 3 tiroirs Ancona Commode \u00ab Ancona \u00bb. Polyvalent avec 3 tiroirs et une hauteur de 67 cm, parfait pour une utilisation comme table\",\"breadcrumb\":{\"@id\":\"https:\/\/dev6.erresse-shop.it\/fr\/shop\/ameublement-maison\/meubles\/toms-drag-armoire-3-tiroirs-ancona-bleu\/#breadcrumb\"},\"inLanguage\":\"fr-FR\",\"potentialAction\":[{\"@type\":\"ReadAction\",\"target\":[\"https:\/\/dev6.erresse-shop.it\/fr\/shop\/ameublement-maison\/meubles\/toms-drag-armoire-3-tiroirs-ancona-bleu\/\"]}]},{\"@type\":\"ImageObject\",\"inLanguage\":\"fr-FR\",\"@id\":\"https:\/\/dev6.erresse-shop.it\/fr\/shop\/ameublement-maison\/meubles\/toms-drag-armoire-3-tiroirs-ancona-bleu\/#primaryimage\",\"url\":\"https:\/\/i1.wp.com\/interpim.erresse-shop.it\/Import\/Prodotti\/toms-drag-cassettiera-3-cassetti-ancona-blu.jpg?ssl=1\",\"contentUrl\":\"https:\/\/i1.wp.com\/interpim.erresse-shop.it\/Import\/Prodotti\/toms-drag-cassettiera-3-cassetti-ancona-blu.jpg?ssl=1\"},{\"@type\":\"BreadcrumbList\",\"@id\":\"https:\/\/dev6.erresse-shop.it\/fr\/shop\/ameublement-maison\/meubles\/toms-drag-armoire-3-tiroirs-ancona-bleu\/#breadcrumb\",\"itemListElement\":[{\"@type\":\"ListItem\",\"position\":1,\"name\":\"Home\",\"item\":\"https:\/\/dev6.erresse-shop.it\/\"},{\"@type\":\"ListItem\",\"position\":2,\"name\":\"Boutique\",\"item\":\"https:\/\/dev6.erresse-shop.it\/shop\/\"},{\"@type\":\"ListItem\",\"position\":3,\"name\":\"TOM&#8217;S DRAG Armoire 3 Tiroirs Ancona Bleu\"}]},{\"@type\":\"WebSite\",\"@id\":\"https:\/\/dev6.erresse-shop.it\/#website\",\"url\":\"https:\/\/dev6.erresse-shop.it\/\",\"name\":\"Erresse Shop\",\"description\":\"\",\"publisher\":{\"@id\":\"https:\/\/dev6.erresse-shop.it\/#organization\"},\"potentialAction\":[{\"@type\":\"SearchAction\",\"target\":{\"@type\":\"EntryPoint\",\"urlTemplate\":\"https:\/\/dev6.erresse-shop.it\/?s={search_term_string}\"},\"query-input\":{\"@type\":\"PropertyValueSpecification\",\"valueRequired\":true,\"valueName\":\"search_term_string\"}}],\"inLanguage\":\"fr-FR\"},{\"@type\":\"Organization\",\"@id\":\"https:\/\/dev6.erresse-shop.it\/#organization\",\"name\":\"Erresse Shop\",\"url\":\"https:\/\/dev6.erresse-shop.it\/\",\"logo\":{\"@type\":\"ImageObject\",\"inLanguage\":\"fr-FR\",\"@id\":\"https:\/\/dev6.erresse-shop.it\/#\/schema\/logo\/image\/\",\"url\":\"https:\/\/dev6.erresse-shop.it\/wp-content\/uploads\/2025\/01\/LOGO-ERRESSE-CLASSICO.svg\",\"contentUrl\":\"https:\/\/dev6.erresse-shop.it\/wp-content\/uploads\/2025\/01\/LOGO-ERRESSE-CLASSICO.svg\",\"caption\":\"Erresse Shop\"},\"image\":{\"@id\":\"https:\/\/dev6.erresse-shop.it\/#\/schema\/logo\/image\/\"}}]}<\/script>\n<!-- \/ Yoast SEO plugin. -->","yoast_head_json":{"title":"TOM&#8217;S DRAG Armoire 3 Tiroirs Ancona Bleu - dev6 Erresse","description":"Mat\u00e9riau : MDF Commode \u00e0 3 tiroirs Ancona Commode \u00ab Ancona \u00bb. Polyvalent avec 3 tiroirs et une hauteur de 67 cm, parfait pour une utilisation comme table","robots":{"index":"noindex","follow":"follow","max-snippet":"max-snippet:-1","max-image-preview":"max-image-preview:large","max-video-preview":"max-video-preview:-1"},"og_locale":"fr_FR","og_type":"article","og_title":"TOM&#8217;S DRAG Armoire 3 Tiroirs Ancona Bleu - dev6 Erresse","og_description":"Mat\u00e9riau : MDF Commode \u00e0 3 tiroirs Ancona Commode \u00ab Ancona \u00bb. Polyvalent avec 3 tiroirs et une hauteur de 67 cm, parfait pour une utilisation comme table","og_url":"https:\/\/dev6.erresse-shop.it\/fr\/shop\/ameublement-maison\/meubles\/toms-drag-armoire-3-tiroirs-ancona-bleu\/","og_site_name":"dev6 Erresse","og_image":[{"url":"https:\/\/interpim.erresse-shop.it\/Import\/Prodotti\/toms-drag-cassettiera-3-cassetti-ancona-blu.jpg","type":"","width":"","height":""},{"url":"https:\/\/interpim.erresse-shop.it\/Import\/Prodotti\/toms-drag-cassettiera-3-cassetti-ancona-blu.jpg","width":1024,"height":1024,"type":"image\/jpeg"}],"twitter_card":"summary_large_image","twitter_image":"https:\/\/interpim.erresse-shop.it\/Import\/Prodotti\/toms-drag-cassettiera-3-cassetti-ancona-blu.jpg","schema":{"@context":"https:\/\/schema.org","@graph":[{"@type":"WebPage","@id":"https:\/\/dev6.erresse-shop.it\/fr\/shop\/ameublement-maison\/meubles\/toms-drag-armoire-3-tiroirs-ancona-bleu\/","url":"https:\/\/dev6.erresse-shop.it\/fr\/shop\/ameublement-maison\/meubles\/toms-drag-armoire-3-tiroirs-ancona-bleu\/","name":"TOM&#8217;S DRAG Armoire 3 Tiroirs Ancona Bleu - dev6 Erresse","isPartOf":{"@id":"https:\/\/dev6.erresse-shop.it\/#website"},"primaryImageOfPage":{"@id":"https:\/\/dev6.erresse-shop.it\/fr\/shop\/ameublement-maison\/meubles\/toms-drag-armoire-3-tiroirs-ancona-bleu\/#primaryimage"},"image":{"@id":"https:\/\/dev6.erresse-shop.it\/fr\/shop\/ameublement-maison\/meubles\/toms-drag-armoire-3-tiroirs-ancona-bleu\/#primaryimage"},"thumbnailUrl":"https:\/\/i1.wp.com\/interpim.erresse-shop.it\/Import\/Prodotti\/toms-drag-cassettiera-3-cassetti-ancona-blu.jpg?ssl=1","datePublished":"2026-04-12T11:21:02+00:00","description":"Mat\u00e9riau : MDF Commode \u00e0 3 tiroirs Ancona Commode \u00ab Ancona \u00bb. Polyvalent avec 3 tiroirs et une hauteur de 67 cm, parfait pour une utilisation comme table","breadcrumb":{"@id":"https:\/\/dev6.erresse-shop.it\/fr\/shop\/ameublement-maison\/meubles\/toms-drag-armoire-3-tiroirs-ancona-bleu\/#breadcrumb"},"inLanguage":"fr-FR","potentialAction":[{"@type":"ReadAction","target":["https:\/\/dev6.erresse-shop.it\/fr\/shop\/ameublement-maison\/meubles\/toms-drag-armoire-3-tiroirs-ancona-bleu\/"]}]},{"@type":"ImageObject","inLanguage":"fr-FR","@id":"https:\/\/dev6.erresse-shop.it\/fr\/shop\/ameublement-maison\/meubles\/toms-drag-armoire-3-tiroirs-ancona-bleu\/#primaryimage","url":"https:\/\/i1.wp.com\/interpim.erresse-shop.it\/Import\/Prodotti\/toms-drag-cassettiera-3-cassetti-ancona-blu.jpg?ssl=1","contentUrl":"https:\/\/i1.wp.com\/interpim.erresse-shop.it\/Import\/Prodotti\/toms-drag-cassettiera-3-cassetti-ancona-blu.jpg?ssl=1"},{"@type":"BreadcrumbList","@id":"https:\/\/dev6.erresse-shop.it\/fr\/shop\/ameublement-maison\/meubles\/toms-drag-armoire-3-tiroirs-ancona-bleu\/#breadcrumb","itemListElement":[{"@type":"ListItem","position":1,"name":"Home","item":"https:\/\/dev6.erresse-shop.it\/"},{"@type":"ListItem","position":2,"name":"Boutique","item":"https:\/\/dev6.erresse-shop.it\/shop\/"},{"@type":"ListItem","position":3,"name":"TOM&#8217;S DRAG Armoire 3 Tiroirs Ancona Bleu"}]},{"@type":"WebSite","@id":"https:\/\/dev6.erresse-shop.it\/#website","url":"https:\/\/dev6.erresse-shop.it\/","name":"Erresse Shop","description":"","publisher":{"@id":"https:\/\/dev6.erresse-shop.it\/#organization"},"potentialAction":[{"@type":"SearchAction","target":{"@type":"EntryPoint","urlTemplate":"https:\/\/dev6.erresse-shop.it\/?s={search_term_string}"},"query-input":{"@type":"PropertyValueSpecification","valueRequired":true,"valueName":"search_term_string"}}],"inLanguage":"fr-FR"},{"@type":"Organization","@id":"https:\/\/dev6.erresse-shop.it\/#organization","name":"Erresse Shop","url":"https:\/\/dev6.erresse-shop.it\/","logo":{"@type":"ImageObject","inLanguage":"fr-FR","@id":"https:\/\/dev6.erresse-shop.it\/#\/schema\/logo\/image\/","url":"https:\/\/dev6.erresse-shop.it\/wp-content\/uploads\/2025\/01\/LOGO-ERRESSE-CLASSICO.svg","contentUrl":"https:\/\/dev6.erresse-shop.it\/wp-content\/uploads\/2025\/01\/LOGO-ERRESSE-CLASSICO.svg","caption":"Erresse Shop"},"image":{"@id":"https:\/\/dev6.erresse-shop.it\/#\/schema\/logo\/image\/"}}]}},"df_price":875,"df_sale_price":"","df_regular_price":875,"df_image_link":"https:\/\/i1.wp.com\/interpim.erresse-shop.it\/Import\/Prodotti\/toms-drag-cassettiera-3-cassetti-ancona-blu.jpg?resize=300,300&ssl=1","fifu_image_url":"https:\/\/interpim.erresse-shop.it\/Import\/Prodotti\/toms-drag-cassettiera-3-cassetti-ancona-blu.jpg","_links":{"self":[{"href":"https:\/\/dev6.erresse-shop.it\/fr\/wp-json\/wp\/v2\/product\/1609933","targetHints":{"allow":["GET"]}}],"collection":[{"href":"https:\/\/dev6.erresse-shop.it\/fr\/wp-json\/wp\/v2\/product"}],"about":[{"href":"https:\/\/dev6.erresse-shop.it\/fr\/wp-json\/wp\/v2\/types\/product"}],"wp:featuredmedia":[{"embeddable":true,"href":"https:\/\/dev6.erresse-shop.it\/fr\/wp-json\/wp\/v2\/media\/6376860"}],"wp:attachment":[{"href":"https:\/\/dev6.erresse-shop.it\/fr\/wp-json\/wp\/v2\/media?parent=1609933"}],"wp:term":[{"taxonomy":"product_cat","embeddable":true,"href":"https:\/\/dev6.erresse-shop.it\/fr\/wp-json\/wp\/v2\/product_cat?post=1609933"},{"taxonomy":"product_tag","embeddable":true,"href":"https:\/\/dev6.erresse-shop.it\/fr\/wp-json\/wp\/v2\/product_tag?post=1609933"}],"curies":[{"name":"wp","href":"https:\/\/api.w.org\/{rel}","templated":true}]}}