{"id":1609925,"date":"2026-04-12T13:21:02","date_gmt":"2026-04-12T11:21:02","guid":{"rendered":"https:\/\/dev6.erresse-shop.it\/shop\/non%20class\u00e9\/mullex-poubelle-x60-l7-basic\/"},"modified":"2025-09-14T06:41:26","modified_gmt":"2025-09-14T04:41:26","slug":"mullex-poubelle-x60-l7-basic","status":"publish","type":"product","link":"https:\/\/dev6.erresse-shop.it\/fr\/shop\/ameublement-maison\/poubelles\/mullex-poubelle-x60-l7-basic\/","title":{"rendered":"MULLEX Poubelle X60 L7 Basic"},"content":{"rendered":"<p>Cette version du syst\u00e8me X-LINE pour meubles de 60 cm de large se distingue par son conteneur suppl\u00e9mentaire extra-large, particuli\u00e8rement adapt\u00e9 aux volumes plus importants de d\u00e9chets organiques et de mat\u00e9riaux de recyclage, ou si plus d\u2019espace est n\u00e9cessaire pour stocker les outils de nettoyage.<\/p>\n<p>L\u2019\u00e9l\u00e9ment central de l\u2019ensemble est le conteneur principal de 40 litres pour les d\u00e9chets m\u00e9nagers normaux. Le syst\u00e8me est compl\u00e9t\u00e9 par un tiroir Basic coulissant qui offre une surface d\u2019appui suppl\u00e9mentaire et un espace suppl\u00e9mentaire pour le stockage des produits.<\/p>\n<p>Le produit contient :<\/p>\n<p>Tiroir 60 Basic<br \/>\nConteneur de collecte des d\u00e9chets X60 L7<br \/>\nS\u00e9parateur X<\/p>\n<p>S\u00e9parateur X\u00a0: peut \u00eatre utilis\u00e9 pour diviser le conteneur principal afin que deux sacs \u00e0 d\u00e9chets de 17 litres puissent \u00eatre verrouill\u00e9s ensemble.<\/p>\n<p>Dimensions : 36,8 x 56,8 x H. 44 cm<\/p>\n<p>Profondeur r\u00e9glable : Gr\u00e2ce au syst\u00e8me de cr\u00e9maill\u00e8re r\u00e9glable, il s\u2019adapte \u00e0 tous les tiroirs d\u2019une profondeur comprise entre 40 et 50 cm<\/p>\n","protected":false},"excerpt":{"rendered":"<p>Cette version du syst\u00e8me X-LINE pour meubles de 60 cm de large se distingue par son conteneur suppl\u00e9mentaire extra-large, particuli\u00e8rement adapt\u00e9 aux volumes plus importants de d\u00e9chets organiques et de mat\u00e9riaux de recyclage, ou si plus d\u2019espace est n\u00e9cessaire pour stocker les outils de nettoyage. L\u2019\u00e9l\u00e9ment central de l\u2019ensemble est le conteneur principal de 40 [&hellip;]<\/p>\n","protected":false},"featured_media":6376830,"template":"","meta":{"_acf_changed":false},"product_cat":[11990,12029],"product_tag":[],"class_list":{"0":"post-1609925","1":"product","2":"type-product","3":"status-publish","4":"has-post-thumbnail","6":"product_cat-ameublement-maison","7":"product_cat-poubelles","9":"first","10":"instock","11":"sale","12":"taxable","13":"shipping-taxable","14":"purchasable","15":"product-type-simple","swatches":"rey-swatches","show_selected":"","stretch_labels":"rey-swatches--stretch-labels"},"acf":[],"yoast_head":"<!-- This site is optimized with the Yoast SEO plugin v25.4 - https:\/\/yoast.com\/wordpress\/plugins\/seo\/ -->\n<title>MULLEX Poubelle X60 L7 Basic - dev6 Erresse<\/title>\n<meta name=\"description\" content=\"Cette version du syst\u00e8me X-LINE pour meubles de 60 cm de large se distingue par son conteneur suppl\u00e9mentaire extra-large, particuli\u00e8rement adapt\u00e9 aux\" \/>\n<meta name=\"robots\" content=\"noindex, follow, max-snippet:-1, max-image-preview:large, max-video-preview:-1\" \/>\n<meta property=\"og:locale\" content=\"fr_FR\" \/>\n<meta property=\"og:type\" content=\"article\" \/>\n<meta property=\"og:title\" content=\"MULLEX Poubelle X60 L7 Basic - dev6 Erresse\" \/>\n<meta property=\"og:description\" content=\"Cette version du syst\u00e8me X-LINE pour meubles de 60 cm de large se distingue par son conteneur suppl\u00e9mentaire extra-large, particuli\u00e8rement adapt\u00e9 aux\" \/>\n<meta property=\"og:url\" content=\"https:\/\/dev6.erresse-shop.it\/fr\/shop\/ameublement-maison\/poubelles\/mullex-poubelle-x60-l7-basic\/\" \/>\n<meta property=\"og:site_name\" content=\"dev6 Erresse\" \/>\n<meta property=\"og:image\" content=\"https:\/\/interpim.erresse-shop.it\/Import\/Prodotti\/mullex-pattumiera-x60-l7-basic.jpg\" \/><meta property=\"og:image\" content=\"https:\/\/interpim.erresse-shop.it\/Import\/Prodotti\/mullex-pattumiera-x60-l7-basic.jpg\" \/>\n\t<meta property=\"og:image:width\" content=\"1024\" \/>\n\t<meta property=\"og:image:height\" content=\"1024\" \/>\n\t<meta property=\"og:image:type\" content=\"image\/jpeg\" \/>\n<meta name=\"twitter:card\" content=\"summary_large_image\" \/>\n<meta name=\"twitter:image\" content=\"https:\/\/interpim.erresse-shop.it\/Import\/Prodotti\/mullex-pattumiera-x60-l7-basic.jpg\" \/>\n<script type=\"application\/ld+json\" class=\"yoast-schema-graph\">{\"@context\":\"https:\/\/schema.org\",\"@graph\":[{\"@type\":\"WebPage\",\"@id\":\"https:\/\/dev6.erresse-shop.it\/fr\/shop\/ameublement-maison\/poubelles\/mullex-poubelle-x60-l7-basic\/\",\"url\":\"https:\/\/dev6.erresse-shop.it\/fr\/shop\/ameublement-maison\/poubelles\/mullex-poubelle-x60-l7-basic\/\",\"name\":\"MULLEX Poubelle X60 L7 Basic - dev6 Erresse\",\"isPartOf\":{\"@id\":\"https:\/\/dev6.erresse-shop.it\/#website\"},\"primaryImageOfPage\":{\"@id\":\"https:\/\/dev6.erresse-shop.it\/fr\/shop\/ameublement-maison\/poubelles\/mullex-poubelle-x60-l7-basic\/#primaryimage\"},\"image\":{\"@id\":\"https:\/\/dev6.erresse-shop.it\/fr\/shop\/ameublement-maison\/poubelles\/mullex-poubelle-x60-l7-basic\/#primaryimage\"},\"thumbnailUrl\":\"https:\/\/i2.wp.com\/interpim.erresse-shop.it\/Import\/Prodotti\/mullex-pattumiera-x60-l7-basic.jpg?ssl=1\",\"datePublished\":\"2026-04-12T11:21:02+00:00\",\"description\":\"Cette version du syst\u00e8me X-LINE pour meubles de 60 cm de large se distingue par son conteneur suppl\u00e9mentaire extra-large, particuli\u00e8rement adapt\u00e9 aux\",\"breadcrumb\":{\"@id\":\"https:\/\/dev6.erresse-shop.it\/fr\/shop\/ameublement-maison\/poubelles\/mullex-poubelle-x60-l7-basic\/#breadcrumb\"},\"inLanguage\":\"fr-FR\",\"potentialAction\":[{\"@type\":\"ReadAction\",\"target\":[\"https:\/\/dev6.erresse-shop.it\/fr\/shop\/ameublement-maison\/poubelles\/mullex-poubelle-x60-l7-basic\/\"]}]},{\"@type\":\"ImageObject\",\"inLanguage\":\"fr-FR\",\"@id\":\"https:\/\/dev6.erresse-shop.it\/fr\/shop\/ameublement-maison\/poubelles\/mullex-poubelle-x60-l7-basic\/#primaryimage\",\"url\":\"https:\/\/i2.wp.com\/interpim.erresse-shop.it\/Import\/Prodotti\/mullex-pattumiera-x60-l7-basic.jpg?ssl=1\",\"contentUrl\":\"https:\/\/i2.wp.com\/interpim.erresse-shop.it\/Import\/Prodotti\/mullex-pattumiera-x60-l7-basic.jpg?ssl=1\"},{\"@type\":\"BreadcrumbList\",\"@id\":\"https:\/\/dev6.erresse-shop.it\/fr\/shop\/ameublement-maison\/poubelles\/mullex-poubelle-x60-l7-basic\/#breadcrumb\",\"itemListElement\":[{\"@type\":\"ListItem\",\"position\":1,\"name\":\"Home\",\"item\":\"https:\/\/dev6.erresse-shop.it\/\"},{\"@type\":\"ListItem\",\"position\":2,\"name\":\"Boutique\",\"item\":\"https:\/\/dev6.erresse-shop.it\/shop\/\"},{\"@type\":\"ListItem\",\"position\":3,\"name\":\"MULLEX Poubelle X60 L7 Basic\"}]},{\"@type\":\"WebSite\",\"@id\":\"https:\/\/dev6.erresse-shop.it\/#website\",\"url\":\"https:\/\/dev6.erresse-shop.it\/\",\"name\":\"Erresse Shop\",\"description\":\"\",\"publisher\":{\"@id\":\"https:\/\/dev6.erresse-shop.it\/#organization\"},\"potentialAction\":[{\"@type\":\"SearchAction\",\"target\":{\"@type\":\"EntryPoint\",\"urlTemplate\":\"https:\/\/dev6.erresse-shop.it\/?s={search_term_string}\"},\"query-input\":{\"@type\":\"PropertyValueSpecification\",\"valueRequired\":true,\"valueName\":\"search_term_string\"}}],\"inLanguage\":\"fr-FR\"},{\"@type\":\"Organization\",\"@id\":\"https:\/\/dev6.erresse-shop.it\/#organization\",\"name\":\"Erresse Shop\",\"url\":\"https:\/\/dev6.erresse-shop.it\/\",\"logo\":{\"@type\":\"ImageObject\",\"inLanguage\":\"fr-FR\",\"@id\":\"https:\/\/dev6.erresse-shop.it\/#\/schema\/logo\/image\/\",\"url\":\"https:\/\/dev6.erresse-shop.it\/wp-content\/uploads\/2025\/01\/LOGO-ERRESSE-CLASSICO.svg\",\"contentUrl\":\"https:\/\/dev6.erresse-shop.it\/wp-content\/uploads\/2025\/01\/LOGO-ERRESSE-CLASSICO.svg\",\"caption\":\"Erresse Shop\"},\"image\":{\"@id\":\"https:\/\/dev6.erresse-shop.it\/#\/schema\/logo\/image\/\"}}]}<\/script>\n<!-- \/ Yoast SEO plugin. -->","yoast_head_json":{"title":"MULLEX Poubelle X60 L7 Basic - dev6 Erresse","description":"Cette version du syst\u00e8me X-LINE pour meubles de 60 cm de large se distingue par son conteneur suppl\u00e9mentaire extra-large, particuli\u00e8rement adapt\u00e9 aux","robots":{"index":"noindex","follow":"follow","max-snippet":"max-snippet:-1","max-image-preview":"max-image-preview:large","max-video-preview":"max-video-preview:-1"},"og_locale":"fr_FR","og_type":"article","og_title":"MULLEX Poubelle X60 L7 Basic - dev6 Erresse","og_description":"Cette version du syst\u00e8me X-LINE pour meubles de 60 cm de large se distingue par son conteneur suppl\u00e9mentaire extra-large, particuli\u00e8rement adapt\u00e9 aux","og_url":"https:\/\/dev6.erresse-shop.it\/fr\/shop\/ameublement-maison\/poubelles\/mullex-poubelle-x60-l7-basic\/","og_site_name":"dev6 Erresse","og_image":[{"url":"https:\/\/interpim.erresse-shop.it\/Import\/Prodotti\/mullex-pattumiera-x60-l7-basic.jpg","type":"","width":"","height":""},{"url":"https:\/\/interpim.erresse-shop.it\/Import\/Prodotti\/mullex-pattumiera-x60-l7-basic.jpg","width":1024,"height":1024,"type":"image\/jpeg"}],"twitter_card":"summary_large_image","twitter_image":"https:\/\/interpim.erresse-shop.it\/Import\/Prodotti\/mullex-pattumiera-x60-l7-basic.jpg","schema":{"@context":"https:\/\/schema.org","@graph":[{"@type":"WebPage","@id":"https:\/\/dev6.erresse-shop.it\/fr\/shop\/ameublement-maison\/poubelles\/mullex-poubelle-x60-l7-basic\/","url":"https:\/\/dev6.erresse-shop.it\/fr\/shop\/ameublement-maison\/poubelles\/mullex-poubelle-x60-l7-basic\/","name":"MULLEX Poubelle X60 L7 Basic - dev6 Erresse","isPartOf":{"@id":"https:\/\/dev6.erresse-shop.it\/#website"},"primaryImageOfPage":{"@id":"https:\/\/dev6.erresse-shop.it\/fr\/shop\/ameublement-maison\/poubelles\/mullex-poubelle-x60-l7-basic\/#primaryimage"},"image":{"@id":"https:\/\/dev6.erresse-shop.it\/fr\/shop\/ameublement-maison\/poubelles\/mullex-poubelle-x60-l7-basic\/#primaryimage"},"thumbnailUrl":"https:\/\/i2.wp.com\/interpim.erresse-shop.it\/Import\/Prodotti\/mullex-pattumiera-x60-l7-basic.jpg?ssl=1","datePublished":"2026-04-12T11:21:02+00:00","description":"Cette version du syst\u00e8me X-LINE pour meubles de 60 cm de large se distingue par son conteneur suppl\u00e9mentaire extra-large, particuli\u00e8rement adapt\u00e9 aux","breadcrumb":{"@id":"https:\/\/dev6.erresse-shop.it\/fr\/shop\/ameublement-maison\/poubelles\/mullex-poubelle-x60-l7-basic\/#breadcrumb"},"inLanguage":"fr-FR","potentialAction":[{"@type":"ReadAction","target":["https:\/\/dev6.erresse-shop.it\/fr\/shop\/ameublement-maison\/poubelles\/mullex-poubelle-x60-l7-basic\/"]}]},{"@type":"ImageObject","inLanguage":"fr-FR","@id":"https:\/\/dev6.erresse-shop.it\/fr\/shop\/ameublement-maison\/poubelles\/mullex-poubelle-x60-l7-basic\/#primaryimage","url":"https:\/\/i2.wp.com\/interpim.erresse-shop.it\/Import\/Prodotti\/mullex-pattumiera-x60-l7-basic.jpg?ssl=1","contentUrl":"https:\/\/i2.wp.com\/interpim.erresse-shop.it\/Import\/Prodotti\/mullex-pattumiera-x60-l7-basic.jpg?ssl=1"},{"@type":"BreadcrumbList","@id":"https:\/\/dev6.erresse-shop.it\/fr\/shop\/ameublement-maison\/poubelles\/mullex-poubelle-x60-l7-basic\/#breadcrumb","itemListElement":[{"@type":"ListItem","position":1,"name":"Home","item":"https:\/\/dev6.erresse-shop.it\/"},{"@type":"ListItem","position":2,"name":"Boutique","item":"https:\/\/dev6.erresse-shop.it\/shop\/"},{"@type":"ListItem","position":3,"name":"MULLEX Poubelle X60 L7 Basic"}]},{"@type":"WebSite","@id":"https:\/\/dev6.erresse-shop.it\/#website","url":"https:\/\/dev6.erresse-shop.it\/","name":"Erresse Shop","description":"","publisher":{"@id":"https:\/\/dev6.erresse-shop.it\/#organization"},"potentialAction":[{"@type":"SearchAction","target":{"@type":"EntryPoint","urlTemplate":"https:\/\/dev6.erresse-shop.it\/?s={search_term_string}"},"query-input":{"@type":"PropertyValueSpecification","valueRequired":true,"valueName":"search_term_string"}}],"inLanguage":"fr-FR"},{"@type":"Organization","@id":"https:\/\/dev6.erresse-shop.it\/#organization","name":"Erresse Shop","url":"https:\/\/dev6.erresse-shop.it\/","logo":{"@type":"ImageObject","inLanguage":"fr-FR","@id":"https:\/\/dev6.erresse-shop.it\/#\/schema\/logo\/image\/","url":"https:\/\/dev6.erresse-shop.it\/wp-content\/uploads\/2025\/01\/LOGO-ERRESSE-CLASSICO.svg","contentUrl":"https:\/\/dev6.erresse-shop.it\/wp-content\/uploads\/2025\/01\/LOGO-ERRESSE-CLASSICO.svg","caption":"Erresse Shop"},"image":{"@id":"https:\/\/dev6.erresse-shop.it\/#\/schema\/logo\/image\/"}}]}},"df_price":259,"df_sale_price":259,"df_regular_price":289,"df_image_link":"https:\/\/i2.wp.com\/interpim.erresse-shop.it\/Import\/Prodotti\/mullex-pattumiera-x60-l7-basic.jpg?resize=300,300&ssl=1","fifu_image_url":"https:\/\/interpim.erresse-shop.it\/Import\/Prodotti\/mullex-pattumiera-x60-l7-basic.jpg","_links":{"self":[{"href":"https:\/\/dev6.erresse-shop.it\/fr\/wp-json\/wp\/v2\/product\/1609925","targetHints":{"allow":["GET"]}}],"collection":[{"href":"https:\/\/dev6.erresse-shop.it\/fr\/wp-json\/wp\/v2\/product"}],"about":[{"href":"https:\/\/dev6.erresse-shop.it\/fr\/wp-json\/wp\/v2\/types\/product"}],"wp:featuredmedia":[{"embeddable":true,"href":"https:\/\/dev6.erresse-shop.it\/fr\/wp-json\/wp\/v2\/media\/6376830"}],"wp:attachment":[{"href":"https:\/\/dev6.erresse-shop.it\/fr\/wp-json\/wp\/v2\/media?parent=1609925"}],"wp:term":[{"taxonomy":"product_cat","embeddable":true,"href":"https:\/\/dev6.erresse-shop.it\/fr\/wp-json\/wp\/v2\/product_cat?post=1609925"},{"taxonomy":"product_tag","embeddable":true,"href":"https:\/\/dev6.erresse-shop.it\/fr\/wp-json\/wp\/v2\/product_tag?post=1609925"}],"curies":[{"name":"wp","href":"https:\/\/api.w.org\/{rel}","templated":true}]}}